{"id":25123,"date":"2021-09-02T17:50:28","date_gmt":"2021-09-02T15:50:28","guid":{"rendered":"https:\/\/svetslik.si\/Bez%20kategorije\/fatata-te-miti-by-the-sea\/"},"modified":"2024-07-04T15:57:54","modified_gmt":"2024-07-04T13:57:54","slug":"fatata-te-miti-by-the-sea","status":"publish","type":"product","link":"https:\/\/svetslik.si\/hr\/paul-gauguin\/fatata-te-miti-by-the-sea\/","title":{"rendered":"Paul Gauguin &#8211; Fatata te Miti (By the Sea)"},"content":{"rendered":"<h1>Paul Gauguin &#8211; Fatata te Miti (pokraj mora)<\/h1>\n<p>\n&nbsp;<\/p>\n<table border=\"0\" style=\"width: 619px\" width=\"619\">\n<tbody>\n<tr>\n<td height=\"21\" style=\"width: 180px;height: 21px\">Godina nastanka:<\/td>\n<td style=\"width: 439px\">1892.<\/td>\n<\/tr>\n<tr>\n<td height=\"21\" style=\"width: 180px;height: 21px\">Originalna veli\u010dina:<\/td>\n<td style=\"width: 439px\">91,5 cm x 67 . 9 cm<\/td>\n<\/tr>\n<tr>\n<td height=\"21\" style=\"width: 180px;height: 21px\">Stil slikanja:<\/td>\n<td style=\"width : 439px\">Simbolika<\/td>\n<\/tr>\n<tr>\n<td height=\"21\" style=\"width: 180px;height: 21px\">Originalna tehnika:<\/td>\n<td>Ulje na platnu<\/td>\n<\/tr>\n<tr>\n<td height=\"21\" style=\"width: 180px;height: 21px\">Lokacija:<\/td>\n<td style=\"width: 439px\">Privatna zbirka Chestera Dalea<\/td>\n<\/tr>\n<\/tbody>\n<colgroup>\n<col \/>\n<col \/><\/colgroup>\n<\/table>\n<div>&#038;nbsp ;<\/div>\n<div>Ulje na platnu <em>Fatata te Miti<\/em> naslikao je Gauguin tijekom svog prvog posjeta Tahitiju. Slikar je na slici vrlo neposredno do\u010darao \u017eivot na otoku. Jedna od dvije \u017eenske figure na slici skida haljinu kako bi se pridru\u017eila prijateljici koja je prikazana kako ulazi u more. U blizini mu\u0161ka figura kopljem lovi ribu. Intenzivne tropske boje &#8211; jaka naran\u010dasta i hladne plave nijanse &#8211; do\u010daravaju senzualnost. Ovo je jednostavan i netaknut raj koji je Gauguin o\u010dekivao, ali nije prona\u0161ao u Ju\u017enim morima.<\/div>\n<div>&nbsp;<\/div>\n","protected":false},"excerpt":{"rendered":"<p>Paul Gauguin &#8211; Fatata te Miti (pokraj mora) &nbsp; Godina nastanka: 1892. Originalna veli\u010dina: 91,5 cm x 67 . 9 cm Stil slikanja: Simbolika Originalna tehnika: Ulje na platnu Lokacija: Privatna zbirka Chestera Dalea &#038;nbsp ; Ulje na platnu Fatata te Miti naslikao je Gauguin tijekom svog prvog posjeta Tahitiju. [&hellip;]<\/p>\n","protected":false},"featured_media":20271,"template":"","meta":{"_acf_changed":false},"product_brand":[],"product_cat":[3378],"product_tag":[4103,4069,4070,4071],"class_list":{"0":"post-25123","1":"product","2":"type-product","3":"status-publish","4":"has-post-thumbnail","6":"product_cat-paul-gauguin","7":"product_tag-gaugin-hr","8":"product_tag-reprodukcija-hr","9":"product_tag-reprodukcije-hr","10":"product_tag-slikar-hr","11":"pa_dimenzija-100-x-75-cm-hr","12":"pa_dimenzija-120-x-90-cm-hr","13":"pa_dimenzija-150-x-110-cm-hr","14":"pa_dimenzija-180-x-140-cm-hr","15":"pa_dimenzija-60-x-45-cm-hr","16":"pa_dimenzija-70-x-50-cm-hr","17":"pa_dimenzija-80-x-60-cm-hr","18":"pa_dimenzija-92-x-68-cm-hr","19":"pa_oblika-horizontalno","20":"pa_okvir-bez-okvira","21":"pa_podokvir-bez-podokvira","22":"pa_podokvir-sa-podokvirom","24":"first","25":"onbackorder","26":"purchasable","27":"product-type-variable","28":"has-default-attributes"},"acf":[],"yoast_head":"<!-- This site is optimized with the Yoast SEO Premium plugin v26.0 (Yoast SEO v27.2) - https:\/\/yoast.com\/product\/yoast-seo-premium-wordpress\/ -->\n<title>Paul Gauguin - Fatata te Miti (By the Sea) - SVETSLIK.SI - 100% ru\u010dno naslikano<\/title>\n<meta name=\"description\" content=\"Paul Gauguin - Fatata te Miti (By the Sea) - 100% ru\u010dno naslikane reprodukcije slika na platnu. Okvirivanje slika, prodaja i izrada slika u dimenzijama po narud\u017ebi.\" \/>\n<meta name=\"robots\" content=\"index, follow, max-snippet:-1, max-image-preview:large, max-video-preview:-1\" \/>\n<link rel=\"canonical\" href=\"https:\/\/svetslik.si\/hr\/paul-gauguin\/fatata-te-miti-by-the-sea\/\" \/>\n<meta property=\"og:locale\" content=\"hr_HR\" \/>\n<meta property=\"og:type\" content=\"article\" \/>\n<meta property=\"og:title\" content=\"Paul Gauguin - Fatata te Miti (By the Sea)\" \/>\n<meta property=\"og:description\" content=\"100% ro\u010dno naslikane slike na platnu, reprodukcije znanih slikarjev in umetni\u0161ke slike po naro\u010dilu.\" \/>\n<meta property=\"og:url\" content=\"https:\/\/svetslik.si\/hr\/paul-gauguin\/fatata-te-miti-by-the-sea\/\" \/>\n<meta property=\"og:site_name\" content=\"SVETSLIK.SI\" \/>\n<meta property=\"article:publisher\" content=\"https:\/\/www.facebook.com\/svetslik.si\" \/>\n<meta property=\"article:modified_time\" content=\"2024-07-04T13:57:54+00:00\" \/>\n<meta property=\"og:image\" content=\"https:\/\/svetslik.si\/wp-content\/uploads\/2021\/08\/image_Fatata-te-Miti-By-the-Sea-Paul-Gauguin_680.jpg\" \/>\n\t<meta property=\"og:image:width\" content=\"1500\" \/>\n\t<meta property=\"og:image:height\" content=\"1138\" \/>\n\t<meta property=\"og:image:type\" content=\"image\/jpeg\" \/>\n<meta name=\"twitter:card\" content=\"summary_large_image\" \/>\n<meta name=\"twitter:site\" content=\"@svetslik\" \/>\n<meta name=\"twitter:label1\" content=\"Availability\" \/>\n\t<meta name=\"twitter:data1\" content=\"On backorder\" \/>\n<script type=\"application\/ld+json\" class=\"yoast-schema-graph\">{\"@context\":\"https:\/\/schema.org\",\"@graph\":[{\"@type\":[\"WebPage\",\"ItemPage\"],\"@id\":\"https:\/\/svetslik.si\/hr\/paul-gauguin\/fatata-te-miti-by-the-sea\/\",\"url\":\"https:\/\/svetslik.si\/hr\/paul-gauguin\/fatata-te-miti-by-the-sea\/\",\"name\":\"Paul Gauguin - Fatata te Miti (By the Sea) - SVETSLIK.SI - 100% ru\u010dno naslikano\",\"isPartOf\":{\"@id\":\"https:\/\/svetslik.si\/hr\/#website\"},\"primaryImageOfPage\":{\"@id\":\"https:\/\/svetslik.si\/hr\/paul-gauguin\/fatata-te-miti-by-the-sea\/#primaryimage\"},\"image\":{\"@id\":\"https:\/\/svetslik.si\/hr\/paul-gauguin\/fatata-te-miti-by-the-sea\/#primaryimage\"},\"thumbnailUrl\":\"https:\/\/svetslik.si\/wp-content\/uploads\/2021\/08\/image_Fatata-te-Miti-By-the-Sea-Paul-Gauguin_680.jpg\",\"datePublished\":\"2021-09-02T15:50:28+00:00\",\"dateModified\":\"2024-07-04T13:57:54+00:00\",\"description\":\"Paul Gauguin - Fatata te Miti (By the Sea) - 100% ru\u010dno naslikane reprodukcije slika na platnu. Okvirivanje slika, prodaja i izrada slika u dimenzijama po narud\u017ebi.\",\"breadcrumb\":{\"@id\":\"https:\/\/svetslik.si\/hr\/paul-gauguin\/fatata-te-miti-by-the-sea\/#breadcrumb\"},\"inLanguage\":\"hr\",\"potentialAction\":[{\"@type\":\"ReadAction\",\"target\":[\"https:\/\/svetslik.si\/hr\/paul-gauguin\/fatata-te-miti-by-the-sea\/\"]}]},{\"@type\":\"ImageObject\",\"inLanguage\":\"hr\",\"@id\":\"https:\/\/svetslik.si\/hr\/paul-gauguin\/fatata-te-miti-by-the-sea\/#primaryimage\",\"url\":\"https:\/\/svetslik.si\/wp-content\/uploads\/2021\/08\/image_Fatata-te-Miti-By-the-Sea-Paul-Gauguin_680.jpg\",\"contentUrl\":\"https:\/\/svetslik.si\/wp-content\/uploads\/2021\/08\/image_Fatata-te-Miti-By-the-Sea-Paul-Gauguin_680.jpg\",\"width\":1500,\"height\":1138,\"caption\":\"Reprodukcije slika - Paul Gauguin - Fatata te Miti (Pored mora) - Ru\u010dno slikane slike za zid, ulje na platnu, uljne slike, moderne slike za zid, umjetni\u010dke slike za zid, ambijentalne, apstraktne, dekorativne slike za zid\"},{\"@type\":\"BreadcrumbList\",\"@id\":\"https:\/\/svetslik.si\/hr\/paul-gauguin\/fatata-te-miti-by-the-sea\/#breadcrumb\",\"itemListElement\":[{\"@type\":\"ListItem\",\"position\":1,\"name\":\"Umjetni\u010dke zidne slike na platnu\",\"item\":\"https:\/\/svetslik.si\/hr\/\"},{\"@type\":\"ListItem\",\"position\":2,\"name\":\"Prodaja slika\",\"item\":\"https:\/\/svetslik.si\/prodaja-slik\/\"},{\"@type\":\"ListItem\",\"position\":3,\"name\":\"Paul Gauguin &#8211; Fatata te Miti (By the Sea)\"}]},{\"@type\":\"WebSite\",\"@id\":\"https:\/\/svetslik.si\/hr\/#website\",\"url\":\"https:\/\/svetslik.si\/hr\/\",\"name\":\"SVETSLIK.SI\",\"description\":\"100% ru\u010dno naslikane reprodukcije slika poznatih slikara in umjetni\u010dke zidne slike na platnu.\",\"publisher\":{\"@id\":\"https:\/\/svetslik.si\/hr\/#organization\"},\"potentialAction\":[{\"@type\":\"SearchAction\",\"target\":{\"@type\":\"EntryPoint\",\"urlTemplate\":\"https:\/\/svetslik.si\/hr\/?s={search_term_string}\"},\"query-input\":{\"@type\":\"PropertyValueSpecification\",\"valueRequired\":true,\"valueName\":\"search_term_string\"}}],\"inLanguage\":\"hr\"},{\"@type\":\"Organization\",\"@id\":\"https:\/\/svetslik.si\/hr\/#organization\",\"name\":\"SvetSlik.si\",\"url\":\"https:\/\/svetslik.si\/hr\/\",\"logo\":{\"@type\":\"ImageObject\",\"inLanguage\":\"hr\",\"@id\":\"https:\/\/svetslik.si\/hr\/#\/schema\/logo\/image\/\",\"url\":\"https:\/\/svetslik.si\/wp-content\/uploads\/2020\/12\/logo-512.png\",\"contentUrl\":\"https:\/\/svetslik.si\/wp-content\/uploads\/2020\/12\/logo-512.png\",\"width\":512,\"height\":512,\"caption\":\"SvetSlik.si\"},\"image\":{\"@id\":\"https:\/\/svetslik.si\/hr\/#\/schema\/logo\/image\/\"},\"sameAs\":[\"https:\/\/www.facebook.com\/svetslik.si\",\"https:\/\/x.com\/svetslik\",\"https:\/\/www.instagram.com\/svetslik.si\/\",\"https:\/\/www.linkedin.com\/company\/svetslik-si\"]}]}<\/script>\n<meta property=\"og:availability\" content=\"backorder\" \/>\n<meta property=\"product:availability\" content=\"available for order\" \/>\n<meta property=\"product:retailer_item_id\" content=\"221__\" \/>\n<meta property=\"product:condition\" content=\"new\" \/>\n<!-- \/ Yoast SEO Premium plugin. -->","yoast_head_json":{"title":"Paul Gauguin - Fatata te Miti (By the Sea) - SVETSLIK.SI - 100% ru\u010dno naslikano","description":"Paul Gauguin - Fatata te Miti (By the Sea) - 100% ru\u010dno naslikane reprodukcije slika na platnu. Okvirivanje slika, prodaja i izrada slika u dimenzijama po narud\u017ebi.","robots":{"index":"index","follow":"follow","max-snippet":"max-snippet:-1","max-image-preview":"max-image-preview:large","max-video-preview":"max-video-preview:-1"},"canonical":"https:\/\/svetslik.si\/hr\/paul-gauguin\/fatata-te-miti-by-the-sea\/","og_locale":"hr_HR","og_type":"article","og_title":"Paul Gauguin - Fatata te Miti (By the Sea)","og_description":"100% ro\u010dno naslikane slike na platnu, reprodukcije znanih slikarjev in umetni\u0161ke slike po naro\u010dilu.","og_url":"https:\/\/svetslik.si\/hr\/paul-gauguin\/fatata-te-miti-by-the-sea\/","og_site_name":"SVETSLIK.SI","article_publisher":"https:\/\/www.facebook.com\/svetslik.si","article_modified_time":"2024-07-04T13:57:54+00:00","og_image":[{"width":1500,"height":1138,"url":"https:\/\/svetslik.si\/wp-content\/uploads\/2021\/08\/image_Fatata-te-Miti-By-the-Sea-Paul-Gauguin_680.jpg","type":"image\/jpeg"}],"twitter_card":"summary_large_image","twitter_site":"@svetslik","twitter_misc":{"Availability":"On backorder"},"schema":{"@context":"https:\/\/schema.org","@graph":[{"@type":["WebPage","ItemPage"],"@id":"https:\/\/svetslik.si\/hr\/paul-gauguin\/fatata-te-miti-by-the-sea\/","url":"https:\/\/svetslik.si\/hr\/paul-gauguin\/fatata-te-miti-by-the-sea\/","name":"Paul Gauguin - Fatata te Miti (By the Sea) - SVETSLIK.SI - 100% ru\u010dno naslikano","isPartOf":{"@id":"https:\/\/svetslik.si\/hr\/#website"},"primaryImageOfPage":{"@id":"https:\/\/svetslik.si\/hr\/paul-gauguin\/fatata-te-miti-by-the-sea\/#primaryimage"},"image":{"@id":"https:\/\/svetslik.si\/hr\/paul-gauguin\/fatata-te-miti-by-the-sea\/#primaryimage"},"thumbnailUrl":"https:\/\/svetslik.si\/wp-content\/uploads\/2021\/08\/image_Fatata-te-Miti-By-the-Sea-Paul-Gauguin_680.jpg","datePublished":"2021-09-02T15:50:28+00:00","dateModified":"2024-07-04T13:57:54+00:00","description":"Paul Gauguin - Fatata te Miti (By the Sea) - 100% ru\u010dno naslikane reprodukcije slika na platnu. Okvirivanje slika, prodaja i izrada slika u dimenzijama po narud\u017ebi.","breadcrumb":{"@id":"https:\/\/svetslik.si\/hr\/paul-gauguin\/fatata-te-miti-by-the-sea\/#breadcrumb"},"inLanguage":"hr","potentialAction":[{"@type":"ReadAction","target":["https:\/\/svetslik.si\/hr\/paul-gauguin\/fatata-te-miti-by-the-sea\/"]}]},{"@type":"ImageObject","inLanguage":"hr","@id":"https:\/\/svetslik.si\/hr\/paul-gauguin\/fatata-te-miti-by-the-sea\/#primaryimage","url":"https:\/\/svetslik.si\/wp-content\/uploads\/2021\/08\/image_Fatata-te-Miti-By-the-Sea-Paul-Gauguin_680.jpg","contentUrl":"https:\/\/svetslik.si\/wp-content\/uploads\/2021\/08\/image_Fatata-te-Miti-By-the-Sea-Paul-Gauguin_680.jpg","width":1500,"height":1138,"caption":"Reprodukcije slika - Paul Gauguin - Fatata te Miti (Pored mora) - Ru\u010dno slikane slike za zid, ulje na platnu, uljne slike, moderne slike za zid, umjetni\u010dke slike za zid, ambijentalne, apstraktne, dekorativne slike za zid"},{"@type":"BreadcrumbList","@id":"https:\/\/svetslik.si\/hr\/paul-gauguin\/fatata-te-miti-by-the-sea\/#breadcrumb","itemListElement":[{"@type":"ListItem","position":1,"name":"Umjetni\u010dke zidne slike na platnu","item":"https:\/\/svetslik.si\/hr\/"},{"@type":"ListItem","position":2,"name":"Prodaja slika","item":"https:\/\/svetslik.si\/prodaja-slik\/"},{"@type":"ListItem","position":3,"name":"Paul Gauguin &#8211; Fatata te Miti (By the Sea)"}]},{"@type":"WebSite","@id":"https:\/\/svetslik.si\/hr\/#website","url":"https:\/\/svetslik.si\/hr\/","name":"SVETSLIK.SI","description":"100% ru\u010dno naslikane reprodukcije slika poznatih slikara in umjetni\u010dke zidne slike na platnu.","publisher":{"@id":"https:\/\/svetslik.si\/hr\/#organization"},"potentialAction":[{"@type":"SearchAction","target":{"@type":"EntryPoint","urlTemplate":"https:\/\/svetslik.si\/hr\/?s={search_term_string}"},"query-input":{"@type":"PropertyValueSpecification","valueRequired":true,"valueName":"search_term_string"}}],"inLanguage":"hr"},{"@type":"Organization","@id":"https:\/\/svetslik.si\/hr\/#organization","name":"SvetSlik.si","url":"https:\/\/svetslik.si\/hr\/","logo":{"@type":"ImageObject","inLanguage":"hr","@id":"https:\/\/svetslik.si\/hr\/#\/schema\/logo\/image\/","url":"https:\/\/svetslik.si\/wp-content\/uploads\/2020\/12\/logo-512.png","contentUrl":"https:\/\/svetslik.si\/wp-content\/uploads\/2020\/12\/logo-512.png","width":512,"height":512,"caption":"SvetSlik.si"},"image":{"@id":"https:\/\/svetslik.si\/hr\/#\/schema\/logo\/image\/"},"sameAs":["https:\/\/www.facebook.com\/svetslik.si","https:\/\/x.com\/svetslik","https:\/\/www.instagram.com\/svetslik.si\/","https:\/\/www.linkedin.com\/company\/svetslik-si"]}]},"og_availability":"backorder","product_availability":"available for order","product_retailer_item_id":"221__","product_condition":"new"},"jetpack_sharing_enabled":true,"_links":{"self":[{"href":"https:\/\/svetslik.si\/hr\/wp-json\/wp\/v2\/product\/25123","targetHints":{"allow":["GET"]}}],"collection":[{"href":"https:\/\/svetslik.si\/hr\/wp-json\/wp\/v2\/product"}],"about":[{"href":"https:\/\/svetslik.si\/hr\/wp-json\/wp\/v2\/types\/product"}],"wp:featuredmedia":[{"embeddable":true,"href":"https:\/\/svetslik.si\/hr\/wp-json\/wp\/v2\/media\/20271"}],"wp:attachment":[{"href":"https:\/\/svetslik.si\/hr\/wp-json\/wp\/v2\/media?parent=25123"}],"wp:term":[{"taxonomy":"product_brand","embeddable":true,"href":"https:\/\/svetslik.si\/hr\/wp-json\/wp\/v2\/product_brand?post=25123"},{"taxonomy":"product_cat","embeddable":true,"href":"https:\/\/svetslik.si\/hr\/wp-json\/wp\/v2\/product_cat?post=25123"},{"taxonomy":"product_tag","embeddable":true,"href":"https:\/\/svetslik.si\/hr\/wp-json\/wp\/v2\/product_tag?post=25123"}],"curies":[{"name":"wp","href":"https:\/\/api.w.org\/{rel}","templated":true}]}}