{"id":25141,"date":"2021-09-02T17:50:09","date_gmt":"2021-09-02T15:50:09","guid":{"rendered":"https:\/\/svetslik.si\/Bez%20kategorije\/arearea-joyousness\/"},"modified":"2024-07-04T15:57:54","modified_gmt":"2024-07-04T13:57:54","slug":"arearea-joyousness","status":"publish","type":"product","link":"https:\/\/svetslik.si\/hr\/paul-gauguin\/arearea-joyousness\/","title":{"rendered":"Paul Gauguin &#8211; Arearea (Joyousness) &#8211; The Pastoral of Tahiti"},"content":{"rendered":"<h1>Paul Gauguin &#8211; Arearea (Joyousness) &#8211; <strong>Pastorala Tahitija<\/strong><\/h1>\n<p>&nbsp;<\/p>\n<table style=\"width: 619px\" border=\"0\" width=\"619\" cellspacing=\"0\" cellpadding=\"0\">\n<tbody>\n<tr>\n<td id=\"fileinfotpl_art_location\" style=\"width: 180px;height: 21px\" height=\"21\">Godina stvaranja:<\/td>\n<td style=\"width: 439px\">1892<\/td>\n<\/tr>\n<tr>\n<td style=\"width: 180px;height: 21px\" height=\"21\">Izvorna veli\u010dina:<\/td>\n<td style=\"width: 439px\">93 cm x 75 cm<\/td>\n<\/tr>\n<tr>\n<td style=\"width: 180px;height: 21px\" height=\"21\">Stil bojanja:<\/td>\n<td style=\"width: 439px\">Simbolika<\/td>\n<\/tr>\n<tr>\n<td style=\"width: 180px;height: 21px\" height=\"21\">Izvorna tehnika:<\/td>\n<td style=\"width: 439px\">Ulje na platnu<\/td>\n<\/tr>\n<tr>\n<td style=\"width: 180px;height: 21px\" height=\"21\">Lokacija:<\/td>\n<td style=\"width: 439px\">Orsay, Pariz<\/td>\n<\/tr>\n<\/tbody>\n<colgroup>\n<col \/>\n<col \/> <\/colgroup>\n<\/table>\n<p>&nbsp;<\/p>\n<div>Ulje na platnu <em>Arearea <\/em> tipi\u010dno je za Gauguinove slike koje je stvarao tijekom boravka na Tahitiju, dok se isprepli\u0107u svijet snova i stvarnosti.<\/div>\n<div>U ulju na platnu <em>Arearea <\/em> u prvom je planu nekoliko motiva koji nedvojbeno dolaze iz stvarnog svijeta, jer se pojavljuju na nekoliko Gauguinovih slika iz ovog razdoblja. Zami\u0161ljena scena u pozadini slike prikazuje nekoliko \u017eena koje obo\u017eavaju kip. Gauguin je pove\u0107ao ina\u010de mali kip Maora do veli\u010dine Bude i izmislio vjerski obi\u010daj. Svi ti elementi u ulju na platnu tvore \u010daroban svijet pun harmonije i melankolije u kojem \u010dovjeka, koji \u017eivi u rasko\u0161nom prirodnom okru\u017eenju, \u0161tite bo\u017eanstva.<\/div>\n<div><\/div>\n<div>Tahiti se smatra Gauguinovim duhovnim domom i mnoga Gauguinova klasi\u010dna remek-djela povezana su s Tahitijem ili su nastala na njemu. Ovo djelo, &#8220;Pastoralna pjesma Tahitija&#8221;, prikazuje idili\u010dni krajolik Tahitija, koji je sanjiv i poeti\u010dan. Dvije djevojke na poslu, jedna kao da se upravo vratila s pranja, druga svira \u010dobanu, drve\u0107e puno cvije\u0107a, hrt na travi, sve djeluje mirno i romanti\u010dno. Ovdje Gauguin koristi tehniku \u200b\u200bplo\u0161nog prikazivanja, slika je puna egzotike i otkriva tajanstvenu atmosferu, pokazuju\u0107i jednostavnu ljepotu i dekorativni \u0161arm orijentalne umjetnosti.<\/div>\n<div>Paul Gauguin (1848.-1903.), reprezentativni slikar postimpresionizma. Gauguin je ro\u0111en u Parizu, kao sin novinara i k\u0107eri peruanske spisateljice. Gauguinove slike jedinstvene su u povijesti zapadne moderne umjetnosti po svojim primitivnim i simboli\u010dkim tendencijama, kao i po svom takozvanom stilu &#8220;sinteze&#8221;. Gauguin je u ranim godinama bio pomorac i poslovni \u010dovjek. Godine 1871. dolazi u Pariz kako bi postao burzovni posrednik. U to vrijeme, pod utjecajem svog prijatelja Schfnacka, po\u010deo se zanimati za slikarstvo. Godine 1883. Gauguin, koji je oduvijek bio amaterski slikar, iznenada je napustio svoju obe\u0107avaju\u0107u i zavidnu bankarsku poziciju i odlu\u010dio postati profesionalni slikar. Imao je tada 35 godina. Isprva je bio opsjednut impresionisti\u010dkim slikarstvom te je sudjelovao na nekoliko izlo\u017ebi impresionisti\u010dkih slika. Kasnije je, vo\u0111en estetskim konceptom simbolizma, napustio impresionizam i suprotstavio se impresionisti\u010dkoj umjetni\u010dkoj te\u017enji za objektivnim oslikavanjem prirode i zalagao se za razlikovanje umjetni\u010dkih slika. Objektivna slika je ujedno puna subjektivnih osje\u0107aja umjetnika.<\/div>\n<div><\/div>\n","protected":false},"excerpt":{"rendered":"<p>Paul Gauguin &#8211; Arearea (Joyousness) &#8211; Pastorala Tahitija &nbsp; Godina stvaranja: 1892 Izvorna veli\u010dina: 93 cm x 75 cm Stil bojanja: Simbolika Izvorna tehnika: Ulje na platnu Lokacija: Orsay, Pariz &nbsp; Ulje na platnu Arearea tipi\u010dno je za Gauguinove slike koje je stvarao tijekom boravka na Tahitiju, dok se isprepli\u0107u [&hellip;]<\/p>\n","protected":false},"featured_media":20032,"template":"","meta":{"_acf_changed":false},"product_brand":[],"product_cat":[3378],"product_tag":[4103,4069,4070,4071],"class_list":{"0":"post-25141","1":"product","2":"type-product","3":"status-publish","4":"has-post-thumbnail","6":"product_cat-paul-gauguin","7":"product_tag-gaugin-hr","8":"product_tag-reprodukcija-hr","9":"product_tag-reprodukcije-hr","10":"product_tag-slikar-hr","11":"pa_dimenzija-100-x-80-cm-hr","12":"pa_dimenzija-110-x-90-cm-hr","13":"pa_dimenzija-120-x-100-cm-hr","14":"pa_dimenzija-150-x-120-cm-hr","15":"pa_dimenzija-180-x-140-cm-hr","16":"pa_dimenzija-70-x-60-cm-hr","17":"pa_dimenzija-80-x-70-cm-hr","18":"pa_dimenzija-93-x-75-cm-hr","19":"pa_oblika-horizontalno","20":"pa_okvir-bez-okvira","21":"pa_podokvir-bez-podokvira","22":"pa_podokvir-sa-podokvirom","24":"first","25":"onbackorder","26":"purchasable","27":"product-type-variable","28":"has-default-attributes"},"acf":[],"yoast_head":"<!-- This site is optimized with the Yoast SEO Premium plugin v26.0 (Yoast SEO v27.2) - https:\/\/yoast.com\/product\/yoast-seo-premium-wordpress\/ -->\n<title>Paul Gauguin - Arearea (Joyousness) - The Pastoral of Tahiti - SVETSLIK.SI - 100% ru\u010dno naslikano<\/title>\n<meta name=\"description\" content=\"Paul Gauguin - Arearea (Joyousness) - The Pastoral of Tahiti - 100% ru\u010dno naslikane reprodukcije slika na platnu. Uramljivanje slika, prodaja i izrada slika u dimenzijama po narud\u017ebi.\" \/>\n<meta name=\"robots\" content=\"index, follow, max-snippet:-1, max-image-preview:large, max-video-preview:-1\" \/>\n<link rel=\"canonical\" href=\"https:\/\/svetslik.si\/hr\/paul-gauguin\/arearea-joyousness\/\" \/>\n<meta property=\"og:locale\" content=\"hr_HR\" \/>\n<meta property=\"og:type\" content=\"article\" \/>\n<meta property=\"og:title\" content=\"Paul Gauguin - Arearea (Joyousness) - The Pastoral of Tahiti\" \/>\n<meta property=\"og:description\" content=\"100% ro\u010dno naslikane slike na platnu, reprodukcije znanih slikarjev in umetni\u0161ke slike po naro\u010dilu.\" \/>\n<meta property=\"og:url\" content=\"https:\/\/svetslik.si\/hr\/paul-gauguin\/arearea-joyousness\/\" \/>\n<meta property=\"og:site_name\" content=\"SVETSLIK.SI\" \/>\n<meta property=\"article:publisher\" content=\"https:\/\/www.facebook.com\/svetslik.si\" \/>\n<meta property=\"article:modified_time\" content=\"2024-07-04T13:57:54+00:00\" \/>\n<meta property=\"og:image\" content=\"https:\/\/svetslik.si\/wp-content\/uploads\/2021\/08\/image_Arearea-Joyousness-Paul-Gauguin_680.jpg\" \/>\n\t<meta property=\"og:image:width\" content=\"2024\" \/>\n\t<meta property=\"og:image:height\" content=\"1603\" \/>\n\t<meta property=\"og:image:type\" content=\"image\/jpeg\" \/>\n<meta name=\"twitter:card\" content=\"summary_large_image\" \/>\n<meta name=\"twitter:site\" content=\"@svetslik\" \/>\n<meta name=\"twitter:label1\" content=\"Availability\" \/>\n\t<meta name=\"twitter:data1\" content=\"On backorder\" \/>\n<script type=\"application\/ld+json\" class=\"yoast-schema-graph\">{\"@context\":\"https:\/\/schema.org\",\"@graph\":[{\"@type\":[\"WebPage\",\"ItemPage\"],\"@id\":\"https:\/\/svetslik.si\/hr\/paul-gauguin\/arearea-joyousness\/\",\"url\":\"https:\/\/svetslik.si\/hr\/paul-gauguin\/arearea-joyousness\/\",\"name\":\"Paul Gauguin - Arearea (Joyousness) - The Pastoral of Tahiti - SVETSLIK.SI - 100% ru\u010dno naslikano\",\"isPartOf\":{\"@id\":\"https:\/\/svetslik.si\/hr\/#website\"},\"primaryImageOfPage\":{\"@id\":\"https:\/\/svetslik.si\/hr\/paul-gauguin\/arearea-joyousness\/#primaryimage\"},\"image\":{\"@id\":\"https:\/\/svetslik.si\/hr\/paul-gauguin\/arearea-joyousness\/#primaryimage\"},\"thumbnailUrl\":\"https:\/\/svetslik.si\/wp-content\/uploads\/2021\/08\/image_Arearea-Joyousness-Paul-Gauguin_680.jpg\",\"datePublished\":\"2021-09-02T15:50:09+00:00\",\"dateModified\":\"2024-07-04T13:57:54+00:00\",\"description\":\"Paul Gauguin - Arearea (Joyousness) - The Pastoral of Tahiti - 100% ru\u010dno naslikane reprodukcije slika na platnu. Uramljivanje slika, prodaja i izrada slika u dimenzijama po narud\u017ebi.\",\"breadcrumb\":{\"@id\":\"https:\/\/svetslik.si\/hr\/paul-gauguin\/arearea-joyousness\/#breadcrumb\"},\"inLanguage\":\"hr\",\"potentialAction\":[{\"@type\":\"ReadAction\",\"target\":[\"https:\/\/svetslik.si\/hr\/paul-gauguin\/arearea-joyousness\/\"]}]},{\"@type\":\"ImageObject\",\"inLanguage\":\"hr\",\"@id\":\"https:\/\/svetslik.si\/hr\/paul-gauguin\/arearea-joyousness\/#primaryimage\",\"url\":\"https:\/\/svetslik.si\/wp-content\/uploads\/2021\/08\/image_Arearea-Joyousness-Paul-Gauguin_680.jpg\",\"contentUrl\":\"https:\/\/svetslik.si\/wp-content\/uploads\/2021\/08\/image_Arearea-Joyousness-Paul-Gauguin_680.jpg\",\"width\":2024,\"height\":1603,\"caption\":\"Paul Gauguin - Arearea (Radost) - Reprodukcije slikara, ru\u010dno slikane zidne slike, ulje na platnu, uljane slike, umjetni\u010dke slike, moderne slike za zid, ambijentalne slike, apstraktne slike, dekorativne slike\"},{\"@type\":\"BreadcrumbList\",\"@id\":\"https:\/\/svetslik.si\/hr\/paul-gauguin\/arearea-joyousness\/#breadcrumb\",\"itemListElement\":[{\"@type\":\"ListItem\",\"position\":1,\"name\":\"Umjetni\u010dke zidne slike na platnu\",\"item\":\"https:\/\/svetslik.si\/hr\/\"},{\"@type\":\"ListItem\",\"position\":2,\"name\":\"Prodaja slika\",\"item\":\"https:\/\/svetslik.si\/prodaja-slik\/\"},{\"@type\":\"ListItem\",\"position\":3,\"name\":\"Paul Gauguin &#8211; Arearea (Joyousness) &#8211; The Pastoral of Tahiti\"}]},{\"@type\":\"WebSite\",\"@id\":\"https:\/\/svetslik.si\/hr\/#website\",\"url\":\"https:\/\/svetslik.si\/hr\/\",\"name\":\"SVETSLIK.SI\",\"description\":\"100% ru\u010dno naslikane reprodukcije slika poznatih slikara in umjetni\u010dke zidne slike na platnu.\",\"publisher\":{\"@id\":\"https:\/\/svetslik.si\/hr\/#organization\"},\"potentialAction\":[{\"@type\":\"SearchAction\",\"target\":{\"@type\":\"EntryPoint\",\"urlTemplate\":\"https:\/\/svetslik.si\/hr\/?s={search_term_string}\"},\"query-input\":{\"@type\":\"PropertyValueSpecification\",\"valueRequired\":true,\"valueName\":\"search_term_string\"}}],\"inLanguage\":\"hr\"},{\"@type\":\"Organization\",\"@id\":\"https:\/\/svetslik.si\/hr\/#organization\",\"name\":\"SvetSlik.si\",\"url\":\"https:\/\/svetslik.si\/hr\/\",\"logo\":{\"@type\":\"ImageObject\",\"inLanguage\":\"hr\",\"@id\":\"https:\/\/svetslik.si\/hr\/#\/schema\/logo\/image\/\",\"url\":\"https:\/\/svetslik.si\/wp-content\/uploads\/2020\/12\/logo-512.png\",\"contentUrl\":\"https:\/\/svetslik.si\/wp-content\/uploads\/2020\/12\/logo-512.png\",\"width\":512,\"height\":512,\"caption\":\"SvetSlik.si\"},\"image\":{\"@id\":\"https:\/\/svetslik.si\/hr\/#\/schema\/logo\/image\/\"},\"sameAs\":[\"https:\/\/www.facebook.com\/svetslik.si\",\"https:\/\/x.com\/svetslik\",\"https:\/\/www.instagram.com\/svetslik.si\/\",\"https:\/\/www.linkedin.com\/company\/svetslik-si\"]}]}<\/script>\n<meta property=\"og:availability\" content=\"backorder\" \/>\n<meta property=\"product:availability\" content=\"available for order\" \/>\n<meta property=\"product:retailer_item_id\" content=\"217__\" \/>\n<meta property=\"product:condition\" content=\"new\" \/>\n<!-- \/ Yoast SEO Premium plugin. -->","yoast_head_json":{"title":"Paul Gauguin - Arearea (Joyousness) - The Pastoral of Tahiti - SVETSLIK.SI - 100% ru\u010dno naslikano","description":"Paul Gauguin - Arearea (Joyousness) - The Pastoral of Tahiti - 100% ru\u010dno naslikane reprodukcije slika na platnu. Uramljivanje slika, prodaja i izrada slika u dimenzijama po narud\u017ebi.","robots":{"index":"index","follow":"follow","max-snippet":"max-snippet:-1","max-image-preview":"max-image-preview:large","max-video-preview":"max-video-preview:-1"},"canonical":"https:\/\/svetslik.si\/hr\/paul-gauguin\/arearea-joyousness\/","og_locale":"hr_HR","og_type":"article","og_title":"Paul Gauguin - Arearea (Joyousness) - The Pastoral of Tahiti","og_description":"100% ro\u010dno naslikane slike na platnu, reprodukcije znanih slikarjev in umetni\u0161ke slike po naro\u010dilu.","og_url":"https:\/\/svetslik.si\/hr\/paul-gauguin\/arearea-joyousness\/","og_site_name":"SVETSLIK.SI","article_publisher":"https:\/\/www.facebook.com\/svetslik.si","article_modified_time":"2024-07-04T13:57:54+00:00","og_image":[{"width":2024,"height":1603,"url":"https:\/\/svetslik.si\/wp-content\/uploads\/2021\/08\/image_Arearea-Joyousness-Paul-Gauguin_680.jpg","type":"image\/jpeg"}],"twitter_card":"summary_large_image","twitter_site":"@svetslik","twitter_misc":{"Availability":"On backorder"},"schema":{"@context":"https:\/\/schema.org","@graph":[{"@type":["WebPage","ItemPage"],"@id":"https:\/\/svetslik.si\/hr\/paul-gauguin\/arearea-joyousness\/","url":"https:\/\/svetslik.si\/hr\/paul-gauguin\/arearea-joyousness\/","name":"Paul Gauguin - Arearea (Joyousness) - The Pastoral of Tahiti - SVETSLIK.SI - 100% ru\u010dno naslikano","isPartOf":{"@id":"https:\/\/svetslik.si\/hr\/#website"},"primaryImageOfPage":{"@id":"https:\/\/svetslik.si\/hr\/paul-gauguin\/arearea-joyousness\/#primaryimage"},"image":{"@id":"https:\/\/svetslik.si\/hr\/paul-gauguin\/arearea-joyousness\/#primaryimage"},"thumbnailUrl":"https:\/\/svetslik.si\/wp-content\/uploads\/2021\/08\/image_Arearea-Joyousness-Paul-Gauguin_680.jpg","datePublished":"2021-09-02T15:50:09+00:00","dateModified":"2024-07-04T13:57:54+00:00","description":"Paul Gauguin - Arearea (Joyousness) - The Pastoral of Tahiti - 100% ru\u010dno naslikane reprodukcije slika na platnu. Uramljivanje slika, prodaja i izrada slika u dimenzijama po narud\u017ebi.","breadcrumb":{"@id":"https:\/\/svetslik.si\/hr\/paul-gauguin\/arearea-joyousness\/#breadcrumb"},"inLanguage":"hr","potentialAction":[{"@type":"ReadAction","target":["https:\/\/svetslik.si\/hr\/paul-gauguin\/arearea-joyousness\/"]}]},{"@type":"ImageObject","inLanguage":"hr","@id":"https:\/\/svetslik.si\/hr\/paul-gauguin\/arearea-joyousness\/#primaryimage","url":"https:\/\/svetslik.si\/wp-content\/uploads\/2021\/08\/image_Arearea-Joyousness-Paul-Gauguin_680.jpg","contentUrl":"https:\/\/svetslik.si\/wp-content\/uploads\/2021\/08\/image_Arearea-Joyousness-Paul-Gauguin_680.jpg","width":2024,"height":1603,"caption":"Paul Gauguin - Arearea (Radost) - Reprodukcije slikara, ru\u010dno slikane zidne slike, ulje na platnu, uljane slike, umjetni\u010dke slike, moderne slike za zid, ambijentalne slike, apstraktne slike, dekorativne slike"},{"@type":"BreadcrumbList","@id":"https:\/\/svetslik.si\/hr\/paul-gauguin\/arearea-joyousness\/#breadcrumb","itemListElement":[{"@type":"ListItem","position":1,"name":"Umjetni\u010dke zidne slike na platnu","item":"https:\/\/svetslik.si\/hr\/"},{"@type":"ListItem","position":2,"name":"Prodaja slika","item":"https:\/\/svetslik.si\/prodaja-slik\/"},{"@type":"ListItem","position":3,"name":"Paul Gauguin &#8211; Arearea (Joyousness) &#8211; The Pastoral of Tahiti"}]},{"@type":"WebSite","@id":"https:\/\/svetslik.si\/hr\/#website","url":"https:\/\/svetslik.si\/hr\/","name":"SVETSLIK.SI","description":"100% ru\u010dno naslikane reprodukcije slika poznatih slikara in umjetni\u010dke zidne slike na platnu.","publisher":{"@id":"https:\/\/svetslik.si\/hr\/#organization"},"potentialAction":[{"@type":"SearchAction","target":{"@type":"EntryPoint","urlTemplate":"https:\/\/svetslik.si\/hr\/?s={search_term_string}"},"query-input":{"@type":"PropertyValueSpecification","valueRequired":true,"valueName":"search_term_string"}}],"inLanguage":"hr"},{"@type":"Organization","@id":"https:\/\/svetslik.si\/hr\/#organization","name":"SvetSlik.si","url":"https:\/\/svetslik.si\/hr\/","logo":{"@type":"ImageObject","inLanguage":"hr","@id":"https:\/\/svetslik.si\/hr\/#\/schema\/logo\/image\/","url":"https:\/\/svetslik.si\/wp-content\/uploads\/2020\/12\/logo-512.png","contentUrl":"https:\/\/svetslik.si\/wp-content\/uploads\/2020\/12\/logo-512.png","width":512,"height":512,"caption":"SvetSlik.si"},"image":{"@id":"https:\/\/svetslik.si\/hr\/#\/schema\/logo\/image\/"},"sameAs":["https:\/\/www.facebook.com\/svetslik.si","https:\/\/x.com\/svetslik","https:\/\/www.instagram.com\/svetslik.si\/","https:\/\/www.linkedin.com\/company\/svetslik-si"]}]},"og_availability":"backorder","product_availability":"available for order","product_retailer_item_id":"217__","product_condition":"new"},"jetpack_sharing_enabled":true,"_links":{"self":[{"href":"https:\/\/svetslik.si\/hr\/wp-json\/wp\/v2\/product\/25141","targetHints":{"allow":["GET"]}}],"collection":[{"href":"https:\/\/svetslik.si\/hr\/wp-json\/wp\/v2\/product"}],"about":[{"href":"https:\/\/svetslik.si\/hr\/wp-json\/wp\/v2\/types\/product"}],"wp:featuredmedia":[{"embeddable":true,"href":"https:\/\/svetslik.si\/hr\/wp-json\/wp\/v2\/media\/20032"}],"wp:attachment":[{"href":"https:\/\/svetslik.si\/hr\/wp-json\/wp\/v2\/media?parent=25141"}],"wp:term":[{"taxonomy":"product_brand","embeddable":true,"href":"https:\/\/svetslik.si\/hr\/wp-json\/wp\/v2\/product_brand?post=25141"},{"taxonomy":"product_cat","embeddable":true,"href":"https:\/\/svetslik.si\/hr\/wp-json\/wp\/v2\/product_cat?post=25141"},{"taxonomy":"product_tag","embeddable":true,"href":"https:\/\/svetslik.si\/hr\/wp-json\/wp\/v2\/product_tag?post=25141"}],"curies":[{"name":"wp","href":"https:\/\/api.w.org\/{rel}","templated":true}]}}