{"id":25285,"date":"2021-09-02T17:57:47","date_gmt":"2021-09-02T15:57:47","guid":{"rendered":"https:\/\/svetslik.si\/Bez%20kategorije\/still-life-with-peaches\/"},"modified":"2024-07-11T14:01:51","modified_gmt":"2024-07-11T12:01:51","slug":"still-life-with-peaches","status":"publish","type":"product","link":"https:\/\/svetslik.si\/hr\/pierre-a-renoir\/still-life-with-peaches\/","title":{"rendered":"Pierre A. Renoir &#8211; Still Life with Peaches"},"content":{"rendered":"<div class=\"wpb-content-wrapper\">[vc_row css=&#8221;.vc_custom_1670947865203{margin-bottom: 10px !important;}&#8221;][vc_column]\t<div class=\"et-image-212 et-image     et_image_link\">\n\t\t<div class=\"et-image-inner \">\n\t\t\t\t\t\t\t<div class=\"et-image-thumb \">\n\t\t\t\t\t<img decoding=\"async\" width=\"2560\" height=\"2024\" src=\"https:\/\/svetslik.si\/wp-content\/uploads\/2021\/09\/Pierre-A.-Renoir-\u2013-Still-Life-with-Peaches-scaled.jpg\" class=\"attachment-full\" alt=\"Pierre A. Renoir - Slike za zid - Still Life with Peaches\" title=\"Pierre A. Renoir - Slike za zid - Still Life with Peaches\" srcset=\"https:\/\/svetslik.si\/wp-content\/uploads\/2021\/09\/Pierre-A.-Renoir-\u2013-Still-Life-with-Peaches-scaled.jpg 2560w, https:\/\/svetslik.si\/wp-content\/uploads\/2021\/09\/Pierre-A.-Renoir-\u2013-Still-Life-with-Peaches-scaled-600x474.jpg 600w, https:\/\/svetslik.si\/wp-content\/uploads\/2021\/09\/Pierre-A.-Renoir-\u2013-Still-Life-with-Peaches-scaled-1200x949.jpg 1200w, https:\/\/svetslik.si\/wp-content\/uploads\/2021\/09\/Pierre-A.-Renoir-\u2013-Still-Life-with-Peaches-300x237.jpg 300w, https:\/\/svetslik.si\/wp-content\/uploads\/2021\/09\/Pierre-A.-Renoir-\u2013-Still-Life-with-Peaches-1024x810.jpg 1024w, https:\/\/svetslik.si\/wp-content\/uploads\/2021\/09\/Pierre-A.-Renoir-\u2013-Still-Life-with-Peaches-768x607.jpg 768w, https:\/\/svetslik.si\/wp-content\/uploads\/2021\/09\/Pierre-A.-Renoir-\u2013-Still-Life-with-Peaches-1536x1215.jpg 1536w, https:\/\/svetslik.si\/wp-content\/uploads\/2021\/09\/Pierre-A.-Renoir-\u2013-Still-Life-with-Peaches-2048x1619.jpg 2048w, https:\/\/svetslik.si\/wp-content\/uploads\/2021\/09\/Pierre-A.-Renoir-\u2013-Still-Life-with-Peaches-15x12.jpg 15w, https:\/\/svetslik.si\/wp-content\/uploads\/2021\/09\/Pierre-A.-Renoir-\u2013-Still-Life-with-Peaches-150x119.jpg 150w, https:\/\/svetslik.si\/wp-content\/uploads\/2021\/09\/Pierre-A.-Renoir-\u2013-Still-Life-with-Peaches-1320x1044.jpg 1320w\" sizes=\"(max-width: 2560px) 100vw, 2560px\" \/>\t\t\t\t<\/div>\n\t\t\t\t\t\t\t\t\t\t\t<\/div>\n\t<\/div>\n  [\/vc_column][\/vc_row][vc_row css =&#8221;.vc_custom_1670947865203{margin-bottom: 10px !important;}&#8221;][vc_column]\t<div class=\"et-image-260 et-image     et_image_link\">\n\t\t<div class=\"et-image-inner \">\n\t\t\t\t\t\t\t<div class=\"et-image-thumb \">\n\t\t\t\t\t<img decoding=\"async\" width=\"2252\" height=\"2524\" src=\"https:\/\/svetslik.si\/wp-content\/uploads\/2021\/09\/Pierre-A.-Renoir-\u2013-Still-Life-with-Peaches-1.jpg\" class=\"attachment-full\" alt=\"Pierre A. Renoir - Slike za zid - Still Life with Peaches\" title=\"Pierre A. Renoir - Slike za zid - Still Life with Peaches\" srcset=\"https:\/\/svetslik.si\/wp-content\/uploads\/2021\/09\/Pierre-A.-Renoir-\u2013-Still-Life-with-Peaches-1.jpg 2252w, https:\/\/svetslik.si\/wp-content\/uploads\/2021\/09\/Pierre-A.-Renoir-\u2013-Still-Life-with-Peaches-1-600x672.jpg 600w, https:\/\/svetslik.si\/wp-content\/uploads\/2021\/09\/Pierre-A.-Renoir-\u2013-Still-Life-with-Peaches-1-1200x1345.jpg 1200w, https:\/\/svetslik.si\/wp-content\/uploads\/2021\/09\/Pierre-A.-Renoir-\u2013-Still-Life-with-Peaches-1-268x300.jpg 268w, https:\/\/svetslik.si\/wp-content\/uploads\/2021\/09\/Pierre-A.-Renoir-\u2013-Still-Life-with-Peaches-1-914x1024.jpg 914w, https:\/\/svetslik.si\/wp-content\/uploads\/2021\/09\/Pierre-A.-Renoir-\u2013-Still-Life-with-Peaches-1-768x861.jpg 768w, https:\/\/svetslik.si\/wp-content\/uploads\/2021\/09\/Pierre-A.-Renoir-\u2013-Still-Life-with-Peaches-1-1370x1536.jpg 1370w, https:\/\/svetslik.si\/wp-content\/uploads\/2021\/09\/Pierre-A.-Renoir-\u2013-Still-Life-with-Peaches-1-1827x2048.jpg 1827w, https:\/\/svetslik.si\/wp-content\/uploads\/2021\/09\/Pierre-A.-Renoir-\u2013-Still-Life-with-Peaches-1-11x12.jpg 11w, https:\/\/svetslik.si\/wp-content\/uploads\/2021\/09\/Pierre-A.-Renoir-\u2013-Still-Life-with-Peaches-1-134x150.jpg 134w, https:\/\/svetslik.si\/wp-content\/uploads\/2021\/09\/Pierre-A.-Renoir-\u2013-Still-Life-with-Peaches-1-1320x1479.jpg 1320w\" sizes=\"(max-width: 2252px) 100vw, 2252px\" \/>\t\t\t\t<\/div>\n\t\t\t\t\t\t\t\t\t\t\t<\/div>\n\t<\/div>\n  [\/vc_column][\/vc_row][vc_row css=&#8221;. vc_custom_1670947865203{margin-bottom: 10px !important;}&#8221;][vc_column]\t<div class=\"et-image-437 et-image     et_image_link\">\n\t\t<div class=\"et-image-inner \">\n\t\t\t\t\t\t\t<div class=\"et-image-thumb \">\n\t\t\t\t\t<img decoding=\"async\" width=\"2560\" height=\"1441\" src=\"https:\/\/svetslik.si\/wp-content\/uploads\/2021\/09\/Pierre-A.-Renoir-\u2013-Still-Life-with-Peaches-2-scaled.jpg\" class=\"attachment-full\" alt=\"Pierre A. Renoir - Slike za zid - Still Life with Peaches\" title=\"Pierre A. Renoir - Slike za zid - Still Life with Peaches\" srcset=\"https:\/\/svetslik.si\/wp-content\/uploads\/2021\/09\/Pierre-A.-Renoir-\u2013-Still-Life-with-Peaches-2-scaled.jpg 2560w, https:\/\/svetslik.si\/wp-content\/uploads\/2021\/09\/Pierre-A.-Renoir-\u2013-Still-Life-with-Peaches-2-scaled-600x338.jpg 600w, https:\/\/svetslik.si\/wp-content\/uploads\/2021\/09\/Pierre-A.-Renoir-\u2013-Still-Life-with-Peaches-2-scaled-1200x675.jpg 1200w, https:\/\/svetslik.si\/wp-content\/uploads\/2021\/09\/Pierre-A.-Renoir-\u2013-Still-Life-with-Peaches-2-300x169.jpg 300w, https:\/\/svetslik.si\/wp-content\/uploads\/2021\/09\/Pierre-A.-Renoir-\u2013-Still-Life-with-Peaches-2-1024x577.jpg 1024w, https:\/\/svetslik.si\/wp-content\/uploads\/2021\/09\/Pierre-A.-Renoir-\u2013-Still-Life-with-Peaches-2-768x432.jpg 768w, https:\/\/svetslik.si\/wp-content\/uploads\/2021\/09\/Pierre-A.-Renoir-\u2013-Still-Life-with-Peaches-2-1536x865.jpg 1536w, https:\/\/svetslik.si\/wp-content\/uploads\/2021\/09\/Pierre-A.-Renoir-\u2013-Still-Life-with-Peaches-2-2048x1153.jpg 2048w, https:\/\/svetslik.si\/wp-content\/uploads\/2021\/09\/Pierre-A.-Renoir-\u2013-Still-Life-with-Peaches-2-18x10.jpg 18w, https:\/\/svetslik.si\/wp-content\/uploads\/2021\/09\/Pierre-A.-Renoir-\u2013-Still-Life-with-Peaches-2-150x84.jpg 150w, https:\/\/svetslik.si\/wp-content\/uploads\/2021\/09\/Pierre-A.-Renoir-\u2013-Still-Life-with-Peaches-2-1320x743.jpg 1320w\" sizes=\"(max-width: 2560px) 100vw, 2560px\" \/>\t\t\t\t<\/div>\n\t\t\t\t\t\t\t\t\t\t\t<\/div>\n\t<\/div>\n  [\/vc_column][\/vc_row][vc_row css=&#8221;.vc_custom_1670947865203{margin -bottom: 10px !important;}&#8221;][vc_column]\t<div class=\"et-image-53 et-image     et_image_link\">\n\t\t<div class=\"et-image-inner \">\n\t\t\t\t\t\t\t<div class=\"et-image-thumb \">\n\t\t\t\t\t<img decoding=\"async\" width=\"2560\" height=\"1441\" src=\"https:\/\/svetslik.si\/wp-content\/uploads\/2021\/09\/Pierre-A.-Renoir-\u2013-Still-Life-with-Peaches-3-scaled.jpg\" class=\"attachment-full\" alt=\"Pierre A. Renoir - Slike za zid - Still Life with Peaches\" title=\"Pierre A. Renoir - Slike za zid - Still Life with Peaches\" srcset=\"https:\/\/svetslik.si\/wp-content\/uploads\/2021\/09\/Pierre-A.-Renoir-\u2013-Still-Life-with-Peaches-3-scaled.jpg 2560w, https:\/\/svetslik.si\/wp-content\/uploads\/2021\/09\/Pierre-A.-Renoir-\u2013-Still-Life-with-Peaches-3-scaled-600x338.jpg 600w, https:\/\/svetslik.si\/wp-content\/uploads\/2021\/09\/Pierre-A.-Renoir-\u2013-Still-Life-with-Peaches-3-scaled-1200x675.jpg 1200w, https:\/\/svetslik.si\/wp-content\/uploads\/2021\/09\/Pierre-A.-Renoir-\u2013-Still-Life-with-Peaches-3-300x169.jpg 300w, https:\/\/svetslik.si\/wp-content\/uploads\/2021\/09\/Pierre-A.-Renoir-\u2013-Still-Life-with-Peaches-3-1024x577.jpg 1024w, https:\/\/svetslik.si\/wp-content\/uploads\/2021\/09\/Pierre-A.-Renoir-\u2013-Still-Life-with-Peaches-3-768x432.jpg 768w, https:\/\/svetslik.si\/wp-content\/uploads\/2021\/09\/Pierre-A.-Renoir-\u2013-Still-Life-with-Peaches-3-1536x865.jpg 1536w, https:\/\/svetslik.si\/wp-content\/uploads\/2021\/09\/Pierre-A.-Renoir-\u2013-Still-Life-with-Peaches-3-2048x1153.jpg 2048w, https:\/\/svetslik.si\/wp-content\/uploads\/2021\/09\/Pierre-A.-Renoir-\u2013-Still-Life-with-Peaches-3-18x10.jpg 18w, https:\/\/svetslik.si\/wp-content\/uploads\/2021\/09\/Pierre-A.-Renoir-\u2013-Still-Life-with-Peaches-3-150x84.jpg 150w, https:\/\/svetslik.si\/wp-content\/uploads\/2021\/09\/Pierre-A.-Renoir-\u2013-Still-Life-with-Peaches-3-1320x743.jpg 1320w\" sizes=\"(max-width: 2560px) 100vw, 2560px\" \/>\t\t\t\t<\/div>\n\t\t\t\t\t\t\t\t\t\t\t<\/div>\n\t<\/div>\n  [\/vc_column][\/vc_row][vc_row][vc_column][vc_column_text]\n<h1>Pierre A. Renoir &#8211; Mrtva priroda s breskvama<\/h1>\n<p>&nbsp;<\/p>\n<table style=\"width: 632px\" border=\"0\" width=\"632\" cellspacing=\"0\" cellpadding=\"0\">\n<tbody>\n<tr>\n<td style=\"width: 180px;height: 21px\" height=\"21\">Godina stvaranja:<\/td>\n<td style=\"width: 452px\">1881<\/td>\n<\/tr>\n<tr>\n<td style=\"width: 180px;height: 21px\" height=\"21\">Izvorna veli\u010dina:<\/td>\n<td style=\"width: 452px\">64,8 cm x 53,3 cm<\/td>\n<\/tr>\n<tr>\n<td style=\"width: 180px;height: 21px\" height=\"21\">Stil bojanja:<\/td>\n<td style=\"width: 452px\">Impresionizam<\/td>\n<\/tr>\n<tr>\n<td style=\"width: 180px;height: 21px\" height=\"21\">Izvorna tehnika:<\/td>\n<td>Ulje na platnu<\/td>\n<\/tr>\n<tr>\n<td style=\"width: 180px;height: 21px\" height=\"21\">Lokacija:<\/td>\n<td style=\"width: 452px\">Metropolitan Museum of Art, New York<\/td>\n<\/tr>\n<\/tbody>\n<colgroup>\n<col \/>\n<col \/> <\/colgroup>\n<\/table>\n<p>Po\u010detkom 1980-ih Renoir se posvetio umjetni\u010dkom istra\u017eivanju. U to vrijeme \u017eivio je slikaju\u0107i portrete i mrtve prirode, nalaze\u0107i mogu\u0107nosti eksperimentiranja iu slikanju mrtve prirode. Renoir je kasnije izjavio da je bio vrlo opu\u0161ten kada je slikao mrtve prirode, jer je mogao slobodno eksperimentirati s razli\u010ditim tehnikama bez brige o kona\u010dnom izgledu slike.[\/vc_column_text][\/vc_column][\/vc_row]\n<\/div>","protected":false},"excerpt":{"rendered":"<p>[vc_row css=&#8221;.vc_custom_1670947865203{margin-bottom: 10px !important;}&#8221;][vc_column][\/vc_column][\/vc_row][vc_row css =&#8221;.vc_custom_1670947865203{margin-bottom: 10px !important;}&#8221;][vc_column][\/vc_column][\/vc_row][vc_row css=&#8221;. vc_custom_1670947865203{margin-bottom: 10px !important;}&#8221;][vc_column][\/vc_column][\/vc_row][vc_row css=&#8221;.vc_custom_1670947865203{margin -bottom: 10px !important;}&#8221;][vc_column][\/vc_column][\/vc_row][vc_row][vc_column][vc_column_text] Pierre A. Renoir &#8211; Mrtva priroda s breskvama &nbsp; Godina stvaranja: 1881 Izvorna veli\u010dina: 64,8 cm x 53,3 cm Stil bojanja: Impresionizam Izvorna tehnika: Ulje na platnu Lokacija: Metropolitan Museum of Art, New York [&hellip;]<\/p>\n","protected":false},"featured_media":20744,"template":"","meta":{"_acf_changed":false},"product_brand":[],"product_cat":[3379],"product_tag":[4083,4069,4070,4071],"class_list":{"0":"post-25285","1":"product","2":"type-product","3":"status-publish","4":"has-post-thumbnail","6":"product_cat-pierre-a-renoir","7":"product_tag-renoir-hr","8":"product_tag-reprodukcija-hr","9":"product_tag-reprodukcije-hr","10":"product_tag-slikar-hr","11":"pa_dimenzija-120-x-100-cm-hr","12":"pa_dimenzija-180-x-80-cm-hr","13":"pa_dimenzija-40-x-30-cm-hr","14":"pa_dimenzija-50-x-40-cm-hr","15":"pa_dimenzija-60-x-50-cm-hr","16":"pa_dimenzija-65-x-53-cm-hr","17":"pa_dimenzija-70-x-60-cm-hr","18":"pa_dimenzija-80-x-65-cm-hr","19":"pa_oblika-horizontalno","20":"pa_okvir-bez-okvira","21":"pa_podokvir-bez-podokvira","22":"pa_podokvir-sa-podokvirom","24":"first","25":"onbackorder","26":"purchasable","27":"product-type-variable","28":"has-default-attributes"},"acf":[],"yoast_head":"<!-- This site is optimized with the Yoast SEO Premium plugin v26.0 (Yoast SEO v27.2) - https:\/\/yoast.com\/product\/yoast-seo-premium-wordpress\/ -->\n<title>Pierre A. Renoir - Still Life with Peaches - SVETSLIK.SI - 100% ru\u010dno naslikano<\/title>\n<meta name=\"description\" content=\"Pierre A. Renoir - Still Life with Peaches - 100% ru\u010dno naslikane reprodukcije slika na platnu. Okvirivanje slika, prodaja i izrada slika u dimenzijama po narud\u017ebi.\" \/>\n<meta name=\"robots\" content=\"index, follow, max-snippet:-1, max-image-preview:large, max-video-preview:-1\" \/>\n<link rel=\"canonical\" href=\"https:\/\/svetslik.si\/hr\/pierre-a-renoir\/still-life-with-peaches\/\" \/>\n<meta property=\"og:locale\" content=\"hr_HR\" \/>\n<meta property=\"og:type\" content=\"article\" \/>\n<meta property=\"og:title\" content=\"Pierre A. Renoir - Still Life with Peaches\" \/>\n<meta property=\"og:description\" content=\"100% ro\u010dno naslikane slike na platnu, reprodukcije znanih slikarjev in umetni\u0161ke slike po naro\u010dilu.\" \/>\n<meta property=\"og:url\" content=\"https:\/\/svetslik.si\/hr\/pierre-a-renoir\/still-life-with-peaches\/\" \/>\n<meta property=\"og:site_name\" content=\"SVETSLIK.SI\" \/>\n<meta property=\"article:publisher\" content=\"https:\/\/www.facebook.com\/svetslik.si\" \/>\n<meta property=\"article:modified_time\" content=\"2024-07-11T12:01:51+00:00\" \/>\n<meta property=\"og:image\" content=\"https:\/\/svetslik.si\/wp-content\/uploads\/2021\/08\/image_Still-Life-with-Peaches-Renoir_680.jpg\" \/>\n\t<meta property=\"og:image:width\" content=\"680\" \/>\n\t<meta property=\"og:image:height\" content=\"562\" \/>\n\t<meta property=\"og:image:type\" content=\"image\/jpeg\" \/>\n<meta name=\"twitter:card\" content=\"summary_large_image\" \/>\n<meta name=\"twitter:site\" content=\"@svetslik\" \/>\n<meta name=\"twitter:label1\" content=\"Availability\" \/>\n\t<meta name=\"twitter:data1\" content=\"On backorder\" \/>\n<script type=\"application\/ld+json\" class=\"yoast-schema-graph\">{\"@context\":\"https:\/\/schema.org\",\"@graph\":[{\"@type\":[\"WebPage\",\"ItemPage\"],\"@id\":\"https:\/\/svetslik.si\/hr\/pierre-a-renoir\/still-life-with-peaches\/\",\"url\":\"https:\/\/svetslik.si\/hr\/pierre-a-renoir\/still-life-with-peaches\/\",\"name\":\"Pierre A. Renoir - Still Life with Peaches - SVETSLIK.SI - 100% ru\u010dno naslikano\",\"isPartOf\":{\"@id\":\"https:\/\/svetslik.si\/hr\/#website\"},\"primaryImageOfPage\":{\"@id\":\"https:\/\/svetslik.si\/hr\/pierre-a-renoir\/still-life-with-peaches\/#primaryimage\"},\"image\":{\"@id\":\"https:\/\/svetslik.si\/hr\/pierre-a-renoir\/still-life-with-peaches\/#primaryimage\"},\"thumbnailUrl\":\"https:\/\/svetslik.si\/wp-content\/uploads\/2021\/08\/image_Still-Life-with-Peaches-Renoir_680.jpg\",\"datePublished\":\"2021-09-02T15:57:47+00:00\",\"dateModified\":\"2024-07-11T12:01:51+00:00\",\"description\":\"Pierre A. Renoir - Still Life with Peaches - 100% ru\u010dno naslikane reprodukcije slika na platnu. Okvirivanje slika, prodaja i izrada slika u dimenzijama po narud\u017ebi.\",\"breadcrumb\":{\"@id\":\"https:\/\/svetslik.si\/hr\/pierre-a-renoir\/still-life-with-peaches\/#breadcrumb\"},\"inLanguage\":\"hr\",\"potentialAction\":[{\"@type\":\"ReadAction\",\"target\":[\"https:\/\/svetslik.si\/hr\/pierre-a-renoir\/still-life-with-peaches\/\"]}]},{\"@type\":\"ImageObject\",\"inLanguage\":\"hr\",\"@id\":\"https:\/\/svetslik.si\/hr\/pierre-a-renoir\/still-life-with-peaches\/#primaryimage\",\"url\":\"https:\/\/svetslik.si\/wp-content\/uploads\/2021\/08\/image_Still-Life-with-Peaches-Renoir_680.jpg\",\"contentUrl\":\"https:\/\/svetslik.si\/wp-content\/uploads\/2021\/08\/image_Still-Life-with-Peaches-Renoir_680.jpg\",\"width\":680,\"height\":562,\"caption\":\"Vincent Van Gogh - Mrtva priroda s crta\u0107om plo\u010dom, lula, lukom i lakom za pe\u010da\u0107enje - Ru\u010dno naslikane reprodukcije poznatih slikara, moderne zidne slike, umjetni\u010dke slike za zid\"},{\"@type\":\"BreadcrumbList\",\"@id\":\"https:\/\/svetslik.si\/hr\/pierre-a-renoir\/still-life-with-peaches\/#breadcrumb\",\"itemListElement\":[{\"@type\":\"ListItem\",\"position\":1,\"name\":\"Umjetni\u010dke zidne slike na platnu\",\"item\":\"https:\/\/svetslik.si\/hr\/\"},{\"@type\":\"ListItem\",\"position\":2,\"name\":\"Prodaja slika\",\"item\":\"https:\/\/svetslik.si\/prodaja-slik\/\"},{\"@type\":\"ListItem\",\"position\":3,\"name\":\"Pierre A. Renoir &#8211; Still Life with Peaches\"}]},{\"@type\":\"WebSite\",\"@id\":\"https:\/\/svetslik.si\/hr\/#website\",\"url\":\"https:\/\/svetslik.si\/hr\/\",\"name\":\"SVETSLIK.SI\",\"description\":\"100% ru\u010dno naslikane reprodukcije slika poznatih slikara in umjetni\u010dke zidne slike na platnu.\",\"publisher\":{\"@id\":\"https:\/\/svetslik.si\/hr\/#organization\"},\"potentialAction\":[{\"@type\":\"SearchAction\",\"target\":{\"@type\":\"EntryPoint\",\"urlTemplate\":\"https:\/\/svetslik.si\/hr\/?s={search_term_string}\"},\"query-input\":{\"@type\":\"PropertyValueSpecification\",\"valueRequired\":true,\"valueName\":\"search_term_string\"}}],\"inLanguage\":\"hr\"},{\"@type\":\"Organization\",\"@id\":\"https:\/\/svetslik.si\/hr\/#organization\",\"name\":\"SvetSlik.si\",\"url\":\"https:\/\/svetslik.si\/hr\/\",\"logo\":{\"@type\":\"ImageObject\",\"inLanguage\":\"hr\",\"@id\":\"https:\/\/svetslik.si\/hr\/#\/schema\/logo\/image\/\",\"url\":\"https:\/\/svetslik.si\/wp-content\/uploads\/2020\/12\/logo-512.png\",\"contentUrl\":\"https:\/\/svetslik.si\/wp-content\/uploads\/2020\/12\/logo-512.png\",\"width\":512,\"height\":512,\"caption\":\"SvetSlik.si\"},\"image\":{\"@id\":\"https:\/\/svetslik.si\/hr\/#\/schema\/logo\/image\/\"},\"sameAs\":[\"https:\/\/www.facebook.com\/svetslik.si\",\"https:\/\/x.com\/svetslik\",\"https:\/\/www.instagram.com\/svetslik.si\/\",\"https:\/\/www.linkedin.com\/company\/svetslik-si\"]}]}<\/script>\n<meta property=\"og:availability\" content=\"backorder\" \/>\n<meta property=\"product:availability\" content=\"available for order\" \/>\n<meta property=\"product:retailer_item_id\" content=\"323__\" \/>\n<meta property=\"product:condition\" content=\"new\" \/>\n<!-- \/ Yoast SEO Premium plugin. -->","yoast_head_json":{"title":"Pierre A. Renoir - Still Life with Peaches - SVETSLIK.SI - 100% ru\u010dno naslikano","description":"Pierre A. Renoir - Still Life with Peaches - 100% ru\u010dno naslikane reprodukcije slika na platnu. Okvirivanje slika, prodaja i izrada slika u dimenzijama po narud\u017ebi.","robots":{"index":"index","follow":"follow","max-snippet":"max-snippet:-1","max-image-preview":"max-image-preview:large","max-video-preview":"max-video-preview:-1"},"canonical":"https:\/\/svetslik.si\/hr\/pierre-a-renoir\/still-life-with-peaches\/","og_locale":"hr_HR","og_type":"article","og_title":"Pierre A. Renoir - Still Life with Peaches","og_description":"100% ro\u010dno naslikane slike na platnu, reprodukcije znanih slikarjev in umetni\u0161ke slike po naro\u010dilu.","og_url":"https:\/\/svetslik.si\/hr\/pierre-a-renoir\/still-life-with-peaches\/","og_site_name":"SVETSLIK.SI","article_publisher":"https:\/\/www.facebook.com\/svetslik.si","article_modified_time":"2024-07-11T12:01:51+00:00","og_image":[{"width":680,"height":562,"url":"https:\/\/svetslik.si\/wp-content\/uploads\/2021\/08\/image_Still-Life-with-Peaches-Renoir_680.jpg","type":"image\/jpeg"}],"twitter_card":"summary_large_image","twitter_site":"@svetslik","twitter_misc":{"Availability":"On backorder"},"schema":{"@context":"https:\/\/schema.org","@graph":[{"@type":["WebPage","ItemPage"],"@id":"https:\/\/svetslik.si\/hr\/pierre-a-renoir\/still-life-with-peaches\/","url":"https:\/\/svetslik.si\/hr\/pierre-a-renoir\/still-life-with-peaches\/","name":"Pierre A. Renoir - Still Life with Peaches - SVETSLIK.SI - 100% ru\u010dno naslikano","isPartOf":{"@id":"https:\/\/svetslik.si\/hr\/#website"},"primaryImageOfPage":{"@id":"https:\/\/svetslik.si\/hr\/pierre-a-renoir\/still-life-with-peaches\/#primaryimage"},"image":{"@id":"https:\/\/svetslik.si\/hr\/pierre-a-renoir\/still-life-with-peaches\/#primaryimage"},"thumbnailUrl":"https:\/\/svetslik.si\/wp-content\/uploads\/2021\/08\/image_Still-Life-with-Peaches-Renoir_680.jpg","datePublished":"2021-09-02T15:57:47+00:00","dateModified":"2024-07-11T12:01:51+00:00","description":"Pierre A. Renoir - Still Life with Peaches - 100% ru\u010dno naslikane reprodukcije slika na platnu. Okvirivanje slika, prodaja i izrada slika u dimenzijama po narud\u017ebi.","breadcrumb":{"@id":"https:\/\/svetslik.si\/hr\/pierre-a-renoir\/still-life-with-peaches\/#breadcrumb"},"inLanguage":"hr","potentialAction":[{"@type":"ReadAction","target":["https:\/\/svetslik.si\/hr\/pierre-a-renoir\/still-life-with-peaches\/"]}]},{"@type":"ImageObject","inLanguage":"hr","@id":"https:\/\/svetslik.si\/hr\/pierre-a-renoir\/still-life-with-peaches\/#primaryimage","url":"https:\/\/svetslik.si\/wp-content\/uploads\/2021\/08\/image_Still-Life-with-Peaches-Renoir_680.jpg","contentUrl":"https:\/\/svetslik.si\/wp-content\/uploads\/2021\/08\/image_Still-Life-with-Peaches-Renoir_680.jpg","width":680,"height":562,"caption":"Vincent Van Gogh - Mrtva priroda s crta\u0107om plo\u010dom, lula, lukom i lakom za pe\u010da\u0107enje - Ru\u010dno naslikane reprodukcije poznatih slikara, moderne zidne slike, umjetni\u010dke slike za zid"},{"@type":"BreadcrumbList","@id":"https:\/\/svetslik.si\/hr\/pierre-a-renoir\/still-life-with-peaches\/#breadcrumb","itemListElement":[{"@type":"ListItem","position":1,"name":"Umjetni\u010dke zidne slike na platnu","item":"https:\/\/svetslik.si\/hr\/"},{"@type":"ListItem","position":2,"name":"Prodaja slika","item":"https:\/\/svetslik.si\/prodaja-slik\/"},{"@type":"ListItem","position":3,"name":"Pierre A. Renoir &#8211; Still Life with Peaches"}]},{"@type":"WebSite","@id":"https:\/\/svetslik.si\/hr\/#website","url":"https:\/\/svetslik.si\/hr\/","name":"SVETSLIK.SI","description":"100% ru\u010dno naslikane reprodukcije slika poznatih slikara in umjetni\u010dke zidne slike na platnu.","publisher":{"@id":"https:\/\/svetslik.si\/hr\/#organization"},"potentialAction":[{"@type":"SearchAction","target":{"@type":"EntryPoint","urlTemplate":"https:\/\/svetslik.si\/hr\/?s={search_term_string}"},"query-input":{"@type":"PropertyValueSpecification","valueRequired":true,"valueName":"search_term_string"}}],"inLanguage":"hr"},{"@type":"Organization","@id":"https:\/\/svetslik.si\/hr\/#organization","name":"SvetSlik.si","url":"https:\/\/svetslik.si\/hr\/","logo":{"@type":"ImageObject","inLanguage":"hr","@id":"https:\/\/svetslik.si\/hr\/#\/schema\/logo\/image\/","url":"https:\/\/svetslik.si\/wp-content\/uploads\/2020\/12\/logo-512.png","contentUrl":"https:\/\/svetslik.si\/wp-content\/uploads\/2020\/12\/logo-512.png","width":512,"height":512,"caption":"SvetSlik.si"},"image":{"@id":"https:\/\/svetslik.si\/hr\/#\/schema\/logo\/image\/"},"sameAs":["https:\/\/www.facebook.com\/svetslik.si","https:\/\/x.com\/svetslik","https:\/\/www.instagram.com\/svetslik.si\/","https:\/\/www.linkedin.com\/company\/svetslik-si"]}]},"og_availability":"backorder","product_availability":"available for order","product_retailer_item_id":"323__","product_condition":"new"},"jetpack_sharing_enabled":true,"_links":{"self":[{"href":"https:\/\/svetslik.si\/hr\/wp-json\/wp\/v2\/product\/25285","targetHints":{"allow":["GET"]}}],"collection":[{"href":"https:\/\/svetslik.si\/hr\/wp-json\/wp\/v2\/product"}],"about":[{"href":"https:\/\/svetslik.si\/hr\/wp-json\/wp\/v2\/types\/product"}],"wp:featuredmedia":[{"embeddable":true,"href":"https:\/\/svetslik.si\/hr\/wp-json\/wp\/v2\/media\/20744"}],"wp:attachment":[{"href":"https:\/\/svetslik.si\/hr\/wp-json\/wp\/v2\/media?parent=25285"}],"wp:term":[{"taxonomy":"product_brand","embeddable":true,"href":"https:\/\/svetslik.si\/hr\/wp-json\/wp\/v2\/product_brand?post=25285"},{"taxonomy":"product_cat","embeddable":true,"href":"https:\/\/svetslik.si\/hr\/wp-json\/wp\/v2\/product_cat?post=25285"},{"taxonomy":"product_tag","embeddable":true,"href":"https:\/\/svetslik.si\/hr\/wp-json\/wp\/v2\/product_tag?post=25285"}],"curies":[{"name":"wp","href":"https:\/\/api.w.org\/{rel}","templated":true}]}}