{"id":25384,"date":"2021-09-02T17:57:21","date_gmt":"2021-09-02T15:57:21","guid":{"rendered":"https:\/\/svetslik.si\/Bez%20kategorije\/painting-with-white-border-moscow-bild-mit-weisem-rand-moskau\/"},"modified":"2024-07-04T15:59:04","modified_gmt":"2024-07-04T13:59:04","slug":"painting-with-white-border-moscow-bild-mit-weisem-rand-moskau","status":"publish","type":"product","link":"https:\/\/svetslik.si\/hr\/vasilij-kandinski\/painting-with-white-border-moscow-bild-mit-weisem-rand-moskau\/","title":{"rendered":"Vasilij Kandinski &#8211; Painting with White Border (Moscow) (Bild mit wei\u00dfem Rand [Moskau])"},"content":{"rendered":"<h1>Vasilij Kandinski &#8211; Slika s bijelim rubom (Moskva) (Bild mit whitem Rand [Moskau])<\/h1>\n<p>&nbsp;<\/p>\n<table style=\"width: 673px\" border=\"0\" width=\"673\" cellspacing=\"0\" cellpadding=\"0\">\n<tbody>\n<tr>\n<td style=\"width: 180px;height: 21px\" height=\"21\">Godina stvaranja:<\/td>\n<td style=\"width: 493px\">1913.<\/td>\n<\/tr>\n<tr>\n<td style=\"width: 180px;height: 21px\" height=\"21\">Izvorna veli\u010dina:<\/td>\n<td style=\"width: 493px\">200,3 cm x 140,3 cm<\/td>\n<\/tr>\n<tr>\n<td style=\"width: 180px;height: 21px\" height=\"21\">Stil bojanja:<\/td>\n<td style=\"width: 493px\">Apstraktna umjetnost<\/td>\n<\/tr>\n<tr>\n<td style=\"width: 180px;height: 21px\" height=\"21\">Izvorna tehnika:<\/td>\n<td>Ulje na platnu<\/td>\n<\/tr>\n<tr>\n<td style=\"width: 180px;height: 21px\" height=\"21\">Lokacija:<\/td>\n<td>Muzej Guggenheim, New York<\/td>\n<\/tr>\n<\/tbody>\n<colgroup>\n<col \/>\n<col \/> <\/colgroup>\n<\/table>\n<p>&nbsp;<\/p>\n<p>Wassily Kandinsky smatra se jednom od najva\u017enijih osoba u razvoju apstraktne umjetnosti. Jedno od njegovih najva\u017enijih djela je &#8220;Slika s bijelim rubom (Moskva) (Bild mit weiwei Rand [Moskau])&#8221;, koja se trenutno nalazi u kolekciji Dr\u017eavne galerije Tretyakov u Moskvi.<\/p>\n<p>Ova je slika izvrstan primjer zrelog stila apstrakcije Kandinskog kojeg karakteriziraju odva\u017ene i dinami\u010dne kompozicije. Slika je prete\u017eno sastavljena od bijelih, sivih i crnih nijansi, s upe\u010datljivim bijelim rubom koji uokviruje djelo. Upotreba bijele boje na ovoj slici posebno je upe\u010datljiva, jer je i kontrast i nagla\u0161ava druge boje.<\/p>\n<p>I na ovoj je slici uo\u010dljiva upotreba boja Kandinskog. Vjerovao je da boja ima mo\u0107 izazvati emocije i osje\u0107aje u promatra\u010du, au ovoj slici kori\u0161tenje tamnih i svijetlih nijansi stvara osje\u0107aj pokreta i napetosti. To je dodatno nagla\u0161eno kori\u0161tenjem geometrijskih oblika i oblika koji djelu daju osje\u0107aj dinami\u010dne energije.<\/p>\n<p>Ova je slika sna\u017ean primjer sposobnosti Kandinskog da stvori apstraktne kompozicije koje izazivaju osje\u0107aj pokreta i emocija. Slika je obavezna za svakoga tko je zainteresiran za razvoj apstraktne umjetnosti i rad ovog umjetnika pionira. Ovo je savr\u0161en komad za svakog ljubitelja umjetnosti koji tra\u017ei apstraktnu sliku za svoju kolekciju, kao i za one koji \u017eele svoj dnevni boravak u\u010diniti zanimljivijim i modernijim.<\/p>\n<p>Sve u svemu, &#8220;Slika s bijelim rubom (Moskva) (Bild mit wieim Rand [Moskau])&#8221; va\u017eno je umjetni\u010dko djelo koje i danas fascinira publiku svojom odva\u017enom kompozicijom i sna\u017enom upotrebom boja. To je izvrstan izbor za svakoga tko svom domu \u017eeli dodati iznena\u0111uju\u0107e djelo apstraktne umjetnosti koje poti\u010de na razmi\u0161ljanje.<\/p>\n","protected":false},"excerpt":{"rendered":"<p>Vasilij Kandinski &#8211; Slika s bijelim rubom (Moskva) (Bild mit whitem Rand [Moskau]) &nbsp; Godina stvaranja: 1913. Izvorna veli\u010dina: 200,3 cm x 140,3 cm Stil bojanja: Apstraktna umjetnost Izvorna tehnika: Ulje na platnu Lokacija: Muzej Guggenheim, New York &nbsp; Wassily Kandinsky smatra se jednom od najva\u017enijih osoba u razvoju apstraktne [&hellip;]<\/p>\n","protected":false},"featured_media":20565,"template":"","meta":{"_acf_changed":false},"product_brand":[],"product_cat":[3380],"product_tag":[4086,4087,4069,4070,4071],"class_list":{"0":"post-25384","1":"product","2":"type-product","3":"status-publish","4":"has-post-thumbnail","6":"product_cat-vasilij-kandinski","7":"product_tag-kandinski-hr","8":"product_tag-kandinsky-hr","9":"product_tag-reprodukcija-hr","10":"product_tag-reprodukcije-hr","11":"product_tag-slikar-hr","12":"pa_dimenzija-100-x-70-cm-hr","13":"pa_dimenzija-120-x-80-cm-hr","14":"pa_dimenzija-140-x-100-cm-hr","15":"pa_dimenzija-160-x-110-cm-hr","16":"pa_dimenzija-180-x-130-cm-hr","17":"pa_dimenzija-200-x-140-cm-hr","18":"pa_dimenzija-70-x-50-cm-hr","19":"pa_dimenzija-90-x-60-cm-hr","20":"pa_oblika-horizontalno","21":"pa_okvir-bez-okvira","22":"pa_podokvir-bez-podokvira","23":"pa_podokvir-sa-podokvirom","25":"first","26":"onbackorder","27":"purchasable","28":"product-type-variable","29":"has-default-attributes"},"acf":[],"yoast_head":"<!-- This site is optimized with the Yoast SEO Premium plugin v26.0 (Yoast SEO v27.2) - https:\/\/yoast.com\/product\/yoast-seo-premium-wordpress\/ -->\n<title>Vasilij Kandinski - Painting with White Border (Moscow) (Bild mit wei\u00dfem Rand [Moskau]) - SVETSLIK.SI - 100% ru\u010dno naslikano<\/title>\n<meta name=\"description\" content=\"Vasilij Kandinski - Painting with White Border (Moscow) (Bild mit wei\u00dfem Rand [Moskau]) - 100% ru\u010dno naslikane reprodukcije slika na platnu. Uokvirivanje slika, prodaja i izrada slika u dimenzijama po narud\u017ebi.\" \/>\n<meta name=\"robots\" content=\"index, follow, max-snippet:-1, max-image-preview:large, max-video-preview:-1\" \/>\n<link rel=\"canonical\" href=\"https:\/\/svetslik.si\/hr\/vasilij-kandinski\/painting-with-white-border-moscow-bild-mit-weisem-rand-moskau\/\" \/>\n<meta property=\"og:locale\" content=\"hr_HR\" \/>\n<meta property=\"og:type\" content=\"article\" \/>\n<meta property=\"og:title\" content=\"Vasilij Kandinski - Painting with White Border (Moscow) (Bild mit wei\u00dfem Rand [Moskau])\" \/>\n<meta property=\"og:description\" content=\"100% ro\u010dno naslikane slike na platnu, reprodukcije znanih slikarjev in umetni\u0161ke slike po naro\u010dilu.\" \/>\n<meta property=\"og:url\" content=\"https:\/\/svetslik.si\/hr\/vasilij-kandinski\/painting-with-white-border-moscow-bild-mit-weisem-rand-moskau\/\" \/>\n<meta property=\"og:site_name\" content=\"SVETSLIK.SI\" \/>\n<meta property=\"article:publisher\" content=\"https:\/\/www.facebook.com\/svetslik.si\" \/>\n<meta property=\"article:modified_time\" content=\"2024-07-04T13:59:04+00:00\" \/>\n<meta property=\"og:image\" content=\"https:\/\/svetslik.si\/wp-content\/uploads\/2021\/08\/image_Painting-with-White-Border-Moscow-Bild-mit-weiem-Rand-Moskau_680.jpg\" \/>\n\t<meta property=\"og:image:width\" content=\"1800\" \/>\n\t<meta property=\"og:image:height\" content=\"1265\" \/>\n\t<meta property=\"og:image:type\" content=\"image\/jpeg\" \/>\n<meta name=\"twitter:card\" content=\"summary_large_image\" \/>\n<meta name=\"twitter:site\" content=\"@svetslik\" \/>\n<meta name=\"twitter:label1\" content=\"Availability\" \/>\n\t<meta name=\"twitter:data1\" content=\"On backorder\" \/>\n<script type=\"application\/ld+json\" class=\"yoast-schema-graph\">{\"@context\":\"https:\/\/schema.org\",\"@graph\":[{\"@type\":[\"WebPage\",\"ItemPage\"],\"@id\":\"https:\/\/svetslik.si\/hr\/vasilij-kandinski\/painting-with-white-border-moscow-bild-mit-weisem-rand-moskau\/\",\"url\":\"https:\/\/svetslik.si\/hr\/vasilij-kandinski\/painting-with-white-border-moscow-bild-mit-weisem-rand-moskau\/\",\"name\":\"Vasilij Kandinski - Painting with White Border (Moscow) (Bild mit wei\u00dfem Rand [Moskau]) - SVETSLIK.SI - 100% ru\u010dno naslikano\",\"isPartOf\":{\"@id\":\"https:\/\/svetslik.si\/hr\/#website\"},\"primaryImageOfPage\":{\"@id\":\"https:\/\/svetslik.si\/hr\/vasilij-kandinski\/painting-with-white-border-moscow-bild-mit-weisem-rand-moskau\/#primaryimage\"},\"image\":{\"@id\":\"https:\/\/svetslik.si\/hr\/vasilij-kandinski\/painting-with-white-border-moscow-bild-mit-weisem-rand-moskau\/#primaryimage\"},\"thumbnailUrl\":\"https:\/\/svetslik.si\/wp-content\/uploads\/2021\/08\/image_Painting-with-White-Border-Moscow-Bild-mit-weiem-Rand-Moskau_680.jpg\",\"datePublished\":\"2021-09-02T15:57:21+00:00\",\"dateModified\":\"2024-07-04T13:59:04+00:00\",\"description\":\"Vasilij Kandinski - Painting with White Border (Moscow) (Bild mit wei\u00dfem Rand [Moskau]) - 100% ru\u010dno naslikane reprodukcije slika na platnu. Uokvirivanje slika, prodaja i izrada slika u dimenzijama po narud\u017ebi.\",\"breadcrumb\":{\"@id\":\"https:\/\/svetslik.si\/hr\/vasilij-kandinski\/painting-with-white-border-moscow-bild-mit-weisem-rand-moskau\/#breadcrumb\"},\"inLanguage\":\"hr\",\"potentialAction\":[{\"@type\":\"ReadAction\",\"target\":[\"https:\/\/svetslik.si\/hr\/vasilij-kandinski\/painting-with-white-border-moscow-bild-mit-weisem-rand-moskau\/\"]}]},{\"@type\":\"ImageObject\",\"inLanguage\":\"hr\",\"@id\":\"https:\/\/svetslik.si\/hr\/vasilij-kandinski\/painting-with-white-border-moscow-bild-mit-weisem-rand-moskau\/#primaryimage\",\"url\":\"https:\/\/svetslik.si\/wp-content\/uploads\/2021\/08\/image_Painting-with-White-Border-Moscow-Bild-mit-weiem-Rand-Moskau_680.jpg\",\"contentUrl\":\"https:\/\/svetslik.si\/wp-content\/uploads\/2021\/08\/image_Painting-with-White-Border-Moscow-Bild-mit-weiem-Rand-Moskau_680.jpg\",\"width\":1800,\"height\":1265,\"caption\":\"Vasilij Kandinski - Slika s bijelim rubom (Moskva) (Bild mit wei\u00dfem Rand [Moskau]) - Ru\u010dno naslikane reprodukcije poznatih slikara, moderne zidne slike, umjetni\u010dke slike za zid\"},{\"@type\":\"BreadcrumbList\",\"@id\":\"https:\/\/svetslik.si\/hr\/vasilij-kandinski\/painting-with-white-border-moscow-bild-mit-weisem-rand-moskau\/#breadcrumb\",\"itemListElement\":[{\"@type\":\"ListItem\",\"position\":1,\"name\":\"Umjetni\u010dke zidne slike na platnu\",\"item\":\"https:\/\/svetslik.si\/hr\/\"},{\"@type\":\"ListItem\",\"position\":2,\"name\":\"Prodaja slika\",\"item\":\"https:\/\/svetslik.si\/prodaja-slik\/\"},{\"@type\":\"ListItem\",\"position\":3,\"name\":\"Vasilij Kandinski &#8211; Painting with White Border (Moscow) (Bild mit wei\u00dfem Rand [Moskau])\"}]},{\"@type\":\"WebSite\",\"@id\":\"https:\/\/svetslik.si\/hr\/#website\",\"url\":\"https:\/\/svetslik.si\/hr\/\",\"name\":\"SVETSLIK.SI\",\"description\":\"100% ru\u010dno naslikane reprodukcije slika poznatih slikara in umjetni\u010dke zidne slike na platnu.\",\"publisher\":{\"@id\":\"https:\/\/svetslik.si\/hr\/#organization\"},\"potentialAction\":[{\"@type\":\"SearchAction\",\"target\":{\"@type\":\"EntryPoint\",\"urlTemplate\":\"https:\/\/svetslik.si\/hr\/?s={search_term_string}\"},\"query-input\":{\"@type\":\"PropertyValueSpecification\",\"valueRequired\":true,\"valueName\":\"search_term_string\"}}],\"inLanguage\":\"hr\"},{\"@type\":\"Organization\",\"@id\":\"https:\/\/svetslik.si\/hr\/#organization\",\"name\":\"SvetSlik.si\",\"url\":\"https:\/\/svetslik.si\/hr\/\",\"logo\":{\"@type\":\"ImageObject\",\"inLanguage\":\"hr\",\"@id\":\"https:\/\/svetslik.si\/hr\/#\/schema\/logo\/image\/\",\"url\":\"https:\/\/svetslik.si\/wp-content\/uploads\/2020\/12\/logo-512.png\",\"contentUrl\":\"https:\/\/svetslik.si\/wp-content\/uploads\/2020\/12\/logo-512.png\",\"width\":512,\"height\":512,\"caption\":\"SvetSlik.si\"},\"image\":{\"@id\":\"https:\/\/svetslik.si\/hr\/#\/schema\/logo\/image\/\"},\"sameAs\":[\"https:\/\/www.facebook.com\/svetslik.si\",\"https:\/\/x.com\/svetslik\",\"https:\/\/www.instagram.com\/svetslik.si\/\",\"https:\/\/www.linkedin.com\/company\/svetslik-si\"]}]}<\/script>\n<meta property=\"og:availability\" content=\"backorder\" \/>\n<meta property=\"product:availability\" content=\"available for order\" \/>\n<meta property=\"product:retailer_item_id\" content=\"318__\" \/>\n<meta property=\"product:condition\" content=\"new\" \/>\n<!-- \/ Yoast SEO Premium plugin. -->","yoast_head_json":{"title":"Vasilij Kandinski - Painting with White Border (Moscow) (Bild mit wei\u00dfem Rand [Moskau]) - SVETSLIK.SI - 100% ru\u010dno naslikano","description":"Vasilij Kandinski - Painting with White Border (Moscow) (Bild mit wei\u00dfem Rand [Moskau]) - 100% ru\u010dno naslikane reprodukcije slika na platnu. Uokvirivanje slika, prodaja i izrada slika u dimenzijama po narud\u017ebi.","robots":{"index":"index","follow":"follow","max-snippet":"max-snippet:-1","max-image-preview":"max-image-preview:large","max-video-preview":"max-video-preview:-1"},"canonical":"https:\/\/svetslik.si\/hr\/vasilij-kandinski\/painting-with-white-border-moscow-bild-mit-weisem-rand-moskau\/","og_locale":"hr_HR","og_type":"article","og_title":"Vasilij Kandinski - Painting with White Border (Moscow) (Bild mit wei\u00dfem Rand [Moskau])","og_description":"100% ro\u010dno naslikane slike na platnu, reprodukcije znanih slikarjev in umetni\u0161ke slike po naro\u010dilu.","og_url":"https:\/\/svetslik.si\/hr\/vasilij-kandinski\/painting-with-white-border-moscow-bild-mit-weisem-rand-moskau\/","og_site_name":"SVETSLIK.SI","article_publisher":"https:\/\/www.facebook.com\/svetslik.si","article_modified_time":"2024-07-04T13:59:04+00:00","og_image":[{"width":1800,"height":1265,"url":"https:\/\/svetslik.si\/wp-content\/uploads\/2021\/08\/image_Painting-with-White-Border-Moscow-Bild-mit-weiem-Rand-Moskau_680.jpg","type":"image\/jpeg"}],"twitter_card":"summary_large_image","twitter_site":"@svetslik","twitter_misc":{"Availability":"On backorder"},"schema":{"@context":"https:\/\/schema.org","@graph":[{"@type":["WebPage","ItemPage"],"@id":"https:\/\/svetslik.si\/hr\/vasilij-kandinski\/painting-with-white-border-moscow-bild-mit-weisem-rand-moskau\/","url":"https:\/\/svetslik.si\/hr\/vasilij-kandinski\/painting-with-white-border-moscow-bild-mit-weisem-rand-moskau\/","name":"Vasilij Kandinski - Painting with White Border (Moscow) (Bild mit wei\u00dfem Rand [Moskau]) - SVETSLIK.SI - 100% ru\u010dno naslikano","isPartOf":{"@id":"https:\/\/svetslik.si\/hr\/#website"},"primaryImageOfPage":{"@id":"https:\/\/svetslik.si\/hr\/vasilij-kandinski\/painting-with-white-border-moscow-bild-mit-weisem-rand-moskau\/#primaryimage"},"image":{"@id":"https:\/\/svetslik.si\/hr\/vasilij-kandinski\/painting-with-white-border-moscow-bild-mit-weisem-rand-moskau\/#primaryimage"},"thumbnailUrl":"https:\/\/svetslik.si\/wp-content\/uploads\/2021\/08\/image_Painting-with-White-Border-Moscow-Bild-mit-weiem-Rand-Moskau_680.jpg","datePublished":"2021-09-02T15:57:21+00:00","dateModified":"2024-07-04T13:59:04+00:00","description":"Vasilij Kandinski - Painting with White Border (Moscow) (Bild mit wei\u00dfem Rand [Moskau]) - 100% ru\u010dno naslikane reprodukcije slika na platnu. Uokvirivanje slika, prodaja i izrada slika u dimenzijama po narud\u017ebi.","breadcrumb":{"@id":"https:\/\/svetslik.si\/hr\/vasilij-kandinski\/painting-with-white-border-moscow-bild-mit-weisem-rand-moskau\/#breadcrumb"},"inLanguage":"hr","potentialAction":[{"@type":"ReadAction","target":["https:\/\/svetslik.si\/hr\/vasilij-kandinski\/painting-with-white-border-moscow-bild-mit-weisem-rand-moskau\/"]}]},{"@type":"ImageObject","inLanguage":"hr","@id":"https:\/\/svetslik.si\/hr\/vasilij-kandinski\/painting-with-white-border-moscow-bild-mit-weisem-rand-moskau\/#primaryimage","url":"https:\/\/svetslik.si\/wp-content\/uploads\/2021\/08\/image_Painting-with-White-Border-Moscow-Bild-mit-weiem-Rand-Moskau_680.jpg","contentUrl":"https:\/\/svetslik.si\/wp-content\/uploads\/2021\/08\/image_Painting-with-White-Border-Moscow-Bild-mit-weiem-Rand-Moskau_680.jpg","width":1800,"height":1265,"caption":"Vasilij Kandinski - Slika s bijelim rubom (Moskva) (Bild mit wei\u00dfem Rand [Moskau]) - Ru\u010dno naslikane reprodukcije poznatih slikara, moderne zidne slike, umjetni\u010dke slike za zid"},{"@type":"BreadcrumbList","@id":"https:\/\/svetslik.si\/hr\/vasilij-kandinski\/painting-with-white-border-moscow-bild-mit-weisem-rand-moskau\/#breadcrumb","itemListElement":[{"@type":"ListItem","position":1,"name":"Umjetni\u010dke zidne slike na platnu","item":"https:\/\/svetslik.si\/hr\/"},{"@type":"ListItem","position":2,"name":"Prodaja slika","item":"https:\/\/svetslik.si\/prodaja-slik\/"},{"@type":"ListItem","position":3,"name":"Vasilij Kandinski &#8211; Painting with White Border (Moscow) (Bild mit wei\u00dfem Rand [Moskau])"}]},{"@type":"WebSite","@id":"https:\/\/svetslik.si\/hr\/#website","url":"https:\/\/svetslik.si\/hr\/","name":"SVETSLIK.SI","description":"100% ru\u010dno naslikane reprodukcije slika poznatih slikara in umjetni\u010dke zidne slike na platnu.","publisher":{"@id":"https:\/\/svetslik.si\/hr\/#organization"},"potentialAction":[{"@type":"SearchAction","target":{"@type":"EntryPoint","urlTemplate":"https:\/\/svetslik.si\/hr\/?s={search_term_string}"},"query-input":{"@type":"PropertyValueSpecification","valueRequired":true,"valueName":"search_term_string"}}],"inLanguage":"hr"},{"@type":"Organization","@id":"https:\/\/svetslik.si\/hr\/#organization","name":"SvetSlik.si","url":"https:\/\/svetslik.si\/hr\/","logo":{"@type":"ImageObject","inLanguage":"hr","@id":"https:\/\/svetslik.si\/hr\/#\/schema\/logo\/image\/","url":"https:\/\/svetslik.si\/wp-content\/uploads\/2020\/12\/logo-512.png","contentUrl":"https:\/\/svetslik.si\/wp-content\/uploads\/2020\/12\/logo-512.png","width":512,"height":512,"caption":"SvetSlik.si"},"image":{"@id":"https:\/\/svetslik.si\/hr\/#\/schema\/logo\/image\/"},"sameAs":["https:\/\/www.facebook.com\/svetslik.si","https:\/\/x.com\/svetslik","https:\/\/www.instagram.com\/svetslik.si\/","https:\/\/www.linkedin.com\/company\/svetslik-si"]}]},"og_availability":"backorder","product_availability":"available for order","product_retailer_item_id":"318__","product_condition":"new"},"jetpack_sharing_enabled":true,"_links":{"self":[{"href":"https:\/\/svetslik.si\/hr\/wp-json\/wp\/v2\/product\/25384","targetHints":{"allow":["GET"]}}],"collection":[{"href":"https:\/\/svetslik.si\/hr\/wp-json\/wp\/v2\/product"}],"about":[{"href":"https:\/\/svetslik.si\/hr\/wp-json\/wp\/v2\/types\/product"}],"wp:featuredmedia":[{"embeddable":true,"href":"https:\/\/svetslik.si\/hr\/wp-json\/wp\/v2\/media\/20565"}],"wp:attachment":[{"href":"https:\/\/svetslik.si\/hr\/wp-json\/wp\/v2\/media?parent=25384"}],"wp:term":[{"taxonomy":"product_brand","embeddable":true,"href":"https:\/\/svetslik.si\/hr\/wp-json\/wp\/v2\/product_brand?post=25384"},{"taxonomy":"product_cat","embeddable":true,"href":"https:\/\/svetslik.si\/hr\/wp-json\/wp\/v2\/product_cat?post=25384"},{"taxonomy":"product_tag","embeddable":true,"href":"https:\/\/svetslik.si\/hr\/wp-json\/wp\/v2\/product_tag?post=25384"}],"curies":[{"name":"wp","href":"https:\/\/api.w.org\/{rel}","templated":true}]}}