{"id":25411,"date":"2021-09-02T17:57:09","date_gmt":"2021-09-02T15:57:09","guid":{"rendered":"https:\/\/svetslik.si\/Bez%20kategorije\/improvisation-28-second-version-improvisation-28-zweite-fassung\/"},"modified":"2024-07-04T15:59:14","modified_gmt":"2024-07-04T13:59:14","slug":"improvisation-28-second-version-improvisation-28-zweite-fassung","status":"publish","type":"product","link":"https:\/\/svetslik.si\/hr\/vasilij-kandinski\/improvisation-28-second-version-improvisation-28-zweite-fassung\/","title":{"rendered":"Vasilij Kandinski &#8211; Improvisation 28 (second version) (Improvisation 28 [zweite Fassung])"},"content":{"rendered":"<h1>Vasilij Kandinski &#8211; Improvizacija 28 (druga verzija) (Improvizacija 28 [zweite Fassung])<\/h1>\n<table border=\"0\" width=\"673\" cellspacing=\"0\" cellpadding=\"0\">\n<colgroup>\n<col style=\"width: 135pt\" width=\"180\" \/>\n<col style=\"width: 370pt\" width=\"493\" \/> <\/colgroup>\n<tbody>\n<tr style=\"height: 15.75pt\">\n<td class=\"xl24\" width=\"180\" height=\"21\">Godina stvaranja:<\/td>\n<td class=\"xl25\" style=\"width: 370pt\" width=\"493\">1912<\/td>\n<\/tr>\n<tr style=\"height: 15.75pt\">\n<td class=\"xl24\" width=\"180\" height=\"21\">Izvorna veli\u010dina:<\/td>\n<td class=\"xl24\" style=\"width: 370pt\" width=\"493\">162,1 cm x 111,4 cm<\/td>\n<\/tr>\n<tr style=\"height: 15.75pt\">\n<td class=\"xl24\" width=\"180\" height=\"21\">Stil bojanja:<\/td>\n<td class=\"xl24\" style=\"width: 370pt\" width=\"493\">Apstraktni ekspresionizam<\/td>\n<\/tr>\n<tr style=\"height: 15.75pt\">\n<td class=\"xl24\" width=\"180\" height=\"21\">Izvorna tehnika:<\/td>\n<td>Ulje na platnu<\/td>\n<\/tr>\n<tr style=\"height: 15.75pt\">\n<td class=\"xl24\" width=\"180\" height=\"21\">Lokacija:<\/td>\n<td>Guggenheimov muzej New York<\/td>\n<\/tr>\n<\/tbody>\n<\/table>\n<p>&nbsp;<\/p>\n<p>Improvizacija 28 (druga verzija) Vasilija Kandinskog dinami\u010dna je i zadivljuju\u0107a slika koja prikazuje umjetnikov jedinstveni stil i pristup apstrakciji. Ovo djelo, naslikano 1912., smatra se jednim od najva\u017enijih djela Kandinskog iz njegovog ranog razdoblja apstrakcije.<\/p>\n<p>Slika je ulje na platnu i karakterizira je odva\u017ena, dinami\u010dna kompozicija s upe\u010datljivom upotrebom boja. Slikom dominira veliki crni luk koji se \u010dini kao sredi\u0161nja os za vrtlo\u017ene linije, oblike i boje koje se vide na slici. Crna ma\u0161na okru\u017eena je mno\u0161tvom boja koje izgledaju kao da su u pokretu, stvaraju\u0107i osje\u0107aj kretanja i energije. Boje se nanose gustim, impasto potezima kista, stvaraju\u0107i osje\u0107aj dubine i pokreta.<\/p>\n<p>Naslov &#8220;Improvizacija 28&#8221; nagla\u0161ava spontanu i intuitivnu prirodu Kandinskog kreativnog procesa. Vjerovao je da umjetnost treba biti izraz umjetnikovih najdubljih osje\u0107aja i emocija, a ne prikaz vanjskog svijeta. Ova je slika savr\u0161en primjer ove filozofije jer je vizualni prikaz umjetnikovih najdubljih emocija i osje\u0107aja.<\/p>\n<p>Slika je va\u017eno djelo u povijesti apstraktne umjetnosti i smatra se remek-djelom ranog razdoblja apstrakcije. Rije\u010d je o va\u017enom umjetni\u010dkom djelu ne samo zbog svoje estetske vrijednosti, ve\u0107 i zbog povijesnog zna\u010daja. To je izvrstan primjer kako se umjetnik uspio odvojiti od tradicionalne reprezentativne umjetnosti i stvoriti novi oblik umjetnosti koji je bio izra\u017eajniji i emocionalniji.<\/p>\n<p>Zaklju\u010dno, dopustite mi da ka\u017eem da je &#8220;Improvizacija 28 (druga verzija)&#8221; mo\u0107na i vizualno zapanjuju\u0107a slika koja pokazuje umjetnikov jedinstveni stil i pristup apstrakciji. Slika je va\u017eno djelo u povijesti umjetnosti i smatra se remek-djelom ranog razdoblja apstrakcije. Ako tra\u017eite umjetni\u010dko djelo koje je i vizualno zapanjuju\u0107e i povijesno zna\u010dajno, ova je slika odli\u010dan izbor.<\/p>\n<p>&nbsp;<\/p>\n","protected":false},"excerpt":{"rendered":"<p>Vasilij Kandinski &#8211; Improvizacija 28 (druga verzija) (Improvizacija 28 [zweite Fassung]) Godina stvaranja: 1912 Izvorna veli\u010dina: 162,1 cm x 111,4 cm Stil bojanja: Apstraktni ekspresionizam Izvorna tehnika: Ulje na platnu Lokacija: Guggenheimov muzej New York &nbsp; Improvizacija 28 (druga verzija) Vasilija Kandinskog dinami\u010dna je i zadivljuju\u0107a slika koja prikazuje umjetnikov [&hellip;]<\/p>\n","protected":false},"featured_media":20335,"template":"","meta":{"_acf_changed":false},"product_brand":[],"product_cat":[3380],"product_tag":[4086,4087,4069,4070,4071],"class_list":{"0":"post-25411","1":"product","2":"type-product","3":"status-publish","4":"has-post-thumbnail","6":"product_cat-vasilij-kandinski","7":"product_tag-kandinski-hr","8":"product_tag-kandinsky-hr","9":"product_tag-reprodukcija-hr","10":"product_tag-reprodukcije-hr","11":"product_tag-slikar-hr","12":"pa_dimenzija-100-x-70-cm","13":"pa_dimenzija-120-x-80-cm","14":"pa_dimenzija-140-x-100-cm","15":"pa_dimenzija-162-x-111-cm","16":"pa_dimenzija-200-x-140-cm","17":"pa_dimenzija-60-x-40-cm","18":"pa_dimenzija-70-x-50-cm","19":"pa_dimenzija-90-x-60-cm","20":"pa_oblika-horizontalno","21":"pa_okvir-bez-okvira","22":"pa_podokvir-bez-podokvira","23":"pa_podokvir-sa-podokvirom","25":"first","26":"onbackorder","27":"purchasable","28":"product-type-variable","29":"has-default-attributes"},"acf":[],"yoast_head":"<!-- This site is optimized with the Yoast SEO Premium plugin v26.0 (Yoast SEO v27.2) - https:\/\/yoast.com\/product\/yoast-seo-premium-wordpress\/ -->\n<title>Vasilij Kandinski - Improvisation 28 (second version) (Improvisation 28 [zweite Fassung]) - SVETSLIK.SI - 100% ru\u010dno naslikano<\/title>\n<meta name=\"description\" content=\"Vasilij Kandinski - Improvisation 28 (second version) (Improvisation 28 [zweite Fassung]) - 100% ru\u010dno naslikane reprodukcije slika na platnu. Okvirivanje slika, prodaja i izrada slika u dimenzijama po narud\u017ebi.\" \/>\n<meta name=\"robots\" content=\"index, follow, max-snippet:-1, max-image-preview:large, max-video-preview:-1\" \/>\n<link rel=\"canonical\" href=\"https:\/\/svetslik.si\/hr\/vasilij-kandinski\/improvisation-28-second-version-improvisation-28-zweite-fassung\/\" \/>\n<meta property=\"og:locale\" content=\"hr_HR\" \/>\n<meta property=\"og:type\" content=\"article\" \/>\n<meta property=\"og:title\" content=\"Vasilij Kandinski - Improvisation 28 (second version) (Improvisation 28 [zweite Fassung])\" \/>\n<meta property=\"og:description\" content=\"100% ro\u010dno naslikane slike na platnu, reprodukcije znanih slikarjev in umetni\u0161ke slike po naro\u010dilu.\" \/>\n<meta property=\"og:url\" content=\"https:\/\/svetslik.si\/hr\/vasilij-kandinski\/improvisation-28-second-version-improvisation-28-zweite-fassung\/\" \/>\n<meta property=\"og:site_name\" content=\"SVETSLIK.SI\" \/>\n<meta property=\"article:publisher\" content=\"https:\/\/www.facebook.com\/svetslik.si\" \/>\n<meta property=\"article:modified_time\" content=\"2024-07-04T13:59:14+00:00\" \/>\n<meta property=\"og:image\" content=\"https:\/\/svetslik.si\/wp-content\/uploads\/2021\/08\/image_Improvisation-28-second-version-Improvisation-28-zweite-Fassung_680-scaled.jpg\" \/>\n\t<meta property=\"og:image:width\" content=\"2560\" \/>\n\t<meta property=\"og:image:height\" content=\"1733\" \/>\n\t<meta property=\"og:image:type\" content=\"image\/jpeg\" \/>\n<meta name=\"twitter:card\" content=\"summary_large_image\" \/>\n<meta name=\"twitter:site\" content=\"@svetslik\" \/>\n<meta name=\"twitter:label1\" content=\"Availability\" \/>\n\t<meta name=\"twitter:data1\" content=\"On backorder\" \/>\n<script type=\"application\/ld+json\" class=\"yoast-schema-graph\">{\"@context\":\"https:\/\/schema.org\",\"@graph\":[{\"@type\":[\"WebPage\",\"ItemPage\"],\"@id\":\"https:\/\/svetslik.si\/hr\/vasilij-kandinski\/improvisation-28-second-version-improvisation-28-zweite-fassung\/\",\"url\":\"https:\/\/svetslik.si\/hr\/vasilij-kandinski\/improvisation-28-second-version-improvisation-28-zweite-fassung\/\",\"name\":\"Vasilij Kandinski - Improvisation 28 (second version) (Improvisation 28 [zweite Fassung]) - SVETSLIK.SI - 100% ru\u010dno naslikano\",\"isPartOf\":{\"@id\":\"https:\/\/svetslik.si\/hr\/#website\"},\"primaryImageOfPage\":{\"@id\":\"https:\/\/svetslik.si\/hr\/vasilij-kandinski\/improvisation-28-second-version-improvisation-28-zweite-fassung\/#primaryimage\"},\"image\":{\"@id\":\"https:\/\/svetslik.si\/hr\/vasilij-kandinski\/improvisation-28-second-version-improvisation-28-zweite-fassung\/#primaryimage\"},\"thumbnailUrl\":\"https:\/\/svetslik.si\/wp-content\/uploads\/2021\/08\/image_Improvisation-28-second-version-Improvisation-28-zweite-Fassung_680-scaled.jpg\",\"datePublished\":\"2021-09-02T15:57:09+00:00\",\"dateModified\":\"2024-07-04T13:59:14+00:00\",\"description\":\"Vasilij Kandinski - Improvisation 28 (second version) (Improvisation 28 [zweite Fassung]) - 100% ru\u010dno naslikane reprodukcije slika na platnu. Okvirivanje slika, prodaja i izrada slika u dimenzijama po narud\u017ebi.\",\"breadcrumb\":{\"@id\":\"https:\/\/svetslik.si\/hr\/vasilij-kandinski\/improvisation-28-second-version-improvisation-28-zweite-fassung\/#breadcrumb\"},\"inLanguage\":\"hr\",\"potentialAction\":[{\"@type\":\"ReadAction\",\"target\":[\"https:\/\/svetslik.si\/hr\/vasilij-kandinski\/improvisation-28-second-version-improvisation-28-zweite-fassung\/\"]}]},{\"@type\":\"ImageObject\",\"inLanguage\":\"hr\",\"@id\":\"https:\/\/svetslik.si\/hr\/vasilij-kandinski\/improvisation-28-second-version-improvisation-28-zweite-fassung\/#primaryimage\",\"url\":\"https:\/\/svetslik.si\/wp-content\/uploads\/2021\/08\/image_Improvisation-28-second-version-Improvisation-28-zweite-Fassung_680-scaled.jpg\",\"contentUrl\":\"https:\/\/svetslik.si\/wp-content\/uploads\/2021\/08\/image_Improvisation-28-second-version-Improvisation-28-zweite-Fassung_680-scaled.jpg\",\"width\":2560,\"height\":1733,\"caption\":\"Zidne slike na platnu - Vasilij Kandinski - Improvizacija 28 (druga verzija) (Improvisation 28 [zweite Fassung]) - Ru\u010dno slikane slike, reprodukcije slika poznatih slikara, ulje na platnu, uljne slike, moderne zidne slike, umjetni\u010dke slike za zid, ambijentalne, apstraktne, dekorativne zidne slike\"},{\"@type\":\"BreadcrumbList\",\"@id\":\"https:\/\/svetslik.si\/hr\/vasilij-kandinski\/improvisation-28-second-version-improvisation-28-zweite-fassung\/#breadcrumb\",\"itemListElement\":[{\"@type\":\"ListItem\",\"position\":1,\"name\":\"Umjetni\u010dke zidne slike na platnu\",\"item\":\"https:\/\/svetslik.si\/hr\/\"},{\"@type\":\"ListItem\",\"position\":2,\"name\":\"Prodaja slika\",\"item\":\"https:\/\/svetslik.si\/prodaja-slik\/\"},{\"@type\":\"ListItem\",\"position\":3,\"name\":\"Vasilij Kandinski &#8211; Improvisation 28 (second version) (Improvisation 28 [zweite Fassung])\"}]},{\"@type\":\"WebSite\",\"@id\":\"https:\/\/svetslik.si\/hr\/#website\",\"url\":\"https:\/\/svetslik.si\/hr\/\",\"name\":\"SVETSLIK.SI\",\"description\":\"100% ru\u010dno naslikane reprodukcije slika poznatih slikara in umjetni\u010dke zidne slike na platnu.\",\"publisher\":{\"@id\":\"https:\/\/svetslik.si\/hr\/#organization\"},\"potentialAction\":[{\"@type\":\"SearchAction\",\"target\":{\"@type\":\"EntryPoint\",\"urlTemplate\":\"https:\/\/svetslik.si\/hr\/?s={search_term_string}\"},\"query-input\":{\"@type\":\"PropertyValueSpecification\",\"valueRequired\":true,\"valueName\":\"search_term_string\"}}],\"inLanguage\":\"hr\"},{\"@type\":\"Organization\",\"@id\":\"https:\/\/svetslik.si\/hr\/#organization\",\"name\":\"SvetSlik.si\",\"url\":\"https:\/\/svetslik.si\/hr\/\",\"logo\":{\"@type\":\"ImageObject\",\"inLanguage\":\"hr\",\"@id\":\"https:\/\/svetslik.si\/hr\/#\/schema\/logo\/image\/\",\"url\":\"https:\/\/svetslik.si\/wp-content\/uploads\/2020\/12\/logo-512.png\",\"contentUrl\":\"https:\/\/svetslik.si\/wp-content\/uploads\/2020\/12\/logo-512.png\",\"width\":512,\"height\":512,\"caption\":\"SvetSlik.si\"},\"image\":{\"@id\":\"https:\/\/svetslik.si\/hr\/#\/schema\/logo\/image\/\"},\"sameAs\":[\"https:\/\/www.facebook.com\/svetslik.si\",\"https:\/\/x.com\/svetslik\",\"https:\/\/www.instagram.com\/svetslik.si\/\",\"https:\/\/www.linkedin.com\/company\/svetslik-si\"]}]}<\/script>\n<meta property=\"og:availability\" content=\"backorder\" \/>\n<meta property=\"product:availability\" content=\"available for order\" \/>\n<meta property=\"product:retailer_item_id\" content=\"316__\" \/>\n<meta property=\"product:condition\" content=\"new\" \/>\n<!-- \/ Yoast SEO Premium plugin. -->","yoast_head_json":{"title":"Vasilij Kandinski - Improvisation 28 (second version) (Improvisation 28 [zweite Fassung]) - SVETSLIK.SI - 100% ru\u010dno naslikano","description":"Vasilij Kandinski - Improvisation 28 (second version) (Improvisation 28 [zweite Fassung]) - 100% ru\u010dno naslikane reprodukcije slika na platnu. Okvirivanje slika, prodaja i izrada slika u dimenzijama po narud\u017ebi.","robots":{"index":"index","follow":"follow","max-snippet":"max-snippet:-1","max-image-preview":"max-image-preview:large","max-video-preview":"max-video-preview:-1"},"canonical":"https:\/\/svetslik.si\/hr\/vasilij-kandinski\/improvisation-28-second-version-improvisation-28-zweite-fassung\/","og_locale":"hr_HR","og_type":"article","og_title":"Vasilij Kandinski - Improvisation 28 (second version) (Improvisation 28 [zweite Fassung])","og_description":"100% ro\u010dno naslikane slike na platnu, reprodukcije znanih slikarjev in umetni\u0161ke slike po naro\u010dilu.","og_url":"https:\/\/svetslik.si\/hr\/vasilij-kandinski\/improvisation-28-second-version-improvisation-28-zweite-fassung\/","og_site_name":"SVETSLIK.SI","article_publisher":"https:\/\/www.facebook.com\/svetslik.si","article_modified_time":"2024-07-04T13:59:14+00:00","og_image":[{"width":2560,"height":1733,"url":"https:\/\/svetslik.si\/wp-content\/uploads\/2021\/08\/image_Improvisation-28-second-version-Improvisation-28-zweite-Fassung_680-scaled.jpg","type":"image\/jpeg"}],"twitter_card":"summary_large_image","twitter_site":"@svetslik","twitter_misc":{"Availability":"On backorder"},"schema":{"@context":"https:\/\/schema.org","@graph":[{"@type":["WebPage","ItemPage"],"@id":"https:\/\/svetslik.si\/hr\/vasilij-kandinski\/improvisation-28-second-version-improvisation-28-zweite-fassung\/","url":"https:\/\/svetslik.si\/hr\/vasilij-kandinski\/improvisation-28-second-version-improvisation-28-zweite-fassung\/","name":"Vasilij Kandinski - Improvisation 28 (second version) (Improvisation 28 [zweite Fassung]) - SVETSLIK.SI - 100% ru\u010dno naslikano","isPartOf":{"@id":"https:\/\/svetslik.si\/hr\/#website"},"primaryImageOfPage":{"@id":"https:\/\/svetslik.si\/hr\/vasilij-kandinski\/improvisation-28-second-version-improvisation-28-zweite-fassung\/#primaryimage"},"image":{"@id":"https:\/\/svetslik.si\/hr\/vasilij-kandinski\/improvisation-28-second-version-improvisation-28-zweite-fassung\/#primaryimage"},"thumbnailUrl":"https:\/\/svetslik.si\/wp-content\/uploads\/2021\/08\/image_Improvisation-28-second-version-Improvisation-28-zweite-Fassung_680-scaled.jpg","datePublished":"2021-09-02T15:57:09+00:00","dateModified":"2024-07-04T13:59:14+00:00","description":"Vasilij Kandinski - Improvisation 28 (second version) (Improvisation 28 [zweite Fassung]) - 100% ru\u010dno naslikane reprodukcije slika na platnu. Okvirivanje slika, prodaja i izrada slika u dimenzijama po narud\u017ebi.","breadcrumb":{"@id":"https:\/\/svetslik.si\/hr\/vasilij-kandinski\/improvisation-28-second-version-improvisation-28-zweite-fassung\/#breadcrumb"},"inLanguage":"hr","potentialAction":[{"@type":"ReadAction","target":["https:\/\/svetslik.si\/hr\/vasilij-kandinski\/improvisation-28-second-version-improvisation-28-zweite-fassung\/"]}]},{"@type":"ImageObject","inLanguage":"hr","@id":"https:\/\/svetslik.si\/hr\/vasilij-kandinski\/improvisation-28-second-version-improvisation-28-zweite-fassung\/#primaryimage","url":"https:\/\/svetslik.si\/wp-content\/uploads\/2021\/08\/image_Improvisation-28-second-version-Improvisation-28-zweite-Fassung_680-scaled.jpg","contentUrl":"https:\/\/svetslik.si\/wp-content\/uploads\/2021\/08\/image_Improvisation-28-second-version-Improvisation-28-zweite-Fassung_680-scaled.jpg","width":2560,"height":1733,"caption":"Zidne slike na platnu - Vasilij Kandinski - Improvizacija 28 (druga verzija) (Improvisation 28 [zweite Fassung]) - Ru\u010dno slikane slike, reprodukcije slika poznatih slikara, ulje na platnu, uljne slike, moderne zidne slike, umjetni\u010dke slike za zid, ambijentalne, apstraktne, dekorativne zidne slike"},{"@type":"BreadcrumbList","@id":"https:\/\/svetslik.si\/hr\/vasilij-kandinski\/improvisation-28-second-version-improvisation-28-zweite-fassung\/#breadcrumb","itemListElement":[{"@type":"ListItem","position":1,"name":"Umjetni\u010dke zidne slike na platnu","item":"https:\/\/svetslik.si\/hr\/"},{"@type":"ListItem","position":2,"name":"Prodaja slika","item":"https:\/\/svetslik.si\/prodaja-slik\/"},{"@type":"ListItem","position":3,"name":"Vasilij Kandinski &#8211; Improvisation 28 (second version) (Improvisation 28 [zweite Fassung])"}]},{"@type":"WebSite","@id":"https:\/\/svetslik.si\/hr\/#website","url":"https:\/\/svetslik.si\/hr\/","name":"SVETSLIK.SI","description":"100% ru\u010dno naslikane reprodukcije slika poznatih slikara in umjetni\u010dke zidne slike na platnu.","publisher":{"@id":"https:\/\/svetslik.si\/hr\/#organization"},"potentialAction":[{"@type":"SearchAction","target":{"@type":"EntryPoint","urlTemplate":"https:\/\/svetslik.si\/hr\/?s={search_term_string}"},"query-input":{"@type":"PropertyValueSpecification","valueRequired":true,"valueName":"search_term_string"}}],"inLanguage":"hr"},{"@type":"Organization","@id":"https:\/\/svetslik.si\/hr\/#organization","name":"SvetSlik.si","url":"https:\/\/svetslik.si\/hr\/","logo":{"@type":"ImageObject","inLanguage":"hr","@id":"https:\/\/svetslik.si\/hr\/#\/schema\/logo\/image\/","url":"https:\/\/svetslik.si\/wp-content\/uploads\/2020\/12\/logo-512.png","contentUrl":"https:\/\/svetslik.si\/wp-content\/uploads\/2020\/12\/logo-512.png","width":512,"height":512,"caption":"SvetSlik.si"},"image":{"@id":"https:\/\/svetslik.si\/hr\/#\/schema\/logo\/image\/"},"sameAs":["https:\/\/www.facebook.com\/svetslik.si","https:\/\/x.com\/svetslik","https:\/\/www.instagram.com\/svetslik.si\/","https:\/\/www.linkedin.com\/company\/svetslik-si"]}]},"og_availability":"backorder","product_availability":"available for order","product_retailer_item_id":"316__","product_condition":"new"},"jetpack_sharing_enabled":true,"_links":{"self":[{"href":"https:\/\/svetslik.si\/hr\/wp-json\/wp\/v2\/product\/25411","targetHints":{"allow":["GET"]}}],"collection":[{"href":"https:\/\/svetslik.si\/hr\/wp-json\/wp\/v2\/product"}],"about":[{"href":"https:\/\/svetslik.si\/hr\/wp-json\/wp\/v2\/types\/product"}],"wp:featuredmedia":[{"embeddable":true,"href":"https:\/\/svetslik.si\/hr\/wp-json\/wp\/v2\/media\/20335"}],"wp:attachment":[{"href":"https:\/\/svetslik.si\/hr\/wp-json\/wp\/v2\/media?parent=25411"}],"wp:term":[{"taxonomy":"product_brand","embeddable":true,"href":"https:\/\/svetslik.si\/hr\/wp-json\/wp\/v2\/product_brand?post=25411"},{"taxonomy":"product_cat","embeddable":true,"href":"https:\/\/svetslik.si\/hr\/wp-json\/wp\/v2\/product_cat?post=25411"},{"taxonomy":"product_tag","embeddable":true,"href":"https:\/\/svetslik.si\/hr\/wp-json\/wp\/v2\/product_tag?post=25411"}],"curies":[{"name":"wp","href":"https:\/\/api.w.org\/{rel}","templated":true}]}}