{"id":25420,"date":"2021-09-02T17:57:09","date_gmt":"2021-09-02T15:57:09","guid":{"rendered":"https:\/\/svetslik.si\/Bez%20kategorije\/with-the-black-arch-mit-dem-schwarzen-bogen\/"},"modified":"2025-03-17T22:24:00","modified_gmt":"2025-03-17T21:24:00","slug":"with-the-black-arch-mit-dem-schwarzen-bogen","status":"publish","type":"product","link":"https:\/\/svetslik.si\/hr\/vasilij-kandinski\/with-the-black-arch-mit-dem-schwarzen-bogen\/","title":{"rendered":"Vasilij Kandinski &#8211; With the Black Arch (Mit dem Schwarzen Bogen)"},"content":{"rendered":"<div class=\"wpb-content-wrapper\">[vc_row css=&#8221;.vc_custom_1742246511722{margin-bottom: 10px !important;}&#8221;][vc_column]\t<div class=\"et-image-466 et-image     et_image_link\">\n\t\t<div class=\"et-image-inner \">\n\t\t\t\t\t\t\t<div class=\"et-image-thumb \">\n\t\t\t\t\t<img decoding=\"async\" width=\"1500\" height=\"1500\" src=\"https:\/\/svetslik.si\/wp-content\/uploads\/2021\/09\/Vasilij-Kandinski-\u2013-With-the-Black-Arch-Mit-dem-Schwarzen-Bogen-slike-na-platnu-2.jpg\" class=\"attachment-full\" alt=\"Vasilij Kandinski \u2013 With the Black Arch (Mit dem Schwarzen Bogen) - slike na platnu\" title=\"Vasilij Kandinski - With the Black Arch (Mit dem Schwarzen Bogen)\" srcset=\"https:\/\/svetslik.si\/wp-content\/uploads\/2021\/09\/Vasilij-Kandinski-\u2013-With-the-Black-Arch-Mit-dem-Schwarzen-Bogen-slike-na-platnu-2.jpg 1500w, https:\/\/svetslik.si\/wp-content\/uploads\/2021\/09\/Vasilij-Kandinski-\u2013-With-the-Black-Arch-Mit-dem-Schwarzen-Bogen-slike-na-platnu-2-600x600.jpg 600w, https:\/\/svetslik.si\/wp-content\/uploads\/2021\/09\/Vasilij-Kandinski-\u2013-With-the-Black-Arch-Mit-dem-Schwarzen-Bogen-slike-na-platnu-2-100x100.jpg 100w, https:\/\/svetslik.si\/wp-content\/uploads\/2021\/09\/Vasilij-Kandinski-\u2013-With-the-Black-Arch-Mit-dem-Schwarzen-Bogen-slike-na-platnu-2-1200x1200.jpg 1200w, https:\/\/svetslik.si\/wp-content\/uploads\/2021\/09\/Vasilij-Kandinski-\u2013-With-the-Black-Arch-Mit-dem-Schwarzen-Bogen-slike-na-platnu-2-300x300.jpg 300w, https:\/\/svetslik.si\/wp-content\/uploads\/2021\/09\/Vasilij-Kandinski-\u2013-With-the-Black-Arch-Mit-dem-Schwarzen-Bogen-slike-na-platnu-2-1024x1024.jpg 1024w, https:\/\/svetslik.si\/wp-content\/uploads\/2021\/09\/Vasilij-Kandinski-\u2013-With-the-Black-Arch-Mit-dem-Schwarzen-Bogen-slike-na-platnu-2-150x150.jpg 150w, https:\/\/svetslik.si\/wp-content\/uploads\/2021\/09\/Vasilij-Kandinski-\u2013-With-the-Black-Arch-Mit-dem-Schwarzen-Bogen-slike-na-platnu-2-768x768.jpg 768w\" sizes=\"(max-width: 1500px) 100vw, 1500px\" \/>\t\t\t\t<\/div>\n\t\t\t\t\t\t\t\t\t\t\t<\/div>\n\t<\/div>\n  [\/vc_column][\/vc_row][vc_row css=&#8221;.vc_custom_1742246511722{margin-bottom: 10px !important;}&#8221;][vc_column]\t<div class=\"et-image-574 et-image     et_image_link\">\n\t\t<div class=\"et-image-inner \">\n\t\t\t\t\t\t\t<div class=\"et-image-thumb \">\n\t\t\t\t\t<img decoding=\"async\" width=\"1500\" height=\"2379\" src=\"https:\/\/svetslik.si\/wp-content\/uploads\/2021\/09\/Vasilij-Kandinski-\u2013-With-the-Black-Arch-Mit-dem-Schwarzen-Bogen-slike-na-platnu-4.jpg\" class=\"attachment-full\" alt=\"Vasilij Kandinski - With the Black Arch (Mit dem Schwarzen Bogen)\" title=\"Vasilij Kandinski - With the Black Arch (Mit dem Schwarzen Bogen)\" srcset=\"https:\/\/svetslik.si\/wp-content\/uploads\/2021\/09\/Vasilij-Kandinski-\u2013-With-the-Black-Arch-Mit-dem-Schwarzen-Bogen-slike-na-platnu-4.jpg 1500w, https:\/\/svetslik.si\/wp-content\/uploads\/2021\/09\/Vasilij-Kandinski-\u2013-With-the-Black-Arch-Mit-dem-Schwarzen-Bogen-slike-na-platnu-4-600x952.jpg 600w, https:\/\/svetslik.si\/wp-content\/uploads\/2021\/09\/Vasilij-Kandinski-\u2013-With-the-Black-Arch-Mit-dem-Schwarzen-Bogen-slike-na-platnu-4-1200x1903.jpg 1200w, https:\/\/svetslik.si\/wp-content\/uploads\/2021\/09\/Vasilij-Kandinski-\u2013-With-the-Black-Arch-Mit-dem-Schwarzen-Bogen-slike-na-platnu-4-189x300.jpg 189w, https:\/\/svetslik.si\/wp-content\/uploads\/2021\/09\/Vasilij-Kandinski-\u2013-With-the-Black-Arch-Mit-dem-Schwarzen-Bogen-slike-na-platnu-4-646x1024.jpg 646w, https:\/\/svetslik.si\/wp-content\/uploads\/2021\/09\/Vasilij-Kandinski-\u2013-With-the-Black-Arch-Mit-dem-Schwarzen-Bogen-slike-na-platnu-4-768x1218.jpg 768w, https:\/\/svetslik.si\/wp-content\/uploads\/2021\/09\/Vasilij-Kandinski-\u2013-With-the-Black-Arch-Mit-dem-Schwarzen-Bogen-slike-na-platnu-4-968x1536.jpg 968w, https:\/\/svetslik.si\/wp-content\/uploads\/2021\/09\/Vasilij-Kandinski-\u2013-With-the-Black-Arch-Mit-dem-Schwarzen-Bogen-slike-na-platnu-4-1291x2048.jpg 1291w, https:\/\/svetslik.si\/wp-content\/uploads\/2021\/09\/Vasilij-Kandinski-\u2013-With-the-Black-Arch-Mit-dem-Schwarzen-Bogen-slike-na-platnu-4-95x150.jpg 95w\" sizes=\"(max-width: 1500px) 100vw, 1500px\" \/>\t\t\t\t<\/div>\n\t\t\t\t\t\t\t\t\t\t\t<\/div>\n\t<\/div>\n  [\/vc_column][\/vc_row][vc_row css=&#8221;.vc_custom_1742246511722{margin-bottom: 10px !important;}&#8221;][vc_column]\t<div class=\"et-image-592 et-image     et_image_link\">\n\t\t<div class=\"et-image-inner \">\n\t\t\t\t\t\t\t<div class=\"et-image-thumb \">\n\t\t\t\t\t<img decoding=\"async\" width=\"1500\" height=\"2035\" src=\"https:\/\/svetslik.si\/wp-content\/uploads\/2021\/09\/Vasilij-Kandinski-\u2013-With-the-Black-Arch-Mit-dem-Schwarzen-Bogen-slike-na-platnu-3.jpg\" class=\"attachment-full\" alt=\"Vasilij Kandinski \u2013 With the Black Arch (Mit dem Schwarzen Bogen) - slike na platnu\" title=\"Vasilij Kandinski - With the Black Arch (Mit dem Schwarzen Bogen)\" srcset=\"https:\/\/svetslik.si\/wp-content\/uploads\/2021\/09\/Vasilij-Kandinski-\u2013-With-the-Black-Arch-Mit-dem-Schwarzen-Bogen-slike-na-platnu-3.jpg 1500w, https:\/\/svetslik.si\/wp-content\/uploads\/2021\/09\/Vasilij-Kandinski-\u2013-With-the-Black-Arch-Mit-dem-Schwarzen-Bogen-slike-na-platnu-3-600x814.jpg 600w, https:\/\/svetslik.si\/wp-content\/uploads\/2021\/09\/Vasilij-Kandinski-\u2013-With-the-Black-Arch-Mit-dem-Schwarzen-Bogen-slike-na-platnu-3-1200x1628.jpg 1200w, https:\/\/svetslik.si\/wp-content\/uploads\/2021\/09\/Vasilij-Kandinski-\u2013-With-the-Black-Arch-Mit-dem-Schwarzen-Bogen-slike-na-platnu-3-221x300.jpg 221w, https:\/\/svetslik.si\/wp-content\/uploads\/2021\/09\/Vasilij-Kandinski-\u2013-With-the-Black-Arch-Mit-dem-Schwarzen-Bogen-slike-na-platnu-3-755x1024.jpg 755w, https:\/\/svetslik.si\/wp-content\/uploads\/2021\/09\/Vasilij-Kandinski-\u2013-With-the-Black-Arch-Mit-dem-Schwarzen-Bogen-slike-na-platnu-3-768x1042.jpg 768w, https:\/\/svetslik.si\/wp-content\/uploads\/2021\/09\/Vasilij-Kandinski-\u2013-With-the-Black-Arch-Mit-dem-Schwarzen-Bogen-slike-na-platnu-3-1132x1536.jpg 1132w, https:\/\/svetslik.si\/wp-content\/uploads\/2021\/09\/Vasilij-Kandinski-\u2013-With-the-Black-Arch-Mit-dem-Schwarzen-Bogen-slike-na-platnu-3-111x150.jpg 111w\" sizes=\"(max-width: 1500px) 100vw, 1500px\" \/>\t\t\t\t<\/div>\n\t\t\t\t\t\t\t\t\t\t\t<\/div>\n\t<\/div>\n  [\/vc_column][\/vc_row][vc_row css=&#8221;.vc_custom_1742246511722{margin-bottom: 10px !important;}&#8221;][vc_column]\t<div class=\"et-image-970 et-image     et_image_link\">\n\t\t<div class=\"et-image-inner \">\n\t\t\t\t\t\t\t<div class=\"et-image-thumb \">\n\t\t\t\t\t<img decoding=\"async\" width=\"1500\" height=\"1125\" src=\"https:\/\/svetslik.si\/wp-content\/uploads\/2021\/09\/Vasilij-Kandinski-\u2013-With-the-Black-Arch-Mit-dem-Schwarzen-Bogen-slike-na-platnu.jpg\" class=\"attachment-full\" alt=\"Vasilij Kandinski \u2013 With the Black Arch (Mit dem Schwarzen Bogen) - slike na platnu\" title=\"Vasilij Kandinski - With the Black Arch (Mit dem Schwarzen Bogen)\" srcset=\"https:\/\/svetslik.si\/wp-content\/uploads\/2021\/09\/Vasilij-Kandinski-\u2013-With-the-Black-Arch-Mit-dem-Schwarzen-Bogen-slike-na-platnu.jpg 1500w, https:\/\/svetslik.si\/wp-content\/uploads\/2021\/09\/Vasilij-Kandinski-\u2013-With-the-Black-Arch-Mit-dem-Schwarzen-Bogen-slike-na-platnu-600x450.jpg 600w, https:\/\/svetslik.si\/wp-content\/uploads\/2021\/09\/Vasilij-Kandinski-\u2013-With-the-Black-Arch-Mit-dem-Schwarzen-Bogen-slike-na-platnu-1200x900.jpg 1200w, https:\/\/svetslik.si\/wp-content\/uploads\/2021\/09\/Vasilij-Kandinski-\u2013-With-the-Black-Arch-Mit-dem-Schwarzen-Bogen-slike-na-platnu-300x225.jpg 300w, https:\/\/svetslik.si\/wp-content\/uploads\/2021\/09\/Vasilij-Kandinski-\u2013-With-the-Black-Arch-Mit-dem-Schwarzen-Bogen-slike-na-platnu-1024x768.jpg 1024w, https:\/\/svetslik.si\/wp-content\/uploads\/2021\/09\/Vasilij-Kandinski-\u2013-With-the-Black-Arch-Mit-dem-Schwarzen-Bogen-slike-na-platnu-768x576.jpg 768w, https:\/\/svetslik.si\/wp-content\/uploads\/2021\/09\/Vasilij-Kandinski-\u2013-With-the-Black-Arch-Mit-dem-Schwarzen-Bogen-slike-na-platnu-150x113.jpg 150w\" sizes=\"(max-width: 1500px) 100vw, 1500px\" \/>\t\t\t\t<\/div>\n\t\t\t\t\t\t\t\t\t\t\t<\/div>\n\t<\/div>\n  [\/vc_column][\/vc_row][vc_row][vc_column][vc_column_text]\n<h1>Vasilij Kandinski &#8211; S crnim lukom (Mit dem Schwarzen Bogen)<\/h1>\n<p>&nbsp;<\/p>\n<table style=\"width: 673px;\" border=\"0\" width=\"673\" cellspacing=\"0\" cellpadding=\"0\">\n<tbody>\n<tr>\n<td style=\"width: 180px; height: 21px;\" height=\"21\">Godina stvaranja:<\/td>\n<td style=\"width: 493px;\">1912.<\/td>\n<\/tr>\n<tr>\n<td style=\"width: 180px; height: 21px;\" height=\"21\">Izvorna veli\u010dina:<\/td>\n<td style=\"width: 493px;\">196 cm x 188 cm<\/td>\n<\/tr>\n<tr>\n<td style=\"width: 180px; height: 21px;\" height=\"21\">Stil bojanja:<\/td>\n<td style=\"width: 493px;\">Apstraktna umjetnost<\/td>\n<\/tr>\n<tr>\n<td style=\"width: 180px; height: 21px;\" height=\"21\">Izvorna tehnika:<\/td>\n<td>Ulje na platnu<\/td>\n<\/tr>\n<tr>\n<td style=\"width: 180px; height: 21px;\" height=\"21\">Lokacija:<\/td>\n<td>Nacionalni muzej moderne umjetnosti Pariz<\/td>\n<\/tr>\n<\/tbody>\n<colgroup>\n<col \/>\n<col \/> <\/colgroup>\n<\/table>\n<p>&nbsp;<\/p>\n<p>Vasilij Kandinski bio je jedan od najutjecajnijih umjetnika 20. stolje\u0107a, poznat po svom pionirskom radu na polju apstraktne umjetnosti. Jedna od njegovih najpoznatijih slika je &#8220;S crnom ma\u0161nom&#8221; (Mit dem Schwarzen Bogen), nastala 1913. Ova slika izvrstan je primjer Kandinskog istra\u017eivanja forme, boje i pokreta u njegovoj umjetnosti.<\/p>\n<p>Slika se sastoji od odva\u017enih, rastegnutih linija i dinami\u010dnih oblika koji kao da ple\u0161u po platnu. Crni luk u sredi\u0161tu slike sna\u017ena je \u017eari\u0161na to\u010dka koja u\u010dvr\u0161\u0107uje kompoziciju. Luk je okru\u017een vrtlo\u017enim apstraktnim oblicima koji stvaraju osje\u0107aj kretanja i energije.<\/p>\n<p>I na ovoj je slici uo\u010dljiva upotreba boja Kandinskog. Crna ma\u0161na je u o\u0161trom kontrastu sa svijetlim, hrabrim bojama koje je okru\u017euju. Naran\u010daste, \u017eute i plave nijanse kori\u0161tene na slici dodatno poja\u010davaju osje\u0107aj pokreta i energije.<\/p>\n<p>Ova se slika smatra jednim od najva\u017enijih djela Kandinskog i smatra se remek-djelom apstraktne umjetnosti. Trenutno je izlo\u017eena u St\u00e4dtische Galerie im Lenbachhaus u M\u00fcnchenu, Njema\u010dka.<\/p>\n<p>Kada tra\u017eite sliku koju biste dodali u svoju kolekciju, &#8220;S crnom ma\u0161nom&#8221; je odli\u010dan izbor. To je vizualno upe\u010datljiva i sna\u017ena slika koja \u0107e unijeti osje\u0107aj pokreta i energije u svaku prostoriju. Nadalje, ovo je djelo koje \u0107e se godinama cijeniti i prou\u010davati, \u0161to ga \u010dini vrijednim dodatkom svakoj umjetni\u010dkoj zbirci.<\/p>\n<p>Sve u svemu, slika &#8220;S crnim lukom&#8221; obavezna je za svakoga tko je zainteresiran za rad Vasilija Kandinskog ili povijest apstraktne umjetnosti. To je sna\u017ena i vizualno zapanjuju\u0107a slika koja i danas nadahnjuje i uzbu\u0111uje publiku.<\/p>\n<\/div>","protected":false},"excerpt":{"rendered":"<p>[vc_row css=&#8221;.vc_custom_1742246511722{margin-bottom: 10px !important;}&#8221;][vc_column][\/vc_column][\/vc_row][vc_row css=&#8221;.vc_custom_1742246511722{margin-bottom: 10px !important;}&#8221;][vc_column][\/vc_column][\/vc_row][vc_row css=&#8221;.vc_custom_1742246511722{margin-bottom: 10px !important;}&#8221;][vc_column][\/vc_column][\/vc_row][vc_row css=&#8221;.vc_custom_1742246511722{margin-bottom: 10px !important;}&#8221;][vc_column][\/vc_column][\/vc_row][vc_row][vc_column][vc_column_text] Vasilij Kandinski &#8211; S crnim lukom (Mit dem Schwarzen Bogen) &nbsp; Godina stvaranja: 1912. Izvorna veli\u010dina: 196 cm x 188 cm Stil bojanja: Apstraktna umjetnost Izvorna tehnika: Ulje na platnu Lokacija: Nacionalni muzej moderne umjetnosti Pariz &nbsp; [&hellip;]<\/p>\n","protected":false},"featured_media":19935,"template":"","meta":{"_acf_changed":false},"product_brand":[],"product_cat":[3380],"product_tag":[4086,4087,4069,4070,4071],"class_list":{"0":"post-25420","1":"product","2":"type-product","3":"status-publish","4":"has-post-thumbnail","6":"product_cat-vasilij-kandinski","7":"product_tag-kandinski-hr","8":"product_tag-kandinsky-hr","9":"product_tag-reprodukcija-hr","10":"product_tag-reprodukcije-hr","11":"product_tag-slikar-hr","12":"pa_dimenzija-100-x-100-cm","13":"pa_dimenzija-120-x-120-cm","14":"pa_dimenzija-140-x-130-cm","15":"pa_dimenzija-160-x-150-cm","16":"pa_dimenzija-180-x-170-cm","17":"pa_dimenzija-196-x-188-cm","18":"pa_dimenzija-60-x-60-cm","19":"pa_dimenzija-80-x-80-cm","20":"pa_oblika-kvadrat-hr-2","21":"pa_okvir-bez-okvira","22":"pa_podokvir-bez-podokvira","23":"pa_podokvir-sa-podokvirom","25":"first","26":"onbackorder","27":"purchasable","28":"product-type-variable","29":"has-default-attributes"},"acf":[],"yoast_head":"<!-- This site is optimized with the Yoast SEO Premium plugin v26.0 (Yoast SEO v27.2) - https:\/\/yoast.com\/product\/yoast-seo-premium-wordpress\/ -->\n<title>Vasilij Kandinski - With the Black Arch (Mit dem Schwarzen Bogen) - SVETSLIK.SI - 100% ru\u010dno naslikano<\/title>\n<meta name=\"description\" content=\"Vasilij Kandinski - With the Black Arch (Mit dem Schwarzen Bogen) - 100% ru\u010dno naslikane reprodukcije slika na platnu. Uokvirivanje slika, prodaja i izrada slika u dimenzijama po narud\u017ebi.\" \/>\n<meta name=\"robots\" content=\"index, follow, max-snippet:-1, max-image-preview:large, max-video-preview:-1\" \/>\n<link rel=\"canonical\" href=\"https:\/\/svetslik.si\/hr\/vasilij-kandinski\/with-the-black-arch-mit-dem-schwarzen-bogen\/\" \/>\n<meta property=\"og:locale\" content=\"hr_HR\" \/>\n<meta property=\"og:type\" content=\"article\" \/>\n<meta property=\"og:title\" content=\"Vasilij Kandinski - With the Black Arch (Mit dem Schwarzen Bogen)\" \/>\n<meta property=\"og:description\" content=\"100% ro\u010dno naslikane slike na platnu, reprodukcije znanih slikarjev in umetni\u0161ke slike po naro\u010dilu.\" \/>\n<meta property=\"og:url\" content=\"https:\/\/svetslik.si\/hr\/vasilij-kandinski\/with-the-black-arch-mit-dem-schwarzen-bogen\/\" \/>\n<meta property=\"og:site_name\" content=\"SVETSLIK.SI\" \/>\n<meta property=\"article:publisher\" content=\"https:\/\/www.facebook.com\/svetslik.si\" \/>\n<meta property=\"article:modified_time\" content=\"2025-03-17T21:24:00+00:00\" \/>\n<meta property=\"og:image\" content=\"https:\/\/svetslik.si\/wp-content\/uploads\/2021\/08\/image_With-the-Black-Arch-Mit-dem-Schwarzen-Bogen_680.jpg\" \/>\n\t<meta property=\"og:image:width\" content=\"1072\" \/>\n\t<meta property=\"og:image:height\" content=\"1024\" \/>\n\t<meta property=\"og:image:type\" content=\"image\/jpeg\" \/>\n<meta name=\"twitter:card\" content=\"summary_large_image\" \/>\n<meta name=\"twitter:site\" content=\"@svetslik\" \/>\n<meta name=\"twitter:label1\" content=\"Availability\" \/>\n\t<meta name=\"twitter:data1\" content=\"On backorder\" \/>\n<script type=\"application\/ld+json\" class=\"yoast-schema-graph\">{\"@context\":\"https:\/\/schema.org\",\"@graph\":[{\"@type\":[\"WebPage\",\"ItemPage\"],\"@id\":\"https:\/\/svetslik.si\/hr\/vasilij-kandinski\/with-the-black-arch-mit-dem-schwarzen-bogen\/\",\"url\":\"https:\/\/svetslik.si\/hr\/vasilij-kandinski\/with-the-black-arch-mit-dem-schwarzen-bogen\/\",\"name\":\"Vasilij Kandinski - With the Black Arch (Mit dem Schwarzen Bogen) - SVETSLIK.SI - 100% ru\u010dno naslikano\",\"isPartOf\":{\"@id\":\"https:\/\/svetslik.si\/hr\/#website\"},\"primaryImageOfPage\":{\"@id\":\"https:\/\/svetslik.si\/hr\/vasilij-kandinski\/with-the-black-arch-mit-dem-schwarzen-bogen\/#primaryimage\"},\"image\":{\"@id\":\"https:\/\/svetslik.si\/hr\/vasilij-kandinski\/with-the-black-arch-mit-dem-schwarzen-bogen\/#primaryimage\"},\"thumbnailUrl\":\"https:\/\/svetslik.si\/wp-content\/uploads\/2021\/08\/image_With-the-Black-Arch-Mit-dem-Schwarzen-Bogen_680.jpg\",\"datePublished\":\"2021-09-02T15:57:09+00:00\",\"dateModified\":\"2025-03-17T21:24:00+00:00\",\"description\":\"Vasilij Kandinski - With the Black Arch (Mit dem Schwarzen Bogen) - 100% ru\u010dno naslikane reprodukcije slika na platnu. Uokvirivanje slika, prodaja i izrada slika u dimenzijama po narud\u017ebi.\",\"breadcrumb\":{\"@id\":\"https:\/\/svetslik.si\/hr\/vasilij-kandinski\/with-the-black-arch-mit-dem-schwarzen-bogen\/#breadcrumb\"},\"inLanguage\":\"hr\",\"potentialAction\":[{\"@type\":\"ReadAction\",\"target\":[\"https:\/\/svetslik.si\/hr\/vasilij-kandinski\/with-the-black-arch-mit-dem-schwarzen-bogen\/\"]}]},{\"@type\":\"ImageObject\",\"inLanguage\":\"hr\",\"@id\":\"https:\/\/svetslik.si\/hr\/vasilij-kandinski\/with-the-black-arch-mit-dem-schwarzen-bogen\/#primaryimage\",\"url\":\"https:\/\/svetslik.si\/wp-content\/uploads\/2021\/08\/image_With-the-Black-Arch-Mit-dem-Schwarzen-Bogen_680.jpg\",\"contentUrl\":\"https:\/\/svetslik.si\/wp-content\/uploads\/2021\/08\/image_With-the-Black-Arch-Mit-dem-Schwarzen-Bogen_680.jpg\",\"width\":1072,\"height\":1024,\"caption\":\"Vasilij Kandinski - S crnim lukom (Mit dem Schwarzen Bogen) - Reprodukcije slikara, ru\u010dno slikane zidne slike, ulje na platnu, uljane slike, umjetni\u010dke slike, moderne slike za na zid, ambijentalne slike, apstraktne slike, dekorativne slike\"},{\"@type\":\"BreadcrumbList\",\"@id\":\"https:\/\/svetslik.si\/hr\/vasilij-kandinski\/with-the-black-arch-mit-dem-schwarzen-bogen\/#breadcrumb\",\"itemListElement\":[{\"@type\":\"ListItem\",\"position\":1,\"name\":\"Umjetni\u010dke zidne slike na platnu\",\"item\":\"https:\/\/svetslik.si\/hr\/\"},{\"@type\":\"ListItem\",\"position\":2,\"name\":\"Prodaja slika\",\"item\":\"https:\/\/svetslik.si\/prodaja-slik\/\"},{\"@type\":\"ListItem\",\"position\":3,\"name\":\"Vasilij Kandinski &#8211; With the Black Arch (Mit dem Schwarzen Bogen)\"}]},{\"@type\":\"WebSite\",\"@id\":\"https:\/\/svetslik.si\/hr\/#website\",\"url\":\"https:\/\/svetslik.si\/hr\/\",\"name\":\"SVETSLIK.SI\",\"description\":\"100% ru\u010dno naslikane reprodukcije slika poznatih slikara in umjetni\u010dke zidne slike na platnu.\",\"publisher\":{\"@id\":\"https:\/\/svetslik.si\/hr\/#organization\"},\"potentialAction\":[{\"@type\":\"SearchAction\",\"target\":{\"@type\":\"EntryPoint\",\"urlTemplate\":\"https:\/\/svetslik.si\/hr\/?s={search_term_string}\"},\"query-input\":{\"@type\":\"PropertyValueSpecification\",\"valueRequired\":true,\"valueName\":\"search_term_string\"}}],\"inLanguage\":\"hr\"},{\"@type\":\"Organization\",\"@id\":\"https:\/\/svetslik.si\/hr\/#organization\",\"name\":\"SvetSlik.si\",\"url\":\"https:\/\/svetslik.si\/hr\/\",\"logo\":{\"@type\":\"ImageObject\",\"inLanguage\":\"hr\",\"@id\":\"https:\/\/svetslik.si\/hr\/#\/schema\/logo\/image\/\",\"url\":\"https:\/\/svetslik.si\/wp-content\/uploads\/2020\/12\/logo-512.png\",\"contentUrl\":\"https:\/\/svetslik.si\/wp-content\/uploads\/2020\/12\/logo-512.png\",\"width\":512,\"height\":512,\"caption\":\"SvetSlik.si\"},\"image\":{\"@id\":\"https:\/\/svetslik.si\/hr\/#\/schema\/logo\/image\/\"},\"sameAs\":[\"https:\/\/www.facebook.com\/svetslik.si\",\"https:\/\/x.com\/svetslik\",\"https:\/\/www.instagram.com\/svetslik.si\/\",\"https:\/\/www.linkedin.com\/company\/svetslik-si\"]}]}<\/script>\n<meta property=\"og:availability\" content=\"backorder\" \/>\n<meta property=\"product:availability\" content=\"available for order\" \/>\n<meta property=\"product:retailer_item_id\" content=\"317__\" \/>\n<meta property=\"product:condition\" content=\"new\" \/>\n<!-- \/ Yoast SEO Premium plugin. -->","yoast_head_json":{"title":"Vasilij Kandinski - With the Black Arch (Mit dem Schwarzen Bogen) - SVETSLIK.SI - 100% ru\u010dno naslikano","description":"Vasilij Kandinski - With the Black Arch (Mit dem Schwarzen Bogen) - 100% ru\u010dno naslikane reprodukcije slika na platnu. Uokvirivanje slika, prodaja i izrada slika u dimenzijama po narud\u017ebi.","robots":{"index":"index","follow":"follow","max-snippet":"max-snippet:-1","max-image-preview":"max-image-preview:large","max-video-preview":"max-video-preview:-1"},"canonical":"https:\/\/svetslik.si\/hr\/vasilij-kandinski\/with-the-black-arch-mit-dem-schwarzen-bogen\/","og_locale":"hr_HR","og_type":"article","og_title":"Vasilij Kandinski - With the Black Arch (Mit dem Schwarzen Bogen)","og_description":"100% ro\u010dno naslikane slike na platnu, reprodukcije znanih slikarjev in umetni\u0161ke slike po naro\u010dilu.","og_url":"https:\/\/svetslik.si\/hr\/vasilij-kandinski\/with-the-black-arch-mit-dem-schwarzen-bogen\/","og_site_name":"SVETSLIK.SI","article_publisher":"https:\/\/www.facebook.com\/svetslik.si","article_modified_time":"2025-03-17T21:24:00+00:00","og_image":[{"width":1072,"height":1024,"url":"https:\/\/svetslik.si\/wp-content\/uploads\/2021\/08\/image_With-the-Black-Arch-Mit-dem-Schwarzen-Bogen_680.jpg","type":"image\/jpeg"}],"twitter_card":"summary_large_image","twitter_site":"@svetslik","twitter_misc":{"Availability":"On backorder"},"schema":{"@context":"https:\/\/schema.org","@graph":[{"@type":["WebPage","ItemPage"],"@id":"https:\/\/svetslik.si\/hr\/vasilij-kandinski\/with-the-black-arch-mit-dem-schwarzen-bogen\/","url":"https:\/\/svetslik.si\/hr\/vasilij-kandinski\/with-the-black-arch-mit-dem-schwarzen-bogen\/","name":"Vasilij Kandinski - With the Black Arch (Mit dem Schwarzen Bogen) - SVETSLIK.SI - 100% ru\u010dno naslikano","isPartOf":{"@id":"https:\/\/svetslik.si\/hr\/#website"},"primaryImageOfPage":{"@id":"https:\/\/svetslik.si\/hr\/vasilij-kandinski\/with-the-black-arch-mit-dem-schwarzen-bogen\/#primaryimage"},"image":{"@id":"https:\/\/svetslik.si\/hr\/vasilij-kandinski\/with-the-black-arch-mit-dem-schwarzen-bogen\/#primaryimage"},"thumbnailUrl":"https:\/\/svetslik.si\/wp-content\/uploads\/2021\/08\/image_With-the-Black-Arch-Mit-dem-Schwarzen-Bogen_680.jpg","datePublished":"2021-09-02T15:57:09+00:00","dateModified":"2025-03-17T21:24:00+00:00","description":"Vasilij Kandinski - With the Black Arch (Mit dem Schwarzen Bogen) - 100% ru\u010dno naslikane reprodukcije slika na platnu. Uokvirivanje slika, prodaja i izrada slika u dimenzijama po narud\u017ebi.","breadcrumb":{"@id":"https:\/\/svetslik.si\/hr\/vasilij-kandinski\/with-the-black-arch-mit-dem-schwarzen-bogen\/#breadcrumb"},"inLanguage":"hr","potentialAction":[{"@type":"ReadAction","target":["https:\/\/svetslik.si\/hr\/vasilij-kandinski\/with-the-black-arch-mit-dem-schwarzen-bogen\/"]}]},{"@type":"ImageObject","inLanguage":"hr","@id":"https:\/\/svetslik.si\/hr\/vasilij-kandinski\/with-the-black-arch-mit-dem-schwarzen-bogen\/#primaryimage","url":"https:\/\/svetslik.si\/wp-content\/uploads\/2021\/08\/image_With-the-Black-Arch-Mit-dem-Schwarzen-Bogen_680.jpg","contentUrl":"https:\/\/svetslik.si\/wp-content\/uploads\/2021\/08\/image_With-the-Black-Arch-Mit-dem-Schwarzen-Bogen_680.jpg","width":1072,"height":1024,"caption":"Vasilij Kandinski - S crnim lukom (Mit dem Schwarzen Bogen) - Reprodukcije slikara, ru\u010dno slikane zidne slike, ulje na platnu, uljane slike, umjetni\u010dke slike, moderne slike za na zid, ambijentalne slike, apstraktne slike, dekorativne slike"},{"@type":"BreadcrumbList","@id":"https:\/\/svetslik.si\/hr\/vasilij-kandinski\/with-the-black-arch-mit-dem-schwarzen-bogen\/#breadcrumb","itemListElement":[{"@type":"ListItem","position":1,"name":"Umjetni\u010dke zidne slike na platnu","item":"https:\/\/svetslik.si\/hr\/"},{"@type":"ListItem","position":2,"name":"Prodaja slika","item":"https:\/\/svetslik.si\/prodaja-slik\/"},{"@type":"ListItem","position":3,"name":"Vasilij Kandinski &#8211; With the Black Arch (Mit dem Schwarzen Bogen)"}]},{"@type":"WebSite","@id":"https:\/\/svetslik.si\/hr\/#website","url":"https:\/\/svetslik.si\/hr\/","name":"SVETSLIK.SI","description":"100% ru\u010dno naslikane reprodukcije slika poznatih slikara in umjetni\u010dke zidne slike na platnu.","publisher":{"@id":"https:\/\/svetslik.si\/hr\/#organization"},"potentialAction":[{"@type":"SearchAction","target":{"@type":"EntryPoint","urlTemplate":"https:\/\/svetslik.si\/hr\/?s={search_term_string}"},"query-input":{"@type":"PropertyValueSpecification","valueRequired":true,"valueName":"search_term_string"}}],"inLanguage":"hr"},{"@type":"Organization","@id":"https:\/\/svetslik.si\/hr\/#organization","name":"SvetSlik.si","url":"https:\/\/svetslik.si\/hr\/","logo":{"@type":"ImageObject","inLanguage":"hr","@id":"https:\/\/svetslik.si\/hr\/#\/schema\/logo\/image\/","url":"https:\/\/svetslik.si\/wp-content\/uploads\/2020\/12\/logo-512.png","contentUrl":"https:\/\/svetslik.si\/wp-content\/uploads\/2020\/12\/logo-512.png","width":512,"height":512,"caption":"SvetSlik.si"},"image":{"@id":"https:\/\/svetslik.si\/hr\/#\/schema\/logo\/image\/"},"sameAs":["https:\/\/www.facebook.com\/svetslik.si","https:\/\/x.com\/svetslik","https:\/\/www.instagram.com\/svetslik.si\/","https:\/\/www.linkedin.com\/company\/svetslik-si"]}]},"og_availability":"backorder","product_availability":"available for order","product_retailer_item_id":"317__","product_condition":"new"},"jetpack_sharing_enabled":true,"_links":{"self":[{"href":"https:\/\/svetslik.si\/hr\/wp-json\/wp\/v2\/product\/25420","targetHints":{"allow":["GET"]}}],"collection":[{"href":"https:\/\/svetslik.si\/hr\/wp-json\/wp\/v2\/product"}],"about":[{"href":"https:\/\/svetslik.si\/hr\/wp-json\/wp\/v2\/types\/product"}],"wp:featuredmedia":[{"embeddable":true,"href":"https:\/\/svetslik.si\/hr\/wp-json\/wp\/v2\/media\/19935"}],"wp:attachment":[{"href":"https:\/\/svetslik.si\/hr\/wp-json\/wp\/v2\/media?parent=25420"}],"wp:term":[{"taxonomy":"product_brand","embeddable":true,"href":"https:\/\/svetslik.si\/hr\/wp-json\/wp\/v2\/product_brand?post=25420"},{"taxonomy":"product_cat","embeddable":true,"href":"https:\/\/svetslik.si\/hr\/wp-json\/wp\/v2\/product_cat?post=25420"},{"taxonomy":"product_tag","embeddable":true,"href":"https:\/\/svetslik.si\/hr\/wp-json\/wp\/v2\/product_tag?post=25420"}],"curies":[{"name":"wp","href":"https:\/\/api.w.org\/{rel}","templated":true}]}}