{"id":25429,"date":"2021-09-02T17:56:56","date_gmt":"2021-09-02T15:56:56","guid":{"rendered":"https:\/\/svetslik.si\/Bez%20kategorije\/improvisation-19\/"},"modified":"2024-07-04T15:59:14","modified_gmt":"2024-07-04T13:59:14","slug":"improvisation-19","status":"publish","type":"product","link":"https:\/\/svetslik.si\/hr\/vasilij-kandinski\/improvisation-19\/","title":{"rendered":"Vasilij Kandinski &#8211; Improvisation 19"},"content":{"rendered":"<h1>Vasilij Kandinski &#8211; Improvizacija 19<\/h1>\n<p>&nbsp;<\/p>\n<table style=\"width: 673px\" border=\"0\" width=\"673\" cellspacing=\"0\" cellpadding=\"0\">\n<tbody>\n<tr>\n<td style=\"width: 180px;height: 21px\" height=\"21\">Godina stvaranja:<\/td>\n<td style=\"width: 493px\">1911.<\/td>\n<\/tr>\n<tr>\n<td style=\"width: 180px;height: 21px\" height=\"21\">Izvorna veli\u010dina:<\/td>\n<td style=\"width: 493px\">141,5 cm x 120 cm<\/td>\n<\/tr>\n<tr>\n<td style=\"width: 180px;height: 21px\" height=\"21\">Stil bojanja:<\/td>\n<td style=\"width: 493px\">Apstraktna umjetnost<\/td>\n<\/tr>\n<tr>\n<td style=\"width: 180px;height: 21px\" height=\"21\">Izvorna tehnika:<\/td>\n<td>Ulje na platnu<\/td>\n<\/tr>\n<tr>\n<td style=\"width: 180px;height: 21px\" height=\"21\">Lokacija:<\/td>\n<td>Nacionalna galerija, M\u00fcnchen<\/td>\n<\/tr>\n<\/tbody>\n<colgroup>\n<col \/>\n<col \/> <\/colgroup>\n<\/table>\n<p>Improvizacija 19 Vasilija Kandinskog upe\u010datljiva je i dinami\u010dna slika koja pokazuje umjetnikov jedinstveni stil i pristup apstrakciji. Ovo djelo, nastalo 1910. godine, smatra se jednim od najva\u017enijih djela Kandinskog iz razdoblja njegova prijelaza na apstrakciju.<\/p>\n<p>Slikom dominira podebljani, crni oblik koji izgleda kao da je u pokretu, s linijama i oblicima koji zra\u010de iz njegovog sredi\u0161ta. Upotreba boja je minimalna, a crna forma je u kontrastu sa svijetlom pozadinom, stvaraju\u0107i osje\u0107aj dubine i pokreta. Kompozicija je dinami\u010dna, a potezi ekspresivni, \u0161to slici daje osje\u0107aj energije i pokreta.<\/p>\n<p>Upotreba apstrakcije u ovoj slici predstavlja zna\u010dajan odmak od tradicionalne prikazne umjetnosti. Vjerovao je da umjetnost treba biti izraz unutarnjih emocija i osje\u0107aja, a ne reprezentacija vanjskog svijeta. Ova je slika izvrstan primjer kako je rad Kandinskog raskinuo tradiciju i utro put razvoju apstraktne umjetnosti.<\/p>\n<p>Slika se trenutno nalazi u St\u00e4dtische Galerie im Lenbachhaus u M\u00fcnchenu, Njema\u010dka. Smatra se jednim od najva\u017enijih djela umjetnikove karijere i moraju ga vidjeti svi zainteresirani za razvoj apstraktne umjetnosti.<\/p>\n<p>Svojom odva\u017enom kompozicijom i dinami\u010dnom upotrebom boja i oblika, &#8220;Improvizacija 19&#8221; sna\u017ean je primjer jedinstvenog stila Kandinskog i svjedo\u010danstvo njegove trajne ostav\u0161tine kao jedne od najva\u017enijih figura u povijesti apstraktne umjetnosti. Kao va\u017ean dio povijesti umjetnosti, ljubitelji umjetnosti i svi zainteresirani za razvoj apstraktne umjetnosti trebali bi ga morati vidjeti.<\/p>\n<p>&nbsp;<\/p>\n","protected":false},"excerpt":{"rendered":"<p>Vasilij Kandinski &#8211; Improvizacija 19 &nbsp; Godina stvaranja: 1911. Izvorna veli\u010dina: 141,5 cm x 120 cm Stil bojanja: Apstraktna umjetnost Izvorna tehnika: Ulje na platnu Lokacija: Nacionalna galerija, M\u00fcnchen Improvizacija 19 Vasilija Kandinskog upe\u010datljiva je i dinami\u010dna slika koja pokazuje umjetnikov jedinstveni stil i pristup apstrakciji. Ovo djelo, nastalo 1910. [&hellip;]<\/p>\n","protected":false},"featured_media":20333,"template":"","meta":{"_acf_changed":false},"product_brand":[],"product_cat":[3380],"product_tag":[4086,4087,4069,4070,4071],"class_list":{"0":"post-25429","1":"product","2":"type-product","3":"status-publish","4":"has-post-thumbnail","6":"product_cat-vasilij-kandinski","7":"product_tag-kandinski-hr","8":"product_tag-kandinsky-hr","9":"product_tag-reprodukcija-hr","10":"product_tag-reprodukcije-hr","11":"product_tag-slikar-hr","12":"pa_dimenzija-110-x-90-cm-hr","13":"pa_dimenzija-120-x-100-cm-hr","14":"pa_dimenzija-142-x-120-cm-hr","15":"pa_dimenzija-180-x-150-cm-hr","16":"pa_dimenzija-200-x-170-cm-hr","17":"pa_dimenzija-60-x-50-cm-hr","18":"pa_dimenzija-80-x-70-cm-hr","19":"pa_dimenzija-90-x-80-cm-hr","20":"pa_oblika-horizontalno","21":"pa_okvir-bez-okvira","22":"pa_podokvir-bez-podokvira","23":"pa_podokvir-sa-podokvirom","25":"first","26":"onbackorder","27":"purchasable","28":"product-type-variable","29":"has-default-attributes"},"acf":[],"yoast_head":"<!-- This site is optimized with the Yoast SEO Premium plugin v26.0 (Yoast SEO v27.2) - https:\/\/yoast.com\/product\/yoast-seo-premium-wordpress\/ -->\n<title>Vasilij Kandinski - Improvisation 19 - SVETSLIK.SI - 100% ru\u010dno naslikano<\/title>\n<meta name=\"description\" content=\"Vasilij Kandinski - Improvisation 19 - 100% ru\u010dno naslikane reprodukcije slika na platnu. Uramljivanje slika, prodaja i izrada slika u dimenzijama po narud\u017ebi.\" \/>\n<meta name=\"robots\" content=\"index, follow, max-snippet:-1, max-image-preview:large, max-video-preview:-1\" \/>\n<link rel=\"canonical\" href=\"https:\/\/svetslik.si\/hr\/vasilij-kandinski\/improvisation-19\/\" \/>\n<meta property=\"og:locale\" content=\"hr_HR\" \/>\n<meta property=\"og:type\" content=\"article\" \/>\n<meta property=\"og:title\" content=\"Vasilij Kandinski - Improvisation 19\" \/>\n<meta property=\"og:description\" content=\"100% ro\u010dno naslikane slike na platnu, reprodukcije znanih slikarjev in umetni\u0161ke slike po naro\u010dilu.\" \/>\n<meta property=\"og:url\" content=\"https:\/\/svetslik.si\/hr\/vasilij-kandinski\/improvisation-19\/\" \/>\n<meta property=\"og:site_name\" content=\"SVETSLIK.SI\" \/>\n<meta property=\"article:publisher\" content=\"https:\/\/www.facebook.com\/svetslik.si\" \/>\n<meta property=\"article:modified_time\" content=\"2024-07-04T13:59:14+00:00\" \/>\n<meta property=\"og:image\" content=\"https:\/\/svetslik.si\/wp-content\/uploads\/2021\/08\/image_Improvisation-19_680.jpg\" \/>\n\t<meta property=\"og:image:width\" content=\"1800\" \/>\n\t<meta property=\"og:image:height\" content=\"1510\" \/>\n\t<meta property=\"og:image:type\" content=\"image\/jpeg\" \/>\n<meta name=\"twitter:card\" content=\"summary_large_image\" \/>\n<meta name=\"twitter:site\" content=\"@svetslik\" \/>\n<meta name=\"twitter:label1\" content=\"Availability\" \/>\n\t<meta name=\"twitter:data1\" content=\"On backorder\" \/>\n<script type=\"application\/ld+json\" class=\"yoast-schema-graph\">{\"@context\":\"https:\/\/schema.org\",\"@graph\":[{\"@type\":[\"WebPage\",\"ItemPage\"],\"@id\":\"https:\/\/svetslik.si\/hr\/vasilij-kandinski\/improvisation-19\/\",\"url\":\"https:\/\/svetslik.si\/hr\/vasilij-kandinski\/improvisation-19\/\",\"name\":\"Vasilij Kandinski - Improvisation 19 - SVETSLIK.SI - 100% ru\u010dno naslikano\",\"isPartOf\":{\"@id\":\"https:\/\/svetslik.si\/hr\/#website\"},\"primaryImageOfPage\":{\"@id\":\"https:\/\/svetslik.si\/hr\/vasilij-kandinski\/improvisation-19\/#primaryimage\"},\"image\":{\"@id\":\"https:\/\/svetslik.si\/hr\/vasilij-kandinski\/improvisation-19\/#primaryimage\"},\"thumbnailUrl\":\"https:\/\/svetslik.si\/wp-content\/uploads\/2021\/08\/image_Improvisation-19_680.jpg\",\"datePublished\":\"2021-09-02T15:56:56+00:00\",\"dateModified\":\"2024-07-04T13:59:14+00:00\",\"description\":\"Vasilij Kandinski - Improvisation 19 - 100% ru\u010dno naslikane reprodukcije slika na platnu. Uramljivanje slika, prodaja i izrada slika u dimenzijama po narud\u017ebi.\",\"breadcrumb\":{\"@id\":\"https:\/\/svetslik.si\/hr\/vasilij-kandinski\/improvisation-19\/#breadcrumb\"},\"inLanguage\":\"hr\",\"potentialAction\":[{\"@type\":\"ReadAction\",\"target\":[\"https:\/\/svetslik.si\/hr\/vasilij-kandinski\/improvisation-19\/\"]}]},{\"@type\":\"ImageObject\",\"inLanguage\":\"hr\",\"@id\":\"https:\/\/svetslik.si\/hr\/vasilij-kandinski\/improvisation-19\/#primaryimage\",\"url\":\"https:\/\/svetslik.si\/wp-content\/uploads\/2021\/08\/image_Improvisation-19_680.jpg\",\"contentUrl\":\"https:\/\/svetslik.si\/wp-content\/uploads\/2021\/08\/image_Improvisation-19_680.jpg\",\"width\":1800,\"height\":1510,\"caption\":\"Zidne slike na platnu - Vasilij Kandinski - Improvizacija 19A - Ru\u010dno slikane slike, reprodukcije slika poznatih slikara, ulje na platnu, uljne slike, moderne zidne slike, umjetni\u010dke slike za zid, ambijentalne, apstraktne, dekorativne zidne slike\"},{\"@type\":\"BreadcrumbList\",\"@id\":\"https:\/\/svetslik.si\/hr\/vasilij-kandinski\/improvisation-19\/#breadcrumb\",\"itemListElement\":[{\"@type\":\"ListItem\",\"position\":1,\"name\":\"Umjetni\u010dke zidne slike na platnu\",\"item\":\"https:\/\/svetslik.si\/hr\/\"},{\"@type\":\"ListItem\",\"position\":2,\"name\":\"Prodaja slika\",\"item\":\"https:\/\/svetslik.si\/prodaja-slik\/\"},{\"@type\":\"ListItem\",\"position\":3,\"name\":\"Vasilij Kandinski &#8211; Improvisation 19\"}]},{\"@type\":\"WebSite\",\"@id\":\"https:\/\/svetslik.si\/hr\/#website\",\"url\":\"https:\/\/svetslik.si\/hr\/\",\"name\":\"SVETSLIK.SI\",\"description\":\"100% ru\u010dno naslikane reprodukcije slika poznatih slikara in umjetni\u010dke zidne slike na platnu.\",\"publisher\":{\"@id\":\"https:\/\/svetslik.si\/hr\/#organization\"},\"potentialAction\":[{\"@type\":\"SearchAction\",\"target\":{\"@type\":\"EntryPoint\",\"urlTemplate\":\"https:\/\/svetslik.si\/hr\/?s={search_term_string}\"},\"query-input\":{\"@type\":\"PropertyValueSpecification\",\"valueRequired\":true,\"valueName\":\"search_term_string\"}}],\"inLanguage\":\"hr\"},{\"@type\":\"Organization\",\"@id\":\"https:\/\/svetslik.si\/hr\/#organization\",\"name\":\"SvetSlik.si\",\"url\":\"https:\/\/svetslik.si\/hr\/\",\"logo\":{\"@type\":\"ImageObject\",\"inLanguage\":\"hr\",\"@id\":\"https:\/\/svetslik.si\/hr\/#\/schema\/logo\/image\/\",\"url\":\"https:\/\/svetslik.si\/wp-content\/uploads\/2020\/12\/logo-512.png\",\"contentUrl\":\"https:\/\/svetslik.si\/wp-content\/uploads\/2020\/12\/logo-512.png\",\"width\":512,\"height\":512,\"caption\":\"SvetSlik.si\"},\"image\":{\"@id\":\"https:\/\/svetslik.si\/hr\/#\/schema\/logo\/image\/\"},\"sameAs\":[\"https:\/\/www.facebook.com\/svetslik.si\",\"https:\/\/x.com\/svetslik\",\"https:\/\/www.instagram.com\/svetslik.si\/\",\"https:\/\/www.linkedin.com\/company\/svetslik-si\"]}]}<\/script>\n<meta property=\"og:availability\" content=\"backorder\" \/>\n<meta property=\"product:availability\" content=\"available for order\" \/>\n<meta property=\"product:retailer_item_id\" content=\"313__\" \/>\n<meta property=\"product:condition\" content=\"new\" \/>\n<!-- \/ Yoast SEO Premium plugin. -->","yoast_head_json":{"title":"Vasilij Kandinski - Improvisation 19 - SVETSLIK.SI - 100% ru\u010dno naslikano","description":"Vasilij Kandinski - Improvisation 19 - 100% ru\u010dno naslikane reprodukcije slika na platnu. Uramljivanje slika, prodaja i izrada slika u dimenzijama po narud\u017ebi.","robots":{"index":"index","follow":"follow","max-snippet":"max-snippet:-1","max-image-preview":"max-image-preview:large","max-video-preview":"max-video-preview:-1"},"canonical":"https:\/\/svetslik.si\/hr\/vasilij-kandinski\/improvisation-19\/","og_locale":"hr_HR","og_type":"article","og_title":"Vasilij Kandinski - Improvisation 19","og_description":"100% ro\u010dno naslikane slike na platnu, reprodukcije znanih slikarjev in umetni\u0161ke slike po naro\u010dilu.","og_url":"https:\/\/svetslik.si\/hr\/vasilij-kandinski\/improvisation-19\/","og_site_name":"SVETSLIK.SI","article_publisher":"https:\/\/www.facebook.com\/svetslik.si","article_modified_time":"2024-07-04T13:59:14+00:00","og_image":[{"width":1800,"height":1510,"url":"https:\/\/svetslik.si\/wp-content\/uploads\/2021\/08\/image_Improvisation-19_680.jpg","type":"image\/jpeg"}],"twitter_card":"summary_large_image","twitter_site":"@svetslik","twitter_misc":{"Availability":"On backorder"},"schema":{"@context":"https:\/\/schema.org","@graph":[{"@type":["WebPage","ItemPage"],"@id":"https:\/\/svetslik.si\/hr\/vasilij-kandinski\/improvisation-19\/","url":"https:\/\/svetslik.si\/hr\/vasilij-kandinski\/improvisation-19\/","name":"Vasilij Kandinski - Improvisation 19 - SVETSLIK.SI - 100% ru\u010dno naslikano","isPartOf":{"@id":"https:\/\/svetslik.si\/hr\/#website"},"primaryImageOfPage":{"@id":"https:\/\/svetslik.si\/hr\/vasilij-kandinski\/improvisation-19\/#primaryimage"},"image":{"@id":"https:\/\/svetslik.si\/hr\/vasilij-kandinski\/improvisation-19\/#primaryimage"},"thumbnailUrl":"https:\/\/svetslik.si\/wp-content\/uploads\/2021\/08\/image_Improvisation-19_680.jpg","datePublished":"2021-09-02T15:56:56+00:00","dateModified":"2024-07-04T13:59:14+00:00","description":"Vasilij Kandinski - Improvisation 19 - 100% ru\u010dno naslikane reprodukcije slika na platnu. Uramljivanje slika, prodaja i izrada slika u dimenzijama po narud\u017ebi.","breadcrumb":{"@id":"https:\/\/svetslik.si\/hr\/vasilij-kandinski\/improvisation-19\/#breadcrumb"},"inLanguage":"hr","potentialAction":[{"@type":"ReadAction","target":["https:\/\/svetslik.si\/hr\/vasilij-kandinski\/improvisation-19\/"]}]},{"@type":"ImageObject","inLanguage":"hr","@id":"https:\/\/svetslik.si\/hr\/vasilij-kandinski\/improvisation-19\/#primaryimage","url":"https:\/\/svetslik.si\/wp-content\/uploads\/2021\/08\/image_Improvisation-19_680.jpg","contentUrl":"https:\/\/svetslik.si\/wp-content\/uploads\/2021\/08\/image_Improvisation-19_680.jpg","width":1800,"height":1510,"caption":"Zidne slike na platnu - Vasilij Kandinski - Improvizacija 19A - Ru\u010dno slikane slike, reprodukcije slika poznatih slikara, ulje na platnu, uljne slike, moderne zidne slike, umjetni\u010dke slike za zid, ambijentalne, apstraktne, dekorativne zidne slike"},{"@type":"BreadcrumbList","@id":"https:\/\/svetslik.si\/hr\/vasilij-kandinski\/improvisation-19\/#breadcrumb","itemListElement":[{"@type":"ListItem","position":1,"name":"Umjetni\u010dke zidne slike na platnu","item":"https:\/\/svetslik.si\/hr\/"},{"@type":"ListItem","position":2,"name":"Prodaja slika","item":"https:\/\/svetslik.si\/prodaja-slik\/"},{"@type":"ListItem","position":3,"name":"Vasilij Kandinski &#8211; Improvisation 19"}]},{"@type":"WebSite","@id":"https:\/\/svetslik.si\/hr\/#website","url":"https:\/\/svetslik.si\/hr\/","name":"SVETSLIK.SI","description":"100% ru\u010dno naslikane reprodukcije slika poznatih slikara in umjetni\u010dke zidne slike na platnu.","publisher":{"@id":"https:\/\/svetslik.si\/hr\/#organization"},"potentialAction":[{"@type":"SearchAction","target":{"@type":"EntryPoint","urlTemplate":"https:\/\/svetslik.si\/hr\/?s={search_term_string}"},"query-input":{"@type":"PropertyValueSpecification","valueRequired":true,"valueName":"search_term_string"}}],"inLanguage":"hr"},{"@type":"Organization","@id":"https:\/\/svetslik.si\/hr\/#organization","name":"SvetSlik.si","url":"https:\/\/svetslik.si\/hr\/","logo":{"@type":"ImageObject","inLanguage":"hr","@id":"https:\/\/svetslik.si\/hr\/#\/schema\/logo\/image\/","url":"https:\/\/svetslik.si\/wp-content\/uploads\/2020\/12\/logo-512.png","contentUrl":"https:\/\/svetslik.si\/wp-content\/uploads\/2020\/12\/logo-512.png","width":512,"height":512,"caption":"SvetSlik.si"},"image":{"@id":"https:\/\/svetslik.si\/hr\/#\/schema\/logo\/image\/"},"sameAs":["https:\/\/www.facebook.com\/svetslik.si","https:\/\/x.com\/svetslik","https:\/\/www.instagram.com\/svetslik.si\/","https:\/\/www.linkedin.com\/company\/svetslik-si"]}]},"og_availability":"backorder","product_availability":"available for order","product_retailer_item_id":"313__","product_condition":"new"},"jetpack_sharing_enabled":true,"_links":{"self":[{"href":"https:\/\/svetslik.si\/hr\/wp-json\/wp\/v2\/product\/25429","targetHints":{"allow":["GET"]}}],"collection":[{"href":"https:\/\/svetslik.si\/hr\/wp-json\/wp\/v2\/product"}],"about":[{"href":"https:\/\/svetslik.si\/hr\/wp-json\/wp\/v2\/types\/product"}],"wp:featuredmedia":[{"embeddable":true,"href":"https:\/\/svetslik.si\/hr\/wp-json\/wp\/v2\/media\/20333"}],"wp:attachment":[{"href":"https:\/\/svetslik.si\/hr\/wp-json\/wp\/v2\/media?parent=25429"}],"wp:term":[{"taxonomy":"product_brand","embeddable":true,"href":"https:\/\/svetslik.si\/hr\/wp-json\/wp\/v2\/product_brand?post=25429"},{"taxonomy":"product_cat","embeddable":true,"href":"https:\/\/svetslik.si\/hr\/wp-json\/wp\/v2\/product_cat?post=25429"},{"taxonomy":"product_tag","embeddable":true,"href":"https:\/\/svetslik.si\/hr\/wp-json\/wp\/v2\/product_tag?post=25429"}],"curies":[{"name":"wp","href":"https:\/\/api.w.org\/{rel}","templated":true}]}}