{"id":25447,"date":"2021-09-02T17:56:43","date_gmt":"2021-09-02T15:56:43","guid":{"rendered":"https:\/\/svetslik.si\/Bez%20kategorije\/impression-v-park\/"},"modified":"2024-07-04T15:59:23","modified_gmt":"2024-07-04T13:59:23","slug":"impression-v-park","status":"publish","type":"product","link":"https:\/\/svetslik.si\/hr\/vasilij-kandinski\/impression-v-park\/","title":{"rendered":"Vasilij Kandinski &#8211; Impression V (Park)"},"content":{"rendered":"<h1>Vasilij Kandinski &#8211; Impresija V (Park)<\/h1>\n<table border=\"0\" width=\"673\" cellspacing=\"0\" cellpadding=\"0\">\n<colgroup>\n<col style=\"width: 135pt\" width=\"180\" \/>\n<col style=\"width: 370pt\" width=\"493\" \/> <\/colgroup>\n<tbody>\n<tr style=\"height: 15.75pt\">\n<td class=\"xl24\" width=\"180\" height=\"21\">Godina stvaranja:<\/td>\n<td class=\"xl25\" style=\"width: 370pt\" width=\"493\">1911<\/td>\n<\/tr>\n<tr style=\"height: 15.75pt\">\n<td class=\"xl24\" width=\"180\" height=\"21\">Izvorna veli\u010dina:<\/td>\n<td class=\"xl24\" style=\"width: 370pt\" width=\"493\">157,5 cm x 106 cm<\/td>\n<\/tr>\n<tr style=\"height: 15.75pt\">\n<td class=\"xl24\" width=\"180\" height=\"21\">Stil bojanja:<\/td>\n<td class=\"xl24\" style=\"width: 370pt\" width=\"493\">Apstraktna umjetnost<\/td>\n<\/tr>\n<tr style=\"height: 15.75pt\">\n<td class=\"xl24\" width=\"180\" height=\"21\">Izvorna tehnika:<\/td>\n<td>Ulje na platnu<\/td>\n<\/tr>\n<tr style=\"height: 15.75pt\">\n<td class=\"xl24\" width=\"180\" height=\"21\">Lokacija:<\/td>\n<td>Muzej moderne umjetnosti Pariz<\/td>\n<\/tr>\n<\/tbody>\n<\/table>\n<p>Wassily Kandinsky jedna je od najutjecajnijih osoba u povijesti apstraktne umjetnosti. Njegove radove, koji nastaju nekoliko desetlje\u0107a, karakterizira hrabra upotreba boja i oblika te naglasak na emocionalnoj snazi \u200b\u200bumjetnosti. Jedna od njegovih najmarkantnijih i najsna\u017enijih slika je &#8220;Impresija V (Park)&#8221;.<\/p>\n<p>Slika, poznata i kao &#8220;Park&#8221;, nastala je 1911. godine i smatra se jednim od najva\u017enijih djela Kandinskog iz njegovog ranog razdoblja. Slika je izvrstan primjer njegove upotrebe boje i oblika kako bi u promatra\u010du pobudio emocije. Na slici dominira hrabra plava boja kojoj je kontrast \u017eiva naran\u010dasto-crvena boja. Plava boja simbolizira nebo i more, dok naran\u010dasto-crvena boja simbolizira sunce i vatru. Kombinacija ovih dviju boja stvara osje\u0107aj pokreta i energije, \u0161to je poja\u010dano rastegnutim linijama i oblicima koji ispunjavaju platno.<\/p>\n<p>Jedna od najupe\u010datljivijih zna\u010dajki ove slike je kori\u0161tenje negativnog prostora. Kandinski majstorski koristi prazne prostore na slici kako bi stvorio osje\u0107aj dubine i pokreta. Pogled promatra\u010da privu\u010den je sredi\u0161tu slike, gdje se rastegnute linije i oblici spajaju, stvaraju\u0107i osje\u0107aj pokreta i energije.<\/p>\n<p>&#8220;Impresija V (Park)&#8221; Kandinskog nije samo remek-djelo apstraktne umjetnosti, ve\u0107 i istra\u017eivanje emocionalne snage umjetnosti. Svojom upotrebom boja i oblika Kandinski stvara osje\u0107aj pokreta i energije koji je istodobno uzbudljiv i umiruju\u0107i. Ova slika dokaz je umjetni\u010dke vje\u0161tine Kandinskog i njegove sposobnosti da kroz svoju umjetnost izazove emocije kod promatra\u010da. Slika je obavezna za ljubitelje umjetnosti i sve one koje zanima povijest apstraktne umjetnosti.<\/p>\n","protected":false},"excerpt":{"rendered":"<p>Vasilij Kandinski &#8211; Impresija V (Park) Godina stvaranja: 1911 Izvorna veli\u010dina: 157,5 cm x 106 cm Stil bojanja: Apstraktna umjetnost Izvorna tehnika: Ulje na platnu Lokacija: Muzej moderne umjetnosti Pariz Wassily Kandinsky jedna je od najutjecajnijih osoba u povijesti apstraktne umjetnosti. Njegove radove, koji nastaju nekoliko desetlje\u0107a, karakterizira hrabra upotreba [&hellip;]<\/p>\n","protected":false},"featured_media":21043,"template":"","meta":{"_acf_changed":false},"product_brand":[],"product_cat":[3380],"product_tag":[4086,4087,4069,4070,4071],"class_list":{"0":"post-25447","1":"product","2":"type-product","3":"status-publish","4":"has-post-thumbnail","6":"product_cat-vasilij-kandinski","7":"product_tag-kandinski-hr","8":"product_tag-kandinsky-hr","9":"product_tag-reprodukcija-hr","10":"product_tag-reprodukcije-hr","11":"product_tag-slikar-hr","12":"pa_dimenzija-100-x-70-cm","13":"pa_dimenzija-120-x-80-cm","14":"pa_dimenzija-140-x-90-cm","15":"pa_dimenzija-158-x-106-cm","16":"pa_dimenzija-180-x-120-cm","17":"pa_dimenzija-200-x-140-cm","18":"pa_dimenzija-60-x-40-cm","19":"pa_dimenzija-80-x-50-cm","20":"pa_oblika-horizontalno","21":"pa_okvir-bez-okvira","22":"pa_podokvir-bez-podokvira","23":"pa_podokvir-sa-podokvirom","25":"first","26":"onbackorder","27":"purchasable","28":"product-type-variable","29":"has-default-attributes"},"acf":[],"yoast_head":"<!-- This site is optimized with the Yoast SEO Premium plugin v26.0 (Yoast SEO v27.2) - https:\/\/yoast.com\/product\/yoast-seo-premium-wordpress\/ -->\n<title>Vasilij Kandinski - Impression V (Park) - SVETSLIK.SI - 100% ru\u010dno naslikano<\/title>\n<meta name=\"description\" content=\"Vasilij Kandinski - Impression V (Park) - 100% ru\u010dno naslikane reprodukcije slika na platnu. Uramljivanje slika, prodaja i izrada slika u dimenzijama po narud\u017ebi.\" \/>\n<meta name=\"robots\" content=\"index, follow, max-snippet:-1, max-image-preview:large, max-video-preview:-1\" \/>\n<link rel=\"canonical\" href=\"https:\/\/svetslik.si\/hr\/vasilij-kandinski\/impression-v-park\/\" \/>\n<meta property=\"og:locale\" content=\"hr_HR\" \/>\n<meta property=\"og:type\" content=\"article\" \/>\n<meta property=\"og:title\" content=\"Vasilij Kandinski - Impression V (Park)\" \/>\n<meta property=\"og:description\" content=\"100% ro\u010dno naslikane slike na platnu, reprodukcije znanih slikarjev in umetni\u0161ke slike po naro\u010dilu.\" \/>\n<meta property=\"og:url\" content=\"https:\/\/svetslik.si\/hr\/vasilij-kandinski\/impression-v-park\/\" \/>\n<meta property=\"og:site_name\" content=\"SVETSLIK.SI\" \/>\n<meta property=\"article:publisher\" content=\"https:\/\/www.facebook.com\/svetslik.si\" \/>\n<meta property=\"article:modified_time\" content=\"2024-07-04T13:59:23+00:00\" \/>\n<meta property=\"og:image\" content=\"https:\/\/svetslik.si\/wp-content\/uploads\/2021\/09\/Impression_V_Park_by_Wassily_Kandinsky_1911.jpg\" \/>\n\t<meta property=\"og:image:width\" content=\"956\" \/>\n\t<meta property=\"og:image:height\" content=\"640\" \/>\n\t<meta property=\"og:image:type\" content=\"image\/jpeg\" \/>\n<meta name=\"twitter:card\" content=\"summary_large_image\" \/>\n<meta name=\"twitter:site\" content=\"@svetslik\" \/>\n<meta name=\"twitter:label1\" content=\"Availability\" \/>\n\t<meta name=\"twitter:data1\" content=\"On backorder\" \/>\n<script type=\"application\/ld+json\" class=\"yoast-schema-graph\">{\"@context\":\"https:\/\/schema.org\",\"@graph\":[{\"@type\":[\"WebPage\",\"ItemPage\"],\"@id\":\"https:\/\/svetslik.si\/hr\/vasilij-kandinski\/impression-v-park\/\",\"url\":\"https:\/\/svetslik.si\/hr\/vasilij-kandinski\/impression-v-park\/\",\"name\":\"Vasilij Kandinski - Impression V (Park) - SVETSLIK.SI - 100% ru\u010dno naslikano\",\"isPartOf\":{\"@id\":\"https:\/\/svetslik.si\/hr\/#website\"},\"primaryImageOfPage\":{\"@id\":\"https:\/\/svetslik.si\/hr\/vasilij-kandinski\/impression-v-park\/#primaryimage\"},\"image\":{\"@id\":\"https:\/\/svetslik.si\/hr\/vasilij-kandinski\/impression-v-park\/#primaryimage\"},\"thumbnailUrl\":\"https:\/\/svetslik.si\/wp-content\/uploads\/2021\/09\/Impression_V_Park_by_Wassily_Kandinsky_1911.jpg\",\"datePublished\":\"2021-09-02T15:56:43+00:00\",\"dateModified\":\"2024-07-04T13:59:23+00:00\",\"description\":\"Vasilij Kandinski - Impression V (Park) - 100% ru\u010dno naslikane reprodukcije slika na platnu. Uramljivanje slika, prodaja i izrada slika u dimenzijama po narud\u017ebi.\",\"breadcrumb\":{\"@id\":\"https:\/\/svetslik.si\/hr\/vasilij-kandinski\/impression-v-park\/#breadcrumb\"},\"inLanguage\":\"hr\",\"potentialAction\":[{\"@type\":\"ReadAction\",\"target\":[\"https:\/\/svetslik.si\/hr\/vasilij-kandinski\/impression-v-park\/\"]}]},{\"@type\":\"ImageObject\",\"inLanguage\":\"hr\",\"@id\":\"https:\/\/svetslik.si\/hr\/vasilij-kandinski\/impression-v-park\/#primaryimage\",\"url\":\"https:\/\/svetslik.si\/wp-content\/uploads\/2021\/09\/Impression_V_Park_by_Wassily_Kandinsky_1911.jpg\",\"contentUrl\":\"https:\/\/svetslik.si\/wp-content\/uploads\/2021\/09\/Impression_V_Park_by_Wassily_Kandinsky_1911.jpg\",\"width\":956,\"height\":640,\"caption\":\"Reprodukcije poznatih slikara - moderne zidne slike - umjetni\u010dke slike za zid: Impresija V (Park) by Wassily Kandinsky, 1911 (reprodukcija slike)\"},{\"@type\":\"BreadcrumbList\",\"@id\":\"https:\/\/svetslik.si\/hr\/vasilij-kandinski\/impression-v-park\/#breadcrumb\",\"itemListElement\":[{\"@type\":\"ListItem\",\"position\":1,\"name\":\"Umjetni\u010dke zidne slike na platnu\",\"item\":\"https:\/\/svetslik.si\/hr\/\"},{\"@type\":\"ListItem\",\"position\":2,\"name\":\"Prodaja slika\",\"item\":\"https:\/\/svetslik.si\/prodaja-slik\/\"},{\"@type\":\"ListItem\",\"position\":3,\"name\":\"Vasilij Kandinski &#8211; Impression V (Park)\"}]},{\"@type\":\"WebSite\",\"@id\":\"https:\/\/svetslik.si\/hr\/#website\",\"url\":\"https:\/\/svetslik.si\/hr\/\",\"name\":\"SVETSLIK.SI\",\"description\":\"100% ru\u010dno naslikane reprodukcije slika poznatih slikara in umjetni\u010dke zidne slike na platnu.\",\"publisher\":{\"@id\":\"https:\/\/svetslik.si\/hr\/#organization\"},\"potentialAction\":[{\"@type\":\"SearchAction\",\"target\":{\"@type\":\"EntryPoint\",\"urlTemplate\":\"https:\/\/svetslik.si\/hr\/?s={search_term_string}\"},\"query-input\":{\"@type\":\"PropertyValueSpecification\",\"valueRequired\":true,\"valueName\":\"search_term_string\"}}],\"inLanguage\":\"hr\"},{\"@type\":\"Organization\",\"@id\":\"https:\/\/svetslik.si\/hr\/#organization\",\"name\":\"SvetSlik.si\",\"url\":\"https:\/\/svetslik.si\/hr\/\",\"logo\":{\"@type\":\"ImageObject\",\"inLanguage\":\"hr\",\"@id\":\"https:\/\/svetslik.si\/hr\/#\/schema\/logo\/image\/\",\"url\":\"https:\/\/svetslik.si\/wp-content\/uploads\/2020\/12\/logo-512.png\",\"contentUrl\":\"https:\/\/svetslik.si\/wp-content\/uploads\/2020\/12\/logo-512.png\",\"width\":512,\"height\":512,\"caption\":\"SvetSlik.si\"},\"image\":{\"@id\":\"https:\/\/svetslik.si\/hr\/#\/schema\/logo\/image\/\"},\"sameAs\":[\"https:\/\/www.facebook.com\/svetslik.si\",\"https:\/\/x.com\/svetslik\",\"https:\/\/www.instagram.com\/svetslik.si\/\",\"https:\/\/www.linkedin.com\/company\/svetslik-si\"]}]}<\/script>\n<meta property=\"og:availability\" content=\"backorder\" \/>\n<meta property=\"product:availability\" content=\"available for order\" \/>\n<meta property=\"product:retailer_item_id\" content=\"312__\" \/>\n<meta property=\"product:condition\" content=\"new\" \/>\n<!-- \/ Yoast SEO Premium plugin. -->","yoast_head_json":{"title":"Vasilij Kandinski - Impression V (Park) - SVETSLIK.SI - 100% ru\u010dno naslikano","description":"Vasilij Kandinski - Impression V (Park) - 100% ru\u010dno naslikane reprodukcije slika na platnu. Uramljivanje slika, prodaja i izrada slika u dimenzijama po narud\u017ebi.","robots":{"index":"index","follow":"follow","max-snippet":"max-snippet:-1","max-image-preview":"max-image-preview:large","max-video-preview":"max-video-preview:-1"},"canonical":"https:\/\/svetslik.si\/hr\/vasilij-kandinski\/impression-v-park\/","og_locale":"hr_HR","og_type":"article","og_title":"Vasilij Kandinski - Impression V (Park)","og_description":"100% ro\u010dno naslikane slike na platnu, reprodukcije znanih slikarjev in umetni\u0161ke slike po naro\u010dilu.","og_url":"https:\/\/svetslik.si\/hr\/vasilij-kandinski\/impression-v-park\/","og_site_name":"SVETSLIK.SI","article_publisher":"https:\/\/www.facebook.com\/svetslik.si","article_modified_time":"2024-07-04T13:59:23+00:00","og_image":[{"width":956,"height":640,"url":"https:\/\/svetslik.si\/wp-content\/uploads\/2021\/09\/Impression_V_Park_by_Wassily_Kandinsky_1911.jpg","type":"image\/jpeg"}],"twitter_card":"summary_large_image","twitter_site":"@svetslik","twitter_misc":{"Availability":"On backorder"},"schema":{"@context":"https:\/\/schema.org","@graph":[{"@type":["WebPage","ItemPage"],"@id":"https:\/\/svetslik.si\/hr\/vasilij-kandinski\/impression-v-park\/","url":"https:\/\/svetslik.si\/hr\/vasilij-kandinski\/impression-v-park\/","name":"Vasilij Kandinski - Impression V (Park) - SVETSLIK.SI - 100% ru\u010dno naslikano","isPartOf":{"@id":"https:\/\/svetslik.si\/hr\/#website"},"primaryImageOfPage":{"@id":"https:\/\/svetslik.si\/hr\/vasilij-kandinski\/impression-v-park\/#primaryimage"},"image":{"@id":"https:\/\/svetslik.si\/hr\/vasilij-kandinski\/impression-v-park\/#primaryimage"},"thumbnailUrl":"https:\/\/svetslik.si\/wp-content\/uploads\/2021\/09\/Impression_V_Park_by_Wassily_Kandinsky_1911.jpg","datePublished":"2021-09-02T15:56:43+00:00","dateModified":"2024-07-04T13:59:23+00:00","description":"Vasilij Kandinski - Impression V (Park) - 100% ru\u010dno naslikane reprodukcije slika na platnu. Uramljivanje slika, prodaja i izrada slika u dimenzijama po narud\u017ebi.","breadcrumb":{"@id":"https:\/\/svetslik.si\/hr\/vasilij-kandinski\/impression-v-park\/#breadcrumb"},"inLanguage":"hr","potentialAction":[{"@type":"ReadAction","target":["https:\/\/svetslik.si\/hr\/vasilij-kandinski\/impression-v-park\/"]}]},{"@type":"ImageObject","inLanguage":"hr","@id":"https:\/\/svetslik.si\/hr\/vasilij-kandinski\/impression-v-park\/#primaryimage","url":"https:\/\/svetslik.si\/wp-content\/uploads\/2021\/09\/Impression_V_Park_by_Wassily_Kandinsky_1911.jpg","contentUrl":"https:\/\/svetslik.si\/wp-content\/uploads\/2021\/09\/Impression_V_Park_by_Wassily_Kandinsky_1911.jpg","width":956,"height":640,"caption":"Reprodukcije poznatih slikara - moderne zidne slike - umjetni\u010dke slike za zid: Impresija V (Park) by Wassily Kandinsky, 1911 (reprodukcija slike)"},{"@type":"BreadcrumbList","@id":"https:\/\/svetslik.si\/hr\/vasilij-kandinski\/impression-v-park\/#breadcrumb","itemListElement":[{"@type":"ListItem","position":1,"name":"Umjetni\u010dke zidne slike na platnu","item":"https:\/\/svetslik.si\/hr\/"},{"@type":"ListItem","position":2,"name":"Prodaja slika","item":"https:\/\/svetslik.si\/prodaja-slik\/"},{"@type":"ListItem","position":3,"name":"Vasilij Kandinski &#8211; Impression V (Park)"}]},{"@type":"WebSite","@id":"https:\/\/svetslik.si\/hr\/#website","url":"https:\/\/svetslik.si\/hr\/","name":"SVETSLIK.SI","description":"100% ru\u010dno naslikane reprodukcije slika poznatih slikara in umjetni\u010dke zidne slike na platnu.","publisher":{"@id":"https:\/\/svetslik.si\/hr\/#organization"},"potentialAction":[{"@type":"SearchAction","target":{"@type":"EntryPoint","urlTemplate":"https:\/\/svetslik.si\/hr\/?s={search_term_string}"},"query-input":{"@type":"PropertyValueSpecification","valueRequired":true,"valueName":"search_term_string"}}],"inLanguage":"hr"},{"@type":"Organization","@id":"https:\/\/svetslik.si\/hr\/#organization","name":"SvetSlik.si","url":"https:\/\/svetslik.si\/hr\/","logo":{"@type":"ImageObject","inLanguage":"hr","@id":"https:\/\/svetslik.si\/hr\/#\/schema\/logo\/image\/","url":"https:\/\/svetslik.si\/wp-content\/uploads\/2020\/12\/logo-512.png","contentUrl":"https:\/\/svetslik.si\/wp-content\/uploads\/2020\/12\/logo-512.png","width":512,"height":512,"caption":"SvetSlik.si"},"image":{"@id":"https:\/\/svetslik.si\/hr\/#\/schema\/logo\/image\/"},"sameAs":["https:\/\/www.facebook.com\/svetslik.si","https:\/\/x.com\/svetslik","https:\/\/www.instagram.com\/svetslik.si\/","https:\/\/www.linkedin.com\/company\/svetslik-si"]}]},"og_availability":"backorder","product_availability":"available for order","product_retailer_item_id":"312__","product_condition":"new"},"jetpack_sharing_enabled":true,"_links":{"self":[{"href":"https:\/\/svetslik.si\/hr\/wp-json\/wp\/v2\/product\/25447","targetHints":{"allow":["GET"]}}],"collection":[{"href":"https:\/\/svetslik.si\/hr\/wp-json\/wp\/v2\/product"}],"about":[{"href":"https:\/\/svetslik.si\/hr\/wp-json\/wp\/v2\/types\/product"}],"wp:featuredmedia":[{"embeddable":true,"href":"https:\/\/svetslik.si\/hr\/wp-json\/wp\/v2\/media\/21043"}],"wp:attachment":[{"href":"https:\/\/svetslik.si\/hr\/wp-json\/wp\/v2\/media?parent=25447"}],"wp:term":[{"taxonomy":"product_brand","embeddable":true,"href":"https:\/\/svetslik.si\/hr\/wp-json\/wp\/v2\/product_brand?post=25447"},{"taxonomy":"product_cat","embeddable":true,"href":"https:\/\/svetslik.si\/hr\/wp-json\/wp\/v2\/product_cat?post=25447"},{"taxonomy":"product_tag","embeddable":true,"href":"https:\/\/svetslik.si\/hr\/wp-json\/wp\/v2\/product_tag?post=25447"}],"curies":[{"name":"wp","href":"https:\/\/api.w.org\/{rel}","templated":true}]}}