{"id":25474,"date":"2021-09-02T17:56:32","date_gmt":"2021-09-02T15:56:32","guid":{"rendered":"https:\/\/svetslik.si\/Bez%20kategorije\/impression-iii-concert-impression-iii-konzert\/"},"modified":"2024-07-04T15:59:34","modified_gmt":"2024-07-04T13:59:34","slug":"impression-iii-concert-impression-iii-konzert","status":"publish","type":"product","link":"https:\/\/svetslik.si\/hr\/vasilij-kandinski\/impression-iii-concert-impression-iii-konzert\/","title":{"rendered":"Vasilij Kandinski &#8211; Impression III (Concert) (Impression III [Konzert])"},"content":{"rendered":"<h1>Vasilij Kandinski &#8211; Dojam III (Koncert) (Dojam III [Koncert])<\/h1>\n<table border=\"0\" width=\"673\" cellspacing=\"0\" cellpadding=\"0\">\n<colgroup>\n<col style=\"width: 135pt\" width=\"180\" \/>\n<col style=\"width: 370pt\" width=\"493\" \/> <\/colgroup>\n<tbody>\n<tr style=\"height: 15.75pt\">\n<td class=\"xl24\" width=\"180\" height=\"21\">Godina stvaranja:<\/td>\n<td class=\"xl25\" style=\"width: 370pt\" width=\"493\">1911<\/td>\n<\/tr>\n<tr style=\"height: 15.75pt\">\n<td class=\"xl24\" width=\"180\" height=\"21\">Izvorna veli\u010dina:<\/td>\n<td class=\"xl24\" style=\"width: 370pt\" width=\"493\">100 cm x 77,5 cm<\/td>\n<\/tr>\n<tr style=\"height: 15.75pt\">\n<td class=\"xl24\" width=\"180\" height=\"21\">Stil bojanja:<\/td>\n<td class=\"xl24\" style=\"width: 370pt\" width=\"493\">Apstraktna umjetnost<\/td>\n<\/tr>\n<tr style=\"height: 15.75pt\">\n<td class=\"xl24\" width=\"180\" height=\"21\">Izvorna tehnika:<\/td>\n<td>Ulje na platnu<\/td>\n<\/tr>\n<tr style=\"height: 15.75pt\">\n<td class=\"xl24\" width=\"180\" height=\"21\">Lokacija:<\/td>\n<td>St\u00e4dtische Galerie im Lenbachhaus, M\u00fcnchen<\/td>\n<\/tr>\n<\/tbody>\n<\/table>\n<p>Wassily Kandinsky bio je vode\u0107a figura u razvoju apstraktne umjetnosti, a njegova su djela jo\u0161 uvijek vrlo tra\u017eena me\u0111u kolekcionarima i ljubiteljima umjetnosti. Jedna od njegovih najzna\u010dajnijih slika je &#8220;Impresija III (Koncert)&#8221;, tako\u0111er poznata kao &#8220;Impresija III [Koncert]&#8221;.<\/p>\n<p>Nastala 1911. godine, ova je slika izvrstan primjer Kandinskog istra\u017eivanja apstrakcije i njegove upotrebe boja i oblika za izazivanje emocija i stvaranje osje\u0107aja kretanja. Slika prikazuje grupu glazbenika na pozornici, a figure i instrumenti prikazani su u podebljanim, apstraktnim oblicima. Kori\u0161tenje \u017eivih boja i dinami\u010dnih poteza kistom stvara osje\u0107aj energije i pokreta, kao da je sama glazba o\u017eivjela na platnu.<\/p>\n<p>Jedan od najupe\u010datljivijih elemenata ove slike je Kandinskyjeva upotreba boja. Koristi ograni\u010denu paletu plave, zelene i \u017eute boje kako bi stvorio osje\u0107aj harmonije i ravnote\u017ee. Boje se koriste vrlo ekspresivno, s odva\u017enim potezima kistom koji kao da ple\u0161u po platnu.<\/p>\n<p>Kompozicija slike tako\u0111er je vrijedna spomena, jer su glazbenici poredani u dijagonalnu liniju koja gledateljev pogled vodi prema gornjem desnom kutu platna. To stvara osje\u0107aj kretanja i dinami\u010dnosti, koji je dodatno poja\u010dan kori\u0161tenjem dijagonalnih linija u pozadini.<\/p>\n<p>&#8220;Impression III (Concerto)&#8221; smatra se remek-djelom ranog razdoblja Kandinskog i izvrstan je primjer njegove pionirske uloge u razvoju apstraktne umjetnosti. Slika je va\u017eno djelo u povijesti umjetnosti te je i danas visoko cijenjena me\u0111u kolekcionarima i ljubiteljima umjetnosti. Nalazi se u raznim umjetni\u010dkim muzejima diljem svijeta i \u010desto slu\u017ei kao inspiracija suvremenim slikarima.<\/p>\n<p>Zaklju\u010dno, &#8220;Impression III (Concerto)&#8221; Wassilyja Kandinskog izvrstan je primjer umjetnikove upotrebe boja, oblika i kompozicije za izazivanje emocija i stvaranje osje\u0107aja pokreta. \u017divahne boje i dinami\u010dni potezi kistom, kao i ograni\u010dena paleta i dinami\u010dna kompozicija, \u010dine sliku remek-djelom apstraktne umjetnosti koje moraju vidjeti svi zainteresirani za razvoj apstraktne umjetnosti.<\/p>\n","protected":false},"excerpt":{"rendered":"<p>Vasilij Kandinski &#8211; Dojam III (Koncert) (Dojam III [Koncert]) Godina stvaranja: 1911 Izvorna veli\u010dina: 100 cm x 77,5 cm Stil bojanja: Apstraktna umjetnost Izvorna tehnika: Ulje na platnu Lokacija: St\u00e4dtische Galerie im Lenbachhaus, M\u00fcnchen Wassily Kandinsky bio je vode\u0107a figura u razvoju apstraktne umjetnosti, a njegova su djela jo\u0161 uvijek [&hellip;]<\/p>\n","protected":false},"featured_media":20330,"template":"","meta":{"_acf_changed":false},"product_brand":[],"product_cat":[3380],"product_tag":[4086,4087,4069,4070,4071],"class_list":{"0":"post-25474","1":"product","2":"type-product","3":"status-publish","4":"has-post-thumbnail","6":"product_cat-vasilij-kandinski","7":"product_tag-kandinski-hr","8":"product_tag-kandinsky-hr","9":"product_tag-reprodukcija-hr","10":"product_tag-reprodukcije-hr","11":"product_tag-slikar-hr","12":"pa_dimenzija-100-x-78-cm-hr","13":"pa_dimenzija-130-x-100-cm-hr","14":"pa_dimenzija-150-x-120-cm-hr","15":"pa_dimenzija-180-x-140-cm-hr","16":"pa_dimenzija-50-x-40-cm-hr","17":"pa_dimenzija-60-x-50-cm-hr","18":"pa_dimenzija-80-x-60-cm-hr","19":"pa_dimenzija-90-x-70-cm-hr","20":"pa_oblika-horizontalno","21":"pa_okvir-bez-okvira","22":"pa_podokvir-bez-podokvira","23":"pa_podokvir-sa-podokvirom","25":"first","26":"onbackorder","27":"purchasable","28":"product-type-variable","29":"has-default-attributes"},"acf":[],"yoast_head":"<!-- This site is optimized with the Yoast SEO Premium plugin v26.0 (Yoast SEO v27.2) - https:\/\/yoast.com\/product\/yoast-seo-premium-wordpress\/ -->\n<title>Vasilij Kandinski - Impression III (Concert) (Impression III [Konzert]) - SVETSLIK.SI - 100% ru\u010dno naslikano<\/title>\n<meta name=\"description\" content=\"Vasilij Kandinski - Impression III (Concert) (Impression III [Konzert]) - 100% ru\u010dno naslikane reprodukcije slika na platnu. Okvirivanje slika, prodaja i izrada slika u dimenzijama po narud\u017ebi.\" \/>\n<meta name=\"robots\" content=\"index, follow, max-snippet:-1, max-image-preview:large, max-video-preview:-1\" \/>\n<link rel=\"canonical\" href=\"https:\/\/svetslik.si\/hr\/vasilij-kandinski\/impression-iii-concert-impression-iii-konzert\/\" \/>\n<meta property=\"og:locale\" content=\"hr_HR\" \/>\n<meta property=\"og:type\" content=\"article\" \/>\n<meta property=\"og:title\" content=\"Vasilij Kandinski - Impression III (Concert) (Impression III [Konzert])\" \/>\n<meta property=\"og:description\" content=\"100% ro\u010dno naslikane slike na platnu, reprodukcije znanih slikarjev in umetni\u0161ke slike po naro\u010dilu.\" \/>\n<meta property=\"og:url\" content=\"https:\/\/svetslik.si\/hr\/vasilij-kandinski\/impression-iii-concert-impression-iii-konzert\/\" \/>\n<meta property=\"og:site_name\" content=\"SVETSLIK.SI\" \/>\n<meta property=\"article:publisher\" content=\"https:\/\/www.facebook.com\/svetslik.si\" \/>\n<meta property=\"article:modified_time\" content=\"2024-07-04T13:59:34+00:00\" \/>\n<meta property=\"og:image\" content=\"https:\/\/svetslik.si\/wp-content\/uploads\/2021\/08\/image_Impression-III-Concert-Impression-III-Konzert_680.jpg\" \/>\n\t<meta property=\"og:image:width\" content=\"2560\" \/>\n\t<meta property=\"og:image:height\" content=\"1996\" \/>\n\t<meta property=\"og:image:type\" content=\"image\/jpeg\" \/>\n<meta name=\"twitter:card\" content=\"summary_large_image\" \/>\n<meta name=\"twitter:site\" content=\"@svetslik\" \/>\n<meta name=\"twitter:label1\" content=\"Availability\" \/>\n\t<meta name=\"twitter:data1\" content=\"On backorder\" \/>\n<script type=\"application\/ld+json\" class=\"yoast-schema-graph\">{\"@context\":\"https:\/\/schema.org\",\"@graph\":[{\"@type\":[\"WebPage\",\"ItemPage\"],\"@id\":\"https:\/\/svetslik.si\/hr\/vasilij-kandinski\/impression-iii-concert-impression-iii-konzert\/\",\"url\":\"https:\/\/svetslik.si\/hr\/vasilij-kandinski\/impression-iii-concert-impression-iii-konzert\/\",\"name\":\"Vasilij Kandinski - Impression III (Concert) (Impression III [Konzert]) - SVETSLIK.SI - 100% ru\u010dno naslikano\",\"isPartOf\":{\"@id\":\"https:\/\/svetslik.si\/hr\/#website\"},\"primaryImageOfPage\":{\"@id\":\"https:\/\/svetslik.si\/hr\/vasilij-kandinski\/impression-iii-concert-impression-iii-konzert\/#primaryimage\"},\"image\":{\"@id\":\"https:\/\/svetslik.si\/hr\/vasilij-kandinski\/impression-iii-concert-impression-iii-konzert\/#primaryimage\"},\"thumbnailUrl\":\"https:\/\/svetslik.si\/wp-content\/uploads\/2021\/08\/image_Impression-III-Concert-Impression-III-Konzert_680.jpg\",\"datePublished\":\"2021-09-02T15:56:32+00:00\",\"dateModified\":\"2024-07-04T13:59:34+00:00\",\"description\":\"Vasilij Kandinski - Impression III (Concert) (Impression III [Konzert]) - 100% ru\u010dno naslikane reprodukcije slika na platnu. Okvirivanje slika, prodaja i izrada slika u dimenzijama po narud\u017ebi.\",\"breadcrumb\":{\"@id\":\"https:\/\/svetslik.si\/hr\/vasilij-kandinski\/impression-iii-concert-impression-iii-konzert\/#breadcrumb\"},\"inLanguage\":\"hr\",\"potentialAction\":[{\"@type\":\"ReadAction\",\"target\":[\"https:\/\/svetslik.si\/hr\/vasilij-kandinski\/impression-iii-concert-impression-iii-konzert\/\"]}]},{\"@type\":\"ImageObject\",\"inLanguage\":\"hr\",\"@id\":\"https:\/\/svetslik.si\/hr\/vasilij-kandinski\/impression-iii-concert-impression-iii-konzert\/#primaryimage\",\"url\":\"https:\/\/svetslik.si\/wp-content\/uploads\/2021\/08\/image_Impression-III-Concert-Impression-III-Konzert_680.jpg\",\"contentUrl\":\"https:\/\/svetslik.si\/wp-content\/uploads\/2021\/08\/image_Impression-III-Concert-Impression-III-Konzert_680.jpg\",\"width\":2560,\"height\":1996,\"caption\":\"Zidne slike na platnu - Vasilij Kandinski - Impression III (Concert) (Impression III [Konzert]) - Ru\u010dno slikane slike, reprodukcije slika poznatih slikara, ulje na platnu, uljne slike, moderne zidne slike, umjetni\u010dke slike za zid, ambijentalne, apstraktne, dekorativne zidne slike\"},{\"@type\":\"BreadcrumbList\",\"@id\":\"https:\/\/svetslik.si\/hr\/vasilij-kandinski\/impression-iii-concert-impression-iii-konzert\/#breadcrumb\",\"itemListElement\":[{\"@type\":\"ListItem\",\"position\":1,\"name\":\"Umjetni\u010dke zidne slike na platnu\",\"item\":\"https:\/\/svetslik.si\/hr\/\"},{\"@type\":\"ListItem\",\"position\":2,\"name\":\"Prodaja slika\",\"item\":\"https:\/\/svetslik.si\/prodaja-slik\/\"},{\"@type\":\"ListItem\",\"position\":3,\"name\":\"Vasilij Kandinski &#8211; Impression III (Concert) (Impression III [Konzert])\"}]},{\"@type\":\"WebSite\",\"@id\":\"https:\/\/svetslik.si\/hr\/#website\",\"url\":\"https:\/\/svetslik.si\/hr\/\",\"name\":\"SVETSLIK.SI\",\"description\":\"100% ru\u010dno naslikane reprodukcije slika poznatih slikara in umjetni\u010dke zidne slike na platnu.\",\"publisher\":{\"@id\":\"https:\/\/svetslik.si\/hr\/#organization\"},\"potentialAction\":[{\"@type\":\"SearchAction\",\"target\":{\"@type\":\"EntryPoint\",\"urlTemplate\":\"https:\/\/svetslik.si\/hr\/?s={search_term_string}\"},\"query-input\":{\"@type\":\"PropertyValueSpecification\",\"valueRequired\":true,\"valueName\":\"search_term_string\"}}],\"inLanguage\":\"hr\"},{\"@type\":\"Organization\",\"@id\":\"https:\/\/svetslik.si\/hr\/#organization\",\"name\":\"SvetSlik.si\",\"url\":\"https:\/\/svetslik.si\/hr\/\",\"logo\":{\"@type\":\"ImageObject\",\"inLanguage\":\"hr\",\"@id\":\"https:\/\/svetslik.si\/hr\/#\/schema\/logo\/image\/\",\"url\":\"https:\/\/svetslik.si\/wp-content\/uploads\/2020\/12\/logo-512.png\",\"contentUrl\":\"https:\/\/svetslik.si\/wp-content\/uploads\/2020\/12\/logo-512.png\",\"width\":512,\"height\":512,\"caption\":\"SvetSlik.si\"},\"image\":{\"@id\":\"https:\/\/svetslik.si\/hr\/#\/schema\/logo\/image\/\"},\"sameAs\":[\"https:\/\/www.facebook.com\/svetslik.si\",\"https:\/\/x.com\/svetslik\",\"https:\/\/www.instagram.com\/svetslik.si\/\",\"https:\/\/www.linkedin.com\/company\/svetslik-si\"]}]}<\/script>\n<meta property=\"og:availability\" content=\"backorder\" \/>\n<meta property=\"product:availability\" content=\"available for order\" \/>\n<meta property=\"product:retailer_item_id\" content=\"310__\" \/>\n<meta property=\"product:condition\" content=\"new\" \/>\n<!-- \/ Yoast SEO Premium plugin. -->","yoast_head_json":{"title":"Vasilij Kandinski - Impression III (Concert) (Impression III [Konzert]) - SVETSLIK.SI - 100% ru\u010dno naslikano","description":"Vasilij Kandinski - Impression III (Concert) (Impression III [Konzert]) - 100% ru\u010dno naslikane reprodukcije slika na platnu. Okvirivanje slika, prodaja i izrada slika u dimenzijama po narud\u017ebi.","robots":{"index":"index","follow":"follow","max-snippet":"max-snippet:-1","max-image-preview":"max-image-preview:large","max-video-preview":"max-video-preview:-1"},"canonical":"https:\/\/svetslik.si\/hr\/vasilij-kandinski\/impression-iii-concert-impression-iii-konzert\/","og_locale":"hr_HR","og_type":"article","og_title":"Vasilij Kandinski - Impression III (Concert) (Impression III [Konzert])","og_description":"100% ro\u010dno naslikane slike na platnu, reprodukcije znanih slikarjev in umetni\u0161ke slike po naro\u010dilu.","og_url":"https:\/\/svetslik.si\/hr\/vasilij-kandinski\/impression-iii-concert-impression-iii-konzert\/","og_site_name":"SVETSLIK.SI","article_publisher":"https:\/\/www.facebook.com\/svetslik.si","article_modified_time":"2024-07-04T13:59:34+00:00","og_image":[{"width":2560,"height":1996,"url":"https:\/\/svetslik.si\/wp-content\/uploads\/2021\/08\/image_Impression-III-Concert-Impression-III-Konzert_680.jpg","type":"image\/jpeg"}],"twitter_card":"summary_large_image","twitter_site":"@svetslik","twitter_misc":{"Availability":"On backorder"},"schema":{"@context":"https:\/\/schema.org","@graph":[{"@type":["WebPage","ItemPage"],"@id":"https:\/\/svetslik.si\/hr\/vasilij-kandinski\/impression-iii-concert-impression-iii-konzert\/","url":"https:\/\/svetslik.si\/hr\/vasilij-kandinski\/impression-iii-concert-impression-iii-konzert\/","name":"Vasilij Kandinski - Impression III (Concert) (Impression III [Konzert]) - SVETSLIK.SI - 100% ru\u010dno naslikano","isPartOf":{"@id":"https:\/\/svetslik.si\/hr\/#website"},"primaryImageOfPage":{"@id":"https:\/\/svetslik.si\/hr\/vasilij-kandinski\/impression-iii-concert-impression-iii-konzert\/#primaryimage"},"image":{"@id":"https:\/\/svetslik.si\/hr\/vasilij-kandinski\/impression-iii-concert-impression-iii-konzert\/#primaryimage"},"thumbnailUrl":"https:\/\/svetslik.si\/wp-content\/uploads\/2021\/08\/image_Impression-III-Concert-Impression-III-Konzert_680.jpg","datePublished":"2021-09-02T15:56:32+00:00","dateModified":"2024-07-04T13:59:34+00:00","description":"Vasilij Kandinski - Impression III (Concert) (Impression III [Konzert]) - 100% ru\u010dno naslikane reprodukcije slika na platnu. Okvirivanje slika, prodaja i izrada slika u dimenzijama po narud\u017ebi.","breadcrumb":{"@id":"https:\/\/svetslik.si\/hr\/vasilij-kandinski\/impression-iii-concert-impression-iii-konzert\/#breadcrumb"},"inLanguage":"hr","potentialAction":[{"@type":"ReadAction","target":["https:\/\/svetslik.si\/hr\/vasilij-kandinski\/impression-iii-concert-impression-iii-konzert\/"]}]},{"@type":"ImageObject","inLanguage":"hr","@id":"https:\/\/svetslik.si\/hr\/vasilij-kandinski\/impression-iii-concert-impression-iii-konzert\/#primaryimage","url":"https:\/\/svetslik.si\/wp-content\/uploads\/2021\/08\/image_Impression-III-Concert-Impression-III-Konzert_680.jpg","contentUrl":"https:\/\/svetslik.si\/wp-content\/uploads\/2021\/08\/image_Impression-III-Concert-Impression-III-Konzert_680.jpg","width":2560,"height":1996,"caption":"Zidne slike na platnu - Vasilij Kandinski - Impression III (Concert) (Impression III [Konzert]) - Ru\u010dno slikane slike, reprodukcije slika poznatih slikara, ulje na platnu, uljne slike, moderne zidne slike, umjetni\u010dke slike za zid, ambijentalne, apstraktne, dekorativne zidne slike"},{"@type":"BreadcrumbList","@id":"https:\/\/svetslik.si\/hr\/vasilij-kandinski\/impression-iii-concert-impression-iii-konzert\/#breadcrumb","itemListElement":[{"@type":"ListItem","position":1,"name":"Umjetni\u010dke zidne slike na platnu","item":"https:\/\/svetslik.si\/hr\/"},{"@type":"ListItem","position":2,"name":"Prodaja slika","item":"https:\/\/svetslik.si\/prodaja-slik\/"},{"@type":"ListItem","position":3,"name":"Vasilij Kandinski &#8211; Impression III (Concert) (Impression III [Konzert])"}]},{"@type":"WebSite","@id":"https:\/\/svetslik.si\/hr\/#website","url":"https:\/\/svetslik.si\/hr\/","name":"SVETSLIK.SI","description":"100% ru\u010dno naslikane reprodukcije slika poznatih slikara in umjetni\u010dke zidne slike na platnu.","publisher":{"@id":"https:\/\/svetslik.si\/hr\/#organization"},"potentialAction":[{"@type":"SearchAction","target":{"@type":"EntryPoint","urlTemplate":"https:\/\/svetslik.si\/hr\/?s={search_term_string}"},"query-input":{"@type":"PropertyValueSpecification","valueRequired":true,"valueName":"search_term_string"}}],"inLanguage":"hr"},{"@type":"Organization","@id":"https:\/\/svetslik.si\/hr\/#organization","name":"SvetSlik.si","url":"https:\/\/svetslik.si\/hr\/","logo":{"@type":"ImageObject","inLanguage":"hr","@id":"https:\/\/svetslik.si\/hr\/#\/schema\/logo\/image\/","url":"https:\/\/svetslik.si\/wp-content\/uploads\/2020\/12\/logo-512.png","contentUrl":"https:\/\/svetslik.si\/wp-content\/uploads\/2020\/12\/logo-512.png","width":512,"height":512,"caption":"SvetSlik.si"},"image":{"@id":"https:\/\/svetslik.si\/hr\/#\/schema\/logo\/image\/"},"sameAs":["https:\/\/www.facebook.com\/svetslik.si","https:\/\/x.com\/svetslik","https:\/\/www.instagram.com\/svetslik.si\/","https:\/\/www.linkedin.com\/company\/svetslik-si"]}]},"og_availability":"backorder","product_availability":"available for order","product_retailer_item_id":"310__","product_condition":"new"},"jetpack_sharing_enabled":true,"_links":{"self":[{"href":"https:\/\/svetslik.si\/hr\/wp-json\/wp\/v2\/product\/25474","targetHints":{"allow":["GET"]}}],"collection":[{"href":"https:\/\/svetslik.si\/hr\/wp-json\/wp\/v2\/product"}],"about":[{"href":"https:\/\/svetslik.si\/hr\/wp-json\/wp\/v2\/types\/product"}],"wp:featuredmedia":[{"embeddable":true,"href":"https:\/\/svetslik.si\/hr\/wp-json\/wp\/v2\/media\/20330"}],"wp:attachment":[{"href":"https:\/\/svetslik.si\/hr\/wp-json\/wp\/v2\/media?parent=25474"}],"wp:term":[{"taxonomy":"product_brand","embeddable":true,"href":"https:\/\/svetslik.si\/hr\/wp-json\/wp\/v2\/product_brand?post=25474"},{"taxonomy":"product_cat","embeddable":true,"href":"https:\/\/svetslik.si\/hr\/wp-json\/wp\/v2\/product_cat?post=25474"},{"taxonomy":"product_tag","embeddable":true,"href":"https:\/\/svetslik.si\/hr\/wp-json\/wp\/v2\/product_tag?post=25474"}],"curies":[{"name":"wp","href":"https:\/\/api.w.org\/{rel}","templated":true}]}}