{"id":25483,"date":"2021-09-02T17:56:19","date_gmt":"2021-09-02T15:56:19","guid":{"rendered":"https:\/\/svetslik.si\/Bez%20kategorije\/reciprocal-accords-accord-reciproque\/"},"modified":"2024-07-04T15:59:34","modified_gmt":"2024-07-04T13:59:34","slug":"reciprocal-accords-accord-reciproque","status":"publish","type":"product","link":"https:\/\/svetslik.si\/hr\/vasilij-kandinski\/reciprocal-accords-accord-reciproque\/","title":{"rendered":"Vasilij Kandinski &#8211; Reciprocal Accords (Accord R\u00e9ciproque)"},"content":{"rendered":"<h1>Vasilij Kandinski &#8211; Recipro\u010dni sporazumi (Accord R\u00e9ciproque)<\/h1>\n<table border=\"0\" width=\"673\" cellspacing=\"0\" cellpadding=\"0\">\n<colgroup>\n<col style=\"width: 135pt\" width=\"180\" \/>\n<col style=\"width: 370pt\" width=\"493\" \/> <\/colgroup>\n<tbody>\n<tr style=\"height: 15.75pt\">\n<td class=\"xl24\" width=\"180\" height=\"21\">Godina stvaranja:<\/td>\n<td class=\"xl25\" style=\"width: 370pt\" width=\"493\">1942.<\/td>\n<\/tr>\n<tr style=\"height: 15.75pt\">\n<td class=\"xl24\" width=\"180\" height=\"21\">Izvorna veli\u010dina:<\/td>\n<td class=\"xl24\" style=\"width: 370pt\" width=\"493\">146 cm x 114 cm<\/td>\n<\/tr>\n<tr style=\"height: 15.75pt\">\n<td class=\"xl24\" width=\"180\" height=\"21\">Stil bojanja:<\/td>\n<td class=\"xl24\" style=\"width: 370pt\" width=\"493\">Apstraktna umjetnost<\/td>\n<\/tr>\n<tr style=\"height: 15.75pt\">\n<td class=\"xl24\" width=\"180\" height=\"21\">Izvorna tehnika:<\/td>\n<td>Ulje na platnu<\/td>\n<\/tr>\n<tr style=\"height: 15.75pt\">\n<td class=\"xl24\" width=\"180\" height=\"21\">Lokacija:<\/td>\n<td>Muzej moderne umjetnosti Pariz<\/td>\n<\/tr>\n<\/tbody>\n<\/table>\n<p>Slika Wassilyja Kandinskog Accord R\u00e9ciproque je upe\u010datljiva i dinami\u010dna slika koja pokazuje umjetnikovu jedinstvenu upotrebu boje i oblika. Slika je nastala 1913. godine i dio je Kandinskog ciklusa &#8220;Improvizacije&#8221; koji je po\u010deo stvarati 1909. godine.<\/p>\n<p>Jedna od najupe\u010datljivijih zna\u010dajki ove slike je hrabra upotreba kontrastnih boja. Pozadina je duboka, bogata plava, dok prednjim planom dominiraju jarko crveni i naran\u010dasti oblici. Oblici na slici su apstraktni i ne prikazuju prepoznatljive objekte, ve\u0107 stvaraju osje\u0107aj pokreta i energije.<\/p>\n<p>Kandinski je vjerovao da boja i oblik mogu izazvati emocije kod promatra\u010da, pa je nastojao stvoriti skladnu ravnote\u017eu me\u0111u njima u svojim slikama. Na slici &#8220;Me\u0111usobni rasporedi&#8221;, ravnote\u017ea izme\u0111u hladne plave pozadine i toplih boja u prvom planu stvara osje\u0107aj napetosti i pokreta koji je zadivljuju\u0107i i intrigantan.<\/p>\n<p>Naziv slike &#8220;Me\u0111usobni nizovi&#8221; upu\u0107uje na ideju ravnote\u017ee i harmonije u bojama i oblicima. Izraz &#8220;harmonija&#8221; tako\u0111er se koristi u glazbi, a Kandinski je \u010desto koristio glazbene termine za opis svojih slika. Vjerovao je da boja i oblik mogu stvoriti sli\u010dan emocionalni odgovor na glazbu, te da slika mo\u017ee imati vlastitu &#8220;melodiju&#8221; i &#8220;harmoniju&#8221;.<\/p>\n<p>Sve u svemu, slika &#8220;Me\u0111usobni sporazumi&#8221; mo\u0107na je i upe\u010datljiva slika koja prikazuje jedinstvenu upotrebu boja i oblika Kandinskog. Sna\u017ene boje, apstraktni oblici i osje\u0107aj pokreta \u010dine ovo uvjerljivim umjetni\u010dkim djelom koje poti\u010de na razmi\u0161ljanje. Budu\u0107i da je dio Improvizacija Kandinskog, smatra se pionirskim djelom u razvoju nereprezentativne umjetnosti. Danas se mo\u017ee prona\u0107i u muzeju Guggenheim u New Yorku.<\/p>\n","protected":false},"excerpt":{"rendered":"<p>Vasilij Kandinski &#8211; Recipro\u010dni sporazumi (Accord R\u00e9ciproque) Godina stvaranja: 1942. Izvorna veli\u010dina: 146 cm x 114 cm Stil bojanja: Apstraktna umjetnost Izvorna tehnika: Ulje na platnu Lokacija: Muzej moderne umjetnosti Pariz Slika Wassilyja Kandinskog Accord R\u00e9ciproque je upe\u010datljiva i dinami\u010dna slika koja pokazuje umjetnikovu jedinstvenu upotrebu boje i oblika. Slika [&hellip;]<\/p>\n","protected":false},"featured_media":20623,"template":"","meta":{"_acf_changed":false},"product_brand":[],"product_cat":[3380],"product_tag":[4086,4087,4069,4070,4071],"class_list":{"0":"post-25483","1":"product","2":"type-product","3":"status-publish","4":"has-post-thumbnail","6":"product_cat-vasilij-kandinski","7":"product_tag-kandinski-hr","8":"product_tag-kandinsky-hr","9":"product_tag-reprodukcija-hr","10":"product_tag-reprodukcije-hr","11":"product_tag-slikar-hr","12":"pa_dimenzija-100-x-80-cm","13":"pa_dimenzija-120-x-100-cm","14":"pa_dimenzija-142-x-114-cm","15":"pa_dimenzija-170-x-140-cm","16":"pa_dimenzija-200-x-160-cm","17":"pa_dimenzija-60-x-50-cm","18":"pa_dimenzija-80-x-60-cm","19":"pa_dimenzija-90-x-70-cm","20":"pa_oblika-horizontalno","21":"pa_okvir-bez-okvira","22":"pa_podokvir-bez-podokvira","23":"pa_podokvir-sa-podokvirom","25":"first","26":"onbackorder","27":"purchasable","28":"product-type-variable","29":"has-default-attributes"},"acf":[],"yoast_head":"<!-- This site is optimized with the Yoast SEO Premium plugin v26.0 (Yoast SEO v27.2) - https:\/\/yoast.com\/product\/yoast-seo-premium-wordpress\/ -->\n<title>Vasilij Kandinski - Reciprocal Accords (Accord R\u00e9ciproque) - SVETSLIK.SI - 100% ru\u010dno naslikano<\/title>\n<meta name=\"description\" content=\"Vasilij Kandinski - Reciprocal Accords (Accord R\u00e9ciproque) - 100% ru\u010dno naslikane reprodukcije slika na platnu. Uramljivanje slika, prodaja i izrada slika u dimenzijama po narud\u017ebi.\" \/>\n<meta name=\"robots\" content=\"index, follow, max-snippet:-1, max-image-preview:large, max-video-preview:-1\" \/>\n<link rel=\"canonical\" href=\"https:\/\/svetslik.si\/hr\/vasilij-kandinski\/reciprocal-accords-accord-reciproque\/\" \/>\n<meta property=\"og:locale\" content=\"hr_HR\" \/>\n<meta property=\"og:type\" content=\"article\" \/>\n<meta property=\"og:title\" content=\"Vasilij Kandinski - Reciprocal Accords (Accord R\u00e9ciproque)\" \/>\n<meta property=\"og:description\" content=\"100% ro\u010dno naslikane slike na platnu, reprodukcije znanih slikarjev in umetni\u0161ke slike po naro\u010dilu.\" \/>\n<meta property=\"og:url\" content=\"https:\/\/svetslik.si\/hr\/vasilij-kandinski\/reciprocal-accords-accord-reciproque\/\" \/>\n<meta property=\"og:site_name\" content=\"SVETSLIK.SI\" \/>\n<meta property=\"article:publisher\" content=\"https:\/\/www.facebook.com\/svetslik.si\" \/>\n<meta property=\"article:modified_time\" content=\"2024-07-04T13:59:34+00:00\" \/>\n<meta property=\"og:image\" content=\"https:\/\/svetslik.si\/wp-content\/uploads\/2021\/08\/image_Reciprocal-Accords-Accord-Rciproque_680-scaled.jpg\" \/>\n\t<meta property=\"og:image:width\" content=\"2560\" \/>\n\t<meta property=\"og:image:height\" content=\"2010\" \/>\n\t<meta property=\"og:image:type\" content=\"image\/jpeg\" \/>\n<meta name=\"twitter:card\" content=\"summary_large_image\" \/>\n<meta name=\"twitter:site\" content=\"@svetslik\" \/>\n<meta name=\"twitter:label1\" content=\"Availability\" \/>\n\t<meta name=\"twitter:data1\" content=\"On backorder\" \/>\n<script type=\"application\/ld+json\" class=\"yoast-schema-graph\">{\"@context\":\"https:\/\/schema.org\",\"@graph\":[{\"@type\":[\"WebPage\",\"ItemPage\"],\"@id\":\"https:\/\/svetslik.si\/hr\/vasilij-kandinski\/reciprocal-accords-accord-reciproque\/\",\"url\":\"https:\/\/svetslik.si\/hr\/vasilij-kandinski\/reciprocal-accords-accord-reciproque\/\",\"name\":\"Vasilij Kandinski - Reciprocal Accords (Accord R\u00e9ciproque) - SVETSLIK.SI - 100% ru\u010dno naslikano\",\"isPartOf\":{\"@id\":\"https:\/\/svetslik.si\/hr\/#website\"},\"primaryImageOfPage\":{\"@id\":\"https:\/\/svetslik.si\/hr\/vasilij-kandinski\/reciprocal-accords-accord-reciproque\/#primaryimage\"},\"image\":{\"@id\":\"https:\/\/svetslik.si\/hr\/vasilij-kandinski\/reciprocal-accords-accord-reciproque\/#primaryimage\"},\"thumbnailUrl\":\"https:\/\/svetslik.si\/wp-content\/uploads\/2021\/08\/image_Reciprocal-Accords-Accord-Rciproque_680-scaled.jpg\",\"datePublished\":\"2021-09-02T15:56:19+00:00\",\"dateModified\":\"2024-07-04T13:59:34+00:00\",\"description\":\"Vasilij Kandinski - Reciprocal Accords (Accord R\u00e9ciproque) - 100% ru\u010dno naslikane reprodukcije slika na platnu. Uramljivanje slika, prodaja i izrada slika u dimenzijama po narud\u017ebi.\",\"breadcrumb\":{\"@id\":\"https:\/\/svetslik.si\/hr\/vasilij-kandinski\/reciprocal-accords-accord-reciproque\/#breadcrumb\"},\"inLanguage\":\"hr\",\"potentialAction\":[{\"@type\":\"ReadAction\",\"target\":[\"https:\/\/svetslik.si\/hr\/vasilij-kandinski\/reciprocal-accords-accord-reciproque\/\"]}]},{\"@type\":\"ImageObject\",\"inLanguage\":\"hr\",\"@id\":\"https:\/\/svetslik.si\/hr\/vasilij-kandinski\/reciprocal-accords-accord-reciproque\/#primaryimage\",\"url\":\"https:\/\/svetslik.si\/wp-content\/uploads\/2021\/08\/image_Reciprocal-Accords-Accord-Rciproque_680-scaled.jpg\",\"contentUrl\":\"https:\/\/svetslik.si\/wp-content\/uploads\/2021\/08\/image_Reciprocal-Accords-Accord-Rciproque_680-scaled.jpg\",\"width\":2560,\"height\":2010,\"caption\":\"Vasilij Kandinski - Reciprocitetni akordi (Accord R\u00e9ciproque) - Reprodukcije poznatih slikara, moderne zidne slike, umjetni\u010dke slike za zid\"},{\"@type\":\"BreadcrumbList\",\"@id\":\"https:\/\/svetslik.si\/hr\/vasilij-kandinski\/reciprocal-accords-accord-reciproque\/#breadcrumb\",\"itemListElement\":[{\"@type\":\"ListItem\",\"position\":1,\"name\":\"Umjetni\u010dke zidne slike na platnu\",\"item\":\"https:\/\/svetslik.si\/hr\/\"},{\"@type\":\"ListItem\",\"position\":2,\"name\":\"Prodaja slika\",\"item\":\"https:\/\/svetslik.si\/prodaja-slik\/\"},{\"@type\":\"ListItem\",\"position\":3,\"name\":\"Vasilij Kandinski &#8211; Reciprocal Accords (Accord R\u00e9ciproque)\"}]},{\"@type\":\"WebSite\",\"@id\":\"https:\/\/svetslik.si\/hr\/#website\",\"url\":\"https:\/\/svetslik.si\/hr\/\",\"name\":\"SVETSLIK.SI\",\"description\":\"100% ru\u010dno naslikane reprodukcije slika poznatih slikara in umjetni\u010dke zidne slike na platnu.\",\"publisher\":{\"@id\":\"https:\/\/svetslik.si\/hr\/#organization\"},\"potentialAction\":[{\"@type\":\"SearchAction\",\"target\":{\"@type\":\"EntryPoint\",\"urlTemplate\":\"https:\/\/svetslik.si\/hr\/?s={search_term_string}\"},\"query-input\":{\"@type\":\"PropertyValueSpecification\",\"valueRequired\":true,\"valueName\":\"search_term_string\"}}],\"inLanguage\":\"hr\"},{\"@type\":\"Organization\",\"@id\":\"https:\/\/svetslik.si\/hr\/#organization\",\"name\":\"SvetSlik.si\",\"url\":\"https:\/\/svetslik.si\/hr\/\",\"logo\":{\"@type\":\"ImageObject\",\"inLanguage\":\"hr\",\"@id\":\"https:\/\/svetslik.si\/hr\/#\/schema\/logo\/image\/\",\"url\":\"https:\/\/svetslik.si\/wp-content\/uploads\/2020\/12\/logo-512.png\",\"contentUrl\":\"https:\/\/svetslik.si\/wp-content\/uploads\/2020\/12\/logo-512.png\",\"width\":512,\"height\":512,\"caption\":\"SvetSlik.si\"},\"image\":{\"@id\":\"https:\/\/svetslik.si\/hr\/#\/schema\/logo\/image\/\"},\"sameAs\":[\"https:\/\/www.facebook.com\/svetslik.si\",\"https:\/\/x.com\/svetslik\",\"https:\/\/www.instagram.com\/svetslik.si\/\",\"https:\/\/www.linkedin.com\/company\/svetslik-si\"]}]}<\/script>\n<meta property=\"og:availability\" content=\"backorder\" \/>\n<meta property=\"product:availability\" content=\"available for order\" \/>\n<meta property=\"product:retailer_item_id\" content=\"306__\" \/>\n<meta property=\"product:condition\" content=\"new\" \/>\n<!-- \/ Yoast SEO Premium plugin. -->","yoast_head_json":{"title":"Vasilij Kandinski - Reciprocal Accords (Accord R\u00e9ciproque) - SVETSLIK.SI - 100% ru\u010dno naslikano","description":"Vasilij Kandinski - Reciprocal Accords (Accord R\u00e9ciproque) - 100% ru\u010dno naslikane reprodukcije slika na platnu. Uramljivanje slika, prodaja i izrada slika u dimenzijama po narud\u017ebi.","robots":{"index":"index","follow":"follow","max-snippet":"max-snippet:-1","max-image-preview":"max-image-preview:large","max-video-preview":"max-video-preview:-1"},"canonical":"https:\/\/svetslik.si\/hr\/vasilij-kandinski\/reciprocal-accords-accord-reciproque\/","og_locale":"hr_HR","og_type":"article","og_title":"Vasilij Kandinski - Reciprocal Accords (Accord R\u00e9ciproque)","og_description":"100% ro\u010dno naslikane slike na platnu, reprodukcije znanih slikarjev in umetni\u0161ke slike po naro\u010dilu.","og_url":"https:\/\/svetslik.si\/hr\/vasilij-kandinski\/reciprocal-accords-accord-reciproque\/","og_site_name":"SVETSLIK.SI","article_publisher":"https:\/\/www.facebook.com\/svetslik.si","article_modified_time":"2024-07-04T13:59:34+00:00","og_image":[{"width":2560,"height":2010,"url":"https:\/\/svetslik.si\/wp-content\/uploads\/2021\/08\/image_Reciprocal-Accords-Accord-Rciproque_680-scaled.jpg","type":"image\/jpeg"}],"twitter_card":"summary_large_image","twitter_site":"@svetslik","twitter_misc":{"Availability":"On backorder"},"schema":{"@context":"https:\/\/schema.org","@graph":[{"@type":["WebPage","ItemPage"],"@id":"https:\/\/svetslik.si\/hr\/vasilij-kandinski\/reciprocal-accords-accord-reciproque\/","url":"https:\/\/svetslik.si\/hr\/vasilij-kandinski\/reciprocal-accords-accord-reciproque\/","name":"Vasilij Kandinski - Reciprocal Accords (Accord R\u00e9ciproque) - SVETSLIK.SI - 100% ru\u010dno naslikano","isPartOf":{"@id":"https:\/\/svetslik.si\/hr\/#website"},"primaryImageOfPage":{"@id":"https:\/\/svetslik.si\/hr\/vasilij-kandinski\/reciprocal-accords-accord-reciproque\/#primaryimage"},"image":{"@id":"https:\/\/svetslik.si\/hr\/vasilij-kandinski\/reciprocal-accords-accord-reciproque\/#primaryimage"},"thumbnailUrl":"https:\/\/svetslik.si\/wp-content\/uploads\/2021\/08\/image_Reciprocal-Accords-Accord-Rciproque_680-scaled.jpg","datePublished":"2021-09-02T15:56:19+00:00","dateModified":"2024-07-04T13:59:34+00:00","description":"Vasilij Kandinski - Reciprocal Accords (Accord R\u00e9ciproque) - 100% ru\u010dno naslikane reprodukcije slika na platnu. Uramljivanje slika, prodaja i izrada slika u dimenzijama po narud\u017ebi.","breadcrumb":{"@id":"https:\/\/svetslik.si\/hr\/vasilij-kandinski\/reciprocal-accords-accord-reciproque\/#breadcrumb"},"inLanguage":"hr","potentialAction":[{"@type":"ReadAction","target":["https:\/\/svetslik.si\/hr\/vasilij-kandinski\/reciprocal-accords-accord-reciproque\/"]}]},{"@type":"ImageObject","inLanguage":"hr","@id":"https:\/\/svetslik.si\/hr\/vasilij-kandinski\/reciprocal-accords-accord-reciproque\/#primaryimage","url":"https:\/\/svetslik.si\/wp-content\/uploads\/2021\/08\/image_Reciprocal-Accords-Accord-Rciproque_680-scaled.jpg","contentUrl":"https:\/\/svetslik.si\/wp-content\/uploads\/2021\/08\/image_Reciprocal-Accords-Accord-Rciproque_680-scaled.jpg","width":2560,"height":2010,"caption":"Vasilij Kandinski - Reciprocitetni akordi (Accord R\u00e9ciproque) - Reprodukcije poznatih slikara, moderne zidne slike, umjetni\u010dke slike za zid"},{"@type":"BreadcrumbList","@id":"https:\/\/svetslik.si\/hr\/vasilij-kandinski\/reciprocal-accords-accord-reciproque\/#breadcrumb","itemListElement":[{"@type":"ListItem","position":1,"name":"Umjetni\u010dke zidne slike na platnu","item":"https:\/\/svetslik.si\/hr\/"},{"@type":"ListItem","position":2,"name":"Prodaja slika","item":"https:\/\/svetslik.si\/prodaja-slik\/"},{"@type":"ListItem","position":3,"name":"Vasilij Kandinski &#8211; Reciprocal Accords (Accord R\u00e9ciproque)"}]},{"@type":"WebSite","@id":"https:\/\/svetslik.si\/hr\/#website","url":"https:\/\/svetslik.si\/hr\/","name":"SVETSLIK.SI","description":"100% ru\u010dno naslikane reprodukcije slika poznatih slikara in umjetni\u010dke zidne slike na platnu.","publisher":{"@id":"https:\/\/svetslik.si\/hr\/#organization"},"potentialAction":[{"@type":"SearchAction","target":{"@type":"EntryPoint","urlTemplate":"https:\/\/svetslik.si\/hr\/?s={search_term_string}"},"query-input":{"@type":"PropertyValueSpecification","valueRequired":true,"valueName":"search_term_string"}}],"inLanguage":"hr"},{"@type":"Organization","@id":"https:\/\/svetslik.si\/hr\/#organization","name":"SvetSlik.si","url":"https:\/\/svetslik.si\/hr\/","logo":{"@type":"ImageObject","inLanguage":"hr","@id":"https:\/\/svetslik.si\/hr\/#\/schema\/logo\/image\/","url":"https:\/\/svetslik.si\/wp-content\/uploads\/2020\/12\/logo-512.png","contentUrl":"https:\/\/svetslik.si\/wp-content\/uploads\/2020\/12\/logo-512.png","width":512,"height":512,"caption":"SvetSlik.si"},"image":{"@id":"https:\/\/svetslik.si\/hr\/#\/schema\/logo\/image\/"},"sameAs":["https:\/\/www.facebook.com\/svetslik.si","https:\/\/x.com\/svetslik","https:\/\/www.instagram.com\/svetslik.si\/","https:\/\/www.linkedin.com\/company\/svetslik-si"]}]},"og_availability":"backorder","product_availability":"available for order","product_retailer_item_id":"306__","product_condition":"new"},"jetpack_sharing_enabled":true,"_links":{"self":[{"href":"https:\/\/svetslik.si\/hr\/wp-json\/wp\/v2\/product\/25483","targetHints":{"allow":["GET"]}}],"collection":[{"href":"https:\/\/svetslik.si\/hr\/wp-json\/wp\/v2\/product"}],"about":[{"href":"https:\/\/svetslik.si\/hr\/wp-json\/wp\/v2\/types\/product"}],"wp:featuredmedia":[{"embeddable":true,"href":"https:\/\/svetslik.si\/hr\/wp-json\/wp\/v2\/media\/20623"}],"wp:attachment":[{"href":"https:\/\/svetslik.si\/hr\/wp-json\/wp\/v2\/media?parent=25483"}],"wp:term":[{"taxonomy":"product_brand","embeddable":true,"href":"https:\/\/svetslik.si\/hr\/wp-json\/wp\/v2\/product_brand?post=25483"},{"taxonomy":"product_cat","embeddable":true,"href":"https:\/\/svetslik.si\/hr\/wp-json\/wp\/v2\/product_cat?post=25483"},{"taxonomy":"product_tag","embeddable":true,"href":"https:\/\/svetslik.si\/hr\/wp-json\/wp\/v2\/product_tag?post=25483"}],"curies":[{"name":"wp","href":"https:\/\/api.w.org\/{rel}","templated":true}]}}