{"id":25501,"date":"2021-09-02T17:56:19","date_gmt":"2021-09-02T15:56:19","guid":{"rendered":"https:\/\/svetslik.si\/Bez%20kategorije\/the-blue-mountain-der-blaue-berg\/"},"modified":"2024-07-04T20:04:55","modified_gmt":"2024-07-04T18:04:55","slug":"the-blue-mountain-der-blaue-berg","status":"publish","type":"product","link":"https:\/\/svetslik.si\/hr\/vasilij-kandinski\/the-blue-mountain-der-blaue-berg\/","title":{"rendered":"Vasilij Kandinski &#8211; The Blue Mountain (Der blaue Berg)"},"content":{"rendered":"<h1>Vasilij Kandinski &#8211; Plava planina (Der blaue Berg)<\/h1>\n<table border=\"0\" width=\"673\" cellspacing=\"0\" cellpadding=\"0\">\n<colgroup>\n<col style=\"width: 135pt\" width=\"180\" \/>\n<col style=\"width: 370pt\" width=\"493\" \/> <\/colgroup>\n<tbody>\n<tr style=\"height: 15.75pt\">\n<td class=\"xl24\" width=\"180\" height=\"21\">Godina stvaranja:<\/td>\n<td class=\"xl25\" style=\"width: 370pt\" width=\"493\">1908-1909<\/td>\n<\/tr>\n<tr style=\"height: 15.75pt\">\n<td class=\"xl24\" width=\"180\" height=\"21\">Izvorna veli\u010dina:<\/td>\n<td class=\"xl24\" style=\"width: 370pt\" width=\"493\">96,5 cm x 106 cm<\/td>\n<\/tr>\n<tr style=\"height: 15.75pt\">\n<td class=\"xl24\" width=\"180\" height=\"21\">Stil bojanja:<\/td>\n<td class=\"xl24\" style=\"width: 370pt\" width=\"493\">Ekspresionizam<\/td>\n<\/tr>\n<tr style=\"height: 15.75pt\">\n<td class=\"xl24\" width=\"180\" height=\"21\">Izvorna tehnika:<\/td>\n<td>Ulje na platnu<\/td>\n<\/tr>\n<tr style=\"height: 15.75pt\">\n<td class=\"xl24\" width=\"180\" height=\"21\">Lokacija:<\/td>\n<td>Guggenheimov muzej New York<\/td>\n<\/tr>\n<\/tbody>\n<\/table>\n<p>&nbsp;<\/p>\n<p>Wassily Kandinsky smatra se jednom od najva\u017enijih osoba u razvoju apstraktne umjetnosti. Jedno od njegovih najpoznatijih djela je slika Plava planina (Der blaue Berg). Nastala 1908. godine, slika je zadivljuju\u0107i prikaz sposobnosti Kandinskog da izrazi emocije i pokret kroz boju i oblik.<\/p>\n<p>Na ovoj slici Kandinski koristi odva\u017enu i upe\u010datljivu paletu boja plave, ljubi\u010daste i bijele, stvaraju\u0107i osje\u0107aj dubine i pokreta. Plava planina u sredi\u0161tu slike upe\u010datljiva je \u017eari\u0161na to\u010dka, a uskovitlane linije i oblici koji je okru\u017euju daju dojam dinami\u010dnog i stalno promjenjivog krajolika. Ova je slika izvrstan primjer Kandinskog kori\u0161tenja boja za stvaranje osje\u0107aja pokreta i emocija, \u0161to je obilje\u017eje njegova rada.<\/p>\n<p>Posebnost ove slike je u tome \u0161to je nastala u vrijeme kada je Kandinski jo\u0161 stvarao u reprezentativnom stilu. Ova slika je jedan od njegovih prvih poku\u0161aja da prika\u017ee ne\u0161to apstraktno. Modra planina izvrstan je primjer razvoja slikarskog stila Kandinskog, jer je to bio prijelaz izme\u0111u reprezentativne i apstraktne umjetnosti.<\/p>\n<p>Plava planina Kandinskog pravo je remek-djelo koje svi zainteresirani za povijest apstraktne umjetnosti moraju vidjeti. Trenutno je izlo\u017eena u St\u00e4dtische Galerie im Lenbachhaus u M\u00fcnchenu, Njema\u010dka. Ako ga ne mo\u017eete osobno vidjeti, na internetu su dostupne i mnoge slike visoke razlu\u010divosti da biste cijenili ljepotu i slo\u017eenost ovog nevjerojatnog umjetni\u010dkog djela.<\/p>\n<p>Kada tra\u017eite Plavu planinu Vasilija Kandinskog, va\u017eno je uklju\u010diti ime umjetnika i naslov slike u svoj upit za pretra\u017eivanje kako biste dobili relevantne rezultate na Googleu. Osim toga, pretra\u017eivanjem &#8220;St\u00e4dtische Galerie im Lenbachhaus&#8221; ili &#8220;Izlo\u017eba Vasilija Kandinskog&#8221; tako\u0111er mo\u017eete dobiti relevantne informacije o slici i gdje je trenutno izlo\u017eena.<\/p>\n","protected":false},"excerpt":{"rendered":"<p>Vasilij Kandinski &#8211; Plava planina (Der blaue Berg) Godina stvaranja: 1908-1909 Izvorna veli\u010dina: 96,5 cm x 106 cm Stil bojanja: Ekspresionizam Izvorna tehnika: Ulje na platnu Lokacija: Guggenheimov muzej New York &nbsp; Wassily Kandinsky smatra se jednom od najva\u017enijih osoba u razvoju apstraktne umjetnosti. Jedno od njegovih najpoznatijih djela je [&hellip;]<\/p>\n","protected":false},"featured_media":20802,"template":"","meta":{"_acf_changed":false},"product_brand":[],"product_cat":[3380],"product_tag":[4086,4087,4069,4070,4071],"class_list":{"0":"post-25501","1":"product","2":"type-product","3":"status-publish","4":"has-post-thumbnail","6":"product_cat-vasilij-kandinski","7":"product_tag-kandinski-hr","8":"product_tag-kandinsky-hr","9":"product_tag-reprodukcija-hr","10":"product_tag-reprodukcije-hr","11":"product_tag-slikar-hr","12":"pa_dimenzija-110-x-120-cm-hr","13":"pa_dimenzija-130-x-140-cm-hr","14":"pa_dimenzija-150-x-170-cm-hr","15":"pa_dimenzija-50-x-55-cm-hr","16":"pa_dimenzija-60-x-70-cm-hr","17":"pa_dimenzija-70-x-80-cm-hr","18":"pa_dimenzija-80-x-90-cm-hr","19":"pa_dimenzija-97-x-106-cm-hr","20":"pa_oblika-okomito","21":"pa_okvir-bez-okvira","22":"pa_podokvir-bez-podokvira","23":"pa_podokvir-sa-podokvirom","25":"first","26":"onbackorder","27":"purchasable","28":"product-type-variable","29":"has-default-attributes"},"acf":[],"yoast_head":"<!-- This site is optimized with the Yoast SEO Premium plugin v26.0 (Yoast SEO v27.2) - https:\/\/yoast.com\/product\/yoast-seo-premium-wordpress\/ -->\n<title>Vasilij Kandinski - The Blue Mountain (Der blaue Berg) - SVETSLIK.SI - 100% ru\u010dno naslikano<\/title>\n<meta name=\"description\" content=\"Vasilij Kandinski - The Blue Mountain (Der blaue Berg) - 100% ru\u010dno naslikane reprodukcije slika na platnu. Uramljivanje slika, prodaja i izrada slika u dimenzijama po narud\u017ebi.\" \/>\n<meta name=\"robots\" content=\"index, follow, max-snippet:-1, max-image-preview:large, max-video-preview:-1\" \/>\n<link rel=\"canonical\" href=\"https:\/\/svetslik.si\/hr\/vasilij-kandinski\/the-blue-mountain-der-blaue-berg\/\" \/>\n<meta property=\"og:locale\" content=\"hr_HR\" \/>\n<meta property=\"og:type\" content=\"article\" \/>\n<meta property=\"og:title\" content=\"Vasilij Kandinski - The Blue Mountain (Der blaue Berg)\" \/>\n<meta property=\"og:description\" content=\"100% ro\u010dno naslikane slike na platnu, reprodukcije znanih slikarjev in umetni\u0161ke slike po naro\u010dilu.\" \/>\n<meta property=\"og:url\" content=\"https:\/\/svetslik.si\/hr\/vasilij-kandinski\/the-blue-mountain-der-blaue-berg\/\" \/>\n<meta property=\"og:site_name\" content=\"SVETSLIK.SI\" \/>\n<meta property=\"article:publisher\" content=\"https:\/\/www.facebook.com\/svetslik.si\" \/>\n<meta property=\"article:modified_time\" content=\"2024-07-04T18:04:55+00:00\" \/>\n<meta property=\"og:image\" content=\"https:\/\/svetslik.si\/wp-content\/uploads\/2021\/08\/image_The-Blue-Mountain-Der-blaue-Berg_680.jpg\" \/>\n\t<meta property=\"og:image:width\" content=\"1673\" \/>\n\t<meta property=\"og:image:height\" content=\"1848\" \/>\n\t<meta property=\"og:image:type\" content=\"image\/jpeg\" \/>\n<meta name=\"twitter:card\" content=\"summary_large_image\" \/>\n<meta name=\"twitter:site\" content=\"@svetslik\" \/>\n<meta name=\"twitter:label1\" content=\"Availability\" \/>\n\t<meta name=\"twitter:data1\" content=\"On backorder\" \/>\n<script type=\"application\/ld+json\" class=\"yoast-schema-graph\">{\"@context\":\"https:\/\/schema.org\",\"@graph\":[{\"@type\":[\"WebPage\",\"ItemPage\"],\"@id\":\"https:\/\/svetslik.si\/hr\/vasilij-kandinski\/the-blue-mountain-der-blaue-berg\/\",\"url\":\"https:\/\/svetslik.si\/hr\/vasilij-kandinski\/the-blue-mountain-der-blaue-berg\/\",\"name\":\"Vasilij Kandinski - The Blue Mountain (Der blaue Berg) - SVETSLIK.SI - 100% ru\u010dno naslikano\",\"isPartOf\":{\"@id\":\"https:\/\/svetslik.si\/hr\/#website\"},\"primaryImageOfPage\":{\"@id\":\"https:\/\/svetslik.si\/hr\/vasilij-kandinski\/the-blue-mountain-der-blaue-berg\/#primaryimage\"},\"image\":{\"@id\":\"https:\/\/svetslik.si\/hr\/vasilij-kandinski\/the-blue-mountain-der-blaue-berg\/#primaryimage\"},\"thumbnailUrl\":\"https:\/\/svetslik.si\/wp-content\/uploads\/2021\/08\/image_The-Blue-Mountain-Der-blaue-Berg_680.jpg\",\"datePublished\":\"2021-09-02T15:56:19+00:00\",\"dateModified\":\"2024-07-04T18:04:55+00:00\",\"description\":\"Vasilij Kandinski - The Blue Mountain (Der blaue Berg) - 100% ru\u010dno naslikane reprodukcije slika na platnu. Uramljivanje slika, prodaja i izrada slika u dimenzijama po narud\u017ebi.\",\"breadcrumb\":{\"@id\":\"https:\/\/svetslik.si\/hr\/vasilij-kandinski\/the-blue-mountain-der-blaue-berg\/#breadcrumb\"},\"inLanguage\":\"hr\",\"potentialAction\":[{\"@type\":\"ReadAction\",\"target\":[\"https:\/\/svetslik.si\/hr\/vasilij-kandinski\/the-blue-mountain-der-blaue-berg\/\"]}]},{\"@type\":\"ImageObject\",\"inLanguage\":\"hr\",\"@id\":\"https:\/\/svetslik.si\/hr\/vasilij-kandinski\/the-blue-mountain-der-blaue-berg\/#primaryimage\",\"url\":\"https:\/\/svetslik.si\/wp-content\/uploads\/2021\/08\/image_The-Blue-Mountain-Der-blaue-Berg_680.jpg\",\"contentUrl\":\"https:\/\/svetslik.si\/wp-content\/uploads\/2021\/08\/image_The-Blue-Mountain-Der-blaue-Berg_680.jpg\",\"width\":1673,\"height\":1848,\"caption\":\"Vasilij Kandinski - Plava planina (Der blaue Berg) - Ru\u010dno naslikane reprodukcije poznatih slikara, moderne zidne slike, umjetni\u010dke slike za zid\"},{\"@type\":\"BreadcrumbList\",\"@id\":\"https:\/\/svetslik.si\/hr\/vasilij-kandinski\/the-blue-mountain-der-blaue-berg\/#breadcrumb\",\"itemListElement\":[{\"@type\":\"ListItem\",\"position\":1,\"name\":\"Umjetni\u010dke zidne slike na platnu\",\"item\":\"https:\/\/svetslik.si\/hr\/\"},{\"@type\":\"ListItem\",\"position\":2,\"name\":\"Prodaja slika\",\"item\":\"https:\/\/svetslik.si\/prodaja-slik\/\"},{\"@type\":\"ListItem\",\"position\":3,\"name\":\"Vasilij Kandinski &#8211; The Blue Mountain (Der blaue Berg)\"}]},{\"@type\":\"WebSite\",\"@id\":\"https:\/\/svetslik.si\/hr\/#website\",\"url\":\"https:\/\/svetslik.si\/hr\/\",\"name\":\"SVETSLIK.SI\",\"description\":\"100% ru\u010dno naslikane reprodukcije slika poznatih slikara in umjetni\u010dke zidne slike na platnu.\",\"publisher\":{\"@id\":\"https:\/\/svetslik.si\/hr\/#organization\"},\"potentialAction\":[{\"@type\":\"SearchAction\",\"target\":{\"@type\":\"EntryPoint\",\"urlTemplate\":\"https:\/\/svetslik.si\/hr\/?s={search_term_string}\"},\"query-input\":{\"@type\":\"PropertyValueSpecification\",\"valueRequired\":true,\"valueName\":\"search_term_string\"}}],\"inLanguage\":\"hr\"},{\"@type\":\"Organization\",\"@id\":\"https:\/\/svetslik.si\/hr\/#organization\",\"name\":\"SvetSlik.si\",\"url\":\"https:\/\/svetslik.si\/hr\/\",\"logo\":{\"@type\":\"ImageObject\",\"inLanguage\":\"hr\",\"@id\":\"https:\/\/svetslik.si\/hr\/#\/schema\/logo\/image\/\",\"url\":\"https:\/\/svetslik.si\/wp-content\/uploads\/2020\/12\/logo-512.png\",\"contentUrl\":\"https:\/\/svetslik.si\/wp-content\/uploads\/2020\/12\/logo-512.png\",\"width\":512,\"height\":512,\"caption\":\"SvetSlik.si\"},\"image\":{\"@id\":\"https:\/\/svetslik.si\/hr\/#\/schema\/logo\/image\/\"},\"sameAs\":[\"https:\/\/www.facebook.com\/svetslik.si\",\"https:\/\/x.com\/svetslik\",\"https:\/\/www.instagram.com\/svetslik.si\/\",\"https:\/\/www.linkedin.com\/company\/svetslik-si\"]}]}<\/script>\n<meta property=\"og:availability\" content=\"backorder\" \/>\n<meta property=\"product:availability\" content=\"available for order\" \/>\n<meta property=\"product:retailer_item_id\" content=\"308__\" \/>\n<meta property=\"product:condition\" content=\"new\" \/>\n<!-- \/ Yoast SEO Premium plugin. -->","yoast_head_json":{"title":"Vasilij Kandinski - The Blue Mountain (Der blaue Berg) - SVETSLIK.SI - 100% ru\u010dno naslikano","description":"Vasilij Kandinski - The Blue Mountain (Der blaue Berg) - 100% ru\u010dno naslikane reprodukcije slika na platnu. Uramljivanje slika, prodaja i izrada slika u dimenzijama po narud\u017ebi.","robots":{"index":"index","follow":"follow","max-snippet":"max-snippet:-1","max-image-preview":"max-image-preview:large","max-video-preview":"max-video-preview:-1"},"canonical":"https:\/\/svetslik.si\/hr\/vasilij-kandinski\/the-blue-mountain-der-blaue-berg\/","og_locale":"hr_HR","og_type":"article","og_title":"Vasilij Kandinski - The Blue Mountain (Der blaue Berg)","og_description":"100% ro\u010dno naslikane slike na platnu, reprodukcije znanih slikarjev in umetni\u0161ke slike po naro\u010dilu.","og_url":"https:\/\/svetslik.si\/hr\/vasilij-kandinski\/the-blue-mountain-der-blaue-berg\/","og_site_name":"SVETSLIK.SI","article_publisher":"https:\/\/www.facebook.com\/svetslik.si","article_modified_time":"2024-07-04T18:04:55+00:00","og_image":[{"width":1673,"height":1848,"url":"https:\/\/svetslik.si\/wp-content\/uploads\/2021\/08\/image_The-Blue-Mountain-Der-blaue-Berg_680.jpg","type":"image\/jpeg"}],"twitter_card":"summary_large_image","twitter_site":"@svetslik","twitter_misc":{"Availability":"On backorder"},"schema":{"@context":"https:\/\/schema.org","@graph":[{"@type":["WebPage","ItemPage"],"@id":"https:\/\/svetslik.si\/hr\/vasilij-kandinski\/the-blue-mountain-der-blaue-berg\/","url":"https:\/\/svetslik.si\/hr\/vasilij-kandinski\/the-blue-mountain-der-blaue-berg\/","name":"Vasilij Kandinski - The Blue Mountain (Der blaue Berg) - SVETSLIK.SI - 100% ru\u010dno naslikano","isPartOf":{"@id":"https:\/\/svetslik.si\/hr\/#website"},"primaryImageOfPage":{"@id":"https:\/\/svetslik.si\/hr\/vasilij-kandinski\/the-blue-mountain-der-blaue-berg\/#primaryimage"},"image":{"@id":"https:\/\/svetslik.si\/hr\/vasilij-kandinski\/the-blue-mountain-der-blaue-berg\/#primaryimage"},"thumbnailUrl":"https:\/\/svetslik.si\/wp-content\/uploads\/2021\/08\/image_The-Blue-Mountain-Der-blaue-Berg_680.jpg","datePublished":"2021-09-02T15:56:19+00:00","dateModified":"2024-07-04T18:04:55+00:00","description":"Vasilij Kandinski - The Blue Mountain (Der blaue Berg) - 100% ru\u010dno naslikane reprodukcije slika na platnu. Uramljivanje slika, prodaja i izrada slika u dimenzijama po narud\u017ebi.","breadcrumb":{"@id":"https:\/\/svetslik.si\/hr\/vasilij-kandinski\/the-blue-mountain-der-blaue-berg\/#breadcrumb"},"inLanguage":"hr","potentialAction":[{"@type":"ReadAction","target":["https:\/\/svetslik.si\/hr\/vasilij-kandinski\/the-blue-mountain-der-blaue-berg\/"]}]},{"@type":"ImageObject","inLanguage":"hr","@id":"https:\/\/svetslik.si\/hr\/vasilij-kandinski\/the-blue-mountain-der-blaue-berg\/#primaryimage","url":"https:\/\/svetslik.si\/wp-content\/uploads\/2021\/08\/image_The-Blue-Mountain-Der-blaue-Berg_680.jpg","contentUrl":"https:\/\/svetslik.si\/wp-content\/uploads\/2021\/08\/image_The-Blue-Mountain-Der-blaue-Berg_680.jpg","width":1673,"height":1848,"caption":"Vasilij Kandinski - Plava planina (Der blaue Berg) - Ru\u010dno naslikane reprodukcije poznatih slikara, moderne zidne slike, umjetni\u010dke slike za zid"},{"@type":"BreadcrumbList","@id":"https:\/\/svetslik.si\/hr\/vasilij-kandinski\/the-blue-mountain-der-blaue-berg\/#breadcrumb","itemListElement":[{"@type":"ListItem","position":1,"name":"Umjetni\u010dke zidne slike na platnu","item":"https:\/\/svetslik.si\/hr\/"},{"@type":"ListItem","position":2,"name":"Prodaja slika","item":"https:\/\/svetslik.si\/prodaja-slik\/"},{"@type":"ListItem","position":3,"name":"Vasilij Kandinski &#8211; The Blue Mountain (Der blaue Berg)"}]},{"@type":"WebSite","@id":"https:\/\/svetslik.si\/hr\/#website","url":"https:\/\/svetslik.si\/hr\/","name":"SVETSLIK.SI","description":"100% ru\u010dno naslikane reprodukcije slika poznatih slikara in umjetni\u010dke zidne slike na platnu.","publisher":{"@id":"https:\/\/svetslik.si\/hr\/#organization"},"potentialAction":[{"@type":"SearchAction","target":{"@type":"EntryPoint","urlTemplate":"https:\/\/svetslik.si\/hr\/?s={search_term_string}"},"query-input":{"@type":"PropertyValueSpecification","valueRequired":true,"valueName":"search_term_string"}}],"inLanguage":"hr"},{"@type":"Organization","@id":"https:\/\/svetslik.si\/hr\/#organization","name":"SvetSlik.si","url":"https:\/\/svetslik.si\/hr\/","logo":{"@type":"ImageObject","inLanguage":"hr","@id":"https:\/\/svetslik.si\/hr\/#\/schema\/logo\/image\/","url":"https:\/\/svetslik.si\/wp-content\/uploads\/2020\/12\/logo-512.png","contentUrl":"https:\/\/svetslik.si\/wp-content\/uploads\/2020\/12\/logo-512.png","width":512,"height":512,"caption":"SvetSlik.si"},"image":{"@id":"https:\/\/svetslik.si\/hr\/#\/schema\/logo\/image\/"},"sameAs":["https:\/\/www.facebook.com\/svetslik.si","https:\/\/x.com\/svetslik","https:\/\/www.instagram.com\/svetslik.si\/","https:\/\/www.linkedin.com\/company\/svetslik-si"]}]},"og_availability":"backorder","product_availability":"available for order","product_retailer_item_id":"308__","product_condition":"new"},"jetpack_sharing_enabled":true,"_links":{"self":[{"href":"https:\/\/svetslik.si\/hr\/wp-json\/wp\/v2\/product\/25501","targetHints":{"allow":["GET"]}}],"collection":[{"href":"https:\/\/svetslik.si\/hr\/wp-json\/wp\/v2\/product"}],"about":[{"href":"https:\/\/svetslik.si\/hr\/wp-json\/wp\/v2\/types\/product"}],"wp:featuredmedia":[{"embeddable":true,"href":"https:\/\/svetslik.si\/hr\/wp-json\/wp\/v2\/media\/20802"}],"wp:attachment":[{"href":"https:\/\/svetslik.si\/hr\/wp-json\/wp\/v2\/media?parent=25501"}],"wp:term":[{"taxonomy":"product_brand","embeddable":true,"href":"https:\/\/svetslik.si\/hr\/wp-json\/wp\/v2\/product_brand?post=25501"},{"taxonomy":"product_cat","embeddable":true,"href":"https:\/\/svetslik.si\/hr\/wp-json\/wp\/v2\/product_cat?post=25501"},{"taxonomy":"product_tag","embeddable":true,"href":"https:\/\/svetslik.si\/hr\/wp-json\/wp\/v2\/product_tag?post=25501"}],"curies":[{"name":"wp","href":"https:\/\/api.w.org\/{rel}","templated":true}]}}