{"id":25510,"date":"2021-09-02T17:56:07","date_gmt":"2021-09-02T15:56:07","guid":{"rendered":"https:\/\/svetslik.si\/Bez%20kategorije\/various-parts-parties-diverses\/"},"modified":"2024-07-04T15:59:43","modified_gmt":"2024-07-04T13:59:43","slug":"various-parts-parties-diverses","status":"publish","type":"product","link":"https:\/\/svetslik.si\/hr\/vasilij-kandinski\/various-parts-parties-diverses\/","title":{"rendered":"Vasilij Kandinski &#8211; Various Parts (Parties diverses)"},"content":{"rendered":"<h1>Vasily Kandinsky &#8211; Various Parts (Parties diverses)<\/h1>\n<table border=\"0\" width=\"673\" cellspacing=\"0\" cellpadding=\"0\">\n<colgroup>\n<col style=\"width: 135pt\" width=\"180\" \/>\n<col style=\"width: 370pt\" width=\"493\" \/> <\/colgroup>\n<tbody>\n<tr style=\"height: 15.75pt\">\n<td class=\"xl24\" style=\"height: 15.75pt;width: 135pt\" width=\"180\" height=\"21\">Godina nastanka:<\/td>\n<td class=\"xl25\" style=\"width: 370pt\" width=\"493\">1940.<\/td>\n<\/tr>\n<tr style=\"height: 15.75pt\">\n<td class=\"xl24\" style=\"height: 15.75pt;width: 135pt\" width=\"180\" height=\"21\">Izvorna veli\u010dina:<\/td>\n<td class=\"xl24\" style=\"width: 370pt\" width=\"493\">116 cm x 89 cm<\/td>\n<\/tr>\n<tr style=\"height: 15.75pt\">\n<td class=\"xl24\" style=\"height: 15.75pt;width: 135pt\" width=\"180\" height=\"21\">Stil bojanja:<\/td>\n<td class=\"xl24\" style=\"width: 370pt\" width=\"493\">Apstraktna umjetnost<\/td>\n<\/tr>\n<tr style=\"height: 15.75pt\">\n<td class=\"xl24\" style=\"height: 15.75pt;width: 135pt\" width=\"180\" height=\"21\">Izvorna tehnika:<\/td>\n<td>Ulje na platnu<\/td>\n<\/tr>\n<tr style=\"height: 15.75pt\">\n<td class=\"xl24\" style=\"height: 15.75pt;width: 135pt\" width=\"180\" height=\"21\">Lociran:<\/td>\n<td>St\u00e4dtische Galerie im Lenbachhaus, M\u00fcnchen.<\/td>\n<\/tr>\n<\/tbody>\n<\/table>\n<p>Vasilij Kandinski, poznat i kao Vasilij Kandinski, bio je ruski slikar i teoreti\u010dar umjetnosti koji se smatra jednim od pionira apstraktne umjetnosti. Njegova slika &#8220;Parties diverses&#8221; izvrstan je primjer njegovog apstraktnog stila, koji je nagla\u0161avao kori\u0161tenje boje, oblika i forme za izra\u017eavanje emocija i pokreta.<\/p>\n<p>Slika &#8220;Diverses Diverses&#8221; je dinami\u010dna i iznena\u0111uju\u0107a, bogata bojom i pokretom. Slika se sastoji od razli\u010ditih geometrijskih oblika, uklju\u010duju\u0107i krugove, kvadrate i pravokutnike, raspore\u0111ene na naizgled slu\u010dajan, ali skladan na\u010din. Oblici su prikazani u odva\u017enoj i \u017eivahnoj paleti boja, gdje se nijanse crvene, plave, \u017eute i zelene isti\u010du na crnoj pozadini.<\/p>\n<p>Kandinski je vjerovao da boje i oblici mogu izazvati emocije i stvoriti osje\u0107aj kretanja na slici. Na slici &#8220;Razli\u010diti dijelovi&#8221; hrabre i kontrastne boje te dinami\u010dna kompozicija stvaraju osje\u0107aj pokreta i energije koji privla\u010de promatra\u010da.<\/p>\n<p>Slika je tako\u0111er izvrstan primjer vjerovanja Kandinskog u mo\u0107 apstrakcije. Vjerovao je da apstrakcija omogu\u0107uje izravniju i emocionalniju vezu izme\u0111u umjetni\u010dkog djela i promatra\u010da, budu\u0107i da apstraktni oblici i boje nisu vezani za odre\u0111ene objekte ili prikaze.<\/p>\n<p>Slika &#8220;Razli\u010diti dijelovi&#8221; mo\u0107na je i upe\u010datljiva slika koja prikazuje Kandinskyjevo majstorsko kori\u0161tenje boje, forme i apstrakcije. Ova je slika obavezna za svakoga tko se zanima za povijest apstraktne umjetnosti i djelo Vasilija Kandinskog. Slika se trenutno nalazi u kolekciji Centra Georges Pompidou u Parizu, Francuska.<\/p>\n<p>Kao dodatnu napomenu, Kandinski je bio jedan od prvih umjetnika koji je koristio izraz &#8220;apstraktno&#8221; za svoja djela, ali se na kraju po\u010deo primjenjivati \u200b\u200bna svu nereprezentativnu umjetnost. Me\u0111utim, njegov rad nije bio samo o apstrakciji, ve\u0107 io tome kako umjetnost mo\u017ee stvoriti osje\u0107aj pokreta i emocija. Smatrao je da se gledatelj treba povezati sa slikom na dubljoj razini, a ta se ideja ogleda u djelu &#8220;Razli\u010diti dijelovi&#8221;.<\/p>\n","protected":false},"excerpt":{"rendered":"<p>Vasily Kandinsky &#8211; Various Parts (Parties diverses) Godina nastanka: 1940. Izvorna veli\u010dina: 116 cm x 89 cm Stil bojanja: Apstraktna umjetnost Izvorna tehnika: Ulje na platnu Lociran: St\u00e4dtische Galerie im Lenbachhaus, M\u00fcnchen. Vasilij Kandinski, poznat i kao Vasilij Kandinski, bio je ruski slikar i teoreti\u010dar umjetnosti koji se smatra jednim [&hellip;]<\/p>\n","protected":false},"featured_media":20955,"template":"","meta":{"_acf_changed":false},"product_brand":[],"product_cat":[3380],"product_tag":[4086,4087,4069,4070,4071],"class_list":{"0":"post-25510","1":"product","2":"type-product","3":"status-publish","4":"has-post-thumbnail","6":"product_cat-vasilij-kandinski","7":"product_tag-kandinski-hr","8":"product_tag-kandinsky-hr","9":"product_tag-reprodukcija-hr","10":"product_tag-reprodukcije-hr","11":"product_tag-slikar-hr","12":"pa_dimenzija-100-x-80-cm","13":"pa_dimenzija-116-x-89-cm","14":"pa_dimenzija-130-x-100-cm","15":"pa_dimenzija-150-x-120-cm","16":"pa_dimenzija-50-x-40-cm","17":"pa_dimenzija-70-x-50-cm","18":"pa_dimenzija-80-x-60-cm","19":"pa_dimenzija-90-x-70-cm","20":"pa_oblika-horizontalno","21":"pa_okvir-bez-okvira","22":"pa_podokvir-bez-podokvira","23":"pa_podokvir-sa-podokvirom","25":"first","26":"onbackorder","27":"purchasable","28":"product-type-variable","29":"has-default-attributes"},"acf":[],"yoast_head":"<!-- This site is optimized with the Yoast SEO Premium plugin v26.0 (Yoast SEO v27.2) - https:\/\/yoast.com\/product\/yoast-seo-premium-wordpress\/ -->\n<title>Vasilij Kandinski - Various Parts (Parties diverses) - SVETSLIK.SI - 100% ru\u010dno naslikano<\/title>\n<meta name=\"description\" content=\"Vasilij Kandinski - Various Parts (Parties diverses) - 100% ru\u010dno naslikane reprodukcije slika na platnu. Okvirivanje slika, prodaja i izrada slika u dimenzijama po narud\u017ebi.\" \/>\n<meta name=\"robots\" content=\"index, follow, max-snippet:-1, max-image-preview:large, max-video-preview:-1\" \/>\n<link rel=\"canonical\" href=\"https:\/\/svetslik.si\/hr\/vasilij-kandinski\/various-parts-parties-diverses\/\" \/>\n<meta property=\"og:locale\" content=\"hr_HR\" \/>\n<meta property=\"og:type\" content=\"article\" \/>\n<meta property=\"og:title\" content=\"Vasilij Kandinski - Various Parts (Parties diverses)\" \/>\n<meta property=\"og:description\" content=\"100% ro\u010dno naslikane slike na platnu, reprodukcije znanih slikarjev in umetni\u0161ke slike po naro\u010dilu.\" \/>\n<meta property=\"og:url\" content=\"https:\/\/svetslik.si\/hr\/vasilij-kandinski\/various-parts-parties-diverses\/\" \/>\n<meta property=\"og:site_name\" content=\"SVETSLIK.SI\" \/>\n<meta property=\"article:publisher\" content=\"https:\/\/www.facebook.com\/svetslik.si\" \/>\n<meta property=\"article:modified_time\" content=\"2024-07-04T13:59:43+00:00\" \/>\n<meta property=\"og:image\" content=\"https:\/\/svetslik.si\/wp-content\/uploads\/2021\/08\/image_Various-Parts-Parties-diverses_680.jpg\" \/>\n\t<meta property=\"og:image:width\" content=\"1797\" \/>\n\t<meta property=\"og:image:height\" content=\"1359\" \/>\n\t<meta property=\"og:image:type\" content=\"image\/jpeg\" \/>\n<meta name=\"twitter:card\" content=\"summary_large_image\" \/>\n<meta name=\"twitter:site\" content=\"@svetslik\" \/>\n<meta name=\"twitter:label1\" content=\"Availability\" \/>\n\t<meta name=\"twitter:data1\" content=\"On backorder\" \/>\n<script type=\"application\/ld+json\" class=\"yoast-schema-graph\">{\"@context\":\"https:\/\/schema.org\",\"@graph\":[{\"@type\":[\"WebPage\",\"ItemPage\"],\"@id\":\"https:\/\/svetslik.si\/hr\/vasilij-kandinski\/various-parts-parties-diverses\/\",\"url\":\"https:\/\/svetslik.si\/hr\/vasilij-kandinski\/various-parts-parties-diverses\/\",\"name\":\"Vasilij Kandinski - Various Parts (Parties diverses) - SVETSLIK.SI - 100% ru\u010dno naslikano\",\"isPartOf\":{\"@id\":\"https:\/\/svetslik.si\/hr\/#website\"},\"primaryImageOfPage\":{\"@id\":\"https:\/\/svetslik.si\/hr\/vasilij-kandinski\/various-parts-parties-diverses\/#primaryimage\"},\"image\":{\"@id\":\"https:\/\/svetslik.si\/hr\/vasilij-kandinski\/various-parts-parties-diverses\/#primaryimage\"},\"thumbnailUrl\":\"https:\/\/svetslik.si\/wp-content\/uploads\/2021\/08\/image_Various-Parts-Parties-diverses_680.jpg\",\"datePublished\":\"2021-09-02T15:56:07+00:00\",\"dateModified\":\"2024-07-04T13:59:43+00:00\",\"description\":\"Vasilij Kandinski - Various Parts (Parties diverses) - 100% ru\u010dno naslikane reprodukcije slika na platnu. Okvirivanje slika, prodaja i izrada slika u dimenzijama po narud\u017ebi.\",\"breadcrumb\":{\"@id\":\"https:\/\/svetslik.si\/hr\/vasilij-kandinski\/various-parts-parties-diverses\/#breadcrumb\"},\"inLanguage\":\"hr\",\"potentialAction\":[{\"@type\":\"ReadAction\",\"target\":[\"https:\/\/svetslik.si\/hr\/vasilij-kandinski\/various-parts-parties-diverses\/\"]}]},{\"@type\":\"ImageObject\",\"inLanguage\":\"hr\",\"@id\":\"https:\/\/svetslik.si\/hr\/vasilij-kandinski\/various-parts-parties-diverses\/#primaryimage\",\"url\":\"https:\/\/svetslik.si\/wp-content\/uploads\/2021\/08\/image_Various-Parts-Parties-diverses_680.jpg\",\"contentUrl\":\"https:\/\/svetslik.si\/wp-content\/uploads\/2021\/08\/image_Various-Parts-Parties-diverses_680.jpg\",\"width\":1797,\"height\":1359,\"caption\":\"Slike za zid - Razni dijelovi - Diverse feste. Ru\u010dno naslikane reprodukcije poznatih slikara, moderne zidne slike, umjetni\u010dke slike za zid.\"},{\"@type\":\"BreadcrumbList\",\"@id\":\"https:\/\/svetslik.si\/hr\/vasilij-kandinski\/various-parts-parties-diverses\/#breadcrumb\",\"itemListElement\":[{\"@type\":\"ListItem\",\"position\":1,\"name\":\"Umjetni\u010dke zidne slike na platnu\",\"item\":\"https:\/\/svetslik.si\/hr\/\"},{\"@type\":\"ListItem\",\"position\":2,\"name\":\"Prodaja slika\",\"item\":\"https:\/\/svetslik.si\/prodaja-slik\/\"},{\"@type\":\"ListItem\",\"position\":3,\"name\":\"Vasilij Kandinski &#8211; Various Parts (Parties diverses)\"}]},{\"@type\":\"WebSite\",\"@id\":\"https:\/\/svetslik.si\/hr\/#website\",\"url\":\"https:\/\/svetslik.si\/hr\/\",\"name\":\"SVETSLIK.SI\",\"description\":\"100% ru\u010dno naslikane reprodukcije slika poznatih slikara in umjetni\u010dke zidne slike na platnu.\",\"publisher\":{\"@id\":\"https:\/\/svetslik.si\/hr\/#organization\"},\"potentialAction\":[{\"@type\":\"SearchAction\",\"target\":{\"@type\":\"EntryPoint\",\"urlTemplate\":\"https:\/\/svetslik.si\/hr\/?s={search_term_string}\"},\"query-input\":{\"@type\":\"PropertyValueSpecification\",\"valueRequired\":true,\"valueName\":\"search_term_string\"}}],\"inLanguage\":\"hr\"},{\"@type\":\"Organization\",\"@id\":\"https:\/\/svetslik.si\/hr\/#organization\",\"name\":\"SvetSlik.si\",\"url\":\"https:\/\/svetslik.si\/hr\/\",\"logo\":{\"@type\":\"ImageObject\",\"inLanguage\":\"hr\",\"@id\":\"https:\/\/svetslik.si\/hr\/#\/schema\/logo\/image\/\",\"url\":\"https:\/\/svetslik.si\/wp-content\/uploads\/2020\/12\/logo-512.png\",\"contentUrl\":\"https:\/\/svetslik.si\/wp-content\/uploads\/2020\/12\/logo-512.png\",\"width\":512,\"height\":512,\"caption\":\"SvetSlik.si\"},\"image\":{\"@id\":\"https:\/\/svetslik.si\/hr\/#\/schema\/logo\/image\/\"},\"sameAs\":[\"https:\/\/www.facebook.com\/svetslik.si\",\"https:\/\/x.com\/svetslik\",\"https:\/\/www.instagram.com\/svetslik.si\/\",\"https:\/\/www.linkedin.com\/company\/svetslik-si\"]}]}<\/script>\n<meta property=\"og:availability\" content=\"backorder\" \/>\n<meta property=\"product:availability\" content=\"available for order\" \/>\n<meta property=\"product:retailer_item_id\" content=\"304__\" \/>\n<meta property=\"product:condition\" content=\"new\" \/>\n<!-- \/ Yoast SEO Premium plugin. -->","yoast_head_json":{"title":"Vasilij Kandinski - Various Parts (Parties diverses) - SVETSLIK.SI - 100% ru\u010dno naslikano","description":"Vasilij Kandinski - Various Parts (Parties diverses) - 100% ru\u010dno naslikane reprodukcije slika na platnu. Okvirivanje slika, prodaja i izrada slika u dimenzijama po narud\u017ebi.","robots":{"index":"index","follow":"follow","max-snippet":"max-snippet:-1","max-image-preview":"max-image-preview:large","max-video-preview":"max-video-preview:-1"},"canonical":"https:\/\/svetslik.si\/hr\/vasilij-kandinski\/various-parts-parties-diverses\/","og_locale":"hr_HR","og_type":"article","og_title":"Vasilij Kandinski - Various Parts (Parties diverses)","og_description":"100% ro\u010dno naslikane slike na platnu, reprodukcije znanih slikarjev in umetni\u0161ke slike po naro\u010dilu.","og_url":"https:\/\/svetslik.si\/hr\/vasilij-kandinski\/various-parts-parties-diverses\/","og_site_name":"SVETSLIK.SI","article_publisher":"https:\/\/www.facebook.com\/svetslik.si","article_modified_time":"2024-07-04T13:59:43+00:00","og_image":[{"width":1797,"height":1359,"url":"https:\/\/svetslik.si\/wp-content\/uploads\/2021\/08\/image_Various-Parts-Parties-diverses_680.jpg","type":"image\/jpeg"}],"twitter_card":"summary_large_image","twitter_site":"@svetslik","twitter_misc":{"Availability":"On backorder"},"schema":{"@context":"https:\/\/schema.org","@graph":[{"@type":["WebPage","ItemPage"],"@id":"https:\/\/svetslik.si\/hr\/vasilij-kandinski\/various-parts-parties-diverses\/","url":"https:\/\/svetslik.si\/hr\/vasilij-kandinski\/various-parts-parties-diverses\/","name":"Vasilij Kandinski - Various Parts (Parties diverses) - SVETSLIK.SI - 100% ru\u010dno naslikano","isPartOf":{"@id":"https:\/\/svetslik.si\/hr\/#website"},"primaryImageOfPage":{"@id":"https:\/\/svetslik.si\/hr\/vasilij-kandinski\/various-parts-parties-diverses\/#primaryimage"},"image":{"@id":"https:\/\/svetslik.si\/hr\/vasilij-kandinski\/various-parts-parties-diverses\/#primaryimage"},"thumbnailUrl":"https:\/\/svetslik.si\/wp-content\/uploads\/2021\/08\/image_Various-Parts-Parties-diverses_680.jpg","datePublished":"2021-09-02T15:56:07+00:00","dateModified":"2024-07-04T13:59:43+00:00","description":"Vasilij Kandinski - Various Parts (Parties diverses) - 100% ru\u010dno naslikane reprodukcije slika na platnu. Okvirivanje slika, prodaja i izrada slika u dimenzijama po narud\u017ebi.","breadcrumb":{"@id":"https:\/\/svetslik.si\/hr\/vasilij-kandinski\/various-parts-parties-diverses\/#breadcrumb"},"inLanguage":"hr","potentialAction":[{"@type":"ReadAction","target":["https:\/\/svetslik.si\/hr\/vasilij-kandinski\/various-parts-parties-diverses\/"]}]},{"@type":"ImageObject","inLanguage":"hr","@id":"https:\/\/svetslik.si\/hr\/vasilij-kandinski\/various-parts-parties-diverses\/#primaryimage","url":"https:\/\/svetslik.si\/wp-content\/uploads\/2021\/08\/image_Various-Parts-Parties-diverses_680.jpg","contentUrl":"https:\/\/svetslik.si\/wp-content\/uploads\/2021\/08\/image_Various-Parts-Parties-diverses_680.jpg","width":1797,"height":1359,"caption":"Slike za zid - Razni dijelovi - Diverse feste. Ru\u010dno naslikane reprodukcije poznatih slikara, moderne zidne slike, umjetni\u010dke slike za zid."},{"@type":"BreadcrumbList","@id":"https:\/\/svetslik.si\/hr\/vasilij-kandinski\/various-parts-parties-diverses\/#breadcrumb","itemListElement":[{"@type":"ListItem","position":1,"name":"Umjetni\u010dke zidne slike na platnu","item":"https:\/\/svetslik.si\/hr\/"},{"@type":"ListItem","position":2,"name":"Prodaja slika","item":"https:\/\/svetslik.si\/prodaja-slik\/"},{"@type":"ListItem","position":3,"name":"Vasilij Kandinski &#8211; Various Parts (Parties diverses)"}]},{"@type":"WebSite","@id":"https:\/\/svetslik.si\/hr\/#website","url":"https:\/\/svetslik.si\/hr\/","name":"SVETSLIK.SI","description":"100% ru\u010dno naslikane reprodukcije slika poznatih slikara in umjetni\u010dke zidne slike na platnu.","publisher":{"@id":"https:\/\/svetslik.si\/hr\/#organization"},"potentialAction":[{"@type":"SearchAction","target":{"@type":"EntryPoint","urlTemplate":"https:\/\/svetslik.si\/hr\/?s={search_term_string}"},"query-input":{"@type":"PropertyValueSpecification","valueRequired":true,"valueName":"search_term_string"}}],"inLanguage":"hr"},{"@type":"Organization","@id":"https:\/\/svetslik.si\/hr\/#organization","name":"SvetSlik.si","url":"https:\/\/svetslik.si\/hr\/","logo":{"@type":"ImageObject","inLanguage":"hr","@id":"https:\/\/svetslik.si\/hr\/#\/schema\/logo\/image\/","url":"https:\/\/svetslik.si\/wp-content\/uploads\/2020\/12\/logo-512.png","contentUrl":"https:\/\/svetslik.si\/wp-content\/uploads\/2020\/12\/logo-512.png","width":512,"height":512,"caption":"SvetSlik.si"},"image":{"@id":"https:\/\/svetslik.si\/hr\/#\/schema\/logo\/image\/"},"sameAs":["https:\/\/www.facebook.com\/svetslik.si","https:\/\/x.com\/svetslik","https:\/\/www.instagram.com\/svetslik.si\/","https:\/\/www.linkedin.com\/company\/svetslik-si"]}]},"og_availability":"backorder","product_availability":"available for order","product_retailer_item_id":"304__","product_condition":"new"},"jetpack_sharing_enabled":true,"_links":{"self":[{"href":"https:\/\/svetslik.si\/hr\/wp-json\/wp\/v2\/product\/25510","targetHints":{"allow":["GET"]}}],"collection":[{"href":"https:\/\/svetslik.si\/hr\/wp-json\/wp\/v2\/product"}],"about":[{"href":"https:\/\/svetslik.si\/hr\/wp-json\/wp\/v2\/types\/product"}],"wp:featuredmedia":[{"embeddable":true,"href":"https:\/\/svetslik.si\/hr\/wp-json\/wp\/v2\/media\/20955"}],"wp:attachment":[{"href":"https:\/\/svetslik.si\/hr\/wp-json\/wp\/v2\/media?parent=25510"}],"wp:term":[{"taxonomy":"product_brand","embeddable":true,"href":"https:\/\/svetslik.si\/hr\/wp-json\/wp\/v2\/product_brand?post=25510"},{"taxonomy":"product_cat","embeddable":true,"href":"https:\/\/svetslik.si\/hr\/wp-json\/wp\/v2\/product_cat?post=25510"},{"taxonomy":"product_tag","embeddable":true,"href":"https:\/\/svetslik.si\/hr\/wp-json\/wp\/v2\/product_tag?post=25510"}],"curies":[{"name":"wp","href":"https:\/\/api.w.org\/{rel}","templated":true}]}}