{"id":25519,"date":"2021-09-02T17:56:07","date_gmt":"2021-09-02T15:56:07","guid":{"rendered":"https:\/\/svetslik.si\/Bez%20kategorije\/sky-blue-bleu-de-ciel\/"},"modified":"2025-06-03T23:40:27","modified_gmt":"2025-06-03T21:40:27","slug":"sky-blue-bleu-de-ciel","status":"publish","type":"product","link":"https:\/\/svetslik.si\/hr\/vasilij-kandinski\/sky-blue-bleu-de-ciel\/","title":{"rendered":"Vasilij Kandinski &#8211; Sky Blue (Bleu de ciel)"},"content":{"rendered":"<div class=\"wpb-content-wrapper\">[vc_row css=&#8221;.vc_custom_1722756393088{margin-bottom: 10px !important;}&#8221;][vc_column]\t<div class=\"et-image-98 et-image     et_image_link\">\n\t\t<div class=\"et-image-inner \">\n\t\t\t\t\t\t\t<div class=\"et-image-thumb \">\n\t\t\t\t\t<img decoding=\"async\" width=\"1000\" height=\"1309\" src=\"https:\/\/svetslik.si\/wp-content\/uploads\/2021\/09\/Vasilij-Kandinski-\u2013-Sky-Blue-Bleu-de-ciel-reprodukcija-slike-na-platnu-2.jpg\" class=\"attachment-full\" alt=\"Vasilij Kandinski - Sky Blue (Bleu de ciel)\" title=\"Vasilij Kandinski - Sky Blue (Bleu de ciel)\" srcset=\"https:\/\/svetslik.si\/wp-content\/uploads\/2021\/09\/Vasilij-Kandinski-\u2013-Sky-Blue-Bleu-de-ciel-reprodukcija-slike-na-platnu-2.jpg 1000w, https:\/\/svetslik.si\/wp-content\/uploads\/2021\/09\/Vasilij-Kandinski-\u2013-Sky-Blue-Bleu-de-ciel-reprodukcija-slike-na-platnu-2-600x785.jpg 600w, https:\/\/svetslik.si\/wp-content\/uploads\/2021\/09\/Vasilij-Kandinski-\u2013-Sky-Blue-Bleu-de-ciel-reprodukcija-slike-na-platnu-2-229x300.jpg 229w, https:\/\/svetslik.si\/wp-content\/uploads\/2021\/09\/Vasilij-Kandinski-\u2013-Sky-Blue-Bleu-de-ciel-reprodukcija-slike-na-platnu-2-782x1024.jpg 782w, https:\/\/svetslik.si\/wp-content\/uploads\/2021\/09\/Vasilij-Kandinski-\u2013-Sky-Blue-Bleu-de-ciel-reprodukcija-slike-na-platnu-2-768x1005.jpg 768w, https:\/\/svetslik.si\/wp-content\/uploads\/2021\/09\/Vasilij-Kandinski-\u2013-Sky-Blue-Bleu-de-ciel-reprodukcija-slike-na-platnu-2-115x150.jpg 115w, https:\/\/svetslik.si\/wp-content\/uploads\/2021\/09\/Vasilij-Kandinski-\u2013-Sky-Blue-Bleu-de-ciel-reprodukcija-slike-na-platnu-2-900x1178.jpg 900w\" sizes=\"(max-width: 1000px) 100vw, 1000px\" \/>\t\t\t\t<\/div>\n\t\t\t\t\t\t\t\t\t\t\t<\/div>\n\t<\/div>\n  [\/vc_column][\/vc_row][vc_row css=&#8221;.vc_custom_1722756393088{margin-bottom: 10px !important;}&#8221;][vc_column]\t<div class=\"et-image-725 et-image     et_image_link\">\n\t\t<div class=\"et-image-inner \">\n\t\t\t\t\t\t\t<div class=\"et-image-thumb \">\n\t\t\t\t\t<img decoding=\"async\" width=\"1000\" height=\"1604\" src=\"https:\/\/svetslik.si\/wp-content\/uploads\/2021\/09\/Vasilij-Kandinski-\u2013-Sky-Blue-Bleu-de-ciel-reprodukcija-slike-na-platnu-3.jpg\" class=\"attachment-full\" alt=\"Vasilij Kandinski - Sky Blue (Bleu de ciel)\" title=\"Vasilij Kandinski - Sky Blue (Bleu de ciel)\" srcset=\"https:\/\/svetslik.si\/wp-content\/uploads\/2021\/09\/Vasilij-Kandinski-\u2013-Sky-Blue-Bleu-de-ciel-reprodukcija-slike-na-platnu-3.jpg 1000w, https:\/\/svetslik.si\/wp-content\/uploads\/2021\/09\/Vasilij-Kandinski-\u2013-Sky-Blue-Bleu-de-ciel-reprodukcija-slike-na-platnu-3-600x962.jpg 600w, https:\/\/svetslik.si\/wp-content\/uploads\/2021\/09\/Vasilij-Kandinski-\u2013-Sky-Blue-Bleu-de-ciel-reprodukcija-slike-na-platnu-3-187x300.jpg 187w, https:\/\/svetslik.si\/wp-content\/uploads\/2021\/09\/Vasilij-Kandinski-\u2013-Sky-Blue-Bleu-de-ciel-reprodukcija-slike-na-platnu-3-638x1024.jpg 638w, https:\/\/svetslik.si\/wp-content\/uploads\/2021\/09\/Vasilij-Kandinski-\u2013-Sky-Blue-Bleu-de-ciel-reprodukcija-slike-na-platnu-3-768x1232.jpg 768w, https:\/\/svetslik.si\/wp-content\/uploads\/2021\/09\/Vasilij-Kandinski-\u2013-Sky-Blue-Bleu-de-ciel-reprodukcija-slike-na-platnu-3-958x1536.jpg 958w, https:\/\/svetslik.si\/wp-content\/uploads\/2021\/09\/Vasilij-Kandinski-\u2013-Sky-Blue-Bleu-de-ciel-reprodukcija-slike-na-platnu-3-94x150.jpg 94w, https:\/\/svetslik.si\/wp-content\/uploads\/2021\/09\/Vasilij-Kandinski-\u2013-Sky-Blue-Bleu-de-ciel-reprodukcija-slike-na-platnu-3-900x1444.jpg 900w\" sizes=\"(max-width: 1000px) 100vw, 1000px\" \/>\t\t\t\t<\/div>\n\t\t\t\t\t\t\t\t\t\t\t<\/div>\n\t<\/div>\n  [\/vc_column][\/vc_row][vc_row css=&#8221;.vc_custom_1722756393088{margin-bottom: 10px !important;}&#8221;][vc_column]\t<div class=\"et-image-153 et-image     et_image_link\">\n\t\t<div class=\"et-image-inner \">\n\t\t\t\t\t\t\t<div class=\"et-image-thumb \">\n\t\t\t\t\t<img decoding=\"async\" width=\"1000\" height=\"1123\" src=\"https:\/\/svetslik.si\/wp-content\/uploads\/2021\/09\/Vasilij-Kandinski-\u2013-Sky-Blue-Bleu-de-ciel-reprodukcija-slike-na-platnu-4.jpg\" class=\"attachment-full\" alt=\"Vasilij Kandinski - Sky Blue (Bleu de ciel)\" title=\"Vasilij Kandinski - Sky Blue (Bleu de ciel)\" srcset=\"https:\/\/svetslik.si\/wp-content\/uploads\/2021\/09\/Vasilij-Kandinski-\u2013-Sky-Blue-Bleu-de-ciel-reprodukcija-slike-na-platnu-4.jpg 1000w, https:\/\/svetslik.si\/wp-content\/uploads\/2021\/09\/Vasilij-Kandinski-\u2013-Sky-Blue-Bleu-de-ciel-reprodukcija-slike-na-platnu-4-600x674.jpg 600w, https:\/\/svetslik.si\/wp-content\/uploads\/2021\/09\/Vasilij-Kandinski-\u2013-Sky-Blue-Bleu-de-ciel-reprodukcija-slike-na-platnu-4-267x300.jpg 267w, https:\/\/svetslik.si\/wp-content\/uploads\/2021\/09\/Vasilij-Kandinski-\u2013-Sky-Blue-Bleu-de-ciel-reprodukcija-slike-na-platnu-4-912x1024.jpg 912w, https:\/\/svetslik.si\/wp-content\/uploads\/2021\/09\/Vasilij-Kandinski-\u2013-Sky-Blue-Bleu-de-ciel-reprodukcija-slike-na-platnu-4-768x862.jpg 768w, https:\/\/svetslik.si\/wp-content\/uploads\/2021\/09\/Vasilij-Kandinski-\u2013-Sky-Blue-Bleu-de-ciel-reprodukcija-slike-na-platnu-4-134x150.jpg 134w, https:\/\/svetslik.si\/wp-content\/uploads\/2021\/09\/Vasilij-Kandinski-\u2013-Sky-Blue-Bleu-de-ciel-reprodukcija-slike-na-platnu-4-900x1011.jpg 900w\" sizes=\"(max-width: 1000px) 100vw, 1000px\" \/>\t\t\t\t<\/div>\n\t\t\t\t\t\t\t\t\t\t\t<\/div>\n\t<\/div>\n  [\/vc_column][\/vc_row][vc_row css=&#8221;.vc_custom_1722756393088{margin-bottom: 10px !important;}&#8221;][vc_column]\t<div class=\"et-image-194 et-image     et_image_link\">\n\t\t<div class=\"et-image-inner \">\n\t\t\t\t\t\t\t<div class=\"et-image-thumb \">\n\t\t\t\t\t<img decoding=\"async\" width=\"1000\" height=\"747\" src=\"https:\/\/svetslik.si\/wp-content\/uploads\/2021\/09\/Vasilij-Kandinski-\u2013-Sky-Blue-Bleu-de-ciel-reprodukcija-slike-na-platnu-5.jpg\" class=\"attachment-full\" alt=\"Vasilij Kandinski - Sky Blue (Bleu de ciel)\" title=\"Vasilij Kandinski - Sky Blue (Bleu de ciel)\" srcset=\"https:\/\/svetslik.si\/wp-content\/uploads\/2021\/09\/Vasilij-Kandinski-\u2013-Sky-Blue-Bleu-de-ciel-reprodukcija-slike-na-platnu-5.jpg 1000w, https:\/\/svetslik.si\/wp-content\/uploads\/2021\/09\/Vasilij-Kandinski-\u2013-Sky-Blue-Bleu-de-ciel-reprodukcija-slike-na-platnu-5-600x448.jpg 600w, https:\/\/svetslik.si\/wp-content\/uploads\/2021\/09\/Vasilij-Kandinski-\u2013-Sky-Blue-Bleu-de-ciel-reprodukcija-slike-na-platnu-5-300x224.jpg 300w, https:\/\/svetslik.si\/wp-content\/uploads\/2021\/09\/Vasilij-Kandinski-\u2013-Sky-Blue-Bleu-de-ciel-reprodukcija-slike-na-platnu-5-768x574.jpg 768w, https:\/\/svetslik.si\/wp-content\/uploads\/2021\/09\/Vasilij-Kandinski-\u2013-Sky-Blue-Bleu-de-ciel-reprodukcija-slike-na-platnu-5-150x112.jpg 150w, https:\/\/svetslik.si\/wp-content\/uploads\/2021\/09\/Vasilij-Kandinski-\u2013-Sky-Blue-Bleu-de-ciel-reprodukcija-slike-na-platnu-5-900x672.jpg 900w\" sizes=\"(max-width: 1000px) 100vw, 1000px\" \/>\t\t\t\t<\/div>\n\t\t\t\t\t\t\t\t\t\t\t<\/div>\n\t<\/div>\n  [\/vc_column][\/vc_row][vc_row css=&#8221;.vc_custom_1722756393088{margin-bottom: 10px !important;}&#8221;][vc_column]\t<div class=\"et-image-866 et-image     et_image_link\">\n\t\t<div class=\"et-image-inner \">\n\t\t\t\t\t\t\t<div class=\"et-image-thumb \">\n\t\t\t\t\t<img decoding=\"async\" width=\"1000\" height=\"563\" src=\"https:\/\/svetslik.si\/wp-content\/uploads\/2021\/09\/Vasilij-Kandinski-\u2013-Sky-Blue-Bleu-de-ciel-reprodukcija-slike-na-platnu.jpg\" class=\"attachment-full\" alt=\"Vasilij Kandinski - Sky Blue (Bleu de ciel)\" title=\"Vasilij Kandinski - Sky Blue (Bleu de ciel)\" srcset=\"https:\/\/svetslik.si\/wp-content\/uploads\/2021\/09\/Vasilij-Kandinski-\u2013-Sky-Blue-Bleu-de-ciel-reprodukcija-slike-na-platnu.jpg 1000w, https:\/\/svetslik.si\/wp-content\/uploads\/2021\/09\/Vasilij-Kandinski-\u2013-Sky-Blue-Bleu-de-ciel-reprodukcija-slike-na-platnu-600x338.jpg 600w, https:\/\/svetslik.si\/wp-content\/uploads\/2021\/09\/Vasilij-Kandinski-\u2013-Sky-Blue-Bleu-de-ciel-reprodukcija-slike-na-platnu-300x169.jpg 300w, https:\/\/svetslik.si\/wp-content\/uploads\/2021\/09\/Vasilij-Kandinski-\u2013-Sky-Blue-Bleu-de-ciel-reprodukcija-slike-na-platnu-768x432.jpg 768w, https:\/\/svetslik.si\/wp-content\/uploads\/2021\/09\/Vasilij-Kandinski-\u2013-Sky-Blue-Bleu-de-ciel-reprodukcija-slike-na-platnu-150x84.jpg 150w, https:\/\/svetslik.si\/wp-content\/uploads\/2021\/09\/Vasilij-Kandinski-\u2013-Sky-Blue-Bleu-de-ciel-reprodukcija-slike-na-platnu-900x507.jpg 900w\" sizes=\"(max-width: 1000px) 100vw, 1000px\" \/>\t\t\t\t<\/div>\n\t\t\t\t\t\t\t\t\t\t\t<\/div>\n\t<\/div>\n  [\/vc_column][\/vc_row][vc_row][vc_column][vc_column_text]\n<h1>Vasilij Kandinski &#8211; Nebesko plavo (Bleu de ciel)<\/h1>\n<table border=\"0\" width=\"673\" cellspacing=\"0\" cellpadding=\"0\">\n<colgroup>\n<col style=\"width: 135pt;\" width=\"180\" \/>\n<col style=\"width: 370pt;\" width=\"493\" \/> <\/colgroup>\n<tbody>\n<tr style=\"height: 15.75pt;\">\n<td class=\"xl24\" width=\"180\" height=\"21\">Godina stvaranja:<\/td>\n<td class=\"xl25\" style=\"width: 370pt;\" width=\"493\">1940<\/td>\n<\/tr>\n<tr style=\"height: 15.75pt;\">\n<td class=\"xl24\" width=\"180\" height=\"21\">Izvorna veli\u010dina:<\/td>\n<td class=\"xl24\" style=\"width: 370pt;\" width=\"493\">73 cm x 100 cm<\/td>\n<\/tr>\n<tr style=\"height: 15.75pt;\">\n<td class=\"xl24\" width=\"180\" height=\"21\">Stil bojanja:<\/td>\n<td class=\"xl24\" style=\"width: 370pt;\" width=\"493\">Apstraktna umjetnost<\/td>\n<\/tr>\n<tr style=\"height: 15.75pt;\">\n<td class=\"xl24\" width=\"180\" height=\"21\">Izvorna tehnika:<\/td>\n<td>Ulje na platnu<\/td>\n<\/tr>\n<tr style=\"height: 15.75pt;\">\n<td class=\"xl24\" width=\"180\" height=\"21\">Lokacija:<\/td>\n<td>Muzej moderne umjetnosti Pariz<\/td>\n<\/tr>\n<\/tbody>\n<\/table>\n<p>Wassily Kandinsky smatra se jednom od najva\u017enijih figura u povijesti apstraktne umjetnosti. Jedna od njegovih najpoznatijih slika je &#8220;Nebesko plavo&#8221; (Bleu de ciel) iz 1940. Slika je demonstracija sposobnosti Kandinskog da izrazi emocije apstraktnim oblicima i bojama.<\/p>\n<p>Na slici je prikazano veliko svijetlo plavo polje koje zauzima najve\u0107i dio platna. Plava boja je bogata i intenzivna, stvara osje\u0107aj dubine i pokreta. Potezi kista su odva\u017eni i izra\u017eajni, s osje\u0107ajem energije i pokreta. Plava boja okru\u017eena je tankim bijelim rubom koji nagla\u0161ava intenzitet plave boje i stvara osje\u0107aj dubine.<\/p>\n<p>Kandinski je bio majstor boja i &#8220;Nebesko plavo&#8221; je savr\u0161en primjer njegove sposobnosti da bojom izrazi emocije. Plava boja povezuje se s osje\u0107ajima mira, spokoja i stabilnosti. Intenzitet plave boje stvara osje\u0107aj strahopo\u0161tovanja i \u010du\u0111enja, dok hrabri potezi kistom dodaju osje\u0107aj energije i pokreta.<\/p>\n<p>Slika je primjer zrelog stila Kandinskog kojeg je karakterizirao naglasak na apstrakciji i kori\u0161tenju boje za izra\u017eavanje emocija. Slika je izvrstan primjer kako je Kandinski uspio stvoriti osje\u0107aj pokreta i dubine kori\u0161tenjem boje i poteza kista.<\/p>\n<p>&#8220;Nebesko plavo se smatra jednim od najva\u017enijih djela Kandinskog, koje moraju vidjeti svi koji se zanimaju za povijest apstraktne umjetnosti. Slika je trenutno izlo\u017eena u Centru Georges Pompidou u Parizu, Francuska.<\/p>\n<p>Ukratko, &#8220;Plavo nebo&#8221; Vasilija Kandinskog zadivljuju\u0107i je primjer apstraktne umjetnosti koja prikazuje umjetnikovu sposobnost da izrazi emocije bojom i potezima kista. Ovu sliku moraju vidjeti ljubitelji umjetnosti i svi zainteresirani za povijest apstraktne umjetnosti. Ako ikada budete imali priliku posjetiti Centar Georges Pompidou u Parizu, Francuska, nemojte propustiti priliku vidjeti ovo nevjerojatno umjetni\u010dko djelo.<\/p>\n<\/div>","protected":false},"excerpt":{"rendered":"<p>[vc_row css=&#8221;.vc_custom_1722756393088{margin-bottom: 10px !important;}&#8221;][vc_column][\/vc_column][\/vc_row][vc_row css=&#8221;.vc_custom_1722756393088{margin-bottom: 10px !important;}&#8221;][vc_column][\/vc_column][\/vc_row][vc_row css=&#8221;.vc_custom_1722756393088{margin-bottom: 10px !important;}&#8221;][vc_column][\/vc_column][\/vc_row][vc_row css=&#8221;.vc_custom_1722756393088{margin-bottom: 10px !important;}&#8221;][vc_column][\/vc_column][\/vc_row][vc_row css=&#8221;.vc_custom_1722756393088{margin-bottom: 10px !important;}&#8221;][vc_column][\/vc_column][\/vc_row][vc_row][vc_column][vc_column_text] Vasilij Kandinski &#8211; Nebesko plavo (Bleu de ciel) Godina stvaranja: 1940 Izvorna veli\u010dina: 73 cm x 100 cm Stil bojanja: Apstraktna umjetnost Izvorna tehnika: Ulje na platnu Lokacija: Muzej moderne umjetnosti Pariz Wassily Kandinsky [&hellip;]<\/p>\n","protected":false},"featured_media":20676,"template":"","meta":{"_acf_changed":false},"product_brand":[],"product_cat":[3380],"product_tag":[4086,4087,4069,4070,4071],"class_list":{"0":"post-25519","1":"product","2":"type-product","3":"status-publish","4":"has-post-thumbnail","6":"product_cat-vasilij-kandinski","7":"product_tag-kandinski-hr","8":"product_tag-kandinsky-hr","9":"product_tag-reprodukcija-hr","10":"product_tag-reprodukcije-hr","11":"product_tag-slikar-hr","12":"pa_dimenzija-100-x-140-cm-hr","13":"pa_dimenzija-120-x-160-cm-hr","14":"pa_dimenzija-150-x-210-cm-hr","15":"pa_dimenzija-40-x-55-cm-hr","16":"pa_dimenzija-50-x-70-cm-hr","17":"pa_dimenzija-60-x-80-cm-hr","18":"pa_dimenzija-73-x-100-cm-hr","19":"pa_dimenzija-80-x-110-cm-hr","20":"pa_oblika-okomito","21":"pa_okvir-bez-okvira","22":"pa_podokvir-bez-podokvira","23":"pa_podokvir-sa-podokvirom","25":"first","26":"onbackorder","27":"purchasable","28":"product-type-variable","29":"has-default-attributes"},"acf":[],"yoast_head":"<!-- This site is optimized with the Yoast SEO Premium plugin v26.0 (Yoast SEO v27.2) - https:\/\/yoast.com\/product\/yoast-seo-premium-wordpress\/ -->\n<title>Vasilij Kandinski - Sky Blue (Bleu de ciel) - SVETSLIK.SI - 100% ru\u010dno naslikano<\/title>\n<meta name=\"description\" content=\"Vasilij Kandinski - Sky Blue (Bleu de ciel) - 100% ru\u010dno naslikane reprodukcije slika na platnu. Uramljivanje slika, prodaja i izrada slika u dimenzijama po narud\u017ebi.\" \/>\n<meta name=\"robots\" content=\"index, follow, max-snippet:-1, max-image-preview:large, max-video-preview:-1\" \/>\n<link rel=\"canonical\" href=\"https:\/\/svetslik.si\/hr\/vasilij-kandinski\/sky-blue-bleu-de-ciel\/\" \/>\n<meta property=\"og:locale\" content=\"hr_HR\" \/>\n<meta property=\"og:type\" content=\"article\" \/>\n<meta property=\"og:title\" content=\"Vasilij Kandinski - Sky Blue (Bleu de ciel)\" \/>\n<meta property=\"og:description\" content=\"100% ro\u010dno naslikane slike na platnu, reprodukcije znanih slikarjev in umetni\u0161ke slike po naro\u010dilu.\" \/>\n<meta property=\"og:url\" content=\"https:\/\/svetslik.si\/hr\/vasilij-kandinski\/sky-blue-bleu-de-ciel\/\" \/>\n<meta property=\"og:site_name\" content=\"SVETSLIK.SI\" \/>\n<meta property=\"article:publisher\" content=\"https:\/\/www.facebook.com\/svetslik.si\" \/>\n<meta property=\"article:modified_time\" content=\"2025-06-03T21:40:27+00:00\" \/>\n<meta property=\"og:image\" content=\"https:\/\/svetslik.si\/wp-content\/uploads\/2021\/08\/image_Sky-Blue-Bleu-de-ciel_680.jpg\" \/>\n\t<meta property=\"og:image:width\" content=\"1315\" \/>\n\t<meta property=\"og:image:height\" content=\"1800\" \/>\n\t<meta property=\"og:image:type\" content=\"image\/jpeg\" \/>\n<meta name=\"twitter:card\" content=\"summary_large_image\" \/>\n<meta name=\"twitter:site\" content=\"@svetslik\" \/>\n<meta name=\"twitter:label1\" content=\"Availability\" \/>\n\t<meta name=\"twitter:data1\" content=\"On backorder\" \/>\n<script type=\"application\/ld+json\" class=\"yoast-schema-graph\">{\"@context\":\"https:\/\/schema.org\",\"@graph\":[{\"@type\":[\"WebPage\",\"ItemPage\"],\"@id\":\"https:\/\/svetslik.si\/hr\/vasilij-kandinski\/sky-blue-bleu-de-ciel\/\",\"url\":\"https:\/\/svetslik.si\/hr\/vasilij-kandinski\/sky-blue-bleu-de-ciel\/\",\"name\":\"Vasilij Kandinski - Sky Blue (Bleu de ciel) - SVETSLIK.SI - 100% ru\u010dno naslikano\",\"isPartOf\":{\"@id\":\"https:\/\/svetslik.si\/hr\/#website\"},\"primaryImageOfPage\":{\"@id\":\"https:\/\/svetslik.si\/hr\/vasilij-kandinski\/sky-blue-bleu-de-ciel\/#primaryimage\"},\"image\":{\"@id\":\"https:\/\/svetslik.si\/hr\/vasilij-kandinski\/sky-blue-bleu-de-ciel\/#primaryimage\"},\"thumbnailUrl\":\"https:\/\/svetslik.si\/wp-content\/uploads\/2021\/08\/image_Sky-Blue-Bleu-de-ciel_680.jpg\",\"datePublished\":\"2021-09-02T15:56:07+00:00\",\"dateModified\":\"2025-06-03T21:40:27+00:00\",\"description\":\"Vasilij Kandinski - Sky Blue (Bleu de ciel) - 100% ru\u010dno naslikane reprodukcije slika na platnu. Uramljivanje slika, prodaja i izrada slika u dimenzijama po narud\u017ebi.\",\"breadcrumb\":{\"@id\":\"https:\/\/svetslik.si\/hr\/vasilij-kandinski\/sky-blue-bleu-de-ciel\/#breadcrumb\"},\"inLanguage\":\"hr\",\"potentialAction\":[{\"@type\":\"ReadAction\",\"target\":[\"https:\/\/svetslik.si\/hr\/vasilij-kandinski\/sky-blue-bleu-de-ciel\/\"]}]},{\"@type\":\"ImageObject\",\"inLanguage\":\"hr\",\"@id\":\"https:\/\/svetslik.si\/hr\/vasilij-kandinski\/sky-blue-bleu-de-ciel\/#primaryimage\",\"url\":\"https:\/\/svetslik.si\/wp-content\/uploads\/2021\/08\/image_Sky-Blue-Bleu-de-ciel_680.jpg\",\"contentUrl\":\"https:\/\/svetslik.si\/wp-content\/uploads\/2021\/08\/image_Sky-Blue-Bleu-de-ciel_680.jpg\",\"width\":1315,\"height\":1800,\"caption\":\"Sky-Blue-Bleu-de-ciel Moderne slike na platnu, dekorativne, ambientalne, abstraktne slike za na zid\"},{\"@type\":\"BreadcrumbList\",\"@id\":\"https:\/\/svetslik.si\/hr\/vasilij-kandinski\/sky-blue-bleu-de-ciel\/#breadcrumb\",\"itemListElement\":[{\"@type\":\"ListItem\",\"position\":1,\"name\":\"Umjetni\u010dke zidne slike na platnu\",\"item\":\"https:\/\/svetslik.si\/hr\/\"},{\"@type\":\"ListItem\",\"position\":2,\"name\":\"Prodaja slika\",\"item\":\"https:\/\/svetslik.si\/prodaja-slik\/\"},{\"@type\":\"ListItem\",\"position\":3,\"name\":\"Vasilij Kandinski &#8211; Sky Blue (Bleu de ciel)\"}]},{\"@type\":\"WebSite\",\"@id\":\"https:\/\/svetslik.si\/hr\/#website\",\"url\":\"https:\/\/svetslik.si\/hr\/\",\"name\":\"SVETSLIK.SI\",\"description\":\"100% ru\u010dno naslikane reprodukcije slika poznatih slikara in umjetni\u010dke zidne slike na platnu.\",\"publisher\":{\"@id\":\"https:\/\/svetslik.si\/hr\/#organization\"},\"potentialAction\":[{\"@type\":\"SearchAction\",\"target\":{\"@type\":\"EntryPoint\",\"urlTemplate\":\"https:\/\/svetslik.si\/hr\/?s={search_term_string}\"},\"query-input\":{\"@type\":\"PropertyValueSpecification\",\"valueRequired\":true,\"valueName\":\"search_term_string\"}}],\"inLanguage\":\"hr\"},{\"@type\":\"Organization\",\"@id\":\"https:\/\/svetslik.si\/hr\/#organization\",\"name\":\"SvetSlik.si\",\"url\":\"https:\/\/svetslik.si\/hr\/\",\"logo\":{\"@type\":\"ImageObject\",\"inLanguage\":\"hr\",\"@id\":\"https:\/\/svetslik.si\/hr\/#\/schema\/logo\/image\/\",\"url\":\"https:\/\/svetslik.si\/wp-content\/uploads\/2020\/12\/logo-512.png\",\"contentUrl\":\"https:\/\/svetslik.si\/wp-content\/uploads\/2020\/12\/logo-512.png\",\"width\":512,\"height\":512,\"caption\":\"SvetSlik.si\"},\"image\":{\"@id\":\"https:\/\/svetslik.si\/hr\/#\/schema\/logo\/image\/\"},\"sameAs\":[\"https:\/\/www.facebook.com\/svetslik.si\",\"https:\/\/x.com\/svetslik\",\"https:\/\/www.instagram.com\/svetslik.si\/\",\"https:\/\/www.linkedin.com\/company\/svetslik-si\"]}]}<\/script>\n<meta property=\"og:availability\" content=\"backorder\" \/>\n<meta property=\"product:availability\" content=\"available for order\" \/>\n<meta property=\"product:retailer_item_id\" content=\"305__\" \/>\n<meta property=\"product:condition\" content=\"new\" \/>\n<!-- \/ Yoast SEO Premium plugin. -->","yoast_head_json":{"title":"Vasilij Kandinski - Sky Blue (Bleu de ciel) - SVETSLIK.SI - 100% ru\u010dno naslikano","description":"Vasilij Kandinski - Sky Blue (Bleu de ciel) - 100% ru\u010dno naslikane reprodukcije slika na platnu. Uramljivanje slika, prodaja i izrada slika u dimenzijama po narud\u017ebi.","robots":{"index":"index","follow":"follow","max-snippet":"max-snippet:-1","max-image-preview":"max-image-preview:large","max-video-preview":"max-video-preview:-1"},"canonical":"https:\/\/svetslik.si\/hr\/vasilij-kandinski\/sky-blue-bleu-de-ciel\/","og_locale":"hr_HR","og_type":"article","og_title":"Vasilij Kandinski - Sky Blue (Bleu de ciel)","og_description":"100% ro\u010dno naslikane slike na platnu, reprodukcije znanih slikarjev in umetni\u0161ke slike po naro\u010dilu.","og_url":"https:\/\/svetslik.si\/hr\/vasilij-kandinski\/sky-blue-bleu-de-ciel\/","og_site_name":"SVETSLIK.SI","article_publisher":"https:\/\/www.facebook.com\/svetslik.si","article_modified_time":"2025-06-03T21:40:27+00:00","og_image":[{"width":1315,"height":1800,"url":"https:\/\/svetslik.si\/wp-content\/uploads\/2021\/08\/image_Sky-Blue-Bleu-de-ciel_680.jpg","type":"image\/jpeg"}],"twitter_card":"summary_large_image","twitter_site":"@svetslik","twitter_misc":{"Availability":"On backorder"},"schema":{"@context":"https:\/\/schema.org","@graph":[{"@type":["WebPage","ItemPage"],"@id":"https:\/\/svetslik.si\/hr\/vasilij-kandinski\/sky-blue-bleu-de-ciel\/","url":"https:\/\/svetslik.si\/hr\/vasilij-kandinski\/sky-blue-bleu-de-ciel\/","name":"Vasilij Kandinski - Sky Blue (Bleu de ciel) - SVETSLIK.SI - 100% ru\u010dno naslikano","isPartOf":{"@id":"https:\/\/svetslik.si\/hr\/#website"},"primaryImageOfPage":{"@id":"https:\/\/svetslik.si\/hr\/vasilij-kandinski\/sky-blue-bleu-de-ciel\/#primaryimage"},"image":{"@id":"https:\/\/svetslik.si\/hr\/vasilij-kandinski\/sky-blue-bleu-de-ciel\/#primaryimage"},"thumbnailUrl":"https:\/\/svetslik.si\/wp-content\/uploads\/2021\/08\/image_Sky-Blue-Bleu-de-ciel_680.jpg","datePublished":"2021-09-02T15:56:07+00:00","dateModified":"2025-06-03T21:40:27+00:00","description":"Vasilij Kandinski - Sky Blue (Bleu de ciel) - 100% ru\u010dno naslikane reprodukcije slika na platnu. Uramljivanje slika, prodaja i izrada slika u dimenzijama po narud\u017ebi.","breadcrumb":{"@id":"https:\/\/svetslik.si\/hr\/vasilij-kandinski\/sky-blue-bleu-de-ciel\/#breadcrumb"},"inLanguage":"hr","potentialAction":[{"@type":"ReadAction","target":["https:\/\/svetslik.si\/hr\/vasilij-kandinski\/sky-blue-bleu-de-ciel\/"]}]},{"@type":"ImageObject","inLanguage":"hr","@id":"https:\/\/svetslik.si\/hr\/vasilij-kandinski\/sky-blue-bleu-de-ciel\/#primaryimage","url":"https:\/\/svetslik.si\/wp-content\/uploads\/2021\/08\/image_Sky-Blue-Bleu-de-ciel_680.jpg","contentUrl":"https:\/\/svetslik.si\/wp-content\/uploads\/2021\/08\/image_Sky-Blue-Bleu-de-ciel_680.jpg","width":1315,"height":1800,"caption":"Sky-Blue-Bleu-de-ciel Moderne slike na platnu, dekorativne, ambientalne, abstraktne slike za na zid"},{"@type":"BreadcrumbList","@id":"https:\/\/svetslik.si\/hr\/vasilij-kandinski\/sky-blue-bleu-de-ciel\/#breadcrumb","itemListElement":[{"@type":"ListItem","position":1,"name":"Umjetni\u010dke zidne slike na platnu","item":"https:\/\/svetslik.si\/hr\/"},{"@type":"ListItem","position":2,"name":"Prodaja slika","item":"https:\/\/svetslik.si\/prodaja-slik\/"},{"@type":"ListItem","position":3,"name":"Vasilij Kandinski &#8211; Sky Blue (Bleu de ciel)"}]},{"@type":"WebSite","@id":"https:\/\/svetslik.si\/hr\/#website","url":"https:\/\/svetslik.si\/hr\/","name":"SVETSLIK.SI","description":"100% ru\u010dno naslikane reprodukcije slika poznatih slikara in umjetni\u010dke zidne slike na platnu.","publisher":{"@id":"https:\/\/svetslik.si\/hr\/#organization"},"potentialAction":[{"@type":"SearchAction","target":{"@type":"EntryPoint","urlTemplate":"https:\/\/svetslik.si\/hr\/?s={search_term_string}"},"query-input":{"@type":"PropertyValueSpecification","valueRequired":true,"valueName":"search_term_string"}}],"inLanguage":"hr"},{"@type":"Organization","@id":"https:\/\/svetslik.si\/hr\/#organization","name":"SvetSlik.si","url":"https:\/\/svetslik.si\/hr\/","logo":{"@type":"ImageObject","inLanguage":"hr","@id":"https:\/\/svetslik.si\/hr\/#\/schema\/logo\/image\/","url":"https:\/\/svetslik.si\/wp-content\/uploads\/2020\/12\/logo-512.png","contentUrl":"https:\/\/svetslik.si\/wp-content\/uploads\/2020\/12\/logo-512.png","width":512,"height":512,"caption":"SvetSlik.si"},"image":{"@id":"https:\/\/svetslik.si\/hr\/#\/schema\/logo\/image\/"},"sameAs":["https:\/\/www.facebook.com\/svetslik.si","https:\/\/x.com\/svetslik","https:\/\/www.instagram.com\/svetslik.si\/","https:\/\/www.linkedin.com\/company\/svetslik-si"]}]},"og_availability":"backorder","product_availability":"available for order","product_retailer_item_id":"305__","product_condition":"new"},"jetpack_sharing_enabled":true,"_links":{"self":[{"href":"https:\/\/svetslik.si\/hr\/wp-json\/wp\/v2\/product\/25519","targetHints":{"allow":["GET"]}}],"collection":[{"href":"https:\/\/svetslik.si\/hr\/wp-json\/wp\/v2\/product"}],"about":[{"href":"https:\/\/svetslik.si\/hr\/wp-json\/wp\/v2\/types\/product"}],"wp:featuredmedia":[{"embeddable":true,"href":"https:\/\/svetslik.si\/hr\/wp-json\/wp\/v2\/media\/20676"}],"wp:attachment":[{"href":"https:\/\/svetslik.si\/hr\/wp-json\/wp\/v2\/media?parent=25519"}],"wp:term":[{"taxonomy":"product_brand","embeddable":true,"href":"https:\/\/svetslik.si\/hr\/wp-json\/wp\/v2\/product_brand?post=25519"},{"taxonomy":"product_cat","embeddable":true,"href":"https:\/\/svetslik.si\/hr\/wp-json\/wp\/v2\/product_cat?post=25519"},{"taxonomy":"product_tag","embeddable":true,"href":"https:\/\/svetslik.si\/hr\/wp-json\/wp\/v2\/product_tag?post=25519"}],"curies":[{"name":"wp","href":"https:\/\/api.w.org\/{rel}","templated":true}]}}