{"id":25600,"date":"2021-09-02T17:55:20","date_gmt":"2021-09-02T15:55:20","guid":{"rendered":"https:\/\/svetslik.si\/Bez%20kategorije\/white-cross-weises-kreuz\/"},"modified":"2024-07-04T16:00:05","modified_gmt":"2024-07-04T14:00:05","slug":"white-cross-weises-kreuz","status":"publish","type":"product","link":"https:\/\/svetslik.si\/hr\/vasilij-kandinski\/white-cross-weises-kreuz\/","title":{"rendered":"Vasilij Kandinski &#8211; White Cross (Wei\u00dfes Kreuz)"},"content":{"rendered":"<h1>Vasilij Kandinski &#8211; Bijeli kri\u017e (Wei\u00dfes Kreuz)<\/h1>\n<table border=\"0\" width=\"673\" cellspacing=\"0\" cellpadding=\"0\">\n<colgroup>\n<col style=\"width: 135pt\" width=\"180\" \/>\n<col style=\"width: 370pt\" width=\"493\" \/> <\/colgroup>\n<tbody>\n<tr style=\"height: 15.75pt\">\n<td class=\"xl24\" width=\"180\" height=\"21\">Godina stvaranja:<\/td>\n<td class=\"xl25\" style=\"width: 370pt\" width=\"493\">1922<\/td>\n<\/tr>\n<tr style=\"height: 15.75pt\">\n<td class=\"xl24\" width=\"180\" height=\"21\">Izvorna veli\u010dina:<\/td>\n<td class=\"xl24\" style=\"width: 370pt\" width=\"493\">110,6 cm x 100,5 cm<\/td>\n<\/tr>\n<tr style=\"height: 15.75pt\">\n<td class=\"xl24\" width=\"180\" height=\"21\">Stil bojanja:<\/td>\n<td class=\"xl24\" style=\"width: 370pt\" width=\"493\">Apstraktna umjetnost<\/td>\n<\/tr>\n<tr style=\"height: 15.75pt\">\n<td class=\"xl24\" width=\"180\" height=\"21\">Izvorna tehnika:<\/td>\n<td>Ulje na platnu<\/td>\n<\/tr>\n<tr style=\"height: 15.75pt\">\n<td class=\"xl24\" width=\"180\" height=\"21\">Lokacija:<\/td>\n<td>Guggenheimov muzej New York<\/td>\n<\/tr>\n<\/tbody>\n<\/table>\n<p>Bijeli kri\u017e Vasilija Kandinskog mo\u0107na je i upe\u010datljiva slika koja prikazuje umjetnikov jedinstveni stil i pristup apstraktnoj umjetnosti. Slika, tako\u0111er poznata kao &#8220;Wei\u00dfes Kreuz&#8221;, nastala je 1912. godine, na vrhuncu karijere Kandinskog kao apstraktnog umjetnika.<\/p>\n<p>Jedna od najupe\u010datljivijih zna\u010dajki slike &#8220;Bijeli kri\u017e&#8221; je kori\u0161tenje boja. Slikom dominira veliki bijeli kri\u017e koji se isti\u010de na tamnoj crnoj pozadini. Kri\u017e je prikazan podebljanim, grafi\u010dkim stilom s o\u0161trim linijama i kutovima koji mu daju osje\u0107aj pokreta i energije. Kontrast izme\u0111u bijelog kri\u017ea i crne pozadine stvara upe\u010datljiv vizualni efekt koji odmah privla\u010di pozornost gledatelja.<\/p>\n<p>Drugi va\u017ean aspekt Bijelog kri\u017ea je na\u010din na koji je Kandinski koristio platno kao povr\u0161inu za eksperimentiranje. Slika nije samo prikaz predmeta ili scene, ve\u0107 istra\u017eivanje samog medija. Umjetnik je upotrijebio platno kako bi stvorio osje\u0107aj pokreta i dinamike, s bijelim kri\u017eem koji je izgledao kao da lebdi na crnoj pozadini. Ovo je tehnika koju je Kandinski \u010desto koristio u svom radu i jedno je od obilje\u017eja njegova stila.<\/p>\n<p>&#8220;Bijeli kri\u017e&#8221; sna\u017ena je i poticajna slika koja prikazuje jedinstvenu viziju jednog od najzna\u010dajnijih umjetnika 20. stolje\u0107a. Sliku moraju vidjeti svi zainteresirani za apstraktnu umjetnost i dokaz trajnog naslje\u0111a Kandinskog kao majstora forme.<\/p>\n<p>U kontekstu povijesti umjetnosti, ova se slika smatra jednim od najslikovitijih djela Kandinskog. Naslikana je na vrhuncu njegovog &#8220;apstraktnog razdoblja&#8221;, u kojem je umjetnik bio pod sna\u017enim utjecajem djela teozofa Helene Blavatsky i misticizma. Slika je izvrstan primjer uvjerenja Kandinskog da bi umjetnost trebala biti sposobna izazvati duhovni i emocionalni odgovor kod promatra\u010da, umjesto da bude samo prikaz predmeta ili scene.<\/p>\n","protected":false},"excerpt":{"rendered":"<p>Vasilij Kandinski &#8211; Bijeli kri\u017e (Wei\u00dfes Kreuz) Godina stvaranja: 1922 Izvorna veli\u010dina: 110,6 cm x 100,5 cm Stil bojanja: Apstraktna umjetnost Izvorna tehnika: Ulje na platnu Lokacija: Guggenheimov muzej New York Bijeli kri\u017e Vasilija Kandinskog mo\u0107na je i upe\u010datljiva slika koja prikazuje umjetnikov jedinstveni stil i pristup apstraktnoj umjetnosti. Slika, [&hellip;]<\/p>\n","protected":false},"featured_media":21009,"template":"","meta":{"_acf_changed":false},"product_brand":[],"product_cat":[3380],"product_tag":[4086,4087,4069,4070,4071],"class_list":{"0":"post-25600","1":"product","2":"type-product","3":"status-publish","4":"has-post-thumbnail","6":"product_cat-vasilij-kandinski","7":"product_tag-kandinski-hr","8":"product_tag-kandinsky-hr","9":"product_tag-reprodukcija-hr","10":"product_tag-reprodukcije-hr","11":"product_tag-slikar-hr","12":"pa_dimenzija-111-x-101-cm-hr","13":"pa_dimenzija-130-x-120-cm-hr","14":"pa_dimenzija-150-x-140-cm-hr","15":"pa_dimenzija-50-x-40-cm-hr","16":"pa_dimenzija-60-x-50-cm-hr","17":"pa_dimenzija-70-x-60-cm-hr","18":"pa_dimenzija-80-x-70-cm-hr","19":"pa_dimenzija-90-x-80-cm-hr","20":"pa_oblika-horizontalno","21":"pa_okvir-bez-okvira","22":"pa_podokvir-bez-podokvira","23":"pa_podokvir-sa-podokvirom","25":"first","26":"onbackorder","27":"purchasable","28":"product-type-variable","29":"has-default-attributes"},"acf":[],"yoast_head":"<!-- This site is optimized with the Yoast SEO Premium plugin v26.0 (Yoast SEO v27.2) - https:\/\/yoast.com\/product\/yoast-seo-premium-wordpress\/ -->\n<title>Vasilij Kandinski - White Cross (Wei\u00dfes Kreuz) - SVETSLIK.SI - 100% ru\u010dno naslikano<\/title>\n<meta name=\"description\" content=\"Vasilij Kandinski - White Cross (Wei\u00dfes Kreuz) - 100% ru\u010dno naslikane reprodukcije slika na platnu. Uramljivanje slika, prodaja i izrada slika u dimenzijama po narud\u017ebi.\" \/>\n<meta name=\"robots\" content=\"index, follow, max-snippet:-1, max-image-preview:large, max-video-preview:-1\" \/>\n<link rel=\"canonical\" href=\"https:\/\/svetslik.si\/hr\/vasilij-kandinski\/white-cross-weises-kreuz\/\" \/>\n<meta property=\"og:locale\" content=\"hr_HR\" \/>\n<meta property=\"og:type\" content=\"article\" \/>\n<meta property=\"og:title\" content=\"Vasilij Kandinski - White Cross (Wei\u00dfes Kreuz)\" \/>\n<meta property=\"og:description\" content=\"100% ro\u010dno naslikane slike na platnu, reprodukcije znanih slikarjev in umetni\u0161ke slike po naro\u010dilu.\" \/>\n<meta property=\"og:url\" content=\"https:\/\/svetslik.si\/hr\/vasilij-kandinski\/white-cross-weises-kreuz\/\" \/>\n<meta property=\"og:site_name\" content=\"SVETSLIK.SI\" \/>\n<meta property=\"article:publisher\" content=\"https:\/\/www.facebook.com\/svetslik.si\" \/>\n<meta property=\"article:modified_time\" content=\"2024-07-04T14:00:05+00:00\" \/>\n<meta property=\"og:image\" content=\"https:\/\/svetslik.si\/wp-content\/uploads\/2021\/08\/image_White-Cross-Weies-Kreuz_680.jpg\" \/>\n\t<meta property=\"og:image:width\" content=\"1832\" \/>\n\t<meta property=\"og:image:height\" content=\"1665\" \/>\n\t<meta property=\"og:image:type\" content=\"image\/jpeg\" \/>\n<meta name=\"twitter:card\" content=\"summary_large_image\" \/>\n<meta name=\"twitter:site\" content=\"@svetslik\" \/>\n<meta name=\"twitter:label1\" content=\"Availability\" \/>\n\t<meta name=\"twitter:data1\" content=\"On backorder\" \/>\n<script type=\"application\/ld+json\" class=\"yoast-schema-graph\">{\"@context\":\"https:\/\/schema.org\",\"@graph\":[{\"@type\":[\"WebPage\",\"ItemPage\"],\"@id\":\"https:\/\/svetslik.si\/hr\/vasilij-kandinski\/white-cross-weises-kreuz\/\",\"url\":\"https:\/\/svetslik.si\/hr\/vasilij-kandinski\/white-cross-weises-kreuz\/\",\"name\":\"Vasilij Kandinski - White Cross (Wei\u00dfes Kreuz) - SVETSLIK.SI - 100% ru\u010dno naslikano\",\"isPartOf\":{\"@id\":\"https:\/\/svetslik.si\/hr\/#website\"},\"primaryImageOfPage\":{\"@id\":\"https:\/\/svetslik.si\/hr\/vasilij-kandinski\/white-cross-weises-kreuz\/#primaryimage\"},\"image\":{\"@id\":\"https:\/\/svetslik.si\/hr\/vasilij-kandinski\/white-cross-weises-kreuz\/#primaryimage\"},\"thumbnailUrl\":\"https:\/\/svetslik.si\/wp-content\/uploads\/2021\/08\/image_White-Cross-Weies-Kreuz_680.jpg\",\"datePublished\":\"2021-09-02T15:55:20+00:00\",\"dateModified\":\"2024-07-04T14:00:05+00:00\",\"description\":\"Vasilij Kandinski - White Cross (Wei\u00dfes Kreuz) - 100% ru\u010dno naslikane reprodukcije slika na platnu. Uramljivanje slika, prodaja i izrada slika u dimenzijama po narud\u017ebi.\",\"breadcrumb\":{\"@id\":\"https:\/\/svetslik.si\/hr\/vasilij-kandinski\/white-cross-weises-kreuz\/#breadcrumb\"},\"inLanguage\":\"hr\",\"potentialAction\":[{\"@type\":\"ReadAction\",\"target\":[\"https:\/\/svetslik.si\/hr\/vasilij-kandinski\/white-cross-weises-kreuz\/\"]}]},{\"@type\":\"ImageObject\",\"inLanguage\":\"hr\",\"@id\":\"https:\/\/svetslik.si\/hr\/vasilij-kandinski\/white-cross-weises-kreuz\/#primaryimage\",\"url\":\"https:\/\/svetslik.si\/wp-content\/uploads\/2021\/08\/image_White-Cross-Weies-Kreuz_680.jpg\",\"contentUrl\":\"https:\/\/svetslik.si\/wp-content\/uploads\/2021\/08\/image_White-Cross-Weies-Kreuz_680.jpg\",\"width\":1832,\"height\":1665,\"caption\":\"Vasilij Kandinski - Bijeli kri\u017e - Reprodukcije poznatih slikarjev, moderne zidne slike, umjetni\u010dke slike za zid\"},{\"@type\":\"BreadcrumbList\",\"@id\":\"https:\/\/svetslik.si\/hr\/vasilij-kandinski\/white-cross-weises-kreuz\/#breadcrumb\",\"itemListElement\":[{\"@type\":\"ListItem\",\"position\":1,\"name\":\"Umjetni\u010dke zidne slike na platnu\",\"item\":\"https:\/\/svetslik.si\/hr\/\"},{\"@type\":\"ListItem\",\"position\":2,\"name\":\"Prodaja slika\",\"item\":\"https:\/\/svetslik.si\/prodaja-slik\/\"},{\"@type\":\"ListItem\",\"position\":3,\"name\":\"Vasilij Kandinski &#8211; White Cross (Wei\u00dfes Kreuz)\"}]},{\"@type\":\"WebSite\",\"@id\":\"https:\/\/svetslik.si\/hr\/#website\",\"url\":\"https:\/\/svetslik.si\/hr\/\",\"name\":\"SVETSLIK.SI\",\"description\":\"100% ru\u010dno naslikane reprodukcije slika poznatih slikara in umjetni\u010dke zidne slike na platnu.\",\"publisher\":{\"@id\":\"https:\/\/svetslik.si\/hr\/#organization\"},\"potentialAction\":[{\"@type\":\"SearchAction\",\"target\":{\"@type\":\"EntryPoint\",\"urlTemplate\":\"https:\/\/svetslik.si\/hr\/?s={search_term_string}\"},\"query-input\":{\"@type\":\"PropertyValueSpecification\",\"valueRequired\":true,\"valueName\":\"search_term_string\"}}],\"inLanguage\":\"hr\"},{\"@type\":\"Organization\",\"@id\":\"https:\/\/svetslik.si\/hr\/#organization\",\"name\":\"SvetSlik.si\",\"url\":\"https:\/\/svetslik.si\/hr\/\",\"logo\":{\"@type\":\"ImageObject\",\"inLanguage\":\"hr\",\"@id\":\"https:\/\/svetslik.si\/hr\/#\/schema\/logo\/image\/\",\"url\":\"https:\/\/svetslik.si\/wp-content\/uploads\/2020\/12\/logo-512.png\",\"contentUrl\":\"https:\/\/svetslik.si\/wp-content\/uploads\/2020\/12\/logo-512.png\",\"width\":512,\"height\":512,\"caption\":\"SvetSlik.si\"},\"image\":{\"@id\":\"https:\/\/svetslik.si\/hr\/#\/schema\/logo\/image\/\"},\"sameAs\":[\"https:\/\/www.facebook.com\/svetslik.si\",\"https:\/\/x.com\/svetslik\",\"https:\/\/www.instagram.com\/svetslik.si\/\",\"https:\/\/www.linkedin.com\/company\/svetslik-si\"]}]}<\/script>\n<meta property=\"og:availability\" content=\"backorder\" \/>\n<meta property=\"product:availability\" content=\"available for order\" \/>\n<meta property=\"product:retailer_item_id\" content=\"296__\" \/>\n<meta property=\"product:condition\" content=\"new\" \/>\n<!-- \/ Yoast SEO Premium plugin. -->","yoast_head_json":{"title":"Vasilij Kandinski - White Cross (Wei\u00dfes Kreuz) - SVETSLIK.SI - 100% ru\u010dno naslikano","description":"Vasilij Kandinski - White Cross (Wei\u00dfes Kreuz) - 100% ru\u010dno naslikane reprodukcije slika na platnu. Uramljivanje slika, prodaja i izrada slika u dimenzijama po narud\u017ebi.","robots":{"index":"index","follow":"follow","max-snippet":"max-snippet:-1","max-image-preview":"max-image-preview:large","max-video-preview":"max-video-preview:-1"},"canonical":"https:\/\/svetslik.si\/hr\/vasilij-kandinski\/white-cross-weises-kreuz\/","og_locale":"hr_HR","og_type":"article","og_title":"Vasilij Kandinski - White Cross (Wei\u00dfes Kreuz)","og_description":"100% ro\u010dno naslikane slike na platnu, reprodukcije znanih slikarjev in umetni\u0161ke slike po naro\u010dilu.","og_url":"https:\/\/svetslik.si\/hr\/vasilij-kandinski\/white-cross-weises-kreuz\/","og_site_name":"SVETSLIK.SI","article_publisher":"https:\/\/www.facebook.com\/svetslik.si","article_modified_time":"2024-07-04T14:00:05+00:00","og_image":[{"width":1832,"height":1665,"url":"https:\/\/svetslik.si\/wp-content\/uploads\/2021\/08\/image_White-Cross-Weies-Kreuz_680.jpg","type":"image\/jpeg"}],"twitter_card":"summary_large_image","twitter_site":"@svetslik","twitter_misc":{"Availability":"On backorder"},"schema":{"@context":"https:\/\/schema.org","@graph":[{"@type":["WebPage","ItemPage"],"@id":"https:\/\/svetslik.si\/hr\/vasilij-kandinski\/white-cross-weises-kreuz\/","url":"https:\/\/svetslik.si\/hr\/vasilij-kandinski\/white-cross-weises-kreuz\/","name":"Vasilij Kandinski - White Cross (Wei\u00dfes Kreuz) - SVETSLIK.SI - 100% ru\u010dno naslikano","isPartOf":{"@id":"https:\/\/svetslik.si\/hr\/#website"},"primaryImageOfPage":{"@id":"https:\/\/svetslik.si\/hr\/vasilij-kandinski\/white-cross-weises-kreuz\/#primaryimage"},"image":{"@id":"https:\/\/svetslik.si\/hr\/vasilij-kandinski\/white-cross-weises-kreuz\/#primaryimage"},"thumbnailUrl":"https:\/\/svetslik.si\/wp-content\/uploads\/2021\/08\/image_White-Cross-Weies-Kreuz_680.jpg","datePublished":"2021-09-02T15:55:20+00:00","dateModified":"2024-07-04T14:00:05+00:00","description":"Vasilij Kandinski - White Cross (Wei\u00dfes Kreuz) - 100% ru\u010dno naslikane reprodukcije slika na platnu. Uramljivanje slika, prodaja i izrada slika u dimenzijama po narud\u017ebi.","breadcrumb":{"@id":"https:\/\/svetslik.si\/hr\/vasilij-kandinski\/white-cross-weises-kreuz\/#breadcrumb"},"inLanguage":"hr","potentialAction":[{"@type":"ReadAction","target":["https:\/\/svetslik.si\/hr\/vasilij-kandinski\/white-cross-weises-kreuz\/"]}]},{"@type":"ImageObject","inLanguage":"hr","@id":"https:\/\/svetslik.si\/hr\/vasilij-kandinski\/white-cross-weises-kreuz\/#primaryimage","url":"https:\/\/svetslik.si\/wp-content\/uploads\/2021\/08\/image_White-Cross-Weies-Kreuz_680.jpg","contentUrl":"https:\/\/svetslik.si\/wp-content\/uploads\/2021\/08\/image_White-Cross-Weies-Kreuz_680.jpg","width":1832,"height":1665,"caption":"Vasilij Kandinski - Bijeli kri\u017e - Reprodukcije poznatih slikarjev, moderne zidne slike, umjetni\u010dke slike za zid"},{"@type":"BreadcrumbList","@id":"https:\/\/svetslik.si\/hr\/vasilij-kandinski\/white-cross-weises-kreuz\/#breadcrumb","itemListElement":[{"@type":"ListItem","position":1,"name":"Umjetni\u010dke zidne slike na platnu","item":"https:\/\/svetslik.si\/hr\/"},{"@type":"ListItem","position":2,"name":"Prodaja slika","item":"https:\/\/svetslik.si\/prodaja-slik\/"},{"@type":"ListItem","position":3,"name":"Vasilij Kandinski &#8211; White Cross (Wei\u00dfes Kreuz)"}]},{"@type":"WebSite","@id":"https:\/\/svetslik.si\/hr\/#website","url":"https:\/\/svetslik.si\/hr\/","name":"SVETSLIK.SI","description":"100% ru\u010dno naslikane reprodukcije slika poznatih slikara in umjetni\u010dke zidne slike na platnu.","publisher":{"@id":"https:\/\/svetslik.si\/hr\/#organization"},"potentialAction":[{"@type":"SearchAction","target":{"@type":"EntryPoint","urlTemplate":"https:\/\/svetslik.si\/hr\/?s={search_term_string}"},"query-input":{"@type":"PropertyValueSpecification","valueRequired":true,"valueName":"search_term_string"}}],"inLanguage":"hr"},{"@type":"Organization","@id":"https:\/\/svetslik.si\/hr\/#organization","name":"SvetSlik.si","url":"https:\/\/svetslik.si\/hr\/","logo":{"@type":"ImageObject","inLanguage":"hr","@id":"https:\/\/svetslik.si\/hr\/#\/schema\/logo\/image\/","url":"https:\/\/svetslik.si\/wp-content\/uploads\/2020\/12\/logo-512.png","contentUrl":"https:\/\/svetslik.si\/wp-content\/uploads\/2020\/12\/logo-512.png","width":512,"height":512,"caption":"SvetSlik.si"},"image":{"@id":"https:\/\/svetslik.si\/hr\/#\/schema\/logo\/image\/"},"sameAs":["https:\/\/www.facebook.com\/svetslik.si","https:\/\/x.com\/svetslik","https:\/\/www.instagram.com\/svetslik.si\/","https:\/\/www.linkedin.com\/company\/svetslik-si"]}]},"og_availability":"backorder","product_availability":"available for order","product_retailer_item_id":"296__","product_condition":"new"},"jetpack_sharing_enabled":true,"_links":{"self":[{"href":"https:\/\/svetslik.si\/hr\/wp-json\/wp\/v2\/product\/25600","targetHints":{"allow":["GET"]}}],"collection":[{"href":"https:\/\/svetslik.si\/hr\/wp-json\/wp\/v2\/product"}],"about":[{"href":"https:\/\/svetslik.si\/hr\/wp-json\/wp\/v2\/types\/product"}],"wp:featuredmedia":[{"embeddable":true,"href":"https:\/\/svetslik.si\/hr\/wp-json\/wp\/v2\/media\/21009"}],"wp:attachment":[{"href":"https:\/\/svetslik.si\/hr\/wp-json\/wp\/v2\/media?parent=25600"}],"wp:term":[{"taxonomy":"product_brand","embeddable":true,"href":"https:\/\/svetslik.si\/hr\/wp-json\/wp\/v2\/product_brand?post=25600"},{"taxonomy":"product_cat","embeddable":true,"href":"https:\/\/svetslik.si\/hr\/wp-json\/wp\/v2\/product_cat?post=25600"},{"taxonomy":"product_tag","embeddable":true,"href":"https:\/\/svetslik.si\/hr\/wp-json\/wp\/v2\/product_tag?post=25600"}],"curies":[{"name":"wp","href":"https:\/\/api.w.org\/{rel}","templated":true}]}}