{"id":25654,"date":"2021-09-02T17:53:16","date_gmt":"2021-09-02T15:53:16","guid":{"rendered":"https:\/\/svetslik.si\/Bez%20kategorije\/black-and-violet-1923\/"},"modified":"2023-04-24T19:47:16","modified_gmt":"2023-04-24T17:47:16","slug":"black-and-violet-1923","status":"publish","type":"product","link":"https:\/\/svetslik.si\/hr\/vasilij-kandinski\/black-and-violet-1923\/","title":{"rendered":"Vasilij Kandinski &#8211; Black and Violet  1923"},"content":{"rendered":"<h1>Vasilij Kandinski &#8211; Crno i ljubi\u010dasto 1923.<\/h1>\n<table border=\"0\" width=\"673\" cellspacing=\"0\" cellpadding=\"0\">\n<colgroup>\n<col style=\"width: 135pt\" width=\"180\" \/>\n<col style=\"width: 370pt\" width=\"493\" \/> <\/colgroup>\n<tbody>\n<tr style=\"height: 15.75pt\">\n<td class=\"xl24\" width=\"180\" height=\"21\">Godina stvaranja:<\/td>\n<td class=\"xl25\" style=\"width: 370pt\" width=\"493\">1923<\/td>\n<\/tr>\n<tr style=\"height: 15.75pt\">\n<td class=\"xl24\" width=\"180\" height=\"21\">Izvorna veli\u010dina:<\/td>\n<td class=\"xl24\" style=\"width: 370pt\" width=\"493\">100 cm x 78,2 cm<\/td>\n<\/tr>\n<tr style=\"height: 15.75pt\">\n<td class=\"xl24\" width=\"180\" height=\"21\">Stil bojanja:<\/td>\n<td class=\"xl24\" style=\"width: 370pt\" width=\"493\">Apstraktna umjetnost<\/td>\n<\/tr>\n<tr style=\"height: 15.75pt\">\n<td class=\"xl24\" width=\"180\" height=\"21\">Izvorna tehnika:<\/td>\n<td>Ulje na platnu<\/td>\n<\/tr>\n<tr style=\"height: 15.75pt\">\n<td class=\"xl24\" width=\"180\" height=\"21\">Lokacija:<\/td>\n<td>Privatna zbirka<\/td>\n<\/tr>\n<\/tbody>\n<\/table>\n<p>Wassily Kandinsky jedan je od najpoznatijih i najutjecajnijih umjetnika 20. stolje\u0107a, poznat po svojoj pionirskoj ulozi u razvoju apstraktne umjetnosti. Jedno od njegovih najpoznatijih djela je slika &#8220;Crno i ljubi\u010dasto 1923&#8221;, koja pokazuje njegov jedinstven stil i pristup boji i kompoziciji.<\/p>\n<p>Na slici &#8220;Crno i ljubi\u010dasto 1923.&#8221;, Kandinski koristi ograni\u010denu paletu boja crne, bijele i nijanse ljubi\u010daste kako bi stvorio sna\u017enu i dinami\u010dnu kompoziciju. Slikom dominiraju velike crne povr\u0161ine koje stvaraju osje\u0107aj dubine i pokreta. Bijeli i ljubi\u010dasti oblici razasuti po slici u kontrastu su s crnom bojom i kao da lebde na njoj, daju\u0107i djelu eteri\u010dnu kvalitetu iz snova.<\/p>\n<p>Jedna od najupe\u010datljivijih zna\u010dajki slike je kori\u0161tenje ljubi\u010daste boje. Kandinski je bio poznat po kori\u0161tenju ove boje, za koju je vjerovao da ima duhovno zna\u010denje. Rekao je da je &#8220;ljubi\u010dasta boja boja najdublje te\u017enje du\u0161e i posljedi\u010dno tome boja \u017ertve&#8221;. Upotreba ljubi\u010daste boje na slici &#8220;Crno i ljubi\u010dasto 1923.&#8221; daje slici osje\u0107aj tajanstvenosti i duhovnosti koji je razlikuje od ostalih apstraktnih djela tog vremena.<\/p>\n<p>Vrijedi spomenuti i kompoziciju slike. Velike crne povr\u0161ine stvaraju osje\u0107aj kretanja i energije, dok bijeli i ljubi\u010dasti oblici izgledaju kao da su u stalnom pokretu, kao da ple\u0161u po platnu. Slika tako dobiva osje\u0107aj za ritam i harmoniju, \u0161to je \u010dini iznimno dinami\u010dnim i zanimljivim umjetni\u010dkim djelom.<\/p>\n<p>Sve u svemu, &#8220;Crno i ljubi\u010dasto 1923.&#8221; remek-djelo je apstraktne umjetnosti i dokaz jedinstvene vizije i umjetni\u010dkog talenta Kandinskog. Smatra se jednim od njegovih najva\u017enijih djela i \u010desto je izlagano u muzejima i galerijama diljem svijeta. Da biste saznali vi\u0161e o Vasiliju Kandinskom i njegovom radu, na internetu su dostupni mnogi resursi, uklju\u010duju\u0107i slu\u017ebenu web stranicu Zaklade Kandinski.<\/p>\n","protected":false},"excerpt":{"rendered":"<p>Vasilij Kandinski &#8211; Crno i ljubi\u010dasto 1923. Godina stvaranja: 1923 Izvorna veli\u010dina: 100 cm x 78,2 cm Stil bojanja: Apstraktna umjetnost Izvorna tehnika: Ulje na platnu Lokacija: Privatna zbirka Wassily Kandinsky jedan je od najpoznatijih i najutjecajnijih umjetnika 20. stolje\u0107a, poznat po svojoj pionirskoj ulozi u razvoju apstraktne umjetnosti. Jedno [&hellip;]<\/p>\n","protected":false},"featured_media":20059,"template":"","meta":{"_acf_changed":false},"product_brand":[],"product_cat":[3380],"product_tag":[4086,4087,4069,4070,4071],"class_list":{"0":"post-25654","1":"product","2":"type-product","3":"status-publish","4":"has-post-thumbnail","6":"product_cat-vasilij-kandinski","7":"product_tag-kandinski-hr","8":"product_tag-kandinsky-hr","9":"product_tag-reprodukcija-hr","10":"product_tag-reprodukcije-hr","11":"product_tag-slikar-hr","12":"pa_dimenzija-100-x-78-cm","13":"pa_dimenzija-120-x-90-cm","14":"pa_dimenzija-150-x-120-cm","15":"pa_dimenzija-180-x-140-cm","16":"pa_dimenzija-60-x-50-cm","17":"pa_dimenzija-70-x-55-cm","18":"pa_dimenzija-80-x-60-cm","19":"pa_dimenzija-90-x-70-cm","20":"pa_oblika-horizontalno","21":"pa_okvir-bez-okvira","22":"pa_podokvir-bez-podokvira","23":"pa_podokvir-sa-podokvirom","25":"first","26":"onbackorder","27":"purchasable","28":"product-type-variable","29":"has-default-attributes"},"acf":[],"yoast_head":"<!-- This site is optimized with the Yoast SEO Premium plugin v26.0 (Yoast SEO v27.2) - https:\/\/yoast.com\/product\/yoast-seo-premium-wordpress\/ -->\n<title>Vasilij Kandinski - Black and Violet 1923 - SVETSLIK.SI - 100% ru\u010dno naslikano<\/title>\n<meta name=\"description\" content=\"Vasilij Kandinski - Black and Violet 1923 - 100% ru\u010dno naslikane reprodukcije slika na platnu. Okvirivanje slika, prodaja i izrada slika u dimenzijama po narud\u017ebi.\" \/>\n<meta name=\"robots\" content=\"index, follow, max-snippet:-1, max-image-preview:large, max-video-preview:-1\" \/>\n<link rel=\"canonical\" href=\"https:\/\/svetslik.si\/hr\/vasilij-kandinski\/black-and-violet-1923\/\" \/>\n<meta property=\"og:locale\" content=\"hr_HR\" \/>\n<meta property=\"og:type\" content=\"article\" \/>\n<meta property=\"og:title\" content=\"Vasilij Kandinski - Black and Violet 1923\" \/>\n<meta property=\"og:description\" content=\"100% ro\u010dno naslikane slike na platnu, reprodukcije znanih slikarjev in umetni\u0161ke slike po naro\u010dilu.\" \/>\n<meta property=\"og:url\" content=\"https:\/\/svetslik.si\/hr\/vasilij-kandinski\/black-and-violet-1923\/\" \/>\n<meta property=\"og:site_name\" content=\"SVETSLIK.SI\" \/>\n<meta property=\"article:publisher\" content=\"https:\/\/www.facebook.com\/svetslik.si\" \/>\n<meta property=\"article:modified_time\" content=\"2023-04-24T17:47:16+00:00\" \/>\n<meta property=\"og:image\" content=\"https:\/\/svetslik.si\/wp-content\/uploads\/2021\/08\/image_Black-and-Violet-1923_680.jpg\" \/>\n\t<meta property=\"og:image:width\" content=\"956\" \/>\n\t<meta property=\"og:image:height\" content=\"743\" \/>\n\t<meta property=\"og:image:type\" content=\"image\/jpeg\" \/>\n<meta name=\"twitter:card\" content=\"summary_large_image\" \/>\n<meta name=\"twitter:site\" content=\"@svetslik\" \/>\n<meta name=\"twitter:label1\" content=\"Availability\" \/>\n\t<meta name=\"twitter:data1\" content=\"On backorder\" \/>\n<script type=\"application\/ld+json\" class=\"yoast-schema-graph\">{\"@context\":\"https:\/\/schema.org\",\"@graph\":[{\"@type\":[\"WebPage\",\"ItemPage\"],\"@id\":\"https:\/\/svetslik.si\/hr\/vasilij-kandinski\/black-and-violet-1923\/\",\"url\":\"https:\/\/svetslik.si\/hr\/vasilij-kandinski\/black-and-violet-1923\/\",\"name\":\"Vasilij Kandinski - Black and Violet 1923 - SVETSLIK.SI - 100% ru\u010dno naslikano\",\"isPartOf\":{\"@id\":\"https:\/\/svetslik.si\/hr\/#website\"},\"primaryImageOfPage\":{\"@id\":\"https:\/\/svetslik.si\/hr\/vasilij-kandinski\/black-and-violet-1923\/#primaryimage\"},\"image\":{\"@id\":\"https:\/\/svetslik.si\/hr\/vasilij-kandinski\/black-and-violet-1923\/#primaryimage\"},\"thumbnailUrl\":\"https:\/\/svetslik.si\/wp-content\/uploads\/2021\/08\/image_Black-and-Violet-1923_680.jpg\",\"datePublished\":\"2021-09-02T15:53:16+00:00\",\"dateModified\":\"2023-04-24T17:47:16+00:00\",\"description\":\"Vasilij Kandinski - Black and Violet 1923 - 100% ru\u010dno naslikane reprodukcije slika na platnu. Okvirivanje slika, prodaja i izrada slika u dimenzijama po narud\u017ebi.\",\"breadcrumb\":{\"@id\":\"https:\/\/svetslik.si\/hr\/vasilij-kandinski\/black-and-violet-1923\/#breadcrumb\"},\"inLanguage\":\"hr\",\"potentialAction\":[{\"@type\":\"ReadAction\",\"target\":[\"https:\/\/svetslik.si\/hr\/vasilij-kandinski\/black-and-violet-1923\/\"]}]},{\"@type\":\"ImageObject\",\"inLanguage\":\"hr\",\"@id\":\"https:\/\/svetslik.si\/hr\/vasilij-kandinski\/black-and-violet-1923\/#primaryimage\",\"url\":\"https:\/\/svetslik.si\/wp-content\/uploads\/2021\/08\/image_Black-and-Violet-1923_680.jpg\",\"contentUrl\":\"https:\/\/svetslik.si\/wp-content\/uploads\/2021\/08\/image_Black-and-Violet-1923_680.jpg\",\"width\":956,\"height\":743,\"caption\":\"Vasilij Kandinski - Crno i ljubi\u010dasto 1923 - Reprodukcije slika, ru\u010dno slikane zidne slike, ulje na platnu, uljane slike, umjetni\u010dke slike, moderne slike za zid, ambijentalne slike, apstraktne slike, dekorativne slike\"},{\"@type\":\"BreadcrumbList\",\"@id\":\"https:\/\/svetslik.si\/hr\/vasilij-kandinski\/black-and-violet-1923\/#breadcrumb\",\"itemListElement\":[{\"@type\":\"ListItem\",\"position\":1,\"name\":\"Umjetni\u010dke zidne slike na platnu\",\"item\":\"https:\/\/svetslik.si\/hr\/\"},{\"@type\":\"ListItem\",\"position\":2,\"name\":\"Prodaja slika\",\"item\":\"https:\/\/svetslik.si\/prodaja-slik\/\"},{\"@type\":\"ListItem\",\"position\":3,\"name\":\"Vasilij Kandinski &#8211; Black and Violet 1923\"}]},{\"@type\":\"WebSite\",\"@id\":\"https:\/\/svetslik.si\/hr\/#website\",\"url\":\"https:\/\/svetslik.si\/hr\/\",\"name\":\"SVETSLIK.SI\",\"description\":\"100% ru\u010dno naslikane reprodukcije slika poznatih slikara in umjetni\u010dke zidne slike na platnu.\",\"publisher\":{\"@id\":\"https:\/\/svetslik.si\/hr\/#organization\"},\"potentialAction\":[{\"@type\":\"SearchAction\",\"target\":{\"@type\":\"EntryPoint\",\"urlTemplate\":\"https:\/\/svetslik.si\/hr\/?s={search_term_string}\"},\"query-input\":{\"@type\":\"PropertyValueSpecification\",\"valueRequired\":true,\"valueName\":\"search_term_string\"}}],\"inLanguage\":\"hr\"},{\"@type\":\"Organization\",\"@id\":\"https:\/\/svetslik.si\/hr\/#organization\",\"name\":\"SvetSlik.si\",\"url\":\"https:\/\/svetslik.si\/hr\/\",\"logo\":{\"@type\":\"ImageObject\",\"inLanguage\":\"hr\",\"@id\":\"https:\/\/svetslik.si\/hr\/#\/schema\/logo\/image\/\",\"url\":\"https:\/\/svetslik.si\/wp-content\/uploads\/2020\/12\/logo-512.png\",\"contentUrl\":\"https:\/\/svetslik.si\/wp-content\/uploads\/2020\/12\/logo-512.png\",\"width\":512,\"height\":512,\"caption\":\"SvetSlik.si\"},\"image\":{\"@id\":\"https:\/\/svetslik.si\/hr\/#\/schema\/logo\/image\/\"},\"sameAs\":[\"https:\/\/www.facebook.com\/svetslik.si\",\"https:\/\/x.com\/svetslik\",\"https:\/\/www.instagram.com\/svetslik.si\/\",\"https:\/\/www.linkedin.com\/company\/svetslik-si\"]}]}<\/script>\n<meta property=\"og:availability\" content=\"backorder\" \/>\n<meta property=\"product:availability\" content=\"available for order\" \/>\n<meta property=\"product:retailer_item_id\" content=\"261__\" \/>\n<meta property=\"product:condition\" content=\"new\" \/>\n<!-- \/ Yoast SEO Premium plugin. -->","yoast_head_json":{"title":"Vasilij Kandinski - Black and Violet 1923 - SVETSLIK.SI - 100% ru\u010dno naslikano","description":"Vasilij Kandinski - Black and Violet 1923 - 100% ru\u010dno naslikane reprodukcije slika na platnu. Okvirivanje slika, prodaja i izrada slika u dimenzijama po narud\u017ebi.","robots":{"index":"index","follow":"follow","max-snippet":"max-snippet:-1","max-image-preview":"max-image-preview:large","max-video-preview":"max-video-preview:-1"},"canonical":"https:\/\/svetslik.si\/hr\/vasilij-kandinski\/black-and-violet-1923\/","og_locale":"hr_HR","og_type":"article","og_title":"Vasilij Kandinski - Black and Violet 1923","og_description":"100% ro\u010dno naslikane slike na platnu, reprodukcije znanih slikarjev in umetni\u0161ke slike po naro\u010dilu.","og_url":"https:\/\/svetslik.si\/hr\/vasilij-kandinski\/black-and-violet-1923\/","og_site_name":"SVETSLIK.SI","article_publisher":"https:\/\/www.facebook.com\/svetslik.si","article_modified_time":"2023-04-24T17:47:16+00:00","og_image":[{"width":956,"height":743,"url":"https:\/\/svetslik.si\/wp-content\/uploads\/2021\/08\/image_Black-and-Violet-1923_680.jpg","type":"image\/jpeg"}],"twitter_card":"summary_large_image","twitter_site":"@svetslik","twitter_misc":{"Availability":"On backorder"},"schema":{"@context":"https:\/\/schema.org","@graph":[{"@type":["WebPage","ItemPage"],"@id":"https:\/\/svetslik.si\/hr\/vasilij-kandinski\/black-and-violet-1923\/","url":"https:\/\/svetslik.si\/hr\/vasilij-kandinski\/black-and-violet-1923\/","name":"Vasilij Kandinski - Black and Violet 1923 - SVETSLIK.SI - 100% ru\u010dno naslikano","isPartOf":{"@id":"https:\/\/svetslik.si\/hr\/#website"},"primaryImageOfPage":{"@id":"https:\/\/svetslik.si\/hr\/vasilij-kandinski\/black-and-violet-1923\/#primaryimage"},"image":{"@id":"https:\/\/svetslik.si\/hr\/vasilij-kandinski\/black-and-violet-1923\/#primaryimage"},"thumbnailUrl":"https:\/\/svetslik.si\/wp-content\/uploads\/2021\/08\/image_Black-and-Violet-1923_680.jpg","datePublished":"2021-09-02T15:53:16+00:00","dateModified":"2023-04-24T17:47:16+00:00","description":"Vasilij Kandinski - Black and Violet 1923 - 100% ru\u010dno naslikane reprodukcije slika na platnu. Okvirivanje slika, prodaja i izrada slika u dimenzijama po narud\u017ebi.","breadcrumb":{"@id":"https:\/\/svetslik.si\/hr\/vasilij-kandinski\/black-and-violet-1923\/#breadcrumb"},"inLanguage":"hr","potentialAction":[{"@type":"ReadAction","target":["https:\/\/svetslik.si\/hr\/vasilij-kandinski\/black-and-violet-1923\/"]}]},{"@type":"ImageObject","inLanguage":"hr","@id":"https:\/\/svetslik.si\/hr\/vasilij-kandinski\/black-and-violet-1923\/#primaryimage","url":"https:\/\/svetslik.si\/wp-content\/uploads\/2021\/08\/image_Black-and-Violet-1923_680.jpg","contentUrl":"https:\/\/svetslik.si\/wp-content\/uploads\/2021\/08\/image_Black-and-Violet-1923_680.jpg","width":956,"height":743,"caption":"Vasilij Kandinski - Crno i ljubi\u010dasto 1923 - Reprodukcije slika, ru\u010dno slikane zidne slike, ulje na platnu, uljane slike, umjetni\u010dke slike, moderne slike za zid, ambijentalne slike, apstraktne slike, dekorativne slike"},{"@type":"BreadcrumbList","@id":"https:\/\/svetslik.si\/hr\/vasilij-kandinski\/black-and-violet-1923\/#breadcrumb","itemListElement":[{"@type":"ListItem","position":1,"name":"Umjetni\u010dke zidne slike na platnu","item":"https:\/\/svetslik.si\/hr\/"},{"@type":"ListItem","position":2,"name":"Prodaja slika","item":"https:\/\/svetslik.si\/prodaja-slik\/"},{"@type":"ListItem","position":3,"name":"Vasilij Kandinski &#8211; Black and Violet 1923"}]},{"@type":"WebSite","@id":"https:\/\/svetslik.si\/hr\/#website","url":"https:\/\/svetslik.si\/hr\/","name":"SVETSLIK.SI","description":"100% ru\u010dno naslikane reprodukcije slika poznatih slikara in umjetni\u010dke zidne slike na platnu.","publisher":{"@id":"https:\/\/svetslik.si\/hr\/#organization"},"potentialAction":[{"@type":"SearchAction","target":{"@type":"EntryPoint","urlTemplate":"https:\/\/svetslik.si\/hr\/?s={search_term_string}"},"query-input":{"@type":"PropertyValueSpecification","valueRequired":true,"valueName":"search_term_string"}}],"inLanguage":"hr"},{"@type":"Organization","@id":"https:\/\/svetslik.si\/hr\/#organization","name":"SvetSlik.si","url":"https:\/\/svetslik.si\/hr\/","logo":{"@type":"ImageObject","inLanguage":"hr","@id":"https:\/\/svetslik.si\/hr\/#\/schema\/logo\/image\/","url":"https:\/\/svetslik.si\/wp-content\/uploads\/2020\/12\/logo-512.png","contentUrl":"https:\/\/svetslik.si\/wp-content\/uploads\/2020\/12\/logo-512.png","width":512,"height":512,"caption":"SvetSlik.si"},"image":{"@id":"https:\/\/svetslik.si\/hr\/#\/schema\/logo\/image\/"},"sameAs":["https:\/\/www.facebook.com\/svetslik.si","https:\/\/x.com\/svetslik","https:\/\/www.instagram.com\/svetslik.si\/","https:\/\/www.linkedin.com\/company\/svetslik-si"]}]},"og_availability":"backorder","product_availability":"available for order","product_retailer_item_id":"261__","product_condition":"new"},"jetpack_sharing_enabled":true,"_links":{"self":[{"href":"https:\/\/svetslik.si\/hr\/wp-json\/wp\/v2\/product\/25654","targetHints":{"allow":["GET"]}}],"collection":[{"href":"https:\/\/svetslik.si\/hr\/wp-json\/wp\/v2\/product"}],"about":[{"href":"https:\/\/svetslik.si\/hr\/wp-json\/wp\/v2\/types\/product"}],"wp:featuredmedia":[{"embeddable":true,"href":"https:\/\/svetslik.si\/hr\/wp-json\/wp\/v2\/media\/20059"}],"wp:attachment":[{"href":"https:\/\/svetslik.si\/hr\/wp-json\/wp\/v2\/media?parent=25654"}],"wp:term":[{"taxonomy":"product_brand","embeddable":true,"href":"https:\/\/svetslik.si\/hr\/wp-json\/wp\/v2\/product_brand?post=25654"},{"taxonomy":"product_cat","embeddable":true,"href":"https:\/\/svetslik.si\/hr\/wp-json\/wp\/v2\/product_cat?post=25654"},{"taxonomy":"product_tag","embeddable":true,"href":"https:\/\/svetslik.si\/hr\/wp-json\/wp\/v2\/product_tag?post=25654"}],"curies":[{"name":"wp","href":"https:\/\/api.w.org\/{rel}","templated":true}]}}