{"id":25707,"date":"2021-09-02T17:49:51","date_gmt":"2021-09-02T15:49:51","guid":{"rendered":"https:\/\/svetslik.si\/Bez%20kategorije\/composition-vi\/"},"modified":"2024-07-11T13:59:47","modified_gmt":"2024-07-11T11:59:47","slug":"composition-vi","status":"publish","type":"product","link":"https:\/\/svetslik.si\/hr\/vasilij-kandinski\/composition-vi\/","title":{"rendered":"Vasilij Kandinski &#8211; Composition VI"},"content":{"rendered":"<div class=\"wpb-content-wrapper\"><h1>Vasilij Kandinski &#8211; Kompozicija VI<\/h1>\n<p>&nbsp;<\/p>\n<table style=\"width: 673px\" border=\"0\" width=\"673\" cellspacing=\"0\" cellpadding=\"0\">\n<tbody>\n<tr>\n<td style=\"width: 180px;height: 21px\" height=\"21\">Godina nastanka murala:<\/td>\n<td style=\"width: 493px\">1913.<\/td>\n<\/tr>\n<tr>\n<td style=\"width: 180px;height: 21px\" height=\"21\">Izvorna veli\u010dina:<\/td>\n<td style=\"width: 493px\">300 cm x 195 cm<\/td>\n<\/tr>\n<tr>\n<td style=\"width: 180px;height: 21px\" height=\"21\">Stil slikanja:<\/td>\n<td style=\"width: 493px\">Apstraktna umjetnost<\/td>\n<\/tr>\n<tr>\n<td style=\"width: 180px;height: 21px\" height=\"21\">Izvorna tehnika:<\/td>\n<td>Ulje na platnu<\/td>\n<\/tr>\n<tr>\n<td style=\"width: 180px;height: 21px\" height=\"21\">Lokacija:<\/td>\n<td>Muzej Ermita\u017e, Sankt Peterburg<\/td>\n<\/tr>\n<\/tbody>\n<colgroup>\n<col \/>\n<col \/> <\/colgroup>\n<\/table>\n[\/vc_column_text][\/vc_column][\/vc_row][vc_row css=&#8221;.vc_custom_1640164050364{margin-bottom: 20px !important;}&#8221;][vc_column]\t<div class=\"et-image-406 et-image  full   et_image_link\">\n\t\t<div class=\"et-image-inner \">\n\t\t\t\t\t\t\t<div class=\"et-image-thumb \">\n\t\t\t\t\t<img decoding=\"async\" width=\"2560\" height=\"2046\" src=\"https:\/\/svetslik.si\/wp-content\/uploads\/2021\/12\/Vasiliy-Kandinsky-slika-na-platnu-scaled.jpg\" class=\"attachment-full\" alt=\"Vasiliy Kandinsky - Kompozicija VI - slika na platnu - ru\u010dno naslikana reprodukcija zidne slike\" title=\"Vasiliy Kandinsky - Kompozicija VI - slika na platnu - ru\u010dno naslikana reprodukcija zidne slike\" srcset=\"https:\/\/svetslik.si\/wp-content\/uploads\/2021\/12\/Vasiliy-Kandinsky-slika-na-platnu-scaled.jpg 2560w, https:\/\/svetslik.si\/wp-content\/uploads\/2021\/12\/Vasiliy-Kandinsky-slika-na-platnu-600x479.jpg 600w, https:\/\/svetslik.si\/wp-content\/uploads\/2021\/12\/Vasiliy-Kandinsky-slika-na-platnu-scaled-1200x959.jpg 1200w, https:\/\/svetslik.si\/wp-content\/uploads\/2021\/12\/Vasiliy-Kandinsky-slika-na-platnu-300x240.jpg 300w, https:\/\/svetslik.si\/wp-content\/uploads\/2021\/12\/Vasiliy-Kandinsky-slika-na-platnu-1024x818.jpg 1024w, https:\/\/svetslik.si\/wp-content\/uploads\/2021\/12\/Vasiliy-Kandinsky-slika-na-platnu-768x614.jpg 768w, https:\/\/svetslik.si\/wp-content\/uploads\/2021\/12\/Vasiliy-Kandinsky-slika-na-platnu-1536x1227.jpg 1536w, https:\/\/svetslik.si\/wp-content\/uploads\/2021\/12\/Vasiliy-Kandinsky-slika-na-platnu-2048x1637.jpg 2048w, https:\/\/svetslik.si\/wp-content\/uploads\/2021\/12\/Vasiliy-Kandinsky-slika-na-platnu-150x120.jpg 150w, https:\/\/svetslik.si\/wp-content\/uploads\/2021\/12\/Vasiliy-Kandinsky-slika-na-platnu-1320x1055.jpg 1320w, https:\/\/svetslik.si\/wp-content\/uploads\/2021\/12\/Vasiliy-Kandinsky-slika-na-platnu-900x719.jpg 900w\" sizes=\"(max-width: 2560px) 100vw, 2560px\" \/>\t\t\t\t<\/div>\n\t\t\t\t\t\t\t\t\t\t\t<\/div>\n\t<\/div>\n  [\/vc_column][\/vc_row][vc_row css=&#8221;.vc_custom_1640164050364{margin-bottom: 20px !important;}&#8221;][vc_column]\t<div class=\"et-image-939 et-image  full   et_image_link\">\n\t\t<div class=\"et-image-inner \">\n\t\t\t\t\t\t\t<div class=\"et-image-thumb \">\n\t\t\t\t\t<img decoding=\"async\" width=\"2560\" height=\"1441\" src=\"https:\/\/svetslik.si\/wp-content\/uploads\/2021\/09\/Vasiliy-Kandinsky-composition-VI-slika-na-platnu-rocno-naslikana-reprodukcija-stenske-slike-scaled.jpg\" class=\"attachment-full\" alt=\"Reprodukcija slike za zid - Vasiliy Kandinsky - kompozicija VI - slika na platnu - ru\u010dno naslikana reprodukcija zidne slike\" title=\"Reprodukcija slike za zid - Vasiliy Kandinsky - kompozicija VI - slika na platnu - ru\u010dno naslikana reprodukcija zidne slike\" srcset=\"https:\/\/svetslik.si\/wp-content\/uploads\/2021\/09\/Vasiliy-Kandinsky-composition-VI-slika-na-platnu-rocno-naslikana-reprodukcija-stenske-slike-scaled.jpg 2560w, https:\/\/svetslik.si\/wp-content\/uploads\/2021\/09\/Vasiliy-Kandinsky-composition-VI-slika-na-platnu-rocno-naslikana-reprodukcija-stenske-slike-600x338.jpg 600w, https:\/\/svetslik.si\/wp-content\/uploads\/2021\/09\/Vasiliy-Kandinsky-composition-VI-slika-na-platnu-rocno-naslikana-reprodukcija-stenske-slike-scaled-1200x675.jpg 1200w, https:\/\/svetslik.si\/wp-content\/uploads\/2021\/09\/Vasiliy-Kandinsky-composition-VI-slika-na-platnu-rocno-naslikana-reprodukcija-stenske-slike-300x169.jpg 300w, https:\/\/svetslik.si\/wp-content\/uploads\/2021\/09\/Vasiliy-Kandinsky-composition-VI-slika-na-platnu-rocno-naslikana-reprodukcija-stenske-slike-1024x577.jpg 1024w, https:\/\/svetslik.si\/wp-content\/uploads\/2021\/09\/Vasiliy-Kandinsky-composition-VI-slika-na-platnu-rocno-naslikana-reprodukcija-stenske-slike-768x432.jpg 768w, https:\/\/svetslik.si\/wp-content\/uploads\/2021\/09\/Vasiliy-Kandinsky-composition-VI-slika-na-platnu-rocno-naslikana-reprodukcija-stenske-slike-1536x865.jpg 1536w, https:\/\/svetslik.si\/wp-content\/uploads\/2021\/09\/Vasiliy-Kandinsky-composition-VI-slika-na-platnu-rocno-naslikana-reprodukcija-stenske-slike-2048x1153.jpg 2048w, https:\/\/svetslik.si\/wp-content\/uploads\/2021\/09\/Vasiliy-Kandinsky-composition-VI-slika-na-platnu-rocno-naslikana-reprodukcija-stenske-slike-150x84.jpg 150w, https:\/\/svetslik.si\/wp-content\/uploads\/2021\/09\/Vasiliy-Kandinsky-composition-VI-slika-na-platnu-rocno-naslikana-reprodukcija-stenske-slike-1320x743.jpg 1320w, https:\/\/svetslik.si\/wp-content\/uploads\/2021\/09\/Vasiliy-Kandinsky-composition-VI-slika-na-platnu-rocno-naslikana-reprodukcija-stenske-slike-900x507.jpg 900w\" sizes=\"(max-width: 2560px) 100vw, 2560px\" \/>\t\t\t\t<\/div>\n\t\t\t\t\t\t\t\t\t\t\t<\/div>\n\t<\/div>\n  [\/vc_column][\/vc_row][vc_row css=&#8221;.vc_custom_1640164050364{margin-bottom: 20px !important;}&#8221;][vc_column]\t<div class=\"et-image-540 et-image  full   et_image_link\">\n\t\t<div class=\"et-image-inner \">\n\t\t\t\t\t\t\t<div class=\"et-image-thumb \">\n\t\t\t\t\t<img decoding=\"async\" width=\"1600\" height=\"900\" src=\"https:\/\/svetslik.si\/wp-content\/uploads\/2021\/09\/Vasiliy-Kandinsky-composition-VI-slika-na-platnu-rocno-naslikana-reprodukcija-stenske-slike-1.jpg\" class=\"attachment-full\" alt=\"Reprodukcija slike za zid - Vasiliy Kandinsky - kompozicija VI - slika na platnu - ru\u010dno naslikana reprodukcija zidne slike 1\" title=\"Reprodukcija slike za zid - Vasiliy Kandinsky - kompozicija VI - slika na platnu - ru\u010dno naslikana reprodukcija zidne slike 1\" srcset=\"https:\/\/svetslik.si\/wp-content\/uploads\/2021\/09\/Vasiliy-Kandinsky-composition-VI-slika-na-platnu-rocno-naslikana-reprodukcija-stenske-slike-1.jpg 1600w, https:\/\/svetslik.si\/wp-content\/uploads\/2021\/09\/Vasiliy-Kandinsky-composition-VI-slika-na-platnu-rocno-naslikana-reprodukcija-stenske-slike-1-600x338.jpg 600w, https:\/\/svetslik.si\/wp-content\/uploads\/2021\/09\/Vasiliy-Kandinsky-composition-VI-slika-na-platnu-rocno-naslikana-reprodukcija-stenske-slike-1-1200x675.jpg 1200w, https:\/\/svetslik.si\/wp-content\/uploads\/2021\/09\/Vasiliy-Kandinsky-composition-VI-slika-na-platnu-rocno-naslikana-reprodukcija-stenske-slike-1-300x169.jpg 300w, https:\/\/svetslik.si\/wp-content\/uploads\/2021\/09\/Vasiliy-Kandinsky-composition-VI-slika-na-platnu-rocno-naslikana-reprodukcija-stenske-slike-1-1024x576.jpg 1024w, https:\/\/svetslik.si\/wp-content\/uploads\/2021\/09\/Vasiliy-Kandinsky-composition-VI-slika-na-platnu-rocno-naslikana-reprodukcija-stenske-slike-1-768x432.jpg 768w, https:\/\/svetslik.si\/wp-content\/uploads\/2021\/09\/Vasiliy-Kandinsky-composition-VI-slika-na-platnu-rocno-naslikana-reprodukcija-stenske-slike-1-1536x864.jpg 1536w, https:\/\/svetslik.si\/wp-content\/uploads\/2021\/09\/Vasiliy-Kandinsky-composition-VI-slika-na-platnu-rocno-naslikana-reprodukcija-stenske-slike-1-150x84.jpg 150w, https:\/\/svetslik.si\/wp-content\/uploads\/2021\/09\/Vasiliy-Kandinsky-composition-VI-slika-na-platnu-rocno-naslikana-reprodukcija-stenske-slike-1-1320x743.jpg 1320w, https:\/\/svetslik.si\/wp-content\/uploads\/2021\/09\/Vasiliy-Kandinsky-composition-VI-slika-na-platnu-rocno-naslikana-reprodukcija-stenske-slike-1-900x506.jpg 900w\" sizes=\"(max-width: 1600px) 100vw, 1600px\" \/>\t\t\t\t<\/div>\n\t\t\t\t\t\t\t\t\t\t\t<\/div>\n\t<\/div>\n  [\/vc_column][\/vc_row][vc_row css=&#8221;.vc_custom_1640164050364{margin-bottom: 20px !important;}&#8221;][vc_column]\t<div class=\"et-image-498 et-image  full   et_image_link\">\n\t\t<div class=\"et-image-inner \">\n\t\t\t\t\t\t\t<div class=\"et-image-thumb \">\n\t\t\t\t\t<img decoding=\"async\" width=\"2560\" height=\"1920\" src=\"https:\/\/svetslik.si\/wp-content\/uploads\/2021\/09\/Vasiliy-Kandinsky-composition-VI-slika-na-platnu-rocno-naslikana-reprodukcija-stenske-slike-13-scaled.jpg\" class=\"attachment-full\" alt=\"Reprodukcija slike za zid - Vasiliy Kandinsky - kompozicija VI - slika na platnu - ru\u010dno naslikana reprodukcija zidne slike 13\" title=\"Reprodukcija slike za zid - Vasiliy Kandinsky - kompozicija VI - slika na platnu - ru\u010dno naslikana reprodukcija zidne slike 13\" srcset=\"https:\/\/svetslik.si\/wp-content\/uploads\/2021\/09\/Vasiliy-Kandinsky-composition-VI-slika-na-platnu-rocno-naslikana-reprodukcija-stenske-slike-13-scaled.jpg 2560w, https:\/\/svetslik.si\/wp-content\/uploads\/2021\/09\/Vasiliy-Kandinsky-composition-VI-slika-na-platnu-rocno-naslikana-reprodukcija-stenske-slike-13-600x450.jpg 600w, https:\/\/svetslik.si\/wp-content\/uploads\/2021\/09\/Vasiliy-Kandinsky-composition-VI-slika-na-platnu-rocno-naslikana-reprodukcija-stenske-slike-13-scaled-1200x900.jpg 1200w, https:\/\/svetslik.si\/wp-content\/uploads\/2021\/09\/Vasiliy-Kandinsky-composition-VI-slika-na-platnu-rocno-naslikana-reprodukcija-stenske-slike-13-300x225.jpg 300w, https:\/\/svetslik.si\/wp-content\/uploads\/2021\/09\/Vasiliy-Kandinsky-composition-VI-slika-na-platnu-rocno-naslikana-reprodukcija-stenske-slike-13-1024x768.jpg 1024w, https:\/\/svetslik.si\/wp-content\/uploads\/2021\/09\/Vasiliy-Kandinsky-composition-VI-slika-na-platnu-rocno-naslikana-reprodukcija-stenske-slike-13-768x576.jpg 768w, https:\/\/svetslik.si\/wp-content\/uploads\/2021\/09\/Vasiliy-Kandinsky-composition-VI-slika-na-platnu-rocno-naslikana-reprodukcija-stenske-slike-13-1536x1152.jpg 1536w, https:\/\/svetslik.si\/wp-content\/uploads\/2021\/09\/Vasiliy-Kandinsky-composition-VI-slika-na-platnu-rocno-naslikana-reprodukcija-stenske-slike-13-2048x1536.jpg 2048w, https:\/\/svetslik.si\/wp-content\/uploads\/2021\/09\/Vasiliy-Kandinsky-composition-VI-slika-na-platnu-rocno-naslikana-reprodukcija-stenske-slike-13-150x113.jpg 150w, https:\/\/svetslik.si\/wp-content\/uploads\/2021\/09\/Vasiliy-Kandinsky-composition-VI-slika-na-platnu-rocno-naslikana-reprodukcija-stenske-slike-13-1320x990.jpg 1320w, https:\/\/svetslik.si\/wp-content\/uploads\/2021\/09\/Vasiliy-Kandinsky-composition-VI-slika-na-platnu-rocno-naslikana-reprodukcija-stenske-slike-13-900x675.jpg 900w\" sizes=\"(max-width: 2560px) 100vw, 2560px\" \/>\t\t\t\t<\/div>\n\t\t\t\t\t\t\t\t\t\t\t<\/div>\n\t<\/div>\n  [\/vc_column][\/vc_row][vc_row][vc_column][vc_column_text]Vasilij Kandinski bio je ruski slikar, grafi\u010dar i teoreti\u010dar umjetnosti koji se smatra jednim od pionira apstraktne umjetnosti Jedno od njegovih najpoznatijih djela je &#8220;Kompozicija VI&#8221;, nastala 1913. i trenutno se nalazi u Muzeju Solomon R. Guggenheim u New Yorku.<\/p>\n<p>Slika je izvrstan primjer zrelog stila Kandinskog kojeg karakteriziraju dinami\u010dna kompozicija, hrabar izbor boja i apstraktni oblici. Slika se sastoji od niza rotiraju\u0107ih, isprepletenih oblika i linija koje izgledaju kao da su u pokretu. Borbenom paletom dominiraju nijanse plave, \u017eute i crvene, koje su poredane u skladnoj ravnote\u017ei.<\/p>\n<p>Jedan od najupe\u010datljivijih aspekata slike &#8220;Kompozicija VI&#8221; je na\u010din na koji je Kandinski koristio liniju i borbu kako bi stvorio osje\u0107aj pokreta i energije na slici. Linije su odva\u017ene i dinami\u010dne, kao da se neprestano mijenjaju, stvaraju\u0107i osje\u0107aj pokreta i napetosti. Boja se tako\u0111er koristi na sna\u017ean na\u010din jer Kandinski kontrastira tople i hladne tonove kako bi stvorio osje\u0107aj dubine i pokreta.<\/p>\n<p>Tako\u0111er je vrijedno istaknuti Kandinskyjevo kori\u0161tenje apstrakcije na ovoj slici. Koriste\u0107i se apstrakcijom, stvorio je sliku koja ne prikazuje odre\u0111eni predmet ili scenu, ve\u0107 oblikom i bojom stvara emocionalni odgovor kod promatra\u010da. Vjerovao je da bi umjetnost trebala biti sredstvo preno\u0161enja emocija, a ne samo prikaz fizi\u010dkog svijeta.<\/p>\n<p>&#8220;Kompozicija VI&#8221; smatra se jednim od najva\u017enijih i najzna\u010dajnijih djela Kandinskog, jer predstavlja prekretnicu u njegovoj karijeri kada je u potpunosti prihvatio apstrakciju kao svoj umjetni\u010dki jezik. Slika je i danas predmet velikog divljenja i prou\u010davanja te je jo\u0161 uvijek izvor inspiracije za mnoge suvremene umjetnike.<\/p>\n<p>Muzej Solomon R. Guggenheim u New Yorku nezaobilazan je za ljubitelje umjetnosti i u njemu se nalaze mnoga druga remek-djela Kandinskog i drugih umjetnika s po\u010detka 20. stolje\u0107a. Stalna zbirka muzeja sadr\u017ei umjetni\u010dka djela iz impresionisti\u010dkog, postimpresionisti\u010dkog, modernog i suvremenog pokreta i odli\u010dno je mjesto za upoznavanje \u017eivota i djela Kandinskog.[\/vc_column_text][\/vc_column][\/vc_row]\n<\/div>","protected":false},"excerpt":{"rendered":"<p>Vasilij Kandinski &#8211; Kompozicija VI &nbsp; Godina nastanka murala: 1913. Izvorna veli\u010dina: 300 cm x 195 cm Stil slikanja: Apstraktna umjetnost Izvorna tehnika: Ulje na platnu Lokacija: Muzej Ermita\u017e, Sankt Peterburg [\/vc_column_text][\/vc_column][\/vc_row][vc_row css=&#8221;.vc_custom_1640164050364{margin-bottom: 20px !important;}&#8221;][vc_column][\/vc_column][\/vc_row][vc_row css=&#8221;.vc_custom_1640164050364{margin-bottom: 20px !important;}&#8221;][vc_column][\/vc_column][\/vc_row][vc_row css=&#8221;.vc_custom_1640164050364{margin-bottom: 20px !important;}&#8221;][vc_column][\/vc_column][\/vc_row][vc_row css=&#8221;.vc_custom_1640164050364{margin-bottom: 20px !important;}&#8221;][vc_column][\/vc_column][\/vc_row][vc_row][vc_column][vc_column_text]Vasilij Kandinski bio je ruski slikar, grafi\u010dar [&hellip;]<\/p>\n","protected":false},"featured_media":20112,"template":"","meta":{"_acf_changed":false},"product_brand":[],"product_cat":[3380],"product_tag":[4086,4087,4069,4070,4071],"class_list":{"0":"post-25707","1":"product","2":"type-product","3":"status-publish","4":"has-post-thumbnail","6":"product_cat-vasilij-kandinski","7":"product_tag-kandinski-hr","8":"product_tag-kandinsky-hr","9":"product_tag-reprodukcija-hr","10":"product_tag-reprodukcije-hr","11":"product_tag-slikar-hr","12":"pa_dimenzija-120-x-80-cm","13":"pa_dimenzija-150-x-100-cm","14":"pa_dimenzija-190-x-120-cm","15":"pa_dimenzija-220-x-140-cm","16":"pa_dimenzija-250-x-160-cm","17":"pa_dimenzija-300-x-195-cm","18":"pa_dimenzija-70-x-50-cm","19":"pa_dimenzija-90-x-60-cm","20":"pa_oblika-horizontalno","21":"pa_okvir-bez-okvira","22":"pa_podokvir-bez-podokvira","23":"pa_podokvir-sa-podokvirom","25":"first","26":"onbackorder","27":"purchasable","28":"product-type-variable","29":"has-default-attributes"},"acf":[],"yoast_head":"<!-- This site is optimized with the Yoast SEO Premium plugin v26.0 (Yoast SEO v27.2) - https:\/\/yoast.com\/product\/yoast-seo-premium-wordpress\/ -->\n<title>Vasilij Kandinski - Composition VI - SVETSLIK.SI - 100% ru\u010dno naslikano<\/title>\n<meta name=\"description\" content=\"Vasilij Kandinski - Composition VI - 100% ru\u010dno naslikane reprodukcije slika na platnu. Uramljivanje slika, prodaja i izrada slika u dimenzijama po narud\u017ebi.\" \/>\n<meta name=\"robots\" content=\"index, follow, max-snippet:-1, max-image-preview:large, max-video-preview:-1\" \/>\n<link rel=\"canonical\" href=\"https:\/\/svetslik.si\/hr\/vasilij-kandinski\/composition-vi\/\" \/>\n<meta property=\"og:locale\" content=\"hr_HR\" \/>\n<meta property=\"og:type\" content=\"article\" \/>\n<meta property=\"og:title\" content=\"Vasilij Kandinski - Composition VI\" \/>\n<meta property=\"og:description\" content=\"100% ro\u010dno naslikane slike na platnu, reprodukcije znanih slikarjev in umetni\u0161ke slike po naro\u010dilu.\" \/>\n<meta property=\"og:url\" content=\"https:\/\/svetslik.si\/hr\/vasilij-kandinski\/composition-vi\/\" \/>\n<meta property=\"og:site_name\" content=\"SVETSLIK.SI\" \/>\n<meta property=\"article:publisher\" content=\"https:\/\/www.facebook.com\/svetslik.si\" \/>\n<meta property=\"article:modified_time\" content=\"2024-07-11T11:59:47+00:00\" \/>\n<meta property=\"og:image\" content=\"https:\/\/svetslik.si\/wp-content\/uploads\/2021\/08\/image_Composition-VI_680.jpg\" \/>\n\t<meta property=\"og:image:width\" content=\"1132\" \/>\n\t<meta property=\"og:image:height\" content=\"745\" \/>\n\t<meta property=\"og:image:type\" content=\"image\/jpeg\" \/>\n<meta name=\"twitter:card\" content=\"summary_large_image\" \/>\n<meta name=\"twitter:site\" content=\"@svetslik\" \/>\n<meta name=\"twitter:label1\" content=\"Availability\" \/>\n\t<meta name=\"twitter:data1\" content=\"On backorder\" \/>\n<script type=\"application\/ld+json\" class=\"yoast-schema-graph\">{\"@context\":\"https:\/\/schema.org\",\"@graph\":[{\"@type\":[\"WebPage\",\"ItemPage\"],\"@id\":\"https:\/\/svetslik.si\/hr\/vasilij-kandinski\/composition-vi\/\",\"url\":\"https:\/\/svetslik.si\/hr\/vasilij-kandinski\/composition-vi\/\",\"name\":\"Vasilij Kandinski - Composition VI - SVETSLIK.SI - 100% ru\u010dno naslikano\",\"isPartOf\":{\"@id\":\"https:\/\/svetslik.si\/hr\/#website\"},\"primaryImageOfPage\":{\"@id\":\"https:\/\/svetslik.si\/hr\/vasilij-kandinski\/composition-vi\/#primaryimage\"},\"image\":{\"@id\":\"https:\/\/svetslik.si\/hr\/vasilij-kandinski\/composition-vi\/#primaryimage\"},\"thumbnailUrl\":\"https:\/\/svetslik.si\/wp-content\/uploads\/2021\/08\/image_Composition-VI_680.jpg\",\"datePublished\":\"2021-09-02T15:49:51+00:00\",\"dateModified\":\"2024-07-11T11:59:47+00:00\",\"description\":\"Vasilij Kandinski - Composition VI - 100% ru\u010dno naslikane reprodukcije slika na platnu. Uramljivanje slika, prodaja i izrada slika u dimenzijama po narud\u017ebi.\",\"breadcrumb\":{\"@id\":\"https:\/\/svetslik.si\/hr\/vasilij-kandinski\/composition-vi\/#breadcrumb\"},\"inLanguage\":\"hr\",\"potentialAction\":[{\"@type\":\"ReadAction\",\"target\":[\"https:\/\/svetslik.si\/hr\/vasilij-kandinski\/composition-vi\/\"]}]},{\"@type\":\"ImageObject\",\"inLanguage\":\"hr\",\"@id\":\"https:\/\/svetslik.si\/hr\/vasilij-kandinski\/composition-vi\/#primaryimage\",\"url\":\"https:\/\/svetslik.si\/wp-content\/uploads\/2021\/08\/image_Composition-VI_680.jpg\",\"contentUrl\":\"https:\/\/svetslik.si\/wp-content\/uploads\/2021\/08\/image_Composition-VI_680.jpg\",\"width\":1132,\"height\":745,\"caption\":\"Vasilij Kandinski - Composition VII - Reprodukcija - ru\u010dno slikane zidne slike, ulje na platnu, uljane slike, umjetni\u010dke slike, moderne slike za zid, ambijentalne slike, apstraktne slike, dekorativne slike\"},{\"@type\":\"BreadcrumbList\",\"@id\":\"https:\/\/svetslik.si\/hr\/vasilij-kandinski\/composition-vi\/#breadcrumb\",\"itemListElement\":[{\"@type\":\"ListItem\",\"position\":1,\"name\":\"Umjetni\u010dke zidne slike na platnu\",\"item\":\"https:\/\/svetslik.si\/hr\/\"},{\"@type\":\"ListItem\",\"position\":2,\"name\":\"Prodaja slika\",\"item\":\"https:\/\/svetslik.si\/prodaja-slik\/\"},{\"@type\":\"ListItem\",\"position\":3,\"name\":\"Vasilij Kandinski &#8211; Composition VI\"}]},{\"@type\":\"WebSite\",\"@id\":\"https:\/\/svetslik.si\/hr\/#website\",\"url\":\"https:\/\/svetslik.si\/hr\/\",\"name\":\"SVETSLIK.SI\",\"description\":\"100% ru\u010dno naslikane reprodukcije slika poznatih slikara in umjetni\u010dke zidne slike na platnu.\",\"publisher\":{\"@id\":\"https:\/\/svetslik.si\/hr\/#organization\"},\"potentialAction\":[{\"@type\":\"SearchAction\",\"target\":{\"@type\":\"EntryPoint\",\"urlTemplate\":\"https:\/\/svetslik.si\/hr\/?s={search_term_string}\"},\"query-input\":{\"@type\":\"PropertyValueSpecification\",\"valueRequired\":true,\"valueName\":\"search_term_string\"}}],\"inLanguage\":\"hr\"},{\"@type\":\"Organization\",\"@id\":\"https:\/\/svetslik.si\/hr\/#organization\",\"name\":\"SvetSlik.si\",\"url\":\"https:\/\/svetslik.si\/hr\/\",\"logo\":{\"@type\":\"ImageObject\",\"inLanguage\":\"hr\",\"@id\":\"https:\/\/svetslik.si\/hr\/#\/schema\/logo\/image\/\",\"url\":\"https:\/\/svetslik.si\/wp-content\/uploads\/2020\/12\/logo-512.png\",\"contentUrl\":\"https:\/\/svetslik.si\/wp-content\/uploads\/2020\/12\/logo-512.png\",\"width\":512,\"height\":512,\"caption\":\"SvetSlik.si\"},\"image\":{\"@id\":\"https:\/\/svetslik.si\/hr\/#\/schema\/logo\/image\/\"},\"sameAs\":[\"https:\/\/www.facebook.com\/svetslik.si\",\"https:\/\/x.com\/svetslik\",\"https:\/\/www.instagram.com\/svetslik.si\/\",\"https:\/\/www.linkedin.com\/company\/svetslik-si\"]}]}<\/script>\n<meta property=\"og:availability\" content=\"backorder\" \/>\n<meta property=\"product:availability\" content=\"available for order\" \/>\n<meta property=\"product:retailer_item_id\" content=\"211__\" \/>\n<meta property=\"product:condition\" content=\"new\" \/>\n<!-- \/ Yoast SEO Premium plugin. -->","yoast_head_json":{"title":"Vasilij Kandinski - Composition VI - SVETSLIK.SI - 100% ru\u010dno naslikano","description":"Vasilij Kandinski - Composition VI - 100% ru\u010dno naslikane reprodukcije slika na platnu. Uramljivanje slika, prodaja i izrada slika u dimenzijama po narud\u017ebi.","robots":{"index":"index","follow":"follow","max-snippet":"max-snippet:-1","max-image-preview":"max-image-preview:large","max-video-preview":"max-video-preview:-1"},"canonical":"https:\/\/svetslik.si\/hr\/vasilij-kandinski\/composition-vi\/","og_locale":"hr_HR","og_type":"article","og_title":"Vasilij Kandinski - Composition VI","og_description":"100% ro\u010dno naslikane slike na platnu, reprodukcije znanih slikarjev in umetni\u0161ke slike po naro\u010dilu.","og_url":"https:\/\/svetslik.si\/hr\/vasilij-kandinski\/composition-vi\/","og_site_name":"SVETSLIK.SI","article_publisher":"https:\/\/www.facebook.com\/svetslik.si","article_modified_time":"2024-07-11T11:59:47+00:00","og_image":[{"width":1132,"height":745,"url":"https:\/\/svetslik.si\/wp-content\/uploads\/2021\/08\/image_Composition-VI_680.jpg","type":"image\/jpeg"}],"twitter_card":"summary_large_image","twitter_site":"@svetslik","twitter_misc":{"Availability":"On backorder"},"schema":{"@context":"https:\/\/schema.org","@graph":[{"@type":["WebPage","ItemPage"],"@id":"https:\/\/svetslik.si\/hr\/vasilij-kandinski\/composition-vi\/","url":"https:\/\/svetslik.si\/hr\/vasilij-kandinski\/composition-vi\/","name":"Vasilij Kandinski - Composition VI - SVETSLIK.SI - 100% ru\u010dno naslikano","isPartOf":{"@id":"https:\/\/svetslik.si\/hr\/#website"},"primaryImageOfPage":{"@id":"https:\/\/svetslik.si\/hr\/vasilij-kandinski\/composition-vi\/#primaryimage"},"image":{"@id":"https:\/\/svetslik.si\/hr\/vasilij-kandinski\/composition-vi\/#primaryimage"},"thumbnailUrl":"https:\/\/svetslik.si\/wp-content\/uploads\/2021\/08\/image_Composition-VI_680.jpg","datePublished":"2021-09-02T15:49:51+00:00","dateModified":"2024-07-11T11:59:47+00:00","description":"Vasilij Kandinski - Composition VI - 100% ru\u010dno naslikane reprodukcije slika na platnu. Uramljivanje slika, prodaja i izrada slika u dimenzijama po narud\u017ebi.","breadcrumb":{"@id":"https:\/\/svetslik.si\/hr\/vasilij-kandinski\/composition-vi\/#breadcrumb"},"inLanguage":"hr","potentialAction":[{"@type":"ReadAction","target":["https:\/\/svetslik.si\/hr\/vasilij-kandinski\/composition-vi\/"]}]},{"@type":"ImageObject","inLanguage":"hr","@id":"https:\/\/svetslik.si\/hr\/vasilij-kandinski\/composition-vi\/#primaryimage","url":"https:\/\/svetslik.si\/wp-content\/uploads\/2021\/08\/image_Composition-VI_680.jpg","contentUrl":"https:\/\/svetslik.si\/wp-content\/uploads\/2021\/08\/image_Composition-VI_680.jpg","width":1132,"height":745,"caption":"Vasilij Kandinski - Composition VII - Reprodukcija - ru\u010dno slikane zidne slike, ulje na platnu, uljane slike, umjetni\u010dke slike, moderne slike za zid, ambijentalne slike, apstraktne slike, dekorativne slike"},{"@type":"BreadcrumbList","@id":"https:\/\/svetslik.si\/hr\/vasilij-kandinski\/composition-vi\/#breadcrumb","itemListElement":[{"@type":"ListItem","position":1,"name":"Umjetni\u010dke zidne slike na platnu","item":"https:\/\/svetslik.si\/hr\/"},{"@type":"ListItem","position":2,"name":"Prodaja slika","item":"https:\/\/svetslik.si\/prodaja-slik\/"},{"@type":"ListItem","position":3,"name":"Vasilij Kandinski &#8211; Composition VI"}]},{"@type":"WebSite","@id":"https:\/\/svetslik.si\/hr\/#website","url":"https:\/\/svetslik.si\/hr\/","name":"SVETSLIK.SI","description":"100% ru\u010dno naslikane reprodukcije slika poznatih slikara in umjetni\u010dke zidne slike na platnu.","publisher":{"@id":"https:\/\/svetslik.si\/hr\/#organization"},"potentialAction":[{"@type":"SearchAction","target":{"@type":"EntryPoint","urlTemplate":"https:\/\/svetslik.si\/hr\/?s={search_term_string}"},"query-input":{"@type":"PropertyValueSpecification","valueRequired":true,"valueName":"search_term_string"}}],"inLanguage":"hr"},{"@type":"Organization","@id":"https:\/\/svetslik.si\/hr\/#organization","name":"SvetSlik.si","url":"https:\/\/svetslik.si\/hr\/","logo":{"@type":"ImageObject","inLanguage":"hr","@id":"https:\/\/svetslik.si\/hr\/#\/schema\/logo\/image\/","url":"https:\/\/svetslik.si\/wp-content\/uploads\/2020\/12\/logo-512.png","contentUrl":"https:\/\/svetslik.si\/wp-content\/uploads\/2020\/12\/logo-512.png","width":512,"height":512,"caption":"SvetSlik.si"},"image":{"@id":"https:\/\/svetslik.si\/hr\/#\/schema\/logo\/image\/"},"sameAs":["https:\/\/www.facebook.com\/svetslik.si","https:\/\/x.com\/svetslik","https:\/\/www.instagram.com\/svetslik.si\/","https:\/\/www.linkedin.com\/company\/svetslik-si"]}]},"og_availability":"backorder","product_availability":"available for order","product_retailer_item_id":"211__","product_condition":"new"},"jetpack_sharing_enabled":true,"_links":{"self":[{"href":"https:\/\/svetslik.si\/hr\/wp-json\/wp\/v2\/product\/25707","targetHints":{"allow":["GET"]}}],"collection":[{"href":"https:\/\/svetslik.si\/hr\/wp-json\/wp\/v2\/product"}],"about":[{"href":"https:\/\/svetslik.si\/hr\/wp-json\/wp\/v2\/types\/product"}],"wp:featuredmedia":[{"embeddable":true,"href":"https:\/\/svetslik.si\/hr\/wp-json\/wp\/v2\/media\/20112"}],"wp:attachment":[{"href":"https:\/\/svetslik.si\/hr\/wp-json\/wp\/v2\/media?parent=25707"}],"wp:term":[{"taxonomy":"product_brand","embeddable":true,"href":"https:\/\/svetslik.si\/hr\/wp-json\/wp\/v2\/product_brand?post=25707"},{"taxonomy":"product_cat","embeddable":true,"href":"https:\/\/svetslik.si\/hr\/wp-json\/wp\/v2\/product_cat?post=25707"},{"taxonomy":"product_tag","embeddable":true,"href":"https:\/\/svetslik.si\/hr\/wp-json\/wp\/v2\/product_tag?post=25707"}],"curies":[{"name":"wp","href":"https:\/\/api.w.org\/{rel}","templated":true}]}}