{"id":25789,"date":"2021-09-03T14:22:56","date_gmt":"2021-09-03T12:22:56","guid":{"rendered":"https:\/\/svetslik.si\/Bez%20kategorije\/the-sower-i\/"},"modified":"2026-03-22T14:13:52","modified_gmt":"2026-03-22T13:13:52","slug":"the-sower-i","status":"publish","type":"product","link":"https:\/\/svetslik.si\/hr\/vincent-van-gogh\/the-sower-i\/","title":{"rendered":"Vincent van Gogh &#8211; The Sower I"},"content":{"rendered":"<div class=\"wpb-content-wrapper\">[vc_row css=&#8221;.vc_custom_1691325841709{margin-bottom: 10px !important;}&#8221;][vc_column]\t<div class=\"et-image-115 et-image     et_image_link\">\n\t\t<div class=\"et-image-inner \">\n\t\t\t\t\t\t\t<div class=\"et-image-thumb \">\n\t\t\t\t\t<img decoding=\"async\" width=\"1000\" height=\"827\" src=\"https:\/\/svetslik.si\/wp-content\/uploads\/2021\/09\/vincent-van-gogh-The-sower-1-reprodukcija.jpg\" class=\"attachment-full\" alt=\"vincent van gogh The Sower 1 reprodukcija\" title=\"vincent-van-gogh-The-sower-1-reprodukcija\" srcset=\"https:\/\/svetslik.si\/wp-content\/uploads\/2021\/09\/vincent-van-gogh-The-sower-1-reprodukcija.jpg 1000w, https:\/\/svetslik.si\/wp-content\/uploads\/2021\/09\/vincent-van-gogh-The-sower-1-reprodukcija-600x496.jpg 600w, https:\/\/svetslik.si\/wp-content\/uploads\/2021\/09\/vincent-van-gogh-The-sower-1-reprodukcija-300x248.jpg 300w, https:\/\/svetslik.si\/wp-content\/uploads\/2021\/09\/vincent-van-gogh-The-sower-1-reprodukcija-768x635.jpg 768w, https:\/\/svetslik.si\/wp-content\/uploads\/2021\/09\/vincent-van-gogh-The-sower-1-reprodukcija-150x124.jpg 150w, https:\/\/svetslik.si\/wp-content\/uploads\/2021\/09\/vincent-van-gogh-The-sower-1-reprodukcija-900x744.jpg 900w\" sizes=\"(max-width: 1000px) 100vw, 1000px\" \/>\t\t\t\t<\/div>\n\t\t\t\t\t\t\t\t\t\t\t<\/div>\n\t<\/div>\n  [\/vc_column][\/vc_row][vc_row][vc_column][vc_column_text]\n<h1>Vincent Van Gogh &#8211; Sija\u010d I<\/h1>\n<table border=\"0\" width=\"497\" cellspacing=\"0\" cellpadding=\"0\">\n<colgroup>\n<col style=\"width: 116pt;\" width=\"154\" \/>\n<col style=\"width: 257pt;\" width=\"343\" \/> <\/colgroup>\n<tbody>\n<tr style=\"height: 15.75pt;\">\n<td class=\"xl24\" width=\"154\" height=\"21\">Godina stvaranja:<\/td>\n<td class=\"xl25\" style=\"width: 257pt;\" width=\"343\">1888<\/td>\n<\/tr>\n<tr style=\"height: 15.75pt;\">\n<td class=\"xl24\" width=\"154\" height=\"21\">Izvorna veli\u010dina:<\/td>\n<td class=\"xl24\" style=\"width: 257pt;\" width=\"343\">80,3 cm x 64,2 cm<\/td>\n<\/tr>\n<tr style=\"height: 15.75pt;\">\n<td class=\"xl24\" width=\"154\" height=\"21\">Stil bojanja:<\/td>\n<td class=\"xl24\" style=\"width: 257pt;\" width=\"343\">Postimpresionizam<\/td>\n<\/tr>\n<tr style=\"height: 15.75pt;\">\n<td class=\"xl24\" width=\"154\" height=\"21\">Izvorna tehnika:<\/td>\n<td class=\"xl25\" style=\"width: 257pt;\" width=\"343\">Ulje na platnu<\/td>\n<\/tr>\n<tr style=\"height: 15.75pt;\">\n<td class=\"xl24\" width=\"154\" height=\"21\">Lokacija:<\/td>\n<td class=\"xl25\" style=\"width: 257pt;\" width=\"343\">Muzej Kr\u00f6ller-M\u00fcller, Otterlo, Nizozemska<\/td>\n<\/tr>\n<\/tbody>\n<\/table>\n<p>Van Gogh je naslikao nekoliko verzija sija\u010da pod temom zalaze\u0107eg sunca.<\/p>\n<p>&#8220;Sija\u010d I&#8221;, koju je 1888. naslikao nizozemski umjetnik Vincent van Gogh, sna\u017ena je i upe\u010datljiva slika koja prikazuje umjetnikovu strast prema prirodi i ljudskom stanju. Slika prikazuje usamljenog sija\u010da, siluetu na \u017eivopisnom naran\u010dastom i \u017eutom nebu, kako rasipa sjeme po neplodnom polju. Slika je nadaleko poznata po svojim odva\u017enim potezima, emocionalnosti i sna\u017enoj simbolici.<\/p>\n<p>Sjetva I izvrstan je primjer Van Goghova postimpresionisti\u010dkog stila kojeg su karakterizirali gusti i vidljivi potezi kista, jarke boje i hrabri kontrasti. Odva\u017eni potezi kista i jarke boje na slici stvaraju osje\u0107aj pokreta i energije, dok naran\u010dasto i \u017euto nebo stvaraju osje\u0107aj dramati\u010dnosti i napetosti. Sija\u010d, prikazan u crno-bijeloj tehnici, izdvaja se od \u017eivopisnog neba i stvara upe\u010datljiv kontrast.<\/p>\n<p>Jedna od najupe\u010datljivijih zna\u010dajki slike &#8220;Sija\u010d I&#8221; je kori\u0161tenje boje. Van Goghova upotreba hrabrih, kontrastnih boja stvara osje\u0107aj pokreta i energije u slici, a naran\u010dasto i \u017euto nebo prikazano je u mno\u0161tvu naran\u010dastih i \u017eutih boja, stvaraju\u0107i osje\u0107aj dubine i dimenzije. Potezi kista tako\u0111er su vrijedni pa\u017enje, s debelim, vidljivim potezima koji slici daju osje\u0107aj pokreta i energije.<\/p>\n<p>Bogata je i simbolika slike. Sija\u010d se \u010desto do\u017eivljava kao simbol nade i ciklusa \u017eivota dok rasipa sjeme po neplodnom polju, simboliziraju\u0107i mogu\u0107nost rasta i obnove. Naran\u010dasto i \u017euto nebo mo\u017eemo shvatiti kao simbol prolaska vremena i prolaznosti \u017eivota. Za sliku se ka\u017ee da predstavlja Van Goghovo emocionalno stanje u to vrijeme. Vjeruje se da je slika nastala u vrijeme kada je Van Gogh bio vrlo nemiran i emocionalno poreme\u0107en, a slika je navodno odraz njegovih unutarnjih nemira.<\/p>\n<p>Slika Sija\u010d I smatra se jednim od najja\u010dih i najemotivnijih Van Goghovih djela. Slika se nalazi u muzeju Kr\u00f6ller-M\u00fcller u Otterlu u Nizozemskoj. To je va\u017eno djelo postimpresionizma kojem se jo\u0161 uvijek dive i prou\u010davaju i amateri i stru\u010dnjaci.<\/p>\n<p>Ukratko, &#8220;Sija\u010d I&#8221; je majstorska slika koja prikazuje odva\u017ene poteze kistom, emocionalnost i sna\u017enu simboliku koji karakteriziraju postimpresionisti\u010dki stil Vincenta van Gogha. Kori\u0161tenje boje i poteza kistom na slici stvara osje\u0107aj pokreta i energije, dok sija\u010d simbolizira nadu i ciklus \u017eivota. Slika se smatra jednim od najsna\u017enijih i najemotivnijih van Goghovih djela. \u010cuva se u muzeju Kr\u00f6ller-M\u00fcller u Otterlu u Nizozemskoj, gdje mu se jo\u0161 uvijek dive i prou\u010davaju ga amateri i stru\u010dnjaci. Slikar I sna\u017ena je i emotivna slika koja govori o ljudskom stanju i ljepoti prirode. I danas nadahnjuje i utje\u010de na umjetnike. Njezina ikoni\u010dna slika i emocionalnost \u010dine sliku jednim od najprepoznatljivijih i najpopularnijih djela postimpresionizma, \u0161to je \u010dini nezaobilaznom za vidjeti za svakog ljubitelja umjetnosti ili svakoga tko se zanima za djelo Vincenta van Gogha. Sna\u017ena simbolika i zapanjuju\u0107e slike \u010dine sliku trajnim remek-djelom koje \u0107e odjekivati \u200b\u200bme\u0111u gledateljima godinama koje dolaze.<\/p>\n<\/div>","protected":false},"excerpt":{"rendered":"<p>[vc_row css=&#8221;.vc_custom_1691325841709{margin-bottom: 10px !important;}&#8221;][vc_column][\/vc_column][\/vc_row][vc_row][vc_column][vc_column_text] Vincent Van Gogh &#8211; Sija\u010d I Godina stvaranja: 1888 Izvorna veli\u010dina: 80,3 cm x 64,2 cm Stil bojanja: Postimpresionizam Izvorna tehnika: Ulje na platnu Lokacija: Muzej Kr\u00f6ller-M\u00fcller, Otterlo, Nizozemska Van Gogh je naslikao nekoliko verzija sija\u010da pod temom zalaze\u0107eg sunca. &#8220;Sija\u010d I&#8221;, koju je 1888. naslikao [&hellip;]<\/p>\n","protected":false},"featured_media":20873,"template":"","meta":{"_acf_changed":false},"product_brand":[],"product_cat":[3381],"product_tag":[4069,4070,4071,4073],"class_list":{"0":"post-25789","1":"product","2":"type-product","3":"status-publish","4":"has-post-thumbnail","6":"product_cat-vincent-van-gogh","7":"product_tag-reprodukcija-hr","8":"product_tag-reprodukcije-hr","9":"product_tag-slikar-hr","10":"product_tag-van-gogh-hr","11":"pa_dimenzija-40-x-30-cm-hr","12":"pa_oblika-horizontalno","13":"pa_okvir-bez-okvira","14":"pa_podokvir-bez-podokvira","15":"pa_podokvir-sa-podokvirom","17":"first","18":"onbackorder","19":"purchasable","20":"product-type-variable","21":"has-default-attributes"},"acf":[],"yoast_head":"<!-- This site is optimized with the Yoast SEO Premium plugin v26.0 (Yoast SEO v27.2) - https:\/\/yoast.com\/product\/yoast-seo-premium-wordpress\/ -->\n<title>Vincent van Gogh - The Sower I - SVETSLIK.SI - 100% ru\u010dno naslikano<\/title>\n<meta name=\"description\" content=\"Vincent van Gogh - The Sower I - 100% ru\u010dno naslikane reprodukcije slika na platnu. Uramljivanje slika, prodaja i izrada slika u dimenzijama po narud\u017ebi.\" \/>\n<meta name=\"robots\" content=\"index, follow, max-snippet:-1, max-image-preview:large, max-video-preview:-1\" \/>\n<link rel=\"canonical\" href=\"https:\/\/svetslik.si\/hr\/vincent-van-gogh\/the-sower-i\/\" \/>\n<meta property=\"og:locale\" content=\"hr_HR\" \/>\n<meta property=\"og:type\" content=\"article\" \/>\n<meta property=\"og:title\" content=\"Vincent van Gogh - The Sower I\" \/>\n<meta property=\"og:description\" content=\"100% ro\u010dno naslikane slike na platnu, reprodukcije znanih slikarjev in umetni\u0161ke slike po naro\u010dilu.\" \/>\n<meta property=\"og:url\" content=\"https:\/\/svetslik.si\/hr\/vincent-van-gogh\/the-sower-i\/\" \/>\n<meta property=\"og:site_name\" content=\"SVETSLIK.SI\" \/>\n<meta property=\"article:publisher\" content=\"https:\/\/www.facebook.com\/svetslik.si\" \/>\n<meta property=\"article:modified_time\" content=\"2026-03-22T13:13:52+00:00\" \/>\n<meta property=\"og:image\" content=\"https:\/\/svetslik.si\/wp-content\/uploads\/2021\/08\/image_The-Sower-I-Van-Gogh_680.jpg\" \/>\n\t<meta property=\"og:image:width\" content=\"1800\" \/>\n\t<meta property=\"og:image:height\" content=\"1428\" \/>\n\t<meta property=\"og:image:type\" content=\"image\/jpeg\" \/>\n<meta name=\"twitter:card\" content=\"summary_large_image\" \/>\n<meta name=\"twitter:site\" content=\"@svetslik\" \/>\n<meta name=\"twitter:label1\" content=\"Availability\" \/>\n\t<meta name=\"twitter:data1\" content=\"On backorder\" \/>\n<script type=\"application\/ld+json\" class=\"yoast-schema-graph\">{\"@context\":\"https:\/\/schema.org\",\"@graph\":[{\"@type\":[\"WebPage\",\"ItemPage\"],\"@id\":\"https:\/\/svetslik.si\/hr\/vincent-van-gogh\/the-sower-i\/\",\"url\":\"https:\/\/svetslik.si\/hr\/vincent-van-gogh\/the-sower-i\/\",\"name\":\"Vincent van Gogh - The Sower I - SVETSLIK.SI - 100% ru\u010dno naslikano\",\"isPartOf\":{\"@id\":\"https:\/\/svetslik.si\/hr\/#website\"},\"primaryImageOfPage\":{\"@id\":\"https:\/\/svetslik.si\/hr\/vincent-van-gogh\/the-sower-i\/#primaryimage\"},\"image\":{\"@id\":\"https:\/\/svetslik.si\/hr\/vincent-van-gogh\/the-sower-i\/#primaryimage\"},\"thumbnailUrl\":\"https:\/\/svetslik.si\/wp-content\/uploads\/2021\/08\/image_The-Sower-I-Van-Gogh_680.jpg\",\"datePublished\":\"2021-09-03T12:22:56+00:00\",\"dateModified\":\"2026-03-22T13:13:52+00:00\",\"description\":\"Vincent van Gogh - The Sower I - 100% ru\u010dno naslikane reprodukcije slika na platnu. Uramljivanje slika, prodaja i izrada slika u dimenzijama po narud\u017ebi.\",\"breadcrumb\":{\"@id\":\"https:\/\/svetslik.si\/hr\/vincent-van-gogh\/the-sower-i\/#breadcrumb\"},\"inLanguage\":\"hr\",\"potentialAction\":[{\"@type\":\"ReadAction\",\"target\":[\"https:\/\/svetslik.si\/hr\/vincent-van-gogh\/the-sower-i\/\"]}]},{\"@type\":\"ImageObject\",\"inLanguage\":\"hr\",\"@id\":\"https:\/\/svetslik.si\/hr\/vincent-van-gogh\/the-sower-i\/#primaryimage\",\"url\":\"https:\/\/svetslik.si\/wp-content\/uploads\/2021\/08\/image_The-Sower-I-Van-Gogh_680.jpg\",\"contentUrl\":\"https:\/\/svetslik.si\/wp-content\/uploads\/2021\/08\/image_The-Sower-I-Van-Gogh_680.jpg\",\"width\":1800,\"height\":1428,\"caption\":\"Sija\u010d I - Van Gogh - Reprodukcije poznatih slikara, moderne zidne slike, umjetni\u010dke slike za zid\"},{\"@type\":\"BreadcrumbList\",\"@id\":\"https:\/\/svetslik.si\/hr\/vincent-van-gogh\/the-sower-i\/#breadcrumb\",\"itemListElement\":[{\"@type\":\"ListItem\",\"position\":1,\"name\":\"Umjetni\u010dke zidne slike na platnu\",\"item\":\"https:\/\/svetslik.si\/hr\/\"},{\"@type\":\"ListItem\",\"position\":2,\"name\":\"Prodaja slika\",\"item\":\"https:\/\/svetslik.si\/prodaja-slik\/\"},{\"@type\":\"ListItem\",\"position\":3,\"name\":\"Vincent van Gogh &#8211; The Sower I\"}]},{\"@type\":\"WebSite\",\"@id\":\"https:\/\/svetslik.si\/hr\/#website\",\"url\":\"https:\/\/svetslik.si\/hr\/\",\"name\":\"SVETSLIK.SI\",\"description\":\"100% ru\u010dno naslikane reprodukcije slika poznatih slikara in umjetni\u010dke zidne slike na platnu.\",\"publisher\":{\"@id\":\"https:\/\/svetslik.si\/hr\/#organization\"},\"potentialAction\":[{\"@type\":\"SearchAction\",\"target\":{\"@type\":\"EntryPoint\",\"urlTemplate\":\"https:\/\/svetslik.si\/hr\/?s={search_term_string}\"},\"query-input\":{\"@type\":\"PropertyValueSpecification\",\"valueRequired\":true,\"valueName\":\"search_term_string\"}}],\"inLanguage\":\"hr\"},{\"@type\":\"Organization\",\"@id\":\"https:\/\/svetslik.si\/hr\/#organization\",\"name\":\"SvetSlik.si\",\"url\":\"https:\/\/svetslik.si\/hr\/\",\"logo\":{\"@type\":\"ImageObject\",\"inLanguage\":\"hr\",\"@id\":\"https:\/\/svetslik.si\/hr\/#\/schema\/logo\/image\/\",\"url\":\"https:\/\/svetslik.si\/wp-content\/uploads\/2020\/12\/logo-512.png\",\"contentUrl\":\"https:\/\/svetslik.si\/wp-content\/uploads\/2020\/12\/logo-512.png\",\"width\":512,\"height\":512,\"caption\":\"SvetSlik.si\"},\"image\":{\"@id\":\"https:\/\/svetslik.si\/hr\/#\/schema\/logo\/image\/\"},\"sameAs\":[\"https:\/\/www.facebook.com\/svetslik.si\",\"https:\/\/x.com\/svetslik\",\"https:\/\/www.instagram.com\/svetslik.si\/\",\"https:\/\/www.linkedin.com\/company\/svetslik-si\"]}]}<\/script>\n<meta property=\"og:availability\" content=\"backorder\" \/>\n<meta property=\"product:availability\" content=\"available for order\" \/>\n<meta property=\"product:retailer_item_id\" content=\"409__\" \/>\n<meta property=\"product:condition\" content=\"new\" \/>\n<!-- \/ Yoast SEO Premium plugin. -->","yoast_head_json":{"title":"Vincent van Gogh - The Sower I - SVETSLIK.SI - 100% ru\u010dno naslikano","description":"Vincent van Gogh - The Sower I - 100% ru\u010dno naslikane reprodukcije slika na platnu. Uramljivanje slika, prodaja i izrada slika u dimenzijama po narud\u017ebi.","robots":{"index":"index","follow":"follow","max-snippet":"max-snippet:-1","max-image-preview":"max-image-preview:large","max-video-preview":"max-video-preview:-1"},"canonical":"https:\/\/svetslik.si\/hr\/vincent-van-gogh\/the-sower-i\/","og_locale":"hr_HR","og_type":"article","og_title":"Vincent van Gogh - The Sower I","og_description":"100% ro\u010dno naslikane slike na platnu, reprodukcije znanih slikarjev in umetni\u0161ke slike po naro\u010dilu.","og_url":"https:\/\/svetslik.si\/hr\/vincent-van-gogh\/the-sower-i\/","og_site_name":"SVETSLIK.SI","article_publisher":"https:\/\/www.facebook.com\/svetslik.si","article_modified_time":"2026-03-22T13:13:52+00:00","og_image":[{"width":1800,"height":1428,"url":"https:\/\/svetslik.si\/wp-content\/uploads\/2021\/08\/image_The-Sower-I-Van-Gogh_680.jpg","type":"image\/jpeg"}],"twitter_card":"summary_large_image","twitter_site":"@svetslik","twitter_misc":{"Availability":"On backorder"},"schema":{"@context":"https:\/\/schema.org","@graph":[{"@type":["WebPage","ItemPage"],"@id":"https:\/\/svetslik.si\/hr\/vincent-van-gogh\/the-sower-i\/","url":"https:\/\/svetslik.si\/hr\/vincent-van-gogh\/the-sower-i\/","name":"Vincent van Gogh - The Sower I - SVETSLIK.SI - 100% ru\u010dno naslikano","isPartOf":{"@id":"https:\/\/svetslik.si\/hr\/#website"},"primaryImageOfPage":{"@id":"https:\/\/svetslik.si\/hr\/vincent-van-gogh\/the-sower-i\/#primaryimage"},"image":{"@id":"https:\/\/svetslik.si\/hr\/vincent-van-gogh\/the-sower-i\/#primaryimage"},"thumbnailUrl":"https:\/\/svetslik.si\/wp-content\/uploads\/2021\/08\/image_The-Sower-I-Van-Gogh_680.jpg","datePublished":"2021-09-03T12:22:56+00:00","dateModified":"2026-03-22T13:13:52+00:00","description":"Vincent van Gogh - The Sower I - 100% ru\u010dno naslikane reprodukcije slika na platnu. Uramljivanje slika, prodaja i izrada slika u dimenzijama po narud\u017ebi.","breadcrumb":{"@id":"https:\/\/svetslik.si\/hr\/vincent-van-gogh\/the-sower-i\/#breadcrumb"},"inLanguage":"hr","potentialAction":[{"@type":"ReadAction","target":["https:\/\/svetslik.si\/hr\/vincent-van-gogh\/the-sower-i\/"]}]},{"@type":"ImageObject","inLanguage":"hr","@id":"https:\/\/svetslik.si\/hr\/vincent-van-gogh\/the-sower-i\/#primaryimage","url":"https:\/\/svetslik.si\/wp-content\/uploads\/2021\/08\/image_The-Sower-I-Van-Gogh_680.jpg","contentUrl":"https:\/\/svetslik.si\/wp-content\/uploads\/2021\/08\/image_The-Sower-I-Van-Gogh_680.jpg","width":1800,"height":1428,"caption":"Sija\u010d I - Van Gogh - Reprodukcije poznatih slikara, moderne zidne slike, umjetni\u010dke slike za zid"},{"@type":"BreadcrumbList","@id":"https:\/\/svetslik.si\/hr\/vincent-van-gogh\/the-sower-i\/#breadcrumb","itemListElement":[{"@type":"ListItem","position":1,"name":"Umjetni\u010dke zidne slike na platnu","item":"https:\/\/svetslik.si\/hr\/"},{"@type":"ListItem","position":2,"name":"Prodaja slika","item":"https:\/\/svetslik.si\/prodaja-slik\/"},{"@type":"ListItem","position":3,"name":"Vincent van Gogh &#8211; The Sower I"}]},{"@type":"WebSite","@id":"https:\/\/svetslik.si\/hr\/#website","url":"https:\/\/svetslik.si\/hr\/","name":"SVETSLIK.SI","description":"100% ru\u010dno naslikane reprodukcije slika poznatih slikara in umjetni\u010dke zidne slike na platnu.","publisher":{"@id":"https:\/\/svetslik.si\/hr\/#organization"},"potentialAction":[{"@type":"SearchAction","target":{"@type":"EntryPoint","urlTemplate":"https:\/\/svetslik.si\/hr\/?s={search_term_string}"},"query-input":{"@type":"PropertyValueSpecification","valueRequired":true,"valueName":"search_term_string"}}],"inLanguage":"hr"},{"@type":"Organization","@id":"https:\/\/svetslik.si\/hr\/#organization","name":"SvetSlik.si","url":"https:\/\/svetslik.si\/hr\/","logo":{"@type":"ImageObject","inLanguage":"hr","@id":"https:\/\/svetslik.si\/hr\/#\/schema\/logo\/image\/","url":"https:\/\/svetslik.si\/wp-content\/uploads\/2020\/12\/logo-512.png","contentUrl":"https:\/\/svetslik.si\/wp-content\/uploads\/2020\/12\/logo-512.png","width":512,"height":512,"caption":"SvetSlik.si"},"image":{"@id":"https:\/\/svetslik.si\/hr\/#\/schema\/logo\/image\/"},"sameAs":["https:\/\/www.facebook.com\/svetslik.si","https:\/\/x.com\/svetslik","https:\/\/www.instagram.com\/svetslik.si\/","https:\/\/www.linkedin.com\/company\/svetslik-si"]}]},"og_availability":"backorder","product_availability":"available for order","product_retailer_item_id":"409__","product_condition":"new"},"jetpack_sharing_enabled":true,"_links":{"self":[{"href":"https:\/\/svetslik.si\/hr\/wp-json\/wp\/v2\/product\/25789","targetHints":{"allow":["GET"]}}],"collection":[{"href":"https:\/\/svetslik.si\/hr\/wp-json\/wp\/v2\/product"}],"about":[{"href":"https:\/\/svetslik.si\/hr\/wp-json\/wp\/v2\/types\/product"}],"wp:featuredmedia":[{"embeddable":true,"href":"https:\/\/svetslik.si\/hr\/wp-json\/wp\/v2\/media\/20873"}],"wp:attachment":[{"href":"https:\/\/svetslik.si\/hr\/wp-json\/wp\/v2\/media?parent=25789"}],"wp:term":[{"taxonomy":"product_brand","embeddable":true,"href":"https:\/\/svetslik.si\/hr\/wp-json\/wp\/v2\/product_brand?post=25789"},{"taxonomy":"product_cat","embeddable":true,"href":"https:\/\/svetslik.si\/hr\/wp-json\/wp\/v2\/product_cat?post=25789"},{"taxonomy":"product_tag","embeddable":true,"href":"https:\/\/svetslik.si\/hr\/wp-json\/wp\/v2\/product_tag?post=25789"}],"curies":[{"name":"wp","href":"https:\/\/api.w.org\/{rel}","templated":true}]}}