{"id":25809,"date":"2021-09-02T18:07:41","date_gmt":"2021-09-02T16:07:41","guid":{"rendered":"https:\/\/svetslik.si\/Bez%20kategorije\/landscape-at-auvers-in-the-rain\/"},"modified":"2024-07-04T16:00:55","modified_gmt":"2024-07-04T14:00:55","slug":"landscape-at-auvers-in-the-rain","status":"publish","type":"product","link":"https:\/\/svetslik.si\/hr\/vincent-van-gogh\/landscape-at-auvers-in-the-rain\/","title":{"rendered":"Vincent van Gogh &#8211; Landscape at Auvers in the Rain"},"content":{"rendered":"<h1>Vincent Van Gogh &#8211; Pejza\u017e u Auversu na ki\u0161i<\/h1>\n<p>&nbsp;<\/p>\n<table style=\"width: 497px\" border=\"0\" width=\"497\" cellspacing=\"0\" cellpadding=\"0\">\n<tbody>\n<tr>\n<td style=\"width: 155px;height: 21px\" height=\"21\">Godina nastanka:<\/td>\n<td style=\"width: 343px\">1890<\/td>\n<\/tr>\n<tr>\n<td style=\"width: 155px;height: 21px\" height=\"21\">Izvorna veli\u010dina:<\/td>\n<td style=\"width: 343px\">100,2 cm x 50,3 cm<\/td>\n<\/tr>\n<tr>\n<td style=\"width: 155px;height: 21px\" height=\"21\">Stil bojanja:<\/td>\n<td style=\"width: 343px\">Postimpresionizam<\/td>\n<\/tr>\n<tr>\n<td style=\"width: 155px;height: 21px\" height=\"21\">Izvorna tehnika:<\/td>\n<td style=\"width: 343px\">Ulje na platnu<\/td>\n<\/tr>\n<tr>\n<td style=\"width: 155px;height: 21px\" height=\"21\">Lokacija:<\/td>\n<td style=\"width: 343px\">Nacionalni muzej Walesa, Cardiff, Ujedinjeno Kraljevstvo<\/td>\n<\/tr>\n<\/tbody>\n<colgroup>\n<col \/>\n<col \/> <\/colgroup>\n<\/table>\n<p>Na slici <em>Pejza\u017e u Auversu pod ki\u0161om<\/em>, Van Gogh je koristio \u0161irok raspon boja koje je nanosio na platno gustim potezima kista. Slikar je ki\u0161u naslikao u obliku plavih stupova koji se prote\u017eu cijelim krajolikom u Auversu. Na ovoj slici Van Gogh je koristio ulje i pastelne boje. Van Gogh je istaknuo i krovove ku\u0107a skrivenih u dolini u Auversu. Na slici se visoka stabla penju prema nebu.<\/p>\n<p>&#8220;Krajolik u Auversu pod ki\u0161om&#8221;, koji je 1890. naslikao nizozemski umjetnik Vincent van Gogh, prekrasna je i emotivna slika koja pokazuje umjetnikovu strast prema prirodi i ljudskom stanju. Slika prikazuje krajolik malog sela Auvers u Francuskoj na ki\u0161ni dan, s tamnim, \u0107udljivim nebom i malom cestom koja vijuga kroz selo. Slika je nadaleko poznata po svojim odva\u017enim potezima, emocionalnosti i sna\u017enoj simbolici.<\/p>\n<p>Ki\u0161ni krajolik u Auversu izvrstan je primjer Van Goghova postimpresionisti\u010dkog stila, koji su karakterizirali gusti i vidljivi potezi kista, svijetle boje i hrabri kontrasti. Odva\u017eni potezi kista i jarke boje stvaraju osje\u0107aj pokreta i energije na slici, dok tamno, \u0107udljivo nebo stvara osje\u0107aj melankolije i introspekcije. Mala cesta koja vijuga kroz selo stvara osje\u0107aj izoliranosti i samo\u0107e.<\/p>\n<p>Jedna od najupe\u010datljivijih zna\u010dajki slike &#8220;Pejza\u017e u Auversu na ki\u0161i&#8221; je kori\u0161tenje boje. Van Goghova upotreba hrabrih, kontrastnih boja stvara osje\u0107aj kretanja i energije u slici, a tamno, \u0107udljivo nebo prikazano je u nijansama sive, stvaraju\u0107i osje\u0107aj dubine i dimenzije. Potezi kista tako\u0111er su vrijedni pa\u017enje, s debelim, vidljivim potezima koji slici daju osje\u0107aj pokreta i energije.<\/p>\n<p>Bogata je i simbolika slike. Ki\u0161no vrijeme i tamno, \u0107udljivo nebo \u010desto se do\u017eivljavaju kao simboli melankolije i introspekcije. Mali put koji vijuga kroz selo mogao bi simbolizirati putovanje kroz \u017eivot, a malo selo moglo bi predstavljati ideju zajedni\u0161tva i zajedni\u0161tva. Za sliku se ka\u017ee da predstavlja Van Goghovo emocionalno stanje u to vrijeme. Vjeruje se da je slika nastala u vrijeme kada je Van Gogh bio vrlo nemiran i emocionalno poreme\u0107en, a slika je navodno odraz njegovih unutarnjih nemira.<\/p>\n<p>Slika &#8220;Pejza\u017e u Auversu pod ki\u0161om&#8221; smatra se jednim od najslikovitijih i najsna\u017enijih Van Goghovih djela. Nalazi se u Van Goghovom muzeju u Amsterdamu, Nizozemska. Rije\u010d je o va\u017enom postimpresionisti\u010dkom djelu kojem se jo\u0161 uvijek dive i prou\u010davaju kako ljubitelji umjetnosti tako i stru\u010dnjaci. Sna\u017ena slikovitost, emocionalnost i bogata simbolika \u010dine ovu sliku neophodnom za svakog ljubitelja umjetnosti ili svakoga tko je zainteresiran za rad Vincenta van Gogha.<\/p>\n<p>Slika je va\u017ena i zbog svog povijesnog konteksta. Van Gogh ga je stvorio malo prije svoje smrti 1890. i smatra se jednim od njegovih posljednjih djela. Re\u010deno je da je to odraz njegovog emocionalnog stanja u to vrijeme i pote\u0161ko\u0107a s kojima se suo\u010davao u posljednjim mjesecima \u017eivota.<\/p>\n<p>Pejza\u017e u Auversu na ki\u0161i je prekrasna i emotivna slika koja pokazuje odva\u017ene poteze kistom, emocionalnost i sna\u017enu simboliku koji obilje\u017eavaju postimpresionisti\u010dki stil Vincenta van Gogha. Kori\u0161tenje boje i poteza kistom na slici stvara osje\u0107aj pokreta i energije, dok tamno, \u0107udljivo nebo i mala cesta simboliziraju melankoliju i introspekciju. Slika se smatra jednim od najslikovitijih i najsna\u017enijih Van Goghovih djela. Nalazi se u Van Goghovom muzeju u Amsterdamu, Nizozemska. Jo\u0161 uvijek mu se dive i prou\u010davaju ga ljubitelji umjetnosti i stru\u010dnjaci. Sna\u017ena slikovitost, emocionalnost i bogata simbolika \u010dine ovu sliku neophodnom za svakog ljubitelja umjetnosti ili svakoga tko je zainteresiran za rad Vincenta van Gogha.<\/p>\n","protected":false},"excerpt":{"rendered":"<p>Vincent Van Gogh &#8211; Pejza\u017e u Auversu na ki\u0161i &nbsp; Godina nastanka: 1890 Izvorna veli\u010dina: 100,2 cm x 50,3 cm Stil bojanja: Postimpresionizam Izvorna tehnika: Ulje na platnu Lokacija: Nacionalni muzej Walesa, Cardiff, Ujedinjeno Kraljevstvo Na slici Pejza\u017e u Auversu pod ki\u0161om, Van Gogh je koristio \u0161irok raspon boja koje [&hellip;]<\/p>\n","protected":false},"featured_media":20380,"template":"","meta":{"_acf_changed":false},"product_brand":[],"product_cat":[3381],"product_tag":[4069,4070,4071,4073],"class_list":{"0":"post-25809","1":"product","2":"type-product","3":"status-publish","4":"has-post-thumbnail","6":"product_cat-vincent-van-gogh","7":"product_tag-reprodukcija-hr","8":"product_tag-reprodukcije-hr","9":"product_tag-slikar-hr","10":"product_tag-van-gogh-hr","11":"pa_dimenzija-100-x-50-cm-hr","12":"pa_dimenzija-120-x-60-cm-hr","13":"pa_dimenzija-150-x-75-cm-hr","14":"pa_dimenzija-180-x-90-cm-hr","15":"pa_dimenzija-60-x-30-cm-hr","16":"pa_dimenzija-70-x-35-cm-hr","17":"pa_dimenzija-80-x-40-cm-hr","18":"pa_dimenzija-90-x-45-cm-hr","19":"pa_oblika-horizontalno","20":"pa_okvir-bez-okvira","21":"pa_podokvir-bez-podokvira","22":"pa_podokvir-sa-podokvirom","24":"first","25":"onbackorder","26":"purchasable","27":"product-type-variable","28":"has-default-attributes"},"acf":[],"yoast_head":"<!-- This site is optimized with the Yoast SEO Premium plugin v26.0 (Yoast SEO v27.2) - https:\/\/yoast.com\/product\/yoast-seo-premium-wordpress\/ -->\n<title>Vincent van Gogh - Landscape at Auvers in the Rain - SVETSLIK.SI - 100% ru\u010dno naslikano<\/title>\n<meta name=\"description\" content=\"Vincent van Gogh - Landscape at Auvers in the Rain - 100% ru\u010dno naslikane reprodukcije slika na platnu. Uramljivanje slika, prodaja i izrada slika u dimenzijama po narud\u017ebi.\" \/>\n<meta name=\"robots\" content=\"index, follow, max-snippet:-1, max-image-preview:large, max-video-preview:-1\" \/>\n<link rel=\"canonical\" href=\"https:\/\/svetslik.si\/hr\/vincent-van-gogh\/landscape-at-auvers-in-the-rain\/\" \/>\n<meta property=\"og:locale\" content=\"hr_HR\" \/>\n<meta property=\"og:type\" content=\"article\" \/>\n<meta property=\"og:title\" content=\"Vincent van Gogh - Landscape at Auvers in the Rain\" \/>\n<meta property=\"og:description\" content=\"100% ro\u010dno naslikane slike na platnu, reprodukcije znanih slikarjev in umetni\u0161ke slike po naro\u010dilu.\" \/>\n<meta property=\"og:url\" content=\"https:\/\/svetslik.si\/hr\/vincent-van-gogh\/landscape-at-auvers-in-the-rain\/\" \/>\n<meta property=\"og:site_name\" content=\"SVETSLIK.SI\" \/>\n<meta property=\"article:publisher\" content=\"https:\/\/www.facebook.com\/svetslik.si\" \/>\n<meta property=\"article:modified_time\" content=\"2024-07-04T14:00:55+00:00\" \/>\n<meta property=\"og:image\" content=\"https:\/\/svetslik.si\/wp-content\/uploads\/2021\/08\/image_Landscape-at-Auvers-in-the-Rain-van-Gogh_680.jpg\" \/>\n\t<meta property=\"og:image:width\" content=\"1920\" \/>\n\t<meta property=\"og:image:height\" content=\"1080\" \/>\n\t<meta property=\"og:image:type\" content=\"image\/jpeg\" \/>\n<meta name=\"twitter:card\" content=\"summary_large_image\" \/>\n<meta name=\"twitter:site\" content=\"@svetslik\" \/>\n<meta name=\"twitter:label1\" content=\"Availability\" \/>\n\t<meta name=\"twitter:data1\" content=\"On backorder\" \/>\n<script type=\"application\/ld+json\" class=\"yoast-schema-graph\">{\"@context\":\"https:\/\/schema.org\",\"@graph\":[{\"@type\":[\"WebPage\",\"ItemPage\"],\"@id\":\"https:\/\/svetslik.si\/hr\/vincent-van-gogh\/landscape-at-auvers-in-the-rain\/\",\"url\":\"https:\/\/svetslik.si\/hr\/vincent-van-gogh\/landscape-at-auvers-in-the-rain\/\",\"name\":\"Vincent van Gogh - Landscape at Auvers in the Rain - SVETSLIK.SI - 100% ru\u010dno naslikano\",\"isPartOf\":{\"@id\":\"https:\/\/svetslik.si\/hr\/#website\"},\"primaryImageOfPage\":{\"@id\":\"https:\/\/svetslik.si\/hr\/vincent-van-gogh\/landscape-at-auvers-in-the-rain\/#primaryimage\"},\"image\":{\"@id\":\"https:\/\/svetslik.si\/hr\/vincent-van-gogh\/landscape-at-auvers-in-the-rain\/#primaryimage\"},\"thumbnailUrl\":\"https:\/\/svetslik.si\/wp-content\/uploads\/2021\/08\/image_Landscape-at-Auvers-in-the-Rain-van-Gogh_680.jpg\",\"datePublished\":\"2021-09-02T16:07:41+00:00\",\"dateModified\":\"2024-07-04T14:00:55+00:00\",\"description\":\"Vincent van Gogh - Landscape at Auvers in the Rain - 100% ru\u010dno naslikane reprodukcije slika na platnu. Uramljivanje slika, prodaja i izrada slika u dimenzijama po narud\u017ebi.\",\"breadcrumb\":{\"@id\":\"https:\/\/svetslik.si\/hr\/vincent-van-gogh\/landscape-at-auvers-in-the-rain\/#breadcrumb\"},\"inLanguage\":\"hr\",\"potentialAction\":[{\"@type\":\"ReadAction\",\"target\":[\"https:\/\/svetslik.si\/hr\/vincent-van-gogh\/landscape-at-auvers-in-the-rain\/\"]}]},{\"@type\":\"ImageObject\",\"inLanguage\":\"hr\",\"@id\":\"https:\/\/svetslik.si\/hr\/vincent-van-gogh\/landscape-at-auvers-in-the-rain\/#primaryimage\",\"url\":\"https:\/\/svetslik.si\/wp-content\/uploads\/2021\/08\/image_Landscape-at-Auvers-in-the-Rain-van-Gogh_680.jpg\",\"contentUrl\":\"https:\/\/svetslik.si\/wp-content\/uploads\/2021\/08\/image_Landscape-at-Auvers-in-the-Rain-van-Gogh_680.jpg\",\"width\":1920,\"height\":1080,\"caption\":\"Slike na platnu - Fernando Botero - Krajolik - Ru\u010dno slikane slike, reprodukcije slika poznatih slikara, ulje na platnu, uljne slike, moderne slike za zid, umjetni\u010dke slike, ambijentalne, apstraktne, dekorativne slike za zid.\"},{\"@type\":\"BreadcrumbList\",\"@id\":\"https:\/\/svetslik.si\/hr\/vincent-van-gogh\/landscape-at-auvers-in-the-rain\/#breadcrumb\",\"itemListElement\":[{\"@type\":\"ListItem\",\"position\":1,\"name\":\"Umjetni\u010dke zidne slike na platnu\",\"item\":\"https:\/\/svetslik.si\/hr\/\"},{\"@type\":\"ListItem\",\"position\":2,\"name\":\"Prodaja slika\",\"item\":\"https:\/\/svetslik.si\/prodaja-slik\/\"},{\"@type\":\"ListItem\",\"position\":3,\"name\":\"Vincent van Gogh &#8211; Landscape at Auvers in the Rain\"}]},{\"@type\":\"WebSite\",\"@id\":\"https:\/\/svetslik.si\/hr\/#website\",\"url\":\"https:\/\/svetslik.si\/hr\/\",\"name\":\"SVETSLIK.SI\",\"description\":\"100% ru\u010dno naslikane reprodukcije slika poznatih slikara in umjetni\u010dke zidne slike na platnu.\",\"publisher\":{\"@id\":\"https:\/\/svetslik.si\/hr\/#organization\"},\"potentialAction\":[{\"@type\":\"SearchAction\",\"target\":{\"@type\":\"EntryPoint\",\"urlTemplate\":\"https:\/\/svetslik.si\/hr\/?s={search_term_string}\"},\"query-input\":{\"@type\":\"PropertyValueSpecification\",\"valueRequired\":true,\"valueName\":\"search_term_string\"}}],\"inLanguage\":\"hr\"},{\"@type\":\"Organization\",\"@id\":\"https:\/\/svetslik.si\/hr\/#organization\",\"name\":\"SvetSlik.si\",\"url\":\"https:\/\/svetslik.si\/hr\/\",\"logo\":{\"@type\":\"ImageObject\",\"inLanguage\":\"hr\",\"@id\":\"https:\/\/svetslik.si\/hr\/#\/schema\/logo\/image\/\",\"url\":\"https:\/\/svetslik.si\/wp-content\/uploads\/2020\/12\/logo-512.png\",\"contentUrl\":\"https:\/\/svetslik.si\/wp-content\/uploads\/2020\/12\/logo-512.png\",\"width\":512,\"height\":512,\"caption\":\"SvetSlik.si\"},\"image\":{\"@id\":\"https:\/\/svetslik.si\/hr\/#\/schema\/logo\/image\/\"},\"sameAs\":[\"https:\/\/www.facebook.com\/svetslik.si\",\"https:\/\/x.com\/svetslik\",\"https:\/\/www.instagram.com\/svetslik.si\/\",\"https:\/\/www.linkedin.com\/company\/svetslik-si\"]}]}<\/script>\n<meta property=\"og:availability\" content=\"backorder\" \/>\n<meta property=\"product:availability\" content=\"available for order\" \/>\n<meta property=\"product:retailer_item_id\" content=\"420__\" \/>\n<meta property=\"product:condition\" content=\"new\" \/>\n<!-- \/ Yoast SEO Premium plugin. -->","yoast_head_json":{"title":"Vincent van Gogh - Landscape at Auvers in the Rain - SVETSLIK.SI - 100% ru\u010dno naslikano","description":"Vincent van Gogh - Landscape at Auvers in the Rain - 100% ru\u010dno naslikane reprodukcije slika na platnu. Uramljivanje slika, prodaja i izrada slika u dimenzijama po narud\u017ebi.","robots":{"index":"index","follow":"follow","max-snippet":"max-snippet:-1","max-image-preview":"max-image-preview:large","max-video-preview":"max-video-preview:-1"},"canonical":"https:\/\/svetslik.si\/hr\/vincent-van-gogh\/landscape-at-auvers-in-the-rain\/","og_locale":"hr_HR","og_type":"article","og_title":"Vincent van Gogh - Landscape at Auvers in the Rain","og_description":"100% ro\u010dno naslikane slike na platnu, reprodukcije znanih slikarjev in umetni\u0161ke slike po naro\u010dilu.","og_url":"https:\/\/svetslik.si\/hr\/vincent-van-gogh\/landscape-at-auvers-in-the-rain\/","og_site_name":"SVETSLIK.SI","article_publisher":"https:\/\/www.facebook.com\/svetslik.si","article_modified_time":"2024-07-04T14:00:55+00:00","og_image":[{"width":1920,"height":1080,"url":"https:\/\/svetslik.si\/wp-content\/uploads\/2021\/08\/image_Landscape-at-Auvers-in-the-Rain-van-Gogh_680.jpg","type":"image\/jpeg"}],"twitter_card":"summary_large_image","twitter_site":"@svetslik","twitter_misc":{"Availability":"On backorder"},"schema":{"@context":"https:\/\/schema.org","@graph":[{"@type":["WebPage","ItemPage"],"@id":"https:\/\/svetslik.si\/hr\/vincent-van-gogh\/landscape-at-auvers-in-the-rain\/","url":"https:\/\/svetslik.si\/hr\/vincent-van-gogh\/landscape-at-auvers-in-the-rain\/","name":"Vincent van Gogh - Landscape at Auvers in the Rain - SVETSLIK.SI - 100% ru\u010dno naslikano","isPartOf":{"@id":"https:\/\/svetslik.si\/hr\/#website"},"primaryImageOfPage":{"@id":"https:\/\/svetslik.si\/hr\/vincent-van-gogh\/landscape-at-auvers-in-the-rain\/#primaryimage"},"image":{"@id":"https:\/\/svetslik.si\/hr\/vincent-van-gogh\/landscape-at-auvers-in-the-rain\/#primaryimage"},"thumbnailUrl":"https:\/\/svetslik.si\/wp-content\/uploads\/2021\/08\/image_Landscape-at-Auvers-in-the-Rain-van-Gogh_680.jpg","datePublished":"2021-09-02T16:07:41+00:00","dateModified":"2024-07-04T14:00:55+00:00","description":"Vincent van Gogh - Landscape at Auvers in the Rain - 100% ru\u010dno naslikane reprodukcije slika na platnu. Uramljivanje slika, prodaja i izrada slika u dimenzijama po narud\u017ebi.","breadcrumb":{"@id":"https:\/\/svetslik.si\/hr\/vincent-van-gogh\/landscape-at-auvers-in-the-rain\/#breadcrumb"},"inLanguage":"hr","potentialAction":[{"@type":"ReadAction","target":["https:\/\/svetslik.si\/hr\/vincent-van-gogh\/landscape-at-auvers-in-the-rain\/"]}]},{"@type":"ImageObject","inLanguage":"hr","@id":"https:\/\/svetslik.si\/hr\/vincent-van-gogh\/landscape-at-auvers-in-the-rain\/#primaryimage","url":"https:\/\/svetslik.si\/wp-content\/uploads\/2021\/08\/image_Landscape-at-Auvers-in-the-Rain-van-Gogh_680.jpg","contentUrl":"https:\/\/svetslik.si\/wp-content\/uploads\/2021\/08\/image_Landscape-at-Auvers-in-the-Rain-van-Gogh_680.jpg","width":1920,"height":1080,"caption":"Slike na platnu - Fernando Botero - Krajolik - Ru\u010dno slikane slike, reprodukcije slika poznatih slikara, ulje na platnu, uljne slike, moderne slike za zid, umjetni\u010dke slike, ambijentalne, apstraktne, dekorativne slike za zid."},{"@type":"BreadcrumbList","@id":"https:\/\/svetslik.si\/hr\/vincent-van-gogh\/landscape-at-auvers-in-the-rain\/#breadcrumb","itemListElement":[{"@type":"ListItem","position":1,"name":"Umjetni\u010dke zidne slike na platnu","item":"https:\/\/svetslik.si\/hr\/"},{"@type":"ListItem","position":2,"name":"Prodaja slika","item":"https:\/\/svetslik.si\/prodaja-slik\/"},{"@type":"ListItem","position":3,"name":"Vincent van Gogh &#8211; Landscape at Auvers in the Rain"}]},{"@type":"WebSite","@id":"https:\/\/svetslik.si\/hr\/#website","url":"https:\/\/svetslik.si\/hr\/","name":"SVETSLIK.SI","description":"100% ru\u010dno naslikane reprodukcije slika poznatih slikara in umjetni\u010dke zidne slike na platnu.","publisher":{"@id":"https:\/\/svetslik.si\/hr\/#organization"},"potentialAction":[{"@type":"SearchAction","target":{"@type":"EntryPoint","urlTemplate":"https:\/\/svetslik.si\/hr\/?s={search_term_string}"},"query-input":{"@type":"PropertyValueSpecification","valueRequired":true,"valueName":"search_term_string"}}],"inLanguage":"hr"},{"@type":"Organization","@id":"https:\/\/svetslik.si\/hr\/#organization","name":"SvetSlik.si","url":"https:\/\/svetslik.si\/hr\/","logo":{"@type":"ImageObject","inLanguage":"hr","@id":"https:\/\/svetslik.si\/hr\/#\/schema\/logo\/image\/","url":"https:\/\/svetslik.si\/wp-content\/uploads\/2020\/12\/logo-512.png","contentUrl":"https:\/\/svetslik.si\/wp-content\/uploads\/2020\/12\/logo-512.png","width":512,"height":512,"caption":"SvetSlik.si"},"image":{"@id":"https:\/\/svetslik.si\/hr\/#\/schema\/logo\/image\/"},"sameAs":["https:\/\/www.facebook.com\/svetslik.si","https:\/\/x.com\/svetslik","https:\/\/www.instagram.com\/svetslik.si\/","https:\/\/www.linkedin.com\/company\/svetslik-si"]}]},"og_availability":"backorder","product_availability":"available for order","product_retailer_item_id":"420__","product_condition":"new"},"jetpack_sharing_enabled":true,"_links":{"self":[{"href":"https:\/\/svetslik.si\/hr\/wp-json\/wp\/v2\/product\/25809","targetHints":{"allow":["GET"]}}],"collection":[{"href":"https:\/\/svetslik.si\/hr\/wp-json\/wp\/v2\/product"}],"about":[{"href":"https:\/\/svetslik.si\/hr\/wp-json\/wp\/v2\/types\/product"}],"wp:featuredmedia":[{"embeddable":true,"href":"https:\/\/svetslik.si\/hr\/wp-json\/wp\/v2\/media\/20380"}],"wp:attachment":[{"href":"https:\/\/svetslik.si\/hr\/wp-json\/wp\/v2\/media?parent=25809"}],"wp:term":[{"taxonomy":"product_brand","embeddable":true,"href":"https:\/\/svetslik.si\/hr\/wp-json\/wp\/v2\/product_brand?post=25809"},{"taxonomy":"product_cat","embeddable":true,"href":"https:\/\/svetslik.si\/hr\/wp-json\/wp\/v2\/product_cat?post=25809"},{"taxonomy":"product_tag","embeddable":true,"href":"https:\/\/svetslik.si\/hr\/wp-json\/wp\/v2\/product_tag?post=25809"}],"curies":[{"name":"wp","href":"https:\/\/api.w.org\/{rel}","templated":true}]}}