{"id":25836,"date":"2021-09-02T18:07:25","date_gmt":"2021-09-02T16:07:25","guid":{"rendered":"https:\/\/svetslik.si\/Bez%20kategorije\/hospital-at-saint-remy\/"},"modified":"2024-07-04T16:01:05","modified_gmt":"2024-07-04T14:01:05","slug":"hospital-at-saint-remy","status":"publish","type":"product","link":"https:\/\/svetslik.si\/hr\/vincent-van-gogh\/hospital-at-saint-remy\/","title":{"rendered":"Vincent van Gogh &#8211; Hospital at Saint-R\u00e9my"},"content":{"rendered":"<h1>Vincent Van Gogh &#8211; Bolnica u Saint-R\u00e9myju<\/h1>\n<table id=\"imageinfo\" border=\"0\" width=\"96%\" cellspacing=\"0\" cellpadding=\"2\">\n<tbody>\n<tr>\n<td width=\"120\">Godina stvaranja:<\/td>\n<td>1889<\/td>\n<\/tr>\n<tr>\n<td>Izvorna veli\u010dina:<\/td>\n<td>73,3 x 90,2 cm<\/td>\n<\/tr>\n<tr>\n<td>Stil slikanja:<\/td>\n<td>Postimpresionizam<\/td>\n<\/tr>\n<tr>\n<td>Izvorna tehnika:<\/td>\n<td>Ulje na platnu<\/td>\n<\/tr>\n<tr>\n<td>Lokacija:<\/td>\n<td>Zbirka Armand\u00a0Hammer, SAD<\/td>\n<\/tr>\n<\/tbody>\n<\/table>\n<p>Kad je Van Gogh do\u017eivio \u017eiv\u010dani slom, dobrovoljno se prijavio u psihijatrijsku bolnicu u Saint Remyju. Van Goghov \u017eiv\u010dani slom uglavnom se pripisuje prekomjernoj konzumaciji alkohola i duhana, kojih se nije odrekao sve do smrti. U bolnici je imao svoju sobu i atelje. Slikar je vjerojatno bolovao od mani\u010dne depresije i epilepsije. Slika <em>Bolnica u Saint-R\u00e9myju<\/em> prikazuje tipi\u010dnu seosku ku\u0107u u Provansi s ulazom s kolonadom i balkonom te zelenim kapcima.<\/p>\n<p>Slika &#8220;Bolnica u Saint-R\u00e9myju&#8221; nizozemskog umjetnika Vincenta van Gogha iz 1889. mo\u0107na je i zadivljuju\u0107a slika koja pokazuje umjetnikovu strast prema prirodi i ljudskom stanju. Slika prikazuje bolnicu Saint-Paul-de-Mausole, gdje je i sam Van Gogh bio pacijent, usred bujnog krajolika s drve\u0107em i poljima. Slika je nadaleko poznata po svojim odva\u017enim potezima, emocionalnosti i sna\u017enoj simbolici.<\/p>\n<p>Bolnica Saint-R\u00e9my izvrstan je primjer Van Goghova postimpresionisti\u010dkog stila koji karakteriziraju gusti i vidljivi potezi kista, svijetle boje i hrabri kontrasti. Odva\u017eni potezi kistom i jarke boje stvaraju osje\u0107aj pokreta i energije na slici, dok bujni krajolik stvara osje\u0107aj mira i spokoja. Bolnica, prikazana u nijansama plave i bijele, izdvaja se iz krajolika, stvaraju\u0107i osje\u0107aj kontrasta i izoliranosti.<\/p>\n<p>Jedna od najupe\u010datljivijih zna\u010dajki slike Bolnica Saint-R\u00e9my je kori\u0161tenje boja. Van Goghova upotreba hrabrih, kontrastnih boja stvara osje\u0107aj pokreta i energije u slici, dok plava i bijela bolni\u010dka zgrada stvaraju osje\u0107aj dubine i dimenzije. Bujni zeleni krajolik je prikazan u nijansama zelene, stvaraju\u0107i osje\u0107aj prizemljenosti i stabilnosti. Isti\u010du se i potezi kistom gustim, vidljivim potezima koji slici daju osje\u0107aj pokreta i energije.<\/p>\n<p>Bogata je i simbolika slike. Bolnica u kojoj je Van Gogh bio pacijent \u010desto se smatra simbolom zato\u010deni\u0161tva i gubitka slobode. S druge strane, bujni krajolik mogao bi simbolizirati ideju nade i mogu\u0107nost ozdravljenja. Za sliku se ka\u017ee da predstavlja Van Goghovo emocionalno stanje u to vrijeme. Nastala dok je Van Gogh bio u azilu Saint-Paul-de-Mausole, vjeruje se da slika odra\u017eava umjetnikove osje\u0107aje zatvorenosti i \u017eudnje za slobodom.<\/p>\n<p>&#8220;Bolnica Saint-R\u00e9my&#8221; smatra se jednim od najslikovitijih i najsna\u017enijih Van Goghovih djela. Slika se nalazi u Van Goghovom muzeju u Amsterdamu, Nizozemska. To je va\u017eno djelo postimpresionizma kojem se jo\u0161 uvijek dive i prou\u010davaju i amateri i stru\u010dnjaci. Sna\u017ena slikovitost, emocionalnost i bogata simbolika \u010dine ovu sliku neophodnom za svakog ljubitelja umjetnosti ili svakoga tko je zainteresiran za rad Vincenta van Gogha.<\/p>\n<p>Mo\u017eemo zaklju\u010diti da je &#8220;Bolnica u Saint-R\u00e9myju&#8221; mo\u0107na i iznena\u0111uju\u0107a slika koja pokazuje odva\u017ene poteze kistom, emotivnost i sna\u017enu simboliku karakteristi\u010dnu za postimpresionisti\u010dki stil Vincenta van Gogha. Kori\u0161tenje boja i poteza kistom na slici stvara osje\u0107aj pokreta i energije, dok bolnica i bujni krajolik simboliziraju zatvaranje, odnosno nadu. Slika se smatra jednim od najslikovitijih i najsna\u017enijih Van Goghovih djela. Nalazi se u Van Goghovom muzeju u Amsterdamu, Nizozemska. Jo\u0161 uvijek mu se dive i prou\u010davaju ga i amateri i stru\u010dnjaci. Sna\u017ena slikovitost, emocionalnost i bogata simbolika \u010dine ovu sliku neophodnom za svakog ljubitelja umjetnosti ili svakoga tko je zainteresiran za rad Vincenta van Gogha. Slika ne samo da prikazuje Van Goghove umjetni\u010dke talente, ve\u0107 tako\u0111er pru\u017ea uvid u umjetnikove osobne borbe i emocionalno stanje tijekom njegova boravka u azilu. Slika je dirljiv podsjetnik na slo\u017eenost ljudskog uma i mo\u0107 umjetnosti da te slo\u017eenosti izrazi na vizualno zapanjuju\u0107i i dirljiv na\u010din. Ova je slika vrijedan dodatak kanonu Van Goghovih djela i nastavlja biti izvorom inspiracije i razmi\u0161ljanja kako za ljubitelje umjetnosti tako i za povjesni\u010dare.<\/p>\n","protected":false},"excerpt":{"rendered":"<p>Vincent Van Gogh &#8211; Bolnica u Saint-R\u00e9myju Godina stvaranja: 1889 Izvorna veli\u010dina: 73,3 x 90,2 cm Stil slikanja: Postimpresionizam Izvorna tehnika: Ulje na platnu Lokacija: Zbirka Armand\u00a0Hammer, SAD Kad je Van Gogh do\u017eivio \u017eiv\u010dani slom, dobrovoljno se prijavio u psihijatrijsku bolnicu u Saint Remyju. Van Goghov \u017eiv\u010dani slom uglavnom se [&hellip;]<\/p>\n","protected":false},"featured_media":20322,"template":"","meta":{"_acf_changed":false},"product_brand":[],"product_cat":[3381],"product_tag":[4069,4070,4071,4073],"class_list":{"0":"post-25836","1":"product","2":"type-product","3":"status-publish","4":"has-post-thumbnail","6":"product_cat-vincent-van-gogh","7":"product_tag-reprodukcija-hr","8":"product_tag-reprodukcije-hr","9":"product_tag-slikar-hr","10":"product_tag-van-gogh-hr","11":"pa_dimenzija-100-x-120-cm","12":"pa_dimenzija-120-x-150-cm","13":"pa_dimenzija-40-x-50-cm","14":"pa_dimenzija-50-x-60-cm","15":"pa_dimenzija-60-x-75-cm","16":"pa_dimenzija-73-x-90-cm","17":"pa_dimenzija-80-x-100-cm","18":"pa_dimenzija-90-x-110-cm","19":"pa_oblika-okomito","20":"pa_okvir-bez-okvira","21":"pa_podokvir-bez-podokvira","22":"pa_podokvir-sa-podokvirom","24":"first","25":"onbackorder","26":"purchasable","27":"product-type-variable","28":"has-default-attributes"},"acf":[],"yoast_head":"<!-- This site is optimized with the Yoast SEO Premium plugin v26.0 (Yoast SEO v27.2) - https:\/\/yoast.com\/product\/yoast-seo-premium-wordpress\/ -->\n<title>Vincent van Gogh - Hospital at Saint-R\u00e9my - SVETSLIK.SI - 100% ru\u010dno naslikano<\/title>\n<meta name=\"description\" content=\"Vincent van Gogh - Hospital at Saint-R\u00e9my - 100% ru\u010dno naslikane reprodukcije slika na platnu. Okvirivanje slika, prodaja i izrada slika u dimenzijama po narud\u017ebi.\" \/>\n<meta name=\"robots\" content=\"index, follow, max-snippet:-1, max-image-preview:large, max-video-preview:-1\" \/>\n<link rel=\"canonical\" href=\"https:\/\/svetslik.si\/hr\/vincent-van-gogh\/hospital-at-saint-remy\/\" \/>\n<meta property=\"og:locale\" content=\"hr_HR\" \/>\n<meta property=\"og:type\" content=\"article\" \/>\n<meta property=\"og:title\" content=\"Vincent van Gogh - Hospital at Saint-R\u00e9my\" \/>\n<meta property=\"og:description\" content=\"100% ro\u010dno naslikane slike na platnu, reprodukcije znanih slikarjev in umetni\u0161ke slike po naro\u010dilu.\" \/>\n<meta property=\"og:url\" content=\"https:\/\/svetslik.si\/hr\/vincent-van-gogh\/hospital-at-saint-remy\/\" \/>\n<meta property=\"og:site_name\" content=\"SVETSLIK.SI\" \/>\n<meta property=\"article:publisher\" content=\"https:\/\/www.facebook.com\/svetslik.si\" \/>\n<meta property=\"article:modified_time\" content=\"2024-07-04T14:01:05+00:00\" \/>\n<meta property=\"og:image\" content=\"https:\/\/svetslik.si\/wp-content\/uploads\/2021\/08\/image_Hospital-at-Saint-Remy-van-Gogh_680-scaled.jpg\" \/>\n\t<meta property=\"og:image:width\" content=\"2055\" \/>\n\t<meta property=\"og:image:height\" content=\"2560\" \/>\n\t<meta property=\"og:image:type\" content=\"image\/jpeg\" \/>\n<meta name=\"twitter:card\" content=\"summary_large_image\" \/>\n<meta name=\"twitter:site\" content=\"@svetslik\" \/>\n<meta name=\"twitter:label1\" content=\"Availability\" \/>\n\t<meta name=\"twitter:data1\" content=\"On backorder\" \/>\n<script type=\"application\/ld+json\" class=\"yoast-schema-graph\">{\"@context\":\"https:\/\/schema.org\",\"@graph\":[{\"@type\":[\"WebPage\",\"ItemPage\"],\"@id\":\"https:\/\/svetslik.si\/hr\/vincent-van-gogh\/hospital-at-saint-remy\/\",\"url\":\"https:\/\/svetslik.si\/hr\/vincent-van-gogh\/hospital-at-saint-remy\/\",\"name\":\"Vincent van Gogh - Hospital at Saint-R\u00e9my - SVETSLIK.SI - 100% ru\u010dno naslikano\",\"isPartOf\":{\"@id\":\"https:\/\/svetslik.si\/hr\/#website\"},\"primaryImageOfPage\":{\"@id\":\"https:\/\/svetslik.si\/hr\/vincent-van-gogh\/hospital-at-saint-remy\/#primaryimage\"},\"image\":{\"@id\":\"https:\/\/svetslik.si\/hr\/vincent-van-gogh\/hospital-at-saint-remy\/#primaryimage\"},\"thumbnailUrl\":\"https:\/\/svetslik.si\/wp-content\/uploads\/2021\/08\/image_Hospital-at-Saint-Remy-van-Gogh_680-scaled.jpg\",\"datePublished\":\"2021-09-02T16:07:25+00:00\",\"dateModified\":\"2024-07-04T14:01:05+00:00\",\"description\":\"Vincent van Gogh - Hospital at Saint-R\u00e9my - 100% ru\u010dno naslikane reprodukcije slika na platnu. Okvirivanje slika, prodaja i izrada slika u dimenzijama po narud\u017ebi.\",\"breadcrumb\":{\"@id\":\"https:\/\/svetslik.si\/hr\/vincent-van-gogh\/hospital-at-saint-remy\/#breadcrumb\"},\"inLanguage\":\"hr\",\"potentialAction\":[{\"@type\":\"ReadAction\",\"target\":[\"https:\/\/svetslik.si\/hr\/vincent-van-gogh\/hospital-at-saint-remy\/\"]}]},{\"@type\":\"ImageObject\",\"inLanguage\":\"hr\",\"@id\":\"https:\/\/svetslik.si\/hr\/vincent-van-gogh\/hospital-at-saint-remy\/#primaryimage\",\"url\":\"https:\/\/svetslik.si\/wp-content\/uploads\/2021\/08\/image_Hospital-at-Saint-Remy-van-Gogh_680-scaled.jpg\",\"contentUrl\":\"https:\/\/svetslik.si\/wp-content\/uploads\/2021\/08\/image_Hospital-at-Saint-Remy-van-Gogh_680-scaled.jpg\",\"width\":2055,\"height\":2560,\"caption\":\"Zidne slike na platnu - Vincent Van Gogh - Bolnica u Saint-R\u00e9myju - Ru\u010dno slikane slike, reprodukcije slika poznatih slikara, ulje na platnu, uljne slike, moderne zidne slike, umjetni\u010dke slike za na zid, ambijentalne, apstraktne, dekorativne zidne slike\"},{\"@type\":\"BreadcrumbList\",\"@id\":\"https:\/\/svetslik.si\/hr\/vincent-van-gogh\/hospital-at-saint-remy\/#breadcrumb\",\"itemListElement\":[{\"@type\":\"ListItem\",\"position\":1,\"name\":\"Umjetni\u010dke zidne slike na platnu\",\"item\":\"https:\/\/svetslik.si\/hr\/\"},{\"@type\":\"ListItem\",\"position\":2,\"name\":\"Prodaja slika\",\"item\":\"https:\/\/svetslik.si\/prodaja-slik\/\"},{\"@type\":\"ListItem\",\"position\":3,\"name\":\"Vincent van Gogh &#8211; Hospital at Saint-R\u00e9my\"}]},{\"@type\":\"WebSite\",\"@id\":\"https:\/\/svetslik.si\/hr\/#website\",\"url\":\"https:\/\/svetslik.si\/hr\/\",\"name\":\"SVETSLIK.SI\",\"description\":\"100% ru\u010dno naslikane reprodukcije slika poznatih slikara in umjetni\u010dke zidne slike na platnu.\",\"publisher\":{\"@id\":\"https:\/\/svetslik.si\/hr\/#organization\"},\"potentialAction\":[{\"@type\":\"SearchAction\",\"target\":{\"@type\":\"EntryPoint\",\"urlTemplate\":\"https:\/\/svetslik.si\/hr\/?s={search_term_string}\"},\"query-input\":{\"@type\":\"PropertyValueSpecification\",\"valueRequired\":true,\"valueName\":\"search_term_string\"}}],\"inLanguage\":\"hr\"},{\"@type\":\"Organization\",\"@id\":\"https:\/\/svetslik.si\/hr\/#organization\",\"name\":\"SvetSlik.si\",\"url\":\"https:\/\/svetslik.si\/hr\/\",\"logo\":{\"@type\":\"ImageObject\",\"inLanguage\":\"hr\",\"@id\":\"https:\/\/svetslik.si\/hr\/#\/schema\/logo\/image\/\",\"url\":\"https:\/\/svetslik.si\/wp-content\/uploads\/2020\/12\/logo-512.png\",\"contentUrl\":\"https:\/\/svetslik.si\/wp-content\/uploads\/2020\/12\/logo-512.png\",\"width\":512,\"height\":512,\"caption\":\"SvetSlik.si\"},\"image\":{\"@id\":\"https:\/\/svetslik.si\/hr\/#\/schema\/logo\/image\/\"},\"sameAs\":[\"https:\/\/www.facebook.com\/svetslik.si\",\"https:\/\/x.com\/svetslik\",\"https:\/\/www.instagram.com\/svetslik.si\/\",\"https:\/\/www.linkedin.com\/company\/svetslik-si\"]}]}<\/script>\n<meta property=\"og:availability\" content=\"backorder\" \/>\n<meta property=\"product:availability\" content=\"available for order\" \/>\n<meta property=\"product:retailer_item_id\" content=\"418__\" \/>\n<meta property=\"product:condition\" content=\"new\" \/>\n<!-- \/ Yoast SEO Premium plugin. -->","yoast_head_json":{"title":"Vincent van Gogh - Hospital at Saint-R\u00e9my - SVETSLIK.SI - 100% ru\u010dno naslikano","description":"Vincent van Gogh - Hospital at Saint-R\u00e9my - 100% ru\u010dno naslikane reprodukcije slika na platnu. Okvirivanje slika, prodaja i izrada slika u dimenzijama po narud\u017ebi.","robots":{"index":"index","follow":"follow","max-snippet":"max-snippet:-1","max-image-preview":"max-image-preview:large","max-video-preview":"max-video-preview:-1"},"canonical":"https:\/\/svetslik.si\/hr\/vincent-van-gogh\/hospital-at-saint-remy\/","og_locale":"hr_HR","og_type":"article","og_title":"Vincent van Gogh - Hospital at Saint-R\u00e9my","og_description":"100% ro\u010dno naslikane slike na platnu, reprodukcije znanih slikarjev in umetni\u0161ke slike po naro\u010dilu.","og_url":"https:\/\/svetslik.si\/hr\/vincent-van-gogh\/hospital-at-saint-remy\/","og_site_name":"SVETSLIK.SI","article_publisher":"https:\/\/www.facebook.com\/svetslik.si","article_modified_time":"2024-07-04T14:01:05+00:00","og_image":[{"width":2055,"height":2560,"url":"https:\/\/svetslik.si\/wp-content\/uploads\/2021\/08\/image_Hospital-at-Saint-Remy-van-Gogh_680-scaled.jpg","type":"image\/jpeg"}],"twitter_card":"summary_large_image","twitter_site":"@svetslik","twitter_misc":{"Availability":"On backorder"},"schema":{"@context":"https:\/\/schema.org","@graph":[{"@type":["WebPage","ItemPage"],"@id":"https:\/\/svetslik.si\/hr\/vincent-van-gogh\/hospital-at-saint-remy\/","url":"https:\/\/svetslik.si\/hr\/vincent-van-gogh\/hospital-at-saint-remy\/","name":"Vincent van Gogh - Hospital at Saint-R\u00e9my - SVETSLIK.SI - 100% ru\u010dno naslikano","isPartOf":{"@id":"https:\/\/svetslik.si\/hr\/#website"},"primaryImageOfPage":{"@id":"https:\/\/svetslik.si\/hr\/vincent-van-gogh\/hospital-at-saint-remy\/#primaryimage"},"image":{"@id":"https:\/\/svetslik.si\/hr\/vincent-van-gogh\/hospital-at-saint-remy\/#primaryimage"},"thumbnailUrl":"https:\/\/svetslik.si\/wp-content\/uploads\/2021\/08\/image_Hospital-at-Saint-Remy-van-Gogh_680-scaled.jpg","datePublished":"2021-09-02T16:07:25+00:00","dateModified":"2024-07-04T14:01:05+00:00","description":"Vincent van Gogh - Hospital at Saint-R\u00e9my - 100% ru\u010dno naslikane reprodukcije slika na platnu. Okvirivanje slika, prodaja i izrada slika u dimenzijama po narud\u017ebi.","breadcrumb":{"@id":"https:\/\/svetslik.si\/hr\/vincent-van-gogh\/hospital-at-saint-remy\/#breadcrumb"},"inLanguage":"hr","potentialAction":[{"@type":"ReadAction","target":["https:\/\/svetslik.si\/hr\/vincent-van-gogh\/hospital-at-saint-remy\/"]}]},{"@type":"ImageObject","inLanguage":"hr","@id":"https:\/\/svetslik.si\/hr\/vincent-van-gogh\/hospital-at-saint-remy\/#primaryimage","url":"https:\/\/svetslik.si\/wp-content\/uploads\/2021\/08\/image_Hospital-at-Saint-Remy-van-Gogh_680-scaled.jpg","contentUrl":"https:\/\/svetslik.si\/wp-content\/uploads\/2021\/08\/image_Hospital-at-Saint-Remy-van-Gogh_680-scaled.jpg","width":2055,"height":2560,"caption":"Zidne slike na platnu - Vincent Van Gogh - Bolnica u Saint-R\u00e9myju - Ru\u010dno slikane slike, reprodukcije slika poznatih slikara, ulje na platnu, uljne slike, moderne zidne slike, umjetni\u010dke slike za na zid, ambijentalne, apstraktne, dekorativne zidne slike"},{"@type":"BreadcrumbList","@id":"https:\/\/svetslik.si\/hr\/vincent-van-gogh\/hospital-at-saint-remy\/#breadcrumb","itemListElement":[{"@type":"ListItem","position":1,"name":"Umjetni\u010dke zidne slike na platnu","item":"https:\/\/svetslik.si\/hr\/"},{"@type":"ListItem","position":2,"name":"Prodaja slika","item":"https:\/\/svetslik.si\/prodaja-slik\/"},{"@type":"ListItem","position":3,"name":"Vincent van Gogh &#8211; Hospital at Saint-R\u00e9my"}]},{"@type":"WebSite","@id":"https:\/\/svetslik.si\/hr\/#website","url":"https:\/\/svetslik.si\/hr\/","name":"SVETSLIK.SI","description":"100% ru\u010dno naslikane reprodukcije slika poznatih slikara in umjetni\u010dke zidne slike na platnu.","publisher":{"@id":"https:\/\/svetslik.si\/hr\/#organization"},"potentialAction":[{"@type":"SearchAction","target":{"@type":"EntryPoint","urlTemplate":"https:\/\/svetslik.si\/hr\/?s={search_term_string}"},"query-input":{"@type":"PropertyValueSpecification","valueRequired":true,"valueName":"search_term_string"}}],"inLanguage":"hr"},{"@type":"Organization","@id":"https:\/\/svetslik.si\/hr\/#organization","name":"SvetSlik.si","url":"https:\/\/svetslik.si\/hr\/","logo":{"@type":"ImageObject","inLanguage":"hr","@id":"https:\/\/svetslik.si\/hr\/#\/schema\/logo\/image\/","url":"https:\/\/svetslik.si\/wp-content\/uploads\/2020\/12\/logo-512.png","contentUrl":"https:\/\/svetslik.si\/wp-content\/uploads\/2020\/12\/logo-512.png","width":512,"height":512,"caption":"SvetSlik.si"},"image":{"@id":"https:\/\/svetslik.si\/hr\/#\/schema\/logo\/image\/"},"sameAs":["https:\/\/www.facebook.com\/svetslik.si","https:\/\/x.com\/svetslik","https:\/\/www.instagram.com\/svetslik.si\/","https:\/\/www.linkedin.com\/company\/svetslik-si"]}]},"og_availability":"backorder","product_availability":"available for order","product_retailer_item_id":"418__","product_condition":"new"},"jetpack_sharing_enabled":true,"_links":{"self":[{"href":"https:\/\/svetslik.si\/hr\/wp-json\/wp\/v2\/product\/25836","targetHints":{"allow":["GET"]}}],"collection":[{"href":"https:\/\/svetslik.si\/hr\/wp-json\/wp\/v2\/product"}],"about":[{"href":"https:\/\/svetslik.si\/hr\/wp-json\/wp\/v2\/types\/product"}],"wp:featuredmedia":[{"embeddable":true,"href":"https:\/\/svetslik.si\/hr\/wp-json\/wp\/v2\/media\/20322"}],"wp:attachment":[{"href":"https:\/\/svetslik.si\/hr\/wp-json\/wp\/v2\/media?parent=25836"}],"wp:term":[{"taxonomy":"product_brand","embeddable":true,"href":"https:\/\/svetslik.si\/hr\/wp-json\/wp\/v2\/product_brand?post=25836"},{"taxonomy":"product_cat","embeddable":true,"href":"https:\/\/svetslik.si\/hr\/wp-json\/wp\/v2\/product_cat?post=25836"},{"taxonomy":"product_tag","embeddable":true,"href":"https:\/\/svetslik.si\/hr\/wp-json\/wp\/v2\/product_tag?post=25836"}],"curies":[{"name":"wp","href":"https:\/\/api.w.org\/{rel}","templated":true}]}}