{"id":25854,"date":"2021-09-02T18:07:09","date_gmt":"2021-09-02T16:07:09","guid":{"rendered":"https:\/\/svetslik.si\/Bez%20kategorije\/fishing-boats-on-the-beach-at-les-saintes-maries-de-la-mer\/"},"modified":"2024-07-04T16:01:05","modified_gmt":"2024-07-04T14:01:05","slug":"fishing-boats-on-the-beach-at-les-saintes-maries-de-la-mer","status":"publish","type":"product","link":"https:\/\/svetslik.si\/hr\/vincent-van-gogh\/fishing-boats-on-the-beach-at-les-saintes-maries-de-la-mer\/","title":{"rendered":"Vincent van Gogh &#8211; Fishing Boats on the Beach at Les Saintes-Maries-de-la-Mer"},"content":{"rendered":"<h1>Vincent Van Gogh &#8211; Ribarski brodovi na pla\u017ei u Les Saintes-Maries-de-la-Mer<\/h1>\n<p>&nbsp;<\/p>\n<table style=\"width: 497px\" border=\"0\" width=\"497\" cellspacing=\"0\" cellpadding=\"0\">\n<tbody>\n<tr>\n<td style=\"width: 155px;height: 21px\" height=\"21\">Godina stvaranja:<\/td>\n<td style=\"width: 343px\">1888<\/td>\n<\/tr>\n<tr>\n<td style=\"width: 155px;height: 21px\" height=\"21\">Izvorna veli\u010dina:<\/td>\n<td style=\"width: 343px\">81,5 cm x 65 cm<\/td>\n<\/tr>\n<tr>\n<td style=\"width: 155px;height: 21px\" height=\"21\">Stil bojanja:<\/td>\n<td style=\"width: 343px\">Postimpresionizam<\/td>\n<\/tr>\n<tr>\n<td style=\"width: 155px;height: 21px\" height=\"21\">Izvorna tehnika:<\/td>\n<td style=\"width: 343px\">Ulje na platnu<\/td>\n<\/tr>\n<tr>\n<td style=\"width: 155px;height: 21px\" height=\"21\">Lokacija:<\/td>\n<td style=\"width: 343px\">Muzej Van Gogh, Nizozemska<\/td>\n<\/tr>\n<\/tbody>\n<colgroup>\n<col \/>\n<col \/> <\/colgroup>\n<\/table>\n<p>Krajem svibnja 1888. Van Gogh je napustio Arles i na tjedan dana posjetio primorski gradi\u0107 Les Saintes-Maries-de-la-Mer. Bio je fasciniran bojama Sredozemnog mora i malim zelenim, crvenim i plavim brodovima koji su svojim oblicima i bojama izgledali poput cvije\u0107a.<\/p>\n<p>Slika &#8220;Ribarski brodovi na pla\u017ei u Les Saintes-Maries-de-la-Mer&#8221;, koju je 1888. godine naslikao nizozemski umjetnik Vincent van Gogh, \u0161armantna je i emotivna slika koja pokazuje umjetnikovu strast prema prirodi i moru. Slika prikazuje nekoliko ribarskih brodova dovezenih do obale pla\u017ee, iza kojih se uzdi\u017eu visoke tamne litice i \u017eivo plavo nebo iznad njih. Slika je nadaleko poznata po svojim odva\u017enim potezima, emocionalnosti i sna\u017enoj simbolici.<\/p>\n<p>Ribarski brodovi na pla\u017ei u Les Saintes-Maries-de-la-Mer izvrstan su primjer Van Goghova postimpresionisti\u010dkog stila, kojeg karakteriziraju gusti i vidljivi potezi kistom, svijetle boje i hrabri kontrasti. Odva\u017eni potezi kista i jarke boje na slici stvaraju osje\u0107aj pokreta i energije, dok plavo nebo stvara osje\u0107aj mira i spokoja. Ribarski brodovi i hridi stvaraju osje\u0107aj tajanstvenosti i intrige.<\/p>\n<p>Jedna od najupe\u010datljivijih zna\u010dajki slikovnice &#8220;Ribarski brodovi na pla\u017ei u Les Saintes-Maries-de-la-Mer&#8221; je kori\u0161tenje boja. Van Goghova upotreba hrabrih, kontrastnih boja stvara osje\u0107aj pokreta i energije u slici, a plavo nebo prikazano je u mno\u0161tvu plavih boja, stvaraju\u0107i osje\u0107aj dubine i dimenzije. \u010camci i litice prikazani su u nijansama plave i sive, stvaraju\u0107i osje\u0107aj prizemljenosti i stabilnosti. Potezi kista tako\u0111er su vrijedni pa\u017enje, s debelim, vidljivim potezima koji slici daju osje\u0107aj pokreta i energije.<\/p>\n<p>Bogata je i simbolika slike. \u010camci i litice simboliziraju ideju te\u0161kog rada i borbe protiv prirode. Tako\u0111er se smatra da slika prikazuje Van Goghovo emocionalno stanje u to vrijeme. Nastala dok je Van Gogh \u017eivio u Arlesu u Francuskoj, vjeruje se da slika odra\u017eava umjetnikove osje\u0107aje \u010de\u017enje i povezanosti s morem.<\/p>\n<p>&#8220;Ribarski brodovi na pla\u017ei u Les Saintes-Maries-de-la-Mer&#8221; smatraju se jednim od najslikovitijih i najsna\u017enijih Van Goghovih djela. Slika se nalazi u Van Goghovom muzeju u Amsterdamu, Nizozemska. Rije\u010d je o va\u017enom postimpresionisti\u010dkom djelu kojem se jo\u0161 uvijek dive i prou\u010davaju ga i amateri i stru\u010dnjaci. Sna\u017ena slikovitost, emocionalnost i bogata simbolika \u010dine ovu sliku neophodnom za svakog ljubitelja umjetnosti ili svakoga tko je zainteresiran za rad Vincenta van Gogha.<\/p>\n<p>Osim svoje umjetni\u010dke vrijednosti, slika &#8220;Ribarski brodovi na pla\u017ei u Les Saintes-Maries-de-la-Mer&#8221; ima i va\u017enu povijesnu vrijednost, jer je bila jedna od prvih Van Goghovih slika na kojima je prikazao more i \u017eivot ribara. Bio je jako inspiriran primorskim okoli\u0161em i marljivim stanovni\u0161tvom tog kraja, \u0161to se o\u010dituje u sna\u017enoj slikovitosti i emotivnosti slike.<\/p>\n<p>Osim toga, slika tako\u0111er odra\u017eava Van Goghovu \u017eelju da se pove\u017ee s lokalnom zajednicom i bude dio njihove svakodnevice. Bio je odlu\u010dan stvarati umjetnost koja odra\u017eava \u017eivot ribara i mora, a slika je dokaz njegova truda.<\/p>\n<p>Mo\u017eemo zaklju\u010diti da je slika &#8220;Ribarski brodovi na pla\u017ei u Les Saintes-Maries-de-la-Mer&#8221; \u0161armantna i emotivna slika koja pokazuje odva\u017ene poteze kistom, emotivnost i sna\u017enu simboliku karakteristi\u010dnu za postimpresionisti\u010dki stil Vincenta van Gogha. Kori\u0161tenje boja i poteza kistom na slici stvara osje\u0107aj pokreta i energije, dok ribarski \u010damci i hridi simboliziraju ideju te\u0161kog rada i borbe s prirodom. Slika se smatra jednim od najslikovitijih i najsna\u017enijih Van Goghovih djela. Nalazi se u Van Goghovom muzeju u Amsterdamu, Nizozemska. Jo\u0161 uvijek mu se dive i prou\u010davaju ga ljubitelji umjetnosti i stru\u010dnjaci. Sna\u017ena slikovitost, emocionalnost i bogata simbolika \u010dine ovu sliku neophodnom za svakog ljubitelja umjetnosti ili svakoga tko je zainteresiran za rad Vincenta van Gogha.<\/p>\n","protected":false},"excerpt":{"rendered":"<p>Vincent Van Gogh &#8211; Ribarski brodovi na pla\u017ei u Les Saintes-Maries-de-la-Mer &nbsp; Godina stvaranja: 1888 Izvorna veli\u010dina: 81,5 cm x 65 cm Stil bojanja: Postimpresionizam Izvorna tehnika: Ulje na platnu Lokacija: Muzej Van Gogh, Nizozemska Krajem svibnja 1888. Van Gogh je napustio Arles i na tjedan dana posjetio primorski gradi\u0107 [&hellip;]<\/p>\n","protected":false},"featured_media":20279,"template":"","meta":{"_acf_changed":false},"product_brand":[],"product_cat":[3381],"product_tag":[4069,4070,4071,4073],"class_list":{"0":"post-25854","1":"product","2":"type-product","3":"status-publish","4":"has-post-thumbnail","6":"product_cat-vincent-van-gogh","7":"product_tag-reprodukcija-hr","8":"product_tag-reprodukcije-hr","9":"product_tag-slikar-hr","10":"product_tag-van-gogh-hr","11":"pa_dimenzija-100-x-80-cm","12":"pa_dimenzija-120-x-100-cm","13":"pa_dimenzija-150-x-120-cm","14":"pa_dimenzija-50-x-40-cm","15":"pa_dimenzija-60-x-50-cm","16":"pa_dimenzija-70-x-60-cm","17":"pa_dimenzija-82-x-65-cm","18":"pa_dimenzija-90-x-70-cm","19":"pa_oblika-horizontalno","20":"pa_okvir-bez-okvira","21":"pa_podokvir-bez-podokvira","22":"pa_podokvir-sa-podokvirom","24":"first","25":"onbackorder","26":"purchasable","27":"product-type-variable","28":"has-default-attributes"},"acf":[],"yoast_head":"<!-- This site is optimized with the Yoast SEO Premium plugin v27.5 (Yoast SEO v27.6) - https:\/\/yoast.com\/product\/yoast-seo-premium-wordpress\/ -->\n<title>Vincent van Gogh - Fishing Boats on the Beach at Les Saintes-Maries-de-la-Mer - SVETSLIK.SI - 100% ru\u010dno naslikano<\/title>\n<meta name=\"description\" content=\"Vincent van Gogh - Fishing Boats on the Beach at Les Saintes-Maries-de-la-Mer - 100% ru\u010dno naslikane reprodukcije slika na platnu. Uokvirivanje slika, prodaja i izrada slika u dimenzijama po narud\u017ebi.\" \/>\n<meta name=\"robots\" content=\"index, follow, max-snippet:-1, max-image-preview:large, max-video-preview:-1\" \/>\n<link rel=\"canonical\" href=\"https:\/\/svetslik.si\/hr\/vincent-van-gogh\/fishing-boats-on-the-beach-at-les-saintes-maries-de-la-mer\/\" \/>\n<meta property=\"og:locale\" content=\"hr_HR\" \/>\n<meta property=\"og:type\" content=\"article\" \/>\n<meta property=\"og:title\" content=\"Vincent van Gogh - Fishing Boats on the Beach at Les Saintes-Maries-de-la-Mer\" \/>\n<meta property=\"og:description\" content=\"100% ro\u010dno naslikane slike na platnu, reprodukcije znanih slikarjev in umetni\u0161ke slike po naro\u010dilu.\" \/>\n<meta property=\"og:url\" content=\"https:\/\/svetslik.si\/hr\/vincent-van-gogh\/fishing-boats-on-the-beach-at-les-saintes-maries-de-la-mer\/\" \/>\n<meta property=\"og:site_name\" content=\"SVETSLIK.SI\" \/>\n<meta property=\"article:publisher\" content=\"https:\/\/www.facebook.com\/svetslik.si\" \/>\n<meta property=\"article:modified_time\" content=\"2024-07-04T14:01:05+00:00\" \/>\n<meta property=\"og:image\" content=\"https:\/\/svetslik.si\/wp-content\/uploads\/2021\/08\/image_Fishing-Boats-on-the-Beach-at-Les-Saintes-Maries-de-la-Mer-Van-Gogh_680.jpg\" \/>\n\t<meta property=\"og:image:width\" content=\"1280\" \/>\n\t<meta property=\"og:image:height\" content=\"1029\" \/>\n\t<meta property=\"og:image:type\" content=\"image\/jpeg\" \/>\n<meta name=\"twitter:card\" content=\"summary_large_image\" \/>\n<meta name=\"twitter:site\" content=\"@svetslik\" \/>\n<meta name=\"twitter:label1\" content=\"Availability\" \/>\n\t<meta name=\"twitter:data1\" content=\"On backorder\" \/>\n<script type=\"application\/ld+json\" class=\"yoast-schema-graph\">{\"@context\":\"https:\\\/\\\/schema.org\",\"@graph\":[{\"@type\":[\"WebPage\",\"ItemPage\"],\"@id\":\"https:\\\/\\\/svetslik.si\\\/hr\\\/vincent-van-gogh\\\/fishing-boats-on-the-beach-at-les-saintes-maries-de-la-mer\\\/\",\"url\":\"https:\\\/\\\/svetslik.si\\\/hr\\\/vincent-van-gogh\\\/fishing-boats-on-the-beach-at-les-saintes-maries-de-la-mer\\\/\",\"name\":\"Vincent van Gogh - Fishing Boats on the Beach at Les Saintes-Maries-de-la-Mer - SVETSLIK.SI - 100% ru\u010dno naslikano\",\"isPartOf\":{\"@id\":\"https:\\\/\\\/svetslik.si\\\/hr\\\/#website\"},\"primaryImageOfPage\":{\"@id\":\"https:\\\/\\\/svetslik.si\\\/hr\\\/vincent-van-gogh\\\/fishing-boats-on-the-beach-at-les-saintes-maries-de-la-mer\\\/#primaryimage\"},\"image\":{\"@id\":\"https:\\\/\\\/svetslik.si\\\/hr\\\/vincent-van-gogh\\\/fishing-boats-on-the-beach-at-les-saintes-maries-de-la-mer\\\/#primaryimage\"},\"thumbnailUrl\":\"https:\\\/\\\/svetslik.si\\\/wp-content\\\/uploads\\\/2021\\\/08\\\/image_Fishing-Boats-on-the-Beach-at-Les-Saintes-Maries-de-la-Mer-Van-Gogh_680.jpg\",\"datePublished\":\"2021-09-02T16:07:09+00:00\",\"dateModified\":\"2024-07-04T14:01:05+00:00\",\"description\":\"Vincent van Gogh - Fishing Boats on the Beach at Les Saintes-Maries-de-la-Mer - 100% ru\u010dno naslikane reprodukcije slika na platnu. Uokvirivanje slika, prodaja i izrada slika u dimenzijama po narud\u017ebi.\",\"breadcrumb\":{\"@id\":\"https:\\\/\\\/svetslik.si\\\/hr\\\/vincent-van-gogh\\\/fishing-boats-on-the-beach-at-les-saintes-maries-de-la-mer\\\/#breadcrumb\"},\"inLanguage\":\"hr\",\"potentialAction\":[{\"@type\":\"ReadAction\",\"target\":[\"https:\\\/\\\/svetslik.si\\\/hr\\\/vincent-van-gogh\\\/fishing-boats-on-the-beach-at-les-saintes-maries-de-la-mer\\\/\"]}]},{\"@type\":\"ImageObject\",\"inLanguage\":\"hr\",\"@id\":\"https:\\\/\\\/svetslik.si\\\/hr\\\/vincent-van-gogh\\\/fishing-boats-on-the-beach-at-les-saintes-maries-de-la-mer\\\/#primaryimage\",\"url\":\"https:\\\/\\\/svetslik.si\\\/wp-content\\\/uploads\\\/2021\\\/08\\\/image_Fishing-Boats-on-the-Beach-at-Les-Saintes-Maries-de-la-Mer-Van-Gogh_680.jpg\",\"contentUrl\":\"https:\\\/\\\/svetslik.si\\\/wp-content\\\/uploads\\\/2021\\\/08\\\/image_Fishing-Boats-on-the-Beach-at-Les-Saintes-Maries-de-la-Mer-Van-Gogh_680.jpg\",\"width\":1280,\"height\":1029,\"caption\":\"Reprodukcije slika - Vincent van Gogh - Ribarski brodovi na pla\u017ei u Les Saintes-Maries-de-la-Mer - Ru\u010dno slikane zidne slike, ulje na platnu, uljane slike, moderne zidne slike, umjetni\u010dke slike za zid, ambijentalne, apstraktne, dekorativne zidne slike\"},{\"@type\":\"BreadcrumbList\",\"@id\":\"https:\\\/\\\/svetslik.si\\\/hr\\\/vincent-van-gogh\\\/fishing-boats-on-the-beach-at-les-saintes-maries-de-la-mer\\\/#breadcrumb\",\"itemListElement\":[{\"@type\":\"ListItem\",\"position\":1,\"name\":\"Umjetni\u010dke zidne slike na platnu\",\"item\":\"https:\\\/\\\/svetslik.si\\\/hr\\\/\"},{\"@type\":\"ListItem\",\"position\":2,\"name\":\"Prodaja slika\",\"item\":\"https:\\\/\\\/svetslik.si\\\/prodaja-slik\\\/\"},{\"@type\":\"ListItem\",\"position\":3,\"name\":\"Vincent van Gogh &#8211; Fishing Boats on the Beach at Les Saintes-Maries-de-la-Mer\"}]},{\"@type\":\"WebSite\",\"@id\":\"https:\\\/\\\/svetslik.si\\\/hr\\\/#website\",\"url\":\"https:\\\/\\\/svetslik.si\\\/hr\\\/\",\"name\":\"SVETSLIK.SI\",\"description\":\"100% ru\u010dno naslikane reprodukcije slika poznatih slikara in umjetni\u010dke zidne slike na platnu.\",\"publisher\":{\"@id\":\"https:\\\/\\\/svetslik.si\\\/hr\\\/#organization\"},\"potentialAction\":[{\"@type\":\"SearchAction\",\"target\":{\"@type\":\"EntryPoint\",\"urlTemplate\":\"https:\\\/\\\/svetslik.si\\\/hr\\\/?s={search_term_string}\"},\"query-input\":{\"@type\":\"PropertyValueSpecification\",\"valueRequired\":true,\"valueName\":\"search_term_string\"}}],\"inLanguage\":\"hr\"},{\"@type\":\"Organization\",\"@id\":\"https:\\\/\\\/svetslik.si\\\/hr\\\/#organization\",\"name\":\"SvetSlik.si\",\"url\":\"https:\\\/\\\/svetslik.si\\\/hr\\\/\",\"logo\":{\"@type\":\"ImageObject\",\"inLanguage\":\"hr\",\"@id\":\"https:\\\/\\\/svetslik.si\\\/hr\\\/#\\\/schema\\\/logo\\\/image\\\/\",\"url\":\"https:\\\/\\\/svetslik.si\\\/wp-content\\\/uploads\\\/2020\\\/12\\\/logo-512.png\",\"contentUrl\":\"https:\\\/\\\/svetslik.si\\\/wp-content\\\/uploads\\\/2020\\\/12\\\/logo-512.png\",\"width\":512,\"height\":512,\"caption\":\"SvetSlik.si\"},\"image\":{\"@id\":\"https:\\\/\\\/svetslik.si\\\/hr\\\/#\\\/schema\\\/logo\\\/image\\\/\"},\"sameAs\":[\"https:\\\/\\\/www.facebook.com\\\/svetslik.si\",\"https:\\\/\\\/x.com\\\/svetslik\",\"https:\\\/\\\/www.instagram.com\\\/svetslik.si\\\/\",\"https:\\\/\\\/www.linkedin.com\\\/company\\\/svetslik-si\"]}]}<\/script>\n<meta property=\"og:availability\" content=\"backorder\" \/>\n<meta property=\"product:availability\" content=\"available for order\" \/>\n<meta property=\"product:retailer_item_id\" content=\"415__\" \/>\n<meta property=\"product:condition\" content=\"new\" \/>\n<!-- \/ Yoast SEO Premium plugin. -->","yoast_head_json":{"title":"Vincent van Gogh - Fishing Boats on the Beach at Les Saintes-Maries-de-la-Mer - SVETSLIK.SI - 100% ru\u010dno naslikano","description":"Vincent van Gogh - Fishing Boats on the Beach at Les Saintes-Maries-de-la-Mer - 100% ru\u010dno naslikane reprodukcije slika na platnu. Uokvirivanje slika, prodaja i izrada slika u dimenzijama po narud\u017ebi.","robots":{"index":"index","follow":"follow","max-snippet":"max-snippet:-1","max-image-preview":"max-image-preview:large","max-video-preview":"max-video-preview:-1"},"canonical":"https:\/\/svetslik.si\/hr\/vincent-van-gogh\/fishing-boats-on-the-beach-at-les-saintes-maries-de-la-mer\/","og_locale":"hr_HR","og_type":"article","og_title":"Vincent van Gogh - Fishing Boats on the Beach at Les Saintes-Maries-de-la-Mer","og_description":"100% ro\u010dno naslikane slike na platnu, reprodukcije znanih slikarjev in umetni\u0161ke slike po naro\u010dilu.","og_url":"https:\/\/svetslik.si\/hr\/vincent-van-gogh\/fishing-boats-on-the-beach-at-les-saintes-maries-de-la-mer\/","og_site_name":"SVETSLIK.SI","article_publisher":"https:\/\/www.facebook.com\/svetslik.si","article_modified_time":"2024-07-04T14:01:05+00:00","og_image":[{"width":1280,"height":1029,"url":"https:\/\/svetslik.si\/wp-content\/uploads\/2021\/08\/image_Fishing-Boats-on-the-Beach-at-Les-Saintes-Maries-de-la-Mer-Van-Gogh_680.jpg","type":"image\/jpeg"}],"twitter_card":"summary_large_image","twitter_site":"@svetslik","twitter_misc":{"Availability":"On backorder"},"schema":{"@context":"https:\/\/schema.org","@graph":[{"@type":["WebPage","ItemPage"],"@id":"https:\/\/svetslik.si\/hr\/vincent-van-gogh\/fishing-boats-on-the-beach-at-les-saintes-maries-de-la-mer\/","url":"https:\/\/svetslik.si\/hr\/vincent-van-gogh\/fishing-boats-on-the-beach-at-les-saintes-maries-de-la-mer\/","name":"Vincent van Gogh - Fishing Boats on the Beach at Les Saintes-Maries-de-la-Mer - SVETSLIK.SI - 100% ru\u010dno naslikano","isPartOf":{"@id":"https:\/\/svetslik.si\/hr\/#website"},"primaryImageOfPage":{"@id":"https:\/\/svetslik.si\/hr\/vincent-van-gogh\/fishing-boats-on-the-beach-at-les-saintes-maries-de-la-mer\/#primaryimage"},"image":{"@id":"https:\/\/svetslik.si\/hr\/vincent-van-gogh\/fishing-boats-on-the-beach-at-les-saintes-maries-de-la-mer\/#primaryimage"},"thumbnailUrl":"https:\/\/svetslik.si\/wp-content\/uploads\/2021\/08\/image_Fishing-Boats-on-the-Beach-at-Les-Saintes-Maries-de-la-Mer-Van-Gogh_680.jpg","datePublished":"2021-09-02T16:07:09+00:00","dateModified":"2024-07-04T14:01:05+00:00","description":"Vincent van Gogh - Fishing Boats on the Beach at Les Saintes-Maries-de-la-Mer - 100% ru\u010dno naslikane reprodukcije slika na platnu. Uokvirivanje slika, prodaja i izrada slika u dimenzijama po narud\u017ebi.","breadcrumb":{"@id":"https:\/\/svetslik.si\/hr\/vincent-van-gogh\/fishing-boats-on-the-beach-at-les-saintes-maries-de-la-mer\/#breadcrumb"},"inLanguage":"hr","potentialAction":[{"@type":"ReadAction","target":["https:\/\/svetslik.si\/hr\/vincent-van-gogh\/fishing-boats-on-the-beach-at-les-saintes-maries-de-la-mer\/"]}]},{"@type":"ImageObject","inLanguage":"hr","@id":"https:\/\/svetslik.si\/hr\/vincent-van-gogh\/fishing-boats-on-the-beach-at-les-saintes-maries-de-la-mer\/#primaryimage","url":"https:\/\/svetslik.si\/wp-content\/uploads\/2021\/08\/image_Fishing-Boats-on-the-Beach-at-Les-Saintes-Maries-de-la-Mer-Van-Gogh_680.jpg","contentUrl":"https:\/\/svetslik.si\/wp-content\/uploads\/2021\/08\/image_Fishing-Boats-on-the-Beach-at-Les-Saintes-Maries-de-la-Mer-Van-Gogh_680.jpg","width":1280,"height":1029,"caption":"Reprodukcije slika - Vincent van Gogh - Ribarski brodovi na pla\u017ei u Les Saintes-Maries-de-la-Mer - Ru\u010dno slikane zidne slike, ulje na platnu, uljane slike, moderne zidne slike, umjetni\u010dke slike za zid, ambijentalne, apstraktne, dekorativne zidne slike"},{"@type":"BreadcrumbList","@id":"https:\/\/svetslik.si\/hr\/vincent-van-gogh\/fishing-boats-on-the-beach-at-les-saintes-maries-de-la-mer\/#breadcrumb","itemListElement":[{"@type":"ListItem","position":1,"name":"Umjetni\u010dke zidne slike na platnu","item":"https:\/\/svetslik.si\/hr\/"},{"@type":"ListItem","position":2,"name":"Prodaja slika","item":"https:\/\/svetslik.si\/prodaja-slik\/"},{"@type":"ListItem","position":3,"name":"Vincent van Gogh &#8211; Fishing Boats on the Beach at Les Saintes-Maries-de-la-Mer"}]},{"@type":"WebSite","@id":"https:\/\/svetslik.si\/hr\/#website","url":"https:\/\/svetslik.si\/hr\/","name":"SVETSLIK.SI","description":"100% ru\u010dno naslikane reprodukcije slika poznatih slikara in umjetni\u010dke zidne slike na platnu.","publisher":{"@id":"https:\/\/svetslik.si\/hr\/#organization"},"potentialAction":[{"@type":"SearchAction","target":{"@type":"EntryPoint","urlTemplate":"https:\/\/svetslik.si\/hr\/?s={search_term_string}"},"query-input":{"@type":"PropertyValueSpecification","valueRequired":true,"valueName":"search_term_string"}}],"inLanguage":"hr"},{"@type":"Organization","@id":"https:\/\/svetslik.si\/hr\/#organization","name":"SvetSlik.si","url":"https:\/\/svetslik.si\/hr\/","logo":{"@type":"ImageObject","inLanguage":"hr","@id":"https:\/\/svetslik.si\/hr\/#\/schema\/logo\/image\/","url":"https:\/\/svetslik.si\/wp-content\/uploads\/2020\/12\/logo-512.png","contentUrl":"https:\/\/svetslik.si\/wp-content\/uploads\/2020\/12\/logo-512.png","width":512,"height":512,"caption":"SvetSlik.si"},"image":{"@id":"https:\/\/svetslik.si\/hr\/#\/schema\/logo\/image\/"},"sameAs":["https:\/\/www.facebook.com\/svetslik.si","https:\/\/x.com\/svetslik","https:\/\/www.instagram.com\/svetslik.si\/","https:\/\/www.linkedin.com\/company\/svetslik-si"]}]},"og_availability":"backorder","product_availability":"available for order","product_retailer_item_id":"415__","product_condition":"new"},"jetpack_sharing_enabled":true,"_links":{"self":[{"href":"https:\/\/svetslik.si\/hr\/wp-json\/wp\/v2\/product\/25854","targetHints":{"allow":["GET"]}}],"collection":[{"href":"https:\/\/svetslik.si\/hr\/wp-json\/wp\/v2\/product"}],"about":[{"href":"https:\/\/svetslik.si\/hr\/wp-json\/wp\/v2\/types\/product"}],"wp:featuredmedia":[{"embeddable":true,"href":"https:\/\/svetslik.si\/hr\/wp-json\/wp\/v2\/media\/20279"}],"wp:attachment":[{"href":"https:\/\/svetslik.si\/hr\/wp-json\/wp\/v2\/media?parent=25854"}],"wp:term":[{"taxonomy":"product_brand","embeddable":true,"href":"https:\/\/svetslik.si\/hr\/wp-json\/wp\/v2\/product_brand?post=25854"},{"taxonomy":"product_cat","embeddable":true,"href":"https:\/\/svetslik.si\/hr\/wp-json\/wp\/v2\/product_cat?post=25854"},{"taxonomy":"product_tag","embeddable":true,"href":"https:\/\/svetslik.si\/hr\/wp-json\/wp\/v2\/product_tag?post=25854"}],"curies":[{"name":"wp","href":"https:\/\/api.w.org\/{rel}","templated":true}]}}