{"id":25908,"date":"2021-09-02T18:06:22","date_gmt":"2021-09-02T16:06:22","guid":{"rendered":"https:\/\/svetslik.si\/Bez%20kategorije\/the-night-cafe\/"},"modified":"2024-07-04T16:01:25","modified_gmt":"2024-07-04T14:01:25","slug":"the-night-cafe","status":"publish","type":"product","link":"https:\/\/svetslik.si\/hr\/vincent-van-gogh\/the-night-cafe\/","title":{"rendered":"Vincent van Gogh &#8211; The Night Caf\u00e9"},"content":{"rendered":"<h1>Vincent Van Gogh &#8211; No\u0107ni kafi\u0107<\/h1>\n<p>&nbsp;<\/p>\n<table style=\"width: 497px\" border=\"0\" width=\"497\" cellspacing=\"0\" cellpadding=\"0\">\n<tbody>\n<tr>\n<td style=\"width: 155px;height: 21px\" height=\"21\">Godina stvaranja:<\/td>\n<td style=\"width: 343px\">1888<\/td>\n<\/tr>\n<tr>\n<td style=\"width: 155px;height: 21px\" height=\"21\">Izvorna veli\u010dina:<\/td>\n<td style=\"width: 343px\">92,1 cm x 72,4 cm<\/td>\n<\/tr>\n<tr>\n<td style=\"width: 155px;height: 21px\" height=\"21\">Stil bojanja:<\/td>\n<td style=\"width: 343px\">Postimpresionizam<\/td>\n<\/tr>\n<tr>\n<td style=\"width: 155px;height: 21px\" height=\"21\">Izvorna tehnika:<\/td>\n<td style=\"width: 343px\">Ulje na platnu<\/td>\n<\/tr>\n<tr>\n<td style=\"width: 155px;height: 21px\" height=\"21\">Lokacija:<\/td>\n<td style=\"width: 343px\">Umjetni\u010dka galerija Sveu\u010dili\u0161ta Yale, New Haven, SAD<\/td>\n<\/tr>\n<\/tbody>\n<colgroup>\n<col \/>\n<col \/> <\/colgroup>\n<\/table>\n<p>&nbsp;<\/p>\n<div>Slika <em>No\u0107nog kafi\u0107a<\/em> prikazuje unutra\u0161njost kafi\u0107a u Arlesu, s poluzamra\u010denim vratima u pozadini slike, koja vjerojatno vode u privatne odaje. Pet mu\u0161terija sjedi za stolovima du\u017e zidova s \u200b\u200blijeve i desne strane, a na slici je i konobar u svijetlom odijelu koji zuri u promatra\u010da.<\/div>\n<div>Na slici je Van Gogh koristio kontrastne jake boje; strop je obojio u zelene nijanse, gornji dio zidova u crvenu, a lampe i pod uglavnom u \u017eutu. Ovu sliku karakterizira debeo nanos boje, s mno\u0161tvom linija u prostoriji koja vodi do vrata u pozadini. Perspektiva slike blago je nagnuta prema dolje.<\/div>\n<div><\/div>\n<div>\n<p>Slika &#8220;No\u0107ni kafi\u0107&#8221; Vincenta van Gogha nastala je 1888. godine i smatra se jednim od najslikovitijih djela u umjetnikovoj karijeri. Slika prikazuje kafi\u0107 u gradu Arlesu na jugu Francuske, gdje je van Gogh neko vrijeme \u017eivio i stvorio neka od svojih najpoznatijih djela. No\u0107ni kafi\u0107 majstorski je prikaz svjetla i boja, koji do\u010darava raspolo\u017eenje i atmosferu no\u0107nog kafi\u0107a.<\/p>\n<p>Night Cafe je slika koju karakterizira intenzivna i emocionalna uporaba boje. Van Gogh koristi iznena\u0111uju\u0107u paletu crvenih, \u017eutih i zelenih boja kako bi stvorio osje\u0107aj topline i energije u kafi\u0107u. Crveni zidovi i zeleni bilijarski stol posebno su istaknuti i daju slici dojam pokreta i energije. \u017duto svjetlo koje sja sa stropa stvara osje\u0107aj osvijetljenosti i nagla\u0161ava aktivnosti koje se odvijaju u kafi\u0107u.<\/p>\n<p>Uo\u010dljiva je i kompozicija slike, jer dijagonalne linije stolova i biljarskih stolova stvaraju osje\u0107aj kretanja i dinami\u010dnosti. Likovi na slici prikazani su pojednostavljeno, gotovo apstraktno, zamagljeni su i iskrivljeni, \u0161to stvara dojam pokreta i energije. To slici daje dojam neposrednosti i do\u010darava raspolo\u017eenje i atmosferu no\u0107nog kafi\u0107a.<\/p>\n<p>Night Cafe je slika za koju se smatra da predstavlja van Goghovo emocionalno stanje u to vrijeme. Bio je poznat po svom emocionalnom intenzitetu i borbi s mentalnim zdravljem, a slika se smatra odrazom njegove emocionalne zbunjenosti, potrage za ljepotom i smislom u svijetu te \u010de\u017enje za vezom i razumijevanjem.<\/p>\n<p>Tehni\u010dki je slika prepoznatljiva po kori\u0161tenju \u017eivih, kontrastnih boja i gustim, vidljivim potezima. Posebno je upe\u010datljiva Van Goghova upotreba boja na slici. Boje crvena, \u017euta i zelena su u kontrastu jedna s drugom, stvaraju\u0107i osje\u0107aj pokreta i energije. Gusti potezi kistom dodaju teksturu i dubinu slici, \u010dine\u0107i je pravim remek-djelom postimpresionizma.<\/p>\n<p>&#8220;Night Caf\u00e9 se smatra simbolom van Goghove umjetni\u010dke ostav\u0161tine i smatra se jednim od njegovih najslikovitijih djela. Izlo\u017een je u nekoliko muzeja diljem svijeta, uklju\u010duju\u0107i Van Goghov muzej u Amsterdamu, Metropolitan Museum of Art u New Yorku i Nacionalna galerija u Londonu Slika i dalje nadahnjuje i utje\u010de na umjetnike danas, a njegova trajna popularnost svjedo\u010di o trajnoj ostav\u0161tini van Gogha kao jedne od najva\u017enijih figura u povijesti umjetnosti.<\/p>\n<p>Na kraju, dopustite mi da ka\u017eem da se slika &#8220;No\u0107ni kafi\u0107&#8221; koju je stvorio Vincent van Gogh 1888. smatrala jednim od najslikovitijih djela umjetnikove karijere. Slika prikazuje kafi\u0107 u gradu Arlesu i majstorski je prikaz svjetla i boje, hvataju\u0107i raspolo\u017eenje i atmosferu no\u0107nog kafi\u0107a. Zbog intenzivnog kori\u0161tenja boja i dinami\u010dne kompozicije, kao i emotivnog poteza kistom, ovo je pravo remek-djelo postimpresionizma. Slika se tako\u0111er smatra odrazom van Goghovog emocionalnog stanja u to vrijeme, njegove borbe s mentalnim zdravljem i njegove potrage za ljepotom i smislom u svijetu. Sliku &#8220;No\u0107ni kafi\u0107&#8221; jo\u0161 uvijek slave i dive joj se ljubitelji umjetnosti i stru\u010dnjaci diljem svijeta, a smatra se pravim prikazom van Goghove trajne umjetni\u010dke ostav\u0161tine. Mo\u017ee se prona\u0107i u nekoliko muzeja diljem svijeta i mora ga vidjeti svatko tko se zanima za umjetnost Vincenta Van Gogha i postimpresionizma.<\/p>\n<\/div>\n<div><\/div>\n","protected":false},"excerpt":{"rendered":"<p>Vincent Van Gogh &#8211; No\u0107ni kafi\u0107 &nbsp; Godina stvaranja: 1888 Izvorna veli\u010dina: 92,1 cm x 72,4 cm Stil bojanja: Postimpresionizam Izvorna tehnika: Ulje na platnu Lokacija: Umjetni\u010dka galerija Sveu\u010dili\u0161ta Yale, New Haven, SAD &nbsp; Slika No\u0107nog kafi\u0107a prikazuje unutra\u0161njost kafi\u0107a u Arlesu, s poluzamra\u010denim vratima u pozadini slike, koja vjerojatno [&hellip;]<\/p>\n","protected":false},"featured_media":20856,"template":"","meta":{"_acf_changed":false},"product_brand":[],"product_cat":[3381],"product_tag":[4069,4070,4071,4073],"class_list":{"0":"post-25908","1":"product","2":"type-product","3":"status-publish","4":"has-post-thumbnail","6":"product_cat-vincent-van-gogh","7":"product_tag-reprodukcija-hr","8":"product_tag-reprodukcije-hr","9":"product_tag-slikar-hr","10":"product_tag-van-gogh-hr","11":"pa_dimenzija-100-x-80-cm-hr","12":"pa_dimenzija-120-x-100-cm-hr","13":"pa_dimenzija-150-x-120-cm-hr","14":"pa_dimenzija-50-x-40-cm-hr","15":"pa_dimenzija-60-x-50-cm-hr","16":"pa_dimenzija-70-x-55-cm-hr","17":"pa_dimenzija-80-x-60-cm-hr","18":"pa_dimenzija-92-x-72-cm-hr","19":"pa_oblika-horizontalno","20":"pa_okvir-bez-okvira","21":"pa_podokvir-bez-podokvira","22":"pa_podokvir-sa-podokvirom","24":"first","25":"onbackorder","26":"purchasable","27":"product-type-variable","28":"has-default-attributes"},"acf":[],"yoast_head":"<!-- This site is optimized with the Yoast SEO Premium plugin v26.0 (Yoast SEO v27.2) - https:\/\/yoast.com\/product\/yoast-seo-premium-wordpress\/ -->\n<title>Vincent van Gogh - The Night Caf\u00e9 - SVETSLIK.SI - 100% ru\u010dno naslikano<\/title>\n<meta name=\"description\" content=\"Vincent van Gogh - The Night Caf\u00e9 - 100% ru\u010dno naslikane reprodukcije slika na platnu. Uramljivanje slika, prodaja i izrada slika u dimenzijama po narud\u017ebi.\" \/>\n<meta name=\"robots\" content=\"index, follow, max-snippet:-1, max-image-preview:large, max-video-preview:-1\" \/>\n<link rel=\"canonical\" href=\"https:\/\/svetslik.si\/hr\/vincent-van-gogh\/the-night-cafe\/\" \/>\n<meta property=\"og:locale\" content=\"hr_HR\" \/>\n<meta property=\"og:type\" content=\"article\" \/>\n<meta property=\"og:title\" content=\"Vincent van Gogh - The Night Caf\u00e9\" \/>\n<meta property=\"og:description\" content=\"100% ro\u010dno naslikane slike na platnu, reprodukcije znanih slikarjev in umetni\u0161ke slike po naro\u010dilu.\" \/>\n<meta property=\"og:url\" content=\"https:\/\/svetslik.si\/hr\/vincent-van-gogh\/the-night-cafe\/\" \/>\n<meta property=\"og:site_name\" content=\"SVETSLIK.SI\" \/>\n<meta property=\"article:publisher\" content=\"https:\/\/www.facebook.com\/svetslik.si\" \/>\n<meta property=\"article:modified_time\" content=\"2024-07-04T14:01:25+00:00\" \/>\n<meta property=\"og:image\" content=\"https:\/\/svetslik.si\/wp-content\/uploads\/2021\/08\/image_The-Night-Cafe-Van-Gogh_680.jpg\" \/>\n\t<meta property=\"og:image:width\" content=\"1800\" \/>\n\t<meta property=\"og:image:height\" content=\"1424\" \/>\n\t<meta property=\"og:image:type\" content=\"image\/jpeg\" \/>\n<meta name=\"twitter:card\" content=\"summary_large_image\" \/>\n<meta name=\"twitter:site\" content=\"@svetslik\" \/>\n<meta name=\"twitter:label1\" content=\"Availability\" \/>\n\t<meta name=\"twitter:data1\" content=\"On backorder\" \/>\n<script type=\"application\/ld+json\" class=\"yoast-schema-graph\">{\"@context\":\"https:\/\/schema.org\",\"@graph\":[{\"@type\":[\"WebPage\",\"ItemPage\"],\"@id\":\"https:\/\/svetslik.si\/hr\/vincent-van-gogh\/the-night-cafe\/\",\"url\":\"https:\/\/svetslik.si\/hr\/vincent-van-gogh\/the-night-cafe\/\",\"name\":\"Vincent van Gogh - The Night Caf\u00e9 - SVETSLIK.SI - 100% ru\u010dno naslikano\",\"isPartOf\":{\"@id\":\"https:\/\/svetslik.si\/hr\/#website\"},\"primaryImageOfPage\":{\"@id\":\"https:\/\/svetslik.si\/hr\/vincent-van-gogh\/the-night-cafe\/#primaryimage\"},\"image\":{\"@id\":\"https:\/\/svetslik.si\/hr\/vincent-van-gogh\/the-night-cafe\/#primaryimage\"},\"thumbnailUrl\":\"https:\/\/svetslik.si\/wp-content\/uploads\/2021\/08\/image_The-Night-Cafe-Van-Gogh_680.jpg\",\"datePublished\":\"2021-09-02T16:06:22+00:00\",\"dateModified\":\"2024-07-04T14:01:25+00:00\",\"description\":\"Vincent van Gogh - The Night Caf\u00e9 - 100% ru\u010dno naslikane reprodukcije slika na platnu. Uramljivanje slika, prodaja i izrada slika u dimenzijama po narud\u017ebi.\",\"breadcrumb\":{\"@id\":\"https:\/\/svetslik.si\/hr\/vincent-van-gogh\/the-night-cafe\/#breadcrumb\"},\"inLanguage\":\"hr\",\"potentialAction\":[{\"@type\":\"ReadAction\",\"target\":[\"https:\/\/svetslik.si\/hr\/vincent-van-gogh\/the-night-cafe\/\"]}]},{\"@type\":\"ImageObject\",\"inLanguage\":\"hr\",\"@id\":\"https:\/\/svetslik.si\/hr\/vincent-van-gogh\/the-night-cafe\/#primaryimage\",\"url\":\"https:\/\/svetslik.si\/wp-content\/uploads\/2021\/08\/image_The-Night-Cafe-Van-Gogh_680.jpg\",\"contentUrl\":\"https:\/\/svetslik.si\/wp-content\/uploads\/2021\/08\/image_The-Night-Cafe-Van-Gogh_680.jpg\",\"width\":1800,\"height\":1424,\"caption\":\"Vincent van Gogh - No\u0107ni kafi\u0107 - Ru\u010dno naslikane reprodukcije poznatih slikara, moderne zidne slike, umjetni\u010dke slike za zid\"},{\"@type\":\"BreadcrumbList\",\"@id\":\"https:\/\/svetslik.si\/hr\/vincent-van-gogh\/the-night-cafe\/#breadcrumb\",\"itemListElement\":[{\"@type\":\"ListItem\",\"position\":1,\"name\":\"Umjetni\u010dke zidne slike na platnu\",\"item\":\"https:\/\/svetslik.si\/hr\/\"},{\"@type\":\"ListItem\",\"position\":2,\"name\":\"Prodaja slika\",\"item\":\"https:\/\/svetslik.si\/prodaja-slik\/\"},{\"@type\":\"ListItem\",\"position\":3,\"name\":\"Vincent van Gogh &#8211; The Night Caf\u00e9\"}]},{\"@type\":\"WebSite\",\"@id\":\"https:\/\/svetslik.si\/hr\/#website\",\"url\":\"https:\/\/svetslik.si\/hr\/\",\"name\":\"SVETSLIK.SI\",\"description\":\"100% ru\u010dno naslikane reprodukcije slika poznatih slikara in umjetni\u010dke zidne slike na platnu.\",\"publisher\":{\"@id\":\"https:\/\/svetslik.si\/hr\/#organization\"},\"potentialAction\":[{\"@type\":\"SearchAction\",\"target\":{\"@type\":\"EntryPoint\",\"urlTemplate\":\"https:\/\/svetslik.si\/hr\/?s={search_term_string}\"},\"query-input\":{\"@type\":\"PropertyValueSpecification\",\"valueRequired\":true,\"valueName\":\"search_term_string\"}}],\"inLanguage\":\"hr\"},{\"@type\":\"Organization\",\"@id\":\"https:\/\/svetslik.si\/hr\/#organization\",\"name\":\"SvetSlik.si\",\"url\":\"https:\/\/svetslik.si\/hr\/\",\"logo\":{\"@type\":\"ImageObject\",\"inLanguage\":\"hr\",\"@id\":\"https:\/\/svetslik.si\/hr\/#\/schema\/logo\/image\/\",\"url\":\"https:\/\/svetslik.si\/wp-content\/uploads\/2020\/12\/logo-512.png\",\"contentUrl\":\"https:\/\/svetslik.si\/wp-content\/uploads\/2020\/12\/logo-512.png\",\"width\":512,\"height\":512,\"caption\":\"SvetSlik.si\"},\"image\":{\"@id\":\"https:\/\/svetslik.si\/hr\/#\/schema\/logo\/image\/\"},\"sameAs\":[\"https:\/\/www.facebook.com\/svetslik.si\",\"https:\/\/x.com\/svetslik\",\"https:\/\/www.instagram.com\/svetslik.si\/\",\"https:\/\/www.linkedin.com\/company\/svetslik-si\"]}]}<\/script>\n<meta property=\"og:availability\" content=\"backorder\" \/>\n<meta property=\"product:availability\" content=\"available for order\" \/>\n<meta property=\"product:retailer_item_id\" content=\"407__\" \/>\n<meta property=\"product:condition\" content=\"new\" \/>\n<!-- \/ Yoast SEO Premium plugin. -->","yoast_head_json":{"title":"Vincent van Gogh - The Night Caf\u00e9 - SVETSLIK.SI - 100% ru\u010dno naslikano","description":"Vincent van Gogh - The Night Caf\u00e9 - 100% ru\u010dno naslikane reprodukcije slika na platnu. Uramljivanje slika, prodaja i izrada slika u dimenzijama po narud\u017ebi.","robots":{"index":"index","follow":"follow","max-snippet":"max-snippet:-1","max-image-preview":"max-image-preview:large","max-video-preview":"max-video-preview:-1"},"canonical":"https:\/\/svetslik.si\/hr\/vincent-van-gogh\/the-night-cafe\/","og_locale":"hr_HR","og_type":"article","og_title":"Vincent van Gogh - The Night Caf\u00e9","og_description":"100% ro\u010dno naslikane slike na platnu, reprodukcije znanih slikarjev in umetni\u0161ke slike po naro\u010dilu.","og_url":"https:\/\/svetslik.si\/hr\/vincent-van-gogh\/the-night-cafe\/","og_site_name":"SVETSLIK.SI","article_publisher":"https:\/\/www.facebook.com\/svetslik.si","article_modified_time":"2024-07-04T14:01:25+00:00","og_image":[{"width":1800,"height":1424,"url":"https:\/\/svetslik.si\/wp-content\/uploads\/2021\/08\/image_The-Night-Cafe-Van-Gogh_680.jpg","type":"image\/jpeg"}],"twitter_card":"summary_large_image","twitter_site":"@svetslik","twitter_misc":{"Availability":"On backorder"},"schema":{"@context":"https:\/\/schema.org","@graph":[{"@type":["WebPage","ItemPage"],"@id":"https:\/\/svetslik.si\/hr\/vincent-van-gogh\/the-night-cafe\/","url":"https:\/\/svetslik.si\/hr\/vincent-van-gogh\/the-night-cafe\/","name":"Vincent van Gogh - The Night Caf\u00e9 - SVETSLIK.SI - 100% ru\u010dno naslikano","isPartOf":{"@id":"https:\/\/svetslik.si\/hr\/#website"},"primaryImageOfPage":{"@id":"https:\/\/svetslik.si\/hr\/vincent-van-gogh\/the-night-cafe\/#primaryimage"},"image":{"@id":"https:\/\/svetslik.si\/hr\/vincent-van-gogh\/the-night-cafe\/#primaryimage"},"thumbnailUrl":"https:\/\/svetslik.si\/wp-content\/uploads\/2021\/08\/image_The-Night-Cafe-Van-Gogh_680.jpg","datePublished":"2021-09-02T16:06:22+00:00","dateModified":"2024-07-04T14:01:25+00:00","description":"Vincent van Gogh - The Night Caf\u00e9 - 100% ru\u010dno naslikane reprodukcije slika na platnu. Uramljivanje slika, prodaja i izrada slika u dimenzijama po narud\u017ebi.","breadcrumb":{"@id":"https:\/\/svetslik.si\/hr\/vincent-van-gogh\/the-night-cafe\/#breadcrumb"},"inLanguage":"hr","potentialAction":[{"@type":"ReadAction","target":["https:\/\/svetslik.si\/hr\/vincent-van-gogh\/the-night-cafe\/"]}]},{"@type":"ImageObject","inLanguage":"hr","@id":"https:\/\/svetslik.si\/hr\/vincent-van-gogh\/the-night-cafe\/#primaryimage","url":"https:\/\/svetslik.si\/wp-content\/uploads\/2021\/08\/image_The-Night-Cafe-Van-Gogh_680.jpg","contentUrl":"https:\/\/svetslik.si\/wp-content\/uploads\/2021\/08\/image_The-Night-Cafe-Van-Gogh_680.jpg","width":1800,"height":1424,"caption":"Vincent van Gogh - No\u0107ni kafi\u0107 - Ru\u010dno naslikane reprodukcije poznatih slikara, moderne zidne slike, umjetni\u010dke slike za zid"},{"@type":"BreadcrumbList","@id":"https:\/\/svetslik.si\/hr\/vincent-van-gogh\/the-night-cafe\/#breadcrumb","itemListElement":[{"@type":"ListItem","position":1,"name":"Umjetni\u010dke zidne slike na platnu","item":"https:\/\/svetslik.si\/hr\/"},{"@type":"ListItem","position":2,"name":"Prodaja slika","item":"https:\/\/svetslik.si\/prodaja-slik\/"},{"@type":"ListItem","position":3,"name":"Vincent van Gogh &#8211; The Night Caf\u00e9"}]},{"@type":"WebSite","@id":"https:\/\/svetslik.si\/hr\/#website","url":"https:\/\/svetslik.si\/hr\/","name":"SVETSLIK.SI","description":"100% ru\u010dno naslikane reprodukcije slika poznatih slikara in umjetni\u010dke zidne slike na platnu.","publisher":{"@id":"https:\/\/svetslik.si\/hr\/#organization"},"potentialAction":[{"@type":"SearchAction","target":{"@type":"EntryPoint","urlTemplate":"https:\/\/svetslik.si\/hr\/?s={search_term_string}"},"query-input":{"@type":"PropertyValueSpecification","valueRequired":true,"valueName":"search_term_string"}}],"inLanguage":"hr"},{"@type":"Organization","@id":"https:\/\/svetslik.si\/hr\/#organization","name":"SvetSlik.si","url":"https:\/\/svetslik.si\/hr\/","logo":{"@type":"ImageObject","inLanguage":"hr","@id":"https:\/\/svetslik.si\/hr\/#\/schema\/logo\/image\/","url":"https:\/\/svetslik.si\/wp-content\/uploads\/2020\/12\/logo-512.png","contentUrl":"https:\/\/svetslik.si\/wp-content\/uploads\/2020\/12\/logo-512.png","width":512,"height":512,"caption":"SvetSlik.si"},"image":{"@id":"https:\/\/svetslik.si\/hr\/#\/schema\/logo\/image\/"},"sameAs":["https:\/\/www.facebook.com\/svetslik.si","https:\/\/x.com\/svetslik","https:\/\/www.instagram.com\/svetslik.si\/","https:\/\/www.linkedin.com\/company\/svetslik-si"]}]},"og_availability":"backorder","product_availability":"available for order","product_retailer_item_id":"407__","product_condition":"new"},"jetpack_sharing_enabled":true,"_links":{"self":[{"href":"https:\/\/svetslik.si\/hr\/wp-json\/wp\/v2\/product\/25908","targetHints":{"allow":["GET"]}}],"collection":[{"href":"https:\/\/svetslik.si\/hr\/wp-json\/wp\/v2\/product"}],"about":[{"href":"https:\/\/svetslik.si\/hr\/wp-json\/wp\/v2\/types\/product"}],"wp:featuredmedia":[{"embeddable":true,"href":"https:\/\/svetslik.si\/hr\/wp-json\/wp\/v2\/media\/20856"}],"wp:attachment":[{"href":"https:\/\/svetslik.si\/hr\/wp-json\/wp\/v2\/media?parent=25908"}],"wp:term":[{"taxonomy":"product_brand","embeddable":true,"href":"https:\/\/svetslik.si\/hr\/wp-json\/wp\/v2\/product_brand?post=25908"},{"taxonomy":"product_cat","embeddable":true,"href":"https:\/\/svetslik.si\/hr\/wp-json\/wp\/v2\/product_cat?post=25908"},{"taxonomy":"product_tag","embeddable":true,"href":"https:\/\/svetslik.si\/hr\/wp-json\/wp\/v2\/product_tag?post=25908"}],"curies":[{"name":"wp","href":"https:\/\/api.w.org\/{rel}","templated":true}]}}