{"id":25926,"date":"2021-09-02T18:06:07","date_gmt":"2021-09-02T16:06:07","guid":{"rendered":"https:\/\/svetslik.si\/Bez%20kategorije\/the-potato-eaters\/"},"modified":"2024-07-11T14:03:17","modified_gmt":"2024-07-11T12:03:17","slug":"the-potato-eaters","status":"publish","type":"product","link":"https:\/\/svetslik.si\/hr\/vincent-van-gogh\/the-potato-eaters\/","title":{"rendered":"Vincent van Gogh &#8211; The Potato Eaters"},"content":{"rendered":"<div class=\"wpb-content-wrapper\"><h1>Vincent Van Gogh &#8211; Jeda\u010di krumpira<\/h1>\n<p>&nbsp;<\/p>\n<table style=\"width: 497px\" border=\"0\" width=\"497\" cellspacing=\"0\" cellpadding=\"0\">\n<tbody>\n<tr>\n<td style=\"width: 155px;height: 21px\" height=\"21\">Godina nastanka:<\/td>\n<td style=\"width: 343px\">1885<\/td>\n<\/tr>\n<tr>\n<td style=\"width: 155px;height: 21px\" height=\"21\">Izvorna veli\u010dina:<\/td>\n<td style=\"width: 343px\">114 cm x 82 cm<\/td>\n<\/tr>\n<tr>\n<td style=\"width: 155px;height: 21px\" height=\"21\">Stil bojanja:<\/td>\n<td style=\"width: 343px\">Postimpresionizam<\/td>\n<\/tr>\n<tr>\n<td style=\"width: 155px;height: 21px\" height=\"21\">Izvorna tehnika:<\/td>\n<td style=\"width: 343px\">Ulje na platnu<\/td>\n<\/tr>\n<tr>\n<td style=\"width: 155px;height: 21px\" height=\"21\">Lokacija:<\/td>\n<td style=\"width: 343px\">Muzej Van Gogh, Nizozemska<\/td>\n<\/tr>\n<\/tbody>\n<colgroup>\n<col \/>\n<col \/> <\/colgroup>\n<\/table>\n<p>&nbsp;<\/p>\n<div>Sliku na platnu <em>Jeda\u010di krumpira<\/em> mnogi smatraju Van Goghovim prvim pravim umjetni\u010dkim djelom. U vrijeme nastanka umjetni\u010dke slike slikar je bio tek na po\u010detku svog umjetni\u010dkog puta i jo\u0161 nije savladao tehnike koje \u0107e ga kasnije proslaviti. To je tako\u0111er ono \u0161to ovo umjetni\u010dko djelo \u010dini izuzetno zanimljivim.<\/div>\n<div>Van Gogh je \u017eelio stvoriti svoje prvo remek-djelo, koje \u0107e oja\u010dati njegovu reputaciju; slikareva je namjera bila naslikati ljudske figure \u010diji izgled ne bi bio nespretan, ve\u0107 prirodan. Pripremio je umjetni\u010dko djelo za svoju prvu izlo\u017ebu u Parizu.<\/div>\n<div><\/div>\n[\/vc_column_text][\/vc_column][\/vc_row][vc_row css=&#8221;.vc_custom_1640018901259{margin-bottom: 30px !important;}&#8221;][vc_column]\t<div class=\"et-image-517 et-image  full   et_image_link\">\n\t\t<div class=\"et-image-inner \">\n\t\t\t\t\t\t\t<a  class=\"mfp-image et-lightbox\" data-mfp-type=\"image\" data-mfp-src=\"https:\/\/svetslik.si\/wp-content\/uploads\/2021\/09\/vincent-van-gogh-starry-night-zvezdnata-noc-slika-na-platnu-potato-earters-scaled-e1702592118536.jpg\"  title=\"Vincent van Gogh &#8211; Je\u0161a\u010di krompira &#8211; primjer ru\u010dno naslikane reprodukcije\">\n\t\t\t\t\t\t\t<div class=\"et-image-thumb \">\n\t\t\t\t\t<img decoding=\"async\" width=\"1843\" height=\"1440\" src=\"https:\/\/svetslik.si\/wp-content\/uploads\/2021\/09\/vincent-van-gogh-starry-night-zvezdnata-noc-slika-na-platnu-potato-earters-scaled-e1702592118536.jpg\" class=\"attachment-full\" alt=\"Vincent van Gogh - Je\u0161a\u010di krompira - primjer ru\u010dno naslikane reprodukcije\" title=\"Vincent van Gogh - Je\u0161a\u010di krompira - primjer ru\u010dno naslikane reprodukcije\" srcset=\"https:\/\/svetslik.si\/wp-content\/uploads\/2021\/09\/vincent-van-gogh-starry-night-zvezdnata-noc-slika-na-platnu-potato-earters-scaled-e1702592118536.jpg 1843w, https:\/\/svetslik.si\/wp-content\/uploads\/2021\/09\/vincent-van-gogh-starry-night-zvezdnata-noc-slika-na-platnu-potato-earters-scaled-e1702592118536-600x469.jpg 600w, https:\/\/svetslik.si\/wp-content\/uploads\/2021\/09\/vincent-van-gogh-starry-night-zvezdnata-noc-slika-na-platnu-potato-earters-scaled-e1702592118536-1200x938.jpg 1200w\" sizes=\"(max-width: 1843px) 100vw, 1843px\" \/>\t\t\t\t<\/div>\n\t\t\t\t\t\t\t<\/a>\n\t\t\t\t\t\t\t\t\t\t<div class=\"wp-caption-text\">Vincent van Gogh - Je\u0161a\u010di krompira - primjer ru\u010dno naslikane reprodukcije<\/div>\n\t\t\t\t\t\t\t\t<\/div>\n\t<\/div>\n  [\/vc_column][\/vc_row][vc_row css=&#8221;.vc_custom_1674217797940{margin-bottom: 10px !important;}&#8221;][vc_column]\t<div class=\"et-image-407 et-image  full   et_image_link\">\n\t\t<div class=\"et-image-inner \">\n\t\t\t\t\t\t\t<a  class=\"mfp-image et-lightbox\" data-mfp-type=\"image\" data-mfp-src=\"https:\/\/svetslik.si\/wp-content\/uploads\/2021\/09\/vincent-van-gogh-slika-na-platnu-potato-earters-scaled.jpg\"  title=\"Vincent van Gogh &#8211; Je\u0161a\u010di krompira &#8211; primjer ru\u010dno naslikane reprodukcije\">\n\t\t\t\t\t\t\t<div class=\"et-image-thumb \">\n\t\t\t\t\t<img decoding=\"async\" width=\"2560\" height=\"1920\" src=\"https:\/\/svetslik.si\/wp-content\/uploads\/2021\/09\/vincent-van-gogh-slika-na-platnu-potato-earters-scaled.jpg\" class=\"attachment-full\" alt=\"Vincent van Gogh - Je\u0161a\u010di krompira - primjer ru\u010dno naslikane reprodukcije\" title=\"Vincent van Gogh - Je\u0161a\u010di krompira - primjer ru\u010dno naslikane reprodukcije\" srcset=\"https:\/\/svetslik.si\/wp-content\/uploads\/2021\/09\/vincent-van-gogh-slika-na-platnu-potato-earters-scaled.jpg 2560w, https:\/\/svetslik.si\/wp-content\/uploads\/2021\/09\/vincent-van-gogh-slika-na-platnu-potato-earters-600x450.jpg 600w, https:\/\/svetslik.si\/wp-content\/uploads\/2021\/09\/vincent-van-gogh-slika-na-platnu-potato-earters-scaled-1200x900.jpg 1200w, https:\/\/svetslik.si\/wp-content\/uploads\/2021\/09\/vincent-van-gogh-slika-na-platnu-potato-earters-300x225.jpg 300w, https:\/\/svetslik.si\/wp-content\/uploads\/2021\/09\/vincent-van-gogh-slika-na-platnu-potato-earters-1024x768.jpg 1024w, https:\/\/svetslik.si\/wp-content\/uploads\/2021\/09\/vincent-van-gogh-slika-na-platnu-potato-earters-768x576.jpg 768w, https:\/\/svetslik.si\/wp-content\/uploads\/2021\/09\/vincent-van-gogh-slika-na-platnu-potato-earters-1536x1152.jpg 1536w, https:\/\/svetslik.si\/wp-content\/uploads\/2021\/09\/vincent-van-gogh-slika-na-platnu-potato-earters-2048x1536.jpg 2048w, https:\/\/svetslik.si\/wp-content\/uploads\/2021\/09\/vincent-van-gogh-slika-na-platnu-potato-earters-150x113.jpg 150w, https:\/\/svetslik.si\/wp-content\/uploads\/2021\/09\/vincent-van-gogh-slika-na-platnu-potato-earters-1320x990.jpg 1320w, https:\/\/svetslik.si\/wp-content\/uploads\/2021\/09\/vincent-van-gogh-slika-na-platnu-potato-earters-900x675.jpg 900w\" sizes=\"(max-width: 2560px) 100vw, 2560px\" \/>\t\t\t\t<\/div>\n\t\t\t\t\t\t\t<\/a>\n\t\t\t\t\t\t\t\t\t\t<div class=\"wp-caption-text\">Vincent van Gogh - Je\u0161a\u010di krompira - primjer ru\u010dno naslikane reprodukcije<\/div>\n\t\t\t\t\t\t\t\t<\/div>\n\t<\/div>\n  [\/vc_column][\/vc_row][vc_row][vc_column][vc_column_text]Slika &#8220;Jeda\u010di krumpira&#8221; Napravio ju je Vincent van Gogh 1885. godine i smatra se jednim od umjetnikovih najva\u017enijih ranih djela. Slika prikazuje selja\u010dku obitelj kako sjedi za stolom uz jednostavan obrok od krumpira i prikazuje svakodnevni \u017eivot i borbu radni\u010dke klase u Nizozemskoj. Sliku isti\u010de kori\u0161tenje tamnih, sumornih boja i naglasak na grubim, teksturiranim povr\u0161inama likova i predmeta na slici.<\/p>\n<p>Slika prikazuje petero\u010dlanu obitelj kako sjedi za stolom i jede krumpir. Figure su izvedene s grubim, teksturiranim povr\u0161inama, a lica su im jako zamu\u0107ena, \u0161to im daje osje\u0107aj starosti i umora. Boje na slici su tamne i sumorne, prevladavaju nijanse sme\u0111e, sive i crne. Tamne boje i grube povr\u0161ine slici daju osje\u0107aj realisti\u010dnosti i surovosti \u017eivota selja\u010dke klase.<\/p>\n<p>Uo\u010dljiva je i kompozicija slike, jer dijagonalne linije stola i figura stvaraju osje\u0107aj pokreta i dinamike. Likovi na slici prikazani su pojednostavljeno, gotovo apstraktno, zamagljeni su i iskrivljeni, \u0161to stvara dojam pokreta i energije. To daje slici dojam neposrednosti i bilje\u017ei raspolo\u017eenje i atmosferu scene.<\/p>\n<p>Smatra se da slika Jeda\u010di krumpira predstavlja van Goghova dru\u0161tvena i politi\u010dka uvjerenja. Bio je duboko zabrinut zbog stradanja radni\u010dke klase i \u017eelio je svojom umjetno\u0161\u0107u podi\u0107i svijest o njihovim borbama. Slika se smatra odrazom njegove \u017eelje da uhvati stvarnost \u017eivota radni\u010dke klase i otkrije ljepotu i dostojanstvo njihovih svakodnevnih borbi.<\/p>\n<p>U tehnici je slika prepoznatljiva po tamnim, sumornim bojama, grubim, teksturiranim povr\u0161inama i gustim, vidljivim potezima kistom. Posebno je upe\u010datljiva Van Goghova upotreba boja na slici. Tamne boje daju slici osje\u0107aj realizma i okrutnosti \u017eivota selja\u010dke klase. Grube povr\u0161ine s teksturom dodaju dubinu i dimenziju slici, \u010dine\u0107i je pravim remek-djelom realizma.<\/p>\n<p>Slika &#8220;Jeda\u010di krumpira&#8221; smatra se simbolom van Goghovih umjetni\u010dkih i dru\u0161tvenih uvjerenja te se smatra jednim od njegovih najva\u017enijih ranih radova. Slika je izlo\u017eena u nekoliko muzeja diljem svijeta, uklju\u010duju\u0107i Van Goghov muzej u Amsterdamu, Metropolitan Museum of Art u New Yorku i Nacionalnu galeriju u Londonu. Slika i danas nadahnjuje i utje\u010de na umjetnike, a njezina trajna popularnost svjedo\u010di o van Goghovu trajnom naslje\u0111u kao jednoj od najva\u017enijih figura u povijesti umjetnosti.<\/p>\n<p>Ukratko, slika &#8220;Jeda\u010di krumpira&#8221; je slika koju je stvorio Vincent van Gogh 1885. godine i smatra se jednim od umjetnikovih najva\u017enijih ranih radova. Slika prikazuje selja\u010dku obitelj koja sjedi za stolom uz jednostavan obrok od krumpira, sa\u017eimaju\u0107i svakodnevni \u017eivot i borbu radni\u010dke klase u Nizozemskoj. Za sliku je karakteristi\u010dna uporaba tamnih, sumornih boja, grubih, teksturiranih povr\u0161ina i naglasak na grubim, teksturiranim povr\u0161inama likova i predmeta na slici. Slika se smatra odrazom van Goghovih dru\u0161tvenih i politi\u010dkih uvjerenja te odrazom njegove \u017eelje da uhvati stvarnost \u017eivota radni\u010dke klase i otkrije ljepotu i dostojanstvo njihove svakodnevne borbe. Ljubitelji umjetnosti i stru\u010dnjaki Jo\u0161 uvijek ga slave i dive mu se kova\u010di diljem svijeta, a tako\u0111er se smatra pravim prikazom van Goghovih umjetni\u010dkih i dru\u0161tvenih uvjerenja.[\/vc_column_text][\/vc_column][\/vc_row]\n<\/div>","protected":false},"excerpt":{"rendered":"<p>Vincent Van Gogh &#8211; Jeda\u010di krumpira &nbsp; Godina nastanka: 1885 Izvorna veli\u010dina: 114 cm x 82 cm Stil bojanja: Postimpresionizam Izvorna tehnika: Ulje na platnu Lokacija: Muzej Van Gogh, Nizozemska &nbsp; Sliku na platnu Jeda\u010di krumpira mnogi smatraju Van Goghovim prvim pravim umjetni\u010dkim djelom. U vrijeme nastanka umjetni\u010dke slike slikar [&hellip;]<\/p>\n","protected":false},"featured_media":20860,"template":"","meta":{"_acf_changed":false},"product_brand":[],"product_cat":[3381],"product_tag":[4069,4070,4071,4073],"class_list":{"0":"post-25926","1":"product","2":"type-product","3":"status-publish","4":"has-post-thumbnail","6":"product_cat-vincent-van-gogh","7":"product_tag-reprodukcija-hr","8":"product_tag-reprodukcije-hr","9":"product_tag-slikar-hr","10":"product_tag-van-gogh-hr","11":"pa_dimenzija-114-x-82-cm","12":"pa_dimenzija-120-x-90-cm","13":"pa_dimenzija-140-x-100-cm","14":"pa_dimenzija-170-x-120-cm","15":"pa_dimenzija-200-x-150-cm","16":"pa_dimenzija-250-x-180-cm","17":"pa_dimenzija-70-x-50-cm","18":"pa_dimenzija-90-x-65-cm","19":"pa_oblika-horizontalno","20":"pa_okvir-bez-okvira","21":"pa_podokvir-bez-podokvira","22":"pa_podokvir-sa-podokvirom","24":"first","25":"onbackorder","26":"purchasable","27":"product-type-variable","28":"has-default-attributes"},"acf":[],"yoast_head":"<!-- This site is optimized with the Yoast SEO Premium plugin v26.0 (Yoast SEO v27.2) - https:\/\/yoast.com\/product\/yoast-seo-premium-wordpress\/ -->\n<title>Vincent van Gogh - The Potato Eaters - SVETSLIK.SI - 100% ru\u010dno naslikano<\/title>\n<meta name=\"description\" content=\"Vincent van Gogh - The Potato Eaters - 100% ru\u010dno naslikane reprodukcije slika na platnu. Uokvirivanje slika, prodaja i izrada slika u dimenzijama po narud\u017ebi.\" \/>\n<meta name=\"robots\" content=\"index, follow, max-snippet:-1, max-image-preview:large, max-video-preview:-1\" \/>\n<link rel=\"canonical\" href=\"https:\/\/svetslik.si\/hr\/vincent-van-gogh\/the-potato-eaters\/\" \/>\n<meta property=\"og:locale\" content=\"hr_HR\" \/>\n<meta property=\"og:type\" content=\"article\" \/>\n<meta property=\"og:title\" content=\"Vincent van Gogh - The Potato Eaters\" \/>\n<meta property=\"og:description\" content=\"100% ro\u010dno naslikane slike na platnu, reprodukcije znanih slikarjev in umetni\u0161ke slike po naro\u010dilu.\" \/>\n<meta property=\"og:url\" content=\"https:\/\/svetslik.si\/hr\/vincent-van-gogh\/the-potato-eaters\/\" \/>\n<meta property=\"og:site_name\" content=\"SVETSLIK.SI\" \/>\n<meta property=\"article:publisher\" content=\"https:\/\/www.facebook.com\/svetslik.si\" \/>\n<meta property=\"article:modified_time\" content=\"2024-07-11T12:03:17+00:00\" \/>\n<meta property=\"og:image\" content=\"https:\/\/svetslik.si\/wp-content\/uploads\/2021\/08\/image_The-Potato-Eaters-Van-Gogh_680-scaled.jpg\" \/>\n\t<meta property=\"og:image:width\" content=\"2560\" \/>\n\t<meta property=\"og:image:height\" content=\"1819\" \/>\n\t<meta property=\"og:image:type\" content=\"image\/jpeg\" \/>\n<meta name=\"twitter:card\" content=\"summary_large_image\" \/>\n<meta name=\"twitter:site\" content=\"@svetslik\" \/>\n<meta name=\"twitter:label1\" content=\"Availability\" \/>\n\t<meta name=\"twitter:data1\" content=\"On backorder\" \/>\n<script type=\"application\/ld+json\" class=\"yoast-schema-graph\">{\"@context\":\"https:\/\/schema.org\",\"@graph\":[{\"@type\":[\"WebPage\",\"ItemPage\"],\"@id\":\"https:\/\/svetslik.si\/hr\/vincent-van-gogh\/the-potato-eaters\/\",\"url\":\"https:\/\/svetslik.si\/hr\/vincent-van-gogh\/the-potato-eaters\/\",\"name\":\"Vincent van Gogh - The Potato Eaters - SVETSLIK.SI - 100% ru\u010dno naslikano\",\"isPartOf\":{\"@id\":\"https:\/\/svetslik.si\/hr\/#website\"},\"primaryImageOfPage\":{\"@id\":\"https:\/\/svetslik.si\/hr\/vincent-van-gogh\/the-potato-eaters\/#primaryimage\"},\"image\":{\"@id\":\"https:\/\/svetslik.si\/hr\/vincent-van-gogh\/the-potato-eaters\/#primaryimage\"},\"thumbnailUrl\":\"https:\/\/svetslik.si\/wp-content\/uploads\/2021\/08\/image_The-Potato-Eaters-Van-Gogh_680-scaled.jpg\",\"datePublished\":\"2021-09-02T16:06:07+00:00\",\"dateModified\":\"2024-07-11T12:03:17+00:00\",\"description\":\"Vincent van Gogh - The Potato Eaters - 100% ru\u010dno naslikane reprodukcije slika na platnu. Uokvirivanje slika, prodaja i izrada slika u dimenzijama po narud\u017ebi.\",\"breadcrumb\":{\"@id\":\"https:\/\/svetslik.si\/hr\/vincent-van-gogh\/the-potato-eaters\/#breadcrumb\"},\"inLanguage\":\"hr\",\"potentialAction\":[{\"@type\":\"ReadAction\",\"target\":[\"https:\/\/svetslik.si\/hr\/vincent-van-gogh\/the-potato-eaters\/\"]}]},{\"@type\":\"ImageObject\",\"inLanguage\":\"hr\",\"@id\":\"https:\/\/svetslik.si\/hr\/vincent-van-gogh\/the-potato-eaters\/#primaryimage\",\"url\":\"https:\/\/svetslik.si\/wp-content\/uploads\/2021\/08\/image_The-Potato-Eaters-Van-Gogh_680-scaled.jpg\",\"contentUrl\":\"https:\/\/svetslik.si\/wp-content\/uploads\/2021\/08\/image_The-Potato-Eaters-Van-Gogh_680-scaled.jpg\",\"width\":2560,\"height\":1819,\"caption\":\"Vincent van Gogh - Krompira\u0161i - Ru\u010dno naslikane reprodukcije poznatih slikara, moderne zidne slike, umjetni\u010dke slike za zid\"},{\"@type\":\"BreadcrumbList\",\"@id\":\"https:\/\/svetslik.si\/hr\/vincent-van-gogh\/the-potato-eaters\/#breadcrumb\",\"itemListElement\":[{\"@type\":\"ListItem\",\"position\":1,\"name\":\"Umjetni\u010dke zidne slike na platnu\",\"item\":\"https:\/\/svetslik.si\/hr\/\"},{\"@type\":\"ListItem\",\"position\":2,\"name\":\"Prodaja slika\",\"item\":\"https:\/\/svetslik.si\/prodaja-slik\/\"},{\"@type\":\"ListItem\",\"position\":3,\"name\":\"Vincent van Gogh &#8211; The Potato Eaters\"}]},{\"@type\":\"WebSite\",\"@id\":\"https:\/\/svetslik.si\/hr\/#website\",\"url\":\"https:\/\/svetslik.si\/hr\/\",\"name\":\"SVETSLIK.SI\",\"description\":\"100% ru\u010dno naslikane reprodukcije slika poznatih slikara in umjetni\u010dke zidne slike na platnu.\",\"publisher\":{\"@id\":\"https:\/\/svetslik.si\/hr\/#organization\"},\"potentialAction\":[{\"@type\":\"SearchAction\",\"target\":{\"@type\":\"EntryPoint\",\"urlTemplate\":\"https:\/\/svetslik.si\/hr\/?s={search_term_string}\"},\"query-input\":{\"@type\":\"PropertyValueSpecification\",\"valueRequired\":true,\"valueName\":\"search_term_string\"}}],\"inLanguage\":\"hr\"},{\"@type\":\"Organization\",\"@id\":\"https:\/\/svetslik.si\/hr\/#organization\",\"name\":\"SvetSlik.si\",\"url\":\"https:\/\/svetslik.si\/hr\/\",\"logo\":{\"@type\":\"ImageObject\",\"inLanguage\":\"hr\",\"@id\":\"https:\/\/svetslik.si\/hr\/#\/schema\/logo\/image\/\",\"url\":\"https:\/\/svetslik.si\/wp-content\/uploads\/2020\/12\/logo-512.png\",\"contentUrl\":\"https:\/\/svetslik.si\/wp-content\/uploads\/2020\/12\/logo-512.png\",\"width\":512,\"height\":512,\"caption\":\"SvetSlik.si\"},\"image\":{\"@id\":\"https:\/\/svetslik.si\/hr\/#\/schema\/logo\/image\/\"},\"sameAs\":[\"https:\/\/www.facebook.com\/svetslik.si\",\"https:\/\/x.com\/svetslik\",\"https:\/\/www.instagram.com\/svetslik.si\/\",\"https:\/\/www.linkedin.com\/company\/svetslik-si\"]}]}<\/script>\n<meta property=\"og:availability\" content=\"backorder\" \/>\n<meta property=\"product:availability\" content=\"available for order\" \/>\n<meta property=\"product:retailer_item_id\" content=\"405__\" \/>\n<meta property=\"product:condition\" content=\"new\" \/>\n<!-- \/ Yoast SEO Premium plugin. -->","yoast_head_json":{"title":"Vincent van Gogh - The Potato Eaters - SVETSLIK.SI - 100% ru\u010dno naslikano","description":"Vincent van Gogh - The Potato Eaters - 100% ru\u010dno naslikane reprodukcije slika na platnu. Uokvirivanje slika, prodaja i izrada slika u dimenzijama po narud\u017ebi.","robots":{"index":"index","follow":"follow","max-snippet":"max-snippet:-1","max-image-preview":"max-image-preview:large","max-video-preview":"max-video-preview:-1"},"canonical":"https:\/\/svetslik.si\/hr\/vincent-van-gogh\/the-potato-eaters\/","og_locale":"hr_HR","og_type":"article","og_title":"Vincent van Gogh - The Potato Eaters","og_description":"100% ro\u010dno naslikane slike na platnu, reprodukcije znanih slikarjev in umetni\u0161ke slike po naro\u010dilu.","og_url":"https:\/\/svetslik.si\/hr\/vincent-van-gogh\/the-potato-eaters\/","og_site_name":"SVETSLIK.SI","article_publisher":"https:\/\/www.facebook.com\/svetslik.si","article_modified_time":"2024-07-11T12:03:17+00:00","og_image":[{"width":2560,"height":1819,"url":"https:\/\/svetslik.si\/wp-content\/uploads\/2021\/08\/image_The-Potato-Eaters-Van-Gogh_680-scaled.jpg","type":"image\/jpeg"}],"twitter_card":"summary_large_image","twitter_site":"@svetslik","twitter_misc":{"Availability":"On backorder"},"schema":{"@context":"https:\/\/schema.org","@graph":[{"@type":["WebPage","ItemPage"],"@id":"https:\/\/svetslik.si\/hr\/vincent-van-gogh\/the-potato-eaters\/","url":"https:\/\/svetslik.si\/hr\/vincent-van-gogh\/the-potato-eaters\/","name":"Vincent van Gogh - The Potato Eaters - SVETSLIK.SI - 100% ru\u010dno naslikano","isPartOf":{"@id":"https:\/\/svetslik.si\/hr\/#website"},"primaryImageOfPage":{"@id":"https:\/\/svetslik.si\/hr\/vincent-van-gogh\/the-potato-eaters\/#primaryimage"},"image":{"@id":"https:\/\/svetslik.si\/hr\/vincent-van-gogh\/the-potato-eaters\/#primaryimage"},"thumbnailUrl":"https:\/\/svetslik.si\/wp-content\/uploads\/2021\/08\/image_The-Potato-Eaters-Van-Gogh_680-scaled.jpg","datePublished":"2021-09-02T16:06:07+00:00","dateModified":"2024-07-11T12:03:17+00:00","description":"Vincent van Gogh - The Potato Eaters - 100% ru\u010dno naslikane reprodukcije slika na platnu. Uokvirivanje slika, prodaja i izrada slika u dimenzijama po narud\u017ebi.","breadcrumb":{"@id":"https:\/\/svetslik.si\/hr\/vincent-van-gogh\/the-potato-eaters\/#breadcrumb"},"inLanguage":"hr","potentialAction":[{"@type":"ReadAction","target":["https:\/\/svetslik.si\/hr\/vincent-van-gogh\/the-potato-eaters\/"]}]},{"@type":"ImageObject","inLanguage":"hr","@id":"https:\/\/svetslik.si\/hr\/vincent-van-gogh\/the-potato-eaters\/#primaryimage","url":"https:\/\/svetslik.si\/wp-content\/uploads\/2021\/08\/image_The-Potato-Eaters-Van-Gogh_680-scaled.jpg","contentUrl":"https:\/\/svetslik.si\/wp-content\/uploads\/2021\/08\/image_The-Potato-Eaters-Van-Gogh_680-scaled.jpg","width":2560,"height":1819,"caption":"Vincent van Gogh - Krompira\u0161i - Ru\u010dno naslikane reprodukcije poznatih slikara, moderne zidne slike, umjetni\u010dke slike za zid"},{"@type":"BreadcrumbList","@id":"https:\/\/svetslik.si\/hr\/vincent-van-gogh\/the-potato-eaters\/#breadcrumb","itemListElement":[{"@type":"ListItem","position":1,"name":"Umjetni\u010dke zidne slike na platnu","item":"https:\/\/svetslik.si\/hr\/"},{"@type":"ListItem","position":2,"name":"Prodaja slika","item":"https:\/\/svetslik.si\/prodaja-slik\/"},{"@type":"ListItem","position":3,"name":"Vincent van Gogh &#8211; The Potato Eaters"}]},{"@type":"WebSite","@id":"https:\/\/svetslik.si\/hr\/#website","url":"https:\/\/svetslik.si\/hr\/","name":"SVETSLIK.SI","description":"100% ru\u010dno naslikane reprodukcije slika poznatih slikara in umjetni\u010dke zidne slike na platnu.","publisher":{"@id":"https:\/\/svetslik.si\/hr\/#organization"},"potentialAction":[{"@type":"SearchAction","target":{"@type":"EntryPoint","urlTemplate":"https:\/\/svetslik.si\/hr\/?s={search_term_string}"},"query-input":{"@type":"PropertyValueSpecification","valueRequired":true,"valueName":"search_term_string"}}],"inLanguage":"hr"},{"@type":"Organization","@id":"https:\/\/svetslik.si\/hr\/#organization","name":"SvetSlik.si","url":"https:\/\/svetslik.si\/hr\/","logo":{"@type":"ImageObject","inLanguage":"hr","@id":"https:\/\/svetslik.si\/hr\/#\/schema\/logo\/image\/","url":"https:\/\/svetslik.si\/wp-content\/uploads\/2020\/12\/logo-512.png","contentUrl":"https:\/\/svetslik.si\/wp-content\/uploads\/2020\/12\/logo-512.png","width":512,"height":512,"caption":"SvetSlik.si"},"image":{"@id":"https:\/\/svetslik.si\/hr\/#\/schema\/logo\/image\/"},"sameAs":["https:\/\/www.facebook.com\/svetslik.si","https:\/\/x.com\/svetslik","https:\/\/www.instagram.com\/svetslik.si\/","https:\/\/www.linkedin.com\/company\/svetslik-si"]}]},"og_availability":"backorder","product_availability":"available for order","product_retailer_item_id":"405__","product_condition":"new"},"jetpack_sharing_enabled":true,"_links":{"self":[{"href":"https:\/\/svetslik.si\/hr\/wp-json\/wp\/v2\/product\/25926","targetHints":{"allow":["GET"]}}],"collection":[{"href":"https:\/\/svetslik.si\/hr\/wp-json\/wp\/v2\/product"}],"about":[{"href":"https:\/\/svetslik.si\/hr\/wp-json\/wp\/v2\/types\/product"}],"wp:featuredmedia":[{"embeddable":true,"href":"https:\/\/svetslik.si\/hr\/wp-json\/wp\/v2\/media\/20860"}],"wp:attachment":[{"href":"https:\/\/svetslik.si\/hr\/wp-json\/wp\/v2\/media?parent=25926"}],"wp:term":[{"taxonomy":"product_brand","embeddable":true,"href":"https:\/\/svetslik.si\/hr\/wp-json\/wp\/v2\/product_brand?post=25926"},{"taxonomy":"product_cat","embeddable":true,"href":"https:\/\/svetslik.si\/hr\/wp-json\/wp\/v2\/product_cat?post=25926"},{"taxonomy":"product_tag","embeddable":true,"href":"https:\/\/svetslik.si\/hr\/wp-json\/wp\/v2\/product_tag?post=25926"}],"curies":[{"name":"wp","href":"https:\/\/api.w.org\/{rel}","templated":true}]}}