{"id":26021,"date":"2021-09-02T17:58:00","date_gmt":"2021-09-02T15:58:00","guid":{"rendered":"https:\/\/svetslik.si\/Bez%20kategorije\/cypresses\/"},"modified":"2024-07-04T20:17:39","modified_gmt":"2024-07-04T18:17:39","slug":"cypresses","status":"publish","type":"product","link":"https:\/\/svetslik.si\/hr\/vincent-van-gogh\/cypresses\/","title":{"rendered":"Vincent van Gogh &#8211; Cypresses"},"content":{"rendered":"<h1>Vincent Van Gogh &#8211; \u010cempresi<\/h1>\n<p>&nbsp;<\/p>\n<table style=\"width: 593px\" border=\"0\" width=\"593\" cellspacing=\"0\" cellpadding=\"0\">\n<tbody>\n<tr>\n<td style=\"width: 155px;height: 21px\" height=\"21\">Godina stvaranja:<\/td>\n<td style=\"width: 439px\">1889<\/td>\n<\/tr>\n<tr>\n<td style=\"width: 155px;height: 21px\" height=\"21\">Izvorna veli\u010dina:<\/td>\n<td style=\"width: 439px\">73 cm x 92 cm<\/td>\n<\/tr>\n<tr>\n<td style=\"width: 155px;height: 21px\" height=\"21\">Stil bojanja:<\/td>\n<td style=\"width: 439px\">Postimpresionizam<\/td>\n<\/tr>\n<tr>\n<td style=\"width: 155px;height: 21px\" height=\"21\">Izvorna tehnika:<\/td>\n<td style=\"width: 439px\">Ulje na platnu<\/td>\n<\/tr>\n<tr>\n<td style=\"width: 155px;height: 21px\" height=\"21\">Lokacija:<\/td>\n<td style=\"width: 439px\">\n<div>Metropolitan Museum of Art, New York<\/div>\n<\/td>\n<\/tr>\n<\/tbody>\n<\/table>\n<p>&nbsp;<\/p>\n<div>Ulje na platnu <em>\u010cempresi<\/em> umjetnik je naslikao ubrzo nakon po\u010detka svog boravka u sanatoriju u Saint R\u00e9myju. Van Goghova fascinacija \u010dempresima iznjedrila je tri slike: na dvije su \u010dempresi prikazani izbliza kao ogromna bujna stabla na okomitim platnima (tako\u0111er ova slika); na tre\u0107oj, koju je kasnije ponovio u dvije verzije, naslikao je polje \u010dempresa na horizontalnom platnu.<\/div>\n<div>Slikar je za \u010demprese rekao da su &#8220;kao crna mrlja na ina\u010de sun\u010danom krajoliku, ali ova je mrlja jedna od najzanimljivijih, jer je najte\u017ee do\u010darati to\u010dno ono \u0161to zamislim&#8221;.<\/div>\n<div><\/div>\n<div>&#8220;\u010cempresi&#8221; je serija slika nizozemskog umjetnika Vincenta van Gogha nastalih 1889. i 1890. Ova serija slika smatra se jednim od najljep\u0161ih i najslikovitijih Van Goghovih djela, pokazuju\u0107i njegovu vje\u0161tinu u hvatanju su\u0161tine prirode i vedrina sela . Na slikama su prikazani \u010dempresi, visoka, tamnozelena i \u010dunjasta stabla koja se \u010desto povezuju s grobljima i grobljima. Slike su nadaleko poznate po svojim odva\u017enim potezima, emocionalnosti i sna\u017enoj simbolici.<\/div>\n<div>\n<p>Kompozicija slika je jednostavna, ali efektna, jer \u010dempresi zauzimaju najve\u0107i dio prostora na platnu. Kori\u0161tenje boja na slikama tako\u0111er je vrijedno pa\u017enje, jer Van Gogh koristi hrabre, kontrastne boje koje stvaraju osje\u0107aj pokreta i energije. \u010cempresi su prikazani u nijansama zelene i plave, stvaraju\u0107i osje\u0107aj prizemnosti i mira. Potezi kistom na slikama su gusti i vidljivi, daju\u0107i slikama osje\u0107aj pokreta i energije.<\/p>\n<p>Simbolika na slikama je tako\u0111er bogata, jer \u010dempresi predstavljaju ideju smrti, besmrtnosti i vje\u010dnosti. Za slike se tako\u0111er ka\u017ee da predstavljaju Van Goghovo emocionalno stanje u to vrijeme. Nastale dok je Van Gogh \u017eivio u sveti\u0161tu Saint-Paul-de-Mausole u Saint-R\u00e9my-de-Provence u Francuskoj, vjeruje se da slike odra\u017eavaju umjetnikove osje\u0107aje \u010de\u017enje za prirodnim svijetom i povezivanjem s prirodom kao oblikom iscjeljivanje.<\/p>\n<p>Serija &#8220;Cipar&#8221; smatra se jednim od najslikovitijih i najsna\u017enijih Van Goghovih djela. Nalaze se u raznim muzejima diljem svijeta, poput Metropolitan muzeja u New Yorku, Nacionalne galerije u Washingtonu i Van Goghovog muzeja u Amsterdamu, Nizozemska. Rije\u010d je o va\u017enom postimpresionisti\u010dkom djelu kojem se jo\u0161 uvijek dive i prou\u010davaju kako ljubitelji umjetnosti tako i stru\u010dnjaci. Sna\u017ena slikovitost, emocionalnost i bogata simbolika \u010dine slike obaveznim za vidjeti svakog ljubitelja umjetnosti i svakoga tko se zanima za rad Vincenta van Gogha.<\/p>\n<\/div>\n<div><\/div>\n","protected":false},"excerpt":{"rendered":"<p>Vincent Van Gogh &#8211; \u010cempresi &nbsp; Godina stvaranja: 1889 Izvorna veli\u010dina: 73 cm x 92 cm Stil bojanja: Postimpresionizam Izvorna tehnika: Ulje na platnu Lokacija: Metropolitan Museum of Art, New York &nbsp; Ulje na platnu \u010cempresi umjetnik je naslikao ubrzo nakon po\u010detka svog boravka u sanatoriju u Saint R\u00e9myju. Van [&hellip;]<\/p>\n","protected":false},"featured_media":20126,"template":"","meta":{"_acf_changed":false},"product_brand":[],"product_cat":[3381],"product_tag":[4069,4070,4071,4073],"class_list":{"0":"post-26021","1":"product","2":"type-product","3":"status-publish","4":"has-post-thumbnail","6":"product_cat-vincent-van-gogh","7":"product_tag-reprodukcija-hr","8":"product_tag-reprodukcije-hr","9":"product_tag-slikar-hr","10":"product_tag-van-gogh-hr","11":"pa_dimenzija-100-x-130-cm","12":"pa_dimenzija-120-x-150-cm","13":"pa_dimenzija-40-x-50-cm","14":"pa_dimenzija-50-x-60-cm","15":"pa_dimenzija-60-x-80-cm","16":"pa_dimenzija-73-x-92-cm","17":"pa_dimenzija-80-x-100-cm","18":"pa_oblika-okomito","19":"pa_okvir-bez-okvira","20":"pa_podokvir-bez-podokvira","21":"pa_podokvir-sa-podokvirom","23":"first","24":"onbackorder","25":"purchasable","26":"product-type-variable","27":"has-default-attributes"},"acf":[],"yoast_head":"<!-- This site is optimized with the Yoast SEO Premium plugin v26.0 (Yoast SEO v27.2) - https:\/\/yoast.com\/product\/yoast-seo-premium-wordpress\/ -->\n<title>Vincent van Gogh - Cypresses - SVETSLIK.SI - 100% ru\u010dno naslikano<\/title>\n<meta name=\"description\" content=\"Vincent van Gogh - Cypresses - 100% ru\u010dno naslikane reprodukcije slika na platnu. Uokvirivanje slika, prodaja i izrada slika u dimenzijama po narud\u017ebi.\" \/>\n<meta name=\"robots\" content=\"index, follow, max-snippet:-1, max-image-preview:large, max-video-preview:-1\" \/>\n<link rel=\"canonical\" href=\"https:\/\/svetslik.si\/hr\/vincent-van-gogh\/cypresses\/\" \/>\n<meta property=\"og:locale\" content=\"hr_HR\" \/>\n<meta property=\"og:type\" content=\"article\" \/>\n<meta property=\"og:title\" content=\"Vincent van Gogh - Cypresses\" \/>\n<meta property=\"og:description\" content=\"100% ro\u010dno naslikane slike na platnu, reprodukcije znanih slikarjev in umetni\u0161ke slike po naro\u010dilu.\" \/>\n<meta property=\"og:url\" content=\"https:\/\/svetslik.si\/hr\/vincent-van-gogh\/cypresses\/\" \/>\n<meta property=\"og:site_name\" content=\"SVETSLIK.SI\" \/>\n<meta property=\"article:publisher\" content=\"https:\/\/www.facebook.com\/svetslik.si\" \/>\n<meta property=\"article:modified_time\" content=\"2024-07-04T18:17:39+00:00\" \/>\n<meta property=\"og:image\" content=\"https:\/\/svetslik.si\/wp-content\/uploads\/2021\/08\/image_Cypresses_680-scaled.jpg\" \/>\n\t<meta property=\"og:image:width\" content=\"1994\" \/>\n\t<meta property=\"og:image:height\" content=\"2560\" \/>\n\t<meta property=\"og:image:type\" content=\"image\/jpeg\" \/>\n<meta name=\"twitter:card\" content=\"summary_large_image\" \/>\n<meta name=\"twitter:site\" content=\"@svetslik\" \/>\n<meta name=\"twitter:label1\" content=\"Availability\" \/>\n\t<meta name=\"twitter:data1\" content=\"On backorder\" \/>\n<script type=\"application\/ld+json\" class=\"yoast-schema-graph\">{\"@context\":\"https:\/\/schema.org\",\"@graph\":[{\"@type\":[\"WebPage\",\"ItemPage\"],\"@id\":\"https:\/\/svetslik.si\/hr\/vincent-van-gogh\/cypresses\/\",\"url\":\"https:\/\/svetslik.si\/hr\/vincent-van-gogh\/cypresses\/\",\"name\":\"Vincent van Gogh - Cypresses - SVETSLIK.SI - 100% ru\u010dno naslikano\",\"isPartOf\":{\"@id\":\"https:\/\/svetslik.si\/hr\/#website\"},\"primaryImageOfPage\":{\"@id\":\"https:\/\/svetslik.si\/hr\/vincent-van-gogh\/cypresses\/#primaryimage\"},\"image\":{\"@id\":\"https:\/\/svetslik.si\/hr\/vincent-van-gogh\/cypresses\/#primaryimage\"},\"thumbnailUrl\":\"https:\/\/svetslik.si\/wp-content\/uploads\/2021\/08\/image_Cypresses_680-scaled.jpg\",\"datePublished\":\"2021-09-02T15:58:00+00:00\",\"dateModified\":\"2024-07-04T18:17:39+00:00\",\"description\":\"Vincent van Gogh - Cypresses - 100% ru\u010dno naslikane reprodukcije slika na platnu. Uokvirivanje slika, prodaja i izrada slika u dimenzijama po narud\u017ebi.\",\"breadcrumb\":{\"@id\":\"https:\/\/svetslik.si\/hr\/vincent-van-gogh\/cypresses\/#breadcrumb\"},\"inLanguage\":\"hr\",\"potentialAction\":[{\"@type\":\"ReadAction\",\"target\":[\"https:\/\/svetslik.si\/hr\/vincent-van-gogh\/cypresses\/\"]}]},{\"@type\":\"ImageObject\",\"inLanguage\":\"hr\",\"@id\":\"https:\/\/svetslik.si\/hr\/vincent-van-gogh\/cypresses\/#primaryimage\",\"url\":\"https:\/\/svetslik.si\/wp-content\/uploads\/2021\/08\/image_Cypresses_680-scaled.jpg\",\"contentUrl\":\"https:\/\/svetslik.si\/wp-content\/uploads\/2021\/08\/image_Cypresses_680-scaled.jpg\",\"width\":1994,\"height\":2560,\"caption\":\"Salvador Dali - Raspe\u0107e - Reprodukcija - ru\u010dno slikane zidne slike, ulje na platnu, uljane slike, umjetni\u010dke slike, moderne slike za zid, ambijentalne slike, apstraktne slike, dekorativne slike\"},{\"@type\":\"BreadcrumbList\",\"@id\":\"https:\/\/svetslik.si\/hr\/vincent-van-gogh\/cypresses\/#breadcrumb\",\"itemListElement\":[{\"@type\":\"ListItem\",\"position\":1,\"name\":\"Umjetni\u010dke zidne slike na platnu\",\"item\":\"https:\/\/svetslik.si\/hr\/\"},{\"@type\":\"ListItem\",\"position\":2,\"name\":\"Prodaja slika\",\"item\":\"https:\/\/svetslik.si\/prodaja-slik\/\"},{\"@type\":\"ListItem\",\"position\":3,\"name\":\"Vincent van Gogh &#8211; Cypresses\"}]},{\"@type\":\"WebSite\",\"@id\":\"https:\/\/svetslik.si\/hr\/#website\",\"url\":\"https:\/\/svetslik.si\/hr\/\",\"name\":\"SVETSLIK.SI\",\"description\":\"100% ru\u010dno naslikane reprodukcije slika poznatih slikara in umjetni\u010dke zidne slike na platnu.\",\"publisher\":{\"@id\":\"https:\/\/svetslik.si\/hr\/#organization\"},\"potentialAction\":[{\"@type\":\"SearchAction\",\"target\":{\"@type\":\"EntryPoint\",\"urlTemplate\":\"https:\/\/svetslik.si\/hr\/?s={search_term_string}\"},\"query-input\":{\"@type\":\"PropertyValueSpecification\",\"valueRequired\":true,\"valueName\":\"search_term_string\"}}],\"inLanguage\":\"hr\"},{\"@type\":\"Organization\",\"@id\":\"https:\/\/svetslik.si\/hr\/#organization\",\"name\":\"SvetSlik.si\",\"url\":\"https:\/\/svetslik.si\/hr\/\",\"logo\":{\"@type\":\"ImageObject\",\"inLanguage\":\"hr\",\"@id\":\"https:\/\/svetslik.si\/hr\/#\/schema\/logo\/image\/\",\"url\":\"https:\/\/svetslik.si\/wp-content\/uploads\/2020\/12\/logo-512.png\",\"contentUrl\":\"https:\/\/svetslik.si\/wp-content\/uploads\/2020\/12\/logo-512.png\",\"width\":512,\"height\":512,\"caption\":\"SvetSlik.si\"},\"image\":{\"@id\":\"https:\/\/svetslik.si\/hr\/#\/schema\/logo\/image\/\"},\"sameAs\":[\"https:\/\/www.facebook.com\/svetslik.si\",\"https:\/\/x.com\/svetslik\",\"https:\/\/www.instagram.com\/svetslik.si\/\",\"https:\/\/www.linkedin.com\/company\/svetslik-si\"]}]}<\/script>\n<meta property=\"og:availability\" content=\"backorder\" \/>\n<meta property=\"product:availability\" content=\"available for order\" \/>\n<meta property=\"product:retailer_item_id\" content=\"324__\" \/>\n<meta property=\"product:condition\" content=\"new\" \/>\n<!-- \/ Yoast SEO Premium plugin. -->","yoast_head_json":{"title":"Vincent van Gogh - Cypresses - SVETSLIK.SI - 100% ru\u010dno naslikano","description":"Vincent van Gogh - Cypresses - 100% ru\u010dno naslikane reprodukcije slika na platnu. Uokvirivanje slika, prodaja i izrada slika u dimenzijama po narud\u017ebi.","robots":{"index":"index","follow":"follow","max-snippet":"max-snippet:-1","max-image-preview":"max-image-preview:large","max-video-preview":"max-video-preview:-1"},"canonical":"https:\/\/svetslik.si\/hr\/vincent-van-gogh\/cypresses\/","og_locale":"hr_HR","og_type":"article","og_title":"Vincent van Gogh - Cypresses","og_description":"100% ro\u010dno naslikane slike na platnu, reprodukcije znanih slikarjev in umetni\u0161ke slike po naro\u010dilu.","og_url":"https:\/\/svetslik.si\/hr\/vincent-van-gogh\/cypresses\/","og_site_name":"SVETSLIK.SI","article_publisher":"https:\/\/www.facebook.com\/svetslik.si","article_modified_time":"2024-07-04T18:17:39+00:00","og_image":[{"width":1994,"height":2560,"url":"https:\/\/svetslik.si\/wp-content\/uploads\/2021\/08\/image_Cypresses_680-scaled.jpg","type":"image\/jpeg"}],"twitter_card":"summary_large_image","twitter_site":"@svetslik","twitter_misc":{"Availability":"On backorder"},"schema":{"@context":"https:\/\/schema.org","@graph":[{"@type":["WebPage","ItemPage"],"@id":"https:\/\/svetslik.si\/hr\/vincent-van-gogh\/cypresses\/","url":"https:\/\/svetslik.si\/hr\/vincent-van-gogh\/cypresses\/","name":"Vincent van Gogh - Cypresses - SVETSLIK.SI - 100% ru\u010dno naslikano","isPartOf":{"@id":"https:\/\/svetslik.si\/hr\/#website"},"primaryImageOfPage":{"@id":"https:\/\/svetslik.si\/hr\/vincent-van-gogh\/cypresses\/#primaryimage"},"image":{"@id":"https:\/\/svetslik.si\/hr\/vincent-van-gogh\/cypresses\/#primaryimage"},"thumbnailUrl":"https:\/\/svetslik.si\/wp-content\/uploads\/2021\/08\/image_Cypresses_680-scaled.jpg","datePublished":"2021-09-02T15:58:00+00:00","dateModified":"2024-07-04T18:17:39+00:00","description":"Vincent van Gogh - Cypresses - 100% ru\u010dno naslikane reprodukcije slika na platnu. Uokvirivanje slika, prodaja i izrada slika u dimenzijama po narud\u017ebi.","breadcrumb":{"@id":"https:\/\/svetslik.si\/hr\/vincent-van-gogh\/cypresses\/#breadcrumb"},"inLanguage":"hr","potentialAction":[{"@type":"ReadAction","target":["https:\/\/svetslik.si\/hr\/vincent-van-gogh\/cypresses\/"]}]},{"@type":"ImageObject","inLanguage":"hr","@id":"https:\/\/svetslik.si\/hr\/vincent-van-gogh\/cypresses\/#primaryimage","url":"https:\/\/svetslik.si\/wp-content\/uploads\/2021\/08\/image_Cypresses_680-scaled.jpg","contentUrl":"https:\/\/svetslik.si\/wp-content\/uploads\/2021\/08\/image_Cypresses_680-scaled.jpg","width":1994,"height":2560,"caption":"Salvador Dali - Raspe\u0107e - Reprodukcija - ru\u010dno slikane zidne slike, ulje na platnu, uljane slike, umjetni\u010dke slike, moderne slike za zid, ambijentalne slike, apstraktne slike, dekorativne slike"},{"@type":"BreadcrumbList","@id":"https:\/\/svetslik.si\/hr\/vincent-van-gogh\/cypresses\/#breadcrumb","itemListElement":[{"@type":"ListItem","position":1,"name":"Umjetni\u010dke zidne slike na platnu","item":"https:\/\/svetslik.si\/hr\/"},{"@type":"ListItem","position":2,"name":"Prodaja slika","item":"https:\/\/svetslik.si\/prodaja-slik\/"},{"@type":"ListItem","position":3,"name":"Vincent van Gogh &#8211; Cypresses"}]},{"@type":"WebSite","@id":"https:\/\/svetslik.si\/hr\/#website","url":"https:\/\/svetslik.si\/hr\/","name":"SVETSLIK.SI","description":"100% ru\u010dno naslikane reprodukcije slika poznatih slikara in umjetni\u010dke zidne slike na platnu.","publisher":{"@id":"https:\/\/svetslik.si\/hr\/#organization"},"potentialAction":[{"@type":"SearchAction","target":{"@type":"EntryPoint","urlTemplate":"https:\/\/svetslik.si\/hr\/?s={search_term_string}"},"query-input":{"@type":"PropertyValueSpecification","valueRequired":true,"valueName":"search_term_string"}}],"inLanguage":"hr"},{"@type":"Organization","@id":"https:\/\/svetslik.si\/hr\/#organization","name":"SvetSlik.si","url":"https:\/\/svetslik.si\/hr\/","logo":{"@type":"ImageObject","inLanguage":"hr","@id":"https:\/\/svetslik.si\/hr\/#\/schema\/logo\/image\/","url":"https:\/\/svetslik.si\/wp-content\/uploads\/2020\/12\/logo-512.png","contentUrl":"https:\/\/svetslik.si\/wp-content\/uploads\/2020\/12\/logo-512.png","width":512,"height":512,"caption":"SvetSlik.si"},"image":{"@id":"https:\/\/svetslik.si\/hr\/#\/schema\/logo\/image\/"},"sameAs":["https:\/\/www.facebook.com\/svetslik.si","https:\/\/x.com\/svetslik","https:\/\/www.instagram.com\/svetslik.si\/","https:\/\/www.linkedin.com\/company\/svetslik-si"]}]},"og_availability":"backorder","product_availability":"available for order","product_retailer_item_id":"324__","product_condition":"new"},"jetpack_sharing_enabled":true,"_links":{"self":[{"href":"https:\/\/svetslik.si\/hr\/wp-json\/wp\/v2\/product\/26021","targetHints":{"allow":["GET"]}}],"collection":[{"href":"https:\/\/svetslik.si\/hr\/wp-json\/wp\/v2\/product"}],"about":[{"href":"https:\/\/svetslik.si\/hr\/wp-json\/wp\/v2\/types\/product"}],"wp:featuredmedia":[{"embeddable":true,"href":"https:\/\/svetslik.si\/hr\/wp-json\/wp\/v2\/media\/20126"}],"wp:attachment":[{"href":"https:\/\/svetslik.si\/hr\/wp-json\/wp\/v2\/media?parent=26021"}],"wp:term":[{"taxonomy":"product_brand","embeddable":true,"href":"https:\/\/svetslik.si\/hr\/wp-json\/wp\/v2\/product_brand?post=26021"},{"taxonomy":"product_cat","embeddable":true,"href":"https:\/\/svetslik.si\/hr\/wp-json\/wp\/v2\/product_cat?post=26021"},{"taxonomy":"product_tag","embeddable":true,"href":"https:\/\/svetslik.si\/hr\/wp-json\/wp\/v2\/product_tag?post=26021"}],"curies":[{"name":"wp","href":"https:\/\/api.w.org\/{rel}","templated":true}]}}