{"id":26102,"date":"2021-09-02T17:48:42","date_gmt":"2021-09-02T15:48:42","guid":{"rendered":"https:\/\/svetslik.si\/Bez%20kategorije\/sunflowers-i\/"},"modified":"2025-11-02T21:55:11","modified_gmt":"2025-11-02T20:55:11","slug":"sunflowers-i","status":"publish","type":"product","link":"https:\/\/svetslik.si\/hr\/vincent-van-gogh\/sunflowers-i\/","title":{"rendered":"Vincent van Gogh &#8211; Sunflowers I"},"content":{"rendered":"<div class=\"wpb-content-wrapper\">[vc_row][vc_column][vc_column_text css=&#8221;&#8221;]<div class=\"yt-lazy-video ratio-square\" data-id=\"V1ptVELCabw\"><\/div>[\/vc_column_text][\/vc_column][\/vc_row][vc_row][vc_column][vc_column_text css=&#8221;&#8221;]\n<p data-pm-slice=\"1 1 []\"><div class=\"yt-lazy-video ratio-square\" data-id=\"R1UjQ8CK1Oc\"><\/div>\n<p>\u00a0[\/vc_column_text][\/vc_column][\/vc_row][vc_row css=&#8221;.vc_custom_1691324401663{margin-bottom: 10px !important;}&#8221;][vc_column]\t<div class=\"et-image-989 et-image  full   et_image_link\">\n\t\t<div class=\"et-image-inner \">\n\t\t\t\t\t\t\t<div class=\"et-image-thumb \">\n\t\t\t\t\t<img decoding=\"async\" width=\"2560\" height=\"1707\" src=\"https:\/\/svetslik.si\/wp-content\/uploads\/2021\/12\/vincent-van-gogh-Sunflowers-soncnice-slika-na-platnu-scaled.jpg\" class=\"attachment-full\" alt=\"Vincent van gogh - Suncokreti - suncokreti - - slika na platnu - ru\u010dno oslikane reprodukcije slika - zidne slike na platnu\" title=\"Vincent van gogh - Suncokreti - suncokreti - - slika na platnu - ru\u010dno oslikane reprodukcije slika - zidne slike na platnu\" srcset=\"https:\/\/svetslik.si\/wp-content\/uploads\/2021\/12\/vincent-van-gogh-Sunflowers-soncnice-slika-na-platnu-scaled.jpg 2560w, https:\/\/svetslik.si\/wp-content\/uploads\/2021\/12\/vincent-van-gogh-Sunflowers-soncnice-slika-na-platnu-600x400.jpg 600w, https:\/\/svetslik.si\/wp-content\/uploads\/2021\/12\/vincent-van-gogh-Sunflowers-soncnice-slika-na-platnu-scaled-1200x800.jpg 1200w, https:\/\/svetslik.si\/wp-content\/uploads\/2021\/12\/vincent-van-gogh-Sunflowers-soncnice-slika-na-platnu-300x200.jpg 300w, https:\/\/svetslik.si\/wp-content\/uploads\/2021\/12\/vincent-van-gogh-Sunflowers-soncnice-slika-na-platnu-1024x683.jpg 1024w, https:\/\/svetslik.si\/wp-content\/uploads\/2021\/12\/vincent-van-gogh-Sunflowers-soncnice-slika-na-platnu-768x512.jpg 768w, https:\/\/svetslik.si\/wp-content\/uploads\/2021\/12\/vincent-van-gogh-Sunflowers-soncnice-slika-na-platnu-1536x1024.jpg 1536w, https:\/\/svetslik.si\/wp-content\/uploads\/2021\/12\/vincent-van-gogh-Sunflowers-soncnice-slika-na-platnu-2048x1366.jpg 2048w, https:\/\/svetslik.si\/wp-content\/uploads\/2021\/12\/vincent-van-gogh-Sunflowers-soncnice-slika-na-platnu-150x100.jpg 150w, https:\/\/svetslik.si\/wp-content\/uploads\/2021\/12\/vincent-van-gogh-Sunflowers-soncnice-slika-na-platnu-1320x880.jpg 1320w, https:\/\/svetslik.si\/wp-content\/uploads\/2021\/12\/vincent-van-gogh-Sunflowers-soncnice-slika-na-platnu-900x600.jpg 900w\" sizes=\"(max-width: 2560px) 100vw, 2560px\" \/>\t\t\t\t<\/div>\n\t\t\t\t\t\t\t\t\t\t\t<\/div>\n\t<\/div>\n  [\/vc_column][\/vc_row][vc_row css=&#8221;.vc_custom_1691324409940{margin-bottom: 10px !important;}&#8221;][vc_column]\t<div class=\"et-image-205 et-image  full   et_image_link\">\n\t\t<div class=\"et-image-inner \">\n\t\t\t\t\t\t\t<div class=\"et-image-thumb \">\n\t\t\t\t\t<img decoding=\"async\" width=\"2560\" height=\"1441\" src=\"https:\/\/svetslik.si\/wp-content\/uploads\/2021\/09\/20230228_115419-scaled.jpg\" class=\"attachment-full\" alt=\"Vincent van Gogh - Son\u010dnice I - Slike za zid\" title=\"Vincent van Gogh - Son\u010dnice I - Slike za zid\" srcset=\"https:\/\/svetslik.si\/wp-content\/uploads\/2021\/09\/20230228_115419-scaled.jpg 2560w, https:\/\/svetslik.si\/wp-content\/uploads\/2021\/09\/20230228_115419-scaled-600x338.jpg 600w, https:\/\/svetslik.si\/wp-content\/uploads\/2021\/09\/20230228_115419-scaled-1200x675.jpg 1200w, https:\/\/svetslik.si\/wp-content\/uploads\/2021\/09\/20230228_115419-300x169.jpg 300w, https:\/\/svetslik.si\/wp-content\/uploads\/2021\/09\/20230228_115419-1024x577.jpg 1024w, https:\/\/svetslik.si\/wp-content\/uploads\/2021\/09\/20230228_115419-768x432.jpg 768w, https:\/\/svetslik.si\/wp-content\/uploads\/2021\/09\/20230228_115419-1536x865.jpg 1536w, https:\/\/svetslik.si\/wp-content\/uploads\/2021\/09\/20230228_115419-2048x1153.jpg 2048w, https:\/\/svetslik.si\/wp-content\/uploads\/2021\/09\/20230228_115419-18x10.jpg 18w, https:\/\/svetslik.si\/wp-content\/uploads\/2021\/09\/20230228_115419-150x84.jpg 150w\" sizes=\"(max-width: 2560px) 100vw, 2560px\" \/>\t\t\t\t<\/div>\n\t\t\t\t\t\t\t\t\t\t\t<\/div>\n\t<\/div>\n  [\/vc_column][\/vc_row][vc_row css=&#8221;.vc_custom_1691324409940{margin-bottom: 10px !important;}&#8221;][vc_column]\t<div class=\"et-image-476 et-image  full   et_image_link\">\n\t\t<div class=\"et-image-inner \">\n\t\t\t\t\t\t\t<div class=\"et-image-thumb \">\n\t\t\t\t\t<img decoding=\"async\" width=\"1000\" height=\"1286\" src=\"https:\/\/svetslik.si\/wp-content\/uploads\/2021\/09\/Vincent-van-Gogh-\u2013-Sunflowers-I-reprodukcija-2.jpg\" class=\"attachment-full\" alt=\"Vincent van Gogh \u2013 Suncokreti I replika 2\" title=\"Vincent van Gogh \u2013 Suncokreti I replika 2\" srcset=\"https:\/\/svetslik.si\/wp-content\/uploads\/2021\/09\/Vincent-van-Gogh-\u2013-Sunflowers-I-reprodukcija-2.jpg 1000w, https:\/\/svetslik.si\/wp-content\/uploads\/2021\/09\/Vincent-van-Gogh-\u2013-Sunflowers-I-reprodukcija-2-600x772.jpg 600w, https:\/\/svetslik.si\/wp-content\/uploads\/2021\/09\/Vincent-van-Gogh-\u2013-Sunflowers-I-reprodukcija-2-233x300.jpg 233w, https:\/\/svetslik.si\/wp-content\/uploads\/2021\/09\/Vincent-van-Gogh-\u2013-Sunflowers-I-reprodukcija-2-796x1024.jpg 796w, https:\/\/svetslik.si\/wp-content\/uploads\/2021\/09\/Vincent-van-Gogh-\u2013-Sunflowers-I-reprodukcija-2-768x988.jpg 768w, https:\/\/svetslik.si\/wp-content\/uploads\/2021\/09\/Vincent-van-Gogh-\u2013-Sunflowers-I-reprodukcija-2-117x150.jpg 117w, https:\/\/svetslik.si\/wp-content\/uploads\/2021\/09\/Vincent-van-Gogh-\u2013-Sunflowers-I-reprodukcija-2-900x1157.jpg 900w\" sizes=\"(max-width: 1000px) 100vw, 1000px\" \/>\t\t\t\t<\/div>\n\t\t\t\t\t\t\t\t\t\t\t<\/div>\n\t<\/div>\n  [\/vc_column][\/vc_row][vc_row css=&#8221;.vc_custom_1691324409940{margin-bottom: 10px !important;}&#8221;][vc_column]\t<div class=\"et-image-584 et-image  full   et_image_link\">\n\t\t<div class=\"et-image-inner \">\n\t\t\t\t\t\t\t<div class=\"et-image-thumb \">\n\t\t\t\t\t<img decoding=\"async\" width=\"1000\" height=\"1416\" src=\"https:\/\/svetslik.si\/wp-content\/uploads\/2021\/09\/Vincent-van-Gogh-\u2013-Sunflowers-I-reprodukcija-2-1.jpg\" class=\"attachment-full\" alt=\"Vincent van Gogh \u2013 Suncokreti I replika 2\" title=\"Vincent van Gogh \u2013 Suncokreti I replika 2\" srcset=\"https:\/\/svetslik.si\/wp-content\/uploads\/2021\/09\/Vincent-van-Gogh-\u2013-Sunflowers-I-reprodukcija-2-1.jpg 1000w, https:\/\/svetslik.si\/wp-content\/uploads\/2021\/09\/Vincent-van-Gogh-\u2013-Sunflowers-I-reprodukcija-2-1-600x850.jpg 600w, https:\/\/svetslik.si\/wp-content\/uploads\/2021\/09\/Vincent-van-Gogh-\u2013-Sunflowers-I-reprodukcija-2-1-212x300.jpg 212w, https:\/\/svetslik.si\/wp-content\/uploads\/2021\/09\/Vincent-van-Gogh-\u2013-Sunflowers-I-reprodukcija-2-1-723x1024.jpg 723w, https:\/\/svetslik.si\/wp-content\/uploads\/2021\/09\/Vincent-van-Gogh-\u2013-Sunflowers-I-reprodukcija-2-1-768x1087.jpg 768w, https:\/\/svetslik.si\/wp-content\/uploads\/2021\/09\/Vincent-van-Gogh-\u2013-Sunflowers-I-reprodukcija-2-1-106x150.jpg 106w, https:\/\/svetslik.si\/wp-content\/uploads\/2021\/09\/Vincent-van-Gogh-\u2013-Sunflowers-I-reprodukcija-2-1-900x1274.jpg 900w\" sizes=\"(max-width: 1000px) 100vw, 1000px\" \/>\t\t\t\t<\/div>\n\t\t\t\t\t\t\t\t\t\t\t<\/div>\n\t<\/div>\n  [\/vc_column][\/vc_row][vc_row css=&#8221;.vc_custom_1691324409940{margin-bottom: 10px !important;}&#8221;][vc_column]\t<div class=\"et-image-613 et-image  full   et_image_link\">\n\t\t<div class=\"et-image-inner \">\n\t\t\t\t\t\t\t<div class=\"et-image-thumb \">\n\t\t\t\t\t<img decoding=\"async\" width=\"1000\" height=\"1584\" src=\"https:\/\/svetslik.si\/wp-content\/uploads\/2021\/09\/Vincent-van-Gogh-\u2013-Sunflowers-I-reprodukcija.jpg\" class=\"attachment-full\" alt=\"Vincent van Gogh \u2013 Suncokreti I replika\" title=\"Vincent van Gogh \u2013 Suncokreti I replika\" srcset=\"https:\/\/svetslik.si\/wp-content\/uploads\/2021\/09\/Vincent-van-Gogh-\u2013-Sunflowers-I-reprodukcija.jpg 1000w, https:\/\/svetslik.si\/wp-content\/uploads\/2021\/09\/Vincent-van-Gogh-\u2013-Sunflowers-I-reprodukcija-600x950.jpg 600w, https:\/\/svetslik.si\/wp-content\/uploads\/2021\/09\/Vincent-van-Gogh-\u2013-Sunflowers-I-reprodukcija-189x300.jpg 189w, https:\/\/svetslik.si\/wp-content\/uploads\/2021\/09\/Vincent-van-Gogh-\u2013-Sunflowers-I-reprodukcija-646x1024.jpg 646w, https:\/\/svetslik.si\/wp-content\/uploads\/2021\/09\/Vincent-van-Gogh-\u2013-Sunflowers-I-reprodukcija-768x1217.jpg 768w, https:\/\/svetslik.si\/wp-content\/uploads\/2021\/09\/Vincent-van-Gogh-\u2013-Sunflowers-I-reprodukcija-970x1536.jpg 970w, https:\/\/svetslik.si\/wp-content\/uploads\/2021\/09\/Vincent-van-Gogh-\u2013-Sunflowers-I-reprodukcija-95x150.jpg 95w, https:\/\/svetslik.si\/wp-content\/uploads\/2021\/09\/Vincent-van-Gogh-\u2013-Sunflowers-I-reprodukcija-900x1426.jpg 900w\" sizes=\"(max-width: 1000px) 100vw, 1000px\" \/>\t\t\t\t<\/div>\n\t\t\t\t\t\t\t\t\t\t\t<\/div>\n\t<\/div>\n  [\/vc_column][\/vc_row][vc_row][vc_column][vc_column_text]\n<h1>Vincent Van Gogh &#8211; Suncokreti I<\/h1>\n<table id=\"imageinfo\" border=\"0\" width=\"96%\" cellspacing=\"0\" cellpadding=\"2\">\n<tbody>\n<tr>\n<td width=\"120\">Godina stvaranja:<\/td>\n<td>1888<\/td>\n<\/tr>\n<tr>\n<td>Izvorna veli\u010dina:<\/td>\n<td>92,1 x 73 cm<\/td>\n<\/tr>\n<tr>\n<td>Stil slikanja:<\/td>\n<td>Postimpresionizam<\/td>\n<\/tr>\n<tr>\n<td>Izvorna tehnika:<\/td>\n<td>Ulje na platnu<\/td>\n<\/tr>\n<tr>\n<td>Lokacija:<\/td>\n<td>Nacionalna galerija, London<\/td>\n<\/tr>\n<\/tbody>\n<\/table>\n<p><strong>Suncokreti<\/strong> motiv su dvije serije mrtvih priroda <a href=\"https:\/\/svetslik.si\/2022\/01\/31\/vincent-van-gogh\/\">Van Gogh<\/a>. Rana serija nastala je 1887. u Parizu i prikazuje cvije\u0107e kako le\u017ei na zemlji; druga serija nastala je godinu dana kasnije u Arlesu i prikazuje bukete <strong>suncokreta u vazi<\/strong>. Obje serije naslikao je <strong>Van Gogh<\/strong> jer je \u017eelio impresionirati svog prijatelja slikara <a href=\"https:\/\/svetslik.si\/hr\/paul-gauguin\/\"><strong>Paula Gauguina&lt;\/ strong&gt; strong&gt;<\/strong><\/a>, koji je kupio i dvije mrtve prirode iz serije Pariz. Oko osam mjeseci kasnije, Van Gogh je Gauguina do\u010dekao u Arlesu sa slikama suncokreta u vazi, koje je objesio u gostinjskoj sobi na <a href=\"https:\/\/svetslik.si\/vincent-van-gogh\/the-yellow- ku\u0107a \/\"><strong>\u017duta ku\u0107a<\/strong><\/a>, posve\u0107ena Gauguinu. Kriti\u010dari Van Goghovu seriju suncokreta opisuju kao &#8220;odu Provansi&#8221; i &#8220;najbolje mrtve prirode u povijesti umjetnosti&#8221;.<\/p>\n<p>Naslikao je ukupno <strong>dvanaest slika na platnu<\/strong>iako naj \u010de\u0161\u0107e spominje sedam koje je naslikao u Arlesu 1888-1889. Ostalih pet naslikao je ranije u Parizu.<\/p>\n<p>Postoje mnoge varijacije u seriji <strong>Suncokreti<\/strong> &#8211; svaka je jasno prepoznatljiva kao Van Goghovo djelo. Me\u0111u njima postoje male razlike. Cjelokupni raspored s polo\u017eajem suncokreta obi\u010dno ostaje isti na svim slikama.<\/p>\n<p><strong>Suncokreti &#8211; Suflowers<\/strong> do danas su postali njegov umjetni\u010dki alter ego. Nijedna retrospektivna Van Goghova izlo\u017eba od 1901. nije ih propustila uklju\u010diti. Rekordne cijene pla\u0107ene na aukcijama potvr\u0111uju njihov javni uspjeh. Mo\u017eda su zato Van Goghovi suncokreti vi\u0161e od njega ili njega samog \u2013 mo\u017eda \u010dak i cvijetom, kako je rekao Gauguin.<\/p>\n<h3>Zanimljivosti o suncokretima:<\/h3>\n<ol>\n<li>Van Gogh nikada nije naslikao niti jednu sliku pod nazivom &#8220;Suncokreti&#8221;. Napravio je nekoliko prikaza velikih \u017eutih cvjetova u dvije odvojene serije suncokreta. Jedan tijekom boravka s bratom u Parizu 1887., a drugi u Arlesu, gdje je \u017eivio izme\u0111u 1888. i 1889.<\/li>\n<li>Pari\u0161ka se razlikuje od Arle\u0161ke po tome \u0161to je kod Pariza cvije\u0107e le\u017eerno polo\u017eeno na povr\u0161inu u grozdovima po dva ili \u010detiri, dok je kod Arle\u0161ke u ve\u0107em broju u vazi.<\/li>\n<li>Kad su se sreli u Parizu 1887., Van Gogh i Gaugin razmijenili su slike.Vincent je donirao sliku <strong>&#8220;Suncokreti&#8221;<\/strong> iz Pariza.<\/li>\n<li><strong>&#8220;Suncokreti&#8221;<\/strong> povezuju odsje\u010deno uho. Vincent je u Arlesu unajmio stan u takozvanoj <a href=\"https:\/\/svetslik.si\/vincent-van-gogh\/the-yellow-house\/\">\u017dutoj ku\u0107i<\/a> i opremio sobu za Gauguin.Planirao je ukrasiti sobu slikama suncokreta.<\/li>\n<li>Tijekom posjeta \u017dutoj ku\u0107i, Gauguin je naslikao Van Gogha kako slika Suncokrete. Naziv slike je &#8220;Slikar suncokreta&#8221;.<\/li>\n<li>Godine 1890. jedan belgijski slikar u Bruxellesu bio je ljut \u0161to su njegove slike bile izlo\u017eene na istoj izlo\u017ebi kao i &#8220;Suncokreti&#8221;. Van Goghov prijatelj Henri Toulouse-Lautrec izazvao je Belgijca na dvoboj sa smr\u0107u, \u0161to se nije dogodilo.<\/li>\n<li>Biv\u0161a premijerka Margaret Thatcher jednom je tra\u017eila da vidi Van Goghove krizanteme. Nitko nije razmi\u0161ljao da to popravi.<\/li>\n<li>Jarko \u017eute uljane boje u Van Goghovim &#8220;Suncokretima&#8221; razvijene su po\u010detkom 19. stolje\u0107a. Bio je me\u0111u prvim slikarima koji su ih po\u010deli koristiti.<\/li>\n<li>Van Gogh nije jedini koji je \u010desto koristio motiv suncokreta. William Blake, <a href=\"https:\/\/svetslik.si\/hr\/claude-monet\/\">Claude Monet<\/a> i Allen Ginsberg neki su drugi poznati slikari koji su koristili motiv suncokreta.<\/li>\n<\/ol>\n<p>&nbsp;<\/p>\n<p>&nbsp;<\/p>\n[\/vc_column_text][\/vc_column][\/vc_row]\n<\/div>","protected":false},"excerpt":{"rendered":"<p>[vc_row][vc_column][vc_column_text css=&#8221;&#8221;][\/vc_column_text][\/vc_column][\/vc_row][vc_row][vc_column][vc_column_text css=&#8221;&#8221;] \u00a0[\/vc_column_text][\/vc_column][\/vc_row][vc_row css=&#8221;.vc_custom_1691324401663{margin-bottom: 10px !important;}&#8221;][vc_column][\/vc_column][\/vc_row][vc_row css=&#8221;.vc_custom_1691324409940{margin-bottom: 10px !important;}&#8221;][vc_column][\/vc_column][\/vc_row][vc_row css=&#8221;.vc_custom_1691324409940{margin-bottom: 10px !important;}&#8221;][vc_column][\/vc_column][\/vc_row][vc_row css=&#8221;.vc_custom_1691324409940{margin-bottom: 10px !important;}&#8221;][vc_column][\/vc_column][\/vc_row][vc_row css=&#8221;.vc_custom_1691324409940{margin-bottom: 10px !important;}&#8221;][vc_column][\/vc_column][\/vc_row][vc_row][vc_column][vc_column_text] Vincent Van Gogh &#8211; Suncokreti I Godina stvaranja: 1888 Izvorna veli\u010dina: 92,1 x 73 cm Stil slikanja: Postimpresionizam Izvorna tehnika: Ulje na platnu Lokacija: Nacionalna galerija, London Suncokreti motiv su dvije [&hellip;]<\/p>\n","protected":false},"featured_media":20761,"template":"","meta":{"_acf_changed":false},"product_brand":[],"product_cat":[3381],"product_tag":[4069,4070,4071,4073],"class_list":{"0":"post-26102","1":"product","2":"type-product","3":"status-publish","4":"has-post-thumbnail","6":"product_cat-vincent-van-gogh","7":"product_tag-reprodukcija-hr","8":"product_tag-reprodukcije-hr","9":"product_tag-slikar-hr","10":"product_tag-van-gogh-hr","11":"pa_dimenzija-100-x-130-cm-hr","12":"pa_dimenzija-120-x-160-cm-hr","13":"pa_dimenzija-40-x-50-cm-hr","14":"pa_dimenzija-50-x-65-cm-hr","15":"pa_dimenzija-60-x-80-cm-hr","16":"pa_dimenzija-73-x-95-cm-hr","17":"pa_dimenzija-80-x-100-cm-hr","18":"pa_oblika-okomito","19":"pa_okvir-bez-okvira","20":"pa_podokvir-bez-podokvira","21":"pa_podokvir-sa-podokvirom","23":"first","24":"instock","25":"purchasable","26":"product-type-variable","27":"has-default-attributes"},"acf":[],"yoast_head":"<!-- This site is optimized with the Yoast SEO Premium plugin v26.0 (Yoast SEO v27.2) - https:\/\/yoast.com\/product\/yoast-seo-premium-wordpress\/ -->\n<title>Vincent van Gogh - Sunflowers I - SVETSLIK.SI - 100% ru\u010dno naslikano<\/title>\n<meta name=\"description\" content=\"Vincent van Gogh - Sunflowers I - 100% ru\u010dno naslikane reprodukcije slika na platnu. Uramljivanje slika, prodaja i izrada slika u dimenzijama po narud\u017ebi.\" \/>\n<meta name=\"robots\" content=\"index, follow, max-snippet:-1, max-image-preview:large, max-video-preview:-1\" \/>\n<link rel=\"canonical\" href=\"https:\/\/svetslik.si\/hr\/vincent-van-gogh\/sunflowers-i\/\" \/>\n<meta property=\"og:locale\" content=\"hr_HR\" \/>\n<meta property=\"og:type\" content=\"article\" \/>\n<meta property=\"og:title\" content=\"Vincent van Gogh - Sunflowers I\" \/>\n<meta property=\"og:description\" content=\"100% ro\u010dno naslikane slike na platnu, reprodukcije znanih slikarjev in umetni\u0161ke slike po naro\u010dilu.\" \/>\n<meta property=\"og:url\" content=\"https:\/\/svetslik.si\/hr\/vincent-van-gogh\/sunflowers-i\/\" \/>\n<meta property=\"og:site_name\" content=\"SVETSLIK.SI\" \/>\n<meta property=\"article:publisher\" content=\"https:\/\/www.facebook.com\/svetslik.si\" \/>\n<meta property=\"article:modified_time\" content=\"2025-11-02T20:55:11+00:00\" \/>\n<meta property=\"og:image\" content=\"https:\/\/svetslik.si\/wp-content\/uploads\/2021\/08\/image_Sunflowers-I-Van-Gogh_680-scaled.jpg\" \/>\n\t<meta property=\"og:image:width\" content=\"1953\" \/>\n\t<meta property=\"og:image:height\" content=\"2560\" \/>\n\t<meta property=\"og:image:type\" content=\"image\/jpeg\" \/>\n<meta name=\"twitter:card\" content=\"summary_large_image\" \/>\n<meta name=\"twitter:site\" content=\"@svetslik\" \/>\n<meta name=\"twitter:label1\" content=\"Availability\" \/>\n\t<meta name=\"twitter:data1\" content=\"Na zalihi\" \/>\n<script type=\"application\/ld+json\" class=\"yoast-schema-graph\">{\"@context\":\"https:\/\/schema.org\",\"@graph\":[{\"@type\":[\"WebPage\",\"ItemPage\"],\"@id\":\"https:\/\/svetslik.si\/hr\/vincent-van-gogh\/sunflowers-i\/\",\"url\":\"https:\/\/svetslik.si\/hr\/vincent-van-gogh\/sunflowers-i\/\",\"name\":\"Vincent van Gogh - Sunflowers I - SVETSLIK.SI - 100% ru\u010dno naslikano\",\"isPartOf\":{\"@id\":\"https:\/\/svetslik.si\/hr\/#website\"},\"primaryImageOfPage\":{\"@id\":\"https:\/\/svetslik.si\/hr\/vincent-van-gogh\/sunflowers-i\/#primaryimage\"},\"image\":{\"@id\":\"https:\/\/svetslik.si\/hr\/vincent-van-gogh\/sunflowers-i\/#primaryimage\"},\"thumbnailUrl\":\"https:\/\/svetslik.si\/wp-content\/uploads\/2021\/08\/image_Sunflowers-I-Van-Gogh_680-scaled.jpg\",\"datePublished\":\"2021-09-02T15:48:42+00:00\",\"dateModified\":\"2025-11-02T20:55:11+00:00\",\"description\":\"Vincent van Gogh - Sunflowers I - 100% ru\u010dno naslikane reprodukcije slika na platnu. Uramljivanje slika, prodaja i izrada slika u dimenzijama po narud\u017ebi.\",\"breadcrumb\":{\"@id\":\"https:\/\/svetslik.si\/hr\/vincent-van-gogh\/sunflowers-i\/#breadcrumb\"},\"inLanguage\":\"hr\",\"potentialAction\":[{\"@type\":\"ReadAction\",\"target\":[\"https:\/\/svetslik.si\/hr\/vincent-van-gogh\/sunflowers-i\/\"]}]},{\"@type\":\"ImageObject\",\"inLanguage\":\"hr\",\"@id\":\"https:\/\/svetslik.si\/hr\/vincent-van-gogh\/sunflowers-i\/#primaryimage\",\"url\":\"https:\/\/svetslik.si\/wp-content\/uploads\/2021\/08\/image_Sunflowers-I-Van-Gogh_680-scaled.jpg\",\"contentUrl\":\"https:\/\/svetslik.si\/wp-content\/uploads\/2021\/08\/image_Sunflowers-I-Van-Gogh_680-scaled.jpg\",\"width\":1953,\"height\":2560,\"caption\":\"Vincent Van Gogh - Sunflowers I - Ru\u010dno naslikane reprodukcije poznatih slikara, moderne zidne slike, umjetni\u010dke slike za zid\"},{\"@type\":\"BreadcrumbList\",\"@id\":\"https:\/\/svetslik.si\/hr\/vincent-van-gogh\/sunflowers-i\/#breadcrumb\",\"itemListElement\":[{\"@type\":\"ListItem\",\"position\":1,\"name\":\"Umjetni\u010dke zidne slike na platnu\",\"item\":\"https:\/\/svetslik.si\/hr\/\"},{\"@type\":\"ListItem\",\"position\":2,\"name\":\"Prodaja slika\",\"item\":\"https:\/\/svetslik.si\/prodaja-slik\/\"},{\"@type\":\"ListItem\",\"position\":3,\"name\":\"Vincent van Gogh &#8211; Sunflowers I\"}]},{\"@type\":\"WebSite\",\"@id\":\"https:\/\/svetslik.si\/hr\/#website\",\"url\":\"https:\/\/svetslik.si\/hr\/\",\"name\":\"SVETSLIK.SI\",\"description\":\"100% ru\u010dno naslikane reprodukcije slika poznatih slikara in umjetni\u010dke zidne slike na platnu.\",\"publisher\":{\"@id\":\"https:\/\/svetslik.si\/hr\/#organization\"},\"potentialAction\":[{\"@type\":\"SearchAction\",\"target\":{\"@type\":\"EntryPoint\",\"urlTemplate\":\"https:\/\/svetslik.si\/hr\/?s={search_term_string}\"},\"query-input\":{\"@type\":\"PropertyValueSpecification\",\"valueRequired\":true,\"valueName\":\"search_term_string\"}}],\"inLanguage\":\"hr\"},{\"@type\":\"Organization\",\"@id\":\"https:\/\/svetslik.si\/hr\/#organization\",\"name\":\"SvetSlik.si\",\"url\":\"https:\/\/svetslik.si\/hr\/\",\"logo\":{\"@type\":\"ImageObject\",\"inLanguage\":\"hr\",\"@id\":\"https:\/\/svetslik.si\/hr\/#\/schema\/logo\/image\/\",\"url\":\"https:\/\/svetslik.si\/wp-content\/uploads\/2020\/12\/logo-512.png\",\"contentUrl\":\"https:\/\/svetslik.si\/wp-content\/uploads\/2020\/12\/logo-512.png\",\"width\":512,\"height\":512,\"caption\":\"SvetSlik.si\"},\"image\":{\"@id\":\"https:\/\/svetslik.si\/hr\/#\/schema\/logo\/image\/\"},\"sameAs\":[\"https:\/\/www.facebook.com\/svetslik.si\",\"https:\/\/x.com\/svetslik\",\"https:\/\/www.instagram.com\/svetslik.si\/\",\"https:\/\/www.linkedin.com\/company\/svetslik-si\"]}]}<\/script>\n<meta property=\"og:availability\" content=\"instock\" \/>\n<meta property=\"product:availability\" content=\"instock\" \/>\n<meta property=\"product:retailer_item_id\" content=\"191__\" \/>\n<meta property=\"product:condition\" content=\"new\" \/>\n<!-- \/ Yoast SEO Premium plugin. -->","yoast_head_json":{"title":"Vincent van Gogh - Sunflowers I - SVETSLIK.SI - 100% ru\u010dno naslikano","description":"Vincent van Gogh - Sunflowers I - 100% ru\u010dno naslikane reprodukcije slika na platnu. Uramljivanje slika, prodaja i izrada slika u dimenzijama po narud\u017ebi.","robots":{"index":"index","follow":"follow","max-snippet":"max-snippet:-1","max-image-preview":"max-image-preview:large","max-video-preview":"max-video-preview:-1"},"canonical":"https:\/\/svetslik.si\/hr\/vincent-van-gogh\/sunflowers-i\/","og_locale":"hr_HR","og_type":"article","og_title":"Vincent van Gogh - Sunflowers I","og_description":"100% ro\u010dno naslikane slike na platnu, reprodukcije znanih slikarjev in umetni\u0161ke slike po naro\u010dilu.","og_url":"https:\/\/svetslik.si\/hr\/vincent-van-gogh\/sunflowers-i\/","og_site_name":"SVETSLIK.SI","article_publisher":"https:\/\/www.facebook.com\/svetslik.si","article_modified_time":"2025-11-02T20:55:11+00:00","og_image":[{"width":1953,"height":2560,"url":"https:\/\/svetslik.si\/wp-content\/uploads\/2021\/08\/image_Sunflowers-I-Van-Gogh_680-scaled.jpg","type":"image\/jpeg"}],"twitter_card":"summary_large_image","twitter_site":"@svetslik","twitter_misc":{"Availability":"Na zalihi"},"schema":{"@context":"https:\/\/schema.org","@graph":[{"@type":["WebPage","ItemPage"],"@id":"https:\/\/svetslik.si\/hr\/vincent-van-gogh\/sunflowers-i\/","url":"https:\/\/svetslik.si\/hr\/vincent-van-gogh\/sunflowers-i\/","name":"Vincent van Gogh - Sunflowers I - SVETSLIK.SI - 100% ru\u010dno naslikano","isPartOf":{"@id":"https:\/\/svetslik.si\/hr\/#website"},"primaryImageOfPage":{"@id":"https:\/\/svetslik.si\/hr\/vincent-van-gogh\/sunflowers-i\/#primaryimage"},"image":{"@id":"https:\/\/svetslik.si\/hr\/vincent-van-gogh\/sunflowers-i\/#primaryimage"},"thumbnailUrl":"https:\/\/svetslik.si\/wp-content\/uploads\/2021\/08\/image_Sunflowers-I-Van-Gogh_680-scaled.jpg","datePublished":"2021-09-02T15:48:42+00:00","dateModified":"2025-11-02T20:55:11+00:00","description":"Vincent van Gogh - Sunflowers I - 100% ru\u010dno naslikane reprodukcije slika na platnu. Uramljivanje slika, prodaja i izrada slika u dimenzijama po narud\u017ebi.","breadcrumb":{"@id":"https:\/\/svetslik.si\/hr\/vincent-van-gogh\/sunflowers-i\/#breadcrumb"},"inLanguage":"hr","potentialAction":[{"@type":"ReadAction","target":["https:\/\/svetslik.si\/hr\/vincent-van-gogh\/sunflowers-i\/"]}]},{"@type":"ImageObject","inLanguage":"hr","@id":"https:\/\/svetslik.si\/hr\/vincent-van-gogh\/sunflowers-i\/#primaryimage","url":"https:\/\/svetslik.si\/wp-content\/uploads\/2021\/08\/image_Sunflowers-I-Van-Gogh_680-scaled.jpg","contentUrl":"https:\/\/svetslik.si\/wp-content\/uploads\/2021\/08\/image_Sunflowers-I-Van-Gogh_680-scaled.jpg","width":1953,"height":2560,"caption":"Vincent Van Gogh - Sunflowers I - Ru\u010dno naslikane reprodukcije poznatih slikara, moderne zidne slike, umjetni\u010dke slike za zid"},{"@type":"BreadcrumbList","@id":"https:\/\/svetslik.si\/hr\/vincent-van-gogh\/sunflowers-i\/#breadcrumb","itemListElement":[{"@type":"ListItem","position":1,"name":"Umjetni\u010dke zidne slike na platnu","item":"https:\/\/svetslik.si\/hr\/"},{"@type":"ListItem","position":2,"name":"Prodaja slika","item":"https:\/\/svetslik.si\/prodaja-slik\/"},{"@type":"ListItem","position":3,"name":"Vincent van Gogh &#8211; Sunflowers I"}]},{"@type":"WebSite","@id":"https:\/\/svetslik.si\/hr\/#website","url":"https:\/\/svetslik.si\/hr\/","name":"SVETSLIK.SI","description":"100% ru\u010dno naslikane reprodukcije slika poznatih slikara in umjetni\u010dke zidne slike na platnu.","publisher":{"@id":"https:\/\/svetslik.si\/hr\/#organization"},"potentialAction":[{"@type":"SearchAction","target":{"@type":"EntryPoint","urlTemplate":"https:\/\/svetslik.si\/hr\/?s={search_term_string}"},"query-input":{"@type":"PropertyValueSpecification","valueRequired":true,"valueName":"search_term_string"}}],"inLanguage":"hr"},{"@type":"Organization","@id":"https:\/\/svetslik.si\/hr\/#organization","name":"SvetSlik.si","url":"https:\/\/svetslik.si\/hr\/","logo":{"@type":"ImageObject","inLanguage":"hr","@id":"https:\/\/svetslik.si\/hr\/#\/schema\/logo\/image\/","url":"https:\/\/svetslik.si\/wp-content\/uploads\/2020\/12\/logo-512.png","contentUrl":"https:\/\/svetslik.si\/wp-content\/uploads\/2020\/12\/logo-512.png","width":512,"height":512,"caption":"SvetSlik.si"},"image":{"@id":"https:\/\/svetslik.si\/hr\/#\/schema\/logo\/image\/"},"sameAs":["https:\/\/www.facebook.com\/svetslik.si","https:\/\/x.com\/svetslik","https:\/\/www.instagram.com\/svetslik.si\/","https:\/\/www.linkedin.com\/company\/svetslik-si"]}]},"og_availability":"instock","product_availability":"instock","product_retailer_item_id":"191__","product_condition":"new"},"jetpack_sharing_enabled":true,"_links":{"self":[{"href":"https:\/\/svetslik.si\/hr\/wp-json\/wp\/v2\/product\/26102","targetHints":{"allow":["GET"]}}],"collection":[{"href":"https:\/\/svetslik.si\/hr\/wp-json\/wp\/v2\/product"}],"about":[{"href":"https:\/\/svetslik.si\/hr\/wp-json\/wp\/v2\/types\/product"}],"wp:featuredmedia":[{"embeddable":true,"href":"https:\/\/svetslik.si\/hr\/wp-json\/wp\/v2\/media\/20761"}],"wp:attachment":[{"href":"https:\/\/svetslik.si\/hr\/wp-json\/wp\/v2\/media?parent=26102"}],"wp:term":[{"taxonomy":"product_brand","embeddable":true,"href":"https:\/\/svetslik.si\/hr\/wp-json\/wp\/v2\/product_brand?post=26102"},{"taxonomy":"product_cat","embeddable":true,"href":"https:\/\/svetslik.si\/hr\/wp-json\/wp\/v2\/product_cat?post=26102"},{"taxonomy":"product_tag","embeddable":true,"href":"https:\/\/svetslik.si\/hr\/wp-json\/wp\/v2\/product_tag?post=26102"}],"curies":[{"name":"wp","href":"https:\/\/api.w.org\/{rel}","templated":true}]}}