{"id":26118,"date":"2021-09-02T17:42:24","date_gmt":"2021-09-02T15:42:24","guid":{"rendered":"https:\/\/svetslik.si\/Bez%20kategorije\/autumn-landscape-with-four-trees\/"},"modified":"2024-07-11T13:57:01","modified_gmt":"2024-07-11T11:57:01","slug":"autumn-landscape-with-four-trees","status":"publish","type":"product","link":"https:\/\/svetslik.si\/hr\/vincent-van-gogh\/autumn-landscape-with-four-trees\/","title":{"rendered":"Vincent van Gogh &#8211; Autumn Landscape with Four Trees"},"content":{"rendered":"<div class=\"wpb-content-wrapper\"><h1>Vincent Van Gogh &#8211; Jesenski pejza\u017e s \u010detiri stabla<\/h1>\n<p>&nbsp;<\/p>\n<table style=\"width: 593px\" border=\"0\" width=\"593\" cellspacing=\"0\" cellpadding=\"0\">\n<tbody>\n<tr>\n<td style=\"width: 155px;height: 21px\" height=\"21\">Godina stvaranja:<\/td>\n<td style=\"width: 439px\">1885<\/td>\n<\/tr>\n<tr>\n<td style=\"width: 155px;height: 21px\" height=\"21\">Izvorna veli\u010dina:<\/td>\n<td style=\"width: 439px\">64 cm x 89 cm<\/td>\n<\/tr>\n<tr>\n<td style=\"width: 155px;height: 21px\" height=\"21\">Stil bojanja:<\/td>\n<td style=\"width: 439px\">Postimpresionizam<\/td>\n<\/tr>\n<tr>\n<td style=\"width: 155px;height: 21px\" height=\"21\">Izvorna tehnika:<\/td>\n<td style=\"width: 439px\">Ulje na platnu<\/td>\n<\/tr>\n<tr>\n<td style=\"width: 155px;height: 21px\" height=\"21\">Lokacija:<\/td>\n<td style=\"width: 439px\">\n<div>Muzej Kr\u00f6ller-M\u00fcller, Otterlo, Nizozemska<\/div>\n<\/td>\n<\/tr>\n<\/tbody>\n<\/table>\n<p>&nbsp;<\/p>\n<div>Van Goghova djela izra\u017eavaju slikarev stav prema impresionizmu &#8211; ovaj stil slikanja nije umjetniku dopu\u0161tao dovoljno slobode da izrazi svoje emocije. Van Gogh je poznat po te\u0161kom impasto nano\u0161enju boje na platnima, svjetlucavim bojama i \u017eivahnim potezima kista.<\/div>\n<div><\/div>\n<div>Van Gogh je naslikao ulje na platnu <em>Jesenski krajolik s \u010detiri stabla<\/em> u studenom 1885., kada je \u017eivio sa svojim roditeljima u nizozemskom gradu Nuenan.<\/div>\n<div><\/div>\n<div>\n<p>&#8220;Jesenji krajolik s \u010detiri stabla&#8221; slika je nizozemskog umjetnika Vincenta van Gogha iz 1888. Ova se slika smatra jednim od najdojmljivijih Van Goghovih djela, pokazuju\u0107i njegovu vje\u0161tinu u hvatanju prirodne ljepote okoli\u0161a i njegovih osobnih emocija. Na slici je prikazan jesenji krajolik s \u010detiri stabla okru\u017eena poljem p\u0161enice. Slika je nadaleko poznata po svojim odva\u017enim potezima, emocionalnosti i sna\u017enoj simbolici.<\/p>\n<p>Kompozicija slike je jednostavna, ali efektna, jer krajolik zauzima najve\u0107i dio prostora na platnu. Kori\u0161tenje boje na slici tako\u0111er je vrijedno pa\u017enje, jer Van Gogh koristi hrabre, kontrastne boje koje stvaraju osje\u0107aj pokreta i energije. Pejza\u017e je prikazan u tonovima \u017eute, naran\u010daste i sme\u0111e boje, stvaraju\u0107i osje\u0107aj topline i energije. \u010cetiri stabla su u nijansama zelene i crvene, stvaraju\u0107i osje\u0107aj mira i spokoja. P\u0161eni\u010dno polje je obavijeno \u017eutim nijansama koje stvaraju osje\u0107aj nade i smjernice. Potezi kistom na slici su gusti i vidljivi, daju\u0107i slici osje\u0107aj pokreta i energije.<\/p>\n<p>Simbolika na slici je tako\u0111er bogata: jesenji pejza\u017e predstavlja ideju promjena i prijelaza u \u017eivotu, \u010detiri stabla predstavljaju snagu i dugovje\u010dnost, a polje p\u0161enice predstavlja nadu i obilje. Za sliku se ka\u017ee da predstavlja Van Goghovo emocionalno stanje u to vrijeme. Slika je nastala dok je Van Gogh \u017eivio u Arlesu u Francuskoj, a vjeruje se da odra\u017eava umjetnikovu \u010de\u017enju za povezivanjem s prirodom i prirodnim ciklusima \u017eivota.<\/p>\n<p>&#8220;Jesenski krajolik s \u010detiri stabla smatra se jednim od Van Goghovih najdojmljivijih djela i nalazi se u Van Goghovom muzeju u Amsterdamu, u Nizozemskoj. To je va\u017eno postimpresionisti\u010dko djelo kojem se jo\u0161 uvijek dive i prou\u010davaju ga i amateri i stru\u010dnjaci. Jer Zbog svoje sna\u017ene slikovnosti, emocionalne i bogate simbolike, slika je obavezna za svakog ljubitelja umjetnosti ili bilo koga tko se zanima za djelo Vincenta van Gogha.<\/p>\n<\/div>\n<div><\/div>\n[\/vc_column_text][\/vc_column][\/vc_row][vc_row][vc_column]\t<div class=\"et-image-653 et-image  full   et_image_link\">\n\t\t<div class=\"et-image-inner \">\n\t\t\t\t\t\t\t<a  class=\"mfp-image et-lightbox\" data-mfp-type=\"image\" data-mfp-src=\"https:\/\/svetslik.si\/wp-content\/uploads\/2021\/09\/Vincent-Van-Gogh-\u2013-Autumn-Landscape-with-Four-Trees-scaled.jpg\"  title=\"Vincent Van Gogh \u2013 Autumn Landscape with Four Trees &#8211; ro\u010dno naslikana reprodukcija umetni\u0161ke slike na platnu\">\n\t\t\t\t\t\t\t<div class=\"et-image-thumb \">\n\t\t\t\t\t<img decoding=\"async\" width=\"2560\" height=\"1920\" src=\"https:\/\/svetslik.si\/wp-content\/uploads\/2021\/09\/Vincent-Van-Gogh-\u2013-Autumn-Landscape-with-Four-Trees-scaled.jpg\" class=\"attachment-full\" alt=\"\" title=\"Vincent Van Gogh \u2013 Autumn Landscape with Four Trees - ro\u010dno naslikana reprodukcija umetni\u0161ke slike na platnu\" srcset=\"https:\/\/svetslik.si\/wp-content\/uploads\/2021\/09\/Vincent-Van-Gogh-\u2013-Autumn-Landscape-with-Four-Trees-scaled.jpg 2560w, https:\/\/svetslik.si\/wp-content\/uploads\/2021\/09\/Vincent-Van-Gogh-\u2013-Autumn-Landscape-with-Four-Trees-600x450.jpg 600w, https:\/\/svetslik.si\/wp-content\/uploads\/2021\/09\/Vincent-Van-Gogh-\u2013-Autumn-Landscape-with-Four-Trees-scaled-1200x900.jpg 1200w, https:\/\/svetslik.si\/wp-content\/uploads\/2021\/09\/Vincent-Van-Gogh-\u2013-Autumn-Landscape-with-Four-Trees-300x225.jpg 300w, https:\/\/svetslik.si\/wp-content\/uploads\/2021\/09\/Vincent-Van-Gogh-\u2013-Autumn-Landscape-with-Four-Trees-1024x768.jpg 1024w, https:\/\/svetslik.si\/wp-content\/uploads\/2021\/09\/Vincent-Van-Gogh-\u2013-Autumn-Landscape-with-Four-Trees-768x576.jpg 768w, https:\/\/svetslik.si\/wp-content\/uploads\/2021\/09\/Vincent-Van-Gogh-\u2013-Autumn-Landscape-with-Four-Trees-1536x1152.jpg 1536w, https:\/\/svetslik.si\/wp-content\/uploads\/2021\/09\/Vincent-Van-Gogh-\u2013-Autumn-Landscape-with-Four-Trees-2048x1536.jpg 2048w, https:\/\/svetslik.si\/wp-content\/uploads\/2021\/09\/Vincent-Van-Gogh-\u2013-Autumn-Landscape-with-Four-Trees-150x113.jpg 150w, https:\/\/svetslik.si\/wp-content\/uploads\/2021\/09\/Vincent-Van-Gogh-\u2013-Autumn-Landscape-with-Four-Trees-1320x990.jpg 1320w, https:\/\/svetslik.si\/wp-content\/uploads\/2021\/09\/Vincent-Van-Gogh-\u2013-Autumn-Landscape-with-Four-Trees-900x675.jpg 900w\" sizes=\"(max-width: 2560px) 100vw, 2560px\" \/>\t\t\t\t<\/div>\n\t\t\t\t\t\t\t<\/a>\n\t\t\t\t\t\t\t\t\t\t<div class=\"wp-caption-text\">Vincent Van Gogh \u2013 Autumn Landscape with Four Trees - ro\u010dno naslikana reprodukcija umetni\u0161ke slike na platnu<\/div>\n\t\t\t\t\t\t\t\t<\/div>\n\t<\/div>\n   [\/vc_column][\/vc_row]\n<\/div>","protected":false},"excerpt":{"rendered":"<p>Vincent Van Gogh &#8211; Jesenski pejza\u017e s \u010detiri stabla &nbsp; Godina stvaranja: 1885 Izvorna veli\u010dina: 64 cm x 89 cm Stil bojanja: Postimpresionizam Izvorna tehnika: Ulje na platnu Lokacija: Muzej Kr\u00f6ller-M\u00fcller, Otterlo, Nizozemska &nbsp; Van Goghova djela izra\u017eavaju slikarev stav prema impresionizmu &#8211; ovaj stil slikanja nije umjetniku dopu\u0161tao dovoljno [&hellip;]<\/p>\n","protected":false},"featured_media":20037,"template":"","meta":{"_acf_changed":false},"product_brand":[],"product_cat":[3381],"product_tag":[4069,4070,4071,4073],"class_list":{"0":"post-26118","1":"product","2":"type-product","3":"status-publish","4":"has-post-thumbnail","6":"product_cat-vincent-van-gogh","7":"product_tag-reprodukcija-hr","8":"product_tag-reprodukcije-hr","9":"product_tag-slikar-hr","10":"product_tag-van-gogh-hr","11":"pa_dimenzija-40-x-30-cm-hr","12":"pa_dimenzija-50-x-40-cm-hr","13":"pa_dimenzija-60-x-40-cm-hr","14":"pa_dimenzija-60-x-50-cm-hr","15":"pa_dimenzija-70-x-50-cm-hr","16":"pa_dimenzija-90-x-60-cm-hr","17":"pa_dimenzija-91-x-64-cm-hr","18":"pa_oblika-horizontalno","19":"pa_okvir-bez-okvira","20":"pa_podokvir-bez-podokvira","21":"pa_podokvir-sa-podokvirom","23":"first","24":"onbackorder","25":"purchasable","26":"product-type-variable","27":"has-default-attributes"},"acf":[],"yoast_head":"<!-- This site is optimized with the Yoast SEO Premium plugin v26.0 (Yoast SEO v27.2) - https:\/\/yoast.com\/product\/yoast-seo-premium-wordpress\/ -->\n<title>Vincent van Gogh - Autumn Landscape with Four Trees - SVETSLIK.SI - 100% ru\u010dno naslikano<\/title>\n<meta name=\"description\" content=\"Vincent van Gogh - Autumn Landscape with Four Trees - 100% ru\u010dno naslikane reprodukcije slika na platnu. Uramljivanje slika, prodaja i izrada slika u dimenzijama po narud\u017ebi.\" \/>\n<meta name=\"robots\" content=\"index, follow, max-snippet:-1, max-image-preview:large, max-video-preview:-1\" \/>\n<link rel=\"canonical\" href=\"https:\/\/svetslik.si\/hr\/vincent-van-gogh\/autumn-landscape-with-four-trees\/\" \/>\n<meta property=\"og:locale\" content=\"hr_HR\" \/>\n<meta property=\"og:type\" content=\"article\" \/>\n<meta property=\"og:title\" content=\"Vincent van Gogh - Autumn Landscape with Four Trees\" \/>\n<meta property=\"og:description\" content=\"100% ro\u010dno naslikane slike na platnu, reprodukcije znanih slikarjev in umetni\u0161ke slike po naro\u010dilu.\" \/>\n<meta property=\"og:url\" content=\"https:\/\/svetslik.si\/hr\/vincent-van-gogh\/autumn-landscape-with-four-trees\/\" \/>\n<meta property=\"og:site_name\" content=\"SVETSLIK.SI\" \/>\n<meta property=\"article:publisher\" content=\"https:\/\/www.facebook.com\/svetslik.si\" \/>\n<meta property=\"article:modified_time\" content=\"2024-07-11T11:57:01+00:00\" \/>\n<meta property=\"og:image\" content=\"https:\/\/svetslik.si\/wp-content\/uploads\/2021\/08\/image_Autumn-Landscape-with-Four-Trees-Vincent-van-Gogh_680.jpg\" \/>\n\t<meta property=\"og:image:width\" content=\"2237\" \/>\n\t<meta property=\"og:image:height\" content=\"1759\" \/>\n\t<meta property=\"og:image:type\" content=\"image\/jpeg\" \/>\n<meta name=\"twitter:card\" content=\"summary_large_image\" \/>\n<meta name=\"twitter:site\" content=\"@svetslik\" \/>\n<meta name=\"twitter:label1\" content=\"Availability\" \/>\n\t<meta name=\"twitter:data1\" content=\"On backorder\" \/>\n<script type=\"application\/ld+json\" class=\"yoast-schema-graph\">{\"@context\":\"https:\/\/schema.org\",\"@graph\":[{\"@type\":[\"WebPage\",\"ItemPage\"],\"@id\":\"https:\/\/svetslik.si\/hr\/vincent-van-gogh\/autumn-landscape-with-four-trees\/\",\"url\":\"https:\/\/svetslik.si\/hr\/vincent-van-gogh\/autumn-landscape-with-four-trees\/\",\"name\":\"Vincent van Gogh - Autumn Landscape with Four Trees - SVETSLIK.SI - 100% ru\u010dno naslikano\",\"isPartOf\":{\"@id\":\"https:\/\/svetslik.si\/hr\/#website\"},\"primaryImageOfPage\":{\"@id\":\"https:\/\/svetslik.si\/hr\/vincent-van-gogh\/autumn-landscape-with-four-trees\/#primaryimage\"},\"image\":{\"@id\":\"https:\/\/svetslik.si\/hr\/vincent-van-gogh\/autumn-landscape-with-four-trees\/#primaryimage\"},\"thumbnailUrl\":\"https:\/\/svetslik.si\/wp-content\/uploads\/2021\/08\/image_Autumn-Landscape-with-Four-Trees-Vincent-van-Gogh_680.jpg\",\"datePublished\":\"2021-09-02T15:42:24+00:00\",\"dateModified\":\"2024-07-11T11:57:01+00:00\",\"description\":\"Vincent van Gogh - Autumn Landscape with Four Trees - 100% ru\u010dno naslikane reprodukcije slika na platnu. Uramljivanje slika, prodaja i izrada slika u dimenzijama po narud\u017ebi.\",\"breadcrumb\":{\"@id\":\"https:\/\/svetslik.si\/hr\/vincent-van-gogh\/autumn-landscape-with-four-trees\/#breadcrumb\"},\"inLanguage\":\"hr\",\"potentialAction\":[{\"@type\":\"ReadAction\",\"target\":[\"https:\/\/svetslik.si\/hr\/vincent-van-gogh\/autumn-landscape-with-four-trees\/\"]}]},{\"@type\":\"ImageObject\",\"inLanguage\":\"hr\",\"@id\":\"https:\/\/svetslik.si\/hr\/vincent-van-gogh\/autumn-landscape-with-four-trees\/#primaryimage\",\"url\":\"https:\/\/svetslik.si\/wp-content\/uploads\/2021\/08\/image_Autumn-Landscape-with-Four-Trees-Vincent-van-Gogh_680.jpg\",\"contentUrl\":\"https:\/\/svetslik.si\/wp-content\/uploads\/2021\/08\/image_Autumn-Landscape-with-Four-Trees-Vincent-van-Gogh_680.jpg\",\"width\":2237,\"height\":1759,\"caption\":\"Vincent Van Gogh - Jesenski krajolik sa \u010detiri drveta - Reprodukcije slikara, ru\u010dno slikane zidne slike, ulje na platnu, uljane slike, umjetni\u010dke slike, moderne slike za zid, ambijentalne slike, apstraktne slike, dekorativne slike\"},{\"@type\":\"BreadcrumbList\",\"@id\":\"https:\/\/svetslik.si\/hr\/vincent-van-gogh\/autumn-landscape-with-four-trees\/#breadcrumb\",\"itemListElement\":[{\"@type\":\"ListItem\",\"position\":1,\"name\":\"Umjetni\u010dke zidne slike na platnu\",\"item\":\"https:\/\/svetslik.si\/hr\/\"},{\"@type\":\"ListItem\",\"position\":2,\"name\":\"Prodaja slika\",\"item\":\"https:\/\/svetslik.si\/prodaja-slik\/\"},{\"@type\":\"ListItem\",\"position\":3,\"name\":\"Vincent van Gogh &#8211; Autumn Landscape with Four Trees\"}]},{\"@type\":\"WebSite\",\"@id\":\"https:\/\/svetslik.si\/hr\/#website\",\"url\":\"https:\/\/svetslik.si\/hr\/\",\"name\":\"SVETSLIK.SI\",\"description\":\"100% ru\u010dno naslikane reprodukcije slika poznatih slikara in umjetni\u010dke zidne slike na platnu.\",\"publisher\":{\"@id\":\"https:\/\/svetslik.si\/hr\/#organization\"},\"potentialAction\":[{\"@type\":\"SearchAction\",\"target\":{\"@type\":\"EntryPoint\",\"urlTemplate\":\"https:\/\/svetslik.si\/hr\/?s={search_term_string}\"},\"query-input\":{\"@type\":\"PropertyValueSpecification\",\"valueRequired\":true,\"valueName\":\"search_term_string\"}}],\"inLanguage\":\"hr\"},{\"@type\":\"Organization\",\"@id\":\"https:\/\/svetslik.si\/hr\/#organization\",\"name\":\"SvetSlik.si\",\"url\":\"https:\/\/svetslik.si\/hr\/\",\"logo\":{\"@type\":\"ImageObject\",\"inLanguage\":\"hr\",\"@id\":\"https:\/\/svetslik.si\/hr\/#\/schema\/logo\/image\/\",\"url\":\"https:\/\/svetslik.si\/wp-content\/uploads\/2020\/12\/logo-512.png\",\"contentUrl\":\"https:\/\/svetslik.si\/wp-content\/uploads\/2020\/12\/logo-512.png\",\"width\":512,\"height\":512,\"caption\":\"SvetSlik.si\"},\"image\":{\"@id\":\"https:\/\/svetslik.si\/hr\/#\/schema\/logo\/image\/\"},\"sameAs\":[\"https:\/\/www.facebook.com\/svetslik.si\",\"https:\/\/x.com\/svetslik\",\"https:\/\/www.instagram.com\/svetslik.si\/\",\"https:\/\/www.linkedin.com\/company\/svetslik-si\"]}]}<\/script>\n<meta property=\"og:availability\" content=\"backorder\" \/>\n<meta property=\"product:availability\" content=\"available for order\" \/>\n<meta property=\"product:retailer_item_id\" content=\"43__\" \/>\n<meta property=\"product:condition\" content=\"new\" \/>\n<!-- \/ Yoast SEO Premium plugin. -->","yoast_head_json":{"title":"Vincent van Gogh - Autumn Landscape with Four Trees - SVETSLIK.SI - 100% ru\u010dno naslikano","description":"Vincent van Gogh - Autumn Landscape with Four Trees - 100% ru\u010dno naslikane reprodukcije slika na platnu. Uramljivanje slika, prodaja i izrada slika u dimenzijama po narud\u017ebi.","robots":{"index":"index","follow":"follow","max-snippet":"max-snippet:-1","max-image-preview":"max-image-preview:large","max-video-preview":"max-video-preview:-1"},"canonical":"https:\/\/svetslik.si\/hr\/vincent-van-gogh\/autumn-landscape-with-four-trees\/","og_locale":"hr_HR","og_type":"article","og_title":"Vincent van Gogh - Autumn Landscape with Four Trees","og_description":"100% ro\u010dno naslikane slike na platnu, reprodukcije znanih slikarjev in umetni\u0161ke slike po naro\u010dilu.","og_url":"https:\/\/svetslik.si\/hr\/vincent-van-gogh\/autumn-landscape-with-four-trees\/","og_site_name":"SVETSLIK.SI","article_publisher":"https:\/\/www.facebook.com\/svetslik.si","article_modified_time":"2024-07-11T11:57:01+00:00","og_image":[{"width":2237,"height":1759,"url":"https:\/\/svetslik.si\/wp-content\/uploads\/2021\/08\/image_Autumn-Landscape-with-Four-Trees-Vincent-van-Gogh_680.jpg","type":"image\/jpeg"}],"twitter_card":"summary_large_image","twitter_site":"@svetslik","twitter_misc":{"Availability":"On backorder"},"schema":{"@context":"https:\/\/schema.org","@graph":[{"@type":["WebPage","ItemPage"],"@id":"https:\/\/svetslik.si\/hr\/vincent-van-gogh\/autumn-landscape-with-four-trees\/","url":"https:\/\/svetslik.si\/hr\/vincent-van-gogh\/autumn-landscape-with-four-trees\/","name":"Vincent van Gogh - Autumn Landscape with Four Trees - SVETSLIK.SI - 100% ru\u010dno naslikano","isPartOf":{"@id":"https:\/\/svetslik.si\/hr\/#website"},"primaryImageOfPage":{"@id":"https:\/\/svetslik.si\/hr\/vincent-van-gogh\/autumn-landscape-with-four-trees\/#primaryimage"},"image":{"@id":"https:\/\/svetslik.si\/hr\/vincent-van-gogh\/autumn-landscape-with-four-trees\/#primaryimage"},"thumbnailUrl":"https:\/\/svetslik.si\/wp-content\/uploads\/2021\/08\/image_Autumn-Landscape-with-Four-Trees-Vincent-van-Gogh_680.jpg","datePublished":"2021-09-02T15:42:24+00:00","dateModified":"2024-07-11T11:57:01+00:00","description":"Vincent van Gogh - Autumn Landscape with Four Trees - 100% ru\u010dno naslikane reprodukcije slika na platnu. Uramljivanje slika, prodaja i izrada slika u dimenzijama po narud\u017ebi.","breadcrumb":{"@id":"https:\/\/svetslik.si\/hr\/vincent-van-gogh\/autumn-landscape-with-four-trees\/#breadcrumb"},"inLanguage":"hr","potentialAction":[{"@type":"ReadAction","target":["https:\/\/svetslik.si\/hr\/vincent-van-gogh\/autumn-landscape-with-four-trees\/"]}]},{"@type":"ImageObject","inLanguage":"hr","@id":"https:\/\/svetslik.si\/hr\/vincent-van-gogh\/autumn-landscape-with-four-trees\/#primaryimage","url":"https:\/\/svetslik.si\/wp-content\/uploads\/2021\/08\/image_Autumn-Landscape-with-Four-Trees-Vincent-van-Gogh_680.jpg","contentUrl":"https:\/\/svetslik.si\/wp-content\/uploads\/2021\/08\/image_Autumn-Landscape-with-Four-Trees-Vincent-van-Gogh_680.jpg","width":2237,"height":1759,"caption":"Vincent Van Gogh - Jesenski krajolik sa \u010detiri drveta - Reprodukcije slikara, ru\u010dno slikane zidne slike, ulje na platnu, uljane slike, umjetni\u010dke slike, moderne slike za zid, ambijentalne slike, apstraktne slike, dekorativne slike"},{"@type":"BreadcrumbList","@id":"https:\/\/svetslik.si\/hr\/vincent-van-gogh\/autumn-landscape-with-four-trees\/#breadcrumb","itemListElement":[{"@type":"ListItem","position":1,"name":"Umjetni\u010dke zidne slike na platnu","item":"https:\/\/svetslik.si\/hr\/"},{"@type":"ListItem","position":2,"name":"Prodaja slika","item":"https:\/\/svetslik.si\/prodaja-slik\/"},{"@type":"ListItem","position":3,"name":"Vincent van Gogh &#8211; Autumn Landscape with Four Trees"}]},{"@type":"WebSite","@id":"https:\/\/svetslik.si\/hr\/#website","url":"https:\/\/svetslik.si\/hr\/","name":"SVETSLIK.SI","description":"100% ru\u010dno naslikane reprodukcije slika poznatih slikara in umjetni\u010dke zidne slike na platnu.","publisher":{"@id":"https:\/\/svetslik.si\/hr\/#organization"},"potentialAction":[{"@type":"SearchAction","target":{"@type":"EntryPoint","urlTemplate":"https:\/\/svetslik.si\/hr\/?s={search_term_string}"},"query-input":{"@type":"PropertyValueSpecification","valueRequired":true,"valueName":"search_term_string"}}],"inLanguage":"hr"},{"@type":"Organization","@id":"https:\/\/svetslik.si\/hr\/#organization","name":"SvetSlik.si","url":"https:\/\/svetslik.si\/hr\/","logo":{"@type":"ImageObject","inLanguage":"hr","@id":"https:\/\/svetslik.si\/hr\/#\/schema\/logo\/image\/","url":"https:\/\/svetslik.si\/wp-content\/uploads\/2020\/12\/logo-512.png","contentUrl":"https:\/\/svetslik.si\/wp-content\/uploads\/2020\/12\/logo-512.png","width":512,"height":512,"caption":"SvetSlik.si"},"image":{"@id":"https:\/\/svetslik.si\/hr\/#\/schema\/logo\/image\/"},"sameAs":["https:\/\/www.facebook.com\/svetslik.si","https:\/\/x.com\/svetslik","https:\/\/www.instagram.com\/svetslik.si\/","https:\/\/www.linkedin.com\/company\/svetslik-si"]}]},"og_availability":"backorder","product_availability":"available for order","product_retailer_item_id":"43__","product_condition":"new"},"jetpack_sharing_enabled":true,"_links":{"self":[{"href":"https:\/\/svetslik.si\/hr\/wp-json\/wp\/v2\/product\/26118","targetHints":{"allow":["GET"]}}],"collection":[{"href":"https:\/\/svetslik.si\/hr\/wp-json\/wp\/v2\/product"}],"about":[{"href":"https:\/\/svetslik.si\/hr\/wp-json\/wp\/v2\/types\/product"}],"wp:featuredmedia":[{"embeddable":true,"href":"https:\/\/svetslik.si\/hr\/wp-json\/wp\/v2\/media\/20037"}],"wp:attachment":[{"href":"https:\/\/svetslik.si\/hr\/wp-json\/wp\/v2\/media?parent=26118"}],"wp:term":[{"taxonomy":"product_brand","embeddable":true,"href":"https:\/\/svetslik.si\/hr\/wp-json\/wp\/v2\/product_brand?post=26118"},{"taxonomy":"product_cat","embeddable":true,"href":"https:\/\/svetslik.si\/hr\/wp-json\/wp\/v2\/product_cat?post=26118"},{"taxonomy":"product_tag","embeddable":true,"href":"https:\/\/svetslik.si\/hr\/wp-json\/wp\/v2\/product_tag?post=26118"}],"curies":[{"name":"wp","href":"https:\/\/api.w.org\/{rel}","templated":true}]}}