{"id":26126,"date":"2021-09-02T17:42:24","date_gmt":"2021-09-02T15:42:24","guid":{"rendered":"https:\/\/svetslik.si\/Bez%20kategorije\/road-with-cypress-and-star\/"},"modified":"2024-07-04T20:15:00","modified_gmt":"2024-07-04T18:15:00","slug":"road-with-cypress-and-star","status":"publish","type":"product","link":"https:\/\/svetslik.si\/hr\/vincent-van-gogh\/road-with-cypress-and-star\/","title":{"rendered":"Vincent van Gogh &#8211; Road with Cypress and Star"},"content":{"rendered":"<h1>Vincent Van Gogh &#8211; Put s \u010dempresom i zvijezdom<\/h1>\n<table id=\"imageinfo\" border=\"0\" width=\"96%\" cellspacing=\"0\" cellpadding=\"2\">\n<tbody>\n<tr>\n<td width=\"120\">Godina stvaranja:<\/td>\n<td>1890<\/td>\n<\/tr>\n<tr>\n<td>Izvorna veli\u010dina:<\/td>\n<td>92 x 73 cm<\/td>\n<\/tr>\n<tr>\n<td>Stil slikanja:<\/td>\n<td>Postimpresionizam<\/td>\n<\/tr>\n<tr>\n<td>Izvorna tehnika:<\/td>\n<td>Ulje na platnu<\/td>\n<\/tr>\n<tr>\n<td>Lokacija:<\/td>\n<td>Rijksmuseum Kroller-Muller, Otterlo<\/td>\n<\/tr>\n<\/tbody>\n<\/table>\n<p>&nbsp;<\/p>\n<p>Povezanost s nebom nigdje nije o\u010diglednija nego u Cesti s \u010dempresom i zvijezdom, koju je Van Gogh stvorio 1890. nakon posljednje psihoze u \u017eivotu. Ulje na platnu <em>Cesta s \u010dempresom i zvijezdom<\/em> posljednja je slika koju je autor naslikao u klinici u Saint-Remyju. Predstavlja uravnote\u017een fokus i mirnu kombinaciju zemlje i neba. U sredi\u0161tu slike stoji visoki \u010dempres, simbol groblja i smrti, koji predstavlja most prema nebu.<\/p>\n<p>&#8220;Cesta s \u010dempresom i zvijezdom&#8221; slika je nizozemskog umjetnika Vincenta van Gogha iz 1890. Ova se slika smatra jednim od najslikovitijih i najsna\u017enijih Van Goghovih djela, pokazuju\u0107i njegovu vje\u0161tinu u hvatanju su\u0161tine prirode i povezanosti \u010dovjeka i prirode. svijet. Slika prikazuje vijugavu cestu okru\u017eenu \u010dempresima, s velikom zvijezdom koja sjaji u pozadini. Slika je nadaleko poznata po svojim odva\u017enim potezima, emocionalnosti i sna\u017enoj simbolici.<\/p>\n<p>Kompozicija slike je jednostavna, ali efektna, jer vijugava cesta zauzima najve\u0107i dio prostora na platnu. Kori\u0161tenje boje na slici tako\u0111er je vrijedno pa\u017enje, jer Van Gogh koristi hrabre, kontrastne boje koje stvaraju osje\u0107aj pokreta i energije. Cesta je prikazana \u017eutim i naran\u010dastim nijansama koje stvaraju osje\u0107aj topline i energije. \u010cempresi su u nijansama zelene i plave, \u0161to stvara osje\u0107aj mira i spokoja. Velika zvijezda koja sjaji u pozadini prikazana je u nijansama bijele i \u017eute, stvaraju\u0107i osje\u0107aj nade i vodstva. Potezi kistom na slici su gusti i vidljivi, daju\u0107i slici osje\u0107aj pokreta i energije.<\/p>\n<p>Simbolika na slici tako\u0111er je bogata: vijugava cesta predstavlja put \u017eivota, \u010dempresi predstavljaju snagu i dugovje\u010dnost, a velika zvijezda koja sjaji u pozadini predstavlja nadu i vodstvo. Za sliku se ka\u017ee da predstavlja Van Goghovo emocionalno stanje u to vrijeme. Slika je nastala dok je Van Gogh \u017eivio u Auvers-sur-Oiseu u Francuskoj, a vjeruje se da odra\u017eava umjetnikovu \u010de\u017enju za duhovnim vodstvom i vezom s prirodom.<\/p>\n<p>&#8220;Put s \u010dempresom i zvijezdom&#8221; smatra se jednim od najslikovitijih i najsna\u017enijih Van Goghovih djela, a nalazi se u Metropolitan Museum of Art u New Yorku, SAD. To je va\u017eno djelo postimpresionizma kojem se jo\u0161 uvijek dive i prou\u010davaju i amateri i stru\u010dnjaci. Sna\u017ena slikovitost, emocionalnost i bogata simbolika \u010dine ovu sliku neophodnom za svakog ljubitelja umjetnosti ili svakoga tko je zainteresiran za rad Vincenta van Gogha.<\/p>\n<p>&nbsp;<\/p>\n","protected":false},"excerpt":{"rendered":"<p>Vincent Van Gogh &#8211; Put s \u010dempresom i zvijezdom Godina stvaranja: 1890 Izvorna veli\u010dina: 92 x 73 cm Stil slikanja: Postimpresionizam Izvorna tehnika: Ulje na platnu Lokacija: Rijksmuseum Kroller-Muller, Otterlo &nbsp; Povezanost s nebom nigdje nije o\u010diglednija nego u Cesti s \u010dempresom i zvijezdom, koju je Van Gogh stvorio 1890. [&hellip;]<\/p>\n","protected":false},"featured_media":20643,"template":"","meta":{"_acf_changed":false},"product_brand":[],"product_cat":[3381],"product_tag":[4069,4070,4071,4073],"class_list":{"0":"post-26126","1":"product","2":"type-product","3":"status-publish","4":"has-post-thumbnail","6":"product_cat-vincent-van-gogh","7":"product_tag-reprodukcija-hr","8":"product_tag-reprodukcije-hr","9":"product_tag-slikar-hr","10":"product_tag-van-gogh-hr","11":"pa_dimenzija-40-x-50-cm-hr","12":"pa_dimenzija-50-x-65-cm-hr","13":"pa_dimenzija-60-x-80-cm-hr","14":"pa_dimenzija-70-x-90-cm-hr","15":"pa_dimenzija-80-x-100-cm-hr","16":"pa_dimenzija-90-x-120-cm-hr","17":"pa_oblika-okomito","18":"pa_okvir-bez-okvira","19":"pa_podokvir-bez-podokvira","20":"pa_podokvir-sa-podokvirom","22":"first","23":"onbackorder","24":"purchasable","25":"product-type-variable","26":"has-default-attributes"},"acf":[],"yoast_head":"<!-- This site is optimized with the Yoast SEO Premium plugin v26.0 (Yoast SEO v27.2) - https:\/\/yoast.com\/product\/yoast-seo-premium-wordpress\/ -->\n<title>Vincent van Gogh - Road with Cypress and Star - SVETSLIK.SI - 100% ru\u010dno naslikano<\/title>\n<meta name=\"description\" content=\"Vincent van Gogh - Road with Cypress and Star - 100% ru\u010dno naslikane reprodukcije slika na platnu. Uokvirivanje slika, prodaja i izrada slika u dimenzijama po narud\u017ebi.\" \/>\n<meta name=\"robots\" content=\"index, follow, max-snippet:-1, max-image-preview:large, max-video-preview:-1\" \/>\n<link rel=\"canonical\" href=\"https:\/\/svetslik.si\/hr\/vincent-van-gogh\/road-with-cypress-and-star\/\" \/>\n<meta property=\"og:locale\" content=\"hr_HR\" \/>\n<meta property=\"og:type\" content=\"article\" \/>\n<meta property=\"og:title\" content=\"Vincent van Gogh - Road with Cypress and Star\" \/>\n<meta property=\"og:description\" content=\"100% ro\u010dno naslikane slike na platnu, reprodukcije znanih slikarjev in umetni\u0161ke slike po naro\u010dilu.\" \/>\n<meta property=\"og:url\" content=\"https:\/\/svetslik.si\/hr\/vincent-van-gogh\/road-with-cypress-and-star\/\" \/>\n<meta property=\"og:site_name\" content=\"SVETSLIK.SI\" \/>\n<meta property=\"article:publisher\" content=\"https:\/\/www.facebook.com\/svetslik.si\" \/>\n<meta property=\"article:modified_time\" content=\"2024-07-04T18:15:00+00:00\" \/>\n<meta property=\"og:image\" content=\"https:\/\/svetslik.si\/wp-content\/uploads\/2021\/08\/image_Road-with-Cypress-band-Star-Vincent-van-Gogh_680-scaled.jpg\" \/>\n\t<meta property=\"og:image:width\" content=\"2024\" \/>\n\t<meta property=\"og:image:height\" content=\"2560\" \/>\n\t<meta property=\"og:image:type\" content=\"image\/jpeg\" \/>\n<meta name=\"twitter:card\" content=\"summary_large_image\" \/>\n<meta name=\"twitter:site\" content=\"@svetslik\" \/>\n<meta name=\"twitter:label1\" content=\"Availability\" \/>\n\t<meta name=\"twitter:data1\" content=\"On backorder\" \/>\n<script type=\"application\/ld+json\" class=\"yoast-schema-graph\">{\"@context\":\"https:\/\/schema.org\",\"@graph\":[{\"@type\":[\"WebPage\",\"ItemPage\"],\"@id\":\"https:\/\/svetslik.si\/hr\/vincent-van-gogh\/road-with-cypress-and-star\/\",\"url\":\"https:\/\/svetslik.si\/hr\/vincent-van-gogh\/road-with-cypress-and-star\/\",\"name\":\"Vincent van Gogh - Road with Cypress and Star - SVETSLIK.SI - 100% ru\u010dno naslikano\",\"isPartOf\":{\"@id\":\"https:\/\/svetslik.si\/hr\/#website\"},\"primaryImageOfPage\":{\"@id\":\"https:\/\/svetslik.si\/hr\/vincent-van-gogh\/road-with-cypress-and-star\/#primaryimage\"},\"image\":{\"@id\":\"https:\/\/svetslik.si\/hr\/vincent-van-gogh\/road-with-cypress-and-star\/#primaryimage\"},\"thumbnailUrl\":\"https:\/\/svetslik.si\/wp-content\/uploads\/2021\/08\/image_Road-with-Cypress-band-Star-Vincent-van-Gogh_680-scaled.jpg\",\"datePublished\":\"2021-09-02T15:42:24+00:00\",\"dateModified\":\"2024-07-04T18:15:00+00:00\",\"description\":\"Vincent van Gogh - Road with Cypress and Star - 100% ru\u010dno naslikane reprodukcije slika na platnu. Uokvirivanje slika, prodaja i izrada slika u dimenzijama po narud\u017ebi.\",\"breadcrumb\":{\"@id\":\"https:\/\/svetslik.si\/hr\/vincent-van-gogh\/road-with-cypress-and-star\/#breadcrumb\"},\"inLanguage\":\"hr\",\"potentialAction\":[{\"@type\":\"ReadAction\",\"target\":[\"https:\/\/svetslik.si\/hr\/vincent-van-gogh\/road-with-cypress-and-star\/\"]}]},{\"@type\":\"ImageObject\",\"inLanguage\":\"hr\",\"@id\":\"https:\/\/svetslik.si\/hr\/vincent-van-gogh\/road-with-cypress-and-star\/#primaryimage\",\"url\":\"https:\/\/svetslik.si\/wp-content\/uploads\/2021\/08\/image_Road-with-Cypress-band-Star-Vincent-van-Gogh_680-scaled.jpg\",\"contentUrl\":\"https:\/\/svetslik.si\/wp-content\/uploads\/2021\/08\/image_Road-with-Cypress-band-Star-Vincent-van-Gogh_680-scaled.jpg\",\"width\":2024,\"height\":2560,\"caption\":\"Vincent Van Gogh - Cesta s cipresom i zvijezdom - Reprodukcije poznatih slikara, moderne zidne slike, umjetni\u010dke slike za zid\"},{\"@type\":\"BreadcrumbList\",\"@id\":\"https:\/\/svetslik.si\/hr\/vincent-van-gogh\/road-with-cypress-and-star\/#breadcrumb\",\"itemListElement\":[{\"@type\":\"ListItem\",\"position\":1,\"name\":\"Umjetni\u010dke zidne slike na platnu\",\"item\":\"https:\/\/svetslik.si\/hr\/\"},{\"@type\":\"ListItem\",\"position\":2,\"name\":\"Prodaja slika\",\"item\":\"https:\/\/svetslik.si\/prodaja-slik\/\"},{\"@type\":\"ListItem\",\"position\":3,\"name\":\"Vincent van Gogh &#8211; Road with Cypress and Star\"}]},{\"@type\":\"WebSite\",\"@id\":\"https:\/\/svetslik.si\/hr\/#website\",\"url\":\"https:\/\/svetslik.si\/hr\/\",\"name\":\"SVETSLIK.SI\",\"description\":\"100% ru\u010dno naslikane reprodukcije slika poznatih slikara in umjetni\u010dke zidne slike na platnu.\",\"publisher\":{\"@id\":\"https:\/\/svetslik.si\/hr\/#organization\"},\"potentialAction\":[{\"@type\":\"SearchAction\",\"target\":{\"@type\":\"EntryPoint\",\"urlTemplate\":\"https:\/\/svetslik.si\/hr\/?s={search_term_string}\"},\"query-input\":{\"@type\":\"PropertyValueSpecification\",\"valueRequired\":true,\"valueName\":\"search_term_string\"}}],\"inLanguage\":\"hr\"},{\"@type\":\"Organization\",\"@id\":\"https:\/\/svetslik.si\/hr\/#organization\",\"name\":\"SvetSlik.si\",\"url\":\"https:\/\/svetslik.si\/hr\/\",\"logo\":{\"@type\":\"ImageObject\",\"inLanguage\":\"hr\",\"@id\":\"https:\/\/svetslik.si\/hr\/#\/schema\/logo\/image\/\",\"url\":\"https:\/\/svetslik.si\/wp-content\/uploads\/2020\/12\/logo-512.png\",\"contentUrl\":\"https:\/\/svetslik.si\/wp-content\/uploads\/2020\/12\/logo-512.png\",\"width\":512,\"height\":512,\"caption\":\"SvetSlik.si\"},\"image\":{\"@id\":\"https:\/\/svetslik.si\/hr\/#\/schema\/logo\/image\/\"},\"sameAs\":[\"https:\/\/www.facebook.com\/svetslik.si\",\"https:\/\/x.com\/svetslik\",\"https:\/\/www.instagram.com\/svetslik.si\/\",\"https:\/\/www.linkedin.com\/company\/svetslik-si\"]}]}<\/script>\n<meta property=\"og:availability\" content=\"backorder\" \/>\n<meta property=\"product:availability\" content=\"available for order\" \/>\n<meta property=\"product:retailer_item_id\" content=\"44__\" \/>\n<meta property=\"product:condition\" content=\"new\" \/>\n<!-- \/ Yoast SEO Premium plugin. -->","yoast_head_json":{"title":"Vincent van Gogh - Road with Cypress and Star - SVETSLIK.SI - 100% ru\u010dno naslikano","description":"Vincent van Gogh - Road with Cypress and Star - 100% ru\u010dno naslikane reprodukcije slika na platnu. Uokvirivanje slika, prodaja i izrada slika u dimenzijama po narud\u017ebi.","robots":{"index":"index","follow":"follow","max-snippet":"max-snippet:-1","max-image-preview":"max-image-preview:large","max-video-preview":"max-video-preview:-1"},"canonical":"https:\/\/svetslik.si\/hr\/vincent-van-gogh\/road-with-cypress-and-star\/","og_locale":"hr_HR","og_type":"article","og_title":"Vincent van Gogh - Road with Cypress and Star","og_description":"100% ro\u010dno naslikane slike na platnu, reprodukcije znanih slikarjev in umetni\u0161ke slike po naro\u010dilu.","og_url":"https:\/\/svetslik.si\/hr\/vincent-van-gogh\/road-with-cypress-and-star\/","og_site_name":"SVETSLIK.SI","article_publisher":"https:\/\/www.facebook.com\/svetslik.si","article_modified_time":"2024-07-04T18:15:00+00:00","og_image":[{"width":2024,"height":2560,"url":"https:\/\/svetslik.si\/wp-content\/uploads\/2021\/08\/image_Road-with-Cypress-band-Star-Vincent-van-Gogh_680-scaled.jpg","type":"image\/jpeg"}],"twitter_card":"summary_large_image","twitter_site":"@svetslik","twitter_misc":{"Availability":"On backorder"},"schema":{"@context":"https:\/\/schema.org","@graph":[{"@type":["WebPage","ItemPage"],"@id":"https:\/\/svetslik.si\/hr\/vincent-van-gogh\/road-with-cypress-and-star\/","url":"https:\/\/svetslik.si\/hr\/vincent-van-gogh\/road-with-cypress-and-star\/","name":"Vincent van Gogh - Road with Cypress and Star - SVETSLIK.SI - 100% ru\u010dno naslikano","isPartOf":{"@id":"https:\/\/svetslik.si\/hr\/#website"},"primaryImageOfPage":{"@id":"https:\/\/svetslik.si\/hr\/vincent-van-gogh\/road-with-cypress-and-star\/#primaryimage"},"image":{"@id":"https:\/\/svetslik.si\/hr\/vincent-van-gogh\/road-with-cypress-and-star\/#primaryimage"},"thumbnailUrl":"https:\/\/svetslik.si\/wp-content\/uploads\/2021\/08\/image_Road-with-Cypress-band-Star-Vincent-van-Gogh_680-scaled.jpg","datePublished":"2021-09-02T15:42:24+00:00","dateModified":"2024-07-04T18:15:00+00:00","description":"Vincent van Gogh - Road with Cypress and Star - 100% ru\u010dno naslikane reprodukcije slika na platnu. Uokvirivanje slika, prodaja i izrada slika u dimenzijama po narud\u017ebi.","breadcrumb":{"@id":"https:\/\/svetslik.si\/hr\/vincent-van-gogh\/road-with-cypress-and-star\/#breadcrumb"},"inLanguage":"hr","potentialAction":[{"@type":"ReadAction","target":["https:\/\/svetslik.si\/hr\/vincent-van-gogh\/road-with-cypress-and-star\/"]}]},{"@type":"ImageObject","inLanguage":"hr","@id":"https:\/\/svetslik.si\/hr\/vincent-van-gogh\/road-with-cypress-and-star\/#primaryimage","url":"https:\/\/svetslik.si\/wp-content\/uploads\/2021\/08\/image_Road-with-Cypress-band-Star-Vincent-van-Gogh_680-scaled.jpg","contentUrl":"https:\/\/svetslik.si\/wp-content\/uploads\/2021\/08\/image_Road-with-Cypress-band-Star-Vincent-van-Gogh_680-scaled.jpg","width":2024,"height":2560,"caption":"Vincent Van Gogh - Cesta s cipresom i zvijezdom - Reprodukcije poznatih slikara, moderne zidne slike, umjetni\u010dke slike za zid"},{"@type":"BreadcrumbList","@id":"https:\/\/svetslik.si\/hr\/vincent-van-gogh\/road-with-cypress-and-star\/#breadcrumb","itemListElement":[{"@type":"ListItem","position":1,"name":"Umjetni\u010dke zidne slike na platnu","item":"https:\/\/svetslik.si\/hr\/"},{"@type":"ListItem","position":2,"name":"Prodaja slika","item":"https:\/\/svetslik.si\/prodaja-slik\/"},{"@type":"ListItem","position":3,"name":"Vincent van Gogh &#8211; Road with Cypress and Star"}]},{"@type":"WebSite","@id":"https:\/\/svetslik.si\/hr\/#website","url":"https:\/\/svetslik.si\/hr\/","name":"SVETSLIK.SI","description":"100% ru\u010dno naslikane reprodukcije slika poznatih slikara in umjetni\u010dke zidne slike na platnu.","publisher":{"@id":"https:\/\/svetslik.si\/hr\/#organization"},"potentialAction":[{"@type":"SearchAction","target":{"@type":"EntryPoint","urlTemplate":"https:\/\/svetslik.si\/hr\/?s={search_term_string}"},"query-input":{"@type":"PropertyValueSpecification","valueRequired":true,"valueName":"search_term_string"}}],"inLanguage":"hr"},{"@type":"Organization","@id":"https:\/\/svetslik.si\/hr\/#organization","name":"SvetSlik.si","url":"https:\/\/svetslik.si\/hr\/","logo":{"@type":"ImageObject","inLanguage":"hr","@id":"https:\/\/svetslik.si\/hr\/#\/schema\/logo\/image\/","url":"https:\/\/svetslik.si\/wp-content\/uploads\/2020\/12\/logo-512.png","contentUrl":"https:\/\/svetslik.si\/wp-content\/uploads\/2020\/12\/logo-512.png","width":512,"height":512,"caption":"SvetSlik.si"},"image":{"@id":"https:\/\/svetslik.si\/hr\/#\/schema\/logo\/image\/"},"sameAs":["https:\/\/www.facebook.com\/svetslik.si","https:\/\/x.com\/svetslik","https:\/\/www.instagram.com\/svetslik.si\/","https:\/\/www.linkedin.com\/company\/svetslik-si"]}]},"og_availability":"backorder","product_availability":"available for order","product_retailer_item_id":"44__","product_condition":"new"},"jetpack_sharing_enabled":true,"_links":{"self":[{"href":"https:\/\/svetslik.si\/hr\/wp-json\/wp\/v2\/product\/26126","targetHints":{"allow":["GET"]}}],"collection":[{"href":"https:\/\/svetslik.si\/hr\/wp-json\/wp\/v2\/product"}],"about":[{"href":"https:\/\/svetslik.si\/hr\/wp-json\/wp\/v2\/types\/product"}],"wp:featuredmedia":[{"embeddable":true,"href":"https:\/\/svetslik.si\/hr\/wp-json\/wp\/v2\/media\/20643"}],"wp:attachment":[{"href":"https:\/\/svetslik.si\/hr\/wp-json\/wp\/v2\/media?parent=26126"}],"wp:term":[{"taxonomy":"product_brand","embeddable":true,"href":"https:\/\/svetslik.si\/hr\/wp-json\/wp\/v2\/product_brand?post=26126"},{"taxonomy":"product_cat","embeddable":true,"href":"https:\/\/svetslik.si\/hr\/wp-json\/wp\/v2\/product_cat?post=26126"},{"taxonomy":"product_tag","embeddable":true,"href":"https:\/\/svetslik.si\/hr\/wp-json\/wp\/v2\/product_tag?post=26126"}],"curies":[{"name":"wp","href":"https:\/\/api.w.org\/{rel}","templated":true}]}}