{"id":26133,"date":"2021-09-02T17:42:21","date_gmt":"2021-09-02T15:42:21","guid":{"rendered":"https:\/\/svetslik.si\/Bez%20kategorije\/a-pair-of-shoes\/"},"modified":"2024-07-04T16:02:26","modified_gmt":"2024-07-04T14:02:26","slug":"a-pair-of-shoes","status":"publish","type":"product","link":"https:\/\/svetslik.si\/hr\/vincent-van-gogh\/a-pair-of-shoes\/","title":{"rendered":"Vincent van Gogh &#8211; A pair of shoes"},"content":{"rendered":"<h1>Vincent Van Gogh &#8211; Par cipela<\/h1>\n<div>\n<div>\n<p>&nbsp;<\/p>\n<\/div>\n<div>\n<p>&nbsp;<\/p>\n<\/div>\n<div>\n<p>Godina nastanka: \u00a0 \u00a0 \u00a0 \u00a0 \u00a0 \u00a0 \u00a0 \u00a0 \u00a0 \u00a0 \u00a0 1886.<\/p>\n<\/div>\n<div>\n<p>Izvorna veli\u010dina: \u00a0 \u00a0 \u00a0 \u00a0 \u00a0 \u00a0 \u00a0 \u00a0 37,5 cm \u00d7 45 cm<\/p>\n<\/div>\n<div>\n<p>Stil slikanja: \u00a0 \u00a0 \u00a0 \u00a0 \u00a0 \u00a0 \u00a0 \u00a0 \u00a0 \u00a0 \u00a0 \u00a0 \u00a0 \u00a0postimpresionizam<\/p>\n<\/div>\n<div>\n<p>Izvorna tehnika: \u00a0 \u00a0 \u00a0 \u00a0 \u00a0 \u00a0 \u00a0 \u00a0 ulje na platnu<\/p>\n<\/div>\n<div>\n<p>Smje\u0161teno: \u00a0 \u00a0 \u00a0 \u00a0 \u00a0 \u00a0 \u00a0 \u00a0 \u00a0 \u00a0 \u00a0 \u00a0 \u00a0 \u00a0 \u00a0Muzej Van Gogh, Nizozemska<\/p>\n<\/div>\n<div>\n<p>Slika para izno\u0161enih cipela postavlja mnoga pitanja. Jedno od ustaljenih tuma\u010denja motiva slike je da par cipela ilustrira slikarev te\u017eak \u017eivotni put. Jedan od prijatelja iz pari\u0161kih studentskih dana rekao je da je Vincent ove radne cipele kupio na buvljaku s namjerom da ih slika. Kako mu se nisu \u010dinile dovoljno no\u0161ene, obukao ih je i oti\u0161ao u dugu \u0161etnju po ki\u0161i. Tek nakon toga ih je na\u0161ao prikladnima kao motiv.<\/p>\n<\/div>\n<\/div>\n<div>\n<p>Van Gogh je naslikao nekoliko slika s motivom starih cipela, kojima je, kao i mnogi drugi suvremenici, do\u010darao te\u017eak, ali slikovit \u017eivot tada\u0161nje radni\u010dke klase.<\/p>\n<p>&#8220;Par cipela&#8221; je slika nizozemskog umjetnika Vincenta van Gogha iz 1886. Slika se smatra jednim od Van Goghovih manje poznatih djela, ali je sna\u017ena demonstracija umjetnikove sposobnosti da uzdigne obi\u010dno u nesvakida\u0161nje. Slika prikazuje jednostavan par cipela, s vrtlo\u017enim potezima kista u pozadini. Slika je nadaleko poznata po svojoj emocionalnosti i sna\u017enoj simbolici.<\/p>\n<p>Kompozicija slike je jednostavna, cipele zauzimaju sredi\u0161te platna, a ostatak prostora zauzima pozadina s uskovitlanim potezima kista. Kori\u0161tenje boja na slici tako\u0111er je vrijedno pa\u017enje, jer je Van Gogh koristio hrabre, kontrastne boje koje stvaraju osje\u0107aj pokreta i energije. Cipele su izvedene u nijansama sme\u0111e i crne, stvaraju\u0107i dojam jednostavnosti i normalnosti. Linija u pozadini je u nijansama ljubi\u010daste, plave i zelene, stvaraju\u0107i osje\u0107aj pokreta i emocija. Potezi kistom na slici su gusti i vidljivi, daju\u0107i slici osje\u0107aj pokreta i energije.<\/p>\n<p>Simbolika na slici je tako\u0111er bogata, cipele predstavljaju svakodnevicu i normalnost \u017eivota, a potezi kista u pozadini emocije i osje\u0107aje koji su \u010desto skriveni ispod povr\u0161ine. Za sliku se ka\u017ee da predstavlja Van Goghovo emocionalno stanje u to vrijeme. Slika je nastala dok je Van Gogh \u017eivio u Den Haagu u Nizozemskoj, a vjeruje se da odra\u017eava umjetnikove osje\u0107aje \u010de\u017enje za vezom sa svakodnevnim i obi\u010dnim \u017eivotom.<\/p>\n<p>&#8220;Par cipela&#8221; smatra se jednim od Van Goghovih manje poznatih djela i nalazi se u muzeju Kr\u00f6ller-M\u00fcller u Otterlu u Nizozemskoj. To je va\u017eno djelo postimpresionizma kojem se jo\u0161 uvijek dive i prou\u010davaju i amateri i stru\u010dnjaci. Sna\u017ena slikovitost, emocionalnost i bogata simbolika \u010dine ovu sliku neophodnom za svakog ljubitelja umjetnosti ili svakoga tko je zainteresiran za rad Vincenta van Gogha.<\/p>\n<\/div>\n","protected":false},"excerpt":{"rendered":"<p>Vincent Van Gogh &#8211; Par cipela &nbsp; &nbsp; Godina nastanka: \u00a0 \u00a0 \u00a0 \u00a0 \u00a0 \u00a0 \u00a0 \u00a0 \u00a0 \u00a0 \u00a0 1886. Izvorna veli\u010dina: \u00a0 \u00a0 \u00a0 \u00a0 \u00a0 \u00a0 \u00a0 \u00a0 37,5 cm \u00d7 45 cm Stil slikanja: \u00a0 \u00a0 \u00a0 \u00a0 \u00a0 \u00a0 \u00a0 \u00a0 \u00a0 \u00a0 \u00a0 [&hellip;]<\/p>\n","protected":false},"featured_media":21047,"template":"","meta":{"_acf_changed":false},"product_brand":[],"product_cat":[3381],"product_tag":[4069,4070,4071,4073],"class_list":{"0":"post-26133","1":"product","2":"type-product","3":"status-publish","4":"has-post-thumbnail","6":"product_cat-vincent-van-gogh","7":"product_tag-reprodukcija-hr","8":"product_tag-reprodukcije-hr","9":"product_tag-slikar-hr","10":"product_tag-van-gogh-hr","11":"pa_dimenzija-120-x-100-cm-hr","12":"pa_dimenzija-150-x-120-cm-hr","13":"pa_dimenzija-45-x-38-cm-hr","14":"pa_dimenzija-50-x-40-cm-hr","15":"pa_dimenzija-60-x-50-cm-hr","16":"pa_dimenzija-70-x-60-cm-hr","17":"pa_dimenzija-80-x-60-cm-hr","18":"pa_dimenzija-90-x-70-cm-hr","19":"pa_oblika-horizontalno","20":"pa_okvir-bez-okvira","21":"pa_podokvir-bez-podokvira","22":"pa_podokvir-sa-podokvirom","24":"first","25":"onbackorder","26":"purchasable","27":"product-type-variable","28":"has-default-attributes"},"acf":[],"yoast_head":"<!-- This site is optimized with the Yoast SEO Premium plugin v26.0 (Yoast SEO v27.2) - https:\/\/yoast.com\/product\/yoast-seo-premium-wordpress\/ -->\n<title>Vincent van Gogh - A pair of shoes - SVETSLIK.SI - 100% ru\u010dno naslikano<\/title>\n<meta name=\"description\" content=\"Vincent van Gogh - A pair of shoes - 100% ru\u010dno naslikane reprodukcije slika na platnu. Uramljivanje slika, prodaja i izrada slika u dimenzijama po narud\u017ebi.\" \/>\n<meta name=\"robots\" content=\"index, follow, max-snippet:-1, max-image-preview:large, max-video-preview:-1\" \/>\n<link rel=\"canonical\" href=\"https:\/\/svetslik.si\/hr\/vincent-van-gogh\/a-pair-of-shoes\/\" \/>\n<meta property=\"og:locale\" content=\"hr_HR\" \/>\n<meta property=\"og:type\" content=\"article\" \/>\n<meta property=\"og:title\" content=\"Vincent van Gogh - A pair of shoes\" \/>\n<meta property=\"og:description\" content=\"100% ro\u010dno naslikane slike na platnu, reprodukcije znanih slikarjev in umetni\u0161ke slike po naro\u010dilu.\" \/>\n<meta property=\"og:url\" content=\"https:\/\/svetslik.si\/hr\/vincent-van-gogh\/a-pair-of-shoes\/\" \/>\n<meta property=\"og:site_name\" content=\"SVETSLIK.SI\" \/>\n<meta property=\"article:publisher\" content=\"https:\/\/www.facebook.com\/svetslik.si\" \/>\n<meta property=\"article:modified_time\" content=\"2024-07-04T14:02:26+00:00\" \/>\n<meta property=\"og:image\" content=\"https:\/\/svetslik.si\/wp-content\/uploads\/2021\/09\/A-pair-of-shoes-vincent-van-Gogh-scaled.jpg\" \/>\n\t<meta property=\"og:image:width\" content=\"2560\" \/>\n\t<meta property=\"og:image:height\" content=\"2127\" \/>\n\t<meta property=\"og:image:type\" content=\"image\/jpeg\" \/>\n<meta name=\"twitter:card\" content=\"summary_large_image\" \/>\n<meta name=\"twitter:site\" content=\"@svetslik\" \/>\n<meta name=\"twitter:label1\" content=\"Availability\" \/>\n\t<meta name=\"twitter:data1\" content=\"On backorder\" \/>\n<script type=\"application\/ld+json\" class=\"yoast-schema-graph\">{\"@context\":\"https:\/\/schema.org\",\"@graph\":[{\"@type\":[\"WebPage\",\"ItemPage\"],\"@id\":\"https:\/\/svetslik.si\/hr\/vincent-van-gogh\/a-pair-of-shoes\/\",\"url\":\"https:\/\/svetslik.si\/hr\/vincent-van-gogh\/a-pair-of-shoes\/\",\"name\":\"Vincent van Gogh - A pair of shoes - SVETSLIK.SI - 100% ru\u010dno naslikano\",\"isPartOf\":{\"@id\":\"https:\/\/svetslik.si\/hr\/#website\"},\"primaryImageOfPage\":{\"@id\":\"https:\/\/svetslik.si\/hr\/vincent-van-gogh\/a-pair-of-shoes\/#primaryimage\"},\"image\":{\"@id\":\"https:\/\/svetslik.si\/hr\/vincent-van-gogh\/a-pair-of-shoes\/#primaryimage\"},\"thumbnailUrl\":\"https:\/\/svetslik.si\/wp-content\/uploads\/2021\/09\/A-pair-of-shoes-vincent-van-Gogh-scaled.jpg\",\"datePublished\":\"2021-09-02T15:42:21+00:00\",\"dateModified\":\"2024-07-04T14:02:26+00:00\",\"description\":\"Vincent van Gogh - A pair of shoes - 100% ru\u010dno naslikane reprodukcije slika na platnu. Uramljivanje slika, prodaja i izrada slika u dimenzijama po narud\u017ebi.\",\"breadcrumb\":{\"@id\":\"https:\/\/svetslik.si\/hr\/vincent-van-gogh\/a-pair-of-shoes\/#breadcrumb\"},\"inLanguage\":\"hr\",\"potentialAction\":[{\"@type\":\"ReadAction\",\"target\":[\"https:\/\/svetslik.si\/hr\/vincent-van-gogh\/a-pair-of-shoes\/\"]}]},{\"@type\":\"ImageObject\",\"inLanguage\":\"hr\",\"@id\":\"https:\/\/svetslik.si\/hr\/vincent-van-gogh\/a-pair-of-shoes\/#primaryimage\",\"url\":\"https:\/\/svetslik.si\/wp-content\/uploads\/2021\/09\/A-pair-of-shoes-vincent-van-Gogh-scaled.jpg\",\"contentUrl\":\"https:\/\/svetslik.si\/wp-content\/uploads\/2021\/09\/A-pair-of-shoes-vincent-van-Gogh-scaled.jpg\",\"width\":2560,\"height\":2127,\"caption\":\"Reprodukcije poznatih slikara - moderne zidne slike - umjetni\u010dke slike za zid: Par cipela, Vincent van Gogh (reprodukcija slike)\"},{\"@type\":\"BreadcrumbList\",\"@id\":\"https:\/\/svetslik.si\/hr\/vincent-van-gogh\/a-pair-of-shoes\/#breadcrumb\",\"itemListElement\":[{\"@type\":\"ListItem\",\"position\":1,\"name\":\"Umjetni\u010dke zidne slike na platnu\",\"item\":\"https:\/\/svetslik.si\/hr\/\"},{\"@type\":\"ListItem\",\"position\":2,\"name\":\"Prodaja slika\",\"item\":\"https:\/\/svetslik.si\/prodaja-slik\/\"},{\"@type\":\"ListItem\",\"position\":3,\"name\":\"Vincent van Gogh &#8211; A pair of shoes\"}]},{\"@type\":\"WebSite\",\"@id\":\"https:\/\/svetslik.si\/hr\/#website\",\"url\":\"https:\/\/svetslik.si\/hr\/\",\"name\":\"SVETSLIK.SI\",\"description\":\"100% ru\u010dno naslikane reprodukcije slika poznatih slikara in umjetni\u010dke zidne slike na platnu.\",\"publisher\":{\"@id\":\"https:\/\/svetslik.si\/hr\/#organization\"},\"potentialAction\":[{\"@type\":\"SearchAction\",\"target\":{\"@type\":\"EntryPoint\",\"urlTemplate\":\"https:\/\/svetslik.si\/hr\/?s={search_term_string}\"},\"query-input\":{\"@type\":\"PropertyValueSpecification\",\"valueRequired\":true,\"valueName\":\"search_term_string\"}}],\"inLanguage\":\"hr\"},{\"@type\":\"Organization\",\"@id\":\"https:\/\/svetslik.si\/hr\/#organization\",\"name\":\"SvetSlik.si\",\"url\":\"https:\/\/svetslik.si\/hr\/\",\"logo\":{\"@type\":\"ImageObject\",\"inLanguage\":\"hr\",\"@id\":\"https:\/\/svetslik.si\/hr\/#\/schema\/logo\/image\/\",\"url\":\"https:\/\/svetslik.si\/wp-content\/uploads\/2020\/12\/logo-512.png\",\"contentUrl\":\"https:\/\/svetslik.si\/wp-content\/uploads\/2020\/12\/logo-512.png\",\"width\":512,\"height\":512,\"caption\":\"SvetSlik.si\"},\"image\":{\"@id\":\"https:\/\/svetslik.si\/hr\/#\/schema\/logo\/image\/\"},\"sameAs\":[\"https:\/\/www.facebook.com\/svetslik.si\",\"https:\/\/x.com\/svetslik\",\"https:\/\/www.instagram.com\/svetslik.si\/\",\"https:\/\/www.linkedin.com\/company\/svetslik-si\"]}]}<\/script>\n<meta property=\"og:availability\" content=\"backorder\" \/>\n<meta property=\"product:availability\" content=\"available for order\" \/>\n<meta property=\"product:retailer_item_id\" content=\"40__\" \/>\n<meta property=\"product:condition\" content=\"new\" \/>\n<!-- \/ Yoast SEO Premium plugin. -->","yoast_head_json":{"title":"Vincent van Gogh - A pair of shoes - SVETSLIK.SI - 100% ru\u010dno naslikano","description":"Vincent van Gogh - A pair of shoes - 100% ru\u010dno naslikane reprodukcije slika na platnu. Uramljivanje slika, prodaja i izrada slika u dimenzijama po narud\u017ebi.","robots":{"index":"index","follow":"follow","max-snippet":"max-snippet:-1","max-image-preview":"max-image-preview:large","max-video-preview":"max-video-preview:-1"},"canonical":"https:\/\/svetslik.si\/hr\/vincent-van-gogh\/a-pair-of-shoes\/","og_locale":"hr_HR","og_type":"article","og_title":"Vincent van Gogh - A pair of shoes","og_description":"100% ro\u010dno naslikane slike na platnu, reprodukcije znanih slikarjev in umetni\u0161ke slike po naro\u010dilu.","og_url":"https:\/\/svetslik.si\/hr\/vincent-van-gogh\/a-pair-of-shoes\/","og_site_name":"SVETSLIK.SI","article_publisher":"https:\/\/www.facebook.com\/svetslik.si","article_modified_time":"2024-07-04T14:02:26+00:00","og_image":[{"width":2560,"height":2127,"url":"https:\/\/svetslik.si\/wp-content\/uploads\/2021\/09\/A-pair-of-shoes-vincent-van-Gogh-scaled.jpg","type":"image\/jpeg"}],"twitter_card":"summary_large_image","twitter_site":"@svetslik","twitter_misc":{"Availability":"On backorder"},"schema":{"@context":"https:\/\/schema.org","@graph":[{"@type":["WebPage","ItemPage"],"@id":"https:\/\/svetslik.si\/hr\/vincent-van-gogh\/a-pair-of-shoes\/","url":"https:\/\/svetslik.si\/hr\/vincent-van-gogh\/a-pair-of-shoes\/","name":"Vincent van Gogh - A pair of shoes - SVETSLIK.SI - 100% ru\u010dno naslikano","isPartOf":{"@id":"https:\/\/svetslik.si\/hr\/#website"},"primaryImageOfPage":{"@id":"https:\/\/svetslik.si\/hr\/vincent-van-gogh\/a-pair-of-shoes\/#primaryimage"},"image":{"@id":"https:\/\/svetslik.si\/hr\/vincent-van-gogh\/a-pair-of-shoes\/#primaryimage"},"thumbnailUrl":"https:\/\/svetslik.si\/wp-content\/uploads\/2021\/09\/A-pair-of-shoes-vincent-van-Gogh-scaled.jpg","datePublished":"2021-09-02T15:42:21+00:00","dateModified":"2024-07-04T14:02:26+00:00","description":"Vincent van Gogh - A pair of shoes - 100% ru\u010dno naslikane reprodukcije slika na platnu. Uramljivanje slika, prodaja i izrada slika u dimenzijama po narud\u017ebi.","breadcrumb":{"@id":"https:\/\/svetslik.si\/hr\/vincent-van-gogh\/a-pair-of-shoes\/#breadcrumb"},"inLanguage":"hr","potentialAction":[{"@type":"ReadAction","target":["https:\/\/svetslik.si\/hr\/vincent-van-gogh\/a-pair-of-shoes\/"]}]},{"@type":"ImageObject","inLanguage":"hr","@id":"https:\/\/svetslik.si\/hr\/vincent-van-gogh\/a-pair-of-shoes\/#primaryimage","url":"https:\/\/svetslik.si\/wp-content\/uploads\/2021\/09\/A-pair-of-shoes-vincent-van-Gogh-scaled.jpg","contentUrl":"https:\/\/svetslik.si\/wp-content\/uploads\/2021\/09\/A-pair-of-shoes-vincent-van-Gogh-scaled.jpg","width":2560,"height":2127,"caption":"Reprodukcije poznatih slikara - moderne zidne slike - umjetni\u010dke slike za zid: Par cipela, Vincent van Gogh (reprodukcija slike)"},{"@type":"BreadcrumbList","@id":"https:\/\/svetslik.si\/hr\/vincent-van-gogh\/a-pair-of-shoes\/#breadcrumb","itemListElement":[{"@type":"ListItem","position":1,"name":"Umjetni\u010dke zidne slike na platnu","item":"https:\/\/svetslik.si\/hr\/"},{"@type":"ListItem","position":2,"name":"Prodaja slika","item":"https:\/\/svetslik.si\/prodaja-slik\/"},{"@type":"ListItem","position":3,"name":"Vincent van Gogh &#8211; A pair of shoes"}]},{"@type":"WebSite","@id":"https:\/\/svetslik.si\/hr\/#website","url":"https:\/\/svetslik.si\/hr\/","name":"SVETSLIK.SI","description":"100% ru\u010dno naslikane reprodukcije slika poznatih slikara in umjetni\u010dke zidne slike na platnu.","publisher":{"@id":"https:\/\/svetslik.si\/hr\/#organization"},"potentialAction":[{"@type":"SearchAction","target":{"@type":"EntryPoint","urlTemplate":"https:\/\/svetslik.si\/hr\/?s={search_term_string}"},"query-input":{"@type":"PropertyValueSpecification","valueRequired":true,"valueName":"search_term_string"}}],"inLanguage":"hr"},{"@type":"Organization","@id":"https:\/\/svetslik.si\/hr\/#organization","name":"SvetSlik.si","url":"https:\/\/svetslik.si\/hr\/","logo":{"@type":"ImageObject","inLanguage":"hr","@id":"https:\/\/svetslik.si\/hr\/#\/schema\/logo\/image\/","url":"https:\/\/svetslik.si\/wp-content\/uploads\/2020\/12\/logo-512.png","contentUrl":"https:\/\/svetslik.si\/wp-content\/uploads\/2020\/12\/logo-512.png","width":512,"height":512,"caption":"SvetSlik.si"},"image":{"@id":"https:\/\/svetslik.si\/hr\/#\/schema\/logo\/image\/"},"sameAs":["https:\/\/www.facebook.com\/svetslik.si","https:\/\/x.com\/svetslik","https:\/\/www.instagram.com\/svetslik.si\/","https:\/\/www.linkedin.com\/company\/svetslik-si"]}]},"og_availability":"backorder","product_availability":"available for order","product_retailer_item_id":"40__","product_condition":"new"},"jetpack_sharing_enabled":true,"_links":{"self":[{"href":"https:\/\/svetslik.si\/hr\/wp-json\/wp\/v2\/product\/26133","targetHints":{"allow":["GET"]}}],"collection":[{"href":"https:\/\/svetslik.si\/hr\/wp-json\/wp\/v2\/product"}],"about":[{"href":"https:\/\/svetslik.si\/hr\/wp-json\/wp\/v2\/types\/product"}],"wp:featuredmedia":[{"embeddable":true,"href":"https:\/\/svetslik.si\/hr\/wp-json\/wp\/v2\/media\/21047"}],"wp:attachment":[{"href":"https:\/\/svetslik.si\/hr\/wp-json\/wp\/v2\/media?parent=26133"}],"wp:term":[{"taxonomy":"product_brand","embeddable":true,"href":"https:\/\/svetslik.si\/hr\/wp-json\/wp\/v2\/product_brand?post=26133"},{"taxonomy":"product_cat","embeddable":true,"href":"https:\/\/svetslik.si\/hr\/wp-json\/wp\/v2\/product_cat?post=26133"},{"taxonomy":"product_tag","embeddable":true,"href":"https:\/\/svetslik.si\/hr\/wp-json\/wp\/v2\/product_tag?post=26133"}],"curies":[{"name":"wp","href":"https:\/\/api.w.org\/{rel}","templated":true}]}}