{"id":26166,"date":"2021-09-02T17:42:17","date_gmt":"2021-09-02T15:42:17","guid":{"rendered":"https:\/\/svetslik.si\/Bez%20kategorije\/olive-trees-with-yellow-sky-and-sun\/"},"modified":"2025-12-19T10:54:28","modified_gmt":"2025-12-19T09:54:28","slug":"olive-trees-with-yellow-sky-and-sun","status":"publish","type":"product","link":"https:\/\/svetslik.si\/hr\/vincent-van-gogh\/olive-trees-with-yellow-sky-and-sun\/","title":{"rendered":"Vincent van Gogh &#8211; Olive trees with yellow sky and sun"},"content":{"rendered":"<div class=\"wpb-content-wrapper\">[vc_row css=&#8221;.vc_custom_1766137819903{margin-bottom: 5px !important;}&#8221;][vc_column]\t<div class=\"et-image-973 et-image aligncenter    et_image_link\">\n\t\t<div class=\"et-image-inner \">\n\t\t\t\t\t\t\t<div class=\"et-image-thumb \">\n\t\t\t\t\t<img decoding=\"async\" width=\"1500\" height=\"1157\" src=\"https:\/\/svetslik.si\/wp-content\/uploads\/2021\/09\/umetniske-slike-na-platnu-Vincent-van-Gogh-\u2013-Olive-trees-with-yellow-sky-and-sun.webp\" class=\"attachment-full\" alt=\"Vincent van Gogh - Olive trees with yellow sky and sun\" title=\"Vincent van Gogh - Olive trees with yellow sky and sun\" srcset=\"https:\/\/svetslik.si\/wp-content\/uploads\/2021\/09\/umetniske-slike-na-platnu-Vincent-van-Gogh-\u2013-Olive-trees-with-yellow-sky-and-sun.webp 1500w, https:\/\/svetslik.si\/wp-content\/uploads\/2021\/09\/umetniske-slike-na-platnu-Vincent-van-Gogh-\u2013-Olive-trees-with-yellow-sky-and-sun-300x231.webp 300w, https:\/\/svetslik.si\/wp-content\/uploads\/2021\/09\/umetniske-slike-na-platnu-Vincent-van-Gogh-\u2013-Olive-trees-with-yellow-sky-and-sun-1024x790.webp 1024w, https:\/\/svetslik.si\/wp-content\/uploads\/2021\/09\/umetniske-slike-na-platnu-Vincent-van-Gogh-\u2013-Olive-trees-with-yellow-sky-and-sun-768x592.webp 768w, https:\/\/svetslik.si\/wp-content\/uploads\/2021\/09\/umetniske-slike-na-platnu-Vincent-van-Gogh-\u2013-Olive-trees-with-yellow-sky-and-sun-150x116.webp 150w, https:\/\/svetslik.si\/wp-content\/uploads\/2021\/09\/umetniske-slike-na-platnu-Vincent-van-Gogh-\u2013-Olive-trees-with-yellow-sky-and-sun-600x463.webp 600w, https:\/\/svetslik.si\/wp-content\/uploads\/2021\/09\/umetniske-slike-na-platnu-Vincent-van-Gogh-\u2013-Olive-trees-with-yellow-sky-and-sun-1200x926.webp 1200w\" sizes=\"(max-width: 1500px) 100vw, 1500px\" \/>\t\t\t\t<\/div>\n\t\t\t\t\t\t\t\t\t\t\t<\/div>\n\t<\/div>\n  [\/vc_column][\/vc_row][vc_row css=&#8221;.vc_custom_1766137819903{margin-bottom: 5px !important;}&#8221;][vc_column]\t<div class=\"et-image-860 et-image aligncenter    et_image_link\">\n\t\t<div class=\"et-image-inner \">\n\t\t\t\t\t\t\t<div class=\"et-image-thumb \">\n\t\t\t\t\t<img decoding=\"async\" width=\"1500\" height=\"1358\" src=\"https:\/\/svetslik.si\/wp-content\/uploads\/2021\/09\/umetniske-slike-na-platnu-Vincent-van-Gogh-\u2013-Olive-trees-with-yellow-sky-and-sun-1.webp\" class=\"attachment-full\" alt=\"Vincent van Gogh - Olive trees with yellow sky and sun\" title=\"Vincent van Gogh - Olive trees with yellow sky and sun\" srcset=\"https:\/\/svetslik.si\/wp-content\/uploads\/2021\/09\/umetniske-slike-na-platnu-Vincent-van-Gogh-\u2013-Olive-trees-with-yellow-sky-and-sun-1.webp 1500w, https:\/\/svetslik.si\/wp-content\/uploads\/2021\/09\/umetniske-slike-na-platnu-Vincent-van-Gogh-\u2013-Olive-trees-with-yellow-sky-and-sun-1-300x272.webp 300w, https:\/\/svetslik.si\/wp-content\/uploads\/2021\/09\/umetniske-slike-na-platnu-Vincent-van-Gogh-\u2013-Olive-trees-with-yellow-sky-and-sun-1-1024x927.webp 1024w, https:\/\/svetslik.si\/wp-content\/uploads\/2021\/09\/umetniske-slike-na-platnu-Vincent-van-Gogh-\u2013-Olive-trees-with-yellow-sky-and-sun-1-768x695.webp 768w, https:\/\/svetslik.si\/wp-content\/uploads\/2021\/09\/umetniske-slike-na-platnu-Vincent-van-Gogh-\u2013-Olive-trees-with-yellow-sky-and-sun-1-150x136.webp 150w, https:\/\/svetslik.si\/wp-content\/uploads\/2021\/09\/umetniske-slike-na-platnu-Vincent-van-Gogh-\u2013-Olive-trees-with-yellow-sky-and-sun-1-600x543.webp 600w, https:\/\/svetslik.si\/wp-content\/uploads\/2021\/09\/umetniske-slike-na-platnu-Vincent-van-Gogh-\u2013-Olive-trees-with-yellow-sky-and-sun-1-1200x1086.webp 1200w\" sizes=\"(max-width: 1500px) 100vw, 1500px\" \/>\t\t\t\t<\/div>\n\t\t\t\t\t\t\t\t\t\t\t<\/div>\n\t<\/div>\n  [\/vc_column][\/vc_row][vc_row css=&#8221;.vc_custom_1766137819903{margin-bottom: 5px !important;}&#8221;][vc_column]\t<div class=\"et-image-694 et-image aligncenter    et_image_link\">\n\t\t<div class=\"et-image-inner \">\n\t\t\t\t\t\t\t<div class=\"et-image-thumb \">\n\t\t\t\t\t<img decoding=\"async\" width=\"1500\" height=\"1430\" src=\"https:\/\/svetslik.si\/wp-content\/uploads\/2021\/09\/umetniske-slike-na-platnu-Vincent-van-Gogh-\u2013-Olive-trees-with-yellow-sky-and-sun-2.webp\" class=\"attachment-full\" alt=\"Vincent van Gogh - Olive trees with yellow sky and sun\" title=\"Vincent van Gogh - Olive trees with yellow sky and sun\" srcset=\"https:\/\/svetslik.si\/wp-content\/uploads\/2021\/09\/umetniske-slike-na-platnu-Vincent-van-Gogh-\u2013-Olive-trees-with-yellow-sky-and-sun-2.webp 1500w, https:\/\/svetslik.si\/wp-content\/uploads\/2021\/09\/umetniske-slike-na-platnu-Vincent-van-Gogh-\u2013-Olive-trees-with-yellow-sky-and-sun-2-300x286.webp 300w, https:\/\/svetslik.si\/wp-content\/uploads\/2021\/09\/umetniske-slike-na-platnu-Vincent-van-Gogh-\u2013-Olive-trees-with-yellow-sky-and-sun-2-1024x976.webp 1024w, https:\/\/svetslik.si\/wp-content\/uploads\/2021\/09\/umetniske-slike-na-platnu-Vincent-van-Gogh-\u2013-Olive-trees-with-yellow-sky-and-sun-2-768x732.webp 768w, https:\/\/svetslik.si\/wp-content\/uploads\/2021\/09\/umetniske-slike-na-platnu-Vincent-van-Gogh-\u2013-Olive-trees-with-yellow-sky-and-sun-2-150x143.webp 150w, https:\/\/svetslik.si\/wp-content\/uploads\/2021\/09\/umetniske-slike-na-platnu-Vincent-van-Gogh-\u2013-Olive-trees-with-yellow-sky-and-sun-2-600x572.webp 600w, https:\/\/svetslik.si\/wp-content\/uploads\/2021\/09\/umetniske-slike-na-platnu-Vincent-van-Gogh-\u2013-Olive-trees-with-yellow-sky-and-sun-2-1200x1144.webp 1200w\" sizes=\"(max-width: 1500px) 100vw, 1500px\" \/>\t\t\t\t<\/div>\n\t\t\t\t\t\t\t\t\t\t\t<\/div>\n\t<\/div>\n  [\/vc_column][\/vc_row][vc_row css=&#8221;.vc_custom_1766137819903{margin-bottom: 5px !important;}&#8221;][vc_column]\t<div class=\"et-image-579 et-image aligncenter    et_image_link\">\n\t\t<div class=\"et-image-inner \">\n\t\t\t\t\t\t\t<div class=\"et-image-thumb \">\n\t\t\t\t\t<img decoding=\"async\" width=\"1500\" height=\"1125\" src=\"https:\/\/svetslik.si\/wp-content\/uploads\/2021\/09\/umetniske-slike-na-platnu-Vincent-van-Gogh-\u2013-Olive-trees-with-yellow-sky-and-sun-3.webp\" class=\"attachment-full\" alt=\"Vincent van Gogh - Olive trees with yellow sky and sun\" title=\"Vincent van Gogh - Olive trees with yellow sky and sun\" srcset=\"https:\/\/svetslik.si\/wp-content\/uploads\/2021\/09\/umetniske-slike-na-platnu-Vincent-van-Gogh-\u2013-Olive-trees-with-yellow-sky-and-sun-3.webp 1500w, https:\/\/svetslik.si\/wp-content\/uploads\/2021\/09\/umetniske-slike-na-platnu-Vincent-van-Gogh-\u2013-Olive-trees-with-yellow-sky-and-sun-3-300x225.webp 300w, https:\/\/svetslik.si\/wp-content\/uploads\/2021\/09\/umetniske-slike-na-platnu-Vincent-van-Gogh-\u2013-Olive-trees-with-yellow-sky-and-sun-3-1024x768.webp 1024w, https:\/\/svetslik.si\/wp-content\/uploads\/2021\/09\/umetniske-slike-na-platnu-Vincent-van-Gogh-\u2013-Olive-trees-with-yellow-sky-and-sun-3-768x576.webp 768w, https:\/\/svetslik.si\/wp-content\/uploads\/2021\/09\/umetniske-slike-na-platnu-Vincent-van-Gogh-\u2013-Olive-trees-with-yellow-sky-and-sun-3-150x113.webp 150w, https:\/\/svetslik.si\/wp-content\/uploads\/2021\/09\/umetniske-slike-na-platnu-Vincent-van-Gogh-\u2013-Olive-trees-with-yellow-sky-and-sun-3-600x450.webp 600w, https:\/\/svetslik.si\/wp-content\/uploads\/2021\/09\/umetniske-slike-na-platnu-Vincent-van-Gogh-\u2013-Olive-trees-with-yellow-sky-and-sun-3-1200x900.webp 1200w\" sizes=\"(max-width: 1500px) 100vw, 1500px\" \/>\t\t\t\t<\/div>\n\t\t\t\t\t\t\t\t\t\t\t<\/div>\n\t<\/div>\n  [\/vc_column][\/vc_row][vc_row][vc_column][vc_column_text]\n<h1>Vincent Van Gogh &#8211; Maslina sa \u017eutim nebom i suncem<\/h1>\n<table id=\"imageinfo\" border=\"0\" width=\"96%\" cellspacing=\"0\" cellpadding=\"2\">\n<tbody>\n<tr>\n<td width=\"120\">Godina stvaranja:<\/td>\n<td>1889<\/td>\n<\/tr>\n<tr>\n<td>Izvorna veli\u010dina:<\/td>\n<td>77 x 93 cm<\/td>\n<\/tr>\n<tr>\n<td>Stil slikanja:<\/td>\n<td>Postimpresionizam<\/td>\n<\/tr>\n<tr>\n<td>Izvorna tehnika:<\/td>\n<td>Ulje na platnu<\/td>\n<\/tr>\n<tr>\n<td>Lokacija:<\/td>\n<td>Umjetni\u010dki institut, Minneapolis, SAD<\/td>\n<\/tr>\n<\/tbody>\n<\/table>\n<p>Slika <em>Stabla masline sa \u017eutim nebom i suncem<\/em> nastala je 1889. u Saint-Remyju, kada je Van Gogh kona\u010dno iza\u0161ao iz slikarske klinike. Van Gogh, koji je vjerovao da rad u prirodi pozitivno utje\u010de na njegovo raspolo\u017eenje i smiruje ga, na ovoj je slici prikazao iskrivljena debla maslina s gustim zelenim kro\u0161njama pod \u017eutim suncem i nebom. Motiv podsje\u0107a na krajolike koje je slikar slikao godinu prije u Arlesu.<\/p>\n<p>&#8220;Masline sa \u017eutim nebom i suncem&#8221; je slika nizozemskog umjetnika Vincenta van Gogha iz 1889. godine. Ova slika se smatra jednim od Van Goghovih najslikovitijih djela, a pokazuje njegovu vje\u0161tinu u su\u010deljavanju ljepote i snage prirode. Slika prikazuje prizor stabala maslina na pozadini jarko \u017eutog neba i sunca. Slika je nadaleko poznata po svojim odva\u017enim potezima, emocionalnosti i sna\u017enoj simbolici.<\/p>\n<p>Kompozicija slike je dinami\u010dna, jer masline zauzimaju sredi\u0161nji dio platna, dok ostatak prostora zauzimaju \u017euto nebo i sunce. Kori\u0161tenje boje na slici tako\u0111er je vrijedno pa\u017enje, jer Van Gogh koristi hrabre, kontrastne boje koje stvaraju osje\u0107aj pokreta i energije. Stabla maslina prikazana su u nijansama zelene i sme\u0111e, stvaraju\u0107i osje\u0107aj stabilnosti i postojanosti. \u017duto nebo je prikazano u nijansama \u017eute i naran\u010daste, stvaraju\u0107i osje\u0107aj topline i energije. Sunce je prikazano u izrazito \u017eutoj boji koja stvara osje\u0107aj \u017eivota i vitalnosti. Potezi kistom na slici su gusti i vidljivi, daju\u0107i slici osje\u0107aj pokreta i energije.<\/p>\n<p>Simbolika na slici tako\u0111er je bogata: stabla masline predstavljaju povezanost s prirodom i prirodnim ciklusima \u017eivota, \u017euto nebo toplinu \u017eivota, a sunce \u017eivotnu snagu prirode. Tako\u0111er se smatra da slika prikazuje Van Goghovo emocionalno stanje u to vrijeme. Slika je nastala dok je Van Gogh \u017eivio u sveti\u0161tu Saint-Paul-de-Mausole u Saint-R\u00e9my de Provence u Francuskoj, a vjeruje se da odra\u017eava umjetnikove osje\u0107aje \u010de\u017enje za vezom s prirodom i prirodnim ciklusima \u017eivota.<\/p>\n<p>&#8220;Masline sa \u017eutim nebom i suncem&#8221; smatraju se jednim od najslikovitijih Van Goghovih djela i nalaze se u Muzeju lijepih umjetnosti u Bostonu, SAD. To je va\u017eno djelo postimpresionizma kojem se jo\u0161 uvijek dive i prou\u010davaju i amateri i stru\u010dnjaci. Sna\u017ena slikovitost, emocionalnost i bogata simbolika \u010dine ovu sliku neophodnom za svakog ljubitelja umjetnosti ili svakoga tko je zainteresiran za rad Vincenta van Gogha.<\/p>\n<\/div>","protected":false},"excerpt":{"rendered":"<p>[vc_row css=&#8221;.vc_custom_1766137819903{margin-bottom: 5px !important;}&#8221;][vc_column][\/vc_column][\/vc_row][vc_row css=&#8221;.vc_custom_1766137819903{margin-bottom: 5px !important;}&#8221;][vc_column][\/vc_column][\/vc_row][vc_row css=&#8221;.vc_custom_1766137819903{margin-bottom: 5px !important;}&#8221;][vc_column][\/vc_column][\/vc_row][vc_row css=&#8221;.vc_custom_1766137819903{margin-bottom: 5px !important;}&#8221;][vc_column][\/vc_column][\/vc_row][vc_row][vc_column][vc_column_text] Vincent Van Gogh &#8211; Maslina sa \u017eutim nebom i suncem Godina stvaranja: 1889 Izvorna veli\u010dina: 77 x 93 cm Stil slikanja: Postimpresionizam Izvorna tehnika: Ulje na platnu Lokacija: Umjetni\u010dki institut, Minneapolis, SAD Slika Stabla masline sa \u017eutim [&hellip;]<\/p>\n","protected":false},"featured_media":20546,"template":"","meta":{"_acf_changed":false},"product_brand":[],"product_cat":[3381],"product_tag":[4069,4070,4071,4073],"class_list":{"0":"post-26166","1":"product","2":"type-product","3":"status-publish","4":"has-post-thumbnail","6":"product_cat-vincent-van-gogh","7":"product_tag-reprodukcija-hr","8":"product_tag-reprodukcije-hr","9":"product_tag-slikar-hr","10":"product_tag-van-gogh-hr","11":"pa_dimenzija-120-x-90-cm","12":"pa_dimenzija-150-x-120-cm","13":"pa_dimenzija-50-x-40-cm","14":"pa_dimenzija-60-x-50-cm","15":"pa_dimenzija-70-x-55-cm","16":"pa_dimenzija-80-x-60-cm","17":"pa_dimenzija-90-x-70-cm","18":"pa_oblika-horizontalno","19":"pa_okvir-bez-okvira","20":"pa_podokvir-bez-podokvira","21":"pa_podokvir-sa-podokvirom","23":"first","24":"onbackorder","25":"purchasable","26":"product-type-variable","27":"has-default-attributes"},"acf":[],"yoast_head":"<!-- This site is optimized with the Yoast SEO Premium plugin v27.5 (Yoast SEO v27.6) - https:\/\/yoast.com\/product\/yoast-seo-premium-wordpress\/ -->\n<title>Vincent van Gogh - Olive trees with yellow sky and sun - SVETSLIK.SI - 100% ru\u010dno naslikano<\/title>\n<meta name=\"description\" content=\"Vincent van Gogh - Olive trees with yellow sky and sun - 100% ru\u010dno naslikane reprodukcije slika na platnu. Uramljivanje slika, prodaja i izrada slika u dimenzijama po narud\u017ebi.\" \/>\n<meta name=\"robots\" content=\"index, follow, max-snippet:-1, max-image-preview:large, max-video-preview:-1\" \/>\n<link rel=\"canonical\" href=\"https:\/\/svetslik.si\/hr\/vincent-van-gogh\/olive-trees-with-yellow-sky-and-sun\/\" \/>\n<meta property=\"og:locale\" content=\"hr_HR\" \/>\n<meta property=\"og:type\" content=\"article\" \/>\n<meta property=\"og:title\" content=\"Vincent van Gogh - Olive trees with yellow sky and sun\" \/>\n<meta property=\"og:description\" content=\"100% ro\u010dno naslikane slike na platnu, reprodukcije znanih slikarjev in umetni\u0161ke slike po naro\u010dilu.\" \/>\n<meta property=\"og:url\" content=\"https:\/\/svetslik.si\/hr\/vincent-van-gogh\/olive-trees-with-yellow-sky-and-sun\/\" \/>\n<meta property=\"og:site_name\" content=\"SVETSLIK.SI\" \/>\n<meta property=\"article:publisher\" content=\"https:\/\/www.facebook.com\/svetslik.si\" \/>\n<meta property=\"article:modified_time\" content=\"2025-12-19T09:54:28+00:00\" \/>\n<meta property=\"og:image\" content=\"https:\/\/svetslik.si\/wp-content\/uploads\/2021\/08\/image_Olive-trees-with-yellow-sky-and-sun-Vincent-van-Gogh_680.jpg\" \/>\n\t<meta property=\"og:image:width\" content=\"1788\" \/>\n\t<meta property=\"og:image:height\" content=\"1440\" \/>\n\t<meta property=\"og:image:type\" content=\"image\/jpeg\" \/>\n<meta name=\"twitter:card\" content=\"summary_large_image\" \/>\n<meta name=\"twitter:site\" content=\"@svetslik\" \/>\n<meta name=\"twitter:label1\" content=\"Availability\" \/>\n\t<meta name=\"twitter:data1\" content=\"On backorder\" \/>\n<script type=\"application\/ld+json\" class=\"yoast-schema-graph\">{\"@context\":\"https:\\\/\\\/schema.org\",\"@graph\":[{\"@type\":[\"WebPage\",\"ItemPage\"],\"@id\":\"https:\\\/\\\/svetslik.si\\\/hr\\\/vincent-van-gogh\\\/olive-trees-with-yellow-sky-and-sun\\\/\",\"url\":\"https:\\\/\\\/svetslik.si\\\/hr\\\/vincent-van-gogh\\\/olive-trees-with-yellow-sky-and-sun\\\/\",\"name\":\"Vincent van Gogh - Olive trees with yellow sky and sun - SVETSLIK.SI - 100% ru\u010dno naslikano\",\"isPartOf\":{\"@id\":\"https:\\\/\\\/svetslik.si\\\/hr\\\/#website\"},\"primaryImageOfPage\":{\"@id\":\"https:\\\/\\\/svetslik.si\\\/hr\\\/vincent-van-gogh\\\/olive-trees-with-yellow-sky-and-sun\\\/#primaryimage\"},\"image\":{\"@id\":\"https:\\\/\\\/svetslik.si\\\/hr\\\/vincent-van-gogh\\\/olive-trees-with-yellow-sky-and-sun\\\/#primaryimage\"},\"thumbnailUrl\":\"https:\\\/\\\/svetslik.si\\\/wp-content\\\/uploads\\\/2021\\\/08\\\/image_Olive-trees-with-yellow-sky-and-sun-Vincent-van-Gogh_680.jpg\",\"datePublished\":\"2021-09-02T15:42:17+00:00\",\"dateModified\":\"2025-12-19T09:54:28+00:00\",\"description\":\"Vincent van Gogh - Olive trees with yellow sky and sun - 100% ru\u010dno naslikane reprodukcije slika na platnu. Uramljivanje slika, prodaja i izrada slika u dimenzijama po narud\u017ebi.\",\"breadcrumb\":{\"@id\":\"https:\\\/\\\/svetslik.si\\\/hr\\\/vincent-van-gogh\\\/olive-trees-with-yellow-sky-and-sun\\\/#breadcrumb\"},\"inLanguage\":\"hr\",\"potentialAction\":[{\"@type\":\"ReadAction\",\"target\":[\"https:\\\/\\\/svetslik.si\\\/hr\\\/vincent-van-gogh\\\/olive-trees-with-yellow-sky-and-sun\\\/\"]}]},{\"@type\":\"ImageObject\",\"inLanguage\":\"hr\",\"@id\":\"https:\\\/\\\/svetslik.si\\\/hr\\\/vincent-van-gogh\\\/olive-trees-with-yellow-sky-and-sun\\\/#primaryimage\",\"url\":\"https:\\\/\\\/svetslik.si\\\/wp-content\\\/uploads\\\/2021\\\/08\\\/image_Olive-trees-with-yellow-sky-and-sun-Vincent-van-Gogh_680.jpg\",\"contentUrl\":\"https:\\\/\\\/svetslik.si\\\/wp-content\\\/uploads\\\/2021\\\/08\\\/image_Olive-trees-with-yellow-sky-and-sun-Vincent-van-Gogh_680.jpg\",\"width\":1788,\"height\":1440,\"caption\":\"Vincent Van Gogh - Olive trees with yellow sky and sun - Reprodukcije poznatih slikara, moderne zidne slike, umjetni\u010dke slike za zid\"},{\"@type\":\"BreadcrumbList\",\"@id\":\"https:\\\/\\\/svetslik.si\\\/hr\\\/vincent-van-gogh\\\/olive-trees-with-yellow-sky-and-sun\\\/#breadcrumb\",\"itemListElement\":[{\"@type\":\"ListItem\",\"position\":1,\"name\":\"Umjetni\u010dke zidne slike na platnu\",\"item\":\"https:\\\/\\\/svetslik.si\\\/hr\\\/\"},{\"@type\":\"ListItem\",\"position\":2,\"name\":\"Prodaja slika\",\"item\":\"https:\\\/\\\/svetslik.si\\\/prodaja-slik\\\/\"},{\"@type\":\"ListItem\",\"position\":3,\"name\":\"Vincent van Gogh &#8211; Olive trees with yellow sky and sun\"}]},{\"@type\":\"WebSite\",\"@id\":\"https:\\\/\\\/svetslik.si\\\/hr\\\/#website\",\"url\":\"https:\\\/\\\/svetslik.si\\\/hr\\\/\",\"name\":\"SVETSLIK.SI\",\"description\":\"100% ru\u010dno naslikane reprodukcije slika poznatih slikara in umjetni\u010dke zidne slike na platnu.\",\"publisher\":{\"@id\":\"https:\\\/\\\/svetslik.si\\\/hr\\\/#organization\"},\"potentialAction\":[{\"@type\":\"SearchAction\",\"target\":{\"@type\":\"EntryPoint\",\"urlTemplate\":\"https:\\\/\\\/svetslik.si\\\/hr\\\/?s={search_term_string}\"},\"query-input\":{\"@type\":\"PropertyValueSpecification\",\"valueRequired\":true,\"valueName\":\"search_term_string\"}}],\"inLanguage\":\"hr\"},{\"@type\":\"Organization\",\"@id\":\"https:\\\/\\\/svetslik.si\\\/hr\\\/#organization\",\"name\":\"SvetSlik.si\",\"url\":\"https:\\\/\\\/svetslik.si\\\/hr\\\/\",\"logo\":{\"@type\":\"ImageObject\",\"inLanguage\":\"hr\",\"@id\":\"https:\\\/\\\/svetslik.si\\\/hr\\\/#\\\/schema\\\/logo\\\/image\\\/\",\"url\":\"https:\\\/\\\/svetslik.si\\\/wp-content\\\/uploads\\\/2020\\\/12\\\/logo-512.png\",\"contentUrl\":\"https:\\\/\\\/svetslik.si\\\/wp-content\\\/uploads\\\/2020\\\/12\\\/logo-512.png\",\"width\":512,\"height\":512,\"caption\":\"SvetSlik.si\"},\"image\":{\"@id\":\"https:\\\/\\\/svetslik.si\\\/hr\\\/#\\\/schema\\\/logo\\\/image\\\/\"},\"sameAs\":[\"https:\\\/\\\/www.facebook.com\\\/svetslik.si\",\"https:\\\/\\\/x.com\\\/svetslik\",\"https:\\\/\\\/www.instagram.com\\\/svetslik.si\\\/\",\"https:\\\/\\\/www.linkedin.com\\\/company\\\/svetslik-si\"]}]}<\/script>\n<meta property=\"og:availability\" content=\"backorder\" \/>\n<meta property=\"product:availability\" content=\"available for order\" \/>\n<meta property=\"product:retailer_item_id\" content=\"39__\" \/>\n<meta property=\"product:condition\" content=\"new\" \/>\n<!-- \/ Yoast SEO Premium plugin. -->","yoast_head_json":{"title":"Vincent van Gogh - Olive trees with yellow sky and sun - SVETSLIK.SI - 100% ru\u010dno naslikano","description":"Vincent van Gogh - Olive trees with yellow sky and sun - 100% ru\u010dno naslikane reprodukcije slika na platnu. Uramljivanje slika, prodaja i izrada slika u dimenzijama po narud\u017ebi.","robots":{"index":"index","follow":"follow","max-snippet":"max-snippet:-1","max-image-preview":"max-image-preview:large","max-video-preview":"max-video-preview:-1"},"canonical":"https:\/\/svetslik.si\/hr\/vincent-van-gogh\/olive-trees-with-yellow-sky-and-sun\/","og_locale":"hr_HR","og_type":"article","og_title":"Vincent van Gogh - Olive trees with yellow sky and sun","og_description":"100% ro\u010dno naslikane slike na platnu, reprodukcije znanih slikarjev in umetni\u0161ke slike po naro\u010dilu.","og_url":"https:\/\/svetslik.si\/hr\/vincent-van-gogh\/olive-trees-with-yellow-sky-and-sun\/","og_site_name":"SVETSLIK.SI","article_publisher":"https:\/\/www.facebook.com\/svetslik.si","article_modified_time":"2025-12-19T09:54:28+00:00","og_image":[{"width":1788,"height":1440,"url":"https:\/\/svetslik.si\/wp-content\/uploads\/2021\/08\/image_Olive-trees-with-yellow-sky-and-sun-Vincent-van-Gogh_680.jpg","type":"image\/jpeg"}],"twitter_card":"summary_large_image","twitter_site":"@svetslik","twitter_misc":{"Availability":"On backorder"},"schema":{"@context":"https:\/\/schema.org","@graph":[{"@type":["WebPage","ItemPage"],"@id":"https:\/\/svetslik.si\/hr\/vincent-van-gogh\/olive-trees-with-yellow-sky-and-sun\/","url":"https:\/\/svetslik.si\/hr\/vincent-van-gogh\/olive-trees-with-yellow-sky-and-sun\/","name":"Vincent van Gogh - Olive trees with yellow sky and sun - SVETSLIK.SI - 100% ru\u010dno naslikano","isPartOf":{"@id":"https:\/\/svetslik.si\/hr\/#website"},"primaryImageOfPage":{"@id":"https:\/\/svetslik.si\/hr\/vincent-van-gogh\/olive-trees-with-yellow-sky-and-sun\/#primaryimage"},"image":{"@id":"https:\/\/svetslik.si\/hr\/vincent-van-gogh\/olive-trees-with-yellow-sky-and-sun\/#primaryimage"},"thumbnailUrl":"https:\/\/svetslik.si\/wp-content\/uploads\/2021\/08\/image_Olive-trees-with-yellow-sky-and-sun-Vincent-van-Gogh_680.jpg","datePublished":"2021-09-02T15:42:17+00:00","dateModified":"2025-12-19T09:54:28+00:00","description":"Vincent van Gogh - Olive trees with yellow sky and sun - 100% ru\u010dno naslikane reprodukcije slika na platnu. Uramljivanje slika, prodaja i izrada slika u dimenzijama po narud\u017ebi.","breadcrumb":{"@id":"https:\/\/svetslik.si\/hr\/vincent-van-gogh\/olive-trees-with-yellow-sky-and-sun\/#breadcrumb"},"inLanguage":"hr","potentialAction":[{"@type":"ReadAction","target":["https:\/\/svetslik.si\/hr\/vincent-van-gogh\/olive-trees-with-yellow-sky-and-sun\/"]}]},{"@type":"ImageObject","inLanguage":"hr","@id":"https:\/\/svetslik.si\/hr\/vincent-van-gogh\/olive-trees-with-yellow-sky-and-sun\/#primaryimage","url":"https:\/\/svetslik.si\/wp-content\/uploads\/2021\/08\/image_Olive-trees-with-yellow-sky-and-sun-Vincent-van-Gogh_680.jpg","contentUrl":"https:\/\/svetslik.si\/wp-content\/uploads\/2021\/08\/image_Olive-trees-with-yellow-sky-and-sun-Vincent-van-Gogh_680.jpg","width":1788,"height":1440,"caption":"Vincent Van Gogh - Olive trees with yellow sky and sun - Reprodukcije poznatih slikara, moderne zidne slike, umjetni\u010dke slike za zid"},{"@type":"BreadcrumbList","@id":"https:\/\/svetslik.si\/hr\/vincent-van-gogh\/olive-trees-with-yellow-sky-and-sun\/#breadcrumb","itemListElement":[{"@type":"ListItem","position":1,"name":"Umjetni\u010dke zidne slike na platnu","item":"https:\/\/svetslik.si\/hr\/"},{"@type":"ListItem","position":2,"name":"Prodaja slika","item":"https:\/\/svetslik.si\/prodaja-slik\/"},{"@type":"ListItem","position":3,"name":"Vincent van Gogh &#8211; Olive trees with yellow sky and sun"}]},{"@type":"WebSite","@id":"https:\/\/svetslik.si\/hr\/#website","url":"https:\/\/svetslik.si\/hr\/","name":"SVETSLIK.SI","description":"100% ru\u010dno naslikane reprodukcije slika poznatih slikara in umjetni\u010dke zidne slike na platnu.","publisher":{"@id":"https:\/\/svetslik.si\/hr\/#organization"},"potentialAction":[{"@type":"SearchAction","target":{"@type":"EntryPoint","urlTemplate":"https:\/\/svetslik.si\/hr\/?s={search_term_string}"},"query-input":{"@type":"PropertyValueSpecification","valueRequired":true,"valueName":"search_term_string"}}],"inLanguage":"hr"},{"@type":"Organization","@id":"https:\/\/svetslik.si\/hr\/#organization","name":"SvetSlik.si","url":"https:\/\/svetslik.si\/hr\/","logo":{"@type":"ImageObject","inLanguage":"hr","@id":"https:\/\/svetslik.si\/hr\/#\/schema\/logo\/image\/","url":"https:\/\/svetslik.si\/wp-content\/uploads\/2020\/12\/logo-512.png","contentUrl":"https:\/\/svetslik.si\/wp-content\/uploads\/2020\/12\/logo-512.png","width":512,"height":512,"caption":"SvetSlik.si"},"image":{"@id":"https:\/\/svetslik.si\/hr\/#\/schema\/logo\/image\/"},"sameAs":["https:\/\/www.facebook.com\/svetslik.si","https:\/\/x.com\/svetslik","https:\/\/www.instagram.com\/svetslik.si\/","https:\/\/www.linkedin.com\/company\/svetslik-si"]}]},"og_availability":"backorder","product_availability":"available for order","product_retailer_item_id":"39__","product_condition":"new"},"jetpack_sharing_enabled":true,"_links":{"self":[{"href":"https:\/\/svetslik.si\/hr\/wp-json\/wp\/v2\/product\/26166","targetHints":{"allow":["GET"]}}],"collection":[{"href":"https:\/\/svetslik.si\/hr\/wp-json\/wp\/v2\/product"}],"about":[{"href":"https:\/\/svetslik.si\/hr\/wp-json\/wp\/v2\/types\/product"}],"wp:featuredmedia":[{"embeddable":true,"href":"https:\/\/svetslik.si\/hr\/wp-json\/wp\/v2\/media\/20546"}],"wp:attachment":[{"href":"https:\/\/svetslik.si\/hr\/wp-json\/wp\/v2\/media?parent=26166"}],"wp:term":[{"taxonomy":"product_brand","embeddable":true,"href":"https:\/\/svetslik.si\/hr\/wp-json\/wp\/v2\/product_brand?post=26166"},{"taxonomy":"product_cat","embeddable":true,"href":"https:\/\/svetslik.si\/hr\/wp-json\/wp\/v2\/product_cat?post=26166"},{"taxonomy":"product_tag","embeddable":true,"href":"https:\/\/svetslik.si\/hr\/wp-json\/wp\/v2\/product_tag?post=26166"}],"curies":[{"name":"wp","href":"https:\/\/api.w.org\/{rel}","templated":true}]}}