{"id":26174,"date":"2021-09-02T17:42:14","date_gmt":"2021-09-02T15:42:14","guid":{"rendered":"https:\/\/svetslik.si\/Bez%20kategorije\/olive-trees-with-the-alpilles-in-the-background\/"},"modified":"2026-03-14T17:40:56","modified_gmt":"2026-03-14T16:40:56","slug":"olive-trees-with-the-alpilles-in-the-background","status":"publish","type":"product","link":"https:\/\/svetslik.si\/hr\/vincent-van-gogh\/olive-trees-with-the-alpilles-in-the-background\/","title":{"rendered":"Vincent van Gogh &#8211; Olive Trees with the Alpilles in the Background"},"content":{"rendered":"<h1>Vincent Van Gogh &#8211; Masline s Alpima u pozadini<\/h1>\n<p>&nbsp;<\/p>\n<table style=\"width: 593px\" border=\"0\" width=\"593\" cellspacing=\"0\" cellpadding=\"0\">\n<tbody>\n<tr>\n<td style=\"width: 155px;height: 21px\" height=\"21\">Godina stvaranja:<\/td>\n<td style=\"width: 439px\">1889<\/td>\n<\/tr>\n<tr>\n<td style=\"width: 155px;height: 21px\" height=\"21\">Izvorna veli\u010dina:<\/td>\n<td style=\"width: 439px\">73 cm x 920 cm<\/td>\n<\/tr>\n<tr>\n<td style=\"width: 155px;height: 21px\" height=\"21\">Stil bojanja:<\/td>\n<td style=\"width: 439px\">Postimpresionizam<\/td>\n<\/tr>\n<tr>\n<td style=\"width: 155px;height: 21px\" height=\"21\">Izvorna tehnika:<\/td>\n<td style=\"width: 439px\">Ulje na platnu<\/td>\n<\/tr>\n<tr>\n<td style=\"width: 155px;height: 21px\" height=\"21\">Lokacija:<\/td>\n<td style=\"width: 439px\">Zbirka g\u0111e. John Hay Whitney<\/td>\n<\/tr>\n<\/tbody>\n<\/table>\n<div><\/div>\n<div>Za vrijeme svog boravka u klinici u Saint-Remyju, Van Gogh je \u010desto koristio motive klinike i njezinog vrta za motive svojih ulja na platnu. Tijekom \u0161etnji okolicom pod nadzorom, inspiraciju je crpio iz pogleda na \u010demprese i masline.<\/div>\n<div>\n<p>&#8220;Masline s Alpama u pozadini&#8221; slika je nizozemskog umjetnika Vincenta van Gogha iz 1889. Smatrana jednim od Van Goghovih najslikovitijih djela, ova slika pokazuje njegovu vje\u0161tinu u hvatanju ljepote i snage prirode. Slika prikazuje scenu sa stablima maslina na pozadini planina Alpilles u ju\u017enoj Francuskoj. Slika je nadaleko poznata po svojim odva\u017enim potezima, emocionalnosti i sna\u017enoj simbolici.<\/p>\n<p>Kompozicija slike je dinami\u010dna, jer masline zauzimaju sredi\u0161nji dio platna, dok preostali prostor zauzimaju planine Alpilles. Kori\u0161tenje boje na slici tako\u0111er je vrijedno pa\u017enje, jer Van Gogh koristi hrabre, kontrastne boje koje stvaraju osje\u0107aj pokreta i energije. Masline su prikazane u nijansama zelene boje, \u0161to stvara osje\u0107aj vitalnosti i \u017eivota. Alpe su prikazane u nijansama plave i ljubi\u010daste, stvaraju\u0107i osje\u0107aj spokoja i mira. Potezi kistom na slici su gusti i vidljivi, daju\u0107i slici osje\u0107aj pokreta i energije.<\/p>\n<p>Simbolika na slici je tako\u0111er bogata, jer stabla masline predstavljaju ljepotu i snagu prirode, a planine Alpilles vezu s prirodom i prirodnim ciklusima \u017eivota. Za sliku se ka\u017ee da predstavlja Van Goghovo emocionalno stanje u to vrijeme. Nastala dok je Van Gogh \u017eivio u sveti\u0161tu Saint-Paul-de-Mausole u Saint-R\u00e9my de Provence u Francuskoj, vjeruje se da slika odra\u017eava umjetnikove osje\u0107aje \u010de\u017enje za vezom s prirodom i prirodnim ciklusima \u017eivota.<\/p>\n<p>&#8220;Masline s Alpama u pozadini&#8221; smatraju se jednim od Van Goghovih najzna\u010dajnijih djela i nalaze se u Muzeju moderne umjetnosti u New Yorku, SAD. Rije\u010d je o va\u017enom postimpresionisti\u010dkom djelu kojem se jo\u0161 uvijek dive i prou\u010davaju kako ljubitelji umjetnosti tako i stru\u010dnjaci. Sna\u017ena slikovitost, emocionalnost i bogata simbolika \u010dine ovu sliku neophodnom za svakog ljubitelja umjetnosti ili svakoga tko je zainteresiran za rad Vincenta van Gogha.<\/p>\n<\/div>\n","protected":false},"excerpt":{"rendered":"<p>Vincent Van Gogh &#8211; Masline s Alpima u pozadini &nbsp; Godina stvaranja: 1889 Izvorna veli\u010dina: 73 cm x 920 cm Stil bojanja: Postimpresionizam Izvorna tehnika: Ulje na platnu Lokacija: Zbirka g\u0111e. John Hay Whitney Za vrijeme svog boravka u klinici u Saint-Remyju, Van Gogh je \u010desto koristio motive klinike i [&hellip;]<\/p>\n","protected":false},"featured_media":20545,"template":"","meta":{"_acf_changed":false},"product_brand":[],"product_cat":[3381],"product_tag":[4069,4070,4071,4073],"class_list":{"0":"post-26174","1":"product","2":"type-product","3":"status-publish","4":"has-post-thumbnail","6":"product_cat-vincent-van-gogh","7":"product_tag-reprodukcija-hr","8":"product_tag-reprodukcije-hr","9":"product_tag-slikar-hr","10":"product_tag-van-gogh-hr","11":"pa_dimenzija-120-x-90-cm-hr","12":"pa_dimenzija-50-x-40-cm-hr","13":"pa_dimenzija-60-x-40-cm-hr","14":"pa_dimenzija-70-x-50-cm-hr","15":"pa_dimenzija-80-x-60-cm-hr","16":"pa_dimenzija-90-x-70-cm-hr","17":"pa_oblika-horizontalno","18":"pa_okvir-bez-okvira","19":"pa_podokvir-bez-podokvira","20":"pa_podokvir-sa-podokvirom","22":"first","23":"onbackorder","24":"purchasable","25":"product-type-variable","26":"has-default-attributes"},"acf":[],"yoast_head":"<!-- This site is optimized with the Yoast SEO Premium plugin v26.0 (Yoast SEO v27.2) - https:\/\/yoast.com\/product\/yoast-seo-premium-wordpress\/ -->\n<title>Vincent van Gogh - Olive Trees with the Alpilles in the Background - SVETSLIK.SI - 100% ru\u010dno naslikano<\/title>\n<meta name=\"description\" content=\"Vincent van Gogh - Olive Trees with the Alpilles in the Background - 100% ru\u010dno naslikane reprodukcije slika na platnu. Uramljivanje slika, prodaja i izrada slika u dimenzijama po narud\u017ebi.\" \/>\n<meta name=\"robots\" content=\"index, follow, max-snippet:-1, max-image-preview:large, max-video-preview:-1\" \/>\n<link rel=\"canonical\" href=\"https:\/\/svetslik.si\/hr\/vincent-van-gogh\/olive-trees-with-the-alpilles-in-the-background\/\" \/>\n<meta property=\"og:locale\" content=\"hr_HR\" \/>\n<meta property=\"og:type\" content=\"article\" \/>\n<meta property=\"og:title\" content=\"Vincent van Gogh - Olive Trees with the Alpilles in the Background\" \/>\n<meta property=\"og:description\" content=\"100% ro\u010dno naslikane slike na platnu, reprodukcije znanih slikarjev in umetni\u0161ke slike po naro\u010dilu.\" \/>\n<meta property=\"og:url\" content=\"https:\/\/svetslik.si\/hr\/vincent-van-gogh\/olive-trees-with-the-alpilles-in-the-background\/\" \/>\n<meta property=\"og:site_name\" content=\"SVETSLIK.SI\" \/>\n<meta property=\"article:publisher\" content=\"https:\/\/www.facebook.com\/svetslik.si\" \/>\n<meta property=\"article:modified_time\" content=\"2026-03-14T16:40:56+00:00\" \/>\n<meta property=\"og:image\" content=\"https:\/\/svetslik.si\/wp-content\/uploads\/2021\/08\/image_Olive-Trees-with-the-Alpilles-in-the-Background-Vincent-van-Gogh_680-scaled.jpg\" \/>\n\t<meta property=\"og:image:width\" content=\"2560\" \/>\n\t<meta property=\"og:image:height\" content=\"1830\" \/>\n\t<meta property=\"og:image:type\" content=\"image\/jpeg\" \/>\n<meta name=\"twitter:card\" content=\"summary_large_image\" \/>\n<meta name=\"twitter:site\" content=\"@svetslik\" \/>\n<meta name=\"twitter:label1\" content=\"Availability\" \/>\n\t<meta name=\"twitter:data1\" content=\"On backorder\" \/>\n<script type=\"application\/ld+json\" class=\"yoast-schema-graph\">{\"@context\":\"https:\/\/schema.org\",\"@graph\":[{\"@type\":[\"WebPage\",\"ItemPage\"],\"@id\":\"https:\/\/svetslik.si\/hr\/vincent-van-gogh\/olive-trees-with-the-alpilles-in-the-background\/\",\"url\":\"https:\/\/svetslik.si\/hr\/vincent-van-gogh\/olive-trees-with-the-alpilles-in-the-background\/\",\"name\":\"Vincent van Gogh - Olive Trees with the Alpilles in the Background - SVETSLIK.SI - 100% ru\u010dno naslikano\",\"isPartOf\":{\"@id\":\"https:\/\/svetslik.si\/hr\/#website\"},\"primaryImageOfPage\":{\"@id\":\"https:\/\/svetslik.si\/hr\/vincent-van-gogh\/olive-trees-with-the-alpilles-in-the-background\/#primaryimage\"},\"image\":{\"@id\":\"https:\/\/svetslik.si\/hr\/vincent-van-gogh\/olive-trees-with-the-alpilles-in-the-background\/#primaryimage\"},\"thumbnailUrl\":\"https:\/\/svetslik.si\/wp-content\/uploads\/2021\/08\/image_Olive-Trees-with-the-Alpilles-in-the-Background-Vincent-van-Gogh_680-scaled.jpg\",\"datePublished\":\"2021-09-02T15:42:14+00:00\",\"dateModified\":\"2026-03-14T16:40:56+00:00\",\"description\":\"Vincent van Gogh - Olive Trees with the Alpilles in the Background - 100% ru\u010dno naslikane reprodukcije slika na platnu. Uramljivanje slika, prodaja i izrada slika u dimenzijama po narud\u017ebi.\",\"breadcrumb\":{\"@id\":\"https:\/\/svetslik.si\/hr\/vincent-van-gogh\/olive-trees-with-the-alpilles-in-the-background\/#breadcrumb\"},\"inLanguage\":\"hr\",\"potentialAction\":[{\"@type\":\"ReadAction\",\"target\":[\"https:\/\/svetslik.si\/hr\/vincent-van-gogh\/olive-trees-with-the-alpilles-in-the-background\/\"]}]},{\"@type\":\"ImageObject\",\"inLanguage\":\"hr\",\"@id\":\"https:\/\/svetslik.si\/hr\/vincent-van-gogh\/olive-trees-with-the-alpilles-in-the-background\/#primaryimage\",\"url\":\"https:\/\/svetslik.si\/wp-content\/uploads\/2021\/08\/image_Olive-Trees-with-the-Alpilles-in-the-Background-Vincent-van-Gogh_680-scaled.jpg\",\"contentUrl\":\"https:\/\/svetslik.si\/wp-content\/uploads\/2021\/08\/image_Olive-Trees-with-the-Alpilles-in-the-Background-Vincent-van-Gogh_680-scaled.jpg\",\"width\":2560,\"height\":1830,\"caption\":\"Reprodukcije slika poznatih slikara, umjetni\u010dke uljane slike na platnu, dekorativne slike, kupnja i prodaja slika Vincent Van Gogh - Olive Trees with the Alpilles in the Background\"},{\"@type\":\"BreadcrumbList\",\"@id\":\"https:\/\/svetslik.si\/hr\/vincent-van-gogh\/olive-trees-with-the-alpilles-in-the-background\/#breadcrumb\",\"itemListElement\":[{\"@type\":\"ListItem\",\"position\":1,\"name\":\"Umjetni\u010dke zidne slike na platnu\",\"item\":\"https:\/\/svetslik.si\/hr\/\"},{\"@type\":\"ListItem\",\"position\":2,\"name\":\"Prodaja slika\",\"item\":\"https:\/\/svetslik.si\/prodaja-slik\/\"},{\"@type\":\"ListItem\",\"position\":3,\"name\":\"Vincent van Gogh &#8211; Olive Trees with the Alpilles in the Background\"}]},{\"@type\":\"WebSite\",\"@id\":\"https:\/\/svetslik.si\/hr\/#website\",\"url\":\"https:\/\/svetslik.si\/hr\/\",\"name\":\"SVETSLIK.SI\",\"description\":\"100% ru\u010dno naslikane reprodukcije slika poznatih slikara in umjetni\u010dke zidne slike na platnu.\",\"publisher\":{\"@id\":\"https:\/\/svetslik.si\/hr\/#organization\"},\"potentialAction\":[{\"@type\":\"SearchAction\",\"target\":{\"@type\":\"EntryPoint\",\"urlTemplate\":\"https:\/\/svetslik.si\/hr\/?s={search_term_string}\"},\"query-input\":{\"@type\":\"PropertyValueSpecification\",\"valueRequired\":true,\"valueName\":\"search_term_string\"}}],\"inLanguage\":\"hr\"},{\"@type\":\"Organization\",\"@id\":\"https:\/\/svetslik.si\/hr\/#organization\",\"name\":\"SvetSlik.si\",\"url\":\"https:\/\/svetslik.si\/hr\/\",\"logo\":{\"@type\":\"ImageObject\",\"inLanguage\":\"hr\",\"@id\":\"https:\/\/svetslik.si\/hr\/#\/schema\/logo\/image\/\",\"url\":\"https:\/\/svetslik.si\/wp-content\/uploads\/2020\/12\/logo-512.png\",\"contentUrl\":\"https:\/\/svetslik.si\/wp-content\/uploads\/2020\/12\/logo-512.png\",\"width\":512,\"height\":512,\"caption\":\"SvetSlik.si\"},\"image\":{\"@id\":\"https:\/\/svetslik.si\/hr\/#\/schema\/logo\/image\/\"},\"sameAs\":[\"https:\/\/www.facebook.com\/svetslik.si\",\"https:\/\/x.com\/svetslik\",\"https:\/\/www.instagram.com\/svetslik.si\/\",\"https:\/\/www.linkedin.com\/company\/svetslik-si\"]}]}<\/script>\n<meta property=\"og:availability\" content=\"backorder\" \/>\n<meta property=\"product:availability\" content=\"available for order\" \/>\n<meta property=\"product:retailer_item_id\" content=\"34__\" \/>\n<meta property=\"product:condition\" content=\"new\" \/>\n<!-- \/ Yoast SEO Premium plugin. -->","yoast_head_json":{"title":"Vincent van Gogh - Olive Trees with the Alpilles in the Background - SVETSLIK.SI - 100% ru\u010dno naslikano","description":"Vincent van Gogh - Olive Trees with the Alpilles in the Background - 100% ru\u010dno naslikane reprodukcije slika na platnu. Uramljivanje slika, prodaja i izrada slika u dimenzijama po narud\u017ebi.","robots":{"index":"index","follow":"follow","max-snippet":"max-snippet:-1","max-image-preview":"max-image-preview:large","max-video-preview":"max-video-preview:-1"},"canonical":"https:\/\/svetslik.si\/hr\/vincent-van-gogh\/olive-trees-with-the-alpilles-in-the-background\/","og_locale":"hr_HR","og_type":"article","og_title":"Vincent van Gogh - Olive Trees with the Alpilles in the Background","og_description":"100% ro\u010dno naslikane slike na platnu, reprodukcije znanih slikarjev in umetni\u0161ke slike po naro\u010dilu.","og_url":"https:\/\/svetslik.si\/hr\/vincent-van-gogh\/olive-trees-with-the-alpilles-in-the-background\/","og_site_name":"SVETSLIK.SI","article_publisher":"https:\/\/www.facebook.com\/svetslik.si","article_modified_time":"2026-03-14T16:40:56+00:00","og_image":[{"width":2560,"height":1830,"url":"https:\/\/svetslik.si\/wp-content\/uploads\/2021\/08\/image_Olive-Trees-with-the-Alpilles-in-the-Background-Vincent-van-Gogh_680-scaled.jpg","type":"image\/jpeg"}],"twitter_card":"summary_large_image","twitter_site":"@svetslik","twitter_misc":{"Availability":"On backorder"},"schema":{"@context":"https:\/\/schema.org","@graph":[{"@type":["WebPage","ItemPage"],"@id":"https:\/\/svetslik.si\/hr\/vincent-van-gogh\/olive-trees-with-the-alpilles-in-the-background\/","url":"https:\/\/svetslik.si\/hr\/vincent-van-gogh\/olive-trees-with-the-alpilles-in-the-background\/","name":"Vincent van Gogh - Olive Trees with the Alpilles in the Background - SVETSLIK.SI - 100% ru\u010dno naslikano","isPartOf":{"@id":"https:\/\/svetslik.si\/hr\/#website"},"primaryImageOfPage":{"@id":"https:\/\/svetslik.si\/hr\/vincent-van-gogh\/olive-trees-with-the-alpilles-in-the-background\/#primaryimage"},"image":{"@id":"https:\/\/svetslik.si\/hr\/vincent-van-gogh\/olive-trees-with-the-alpilles-in-the-background\/#primaryimage"},"thumbnailUrl":"https:\/\/svetslik.si\/wp-content\/uploads\/2021\/08\/image_Olive-Trees-with-the-Alpilles-in-the-Background-Vincent-van-Gogh_680-scaled.jpg","datePublished":"2021-09-02T15:42:14+00:00","dateModified":"2026-03-14T16:40:56+00:00","description":"Vincent van Gogh - Olive Trees with the Alpilles in the Background - 100% ru\u010dno naslikane reprodukcije slika na platnu. Uramljivanje slika, prodaja i izrada slika u dimenzijama po narud\u017ebi.","breadcrumb":{"@id":"https:\/\/svetslik.si\/hr\/vincent-van-gogh\/olive-trees-with-the-alpilles-in-the-background\/#breadcrumb"},"inLanguage":"hr","potentialAction":[{"@type":"ReadAction","target":["https:\/\/svetslik.si\/hr\/vincent-van-gogh\/olive-trees-with-the-alpilles-in-the-background\/"]}]},{"@type":"ImageObject","inLanguage":"hr","@id":"https:\/\/svetslik.si\/hr\/vincent-van-gogh\/olive-trees-with-the-alpilles-in-the-background\/#primaryimage","url":"https:\/\/svetslik.si\/wp-content\/uploads\/2021\/08\/image_Olive-Trees-with-the-Alpilles-in-the-Background-Vincent-van-Gogh_680-scaled.jpg","contentUrl":"https:\/\/svetslik.si\/wp-content\/uploads\/2021\/08\/image_Olive-Trees-with-the-Alpilles-in-the-Background-Vincent-van-Gogh_680-scaled.jpg","width":2560,"height":1830,"caption":"Reprodukcije slika poznatih slikara, umjetni\u010dke uljane slike na platnu, dekorativne slike, kupnja i prodaja slika Vincent Van Gogh - Olive Trees with the Alpilles in the Background"},{"@type":"BreadcrumbList","@id":"https:\/\/svetslik.si\/hr\/vincent-van-gogh\/olive-trees-with-the-alpilles-in-the-background\/#breadcrumb","itemListElement":[{"@type":"ListItem","position":1,"name":"Umjetni\u010dke zidne slike na platnu","item":"https:\/\/svetslik.si\/hr\/"},{"@type":"ListItem","position":2,"name":"Prodaja slika","item":"https:\/\/svetslik.si\/prodaja-slik\/"},{"@type":"ListItem","position":3,"name":"Vincent van Gogh &#8211; Olive Trees with the Alpilles in the Background"}]},{"@type":"WebSite","@id":"https:\/\/svetslik.si\/hr\/#website","url":"https:\/\/svetslik.si\/hr\/","name":"SVETSLIK.SI","description":"100% ru\u010dno naslikane reprodukcije slika poznatih slikara in umjetni\u010dke zidne slike na platnu.","publisher":{"@id":"https:\/\/svetslik.si\/hr\/#organization"},"potentialAction":[{"@type":"SearchAction","target":{"@type":"EntryPoint","urlTemplate":"https:\/\/svetslik.si\/hr\/?s={search_term_string}"},"query-input":{"@type":"PropertyValueSpecification","valueRequired":true,"valueName":"search_term_string"}}],"inLanguage":"hr"},{"@type":"Organization","@id":"https:\/\/svetslik.si\/hr\/#organization","name":"SvetSlik.si","url":"https:\/\/svetslik.si\/hr\/","logo":{"@type":"ImageObject","inLanguage":"hr","@id":"https:\/\/svetslik.si\/hr\/#\/schema\/logo\/image\/","url":"https:\/\/svetslik.si\/wp-content\/uploads\/2020\/12\/logo-512.png","contentUrl":"https:\/\/svetslik.si\/wp-content\/uploads\/2020\/12\/logo-512.png","width":512,"height":512,"caption":"SvetSlik.si"},"image":{"@id":"https:\/\/svetslik.si\/hr\/#\/schema\/logo\/image\/"},"sameAs":["https:\/\/www.facebook.com\/svetslik.si","https:\/\/x.com\/svetslik","https:\/\/www.instagram.com\/svetslik.si\/","https:\/\/www.linkedin.com\/company\/svetslik-si"]}]},"og_availability":"backorder","product_availability":"available for order","product_retailer_item_id":"34__","product_condition":"new"},"jetpack_sharing_enabled":true,"_links":{"self":[{"href":"https:\/\/svetslik.si\/hr\/wp-json\/wp\/v2\/product\/26174","targetHints":{"allow":["GET"]}}],"collection":[{"href":"https:\/\/svetslik.si\/hr\/wp-json\/wp\/v2\/product"}],"about":[{"href":"https:\/\/svetslik.si\/hr\/wp-json\/wp\/v2\/types\/product"}],"wp:featuredmedia":[{"embeddable":true,"href":"https:\/\/svetslik.si\/hr\/wp-json\/wp\/v2\/media\/20545"}],"wp:attachment":[{"href":"https:\/\/svetslik.si\/hr\/wp-json\/wp\/v2\/media?parent=26174"}],"wp:term":[{"taxonomy":"product_brand","embeddable":true,"href":"https:\/\/svetslik.si\/hr\/wp-json\/wp\/v2\/product_brand?post=26174"},{"taxonomy":"product_cat","embeddable":true,"href":"https:\/\/svetslik.si\/hr\/wp-json\/wp\/v2\/product_cat?post=26174"},{"taxonomy":"product_tag","embeddable":true,"href":"https:\/\/svetslik.si\/hr\/wp-json\/wp\/v2\/product_tag?post=26174"}],"curies":[{"name":"wp","href":"https:\/\/api.w.org\/{rel}","templated":true}]}}