{"id":26375,"date":"2021-09-02T18:24:58","date_gmt":"2021-09-02T16:24:58","guid":{"rendered":"https:\/\/svetslik.si\/Bez%20kategorije\/krik\/"},"modified":"2025-06-12T15:10:23","modified_gmt":"2025-06-12T13:10:23","slug":"krik","status":"publish","type":"product","link":"https:\/\/svetslik.si\/hr\/edvard-munch\/krik\/","title":{"rendered":"Edvard Munch &#8211; Vrisak &#8211; The Scream"},"content":{"rendered":"<div class=\"wpb-content-wrapper\">[vc_row css=&#8221;.vc_custom_1722459049604{margin-bottom: 10px !important;}&#8221;][vc_column]\t<div class=\"et-image-846 et-image     et_image_link\">\n\t\t<div class=\"et-image-inner \">\n\t\t\t\t\t\t\t<div class=\"et-image-thumb \">\n\t\t\t\t\t<img decoding=\"async\" width=\"1000\" height=\"1251\" src=\"https:\/\/svetslik.si\/wp-content\/uploads\/2021\/09\/Edvard-Munch-\u2013-Krik-\u2013-The-Scream.jpg\" class=\"attachment-full\" alt=\"Edvard Munch - Vrisak - The Scream\" title=\"Edvard Munch - Vrisak - The Scream\" srcset=\"https:\/\/svetslik.si\/wp-content\/uploads\/2021\/09\/Edvard-Munch-\u2013-Krik-\u2013-The-Scream.jpg 1000w, https:\/\/svetslik.si\/wp-content\/uploads\/2021\/09\/Edvard-Munch-\u2013-Krik-\u2013-The-Scream-600x751.jpg 600w, https:\/\/svetslik.si\/wp-content\/uploads\/2021\/09\/Edvard-Munch-\u2013-Krik-\u2013-The-Scream-240x300.jpg 240w, https:\/\/svetslik.si\/wp-content\/uploads\/2021\/09\/Edvard-Munch-\u2013-Krik-\u2013-The-Scream-819x1024.jpg 819w, https:\/\/svetslik.si\/wp-content\/uploads\/2021\/09\/Edvard-Munch-\u2013-Krik-\u2013-The-Scream-768x961.jpg 768w, https:\/\/svetslik.si\/wp-content\/uploads\/2021\/09\/Edvard-Munch-\u2013-Krik-\u2013-The-Scream-120x150.jpg 120w, https:\/\/svetslik.si\/wp-content\/uploads\/2021\/09\/Edvard-Munch-\u2013-Krik-\u2013-The-Scream-900x1126.jpg 900w\" sizes=\"(max-width: 1000px) 100vw, 1000px\" \/>\t\t\t\t<\/div>\n\t\t\t\t\t\t\t\t\t\t\t<\/div>\n\t<\/div>\n  [\/vc_column][\/vc_row][vc_row css=&#8221;.vc_custom_1722459049604{margin-bottom: 10px !important;}&#8221;][vc_column]\t<div class=\"et-image-249 et-image     et_image_link\">\n\t\t<div class=\"et-image-inner \">\n\t\t\t\t\t\t\t<div class=\"et-image-thumb \">\n\t\t\t\t\t<img decoding=\"async\" width=\"1000\" height=\"1232\" src=\"https:\/\/svetslik.si\/wp-content\/uploads\/2021\/09\/Edvard-Munch-\u2013-Krik-\u2013-The-Scream2.jpg\" class=\"attachment-full\" alt=\"Edvard Munch - Vrisak - The Scream\" title=\"Edvard Munch - Vrisak - The Scream\" srcset=\"https:\/\/svetslik.si\/wp-content\/uploads\/2021\/09\/Edvard-Munch-\u2013-Krik-\u2013-The-Scream2.jpg 1000w, https:\/\/svetslik.si\/wp-content\/uploads\/2021\/09\/Edvard-Munch-\u2013-Krik-\u2013-The-Scream2-600x739.jpg 600w, https:\/\/svetslik.si\/wp-content\/uploads\/2021\/09\/Edvard-Munch-\u2013-Krik-\u2013-The-Scream2-244x300.jpg 244w, https:\/\/svetslik.si\/wp-content\/uploads\/2021\/09\/Edvard-Munch-\u2013-Krik-\u2013-The-Scream2-831x1024.jpg 831w, https:\/\/svetslik.si\/wp-content\/uploads\/2021\/09\/Edvard-Munch-\u2013-Krik-\u2013-The-Scream2-768x946.jpg 768w, https:\/\/svetslik.si\/wp-content\/uploads\/2021\/09\/Edvard-Munch-\u2013-Krik-\u2013-The-Scream2-122x150.jpg 122w, https:\/\/svetslik.si\/wp-content\/uploads\/2021\/09\/Edvard-Munch-\u2013-Krik-\u2013-The-Scream2-900x1109.jpg 900w\" sizes=\"(max-width: 1000px) 100vw, 1000px\" \/>\t\t\t\t<\/div>\n\t\t\t\t\t\t\t\t\t\t\t<\/div>\n\t<\/div>\n  [\/vc_column][\/vc_row][vc_row css=&#8221;.vc_custom_1722459049604{margin-bottom: 10px !important;}&#8221;][vc_column]\t<div class=\"et-image-261 et-image     et_image_link\">\n\t\t<div class=\"et-image-inner \">\n\t\t\t\t\t\t\t<div class=\"et-image-thumb \">\n\t\t\t\t\t<img decoding=\"async\" width=\"1000\" height=\"1440\" src=\"https:\/\/svetslik.si\/wp-content\/uploads\/2021\/09\/Edvard-Munch-\u2013-Krik-\u2013-The-Scream3.jpg\" class=\"attachment-full\" alt=\"Edvard Munch - Vrisak - The Scream\" title=\"Edvard Munch - Vrisak - The Scream\" srcset=\"https:\/\/svetslik.si\/wp-content\/uploads\/2021\/09\/Edvard-Munch-\u2013-Krik-\u2013-The-Scream3.jpg 1000w, https:\/\/svetslik.si\/wp-content\/uploads\/2021\/09\/Edvard-Munch-\u2013-Krik-\u2013-The-Scream3-600x864.jpg 600w, https:\/\/svetslik.si\/wp-content\/uploads\/2021\/09\/Edvard-Munch-\u2013-Krik-\u2013-The-Scream3-208x300.jpg 208w, https:\/\/svetslik.si\/wp-content\/uploads\/2021\/09\/Edvard-Munch-\u2013-Krik-\u2013-The-Scream3-711x1024.jpg 711w, https:\/\/svetslik.si\/wp-content\/uploads\/2021\/09\/Edvard-Munch-\u2013-Krik-\u2013-The-Scream3-768x1106.jpg 768w, https:\/\/svetslik.si\/wp-content\/uploads\/2021\/09\/Edvard-Munch-\u2013-Krik-\u2013-The-Scream3-104x150.jpg 104w, https:\/\/svetslik.si\/wp-content\/uploads\/2021\/09\/Edvard-Munch-\u2013-Krik-\u2013-The-Scream3-900x1296.jpg 900w\" sizes=\"(max-width: 1000px) 100vw, 1000px\" \/>\t\t\t\t<\/div>\n\t\t\t\t\t\t\t\t\t\t\t<\/div>\n\t<\/div>\n  [\/vc_column][\/vc_row][vc_row css=&#8221;.vc_custom_1722459049604{margin-bottom: 10px !important;}&#8221;][vc_column]\t<div class=\"et-image-110 et-image     et_image_link\">\n\t\t<div class=\"et-image-inner \">\n\t\t\t\t\t\t\t<div class=\"et-image-thumb \">\n\t\t\t\t\t<img decoding=\"async\" width=\"1000\" height=\"690\" src=\"https:\/\/svetslik.si\/wp-content\/uploads\/2021\/09\/Edvard-Munch-\u2013-Krik-\u2013-The-Scream-4.jpg\" class=\"attachment-full\" alt=\"Edvard Munch - Vrisak - The Scream\" title=\"Edvard Munch - Vrisak - The Scream\" srcset=\"https:\/\/svetslik.si\/wp-content\/uploads\/2021\/09\/Edvard-Munch-\u2013-Krik-\u2013-The-Scream-4.jpg 1000w, https:\/\/svetslik.si\/wp-content\/uploads\/2021\/09\/Edvard-Munch-\u2013-Krik-\u2013-The-Scream-4-600x414.jpg 600w, https:\/\/svetslik.si\/wp-content\/uploads\/2021\/09\/Edvard-Munch-\u2013-Krik-\u2013-The-Scream-4-300x207.jpg 300w, https:\/\/svetslik.si\/wp-content\/uploads\/2021\/09\/Edvard-Munch-\u2013-Krik-\u2013-The-Scream-4-768x530.jpg 768w, https:\/\/svetslik.si\/wp-content\/uploads\/2021\/09\/Edvard-Munch-\u2013-Krik-\u2013-The-Scream-4-150x104.jpg 150w, https:\/\/svetslik.si\/wp-content\/uploads\/2021\/09\/Edvard-Munch-\u2013-Krik-\u2013-The-Scream-4-900x621.jpg 900w\" sizes=\"(max-width: 1000px) 100vw, 1000px\" \/>\t\t\t\t<\/div>\n\t\t\t\t\t\t\t\t\t\t\t<\/div>\n\t<\/div>\n  [\/vc_column][\/vc_row][vc_row css=&#8221;.vc_custom_1722459049604{margin-bottom: 10px !important;}&#8221;][vc_column]\t<div class=\"et-image-831 et-image     et_image_link\">\n\t\t<div class=\"et-image-inner \">\n\t\t\t\t\t\t\t<div class=\"et-image-thumb \">\n\t\t\t\t\t<img decoding=\"async\" width=\"1000\" height=\"563\" src=\"https:\/\/svetslik.si\/wp-content\/uploads\/2021\/09\/Edvard-Munch-\u2013-Krik-\u2013-The-Scream-5.jpg\" class=\"attachment-full\" alt=\"Edvard Munch - Vrisak - The Scream\" title=\"Edvard Munch - Vrisak - The Scream\" srcset=\"https:\/\/svetslik.si\/wp-content\/uploads\/2021\/09\/Edvard-Munch-\u2013-Krik-\u2013-The-Scream-5.jpg 1000w, https:\/\/svetslik.si\/wp-content\/uploads\/2021\/09\/Edvard-Munch-\u2013-Krik-\u2013-The-Scream-5-600x338.jpg 600w, https:\/\/svetslik.si\/wp-content\/uploads\/2021\/09\/Edvard-Munch-\u2013-Krik-\u2013-The-Scream-5-300x169.jpg 300w, https:\/\/svetslik.si\/wp-content\/uploads\/2021\/09\/Edvard-Munch-\u2013-Krik-\u2013-The-Scream-5-768x432.jpg 768w, https:\/\/svetslik.si\/wp-content\/uploads\/2021\/09\/Edvard-Munch-\u2013-Krik-\u2013-The-Scream-5-150x84.jpg 150w, https:\/\/svetslik.si\/wp-content\/uploads\/2021\/09\/Edvard-Munch-\u2013-Krik-\u2013-The-Scream-5-900x507.jpg 900w\" sizes=\"(max-width: 1000px) 100vw, 1000px\" \/>\t\t\t\t<\/div>\n\t\t\t\t\t\t\t\t\t\t\t<\/div>\n\t<\/div>\n  [\/vc_column][\/vc_row][vc_row][vc_column][vc_column_text]\n<h1>Edvard Munch &#8211; Vrisak<\/h1>\n<p>&nbsp;<\/p>\n<table style=\"width: 673px;\" border=\"0\" width=\"673\" cellspacing=\"0\" cellpadding=\"0\">\n<tbody>\n<tr>\n<td style=\"width: 180px; height: 21px;\" height=\"21\">Godina stvaranja:<\/td>\n<td style=\"width: 493px;\">1893.<\/td>\n<\/tr>\n<tr>\n<td style=\"width: 180px; height: 21px;\" height=\"21\">Izvorna veli\u010dina:<\/td>\n<td style=\"width: 493px;\">73,5 cm x 91 cm<\/td>\n<\/tr>\n<tr>\n<td style=\"width: 180px; height: 21px;\" height=\"21\">Stil bojanja:<\/td>\n<td style=\"width: 493px;\">Ekspresionizam<\/td>\n<\/tr>\n<tr>\n<td style=\"width: 180px; height: 21px;\" height=\"21\">Izvorna tehnika:<\/td>\n<td>Ulje, tempera, pastel na kartonu<\/td>\n<\/tr>\n<tr>\n<td style=\"width: 180px; height: 21px;\" height=\"21\">Lokacija:<\/td>\n<td>Nacionalna galerija, Oslo<\/td>\n<\/tr>\n<\/tbody>\n<colgroup>\n<col \/>\n<col \/> <\/colgroup>\n<\/table>\n<p>Edvard Munch: Majstor ekspresionizma i VrisakEdvard Munch (1863.-1944.) bio je norve\u0161ki slikar koji se smatra jednim od pionira ekspresionizma, modernog umjetni\u010dkog pokreta koji karakterizira fokus na subjektivne emocije i umjetnikov unutarnji svijet. Njegova najpoznatija slika Vrisak jedna je od ikona suvremene umjetnosti i postala je sinonim za samog umjetnika.&#8221;Vrisak&#8221;, poznat i kao Vrisak prirode, naslikan je 1893. godine i prikazuje figuru bolnog lica koja se dr\u017ei za glavu i ispu\u0161ta krvo\u017eedan vrisak. U pozadini slike nalazi se olujno nebo i fjord, \u0161to dodatno poja\u010dava osje\u0107aj kaosa i nevolje. Ka\u017ee se da slika predstavlja Munchove osje\u0107aje tjeskobe, otu\u0111enosti i egzistencijalnog o\u010daja.Munch je napravio \u010detiri verzije Krika, dvije u ulju, jednu u pastelu i jednu kao grafiku. Prva verzija naslikana je u ulju 1893. i sada je dio zbirke Nacionalnog muzeja u Oslu, Norve\u0161ka. Druga verzija, naslikana 1895., smatra se najslikovitijom od \u010detiri i dio je zbirke Munchovog muzeja u Oslu.Vrisak je postao jedno od najprepoznatljivijih umjetni\u010dkih djela u svijetu i prikazan je u brojnim filmovima, knjigama i televizijskim emisijama. Tako\u0111er je bila predmetom brojnih kriti\u010dkih studija, u kojima su mnogi stru\u010dnjaci analizirali temu slike koja se odnosi na psihi\u010dku nevolju, potragu za smislom \u017eivota i ljudsko iskustvo.Munchov Krik imao je zna\u010dajan utjecaj na kasnije umjetnike, posebice one koji su djelovali na podru\u010dju ekspresionizma, nadrealizma i neoekspresionizma. Slika i danas nadahnjuje i odu\u0161evljava publiku, kao sna\u017ean podsjetnik na umjetnikovu izvanrednu sposobnost izra\u017eavanja slo\u017eenih emocija kroz svoja djela.Mo\u017eemo zaklju\u010diti da je Vrisak Edvarda Muncha temeljno djelo suvremene umjetnosti koje nastavlja fascinirati i nadahnjivati \u200b\u200bpubliku. Njegova bezvremenska tema egzistencijalne nevolje, tjeskobe i potrage za smislom \u017eivota \u010dini ga jednim od najprepoznatljivijih i najcjenjenijih umjetni\u010dkih djela u svijetu. Bilo da ste ljubitelj umjetnosti, povjesni\u010dar ili jednostavno zainteresirani za istra\u017eivanje ljudskog iskustva, Vrisak je slika koju morate vidjeti i ne smijete propustiti.Klju\u010dne rije\u010di: Edvard Munch, Krik, ekspresionizam, moderna umjetnost, tjeskobno lice, vapaj prirode, egzistencijalni o\u010daj, ikona, Munchov muzej, psiholo\u0161ka nevolja, ljudsko iskustvo.<\/p>\n<\/div>","protected":false},"excerpt":{"rendered":"<p>[vc_row css=&#8221;.vc_custom_1722459049604{margin-bottom: 10px !important;}&#8221;][vc_column][\/vc_column][\/vc_row][vc_row css=&#8221;.vc_custom_1722459049604{margin-bottom: 10px !important;}&#8221;][vc_column][\/vc_column][\/vc_row][vc_row css=&#8221;.vc_custom_1722459049604{margin-bottom: 10px !important;}&#8221;][vc_column][\/vc_column][\/vc_row][vc_row css=&#8221;.vc_custom_1722459049604{margin-bottom: 10px !important;}&#8221;][vc_column][\/vc_column][\/vc_row][vc_row css=&#8221;.vc_custom_1722459049604{margin-bottom: 10px !important;}&#8221;][vc_column][\/vc_column][\/vc_row][vc_row][vc_column][vc_column_text] Edvard Munch &#8211; Vrisak &nbsp; Godina stvaranja: 1893. Izvorna veli\u010dina: 73,5 cm x 91 cm Stil bojanja: Ekspresionizam Izvorna tehnika: Ulje, tempera, pastel na kartonu Lokacija: Nacionalna galerija, Oslo Edvard Munch: Majstor ekspresionizma i [&hellip;]<\/p>\n","protected":false},"featured_media":21502,"template":"","meta":{"_acf_changed":false},"product_brand":[],"product_cat":[3371],"product_tag":[4111,4069,4070,4071],"class_list":{"0":"post-26375","1":"product","2":"type-product","3":"status-publish","4":"has-post-thumbnail","6":"product_cat-edvard-munch","7":"product_tag-munch-hr","8":"product_tag-reprodukcija-hr","9":"product_tag-reprodukcije-hr","10":"product_tag-slikar-hr","11":"pa_dimenzija-110-x-140-cm","12":"pa_dimenzija-130-x-160-cm","13":"pa_dimenzija-150-x-190-cm","14":"pa_dimenzija-40-x-50-cm","15":"pa_dimenzija-50-x-60-cm","16":"pa_dimenzija-60-x-70-cm","17":"pa_dimenzija-74-x-91-cm","18":"pa_dimenzija-90-x-110-cm","19":"pa_oblika-okomito","20":"pa_okvir-bez-okvira","21":"pa_podokvir-bez-podokvira","22":"pa_podokvir-sa-podokvirom","24":"first","25":"onbackorder","26":"purchasable","27":"product-type-variable","28":"has-default-attributes"},"acf":[],"yoast_head":"<!-- This site is optimized with the Yoast SEO Premium plugin v26.0 (Yoast SEO v27.2) - https:\/\/yoast.com\/product\/yoast-seo-premium-wordpress\/ -->\n<title>Edvard Munch - Vrisak - The Scream - SVETSLIK.SI - 100% ru\u010dno naslikano<\/title>\n<meta name=\"description\" content=\"Edvard Munch - Vrisak - The Scream - 100% ru\u010dno naslikane reprodukcije slika na platnu. Uramljivanje slika, prodaja i izrada slika u dimenzijama po narud\u017ebi.\" \/>\n<meta name=\"robots\" content=\"index, follow, max-snippet:-1, max-image-preview:large, max-video-preview:-1\" \/>\n<link rel=\"canonical\" href=\"https:\/\/svetslik.si\/hr\/edvard-munch\/krik\/\" \/>\n<meta property=\"og:locale\" content=\"hr_HR\" \/>\n<meta property=\"og:type\" content=\"article\" \/>\n<meta property=\"og:title\" content=\"Edvard Munch - Vrisak - The Scream\" \/>\n<meta property=\"og:description\" content=\"100% ro\u010dno naslikane slike na platnu, reprodukcije znanih slikarjev in umetni\u0161ke slike po naro\u010dilu.\" \/>\n<meta property=\"og:url\" content=\"https:\/\/svetslik.si\/hr\/edvard-munch\/krik\/\" \/>\n<meta property=\"og:site_name\" content=\"SVETSLIK.SI\" \/>\n<meta property=\"article:publisher\" content=\"https:\/\/www.facebook.com\/svetslik.si\" \/>\n<meta property=\"article:modified_time\" content=\"2025-06-12T13:10:23+00:00\" \/>\n<meta property=\"og:image\" content=\"https:\/\/svetslik.si\/wp-content\/uploads\/2021\/09\/Edvard-Munch-Kirik-The-Scream.jpg\" \/>\n\t<meta property=\"og:image:width\" content=\"1000\" \/>\n\t<meta property=\"og:image:height\" content=\"1267\" \/>\n\t<meta property=\"og:image:type\" content=\"image\/jpeg\" \/>\n<meta name=\"twitter:card\" content=\"summary_large_image\" \/>\n<meta name=\"twitter:site\" content=\"@svetslik\" \/>\n<meta name=\"twitter:label1\" content=\"Availability\" \/>\n\t<meta name=\"twitter:data1\" content=\"On backorder\" \/>\n<script type=\"application\/ld+json\" class=\"yoast-schema-graph\">{\"@context\":\"https:\/\/schema.org\",\"@graph\":[{\"@type\":[\"WebPage\",\"ItemPage\"],\"@id\":\"https:\/\/svetslik.si\/hr\/edvard-munch\/krik\/\",\"url\":\"https:\/\/svetslik.si\/hr\/edvard-munch\/krik\/\",\"name\":\"Edvard Munch - Vrisak - The Scream - SVETSLIK.SI - 100% ru\u010dno naslikano\",\"isPartOf\":{\"@id\":\"https:\/\/svetslik.si\/hr\/#website\"},\"primaryImageOfPage\":{\"@id\":\"https:\/\/svetslik.si\/hr\/edvard-munch\/krik\/#primaryimage\"},\"image\":{\"@id\":\"https:\/\/svetslik.si\/hr\/edvard-munch\/krik\/#primaryimage\"},\"thumbnailUrl\":\"https:\/\/svetslik.si\/wp-content\/uploads\/2021\/09\/Edvard-Munch-Kirik-The-Scream.jpg\",\"datePublished\":\"2021-09-02T16:24:58+00:00\",\"dateModified\":\"2025-06-12T13:10:23+00:00\",\"description\":\"Edvard Munch - Vrisak - The Scream - 100% ru\u010dno naslikane reprodukcije slika na platnu. Uramljivanje slika, prodaja i izrada slika u dimenzijama po narud\u017ebi.\",\"breadcrumb\":{\"@id\":\"https:\/\/svetslik.si\/hr\/edvard-munch\/krik\/#breadcrumb\"},\"inLanguage\":\"hr\",\"potentialAction\":[{\"@type\":\"ReadAction\",\"target\":[\"https:\/\/svetslik.si\/hr\/edvard-munch\/krik\/\"]}]},{\"@type\":\"ImageObject\",\"inLanguage\":\"hr\",\"@id\":\"https:\/\/svetslik.si\/hr\/edvard-munch\/krik\/#primaryimage\",\"url\":\"https:\/\/svetslik.si\/wp-content\/uploads\/2021\/09\/Edvard-Munch-Kirik-The-Scream.jpg\",\"contentUrl\":\"https:\/\/svetslik.si\/wp-content\/uploads\/2021\/09\/Edvard-Munch-Kirik-The-Scream.jpg\",\"width\":1000,\"height\":1267,\"caption\":\"Zidne slike na platnu - Edvard Munch - Krik\"},{\"@type\":\"BreadcrumbList\",\"@id\":\"https:\/\/svetslik.si\/hr\/edvard-munch\/krik\/#breadcrumb\",\"itemListElement\":[{\"@type\":\"ListItem\",\"position\":1,\"name\":\"Umjetni\u010dke zidne slike na platnu\",\"item\":\"https:\/\/svetslik.si\/hr\/\"},{\"@type\":\"ListItem\",\"position\":2,\"name\":\"Prodaja slika\",\"item\":\"https:\/\/svetslik.si\/prodaja-slik\/\"},{\"@type\":\"ListItem\",\"position\":3,\"name\":\"Edvard Munch &#8211; Vrisak &#8211; The Scream\"}]},{\"@type\":\"WebSite\",\"@id\":\"https:\/\/svetslik.si\/hr\/#website\",\"url\":\"https:\/\/svetslik.si\/hr\/\",\"name\":\"SVETSLIK.SI\",\"description\":\"100% ru\u010dno naslikane reprodukcije slika poznatih slikara in umjetni\u010dke zidne slike na platnu.\",\"publisher\":{\"@id\":\"https:\/\/svetslik.si\/hr\/#organization\"},\"potentialAction\":[{\"@type\":\"SearchAction\",\"target\":{\"@type\":\"EntryPoint\",\"urlTemplate\":\"https:\/\/svetslik.si\/hr\/?s={search_term_string}\"},\"query-input\":{\"@type\":\"PropertyValueSpecification\",\"valueRequired\":true,\"valueName\":\"search_term_string\"}}],\"inLanguage\":\"hr\"},{\"@type\":\"Organization\",\"@id\":\"https:\/\/svetslik.si\/hr\/#organization\",\"name\":\"SvetSlik.si\",\"url\":\"https:\/\/svetslik.si\/hr\/\",\"logo\":{\"@type\":\"ImageObject\",\"inLanguage\":\"hr\",\"@id\":\"https:\/\/svetslik.si\/hr\/#\/schema\/logo\/image\/\",\"url\":\"https:\/\/svetslik.si\/wp-content\/uploads\/2020\/12\/logo-512.png\",\"contentUrl\":\"https:\/\/svetslik.si\/wp-content\/uploads\/2020\/12\/logo-512.png\",\"width\":512,\"height\":512,\"caption\":\"SvetSlik.si\"},\"image\":{\"@id\":\"https:\/\/svetslik.si\/hr\/#\/schema\/logo\/image\/\"},\"sameAs\":[\"https:\/\/www.facebook.com\/svetslik.si\",\"https:\/\/x.com\/svetslik\",\"https:\/\/www.instagram.com\/svetslik.si\/\",\"https:\/\/www.linkedin.com\/company\/svetslik-si\"]}]}<\/script>\n<meta property=\"og:availability\" content=\"backorder\" \/>\n<meta property=\"product:availability\" content=\"available for order\" \/>\n<meta property=\"product:retailer_item_id\" content=\"566__\" \/>\n<meta property=\"product:condition\" content=\"new\" \/>\n<!-- \/ Yoast SEO Premium plugin. -->","yoast_head_json":{"title":"Edvard Munch - Vrisak - The Scream - SVETSLIK.SI - 100% ru\u010dno naslikano","description":"Edvard Munch - Vrisak - The Scream - 100% ru\u010dno naslikane reprodukcije slika na platnu. Uramljivanje slika, prodaja i izrada slika u dimenzijama po narud\u017ebi.","robots":{"index":"index","follow":"follow","max-snippet":"max-snippet:-1","max-image-preview":"max-image-preview:large","max-video-preview":"max-video-preview:-1"},"canonical":"https:\/\/svetslik.si\/hr\/edvard-munch\/krik\/","og_locale":"hr_HR","og_type":"article","og_title":"Edvard Munch - Vrisak - The Scream","og_description":"100% ro\u010dno naslikane slike na platnu, reprodukcije znanih slikarjev in umetni\u0161ke slike po naro\u010dilu.","og_url":"https:\/\/svetslik.si\/hr\/edvard-munch\/krik\/","og_site_name":"SVETSLIK.SI","article_publisher":"https:\/\/www.facebook.com\/svetslik.si","article_modified_time":"2025-06-12T13:10:23+00:00","og_image":[{"width":1000,"height":1267,"url":"https:\/\/svetslik.si\/wp-content\/uploads\/2021\/09\/Edvard-Munch-Kirik-The-Scream.jpg","type":"image\/jpeg"}],"twitter_card":"summary_large_image","twitter_site":"@svetslik","twitter_misc":{"Availability":"On backorder"},"schema":{"@context":"https:\/\/schema.org","@graph":[{"@type":["WebPage","ItemPage"],"@id":"https:\/\/svetslik.si\/hr\/edvard-munch\/krik\/","url":"https:\/\/svetslik.si\/hr\/edvard-munch\/krik\/","name":"Edvard Munch - Vrisak - The Scream - SVETSLIK.SI - 100% ru\u010dno naslikano","isPartOf":{"@id":"https:\/\/svetslik.si\/hr\/#website"},"primaryImageOfPage":{"@id":"https:\/\/svetslik.si\/hr\/edvard-munch\/krik\/#primaryimage"},"image":{"@id":"https:\/\/svetslik.si\/hr\/edvard-munch\/krik\/#primaryimage"},"thumbnailUrl":"https:\/\/svetslik.si\/wp-content\/uploads\/2021\/09\/Edvard-Munch-Kirik-The-Scream.jpg","datePublished":"2021-09-02T16:24:58+00:00","dateModified":"2025-06-12T13:10:23+00:00","description":"Edvard Munch - Vrisak - The Scream - 100% ru\u010dno naslikane reprodukcije slika na platnu. Uramljivanje slika, prodaja i izrada slika u dimenzijama po narud\u017ebi.","breadcrumb":{"@id":"https:\/\/svetslik.si\/hr\/edvard-munch\/krik\/#breadcrumb"},"inLanguage":"hr","potentialAction":[{"@type":"ReadAction","target":["https:\/\/svetslik.si\/hr\/edvard-munch\/krik\/"]}]},{"@type":"ImageObject","inLanguage":"hr","@id":"https:\/\/svetslik.si\/hr\/edvard-munch\/krik\/#primaryimage","url":"https:\/\/svetslik.si\/wp-content\/uploads\/2021\/09\/Edvard-Munch-Kirik-The-Scream.jpg","contentUrl":"https:\/\/svetslik.si\/wp-content\/uploads\/2021\/09\/Edvard-Munch-Kirik-The-Scream.jpg","width":1000,"height":1267,"caption":"Zidne slike na platnu - Edvard Munch - Krik"},{"@type":"BreadcrumbList","@id":"https:\/\/svetslik.si\/hr\/edvard-munch\/krik\/#breadcrumb","itemListElement":[{"@type":"ListItem","position":1,"name":"Umjetni\u010dke zidne slike na platnu","item":"https:\/\/svetslik.si\/hr\/"},{"@type":"ListItem","position":2,"name":"Prodaja slika","item":"https:\/\/svetslik.si\/prodaja-slik\/"},{"@type":"ListItem","position":3,"name":"Edvard Munch &#8211; Vrisak &#8211; The Scream"}]},{"@type":"WebSite","@id":"https:\/\/svetslik.si\/hr\/#website","url":"https:\/\/svetslik.si\/hr\/","name":"SVETSLIK.SI","description":"100% ru\u010dno naslikane reprodukcije slika poznatih slikara in umjetni\u010dke zidne slike na platnu.","publisher":{"@id":"https:\/\/svetslik.si\/hr\/#organization"},"potentialAction":[{"@type":"SearchAction","target":{"@type":"EntryPoint","urlTemplate":"https:\/\/svetslik.si\/hr\/?s={search_term_string}"},"query-input":{"@type":"PropertyValueSpecification","valueRequired":true,"valueName":"search_term_string"}}],"inLanguage":"hr"},{"@type":"Organization","@id":"https:\/\/svetslik.si\/hr\/#organization","name":"SvetSlik.si","url":"https:\/\/svetslik.si\/hr\/","logo":{"@type":"ImageObject","inLanguage":"hr","@id":"https:\/\/svetslik.si\/hr\/#\/schema\/logo\/image\/","url":"https:\/\/svetslik.si\/wp-content\/uploads\/2020\/12\/logo-512.png","contentUrl":"https:\/\/svetslik.si\/wp-content\/uploads\/2020\/12\/logo-512.png","width":512,"height":512,"caption":"SvetSlik.si"},"image":{"@id":"https:\/\/svetslik.si\/hr\/#\/schema\/logo\/image\/"},"sameAs":["https:\/\/www.facebook.com\/svetslik.si","https:\/\/x.com\/svetslik","https:\/\/www.instagram.com\/svetslik.si\/","https:\/\/www.linkedin.com\/company\/svetslik-si"]}]},"og_availability":"backorder","product_availability":"available for order","product_retailer_item_id":"566__","product_condition":"new"},"jetpack_sharing_enabled":true,"_links":{"self":[{"href":"https:\/\/svetslik.si\/hr\/wp-json\/wp\/v2\/product\/26375","targetHints":{"allow":["GET"]}}],"collection":[{"href":"https:\/\/svetslik.si\/hr\/wp-json\/wp\/v2\/product"}],"about":[{"href":"https:\/\/svetslik.si\/hr\/wp-json\/wp\/v2\/types\/product"}],"wp:featuredmedia":[{"embeddable":true,"href":"https:\/\/svetslik.si\/hr\/wp-json\/wp\/v2\/media\/21502"}],"wp:attachment":[{"href":"https:\/\/svetslik.si\/hr\/wp-json\/wp\/v2\/media?parent=26375"}],"wp:term":[{"taxonomy":"product_brand","embeddable":true,"href":"https:\/\/svetslik.si\/hr\/wp-json\/wp\/v2\/product_brand?post=26375"},{"taxonomy":"product_cat","embeddable":true,"href":"https:\/\/svetslik.si\/hr\/wp-json\/wp\/v2\/product_cat?post=26375"},{"taxonomy":"product_tag","embeddable":true,"href":"https:\/\/svetslik.si\/hr\/wp-json\/wp\/v2\/product_tag?post=26375"}],"curies":[{"name":"wp","href":"https:\/\/api.w.org\/{rel}","templated":true}]}}