{"id":26393,"date":"2022-10-20T17:42:33","date_gmt":"2022-10-20T15:42:33","guid":{"rendered":"https:\/\/svetslik.si\/Bez%20kategorije\/mark-rothko-blue-green-blue\/"},"modified":"2024-07-04T16:03:38","modified_gmt":"2024-07-04T14:03:38","slug":"mark-rothko-blue-green-blue","status":"publish","type":"product","link":"https:\/\/svetslik.si\/hr\/mark-rothko\/mark-rothko-blue-green-blue\/","title":{"rendered":"Mark Rothko &#8211; Blue, Green, Blue"},"content":{"rendered":"<h1>Mark Rothko &#8211; plavo, zeleno, plavo<\/h1>\n<p>&nbsp;<\/p>\n<table style=\"width: 673px\" border=\"0\" width=\"673\" cellspacing=\"0\" cellpadding=\"0\">\n<tbody>\n<tr>\n<td style=\"width: 180px;height: 21px\" height=\"21\">Godina stvaranja:<\/td>\n<td style=\"width: 493px\">1969.<\/td>\n<\/tr>\n<tr>\n<td style=\"width: 180px;height: 21px\" height=\"21\">Izvorna veli\u010dina:<\/td>\n<td style=\"width: 493px\">123 cm x 103 cm<\/td>\n<\/tr>\n<tr>\n<td style=\"width: 180px;height: 21px\" height=\"21\">Stil bojanja:<\/td>\n<td style=\"width: 493px\">Apstrakcija<\/td>\n<\/tr>\n<tr>\n<td style=\"width: 180px;height: 21px\" height=\"21\">Izvorna tehnika:<\/td>\n<td>Ulje na platnu<\/td>\n<\/tr>\n<tr>\n<td style=\"width: 180px;height: 21px\" height=\"21\">Lokacija:<\/td>\n<td><em>Washington<\/em><\/td>\n<\/tr>\n<\/tbody>\n<colgroup>\n<col \/>\n<col \/> <\/colgroup>\n<\/table>\n<p>&nbsp;<\/p>\n<p>Jedno od njegovih najpoznatijih djela je &#8220;Plavo, zeleno, plavo&#8221;, poznato i kao br. 61.<\/p>\n<p>&#8220;Plavo, zeleno, plavo je slika s tri velika pravokutnika plave, zelene i plave raspore\u0111ene okomito na platnu. Plavi i zeleni pravokutnik odvojeni su tankom trakom bijele boje, \u0161to stvara osje\u0107aj pokreta i dubine u slici. Izbor boja i raspored pravokutnika pa\u017eljivo su razmotreni kako bi se stvorio osje\u0107aj sklada i ravnote\u017ee u kompoziciji.<\/p>\n<p>Slika je nastala 1953. godine i smatra se jednim od najsna\u017enijih i najmarkantnijih Rothkovih djela. To je zapanjuju\u0107e djelo koje pokazuje Rothkovu sposobnost kori\u0161tenja boje za stvaranje osje\u0107aja dubine i pokreta na slici. Kori\u0161tenje plavih, zelenih i plavih pravokutnika stvara osje\u0107aj vedrine i kontemplativnog raspolo\u017eenja.<\/p>\n<p>Rothkova djela poznata su po svom emocionalnom dojmu i sposobnosti da kod gledatelja izazovu osje\u0107aj kontemplacije. \u201cPlavo, zeleno, plavo\u201d nije iznimka, jer jednostavnost kompozicije i kori\u0161tenje samo tri boje, plave, zelene i plave, \u010dine je sna\u017enom i sugestivnom slikom.<\/p>\n<p>&#8220;Plavo, zeleno, plavo&#8221; trenutno se nalazi u zbirci Muzeja likovnih umjetnosti u Houstonu u Sjedinjenim Dr\u017eavama i smatra se jednim od najva\u017enijih djela Rothkove karijere. Jo\u0161 uvijek je slave i dive joj se ljubitelji umjetnosti i kriti\u010dari.<\/p>\n<p>Ukratko, &#8220;Plavo, zeleno, plavo&#8221; je slika Marka Rothka, ameri\u010dkog slikara koji je bio jedan od vode\u0107ih predstavnika pokreta Color Field. Ovo je jedno od njegovih najpoznatijih djela, poznato po sna\u017enoj i sugestivnoj kompoziciji. Pokazuju\u0107i Rothkovu sposobnost kori\u0161tenja boje za stvaranje osje\u0107aja dubine i pokreta na slici, jo\u0161 uvijek je slavljena i divljena joj kako ljubitelji umjetnosti tako i kriti\u010dari. Smatra se jednim od najva\u017enijih djela u Rothkovoj karijeri.<\/p>\n","protected":false},"excerpt":{"rendered":"<p>Mark Rothko &#8211; plavo, zeleno, plavo &nbsp; Godina stvaranja: 1969. Izvorna veli\u010dina: 123 cm x 103 cm Stil bojanja: Apstrakcija Izvorna tehnika: Ulje na platnu Lokacija: Washington &nbsp; Jedno od njegovih najpoznatijih djela je &#8220;Plavo, zeleno, plavo&#8221;, poznato i kao br. 61. &#8220;Plavo, zeleno, plavo je slika s tri velika [&hellip;]<\/p>\n","protected":false},"featured_media":21819,"template":"","meta":{"_acf_changed":false},"product_brand":[],"product_cat":[3394],"product_tag":[4069,4070,4119,4071],"class_list":{"0":"post-26393","1":"product","2":"type-product","3":"status-publish","4":"has-post-thumbnail","6":"product_cat-mark-rothko","7":"product_tag-reprodukcija-hr","8":"product_tag-reprodukcije-hr","9":"product_tag-rothko-hr","10":"product_tag-slikar-hr","11":"pa_dimenzija-100-cm-x-86-cm-hr","12":"pa_dimenzija-110-cm-x-94-cm-hr","13":"pa_dimenzija-120-cm-x-102-cm-hr","14":"pa_dimenzija-123-cm-x-103-cm-hr","15":"pa_dimenzija-130-cm-x-110-cm-hr","16":"pa_dimenzija-150-cm-x-126-cm-hr","17":"pa_dimenzija-175-cm-x-147-cm-hr","18":"pa_dimenzija-200-cm-x-168-cm-hr","19":"pa_dimenzija-250-cm-x-210-cm-hr","20":"pa_dimenzija-40-cm-x-36-cm-hr","21":"pa_dimenzija-50-cm-x-45-cm-hr","22":"pa_dimenzija-60-cm-x-54-cm-hr","23":"pa_dimenzija-70-cm-x-62-cm-hr","24":"pa_dimenzija-80-cm-x-70-cm-hr","25":"pa_dimenzija-90-cm-x-78-cm-hr","26":"pa_oblika-okomito","27":"pa_okvir-bez-okvira","28":"pa_podokvir-bez-podokvira","29":"pa_podokvir-sa-podokvirom","31":"first","32":"onbackorder","33":"purchasable","34":"product-type-variable","35":"has-default-attributes"},"acf":[],"yoast_head":"<!-- This site is optimized with the Yoast SEO Premium plugin v26.0 (Yoast SEO v27.2) - https:\/\/yoast.com\/product\/yoast-seo-premium-wordpress\/ -->\n<title>Mark Rothko - Blue, Green, Blue - SVETSLIK.SI - 100% ru\u010dno naslikano<\/title>\n<meta name=\"description\" content=\"Mark Rothko - Blue, Green, Blue - 100 % ru\u010dno naslikana reprodukcija umjetni\u010dke slike na platnu. Okvirivanje slika, prodaja in izrada slika u dimenzijama po narud\u017ebi.\" \/>\n<meta name=\"robots\" content=\"index, follow, max-snippet:-1, max-image-preview:large, max-video-preview:-1\" \/>\n<link rel=\"canonical\" href=\"https:\/\/svetslik.si\/hr\/mark-rothko\/mark-rothko-blue-green-blue\/\" \/>\n<meta property=\"og:locale\" content=\"hr_HR\" \/>\n<meta property=\"og:type\" content=\"article\" \/>\n<meta property=\"og:title\" content=\"Mark Rothko - Blue, Green, Blue\" \/>\n<meta property=\"og:description\" content=\"100% ro\u010dno naslikane slike na platnu, reprodukcije znanih slikarjev in umetni\u0161ke slike po naro\u010dilu.\" \/>\n<meta property=\"og:url\" content=\"https:\/\/svetslik.si\/hr\/mark-rothko\/mark-rothko-blue-green-blue\/\" \/>\n<meta property=\"og:site_name\" content=\"SVETSLIK.SI\" \/>\n<meta property=\"article:publisher\" content=\"https:\/\/www.facebook.com\/svetslik.si\" \/>\n<meta property=\"article:modified_time\" content=\"2024-07-04T14:03:38+00:00\" \/>\n<meta property=\"og:image\" content=\"https:\/\/svetslik.si\/wp-content\/uploads\/2022\/10\/MARK-ROTHKO-GREEN-BLUE-GREEN.jpg\" \/>\n\t<meta property=\"og:image:width\" content=\"1255\" \/>\n\t<meta property=\"og:image:height\" content=\"1500\" \/>\n\t<meta property=\"og:image:type\" content=\"image\/jpeg\" \/>\n<meta name=\"twitter:card\" content=\"summary_large_image\" \/>\n<meta name=\"twitter:site\" content=\"@svetslik\" \/>\n<meta name=\"twitter:label1\" content=\"Availability\" \/>\n\t<meta name=\"twitter:data1\" content=\"On backorder\" \/>\n<script type=\"application\/ld+json\" class=\"yoast-schema-graph\">{\"@context\":\"https:\/\/schema.org\",\"@graph\":[{\"@type\":[\"WebPage\",\"ItemPage\"],\"@id\":\"https:\/\/svetslik.si\/hr\/mark-rothko\/mark-rothko-blue-green-blue\/\",\"url\":\"https:\/\/svetslik.si\/hr\/mark-rothko\/mark-rothko-blue-green-blue\/\",\"name\":\"Mark Rothko - Blue, Green, Blue - SVETSLIK.SI - 100% ru\u010dno naslikano\",\"isPartOf\":{\"@id\":\"https:\/\/svetslik.si\/hr\/#website\"},\"primaryImageOfPage\":{\"@id\":\"https:\/\/svetslik.si\/hr\/mark-rothko\/mark-rothko-blue-green-blue\/#primaryimage\"},\"image\":{\"@id\":\"https:\/\/svetslik.si\/hr\/mark-rothko\/mark-rothko-blue-green-blue\/#primaryimage\"},\"thumbnailUrl\":\"https:\/\/svetslik.si\/wp-content\/uploads\/2022\/10\/MARK-ROTHKO-GREEN-BLUE-GREEN.jpg\",\"datePublished\":\"2022-10-20T15:42:33+00:00\",\"dateModified\":\"2024-07-04T14:03:38+00:00\",\"description\":\"Mark Rothko - Blue, Green, Blue - 100 % ru\u010dno naslikana reprodukcija umjetni\u010dke slike na platnu. Okvirivanje slika, prodaja in izrada slika u dimenzijama po narud\u017ebi.\",\"breadcrumb\":{\"@id\":\"https:\/\/svetslik.si\/hr\/mark-rothko\/mark-rothko-blue-green-blue\/#breadcrumb\"},\"inLanguage\":\"hr\",\"potentialAction\":[{\"@type\":\"ReadAction\",\"target\":[\"https:\/\/svetslik.si\/hr\/mark-rothko\/mark-rothko-blue-green-blue\/\"]}]},{\"@type\":\"ImageObject\",\"inLanguage\":\"hr\",\"@id\":\"https:\/\/svetslik.si\/hr\/mark-rothko\/mark-rothko-blue-green-blue\/#primaryimage\",\"url\":\"https:\/\/svetslik.si\/wp-content\/uploads\/2022\/10\/MARK-ROTHKO-GREEN-BLUE-GREEN.jpg\",\"contentUrl\":\"https:\/\/svetslik.si\/wp-content\/uploads\/2022\/10\/MARK-ROTHKO-GREEN-BLUE-GREEN.jpg\",\"width\":1255,\"height\":1500,\"caption\":\"Mark Rothko - Blue, Green, Blue - Reprodukcija slike za zid\"},{\"@type\":\"BreadcrumbList\",\"@id\":\"https:\/\/svetslik.si\/hr\/mark-rothko\/mark-rothko-blue-green-blue\/#breadcrumb\",\"itemListElement\":[{\"@type\":\"ListItem\",\"position\":1,\"name\":\"Umjetni\u010dke zidne slike na platnu\",\"item\":\"https:\/\/svetslik.si\/hr\/\"},{\"@type\":\"ListItem\",\"position\":2,\"name\":\"Prodaja slika\",\"item\":\"https:\/\/svetslik.si\/prodaja-slik\/\"},{\"@type\":\"ListItem\",\"position\":3,\"name\":\"Mark Rothko &#8211; Blue, Green, Blue\"}]},{\"@type\":\"WebSite\",\"@id\":\"https:\/\/svetslik.si\/hr\/#website\",\"url\":\"https:\/\/svetslik.si\/hr\/\",\"name\":\"SVETSLIK.SI\",\"description\":\"100% ru\u010dno naslikane reprodukcije slika poznatih slikara in umjetni\u010dke zidne slike na platnu.\",\"publisher\":{\"@id\":\"https:\/\/svetslik.si\/hr\/#organization\"},\"potentialAction\":[{\"@type\":\"SearchAction\",\"target\":{\"@type\":\"EntryPoint\",\"urlTemplate\":\"https:\/\/svetslik.si\/hr\/?s={search_term_string}\"},\"query-input\":{\"@type\":\"PropertyValueSpecification\",\"valueRequired\":true,\"valueName\":\"search_term_string\"}}],\"inLanguage\":\"hr\"},{\"@type\":\"Organization\",\"@id\":\"https:\/\/svetslik.si\/hr\/#organization\",\"name\":\"SvetSlik.si\",\"url\":\"https:\/\/svetslik.si\/hr\/\",\"logo\":{\"@type\":\"ImageObject\",\"inLanguage\":\"hr\",\"@id\":\"https:\/\/svetslik.si\/hr\/#\/schema\/logo\/image\/\",\"url\":\"https:\/\/svetslik.si\/wp-content\/uploads\/2020\/12\/logo-512.png\",\"contentUrl\":\"https:\/\/svetslik.si\/wp-content\/uploads\/2020\/12\/logo-512.png\",\"width\":512,\"height\":512,\"caption\":\"SvetSlik.si\"},\"image\":{\"@id\":\"https:\/\/svetslik.si\/hr\/#\/schema\/logo\/image\/\"},\"sameAs\":[\"https:\/\/www.facebook.com\/svetslik.si\",\"https:\/\/x.com\/svetslik\",\"https:\/\/www.instagram.com\/svetslik.si\/\",\"https:\/\/www.linkedin.com\/company\/svetslik-si\"]}]}<\/script>\n<meta property=\"og:availability\" content=\"backorder\" \/>\n<meta property=\"product:availability\" content=\"available for order\" \/>\n<meta property=\"product:retailer_item_id\" content=\"405_1_-1-1\" \/>\n<meta property=\"product:condition\" content=\"new\" \/>\n<!-- \/ Yoast SEO Premium plugin. -->","yoast_head_json":{"title":"Mark Rothko - Blue, Green, Blue - SVETSLIK.SI - 100% ru\u010dno naslikano","description":"Mark Rothko - Blue, Green, Blue - 100 % ru\u010dno naslikana reprodukcija umjetni\u010dke slike na platnu. Okvirivanje slika, prodaja in izrada slika u dimenzijama po narud\u017ebi.","robots":{"index":"index","follow":"follow","max-snippet":"max-snippet:-1","max-image-preview":"max-image-preview:large","max-video-preview":"max-video-preview:-1"},"canonical":"https:\/\/svetslik.si\/hr\/mark-rothko\/mark-rothko-blue-green-blue\/","og_locale":"hr_HR","og_type":"article","og_title":"Mark Rothko - Blue, Green, Blue","og_description":"100% ro\u010dno naslikane slike na platnu, reprodukcije znanih slikarjev in umetni\u0161ke slike po naro\u010dilu.","og_url":"https:\/\/svetslik.si\/hr\/mark-rothko\/mark-rothko-blue-green-blue\/","og_site_name":"SVETSLIK.SI","article_publisher":"https:\/\/www.facebook.com\/svetslik.si","article_modified_time":"2024-07-04T14:03:38+00:00","og_image":[{"width":1255,"height":1500,"url":"https:\/\/svetslik.si\/wp-content\/uploads\/2022\/10\/MARK-ROTHKO-GREEN-BLUE-GREEN.jpg","type":"image\/jpeg"}],"twitter_card":"summary_large_image","twitter_site":"@svetslik","twitter_misc":{"Availability":"On backorder"},"schema":{"@context":"https:\/\/schema.org","@graph":[{"@type":["WebPage","ItemPage"],"@id":"https:\/\/svetslik.si\/hr\/mark-rothko\/mark-rothko-blue-green-blue\/","url":"https:\/\/svetslik.si\/hr\/mark-rothko\/mark-rothko-blue-green-blue\/","name":"Mark Rothko - Blue, Green, Blue - SVETSLIK.SI - 100% ru\u010dno naslikano","isPartOf":{"@id":"https:\/\/svetslik.si\/hr\/#website"},"primaryImageOfPage":{"@id":"https:\/\/svetslik.si\/hr\/mark-rothko\/mark-rothko-blue-green-blue\/#primaryimage"},"image":{"@id":"https:\/\/svetslik.si\/hr\/mark-rothko\/mark-rothko-blue-green-blue\/#primaryimage"},"thumbnailUrl":"https:\/\/svetslik.si\/wp-content\/uploads\/2022\/10\/MARK-ROTHKO-GREEN-BLUE-GREEN.jpg","datePublished":"2022-10-20T15:42:33+00:00","dateModified":"2024-07-04T14:03:38+00:00","description":"Mark Rothko - Blue, Green, Blue - 100 % ru\u010dno naslikana reprodukcija umjetni\u010dke slike na platnu. Okvirivanje slika, prodaja in izrada slika u dimenzijama po narud\u017ebi.","breadcrumb":{"@id":"https:\/\/svetslik.si\/hr\/mark-rothko\/mark-rothko-blue-green-blue\/#breadcrumb"},"inLanguage":"hr","potentialAction":[{"@type":"ReadAction","target":["https:\/\/svetslik.si\/hr\/mark-rothko\/mark-rothko-blue-green-blue\/"]}]},{"@type":"ImageObject","inLanguage":"hr","@id":"https:\/\/svetslik.si\/hr\/mark-rothko\/mark-rothko-blue-green-blue\/#primaryimage","url":"https:\/\/svetslik.si\/wp-content\/uploads\/2022\/10\/MARK-ROTHKO-GREEN-BLUE-GREEN.jpg","contentUrl":"https:\/\/svetslik.si\/wp-content\/uploads\/2022\/10\/MARK-ROTHKO-GREEN-BLUE-GREEN.jpg","width":1255,"height":1500,"caption":"Mark Rothko - Blue, Green, Blue - Reprodukcija slike za zid"},{"@type":"BreadcrumbList","@id":"https:\/\/svetslik.si\/hr\/mark-rothko\/mark-rothko-blue-green-blue\/#breadcrumb","itemListElement":[{"@type":"ListItem","position":1,"name":"Umjetni\u010dke zidne slike na platnu","item":"https:\/\/svetslik.si\/hr\/"},{"@type":"ListItem","position":2,"name":"Prodaja slika","item":"https:\/\/svetslik.si\/prodaja-slik\/"},{"@type":"ListItem","position":3,"name":"Mark Rothko &#8211; Blue, Green, Blue"}]},{"@type":"WebSite","@id":"https:\/\/svetslik.si\/hr\/#website","url":"https:\/\/svetslik.si\/hr\/","name":"SVETSLIK.SI","description":"100% ru\u010dno naslikane reprodukcije slika poznatih slikara in umjetni\u010dke zidne slike na platnu.","publisher":{"@id":"https:\/\/svetslik.si\/hr\/#organization"},"potentialAction":[{"@type":"SearchAction","target":{"@type":"EntryPoint","urlTemplate":"https:\/\/svetslik.si\/hr\/?s={search_term_string}"},"query-input":{"@type":"PropertyValueSpecification","valueRequired":true,"valueName":"search_term_string"}}],"inLanguage":"hr"},{"@type":"Organization","@id":"https:\/\/svetslik.si\/hr\/#organization","name":"SvetSlik.si","url":"https:\/\/svetslik.si\/hr\/","logo":{"@type":"ImageObject","inLanguage":"hr","@id":"https:\/\/svetslik.si\/hr\/#\/schema\/logo\/image\/","url":"https:\/\/svetslik.si\/wp-content\/uploads\/2020\/12\/logo-512.png","contentUrl":"https:\/\/svetslik.si\/wp-content\/uploads\/2020\/12\/logo-512.png","width":512,"height":512,"caption":"SvetSlik.si"},"image":{"@id":"https:\/\/svetslik.si\/hr\/#\/schema\/logo\/image\/"},"sameAs":["https:\/\/www.facebook.com\/svetslik.si","https:\/\/x.com\/svetslik","https:\/\/www.instagram.com\/svetslik.si\/","https:\/\/www.linkedin.com\/company\/svetslik-si"]}]},"og_availability":"backorder","product_availability":"available for order","product_retailer_item_id":"405_1_-1-1","product_condition":"new"},"jetpack_sharing_enabled":true,"_links":{"self":[{"href":"https:\/\/svetslik.si\/hr\/wp-json\/wp\/v2\/product\/26393","targetHints":{"allow":["GET"]}}],"collection":[{"href":"https:\/\/svetslik.si\/hr\/wp-json\/wp\/v2\/product"}],"about":[{"href":"https:\/\/svetslik.si\/hr\/wp-json\/wp\/v2\/types\/product"}],"wp:featuredmedia":[{"embeddable":true,"href":"https:\/\/svetslik.si\/hr\/wp-json\/wp\/v2\/media\/21819"}],"wp:attachment":[{"href":"https:\/\/svetslik.si\/hr\/wp-json\/wp\/v2\/media?parent=26393"}],"wp:term":[{"taxonomy":"product_brand","embeddable":true,"href":"https:\/\/svetslik.si\/hr\/wp-json\/wp\/v2\/product_brand?post=26393"},{"taxonomy":"product_cat","embeddable":true,"href":"https:\/\/svetslik.si\/hr\/wp-json\/wp\/v2\/product_cat?post=26393"},{"taxonomy":"product_tag","embeddable":true,"href":"https:\/\/svetslik.si\/hr\/wp-json\/wp\/v2\/product_tag?post=26393"}],"curies":[{"name":"wp","href":"https:\/\/api.w.org\/{rel}","templated":true}]}}