{"id":26455,"date":"2022-10-20T09:41:23","date_gmt":"2022-10-20T07:41:23","guid":{"rendered":"https:\/\/svetslik.si\/Bez%20kategorije\/mark-rothko-no-22\/"},"modified":"2025-12-19T17:43:29","modified_gmt":"2025-12-19T16:43:29","slug":"mark-rothko-no-22","status":"publish","type":"product","link":"https:\/\/svetslik.si\/hr\/mark-rothko\/mark-rothko-no-22\/","title":{"rendered":"Mark Rothko No. 22"},"content":{"rendered":"<div class=\"wpb-content-wrapper\">[vc_row css=&#8221;.vc_custom_1766162420738{margin-bottom: 5px !important;}&#8221;][vc_column]\t<div class=\"et-image-327 et-image     et_image_link\">\n\t\t<div class=\"et-image-inner \">\n\t\t\t\t\t\t\t<div class=\"et-image-thumb \">\n\t\t\t\t\t<img decoding=\"async\" width=\"1500\" height=\"1619\" src=\"https:\/\/svetslik.si\/wp-content\/uploads\/2022\/10\/Mark-Rothko-No.-22-umetniska-slika-na-platnu.jpg\" class=\"attachment-full\" alt=\"Mark Rothko No. 22\" title=\"Mark Rothko No. 22\" srcset=\"https:\/\/svetslik.si\/wp-content\/uploads\/2022\/10\/Mark-Rothko-No.-22-umetniska-slika-na-platnu.jpg 1500w, https:\/\/svetslik.si\/wp-content\/uploads\/2022\/10\/Mark-Rothko-No.-22-umetniska-slika-na-platnu-278x300.jpg 278w, https:\/\/svetslik.si\/wp-content\/uploads\/2022\/10\/Mark-Rothko-No.-22-umetniska-slika-na-platnu-949x1024.jpg 949w, https:\/\/svetslik.si\/wp-content\/uploads\/2022\/10\/Mark-Rothko-No.-22-umetniska-slika-na-platnu-768x829.jpg 768w, https:\/\/svetslik.si\/wp-content\/uploads\/2022\/10\/Mark-Rothko-No.-22-umetniska-slika-na-platnu-1423x1536.jpg 1423w, https:\/\/svetslik.si\/wp-content\/uploads\/2022\/10\/Mark-Rothko-No.-22-umetniska-slika-na-platnu-139x150.jpg 139w, https:\/\/svetslik.si\/wp-content\/uploads\/2022\/10\/Mark-Rothko-No.-22-umetniska-slika-na-platnu-600x648.jpg 600w, https:\/\/svetslik.si\/wp-content\/uploads\/2022\/10\/Mark-Rothko-No.-22-umetniska-slika-na-platnu-1200x1295.jpg 1200w\" sizes=\"(max-width: 1500px) 100vw, 1500px\" \/>\t\t\t\t<\/div>\n\t\t\t\t\t\t\t\t\t\t\t<\/div>\n\t<\/div>\n  [\/vc_column][\/vc_row][vc_row css=&#8221;.vc_custom_1766162475841{margin-bottom: 5px !important;}&#8221;][vc_column]\t<div class=\"et-image-775 et-image     et_image_link\">\n\t\t<div class=\"et-image-inner \">\n\t\t\t\t\t\t\t<div class=\"et-image-thumb \">\n\t\t\t\t\t<img decoding=\"async\" width=\"1500\" height=\"1815\" src=\"https:\/\/svetslik.si\/wp-content\/uploads\/2022\/10\/Mark-Rothko-No.-22-umetniska-slika-na-platnu.webp\" class=\"attachment-full\" alt=\"Mark Rothko No. 22\" title=\"Mark Rothko No. 22\" srcset=\"https:\/\/svetslik.si\/wp-content\/uploads\/2022\/10\/Mark-Rothko-No.-22-umetniska-slika-na-platnu.webp 1500w, https:\/\/svetslik.si\/wp-content\/uploads\/2022\/10\/Mark-Rothko-No.-22-umetniska-slika-na-platnu-248x300.webp 248w, https:\/\/svetslik.si\/wp-content\/uploads\/2022\/10\/Mark-Rothko-No.-22-umetniska-slika-na-platnu-846x1024.webp 846w, https:\/\/svetslik.si\/wp-content\/uploads\/2022\/10\/Mark-Rothko-No.-22-umetniska-slika-na-platnu-768x929.webp 768w, https:\/\/svetslik.si\/wp-content\/uploads\/2022\/10\/Mark-Rothko-No.-22-umetniska-slika-na-platnu-1269x1536.webp 1269w, https:\/\/svetslik.si\/wp-content\/uploads\/2022\/10\/Mark-Rothko-No.-22-umetniska-slika-na-platnu-124x150.webp 124w, https:\/\/svetslik.si\/wp-content\/uploads\/2022\/10\/Mark-Rothko-No.-22-umetniska-slika-na-platnu-600x726.webp 600w, https:\/\/svetslik.si\/wp-content\/uploads\/2022\/10\/Mark-Rothko-No.-22-umetniska-slika-na-platnu-1200x1452.webp 1200w\" sizes=\"(max-width: 1500px) 100vw, 1500px\" \/>\t\t\t\t<\/div>\n\t\t\t\t\t\t\t\t\t\t\t<\/div>\n\t<\/div>\n  [\/vc_column][\/vc_row][vc_row][vc_column][vc_column_text]\n<h1>Mark Rothko br. 22<\/h1>\n<p>&nbsp;<\/p>\n<table style=\"width: 673px;\" border=\"0\" width=\"673\" cellspacing=\"0\" cellpadding=\"0\">\n<tbody>\n<tr>\n<td style=\"width: 180px; height: 21px;\" height=\"21\">Godina stvaranja:<\/td>\n<td style=\"width: 493px;\">1949.<\/td>\n<\/tr>\n<tr>\n<td style=\"width: 180px; height: 21px;\" height=\"21\">Izvorna veli\u010dina:<\/td>\n<td style=\"width: 493px;\">297 cm x 272 cm<\/td>\n<\/tr>\n<tr>\n<td style=\"width: 180px; height: 21px;\" height=\"21\">Stil bojanja:<\/td>\n<td style=\"width: 493px;\">Apstrakcija<\/td>\n<\/tr>\n<tr>\n<td style=\"width: 180px; height: 21px;\" height=\"21\">Izvorna tehnika:<\/td>\n<td>Ulje na platnu<\/td>\n<\/tr>\n<tr>\n<td style=\"width: 180px; height: 21px;\" height=\"21\">Lokacija:<\/td>\n<td><em>New York<\/em><\/td>\n<\/tr>\n<\/tbody>\n<colgroup>\n<col \/>\n<col \/> <\/colgroup>\n<\/table>\n<p>&nbsp;<\/p>\n<\/div>","protected":false},"excerpt":{"rendered":"<p>[vc_row css=&#8221;.vc_custom_1766162420738{margin-bottom: 5px !important;}&#8221;][vc_column][\/vc_column][\/vc_row][vc_row css=&#8221;.vc_custom_1766162475841{margin-bottom: 5px !important;}&#8221;][vc_column][\/vc_column][\/vc_row][vc_row][vc_column][vc_column_text] Mark Rothko br. 22 &nbsp; Godina stvaranja: 1949. Izvorna veli\u010dina: 297 cm x 272 cm Stil bojanja: Apstrakcija Izvorna tehnika: Ulje na platnu Lokacija: New York &nbsp;<\/p>\n","protected":false},"featured_media":21815,"template":"","meta":{"_acf_changed":false},"product_brand":[],"product_cat":[3394],"product_tag":[4069,4070,4119,4071],"class_list":{"0":"post-26455","1":"product","2":"type-product","3":"status-publish","4":"has-post-thumbnail","6":"product_cat-mark-rothko","7":"product_tag-reprodukcija-hr","8":"product_tag-reprodukcije-hr","9":"product_tag-rothko-hr","10":"product_tag-slikar-hr","11":"pa_dimenzija-100-cm-x-93-cm-hr","12":"pa_dimenzija-110-cm-x-102-cm-hr","13":"pa_dimenzija-120-cm-x-111-cm-hr","14":"pa_dimenzija-130-cm-x-120-cm-hr","15":"pa_dimenzija-150-cm-x-138-cm-hr","16":"pa_dimenzija-175-cm-x-161-cm-hr","17":"pa_dimenzija-200-cm-x-184-cm-hr","18":"pa_dimenzija-250-cm-x-230-cm-hr-2","19":"pa_dimenzija-297-cm-x-272-cm-hr","20":"pa_dimenzija-40-cm-x-39-cm-hr","21":"pa_dimenzija-50-cm-x-48-cm-hr","22":"pa_dimenzija-60-cm-x-57-cm-hr","23":"pa_dimenzija-70-cm-x-66-cm-hr","24":"pa_dimenzija-80-cm-x-75-cm-hr","25":"pa_dimenzija-90-cm-x-84-cm-hr","26":"pa_oblika-kvadrat-hr-2","27":"pa_okvir-bez-okvira","28":"pa_podokvir-bez-podokvira","29":"pa_podokvir-sa-podokvirom","31":"first","32":"onbackorder","33":"purchasable","34":"product-type-variable","35":"has-default-attributes"},"acf":[],"yoast_head":"<!-- This site is optimized with the Yoast SEO Premium plugin v26.0 (Yoast SEO v27.2) - https:\/\/yoast.com\/product\/yoast-seo-premium-wordpress\/ -->\n<title>Mark Rothko No. 22 - SVETSLIK.SI - 100% ru\u010dno naslikano<\/title>\n<meta name=\"description\" content=\"Mark Rothko No. 22 - 100 % ru\u010dno naslikana reprodukcija umjetni\u010dke slike na platnu. Okvirivanje slika, prodaja in izrada slika u dimenzijama po narud\u017ebi.\" \/>\n<meta name=\"robots\" content=\"index, follow, max-snippet:-1, max-image-preview:large, max-video-preview:-1\" \/>\n<link rel=\"canonical\" href=\"https:\/\/svetslik.si\/hr\/mark-rothko\/mark-rothko-no-22\/\" \/>\n<meta property=\"og:locale\" content=\"hr_HR\" \/>\n<meta property=\"og:type\" content=\"article\" \/>\n<meta property=\"og:title\" content=\"Mark Rothko No. 22\" \/>\n<meta property=\"og:description\" content=\"100% ro\u010dno naslikane slike na platnu, reprodukcije znanih slikarjev in umetni\u0161ke slike po naro\u010dilu.\" \/>\n<meta property=\"og:url\" content=\"https:\/\/svetslik.si\/hr\/mark-rothko\/mark-rothko-no-22\/\" \/>\n<meta property=\"og:site_name\" content=\"SVETSLIK.SI\" \/>\n<meta property=\"article:publisher\" content=\"https:\/\/www.facebook.com\/svetslik.si\" \/>\n<meta property=\"article:modified_time\" content=\"2025-12-19T16:43:29+00:00\" \/>\n<meta property=\"og:image\" content=\"https:\/\/svetslik.si\/wp-content\/uploads\/2022\/10\/Mark-Rothko-No.-22.jpg\" \/>\n\t<meta property=\"og:image:width\" content=\"1369\" \/>\n\t<meta property=\"og:image:height\" content=\"1500\" \/>\n\t<meta property=\"og:image:type\" content=\"image\/jpeg\" \/>\n<meta name=\"twitter:card\" content=\"summary_large_image\" \/>\n<meta name=\"twitter:site\" content=\"@svetslik\" \/>\n<meta name=\"twitter:label1\" content=\"Availability\" \/>\n\t<meta name=\"twitter:data1\" content=\"On backorder\" \/>\n<script type=\"application\/ld+json\" class=\"yoast-schema-graph\">{\"@context\":\"https:\/\/schema.org\",\"@graph\":[{\"@type\":[\"WebPage\",\"ItemPage\"],\"@id\":\"https:\/\/svetslik.si\/hr\/mark-rothko\/mark-rothko-no-22\/\",\"url\":\"https:\/\/svetslik.si\/hr\/mark-rothko\/mark-rothko-no-22\/\",\"name\":\"Mark Rothko No. 22 - SVETSLIK.SI - 100% ru\u010dno naslikano\",\"isPartOf\":{\"@id\":\"https:\/\/svetslik.si\/hr\/#website\"},\"primaryImageOfPage\":{\"@id\":\"https:\/\/svetslik.si\/hr\/mark-rothko\/mark-rothko-no-22\/#primaryimage\"},\"image\":{\"@id\":\"https:\/\/svetslik.si\/hr\/mark-rothko\/mark-rothko-no-22\/#primaryimage\"},\"thumbnailUrl\":\"https:\/\/svetslik.si\/wp-content\/uploads\/2022\/10\/Mark-Rothko-No.-22.jpg\",\"datePublished\":\"2022-10-20T07:41:23+00:00\",\"dateModified\":\"2025-12-19T16:43:29+00:00\",\"description\":\"Mark Rothko No. 22 - 100 % ru\u010dno naslikana reprodukcija umjetni\u010dke slike na platnu. Okvirivanje slika, prodaja in izrada slika u dimenzijama po narud\u017ebi.\",\"breadcrumb\":{\"@id\":\"https:\/\/svetslik.si\/hr\/mark-rothko\/mark-rothko-no-22\/#breadcrumb\"},\"inLanguage\":\"hr\",\"potentialAction\":[{\"@type\":\"ReadAction\",\"target\":[\"https:\/\/svetslik.si\/hr\/mark-rothko\/mark-rothko-no-22\/\"]}]},{\"@type\":\"ImageObject\",\"inLanguage\":\"hr\",\"@id\":\"https:\/\/svetslik.si\/hr\/mark-rothko\/mark-rothko-no-22\/#primaryimage\",\"url\":\"https:\/\/svetslik.si\/wp-content\/uploads\/2022\/10\/Mark-Rothko-No.-22.jpg\",\"contentUrl\":\"https:\/\/svetslik.si\/wp-content\/uploads\/2022\/10\/Mark-Rothko-No.-22.jpg\",\"width\":1369,\"height\":1500,\"caption\":\"Mark Rothko No. 22 - Reprodukcija slike za zid\"},{\"@type\":\"BreadcrumbList\",\"@id\":\"https:\/\/svetslik.si\/hr\/mark-rothko\/mark-rothko-no-22\/#breadcrumb\",\"itemListElement\":[{\"@type\":\"ListItem\",\"position\":1,\"name\":\"Umjetni\u010dke zidne slike na platnu\",\"item\":\"https:\/\/svetslik.si\/hr\/\"},{\"@type\":\"ListItem\",\"position\":2,\"name\":\"Prodaja slika\",\"item\":\"https:\/\/svetslik.si\/prodaja-slik\/\"},{\"@type\":\"ListItem\",\"position\":3,\"name\":\"Mark Rothko No. 22\"}]},{\"@type\":\"WebSite\",\"@id\":\"https:\/\/svetslik.si\/hr\/#website\",\"url\":\"https:\/\/svetslik.si\/hr\/\",\"name\":\"SVETSLIK.SI\",\"description\":\"100% ru\u010dno naslikane reprodukcije slika poznatih slikara in umjetni\u010dke zidne slike na platnu.\",\"publisher\":{\"@id\":\"https:\/\/svetslik.si\/hr\/#organization\"},\"potentialAction\":[{\"@type\":\"SearchAction\",\"target\":{\"@type\":\"EntryPoint\",\"urlTemplate\":\"https:\/\/svetslik.si\/hr\/?s={search_term_string}\"},\"query-input\":{\"@type\":\"PropertyValueSpecification\",\"valueRequired\":true,\"valueName\":\"search_term_string\"}}],\"inLanguage\":\"hr\"},{\"@type\":\"Organization\",\"@id\":\"https:\/\/svetslik.si\/hr\/#organization\",\"name\":\"SvetSlik.si\",\"url\":\"https:\/\/svetslik.si\/hr\/\",\"logo\":{\"@type\":\"ImageObject\",\"inLanguage\":\"hr\",\"@id\":\"https:\/\/svetslik.si\/hr\/#\/schema\/logo\/image\/\",\"url\":\"https:\/\/svetslik.si\/wp-content\/uploads\/2020\/12\/logo-512.png\",\"contentUrl\":\"https:\/\/svetslik.si\/wp-content\/uploads\/2020\/12\/logo-512.png\",\"width\":512,\"height\":512,\"caption\":\"SvetSlik.si\"},\"image\":{\"@id\":\"https:\/\/svetslik.si\/hr\/#\/schema\/logo\/image\/\"},\"sameAs\":[\"https:\/\/www.facebook.com\/svetslik.si\",\"https:\/\/x.com\/svetslik\",\"https:\/\/www.instagram.com\/svetslik.si\/\",\"https:\/\/www.linkedin.com\/company\/svetslik-si\"]}]}<\/script>\n<meta property=\"og:availability\" content=\"backorder\" \/>\n<meta property=\"product:availability\" content=\"available for order\" \/>\n<meta property=\"product:retailer_item_id\" content=\"405_1_-1\" \/>\n<meta property=\"product:condition\" content=\"new\" \/>\n<!-- \/ Yoast SEO Premium plugin. -->","yoast_head_json":{"title":"Mark Rothko No. 22 - SVETSLIK.SI - 100% ru\u010dno naslikano","description":"Mark Rothko No. 22 - 100 % ru\u010dno naslikana reprodukcija umjetni\u010dke slike na platnu. Okvirivanje slika, prodaja in izrada slika u dimenzijama po narud\u017ebi.","robots":{"index":"index","follow":"follow","max-snippet":"max-snippet:-1","max-image-preview":"max-image-preview:large","max-video-preview":"max-video-preview:-1"},"canonical":"https:\/\/svetslik.si\/hr\/mark-rothko\/mark-rothko-no-22\/","og_locale":"hr_HR","og_type":"article","og_title":"Mark Rothko No. 22","og_description":"100% ro\u010dno naslikane slike na platnu, reprodukcije znanih slikarjev in umetni\u0161ke slike po naro\u010dilu.","og_url":"https:\/\/svetslik.si\/hr\/mark-rothko\/mark-rothko-no-22\/","og_site_name":"SVETSLIK.SI","article_publisher":"https:\/\/www.facebook.com\/svetslik.si","article_modified_time":"2025-12-19T16:43:29+00:00","og_image":[{"width":1369,"height":1500,"url":"https:\/\/svetslik.si\/wp-content\/uploads\/2022\/10\/Mark-Rothko-No.-22.jpg","type":"image\/jpeg"}],"twitter_card":"summary_large_image","twitter_site":"@svetslik","twitter_misc":{"Availability":"On backorder"},"schema":{"@context":"https:\/\/schema.org","@graph":[{"@type":["WebPage","ItemPage"],"@id":"https:\/\/svetslik.si\/hr\/mark-rothko\/mark-rothko-no-22\/","url":"https:\/\/svetslik.si\/hr\/mark-rothko\/mark-rothko-no-22\/","name":"Mark Rothko No. 22 - SVETSLIK.SI - 100% ru\u010dno naslikano","isPartOf":{"@id":"https:\/\/svetslik.si\/hr\/#website"},"primaryImageOfPage":{"@id":"https:\/\/svetslik.si\/hr\/mark-rothko\/mark-rothko-no-22\/#primaryimage"},"image":{"@id":"https:\/\/svetslik.si\/hr\/mark-rothko\/mark-rothko-no-22\/#primaryimage"},"thumbnailUrl":"https:\/\/svetslik.si\/wp-content\/uploads\/2022\/10\/Mark-Rothko-No.-22.jpg","datePublished":"2022-10-20T07:41:23+00:00","dateModified":"2025-12-19T16:43:29+00:00","description":"Mark Rothko No. 22 - 100 % ru\u010dno naslikana reprodukcija umjetni\u010dke slike na platnu. Okvirivanje slika, prodaja in izrada slika u dimenzijama po narud\u017ebi.","breadcrumb":{"@id":"https:\/\/svetslik.si\/hr\/mark-rothko\/mark-rothko-no-22\/#breadcrumb"},"inLanguage":"hr","potentialAction":[{"@type":"ReadAction","target":["https:\/\/svetslik.si\/hr\/mark-rothko\/mark-rothko-no-22\/"]}]},{"@type":"ImageObject","inLanguage":"hr","@id":"https:\/\/svetslik.si\/hr\/mark-rothko\/mark-rothko-no-22\/#primaryimage","url":"https:\/\/svetslik.si\/wp-content\/uploads\/2022\/10\/Mark-Rothko-No.-22.jpg","contentUrl":"https:\/\/svetslik.si\/wp-content\/uploads\/2022\/10\/Mark-Rothko-No.-22.jpg","width":1369,"height":1500,"caption":"Mark Rothko No. 22 - Reprodukcija slike za zid"},{"@type":"BreadcrumbList","@id":"https:\/\/svetslik.si\/hr\/mark-rothko\/mark-rothko-no-22\/#breadcrumb","itemListElement":[{"@type":"ListItem","position":1,"name":"Umjetni\u010dke zidne slike na platnu","item":"https:\/\/svetslik.si\/hr\/"},{"@type":"ListItem","position":2,"name":"Prodaja slika","item":"https:\/\/svetslik.si\/prodaja-slik\/"},{"@type":"ListItem","position":3,"name":"Mark Rothko No. 22"}]},{"@type":"WebSite","@id":"https:\/\/svetslik.si\/hr\/#website","url":"https:\/\/svetslik.si\/hr\/","name":"SVETSLIK.SI","description":"100% ru\u010dno naslikane reprodukcije slika poznatih slikara in umjetni\u010dke zidne slike na platnu.","publisher":{"@id":"https:\/\/svetslik.si\/hr\/#organization"},"potentialAction":[{"@type":"SearchAction","target":{"@type":"EntryPoint","urlTemplate":"https:\/\/svetslik.si\/hr\/?s={search_term_string}"},"query-input":{"@type":"PropertyValueSpecification","valueRequired":true,"valueName":"search_term_string"}}],"inLanguage":"hr"},{"@type":"Organization","@id":"https:\/\/svetslik.si\/hr\/#organization","name":"SvetSlik.si","url":"https:\/\/svetslik.si\/hr\/","logo":{"@type":"ImageObject","inLanguage":"hr","@id":"https:\/\/svetslik.si\/hr\/#\/schema\/logo\/image\/","url":"https:\/\/svetslik.si\/wp-content\/uploads\/2020\/12\/logo-512.png","contentUrl":"https:\/\/svetslik.si\/wp-content\/uploads\/2020\/12\/logo-512.png","width":512,"height":512,"caption":"SvetSlik.si"},"image":{"@id":"https:\/\/svetslik.si\/hr\/#\/schema\/logo\/image\/"},"sameAs":["https:\/\/www.facebook.com\/svetslik.si","https:\/\/x.com\/svetslik","https:\/\/www.instagram.com\/svetslik.si\/","https:\/\/www.linkedin.com\/company\/svetslik-si"]}]},"og_availability":"backorder","product_availability":"available for order","product_retailer_item_id":"405_1_-1","product_condition":"new"},"jetpack_sharing_enabled":true,"_links":{"self":[{"href":"https:\/\/svetslik.si\/hr\/wp-json\/wp\/v2\/product\/26455","targetHints":{"allow":["GET"]}}],"collection":[{"href":"https:\/\/svetslik.si\/hr\/wp-json\/wp\/v2\/product"}],"about":[{"href":"https:\/\/svetslik.si\/hr\/wp-json\/wp\/v2\/types\/product"}],"wp:featuredmedia":[{"embeddable":true,"href":"https:\/\/svetslik.si\/hr\/wp-json\/wp\/v2\/media\/21815"}],"wp:attachment":[{"href":"https:\/\/svetslik.si\/hr\/wp-json\/wp\/v2\/media?parent=26455"}],"wp:term":[{"taxonomy":"product_brand","embeddable":true,"href":"https:\/\/svetslik.si\/hr\/wp-json\/wp\/v2\/product_brand?post=26455"},{"taxonomy":"product_cat","embeddable":true,"href":"https:\/\/svetslik.si\/hr\/wp-json\/wp\/v2\/product_cat?post=26455"},{"taxonomy":"product_tag","embeddable":true,"href":"https:\/\/svetslik.si\/hr\/wp-json\/wp\/v2\/product_tag?post=26455"}],"curies":[{"name":"wp","href":"https:\/\/api.w.org\/{rel}","templated":true}]}}