{"id":27408,"date":"2021-09-02T18:42:05","date_gmt":"2021-09-02T16:42:05","guid":{"rendered":"https:\/\/svetslik.si\/Bez%20kategorije\/enchanted-forest\/"},"modified":"2024-07-04T16:07:21","modified_gmt":"2024-07-04T14:07:21","slug":"enchanted-forest","status":"publish","type":"product","link":"https:\/\/svetslik.si\/hr\/jackson-pollock\/enchanted-forest\/","title":{"rendered":"Jackson Pollock &#8211; Enchanted Forest"},"content":{"rendered":"<h1>Jackson Pollock &#8211; Za\u010darana \u0161uma<\/h1>\n<table border=\"0\" width=\"673\">\n<colgroup>\n<col style=\"width: 135pt\" \/>\n<col style=\"width: 370pt\" width=\"493\" \/>\n<\/colgroup>\n<tbody>\n<tr style=\"height: 15.75pt\">\n<td class=\"xl24\" height=\"21\" width=\"180\">\nGodina nastanka:<\/td>\n<td class=\"xl25\" style=\"width: 370pt\" width=\"493\">\n1947.<\/td>\n<\/tr>\n<tr style=\"height: 15.75pt\">\n<td class=\"xl24\" height=\"21\" width=\"180\">\nIzvorna veli\u010dina:<\/td>\n<td class=\"xl24\" style=\"width: 370pt\" width=\"493\">\n114,6 cm x 221,3 cm<\/td>\n<\/tr>\n<tr style=\"height: 15.75pt\">\n<td class=\"xl24\" height=\"21\" width=\"180\">\nStil slikanja:<\/td>\n<td class=\"xl24\" style=\"width: 370pt\" width=\"493\">\nApstraktni ekspresionizam<\/td>\n<\/tr>\n<tr style=\"height: 15.75pt\">\n<td class=\"xl24\" height=\"21\" width=\"180\">\nIzvorna tehnika:<\/td>\n<td>\nUlje na platnu<\/td>\n<\/tr>\n<tr style=\"height: 15.75pt\">\n<td class=\"xl24\" height=\"21\" width=\"180\">\nNalazi se:<\/td>\n<td>\nZbirka Peggy Guggenheim, Venecija<\/td>\n<\/tr>\n<\/tbody>\n<\/table>\n<p>\n&nbsp;<\/p>\n","protected":false},"excerpt":{"rendered":"<p>Jackson Pollock &#8211; Za\u010darana \u0161uma Godina nastanka: 1947. Izvorna veli\u010dina: 114,6 cm x 221,3 cm Stil slikanja: Apstraktni ekspresionizam Izvorna tehnika: Ulje na platnu Nalazi se: Zbirka Peggy Guggenheim, Venecija &nbsp;<\/p>\n","protected":false},"featured_media":20253,"template":"","meta":{"_acf_changed":false},"product_brand":[],"product_cat":[3392],"product_tag":[4115,4069,4070,4071],"class_list":{"0":"post-27408","1":"product","2":"type-product","3":"status-publish","4":"has-post-thumbnail","6":"product_cat-jackson-pollock","7":"product_tag-pollock-hr","8":"product_tag-reprodukcija-hr","9":"product_tag-reprodukcije-hr","10":"product_tag-slikar-hr","11":"pa_dimenzija-115-x-221-cm-hr","12":"pa_dimenzija-130-x-250-cm-hr","13":"pa_dimenzija-150-x-290-cm-hr","14":"pa_dimenzija-50-x-100-cm-hr","15":"pa_dimenzija-60-x-110-cm-hr","16":"pa_dimenzija-70-x-130-cm-hr","17":"pa_dimenzija-80-x-150-cm-hr","18":"pa_dimenzija-90-x-170-cm-hr","19":"pa_oblika-okomito","20":"pa_okvir-bez-okvira","21":"pa_podokvir-bez-podokvira","22":"pa_podokvir-sa-podokvirom","24":"first","25":"onbackorder","26":"purchasable","27":"product-type-variable","28":"has-default-attributes"},"acf":[],"yoast_head":"<!-- This site is optimized with the Yoast SEO Premium plugin v26.0 (Yoast SEO v27.2) - https:\/\/yoast.com\/product\/yoast-seo-premium-wordpress\/ -->\n<title>Jackson Pollock - Enchanted Forest - SVETSLIK.SI - 100% ru\u010dno naslikano<\/title>\n<meta name=\"description\" content=\"Jackson Pollock - Enchanted Forest - 100 % ru\u010dno naslikana reprodukcija umjetni\u010dke slike na platnu. Okvirivanje slika, prodaja in izrada slika u dimenzijama po narud\u017ebi.\" \/>\n<meta name=\"robots\" content=\"index, follow, max-snippet:-1, max-image-preview:large, max-video-preview:-1\" \/>\n<link rel=\"canonical\" href=\"https:\/\/svetslik.si\/hr\/jackson-pollock\/enchanted-forest\/\" \/>\n<meta property=\"og:locale\" content=\"hr_HR\" \/>\n<meta property=\"og:type\" content=\"article\" \/>\n<meta property=\"og:title\" content=\"Jackson Pollock - Enchanted Forest\" \/>\n<meta property=\"og:description\" content=\"100% ro\u010dno naslikane slike na platnu, reprodukcije znanih slikarjev in umetni\u0161ke slike po naro\u010dilu.\" \/>\n<meta property=\"og:url\" content=\"https:\/\/svetslik.si\/hr\/jackson-pollock\/enchanted-forest\/\" \/>\n<meta property=\"og:site_name\" content=\"SVETSLIK.SI\" \/>\n<meta property=\"article:publisher\" content=\"https:\/\/www.facebook.com\/svetslik.si\" \/>\n<meta property=\"article:modified_time\" content=\"2024-07-04T14:07:21+00:00\" \/>\n<meta property=\"og:image\" content=\"https:\/\/svetslik.si\/wp-content\/uploads\/2021\/08\/image_Enchanted-Forest_680.jpg\" \/>\n\t<meta property=\"og:image:width\" content=\"1067\" \/>\n\t<meta property=\"og:image:height\" content=\"2000\" \/>\n\t<meta property=\"og:image:type\" content=\"image\/jpeg\" \/>\n<meta name=\"twitter:card\" content=\"summary_large_image\" \/>\n<meta name=\"twitter:site\" content=\"@svetslik\" \/>\n<meta name=\"twitter:label1\" content=\"Availability\" \/>\n\t<meta name=\"twitter:data1\" content=\"On backorder\" \/>\n<script type=\"application\/ld+json\" class=\"yoast-schema-graph\">{\"@context\":\"https:\/\/schema.org\",\"@graph\":[{\"@type\":[\"WebPage\",\"ItemPage\"],\"@id\":\"https:\/\/svetslik.si\/hr\/jackson-pollock\/enchanted-forest\/\",\"url\":\"https:\/\/svetslik.si\/hr\/jackson-pollock\/enchanted-forest\/\",\"name\":\"Jackson Pollock - Enchanted Forest - SVETSLIK.SI - 100% ru\u010dno naslikano\",\"isPartOf\":{\"@id\":\"https:\/\/svetslik.si\/hr\/#website\"},\"primaryImageOfPage\":{\"@id\":\"https:\/\/svetslik.si\/hr\/jackson-pollock\/enchanted-forest\/#primaryimage\"},\"image\":{\"@id\":\"https:\/\/svetslik.si\/hr\/jackson-pollock\/enchanted-forest\/#primaryimage\"},\"thumbnailUrl\":\"https:\/\/svetslik.si\/wp-content\/uploads\/2021\/08\/image_Enchanted-Forest_680.jpg\",\"datePublished\":\"2021-09-02T16:42:05+00:00\",\"dateModified\":\"2024-07-04T14:07:21+00:00\",\"description\":\"Jackson Pollock - Enchanted Forest - 100 % ru\u010dno naslikana reprodukcija umjetni\u010dke slike na platnu. Okvirivanje slika, prodaja in izrada slika u dimenzijama po narud\u017ebi.\",\"breadcrumb\":{\"@id\":\"https:\/\/svetslik.si\/hr\/jackson-pollock\/enchanted-forest\/#breadcrumb\"},\"inLanguage\":\"hr\",\"potentialAction\":[{\"@type\":\"ReadAction\",\"target\":[\"https:\/\/svetslik.si\/hr\/jackson-pollock\/enchanted-forest\/\"]}]},{\"@type\":\"ImageObject\",\"inLanguage\":\"hr\",\"@id\":\"https:\/\/svetslik.si\/hr\/jackson-pollock\/enchanted-forest\/#primaryimage\",\"url\":\"https:\/\/svetslik.si\/wp-content\/uploads\/2021\/08\/image_Enchanted-Forest_680.jpg\",\"contentUrl\":\"https:\/\/svetslik.si\/wp-content\/uploads\/2021\/08\/image_Enchanted-Forest_680.jpg\",\"width\":1067,\"height\":2000,\"caption\":\"Reprodukcije Gustav Klimt - Emilie Fl\u00f6ge - Ru\u010dno naslikane slike za zid, ulje na platnu, uljne slike, moderne slike za zid, umjetni\u010dke slike za zid, ambijentalne, apstraktne, dekorativne slike za zid\"},{\"@type\":\"BreadcrumbList\",\"@id\":\"https:\/\/svetslik.si\/hr\/jackson-pollock\/enchanted-forest\/#breadcrumb\",\"itemListElement\":[{\"@type\":\"ListItem\",\"position\":1,\"name\":\"Umjetni\u010dke zidne slike na platnu\",\"item\":\"https:\/\/svetslik.si\/hr\/\"},{\"@type\":\"ListItem\",\"position\":2,\"name\":\"Prodaja slika\",\"item\":\"https:\/\/svetslik.si\/prodaja-slik\/\"},{\"@type\":\"ListItem\",\"position\":3,\"name\":\"Jackson Pollock &#8211; Enchanted Forest\"}]},{\"@type\":\"WebSite\",\"@id\":\"https:\/\/svetslik.si\/hr\/#website\",\"url\":\"https:\/\/svetslik.si\/hr\/\",\"name\":\"SVETSLIK.SI\",\"description\":\"100% ru\u010dno naslikane reprodukcije slika poznatih slikara in umjetni\u010dke zidne slike na platnu.\",\"publisher\":{\"@id\":\"https:\/\/svetslik.si\/hr\/#organization\"},\"potentialAction\":[{\"@type\":\"SearchAction\",\"target\":{\"@type\":\"EntryPoint\",\"urlTemplate\":\"https:\/\/svetslik.si\/hr\/?s={search_term_string}\"},\"query-input\":{\"@type\":\"PropertyValueSpecification\",\"valueRequired\":true,\"valueName\":\"search_term_string\"}}],\"inLanguage\":\"hr\"},{\"@type\":\"Organization\",\"@id\":\"https:\/\/svetslik.si\/hr\/#organization\",\"name\":\"SvetSlik.si\",\"url\":\"https:\/\/svetslik.si\/hr\/\",\"logo\":{\"@type\":\"ImageObject\",\"inLanguage\":\"hr\",\"@id\":\"https:\/\/svetslik.si\/hr\/#\/schema\/logo\/image\/\",\"url\":\"https:\/\/svetslik.si\/wp-content\/uploads\/2020\/12\/logo-512.png\",\"contentUrl\":\"https:\/\/svetslik.si\/wp-content\/uploads\/2020\/12\/logo-512.png\",\"width\":512,\"height\":512,\"caption\":\"SvetSlik.si\"},\"image\":{\"@id\":\"https:\/\/svetslik.si\/hr\/#\/schema\/logo\/image\/\"},\"sameAs\":[\"https:\/\/www.facebook.com\/svetslik.si\",\"https:\/\/x.com\/svetslik\",\"https:\/\/www.instagram.com\/svetslik.si\/\",\"https:\/\/www.linkedin.com\/company\/svetslik-si\"]}]}<\/script>\n<meta property=\"og:availability\" content=\"backorder\" \/>\n<meta property=\"product:availability\" content=\"available for order\" \/>\n<meta property=\"product:retailer_item_id\" content=\"697__\" \/>\n<meta property=\"product:condition\" content=\"new\" \/>\n<!-- \/ Yoast SEO Premium plugin. -->","yoast_head_json":{"title":"Jackson Pollock - Enchanted Forest - SVETSLIK.SI - 100% ru\u010dno naslikano","description":"Jackson Pollock - Enchanted Forest - 100 % ru\u010dno naslikana reprodukcija umjetni\u010dke slike na platnu. Okvirivanje slika, prodaja in izrada slika u dimenzijama po narud\u017ebi.","robots":{"index":"index","follow":"follow","max-snippet":"max-snippet:-1","max-image-preview":"max-image-preview:large","max-video-preview":"max-video-preview:-1"},"canonical":"https:\/\/svetslik.si\/hr\/jackson-pollock\/enchanted-forest\/","og_locale":"hr_HR","og_type":"article","og_title":"Jackson Pollock - Enchanted Forest","og_description":"100% ro\u010dno naslikane slike na platnu, reprodukcije znanih slikarjev in umetni\u0161ke slike po naro\u010dilu.","og_url":"https:\/\/svetslik.si\/hr\/jackson-pollock\/enchanted-forest\/","og_site_name":"SVETSLIK.SI","article_publisher":"https:\/\/www.facebook.com\/svetslik.si","article_modified_time":"2024-07-04T14:07:21+00:00","og_image":[{"width":1067,"height":2000,"url":"https:\/\/svetslik.si\/wp-content\/uploads\/2021\/08\/image_Enchanted-Forest_680.jpg","type":"image\/jpeg"}],"twitter_card":"summary_large_image","twitter_site":"@svetslik","twitter_misc":{"Availability":"On backorder"},"schema":{"@context":"https:\/\/schema.org","@graph":[{"@type":["WebPage","ItemPage"],"@id":"https:\/\/svetslik.si\/hr\/jackson-pollock\/enchanted-forest\/","url":"https:\/\/svetslik.si\/hr\/jackson-pollock\/enchanted-forest\/","name":"Jackson Pollock - Enchanted Forest - SVETSLIK.SI - 100% ru\u010dno naslikano","isPartOf":{"@id":"https:\/\/svetslik.si\/hr\/#website"},"primaryImageOfPage":{"@id":"https:\/\/svetslik.si\/hr\/jackson-pollock\/enchanted-forest\/#primaryimage"},"image":{"@id":"https:\/\/svetslik.si\/hr\/jackson-pollock\/enchanted-forest\/#primaryimage"},"thumbnailUrl":"https:\/\/svetslik.si\/wp-content\/uploads\/2021\/08\/image_Enchanted-Forest_680.jpg","datePublished":"2021-09-02T16:42:05+00:00","dateModified":"2024-07-04T14:07:21+00:00","description":"Jackson Pollock - Enchanted Forest - 100 % ru\u010dno naslikana reprodukcija umjetni\u010dke slike na platnu. Okvirivanje slika, prodaja in izrada slika u dimenzijama po narud\u017ebi.","breadcrumb":{"@id":"https:\/\/svetslik.si\/hr\/jackson-pollock\/enchanted-forest\/#breadcrumb"},"inLanguage":"hr","potentialAction":[{"@type":"ReadAction","target":["https:\/\/svetslik.si\/hr\/jackson-pollock\/enchanted-forest\/"]}]},{"@type":"ImageObject","inLanguage":"hr","@id":"https:\/\/svetslik.si\/hr\/jackson-pollock\/enchanted-forest\/#primaryimage","url":"https:\/\/svetslik.si\/wp-content\/uploads\/2021\/08\/image_Enchanted-Forest_680.jpg","contentUrl":"https:\/\/svetslik.si\/wp-content\/uploads\/2021\/08\/image_Enchanted-Forest_680.jpg","width":1067,"height":2000,"caption":"Reprodukcije Gustav Klimt - Emilie Fl\u00f6ge - Ru\u010dno naslikane slike za zid, ulje na platnu, uljne slike, moderne slike za zid, umjetni\u010dke slike za zid, ambijentalne, apstraktne, dekorativne slike za zid"},{"@type":"BreadcrumbList","@id":"https:\/\/svetslik.si\/hr\/jackson-pollock\/enchanted-forest\/#breadcrumb","itemListElement":[{"@type":"ListItem","position":1,"name":"Umjetni\u010dke zidne slike na platnu","item":"https:\/\/svetslik.si\/hr\/"},{"@type":"ListItem","position":2,"name":"Prodaja slika","item":"https:\/\/svetslik.si\/prodaja-slik\/"},{"@type":"ListItem","position":3,"name":"Jackson Pollock &#8211; Enchanted Forest"}]},{"@type":"WebSite","@id":"https:\/\/svetslik.si\/hr\/#website","url":"https:\/\/svetslik.si\/hr\/","name":"SVETSLIK.SI","description":"100% ru\u010dno naslikane reprodukcije slika poznatih slikara in umjetni\u010dke zidne slike na platnu.","publisher":{"@id":"https:\/\/svetslik.si\/hr\/#organization"},"potentialAction":[{"@type":"SearchAction","target":{"@type":"EntryPoint","urlTemplate":"https:\/\/svetslik.si\/hr\/?s={search_term_string}"},"query-input":{"@type":"PropertyValueSpecification","valueRequired":true,"valueName":"search_term_string"}}],"inLanguage":"hr"},{"@type":"Organization","@id":"https:\/\/svetslik.si\/hr\/#organization","name":"SvetSlik.si","url":"https:\/\/svetslik.si\/hr\/","logo":{"@type":"ImageObject","inLanguage":"hr","@id":"https:\/\/svetslik.si\/hr\/#\/schema\/logo\/image\/","url":"https:\/\/svetslik.si\/wp-content\/uploads\/2020\/12\/logo-512.png","contentUrl":"https:\/\/svetslik.si\/wp-content\/uploads\/2020\/12\/logo-512.png","width":512,"height":512,"caption":"SvetSlik.si"},"image":{"@id":"https:\/\/svetslik.si\/hr\/#\/schema\/logo\/image\/"},"sameAs":["https:\/\/www.facebook.com\/svetslik.si","https:\/\/x.com\/svetslik","https:\/\/www.instagram.com\/svetslik.si\/","https:\/\/www.linkedin.com\/company\/svetslik-si"]}]},"og_availability":"backorder","product_availability":"available for order","product_retailer_item_id":"697__","product_condition":"new"},"jetpack_sharing_enabled":true,"_links":{"self":[{"href":"https:\/\/svetslik.si\/hr\/wp-json\/wp\/v2\/product\/27408","targetHints":{"allow":["GET"]}}],"collection":[{"href":"https:\/\/svetslik.si\/hr\/wp-json\/wp\/v2\/product"}],"about":[{"href":"https:\/\/svetslik.si\/hr\/wp-json\/wp\/v2\/types\/product"}],"wp:featuredmedia":[{"embeddable":true,"href":"https:\/\/svetslik.si\/hr\/wp-json\/wp\/v2\/media\/20253"}],"wp:attachment":[{"href":"https:\/\/svetslik.si\/hr\/wp-json\/wp\/v2\/media?parent=27408"}],"wp:term":[{"taxonomy":"product_brand","embeddable":true,"href":"https:\/\/svetslik.si\/hr\/wp-json\/wp\/v2\/product_brand?post=27408"},{"taxonomy":"product_cat","embeddable":true,"href":"https:\/\/svetslik.si\/hr\/wp-json\/wp\/v2\/product_cat?post=27408"},{"taxonomy":"product_tag","embeddable":true,"href":"https:\/\/svetslik.si\/hr\/wp-json\/wp\/v2\/product_tag?post=27408"}],"curies":[{"name":"wp","href":"https:\/\/api.w.org\/{rel}","templated":true}]}}