{"id":27952,"date":"2021-09-02T17:53:59","date_gmt":"2021-09-02T15:53:59","guid":{"rendered":"https:\/\/svetslik.si\/Bez%20kategorije\/picasso-self-portrait\/"},"modified":"2024-07-04T16:09:21","modified_gmt":"2024-07-04T14:09:21","slug":"picasso-self-portrait","status":"publish","type":"product","link":"https:\/\/svetslik.si\/hr\/pablo-picasso\/picasso-self-portrait\/","title":{"rendered":"Pablo Picasso &#8211; Picasso self portrait"},"content":{"rendered":"<h1>Pablo Picasso &#8211; Picassov autoportret<\/h1>\n<table border=\"0\" width=\"673\">\n<colgroup>\n<col style=\"width: 135pt\" \/>\n<col style=\"width: 370pt\" width=\"493\" \/>\n<\/colgroup>\n<tbody>\n<tr style=\"height: 15.75pt\">\n<td class=\"xl24\" height=\"21\" width=\"180\">\nGodina nastanka:<\/td>\n<td class=\"xl25\" style=\"width: 370pt\" width=\"493\">\n1907.<\/td>\n<\/tr>\n<tr style=\"height: 15.75pt\">\n<td class=\"xl24\" height=\"21\" width=\"180\">\nIzvorna veli\u010dina:<\/td>\n<td class=\"xl24\" style=\"width: 370pt\" width=\"493\">\n46 cm x 50 cm<\/td>\n<\/tr>\n<tr style=\"height: 15.75pt\">\n<td class=\"xl24\" height=\"21\" width=\"180\">\nStil slikanja:<\/td>\n<td class=\"xl24\" style=\"width: 370pt\" width=\"493\">\nEkspresionizam<\/td>\n<\/tr>\n<tr style=\"height: 15.75pt\">\n<td class=\"xl24\" height=\"21\" width=\"180\">\nIzvorna tehnika:<\/td>\n<td>\nUlje na platnu<\/td>\n<\/tr>\n<tr style=\"height: 15.75pt\">\n<td class=\"xl24\" height=\"21\" width=\"180\">\nNalazi se:<\/td>\n<td>\nNacionalna galerija u Pragu<\/td>\n<\/tr>\n<\/tbody>\n<\/table>\n<p>\n&nbsp;<\/p>\n","protected":false},"excerpt":{"rendered":"<p>Pablo Picasso &#8211; Picassov autoportret Godina nastanka: 1907. Izvorna veli\u010dina: 46 cm x 50 cm Stil slikanja: Ekspresionizam Izvorna tehnika: Ulje na platnu Nalazi se: Nacionalna galerija u Pragu &nbsp;<\/p>\n","protected":false},"featured_media":20581,"template":"","meta":{"_acf_changed":false},"product_brand":[],"product_cat":[3395],"product_tag":[4105,4069,4070,4071],"class_list":{"0":"post-27952","1":"product","2":"type-product","3":"status-publish","4":"has-post-thumbnail","6":"product_cat-pablo-picasso","7":"product_tag-picasso-hr","8":"product_tag-reprodukcija-hr","9":"product_tag-reprodukcije-hr","10":"product_tag-slikar-hr","11":"pa_dimenzija-100-x-110-cm-hr","12":"pa_dimenzija-40-x-45-cm-hr","13":"pa_dimenzija-46-x-50-cm-hr","14":"pa_dimenzija-50-x-55-cm-hr","15":"pa_dimenzija-60-x-65-cm-hr","16":"pa_dimenzija-70-x-75-cm-hr","17":"pa_dimenzija-80-x-90-cm-hr","18":"pa_dimenzija-90-x-100-cm-hr","19":"pa_oblika-okomito","20":"pa_okvir-bez-okvira","21":"pa_podokvir-bez-podokvira","22":"pa_podokvir-sa-podokvirom","24":"first","25":"onbackorder","26":"purchasable","27":"product-type-variable","28":"has-default-attributes"},"acf":[],"yoast_head":"<!-- This site is optimized with the Yoast SEO Premium plugin v26.0 (Yoast SEO v27.2) - https:\/\/yoast.com\/product\/yoast-seo-premium-wordpress\/ -->\n<title>Pablo Picasso - Picasso self portrait - SVETSLIK.SI - 100% ru\u010dno naslikano<\/title>\n<meta name=\"description\" content=\"Pablo Picasso - Picasso self portrait - 100 % ru\u010dno naslikana reprodukcija umjetni\u010dke slike na platnu. Okvirivanje slika, prodaja in izrada slika u dimenzijama po narud\u017ebi.\" \/>\n<meta name=\"robots\" content=\"index, follow, max-snippet:-1, max-image-preview:large, max-video-preview:-1\" \/>\n<link rel=\"canonical\" href=\"https:\/\/svetslik.si\/hr\/pablo-picasso\/picasso-self-portrait\/\" \/>\n<meta property=\"og:locale\" content=\"hr_HR\" \/>\n<meta property=\"og:type\" content=\"article\" \/>\n<meta property=\"og:title\" content=\"Pablo Picasso - Picasso self portrait\" \/>\n<meta property=\"og:description\" content=\"100% ro\u010dno naslikane slike na platnu, reprodukcije znanih slikarjev in umetni\u0161ke slike po naro\u010dilu.\" \/>\n<meta property=\"og:url\" content=\"https:\/\/svetslik.si\/hr\/pablo-picasso\/picasso-self-portrait\/\" \/>\n<meta property=\"og:site_name\" content=\"SVETSLIK.SI\" \/>\n<meta property=\"article:publisher\" content=\"https:\/\/www.facebook.com\/svetslik.si\" \/>\n<meta property=\"article:modified_time\" content=\"2024-07-04T14:09:21+00:00\" \/>\n<meta property=\"og:image\" content=\"https:\/\/svetslik.si\/wp-content\/uploads\/2021\/08\/image_Picasso-self-portrait_680.jpg\" \/>\n\t<meta property=\"og:image:width\" content=\"1548\" \/>\n\t<meta property=\"og:image:height\" content=\"1880\" \/>\n\t<meta property=\"og:image:type\" content=\"image\/jpeg\" \/>\n<meta name=\"twitter:card\" content=\"summary_large_image\" \/>\n<meta name=\"twitter:site\" content=\"@svetslik\" \/>\n<meta name=\"twitter:label1\" content=\"Availability\" \/>\n\t<meta name=\"twitter:data1\" content=\"On backorder\" \/>\n<script type=\"application\/ld+json\" class=\"yoast-schema-graph\">{\"@context\":\"https:\/\/schema.org\",\"@graph\":[{\"@type\":[\"WebPage\",\"ItemPage\"],\"@id\":\"https:\/\/svetslik.si\/hr\/pablo-picasso\/picasso-self-portrait\/\",\"url\":\"https:\/\/svetslik.si\/hr\/pablo-picasso\/picasso-self-portrait\/\",\"name\":\"Pablo Picasso - Picasso self portrait - SVETSLIK.SI - 100% ru\u010dno naslikano\",\"isPartOf\":{\"@id\":\"https:\/\/svetslik.si\/hr\/#website\"},\"primaryImageOfPage\":{\"@id\":\"https:\/\/svetslik.si\/hr\/pablo-picasso\/picasso-self-portrait\/#primaryimage\"},\"image\":{\"@id\":\"https:\/\/svetslik.si\/hr\/pablo-picasso\/picasso-self-portrait\/#primaryimage\"},\"thumbnailUrl\":\"https:\/\/svetslik.si\/wp-content\/uploads\/2021\/08\/image_Picasso-self-portrait_680.jpg\",\"datePublished\":\"2021-09-02T15:53:59+00:00\",\"dateModified\":\"2024-07-04T14:09:21+00:00\",\"description\":\"Pablo Picasso - Picasso self portrait - 100 % ru\u010dno naslikana reprodukcija umjetni\u010dke slike na platnu. Okvirivanje slika, prodaja in izrada slika u dimenzijama po narud\u017ebi.\",\"breadcrumb\":{\"@id\":\"https:\/\/svetslik.si\/hr\/pablo-picasso\/picasso-self-portrait\/#breadcrumb\"},\"inLanguage\":\"hr\",\"potentialAction\":[{\"@type\":\"ReadAction\",\"target\":[\"https:\/\/svetslik.si\/hr\/pablo-picasso\/picasso-self-portrait\/\"]}]},{\"@type\":\"ImageObject\",\"inLanguage\":\"hr\",\"@id\":\"https:\/\/svetslik.si\/hr\/pablo-picasso\/picasso-self-portrait\/#primaryimage\",\"url\":\"https:\/\/svetslik.si\/wp-content\/uploads\/2021\/08\/image_Picasso-self-portrait_680.jpg\",\"contentUrl\":\"https:\/\/svetslik.si\/wp-content\/uploads\/2021\/08\/image_Picasso-self-portrait_680.jpg\",\"width\":1548,\"height\":1880,\"caption\":\"Pablo Picasso - Picasso autoportret - Ru\u010dno naslikane reprodukcije poznatih slikara, moderne zidne slike, umjetni\u010dke slike za zid\"},{\"@type\":\"BreadcrumbList\",\"@id\":\"https:\/\/svetslik.si\/hr\/pablo-picasso\/picasso-self-portrait\/#breadcrumb\",\"itemListElement\":[{\"@type\":\"ListItem\",\"position\":1,\"name\":\"Umjetni\u010dke zidne slike na platnu\",\"item\":\"https:\/\/svetslik.si\/hr\/\"},{\"@type\":\"ListItem\",\"position\":2,\"name\":\"Prodaja slika\",\"item\":\"https:\/\/svetslik.si\/prodaja-slik\/\"},{\"@type\":\"ListItem\",\"position\":3,\"name\":\"Pablo Picasso &#8211; Picasso self portrait\"}]},{\"@type\":\"WebSite\",\"@id\":\"https:\/\/svetslik.si\/hr\/#website\",\"url\":\"https:\/\/svetslik.si\/hr\/\",\"name\":\"SVETSLIK.SI\",\"description\":\"100% ru\u010dno naslikane reprodukcije slika poznatih slikara in umjetni\u010dke zidne slike na platnu.\",\"publisher\":{\"@id\":\"https:\/\/svetslik.si\/hr\/#organization\"},\"potentialAction\":[{\"@type\":\"SearchAction\",\"target\":{\"@type\":\"EntryPoint\",\"urlTemplate\":\"https:\/\/svetslik.si\/hr\/?s={search_term_string}\"},\"query-input\":{\"@type\":\"PropertyValueSpecification\",\"valueRequired\":true,\"valueName\":\"search_term_string\"}}],\"inLanguage\":\"hr\"},{\"@type\":\"Organization\",\"@id\":\"https:\/\/svetslik.si\/hr\/#organization\",\"name\":\"SvetSlik.si\",\"url\":\"https:\/\/svetslik.si\/hr\/\",\"logo\":{\"@type\":\"ImageObject\",\"inLanguage\":\"hr\",\"@id\":\"https:\/\/svetslik.si\/hr\/#\/schema\/logo\/image\/\",\"url\":\"https:\/\/svetslik.si\/wp-content\/uploads\/2020\/12\/logo-512.png\",\"contentUrl\":\"https:\/\/svetslik.si\/wp-content\/uploads\/2020\/12\/logo-512.png\",\"width\":512,\"height\":512,\"caption\":\"SvetSlik.si\"},\"image\":{\"@id\":\"https:\/\/svetslik.si\/hr\/#\/schema\/logo\/image\/\"},\"sameAs\":[\"https:\/\/www.facebook.com\/svetslik.si\",\"https:\/\/x.com\/svetslik\",\"https:\/\/www.instagram.com\/svetslik.si\/\",\"https:\/\/www.linkedin.com\/company\/svetslik-si\"]}]}<\/script>\n<meta property=\"og:availability\" content=\"backorder\" \/>\n<meta property=\"product:availability\" content=\"available for order\" \/>\n<meta property=\"product:retailer_item_id\" content=\"273__\" \/>\n<meta property=\"product:condition\" content=\"new\" \/>\n<!-- \/ Yoast SEO Premium plugin. -->","yoast_head_json":{"title":"Pablo Picasso - Picasso self portrait - SVETSLIK.SI - 100% ru\u010dno naslikano","description":"Pablo Picasso - Picasso self portrait - 100 % ru\u010dno naslikana reprodukcija umjetni\u010dke slike na platnu. Okvirivanje slika, prodaja in izrada slika u dimenzijama po narud\u017ebi.","robots":{"index":"index","follow":"follow","max-snippet":"max-snippet:-1","max-image-preview":"max-image-preview:large","max-video-preview":"max-video-preview:-1"},"canonical":"https:\/\/svetslik.si\/hr\/pablo-picasso\/picasso-self-portrait\/","og_locale":"hr_HR","og_type":"article","og_title":"Pablo Picasso - Picasso self portrait","og_description":"100% ro\u010dno naslikane slike na platnu, reprodukcije znanih slikarjev in umetni\u0161ke slike po naro\u010dilu.","og_url":"https:\/\/svetslik.si\/hr\/pablo-picasso\/picasso-self-portrait\/","og_site_name":"SVETSLIK.SI","article_publisher":"https:\/\/www.facebook.com\/svetslik.si","article_modified_time":"2024-07-04T14:09:21+00:00","og_image":[{"width":1548,"height":1880,"url":"https:\/\/svetslik.si\/wp-content\/uploads\/2021\/08\/image_Picasso-self-portrait_680.jpg","type":"image\/jpeg"}],"twitter_card":"summary_large_image","twitter_site":"@svetslik","twitter_misc":{"Availability":"On backorder"},"schema":{"@context":"https:\/\/schema.org","@graph":[{"@type":["WebPage","ItemPage"],"@id":"https:\/\/svetslik.si\/hr\/pablo-picasso\/picasso-self-portrait\/","url":"https:\/\/svetslik.si\/hr\/pablo-picasso\/picasso-self-portrait\/","name":"Pablo Picasso - Picasso self portrait - SVETSLIK.SI - 100% ru\u010dno naslikano","isPartOf":{"@id":"https:\/\/svetslik.si\/hr\/#website"},"primaryImageOfPage":{"@id":"https:\/\/svetslik.si\/hr\/pablo-picasso\/picasso-self-portrait\/#primaryimage"},"image":{"@id":"https:\/\/svetslik.si\/hr\/pablo-picasso\/picasso-self-portrait\/#primaryimage"},"thumbnailUrl":"https:\/\/svetslik.si\/wp-content\/uploads\/2021\/08\/image_Picasso-self-portrait_680.jpg","datePublished":"2021-09-02T15:53:59+00:00","dateModified":"2024-07-04T14:09:21+00:00","description":"Pablo Picasso - Picasso self portrait - 100 % ru\u010dno naslikana reprodukcija umjetni\u010dke slike na platnu. Okvirivanje slika, prodaja in izrada slika u dimenzijama po narud\u017ebi.","breadcrumb":{"@id":"https:\/\/svetslik.si\/hr\/pablo-picasso\/picasso-self-portrait\/#breadcrumb"},"inLanguage":"hr","potentialAction":[{"@type":"ReadAction","target":["https:\/\/svetslik.si\/hr\/pablo-picasso\/picasso-self-portrait\/"]}]},{"@type":"ImageObject","inLanguage":"hr","@id":"https:\/\/svetslik.si\/hr\/pablo-picasso\/picasso-self-portrait\/#primaryimage","url":"https:\/\/svetslik.si\/wp-content\/uploads\/2021\/08\/image_Picasso-self-portrait_680.jpg","contentUrl":"https:\/\/svetslik.si\/wp-content\/uploads\/2021\/08\/image_Picasso-self-portrait_680.jpg","width":1548,"height":1880,"caption":"Pablo Picasso - Picasso autoportret - Ru\u010dno naslikane reprodukcije poznatih slikara, moderne zidne slike, umjetni\u010dke slike za zid"},{"@type":"BreadcrumbList","@id":"https:\/\/svetslik.si\/hr\/pablo-picasso\/picasso-self-portrait\/#breadcrumb","itemListElement":[{"@type":"ListItem","position":1,"name":"Umjetni\u010dke zidne slike na platnu","item":"https:\/\/svetslik.si\/hr\/"},{"@type":"ListItem","position":2,"name":"Prodaja slika","item":"https:\/\/svetslik.si\/prodaja-slik\/"},{"@type":"ListItem","position":3,"name":"Pablo Picasso &#8211; Picasso self portrait"}]},{"@type":"WebSite","@id":"https:\/\/svetslik.si\/hr\/#website","url":"https:\/\/svetslik.si\/hr\/","name":"SVETSLIK.SI","description":"100% ru\u010dno naslikane reprodukcije slika poznatih slikara in umjetni\u010dke zidne slike na platnu.","publisher":{"@id":"https:\/\/svetslik.si\/hr\/#organization"},"potentialAction":[{"@type":"SearchAction","target":{"@type":"EntryPoint","urlTemplate":"https:\/\/svetslik.si\/hr\/?s={search_term_string}"},"query-input":{"@type":"PropertyValueSpecification","valueRequired":true,"valueName":"search_term_string"}}],"inLanguage":"hr"},{"@type":"Organization","@id":"https:\/\/svetslik.si\/hr\/#organization","name":"SvetSlik.si","url":"https:\/\/svetslik.si\/hr\/","logo":{"@type":"ImageObject","inLanguage":"hr","@id":"https:\/\/svetslik.si\/hr\/#\/schema\/logo\/image\/","url":"https:\/\/svetslik.si\/wp-content\/uploads\/2020\/12\/logo-512.png","contentUrl":"https:\/\/svetslik.si\/wp-content\/uploads\/2020\/12\/logo-512.png","width":512,"height":512,"caption":"SvetSlik.si"},"image":{"@id":"https:\/\/svetslik.si\/hr\/#\/schema\/logo\/image\/"},"sameAs":["https:\/\/www.facebook.com\/svetslik.si","https:\/\/x.com\/svetslik","https:\/\/www.instagram.com\/svetslik.si\/","https:\/\/www.linkedin.com\/company\/svetslik-si"]}]},"og_availability":"backorder","product_availability":"available for order","product_retailer_item_id":"273__","product_condition":"new"},"jetpack_sharing_enabled":true,"_links":{"self":[{"href":"https:\/\/svetslik.si\/hr\/wp-json\/wp\/v2\/product\/27952","targetHints":{"allow":["GET"]}}],"collection":[{"href":"https:\/\/svetslik.si\/hr\/wp-json\/wp\/v2\/product"}],"about":[{"href":"https:\/\/svetslik.si\/hr\/wp-json\/wp\/v2\/types\/product"}],"wp:featuredmedia":[{"embeddable":true,"href":"https:\/\/svetslik.si\/hr\/wp-json\/wp\/v2\/media\/20581"}],"wp:attachment":[{"href":"https:\/\/svetslik.si\/hr\/wp-json\/wp\/v2\/media?parent=27952"}],"wp:term":[{"taxonomy":"product_brand","embeddable":true,"href":"https:\/\/svetslik.si\/hr\/wp-json\/wp\/v2\/product_brand?post=27952"},{"taxonomy":"product_cat","embeddable":true,"href":"https:\/\/svetslik.si\/hr\/wp-json\/wp\/v2\/product_cat?post=27952"},{"taxonomy":"product_tag","embeddable":true,"href":"https:\/\/svetslik.si\/hr\/wp-json\/wp\/v2\/product_tag?post=27952"}],"curies":[{"name":"wp","href":"https:\/\/api.w.org\/{rel}","templated":true}]}}