{"id":27988,"date":"2021-09-02T17:53:37","date_gmt":"2021-09-02T15:53:37","guid":{"rendered":"https:\/\/svetslik.si\/Bez%20kategorije\/les-demoiselles-davignon\/"},"modified":"2025-11-02T21:48:41","modified_gmt":"2025-11-02T20:48:41","slug":"les-demoiselles-davignon","status":"publish","type":"product","link":"https:\/\/svetslik.si\/hr\/pablo-picasso\/les-demoiselles-davignon\/","title":{"rendered":"Pablo Picasso &#8211; Les Demoiselles d&#8217;Avignon"},"content":{"rendered":"<div class=\"wpb-content-wrapper\">[vc_row][vc_column][vc_column_text css=&#8221;&#8221;]\n<p data-pm-slice=\"1 1 []\"><div class=\"yt-lazy-video ratio-square\" data-id=\"U7Sz3f_Px8Y\"><\/div>\n[\/vc_column][\/vc_row][vc_row][vc_column][vc_column_text]\n<p>&nbsp;<\/p>\n<h1>Pablo Picasso &#8211; Les Demoiselles d&#8217;Avignon<\/h1>\n<p>&nbsp;<\/p>\n<table border=\"0\" width=\"673\" cellspacing=\"0\" cellpadding=\"0\">\n<colgroup>\n<col style=\"width: 135pt;\" \/>\n<col style=\"width: 370pt;\" width=\"493\" \/> <\/colgroup>\n<tbody>\n<tr style=\"height: 15.75pt;\">\n<td class=\"xl24\" width=\"180\" height=\"21\">Godina nastanka:<\/td>\n<td class=\"xl25\" style=\"width: 370pt;\" width=\"493\">1907.<\/td>\n<\/tr>\n<tr style=\"height: 15.75pt;\">\n<td class=\"xl24\" width=\"180\" height=\"21\">Izvorna veli\u010dina:<\/td>\n<td class=\"xl24\" style=\"width: 370pt;\" width=\"493\">233,7 cm x 243,8 cm<\/td>\n<\/tr>\n<tr style=\"height: 15.75pt;\">\n<td class=\"xl24\" width=\"180\" height=\"21\">Stil slikanja:<\/td>\n<td class=\"xl24\" style=\"width: 370pt;\" width=\"493\">Ekspresionizam<\/td>\n<\/tr>\n<tr style=\"height: 15.75pt;\">\n<td class=\"xl24\" width=\"180\" height=\"21\">Izvorna tehnika:<\/td>\n<td>Ulje na platnu<\/td>\n<\/tr>\n<tr style=\"height: 15.75pt;\">\n<td class=\"xl24\" width=\"180\" height=\"21\">Nalazi se:<\/td>\n<td>Muzej moderne umjetnosti New York<\/td>\n<\/tr>\n<\/tbody>\n<\/table>\n[\/vc_column_text][\/vc_column][\/vc_row][vc_row css=&#8221;.vc_custom_1705592361187{margin-bottom: 10px !important;}&#8221;][vc_column]\t<div class=\"et-image-20 et-image     et_image_link\">\n\t\t<div class=\"et-image-inner \">\n\t\t\t\t\t\t\t<div class=\"et-image-thumb \">\n\t\t\t\t\t<img decoding=\"async\" width=\"1000\" height=\"1068\" src=\"https:\/\/svetslik.si\/wp-content\/uploads\/2021\/09\/Pablo-Picasso-\u2013-Les-Demoiselles-dAvignon-5.jpg\" class=\"attachment-full\" alt=\"Pablo Picasso \u2013 Les Demoiselles d\u2019Avignon\" title=\"Pablo-Picasso-\u2013-Les-Demoiselles-d\u2019Avignon-5\" srcset=\"https:\/\/svetslik.si\/wp-content\/uploads\/2021\/09\/Pablo-Picasso-\u2013-Les-Demoiselles-dAvignon-5.jpg 1000w, https:\/\/svetslik.si\/wp-content\/uploads\/2021\/09\/Pablo-Picasso-\u2013-Les-Demoiselles-dAvignon-5-600x641.jpg 600w, https:\/\/svetslik.si\/wp-content\/uploads\/2021\/09\/Pablo-Picasso-\u2013-Les-Demoiselles-dAvignon-5-281x300.jpg 281w, https:\/\/svetslik.si\/wp-content\/uploads\/2021\/09\/Pablo-Picasso-\u2013-Les-Demoiselles-dAvignon-5-959x1024.jpg 959w, https:\/\/svetslik.si\/wp-content\/uploads\/2021\/09\/Pablo-Picasso-\u2013-Les-Demoiselles-dAvignon-5-768x820.jpg 768w, https:\/\/svetslik.si\/wp-content\/uploads\/2021\/09\/Pablo-Picasso-\u2013-Les-Demoiselles-dAvignon-5-140x150.jpg 140w, https:\/\/svetslik.si\/wp-content\/uploads\/2021\/09\/Pablo-Picasso-\u2013-Les-Demoiselles-dAvignon-5-900x961.jpg 900w\" sizes=\"(max-width: 1000px) 100vw, 1000px\" \/>\t\t\t\t<\/div>\n\t\t\t\t\t\t\t\t\t\t\t<\/div>\n\t<\/div>\n  [\/vc_column][\/vc_row][vc_row css=&#8221;.vc_custom_1705592361187{margin-bottom: 10px !important;}&#8221;][vc_column]\t<div class=\"et-image-746 et-image     et_image_link\">\n\t\t<div class=\"et-image-inner \">\n\t\t\t\t\t\t\t<div class=\"et-image-thumb \">\n\t\t\t\t\t<img decoding=\"async\" width=\"1000\" height=\"1318\" src=\"https:\/\/svetslik.si\/wp-content\/uploads\/2021\/09\/Pablo-Picasso-\u2013-Les-Demoiselles-dAvignon-4.jpg\" class=\"attachment-full\" alt=\"Pablo Picasso \u2013 Les Demoiselles d\u2019Avignon\" title=\"Pablo-Picasso-\u2013-Les-Demoiselles-d\u2019Avignon-4\" srcset=\"https:\/\/svetslik.si\/wp-content\/uploads\/2021\/09\/Pablo-Picasso-\u2013-Les-Demoiselles-dAvignon-4.jpg 1000w, https:\/\/svetslik.si\/wp-content\/uploads\/2021\/09\/Pablo-Picasso-\u2013-Les-Demoiselles-dAvignon-4-600x791.jpg 600w, https:\/\/svetslik.si\/wp-content\/uploads\/2021\/09\/Pablo-Picasso-\u2013-Les-Demoiselles-dAvignon-4-228x300.jpg 228w, https:\/\/svetslik.si\/wp-content\/uploads\/2021\/09\/Pablo-Picasso-\u2013-Les-Demoiselles-dAvignon-4-777x1024.jpg 777w, https:\/\/svetslik.si\/wp-content\/uploads\/2021\/09\/Pablo-Picasso-\u2013-Les-Demoiselles-dAvignon-4-768x1012.jpg 768w, https:\/\/svetslik.si\/wp-content\/uploads\/2021\/09\/Pablo-Picasso-\u2013-Les-Demoiselles-dAvignon-4-114x150.jpg 114w, https:\/\/svetslik.si\/wp-content\/uploads\/2021\/09\/Pablo-Picasso-\u2013-Les-Demoiselles-dAvignon-4-900x1186.jpg 900w\" sizes=\"(max-width: 1000px) 100vw, 1000px\" \/>\t\t\t\t<\/div>\n\t\t\t\t\t\t\t\t\t\t\t<\/div>\n\t<\/div>\n  [\/vc_column][\/vc_row][vc_row css=&#8221;.vc_custom_1705592361187{margin-bottom: 10px !important;}&#8221;][vc_column]\t<div class=\"et-image-573 et-image     et_image_link\">\n\t\t<div class=\"et-image-inner \">\n\t\t\t\t\t\t\t<div class=\"et-image-thumb \">\n\t\t\t\t\t<img decoding=\"async\" width=\"1000\" height=\"1231\" src=\"https:\/\/svetslik.si\/wp-content\/uploads\/2021\/09\/Pablo-Picasso-\u2013-Les-Demoiselles-dAvignon3.jpg\" class=\"attachment-full\" alt=\"Pablo Picasso \u2013 Les Demoiselles d\u2019Avignon reprodukcija slike na platnu\" title=\"Pablo-Picasso-\u2013-Les-Demoiselles-d\u2019Avignon3\" srcset=\"https:\/\/svetslik.si\/wp-content\/uploads\/2021\/09\/Pablo-Picasso-\u2013-Les-Demoiselles-dAvignon3.jpg 1000w, https:\/\/svetslik.si\/wp-content\/uploads\/2021\/09\/Pablo-Picasso-\u2013-Les-Demoiselles-dAvignon3-600x739.jpg 600w, https:\/\/svetslik.si\/wp-content\/uploads\/2021\/09\/Pablo-Picasso-\u2013-Les-Demoiselles-dAvignon3-244x300.jpg 244w, https:\/\/svetslik.si\/wp-content\/uploads\/2021\/09\/Pablo-Picasso-\u2013-Les-Demoiselles-dAvignon3-832x1024.jpg 832w, https:\/\/svetslik.si\/wp-content\/uploads\/2021\/09\/Pablo-Picasso-\u2013-Les-Demoiselles-dAvignon3-768x945.jpg 768w, https:\/\/svetslik.si\/wp-content\/uploads\/2021\/09\/Pablo-Picasso-\u2013-Les-Demoiselles-dAvignon3-122x150.jpg 122w, https:\/\/svetslik.si\/wp-content\/uploads\/2021\/09\/Pablo-Picasso-\u2013-Les-Demoiselles-dAvignon3-900x1108.jpg 900w\" sizes=\"(max-width: 1000px) 100vw, 1000px\" \/>\t\t\t\t<\/div>\n\t\t\t\t\t\t\t\t\t\t\t<\/div>\n\t<\/div>\n  [\/vc_column][\/vc_row][vc_row css=&#8221;.vc_custom_1705592361187{margin-bottom: 10px !important;}&#8221;][vc_column]\t<div class=\"et-image-728 et-image     et_image_link\">\n\t\t<div class=\"et-image-inner \">\n\t\t\t\t\t\t\t<div class=\"et-image-thumb \">\n\t\t\t\t\t<img decoding=\"async\" width=\"1000\" height=\"686\" src=\"https:\/\/svetslik.si\/wp-content\/uploads\/2021\/09\/Pablo-Picasso-\u2013-Les-Demoiselles-dAvignon2.jpg\" class=\"attachment-full\" alt=\"Pablo Picasso \u2013 Les Demoiselles d\u2019Avignon reprodukcija slike na platnu\" title=\"Pablo-Picasso-\u2013-Les-Demoiselles-d\u2019Avignon2\" srcset=\"https:\/\/svetslik.si\/wp-content\/uploads\/2021\/09\/Pablo-Picasso-\u2013-Les-Demoiselles-dAvignon2.jpg 1000w, https:\/\/svetslik.si\/wp-content\/uploads\/2021\/09\/Pablo-Picasso-\u2013-Les-Demoiselles-dAvignon2-600x412.jpg 600w, https:\/\/svetslik.si\/wp-content\/uploads\/2021\/09\/Pablo-Picasso-\u2013-Les-Demoiselles-dAvignon2-300x206.jpg 300w, https:\/\/svetslik.si\/wp-content\/uploads\/2021\/09\/Pablo-Picasso-\u2013-Les-Demoiselles-dAvignon2-768x527.jpg 768w, https:\/\/svetslik.si\/wp-content\/uploads\/2021\/09\/Pablo-Picasso-\u2013-Les-Demoiselles-dAvignon2-150x103.jpg 150w, https:\/\/svetslik.si\/wp-content\/uploads\/2021\/09\/Pablo-Picasso-\u2013-Les-Demoiselles-dAvignon2-900x617.jpg 900w\" sizes=\"(max-width: 1000px) 100vw, 1000px\" \/>\t\t\t\t<\/div>\n\t\t\t\t\t\t\t\t\t\t\t<\/div>\n\t<\/div>\n  [\/vc_column][\/vc_row]\n<\/div>","protected":false},"excerpt":{"rendered":"<p>[vc_row][vc_column][vc_column_text css=&#8221;&#8221;] [\/vc_column][\/vc_row][vc_row][vc_column][vc_column_text] &nbsp; Pablo Picasso &#8211; Les Demoiselles d&#8217;Avignon &nbsp; Godina nastanka: 1907. Izvorna veli\u010dina: 233,7 cm x 243,8 cm Stil slikanja: Ekspresionizam Izvorna tehnika: Ulje na platnu Nalazi se: Muzej moderne umjetnosti New York [\/vc_column_text][\/vc_column][\/vc_row][vc_row css=&#8221;.vc_custom_1705592361187{margin-bottom: 10px !important;}&#8221;][vc_column][\/vc_column][\/vc_row][vc_row css=&#8221;.vc_custom_1705592361187{margin-bottom: 10px !important;}&#8221;][vc_column][\/vc_column][\/vc_row][vc_row css=&#8221;.vc_custom_1705592361187{margin-bottom: 10px !important;}&#8221;][vc_column][\/vc_column][\/vc_row][vc_row css=&#8221;.vc_custom_1705592361187{margin-bottom: 10px !important;}&#8221;][vc_column][\/vc_column][\/vc_row]<\/p>\n","protected":false},"featured_media":20398,"template":"","meta":{"_acf_changed":false},"product_brand":[],"product_cat":[3395],"product_tag":[4105,4069,4070,4071],"class_list":{"0":"post-27988","1":"product","2":"type-product","3":"status-publish","4":"has-post-thumbnail","6":"product_cat-pablo-picasso","7":"product_tag-picasso-hr","8":"product_tag-reprodukcija-hr","9":"product_tag-reprodukcije-hr","10":"product_tag-slikar-hr","11":"pa_dimenzija-110-x-120-cm-hr","12":"pa_dimenzija-130-x-140-cm-hr","13":"pa_dimenzija-150-x-160-cm-hr","14":"pa_dimenzija-180-x-190-cm-hr","15":"pa_dimenzija-200-x-210-cm-hr","16":"pa_dimenzija-234-x-244-cm-hr","17":"pa_dimenzija-70-x-70-cm-hr","18":"pa_dimenzija-90-x-90-cm-hr","19":"pa_oblika-okomito","20":"pa_okvir-bez-okvira","21":"pa_podokvir-bez-podokvira","22":"pa_podokvir-sa-podokvirom","24":"first","25":"onbackorder","26":"purchasable","27":"product-type-variable","28":"has-default-attributes"},"acf":[],"yoast_head":"<!-- This site is optimized with the Yoast SEO Premium plugin v26.0 (Yoast SEO v27.2) - https:\/\/yoast.com\/product\/yoast-seo-premium-wordpress\/ -->\n<title>Pablo Picasso - Les Demoiselles d&#039;Avignon - SVETSLIK.SI - 100% ru\u010dno naslikano<\/title>\n<meta name=\"description\" content=\"Pablo Picasso - Les Demoiselles d&#039;Avignon - 100 % ru\u010dno naslikana reprodukcija umjetni\u010dke slike na platnu. Okvirivanje slika, prodaja in izrada slika u dimenzijama po narud\u017ebi.\" \/>\n<meta name=\"robots\" content=\"index, follow, max-snippet:-1, max-image-preview:large, max-video-preview:-1\" \/>\n<link rel=\"canonical\" href=\"https:\/\/svetslik.si\/hr\/pablo-picasso\/les-demoiselles-davignon\/\" \/>\n<meta property=\"og:locale\" content=\"hr_HR\" \/>\n<meta property=\"og:type\" content=\"article\" \/>\n<meta property=\"og:title\" content=\"Pablo Picasso - Les Demoiselles d&#039;Avignon\" \/>\n<meta property=\"og:description\" content=\"100% ro\u010dno naslikane slike na platnu, reprodukcije znanih slikarjev in umetni\u0161ke slike po naro\u010dilu.\" \/>\n<meta property=\"og:url\" content=\"https:\/\/svetslik.si\/hr\/pablo-picasso\/les-demoiselles-davignon\/\" \/>\n<meta property=\"og:site_name\" content=\"SVETSLIK.SI\" \/>\n<meta property=\"article:publisher\" content=\"https:\/\/www.facebook.com\/svetslik.si\" \/>\n<meta property=\"article:modified_time\" content=\"2025-11-02T20:48:41+00:00\" \/>\n<meta property=\"og:image\" content=\"https:\/\/svetslik.si\/wp-content\/uploads\/2021\/08\/image_Les-Demoiselles-dAvignon_680.jpg\" \/>\n\t<meta property=\"og:image:width\" content=\"1112\" \/>\n\t<meta property=\"og:image:height\" content=\"1200\" \/>\n\t<meta property=\"og:image:type\" content=\"image\/jpeg\" \/>\n<meta name=\"twitter:card\" content=\"summary_large_image\" \/>\n<meta name=\"twitter:site\" content=\"@svetslik\" \/>\n<meta name=\"twitter:label1\" content=\"Availability\" \/>\n\t<meta name=\"twitter:data1\" content=\"On backorder\" \/>\n<script type=\"application\/ld+json\" class=\"yoast-schema-graph\">{\"@context\":\"https:\/\/schema.org\",\"@graph\":[{\"@type\":[\"WebPage\",\"ItemPage\"],\"@id\":\"https:\/\/svetslik.si\/hr\/pablo-picasso\/les-demoiselles-davignon\/\",\"url\":\"https:\/\/svetslik.si\/hr\/pablo-picasso\/les-demoiselles-davignon\/\",\"name\":\"Pablo Picasso - Les Demoiselles d'Avignon - SVETSLIK.SI - 100% ru\u010dno naslikano\",\"isPartOf\":{\"@id\":\"https:\/\/svetslik.si\/hr\/#website\"},\"primaryImageOfPage\":{\"@id\":\"https:\/\/svetslik.si\/hr\/pablo-picasso\/les-demoiselles-davignon\/#primaryimage\"},\"image\":{\"@id\":\"https:\/\/svetslik.si\/hr\/pablo-picasso\/les-demoiselles-davignon\/#primaryimage\"},\"thumbnailUrl\":\"https:\/\/svetslik.si\/wp-content\/uploads\/2021\/08\/image_Les-Demoiselles-dAvignon_680.jpg\",\"datePublished\":\"2021-09-02T15:53:37+00:00\",\"dateModified\":\"2025-11-02T20:48:41+00:00\",\"description\":\"Pablo Picasso - Les Demoiselles d'Avignon - 100 % ru\u010dno naslikana reprodukcija umjetni\u010dke slike na platnu. Okvirivanje slika, prodaja in izrada slika u dimenzijama po narud\u017ebi.\",\"breadcrumb\":{\"@id\":\"https:\/\/svetslik.si\/hr\/pablo-picasso\/les-demoiselles-davignon\/#breadcrumb\"},\"inLanguage\":\"hr\",\"potentialAction\":[{\"@type\":\"ReadAction\",\"target\":[\"https:\/\/svetslik.si\/hr\/pablo-picasso\/les-demoiselles-davignon\/\"]}]},{\"@type\":\"ImageObject\",\"inLanguage\":\"hr\",\"@id\":\"https:\/\/svetslik.si\/hr\/pablo-picasso\/les-demoiselles-davignon\/#primaryimage\",\"url\":\"https:\/\/svetslik.si\/wp-content\/uploads\/2021\/08\/image_Les-Demoiselles-dAvignon_680.jpg\",\"contentUrl\":\"https:\/\/svetslik.si\/wp-content\/uploads\/2021\/08\/image_Les-Demoiselles-dAvignon_680.jpg\",\"width\":1112,\"height\":1200,\"caption\":\"Zidne slike na platnu - Pablo Picasso - Les Demoiselles d'Avignon - Ru\u010dno naslikane slike, reprodukcije slika poznatih slikara, ulje na platnu, uljne slike, moderne zidne slike, umjetni\u010dke slike za zid, ambijentalne, apstraktne, dekorativne zidne slike\"},{\"@type\":\"BreadcrumbList\",\"@id\":\"https:\/\/svetslik.si\/hr\/pablo-picasso\/les-demoiselles-davignon\/#breadcrumb\",\"itemListElement\":[{\"@type\":\"ListItem\",\"position\":1,\"name\":\"Umjetni\u010dke zidne slike na platnu\",\"item\":\"https:\/\/svetslik.si\/hr\/\"},{\"@type\":\"ListItem\",\"position\":2,\"name\":\"Prodaja slika\",\"item\":\"https:\/\/svetslik.si\/prodaja-slik\/\"},{\"@type\":\"ListItem\",\"position\":3,\"name\":\"Pablo Picasso &#8211; Les Demoiselles d&#8217;Avignon\"}]},{\"@type\":\"WebSite\",\"@id\":\"https:\/\/svetslik.si\/hr\/#website\",\"url\":\"https:\/\/svetslik.si\/hr\/\",\"name\":\"SVETSLIK.SI\",\"description\":\"100% ru\u010dno naslikane reprodukcije slika poznatih slikara in umjetni\u010dke zidne slike na platnu.\",\"publisher\":{\"@id\":\"https:\/\/svetslik.si\/hr\/#organization\"},\"potentialAction\":[{\"@type\":\"SearchAction\",\"target\":{\"@type\":\"EntryPoint\",\"urlTemplate\":\"https:\/\/svetslik.si\/hr\/?s={search_term_string}\"},\"query-input\":{\"@type\":\"PropertyValueSpecification\",\"valueRequired\":true,\"valueName\":\"search_term_string\"}}],\"inLanguage\":\"hr\"},{\"@type\":\"Organization\",\"@id\":\"https:\/\/svetslik.si\/hr\/#organization\",\"name\":\"SvetSlik.si\",\"url\":\"https:\/\/svetslik.si\/hr\/\",\"logo\":{\"@type\":\"ImageObject\",\"inLanguage\":\"hr\",\"@id\":\"https:\/\/svetslik.si\/hr\/#\/schema\/logo\/image\/\",\"url\":\"https:\/\/svetslik.si\/wp-content\/uploads\/2020\/12\/logo-512.png\",\"contentUrl\":\"https:\/\/svetslik.si\/wp-content\/uploads\/2020\/12\/logo-512.png\",\"width\":512,\"height\":512,\"caption\":\"SvetSlik.si\"},\"image\":{\"@id\":\"https:\/\/svetslik.si\/hr\/#\/schema\/logo\/image\/\"},\"sameAs\":[\"https:\/\/www.facebook.com\/svetslik.si\",\"https:\/\/x.com\/svetslik\",\"https:\/\/www.instagram.com\/svetslik.si\/\",\"https:\/\/www.linkedin.com\/company\/svetslik-si\"]}]}<\/script>\n<meta property=\"og:availability\" content=\"backorder\" \/>\n<meta property=\"product:availability\" content=\"available for order\" \/>\n<meta property=\"product:retailer_item_id\" content=\"265__\" \/>\n<meta property=\"product:condition\" content=\"new\" \/>\n<!-- \/ Yoast SEO Premium plugin. -->","yoast_head_json":{"title":"Pablo Picasso - Les Demoiselles d'Avignon - SVETSLIK.SI - 100% ru\u010dno naslikano","description":"Pablo Picasso - Les Demoiselles d'Avignon - 100 % ru\u010dno naslikana reprodukcija umjetni\u010dke slike na platnu. Okvirivanje slika, prodaja in izrada slika u dimenzijama po narud\u017ebi.","robots":{"index":"index","follow":"follow","max-snippet":"max-snippet:-1","max-image-preview":"max-image-preview:large","max-video-preview":"max-video-preview:-1"},"canonical":"https:\/\/svetslik.si\/hr\/pablo-picasso\/les-demoiselles-davignon\/","og_locale":"hr_HR","og_type":"article","og_title":"Pablo Picasso - Les Demoiselles d'Avignon","og_description":"100% ro\u010dno naslikane slike na platnu, reprodukcije znanih slikarjev in umetni\u0161ke slike po naro\u010dilu.","og_url":"https:\/\/svetslik.si\/hr\/pablo-picasso\/les-demoiselles-davignon\/","og_site_name":"SVETSLIK.SI","article_publisher":"https:\/\/www.facebook.com\/svetslik.si","article_modified_time":"2025-11-02T20:48:41+00:00","og_image":[{"width":1112,"height":1200,"url":"https:\/\/svetslik.si\/wp-content\/uploads\/2021\/08\/image_Les-Demoiselles-dAvignon_680.jpg","type":"image\/jpeg"}],"twitter_card":"summary_large_image","twitter_site":"@svetslik","twitter_misc":{"Availability":"On backorder"},"schema":{"@context":"https:\/\/schema.org","@graph":[{"@type":["WebPage","ItemPage"],"@id":"https:\/\/svetslik.si\/hr\/pablo-picasso\/les-demoiselles-davignon\/","url":"https:\/\/svetslik.si\/hr\/pablo-picasso\/les-demoiselles-davignon\/","name":"Pablo Picasso - Les Demoiselles d'Avignon - SVETSLIK.SI - 100% ru\u010dno naslikano","isPartOf":{"@id":"https:\/\/svetslik.si\/hr\/#website"},"primaryImageOfPage":{"@id":"https:\/\/svetslik.si\/hr\/pablo-picasso\/les-demoiselles-davignon\/#primaryimage"},"image":{"@id":"https:\/\/svetslik.si\/hr\/pablo-picasso\/les-demoiselles-davignon\/#primaryimage"},"thumbnailUrl":"https:\/\/svetslik.si\/wp-content\/uploads\/2021\/08\/image_Les-Demoiselles-dAvignon_680.jpg","datePublished":"2021-09-02T15:53:37+00:00","dateModified":"2025-11-02T20:48:41+00:00","description":"Pablo Picasso - Les Demoiselles d'Avignon - 100 % ru\u010dno naslikana reprodukcija umjetni\u010dke slike na platnu. Okvirivanje slika, prodaja in izrada slika u dimenzijama po narud\u017ebi.","breadcrumb":{"@id":"https:\/\/svetslik.si\/hr\/pablo-picasso\/les-demoiselles-davignon\/#breadcrumb"},"inLanguage":"hr","potentialAction":[{"@type":"ReadAction","target":["https:\/\/svetslik.si\/hr\/pablo-picasso\/les-demoiselles-davignon\/"]}]},{"@type":"ImageObject","inLanguage":"hr","@id":"https:\/\/svetslik.si\/hr\/pablo-picasso\/les-demoiselles-davignon\/#primaryimage","url":"https:\/\/svetslik.si\/wp-content\/uploads\/2021\/08\/image_Les-Demoiselles-dAvignon_680.jpg","contentUrl":"https:\/\/svetslik.si\/wp-content\/uploads\/2021\/08\/image_Les-Demoiselles-dAvignon_680.jpg","width":1112,"height":1200,"caption":"Zidne slike na platnu - Pablo Picasso - Les Demoiselles d'Avignon - Ru\u010dno naslikane slike, reprodukcije slika poznatih slikara, ulje na platnu, uljne slike, moderne zidne slike, umjetni\u010dke slike za zid, ambijentalne, apstraktne, dekorativne zidne slike"},{"@type":"BreadcrumbList","@id":"https:\/\/svetslik.si\/hr\/pablo-picasso\/les-demoiselles-davignon\/#breadcrumb","itemListElement":[{"@type":"ListItem","position":1,"name":"Umjetni\u010dke zidne slike na platnu","item":"https:\/\/svetslik.si\/hr\/"},{"@type":"ListItem","position":2,"name":"Prodaja slika","item":"https:\/\/svetslik.si\/prodaja-slik\/"},{"@type":"ListItem","position":3,"name":"Pablo Picasso &#8211; Les Demoiselles d&#8217;Avignon"}]},{"@type":"WebSite","@id":"https:\/\/svetslik.si\/hr\/#website","url":"https:\/\/svetslik.si\/hr\/","name":"SVETSLIK.SI","description":"100% ru\u010dno naslikane reprodukcije slika poznatih slikara in umjetni\u010dke zidne slike na platnu.","publisher":{"@id":"https:\/\/svetslik.si\/hr\/#organization"},"potentialAction":[{"@type":"SearchAction","target":{"@type":"EntryPoint","urlTemplate":"https:\/\/svetslik.si\/hr\/?s={search_term_string}"},"query-input":{"@type":"PropertyValueSpecification","valueRequired":true,"valueName":"search_term_string"}}],"inLanguage":"hr"},{"@type":"Organization","@id":"https:\/\/svetslik.si\/hr\/#organization","name":"SvetSlik.si","url":"https:\/\/svetslik.si\/hr\/","logo":{"@type":"ImageObject","inLanguage":"hr","@id":"https:\/\/svetslik.si\/hr\/#\/schema\/logo\/image\/","url":"https:\/\/svetslik.si\/wp-content\/uploads\/2020\/12\/logo-512.png","contentUrl":"https:\/\/svetslik.si\/wp-content\/uploads\/2020\/12\/logo-512.png","width":512,"height":512,"caption":"SvetSlik.si"},"image":{"@id":"https:\/\/svetslik.si\/hr\/#\/schema\/logo\/image\/"},"sameAs":["https:\/\/www.facebook.com\/svetslik.si","https:\/\/x.com\/svetslik","https:\/\/www.instagram.com\/svetslik.si\/","https:\/\/www.linkedin.com\/company\/svetslik-si"]}]},"og_availability":"backorder","product_availability":"available for order","product_retailer_item_id":"265__","product_condition":"new"},"jetpack_sharing_enabled":true,"_links":{"self":[{"href":"https:\/\/svetslik.si\/hr\/wp-json\/wp\/v2\/product\/27988","targetHints":{"allow":["GET"]}}],"collection":[{"href":"https:\/\/svetslik.si\/hr\/wp-json\/wp\/v2\/product"}],"about":[{"href":"https:\/\/svetslik.si\/hr\/wp-json\/wp\/v2\/types\/product"}],"wp:featuredmedia":[{"embeddable":true,"href":"https:\/\/svetslik.si\/hr\/wp-json\/wp\/v2\/media\/20398"}],"wp:attachment":[{"href":"https:\/\/svetslik.si\/hr\/wp-json\/wp\/v2\/media?parent=27988"}],"wp:term":[{"taxonomy":"product_brand","embeddable":true,"href":"https:\/\/svetslik.si\/hr\/wp-json\/wp\/v2\/product_brand?post=27988"},{"taxonomy":"product_cat","embeddable":true,"href":"https:\/\/svetslik.si\/hr\/wp-json\/wp\/v2\/product_cat?post=27988"},{"taxonomy":"product_tag","embeddable":true,"href":"https:\/\/svetslik.si\/hr\/wp-json\/wp\/v2\/product_tag?post=27988"}],"curies":[{"name":"wp","href":"https:\/\/api.w.org\/{rel}","templated":true}]}}