{"id":28015,"date":"2021-09-20T15:12:00","date_gmt":"2021-09-20T13:12:00","guid":{"rendered":"https:\/\/svetslik.si\/Bez%20kategorije\/christ\/"},"modified":"2024-07-11T14:14:44","modified_gmt":"2024-07-11T12:14:44","slug":"christ","status":"publish","type":"product","link":"https:\/\/svetslik.si\/hr\/salvador-dali\/christ\/","title":{"rendered":"Salvador Dali &#8211; Christ"},"content":{"rendered":"<div class=\"wpb-content-wrapper\"><h1>Salvador Dali &#8211; Krist<\/h1>\n[\/vc_column_text][\/vc_column][\/vc_row][vc_row css=&#8221;.vc_custom_1640127370226{margin-bottom: 20px !important;}&#8221;][vc_column][vc_row_inner][vc_column_inner]\t<div class=\"et-image-559 et-image  full   et_image_link\">\n\t\t<div class=\"et-image-inner \">\n\t\t\t\t\t\t\t<div class=\"et-image-thumb \">\n\t\t\t\t\t\t\t\t\t\t\t<img decoding=\"async\" src=\"https:\/\/svetslik.si\/wp-content\/themes\/goya\/assets\/img\/placeholder.png\" \/>\n\t\t\t\t\t\t\t\t\t<\/div>\n\t\t\t\t\t\t\t\t\t\t\t<\/div>\n\t<\/div>\n  [\/vc_column_inner][\/vc_row_inner][\/vc_column][\/vc_row][vc_row css=&#8221;.vc_custom_1640127167167{border-bottom-width: 20px !important;}] [ vc_column][vc_row_inner][vc_column_inner]\t<div class=\"et-image-792 et-image  full   et_image_link\">\n\t\t<div class=\"et-image-inner \">\n\t\t\t\t\t\t\t<div class=\"et-image-thumb \">\n\t\t\t\t\t<img decoding=\"async\" width=\"1920\" height=\"2560\" src=\"https:\/\/svetslik.si\/wp-content\/uploads\/2021\/12\/salvador-dali-Christ-Jezus-scaled.jpg\" class=\"attachment-full\" alt=\"Salvador Dali - Krist - slika na platnu - ru\u010dno naslikana reprodukcija zidne slike\" title=\"Salvador Dali - Krist - slika na platnu - ru\u010dno naslikana reprodukcija zidne slike\" srcset=\"https:\/\/svetslik.si\/wp-content\/uploads\/2021\/12\/salvador-dali-Christ-Jezus-scaled.jpg 1920w, https:\/\/svetslik.si\/wp-content\/uploads\/2021\/12\/salvador-dali-Christ-Jezus-600x800.jpg 600w, https:\/\/svetslik.si\/wp-content\/uploads\/2021\/12\/salvador-dali-Christ-Jezus-scaled-1200x1600.jpg 1200w, https:\/\/svetslik.si\/wp-content\/uploads\/2021\/12\/salvador-dali-Christ-Jezus-225x300.jpg 225w, https:\/\/svetslik.si\/wp-content\/uploads\/2021\/12\/salvador-dali-Christ-Jezus-768x1024.jpg 768w, https:\/\/svetslik.si\/wp-content\/uploads\/2021\/12\/salvador-dali-Christ-Jezus-1152x1536.jpg 1152w, https:\/\/svetslik.si\/wp-content\/uploads\/2021\/12\/salvador-dali-Christ-Jezus-1536x2048.jpg 1536w, https:\/\/svetslik.si\/wp-content\/uploads\/2021\/12\/salvador-dali-Christ-Jezus-112x150.jpg 112w, https:\/\/svetslik.si\/wp-content\/uploads\/2021\/12\/salvador-dali-Christ-Jezus-1320x1760.jpg 1320w, https:\/\/svetslik.si\/wp-content\/uploads\/2021\/12\/salvador-dali-Christ-Jezus-900x1200.jpg 900w\" sizes=\"(max-width: 1920px) 100vw, 1920px\" \/>\t\t\t\t<\/div>\n\t\t\t\t\t\t\t\t\t\t\t<\/div>\n\t<\/div>\n  [\/vc_column_inner][\/vc_row_inner][\/vc_column][\/vc_row][vc_row] [ vc_column][vc_column_text]Slika &#8220;Krist&#8221; Salvadora Dal\u00edja jedinstveno je i upe\u010datljivo umjetni\u010dko djelo koje prikazuje umjetnikov jedinstveni stil i viziju. Slika je nastala 1951. godine, a prikazuje raspetog Krista u nadrealisti\u010dnom i iz snova okru\u017eenju.<\/p>\n<p>Sliku karakterizira Dal\u00edjeva prepoznatljiva upotreba nadrealisti\u010dkih elemenata i simbolike te njegova majstorska tehnika stvaranja osje\u0107aja dubine i pokreta. Kristov lik prikazan je izokrenut i izdu\u017een, s ra\u0161irenim rukama u prekri\u017eenom polo\u017eaju. U pozadini slike je pejza\u017e iz snova sa satom koji se topi i \u010dudnim, organskim oblicima.<\/p>\n<p>Jedan od najupe\u010datljivijih elemenata slike je kori\u0161tenje boje. Dali koristi prigu\u0161enu paletu zelene, plave i sive, daju\u0107i slici melankoli\u010dan i nezemaljski dojam. Boja se tako\u0111er koristi za stvaranje osje\u0107aja dubine i kretanja jer se \u010dini da se pozadina povla\u010di u daljinu.<\/p>\n<p>Osim tehni\u010dkih i estetskih kvaliteta, slika &#8220;Krist&#8221; ima i dublje zna\u010denje i va\u017enost. Dali je bio pobo\u017eni katolik i \u010desto se bavio vjerskim temama i simbolima u svojim djelima. Na ovoj slici Kristov lik mo\u017eemo shvatiti kao simbol \u017ertve i spasenja, a topljenje sata kao komentar na prolaznost vremena i sje\u0107anja.<\/p>\n<p>Sve u svemu, slika Salvadora Dal\u00edja &#8220;Krist&#8221; sna\u017eno je i poticajno umjetni\u010dko djelo koje prikazuje umjetnikovu jedinstvenu viziju i tehniku. Jo\u0161 uvijek je popularno i cijenjeno umjetni\u010dko djelo i smatra se remek-djelom nadrealisti\u010dke umjetnosti 20. stolje\u0107a.[\/vc_column_text][\/vc_column][\/vc_row]\n<\/div>","protected":false},"excerpt":{"rendered":"<p>Salvador Dali &#8211; Krist [\/vc_column_text][\/vc_column][\/vc_row][vc_row css=&#8221;.vc_custom_1640127370226{margin-bottom: 20px !important;}&#8221;][vc_column][vc_row_inner][vc_column_inner][\/vc_column_inner][\/vc_row_inner][\/vc_column][\/vc_row][vc_row css=&#8221;.vc_custom_1640127167167{border-bottom-width: 20px !important;}] [ vc_column][vc_row_inner][vc_column_inner][\/vc_column_inner][\/vc_row_inner][\/vc_column][\/vc_row][vc_row] [ vc_column][vc_column_text]Slika &#8220;Krist&#8221; Salvadora Dal\u00edja jedinstveno je i upe\u010datljivo umjetni\u010dko djelo koje prikazuje umjetnikov jedinstveni stil i viziju. Slika je nastala 1951. godine, a prikazuje raspetog Krista u nadrealisti\u010dnom i iz snova okru\u017eenju. Sliku karakterizira Dal\u00edjeva prepoznatljiva [&hellip;]<\/p>\n","protected":false},"featured_media":20099,"template":"","meta":{"_acf_changed":false},"product_brand":[],"product_cat":[3396],"product_tag":[4094,4069,4070,4095,4071],"class_list":{"0":"post-28015","1":"product","2":"type-product","3":"status-publish","4":"has-post-thumbnail","6":"product_cat-salvador-dali","7":"product_tag-dali-hr","8":"product_tag-reprodukcija-hr","9":"product_tag-reprodukcije-hr","10":"product_tag-salvador-dali-hr","11":"product_tag-slikar-hr","12":"pa_dimenzija-116-x-205-cm-hr","13":"pa_dimenzija-120-x-210-cm-hr","14":"pa_dimenzija-40-x-70-cm-hr","15":"pa_dimenzija-50-x-90-cm-hr","16":"pa_dimenzija-60-x-100-cm-hr","17":"pa_dimenzija-70-x-120-cm-hr","18":"pa_dimenzija-80-x-140-cm-hr","19":"pa_dimenzija-90-x-160-cm-hr","20":"pa_oblika-okomito","21":"pa_okvir-bez-okvira","22":"pa_podokvir-bez-podokvira","23":"pa_podokvir-sa-podokvirom","25":"first","26":"onbackorder","27":"purchasable","28":"product-type-variable","29":"has-default-attributes"},"acf":[],"yoast_head":"<!-- This site is optimized with the Yoast SEO Premium plugin v26.0 (Yoast SEO v27.2) - https:\/\/yoast.com\/product\/yoast-seo-premium-wordpress\/ -->\n<title>Salvador Dali - Christ - SVETSLIK.SI - 100% ru\u010dno naslikano<\/title>\n<meta name=\"description\" content=\"Salvador Dali - Christ - 100 % ru\u010dno naslikana reprodukcija umjetni\u010dke slike na platnu. Okvirivanje slika, prodaja in izrada slika u dimenzijama po narud\u017ebi.\" \/>\n<meta name=\"robots\" content=\"index, follow, max-snippet:-1, max-image-preview:large, max-video-preview:-1\" \/>\n<link rel=\"canonical\" href=\"https:\/\/svetslik.si\/hr\/salvador-dali\/christ\/\" \/>\n<meta property=\"og:locale\" content=\"hr_HR\" \/>\n<meta property=\"og:type\" content=\"article\" \/>\n<meta property=\"og:title\" content=\"Salvador Dali - Christ\" \/>\n<meta property=\"og:description\" content=\"100% ro\u010dno naslikane slike na platnu, reprodukcije znanih slikarjev in umetni\u0161ke slike po naro\u010dilu.\" \/>\n<meta property=\"og:url\" content=\"https:\/\/svetslik.si\/hr\/salvador-dali\/christ\/\" \/>\n<meta property=\"og:site_name\" content=\"SVETSLIK.SI\" \/>\n<meta property=\"article:publisher\" content=\"https:\/\/www.facebook.com\/svetslik.si\" \/>\n<meta property=\"article:modified_time\" content=\"2024-07-11T12:14:44+00:00\" \/>\n<meta property=\"og:image\" content=\"https:\/\/svetslik.si\/wp-content\/uploads\/2021\/08\/image_Christ_680.jpg\" \/>\n\t<meta property=\"og:image:width\" content=\"1000\" \/>\n\t<meta property=\"og:image:height\" content=\"1783\" \/>\n\t<meta property=\"og:image:type\" content=\"image\/jpeg\" \/>\n<meta name=\"twitter:card\" content=\"summary_large_image\" \/>\n<meta name=\"twitter:site\" content=\"@svetslik\" \/>\n<meta name=\"twitter:label1\" content=\"Availability\" \/>\n\t<meta name=\"twitter:data1\" content=\"On backorder\" \/>\n<script type=\"application\/ld+json\" class=\"yoast-schema-graph\">{\"@context\":\"https:\/\/schema.org\",\"@graph\":[{\"@type\":[\"WebPage\",\"ItemPage\"],\"@id\":\"https:\/\/svetslik.si\/hr\/salvador-dali\/christ\/\",\"url\":\"https:\/\/svetslik.si\/hr\/salvador-dali\/christ\/\",\"name\":\"Salvador Dali - Christ - SVETSLIK.SI - 100% ru\u010dno naslikano\",\"isPartOf\":{\"@id\":\"https:\/\/svetslik.si\/hr\/#website\"},\"primaryImageOfPage\":{\"@id\":\"https:\/\/svetslik.si\/hr\/salvador-dali\/christ\/#primaryimage\"},\"image\":{\"@id\":\"https:\/\/svetslik.si\/hr\/salvador-dali\/christ\/#primaryimage\"},\"thumbnailUrl\":\"https:\/\/svetslik.si\/wp-content\/uploads\/2021\/08\/image_Christ_680.jpg\",\"datePublished\":\"2021-09-20T13:12:00+00:00\",\"dateModified\":\"2024-07-11T12:14:44+00:00\",\"description\":\"Salvador Dali - Christ - 100 % ru\u010dno naslikana reprodukcija umjetni\u010dke slike na platnu. Okvirivanje slika, prodaja in izrada slika u dimenzijama po narud\u017ebi.\",\"breadcrumb\":{\"@id\":\"https:\/\/svetslik.si\/hr\/salvador-dali\/christ\/#breadcrumb\"},\"inLanguage\":\"hr\",\"potentialAction\":[{\"@type\":\"ReadAction\",\"target\":[\"https:\/\/svetslik.si\/hr\/salvador-dali\/christ\/\"]}]},{\"@type\":\"ImageObject\",\"inLanguage\":\"hr\",\"@id\":\"https:\/\/svetslik.si\/hr\/salvador-dali\/christ\/#primaryimage\",\"url\":\"https:\/\/svetslik.si\/wp-content\/uploads\/2021\/08\/image_Christ_680.jpg\",\"contentUrl\":\"https:\/\/svetslik.si\/wp-content\/uploads\/2021\/08\/image_Christ_680.jpg\",\"width\":1000,\"height\":1783,\"caption\":\"Salvador Dali - Krist - Isus - Reprodukcija - ru\u010dno slikane zidne slike, ulje na platnu, uljane slike, umjetni\u010dke slike, moderne slike za zid, ambijentalne slike, apstraktne slike, dekorativne slike\"},{\"@type\":\"BreadcrumbList\",\"@id\":\"https:\/\/svetslik.si\/hr\/salvador-dali\/christ\/#breadcrumb\",\"itemListElement\":[{\"@type\":\"ListItem\",\"position\":1,\"name\":\"Umjetni\u010dke zidne slike na platnu\",\"item\":\"https:\/\/svetslik.si\/hr\/\"},{\"@type\":\"ListItem\",\"position\":2,\"name\":\"Prodaja slika\",\"item\":\"https:\/\/svetslik.si\/prodaja-slik\/\"},{\"@type\":\"ListItem\",\"position\":3,\"name\":\"Salvador Dali &#8211; Christ\"}]},{\"@type\":\"WebSite\",\"@id\":\"https:\/\/svetslik.si\/hr\/#website\",\"url\":\"https:\/\/svetslik.si\/hr\/\",\"name\":\"SVETSLIK.SI\",\"description\":\"100% ru\u010dno naslikane reprodukcije slika poznatih slikara in umjetni\u010dke zidne slike na platnu.\",\"publisher\":{\"@id\":\"https:\/\/svetslik.si\/hr\/#organization\"},\"potentialAction\":[{\"@type\":\"SearchAction\",\"target\":{\"@type\":\"EntryPoint\",\"urlTemplate\":\"https:\/\/svetslik.si\/hr\/?s={search_term_string}\"},\"query-input\":{\"@type\":\"PropertyValueSpecification\",\"valueRequired\":true,\"valueName\":\"search_term_string\"}}],\"inLanguage\":\"hr\"},{\"@type\":\"Organization\",\"@id\":\"https:\/\/svetslik.si\/hr\/#organization\",\"name\":\"SvetSlik.si\",\"url\":\"https:\/\/svetslik.si\/hr\/\",\"logo\":{\"@type\":\"ImageObject\",\"inLanguage\":\"hr\",\"@id\":\"https:\/\/svetslik.si\/hr\/#\/schema\/logo\/image\/\",\"url\":\"https:\/\/svetslik.si\/wp-content\/uploads\/2020\/12\/logo-512.png\",\"contentUrl\":\"https:\/\/svetslik.si\/wp-content\/uploads\/2020\/12\/logo-512.png\",\"width\":512,\"height\":512,\"caption\":\"SvetSlik.si\"},\"image\":{\"@id\":\"https:\/\/svetslik.si\/hr\/#\/schema\/logo\/image\/\"},\"sameAs\":[\"https:\/\/www.facebook.com\/svetslik.si\",\"https:\/\/x.com\/svetslik\",\"https:\/\/www.instagram.com\/svetslik.si\/\",\"https:\/\/www.linkedin.com\/company\/svetslik-si\"]}]}<\/script>\n<meta property=\"og:availability\" content=\"backorder\" \/>\n<meta property=\"product:availability\" content=\"available for order\" \/>\n<meta property=\"product:retailer_item_id\" content=\"135__\" \/>\n<meta property=\"product:condition\" content=\"new\" \/>\n<!-- \/ Yoast SEO Premium plugin. -->","yoast_head_json":{"title":"Salvador Dali - Christ - SVETSLIK.SI - 100% ru\u010dno naslikano","description":"Salvador Dali - Christ - 100 % ru\u010dno naslikana reprodukcija umjetni\u010dke slike na platnu. Okvirivanje slika, prodaja in izrada slika u dimenzijama po narud\u017ebi.","robots":{"index":"index","follow":"follow","max-snippet":"max-snippet:-1","max-image-preview":"max-image-preview:large","max-video-preview":"max-video-preview:-1"},"canonical":"https:\/\/svetslik.si\/hr\/salvador-dali\/christ\/","og_locale":"hr_HR","og_type":"article","og_title":"Salvador Dali - Christ","og_description":"100% ro\u010dno naslikane slike na platnu, reprodukcije znanih slikarjev in umetni\u0161ke slike po naro\u010dilu.","og_url":"https:\/\/svetslik.si\/hr\/salvador-dali\/christ\/","og_site_name":"SVETSLIK.SI","article_publisher":"https:\/\/www.facebook.com\/svetslik.si","article_modified_time":"2024-07-11T12:14:44+00:00","og_image":[{"width":1000,"height":1783,"url":"https:\/\/svetslik.si\/wp-content\/uploads\/2021\/08\/image_Christ_680.jpg","type":"image\/jpeg"}],"twitter_card":"summary_large_image","twitter_site":"@svetslik","twitter_misc":{"Availability":"On backorder"},"schema":{"@context":"https:\/\/schema.org","@graph":[{"@type":["WebPage","ItemPage"],"@id":"https:\/\/svetslik.si\/hr\/salvador-dali\/christ\/","url":"https:\/\/svetslik.si\/hr\/salvador-dali\/christ\/","name":"Salvador Dali - Christ - SVETSLIK.SI - 100% ru\u010dno naslikano","isPartOf":{"@id":"https:\/\/svetslik.si\/hr\/#website"},"primaryImageOfPage":{"@id":"https:\/\/svetslik.si\/hr\/salvador-dali\/christ\/#primaryimage"},"image":{"@id":"https:\/\/svetslik.si\/hr\/salvador-dali\/christ\/#primaryimage"},"thumbnailUrl":"https:\/\/svetslik.si\/wp-content\/uploads\/2021\/08\/image_Christ_680.jpg","datePublished":"2021-09-20T13:12:00+00:00","dateModified":"2024-07-11T12:14:44+00:00","description":"Salvador Dali - Christ - 100 % ru\u010dno naslikana reprodukcija umjetni\u010dke slike na platnu. Okvirivanje slika, prodaja in izrada slika u dimenzijama po narud\u017ebi.","breadcrumb":{"@id":"https:\/\/svetslik.si\/hr\/salvador-dali\/christ\/#breadcrumb"},"inLanguage":"hr","potentialAction":[{"@type":"ReadAction","target":["https:\/\/svetslik.si\/hr\/salvador-dali\/christ\/"]}]},{"@type":"ImageObject","inLanguage":"hr","@id":"https:\/\/svetslik.si\/hr\/salvador-dali\/christ\/#primaryimage","url":"https:\/\/svetslik.si\/wp-content\/uploads\/2021\/08\/image_Christ_680.jpg","contentUrl":"https:\/\/svetslik.si\/wp-content\/uploads\/2021\/08\/image_Christ_680.jpg","width":1000,"height":1783,"caption":"Salvador Dali - Krist - Isus - Reprodukcija - ru\u010dno slikane zidne slike, ulje na platnu, uljane slike, umjetni\u010dke slike, moderne slike za zid, ambijentalne slike, apstraktne slike, dekorativne slike"},{"@type":"BreadcrumbList","@id":"https:\/\/svetslik.si\/hr\/salvador-dali\/christ\/#breadcrumb","itemListElement":[{"@type":"ListItem","position":1,"name":"Umjetni\u010dke zidne slike na platnu","item":"https:\/\/svetslik.si\/hr\/"},{"@type":"ListItem","position":2,"name":"Prodaja slika","item":"https:\/\/svetslik.si\/prodaja-slik\/"},{"@type":"ListItem","position":3,"name":"Salvador Dali &#8211; Christ"}]},{"@type":"WebSite","@id":"https:\/\/svetslik.si\/hr\/#website","url":"https:\/\/svetslik.si\/hr\/","name":"SVETSLIK.SI","description":"100% ru\u010dno naslikane reprodukcije slika poznatih slikara in umjetni\u010dke zidne slike na platnu.","publisher":{"@id":"https:\/\/svetslik.si\/hr\/#organization"},"potentialAction":[{"@type":"SearchAction","target":{"@type":"EntryPoint","urlTemplate":"https:\/\/svetslik.si\/hr\/?s={search_term_string}"},"query-input":{"@type":"PropertyValueSpecification","valueRequired":true,"valueName":"search_term_string"}}],"inLanguage":"hr"},{"@type":"Organization","@id":"https:\/\/svetslik.si\/hr\/#organization","name":"SvetSlik.si","url":"https:\/\/svetslik.si\/hr\/","logo":{"@type":"ImageObject","inLanguage":"hr","@id":"https:\/\/svetslik.si\/hr\/#\/schema\/logo\/image\/","url":"https:\/\/svetslik.si\/wp-content\/uploads\/2020\/12\/logo-512.png","contentUrl":"https:\/\/svetslik.si\/wp-content\/uploads\/2020\/12\/logo-512.png","width":512,"height":512,"caption":"SvetSlik.si"},"image":{"@id":"https:\/\/svetslik.si\/hr\/#\/schema\/logo\/image\/"},"sameAs":["https:\/\/www.facebook.com\/svetslik.si","https:\/\/x.com\/svetslik","https:\/\/www.instagram.com\/svetslik.si\/","https:\/\/www.linkedin.com\/company\/svetslik-si"]}]},"og_availability":"backorder","product_availability":"available for order","product_retailer_item_id":"135__","product_condition":"new"},"jetpack_sharing_enabled":true,"_links":{"self":[{"href":"https:\/\/svetslik.si\/hr\/wp-json\/wp\/v2\/product\/28015","targetHints":{"allow":["GET"]}}],"collection":[{"href":"https:\/\/svetslik.si\/hr\/wp-json\/wp\/v2\/product"}],"about":[{"href":"https:\/\/svetslik.si\/hr\/wp-json\/wp\/v2\/types\/product"}],"wp:featuredmedia":[{"embeddable":true,"href":"https:\/\/svetslik.si\/hr\/wp-json\/wp\/v2\/media\/20099"}],"wp:attachment":[{"href":"https:\/\/svetslik.si\/hr\/wp-json\/wp\/v2\/media?parent=28015"}],"wp:term":[{"taxonomy":"product_brand","embeddable":true,"href":"https:\/\/svetslik.si\/hr\/wp-json\/wp\/v2\/product_brand?post=28015"},{"taxonomy":"product_cat","embeddable":true,"href":"https:\/\/svetslik.si\/hr\/wp-json\/wp\/v2\/product_cat?post=28015"},{"taxonomy":"product_tag","embeddable":true,"href":"https:\/\/svetslik.si\/hr\/wp-json\/wp\/v2\/product_tag?post=28015"}],"curies":[{"name":"wp","href":"https:\/\/api.w.org\/{rel}","templated":true}]}}