{"id":28033,"date":"2021-09-02T18:10:09","date_gmt":"2021-09-02T16:10:09","guid":{"rendered":"https:\/\/svetslik.si\/Bez%20kategorije\/galatea-of-the-spheres\/"},"modified":"2026-02-05T02:33:22","modified_gmt":"2026-02-05T01:33:22","slug":"galatea-of-the-spheres","status":"publish","type":"product","link":"https:\/\/svetslik.si\/hr\/salvador-dali\/galatea-of-the-spheres\/","title":{"rendered":"Salvador Dali &#8211; Galatea of the Spheres"},"content":{"rendered":"<div class=\"wpb-content-wrapper\">[vc_row css=&#8221;.vc_custom_1727347094302{margin-bottom: 5px !important;}&#8221;][vc_column]\t<div class=\"et-image-683 et-image     et_image_link\">\n\t\t<div class=\"et-image-inner \">\n\t\t\t\t\t\t\t<div class=\"et-image-thumb \">\n\t\t\t\t\t<img decoding=\"async\" width=\"1000\" height=\"1386\" src=\"https:\/\/svetslik.si\/wp-content\/uploads\/2021\/09\/Salvador-Dali-Galatea-of-the-Spheres-reprodukcija-umetniske-slike.jpg\" class=\"attachment-full\" alt=\"Salvador Dali - Galatea of the Spheres\" title=\"Salvador Dali - Galatea of the Spheres\" srcset=\"https:\/\/svetslik.si\/wp-content\/uploads\/2021\/09\/Salvador-Dali-Galatea-of-the-Spheres-reprodukcija-umetniske-slike.jpg 1000w, https:\/\/svetslik.si\/wp-content\/uploads\/2021\/09\/Salvador-Dali-Galatea-of-the-Spheres-reprodukcija-umetniske-slike-600x832.jpg 600w, https:\/\/svetslik.si\/wp-content\/uploads\/2021\/09\/Salvador-Dali-Galatea-of-the-Spheres-reprodukcija-umetniske-slike-216x300.jpg 216w, https:\/\/svetslik.si\/wp-content\/uploads\/2021\/09\/Salvador-Dali-Galatea-of-the-Spheres-reprodukcija-umetniske-slike-739x1024.jpg 739w, https:\/\/svetslik.si\/wp-content\/uploads\/2021\/09\/Salvador-Dali-Galatea-of-the-Spheres-reprodukcija-umetniske-slike-768x1064.jpg 768w, https:\/\/svetslik.si\/wp-content\/uploads\/2021\/09\/Salvador-Dali-Galatea-of-the-Spheres-reprodukcija-umetniske-slike-108x150.jpg 108w, https:\/\/svetslik.si\/wp-content\/uploads\/2021\/09\/Salvador-Dali-Galatea-of-the-Spheres-reprodukcija-umetniske-slike-900x1247.jpg 900w\" sizes=\"(max-width: 1000px) 100vw, 1000px\" \/>\t\t\t\t<\/div>\n\t\t\t\t\t\t\t\t\t\t\t<\/div>\n\t<\/div>\n  [\/vc_column][\/vc_row][vc_row css=&#8221;.vc_custom_1727347094302{margin-bottom: 5px !important;}&#8221;][vc_column]\t<div class=\"et-image-498 et-image     et_image_link\">\n\t\t<div class=\"et-image-inner \">\n\t\t\t\t\t\t\t<div class=\"et-image-thumb \">\n\t\t\t\t\t<img decoding=\"async\" width=\"1000\" height=\"1597\" src=\"https:\/\/svetslik.si\/wp-content\/uploads\/2021\/09\/Salvador-Dali-Galatea-of-the-Spheres-reprodukcija-umetniske-slike-2.jpg\" class=\"attachment-full\" alt=\"Salvador Dali - Galatea of the Spheres\" title=\"Salvador Dali - Galatea of the Spheres\" srcset=\"https:\/\/svetslik.si\/wp-content\/uploads\/2021\/09\/Salvador-Dali-Galatea-of-the-Spheres-reprodukcija-umetniske-slike-2.jpg 1000w, https:\/\/svetslik.si\/wp-content\/uploads\/2021\/09\/Salvador-Dali-Galatea-of-the-Spheres-reprodukcija-umetniske-slike-2-600x958.jpg 600w, https:\/\/svetslik.si\/wp-content\/uploads\/2021\/09\/Salvador-Dali-Galatea-of-the-Spheres-reprodukcija-umetniske-slike-2-188x300.jpg 188w, https:\/\/svetslik.si\/wp-content\/uploads\/2021\/09\/Salvador-Dali-Galatea-of-the-Spheres-reprodukcija-umetniske-slike-2-641x1024.jpg 641w, https:\/\/svetslik.si\/wp-content\/uploads\/2021\/09\/Salvador-Dali-Galatea-of-the-Spheres-reprodukcija-umetniske-slike-2-768x1226.jpg 768w, https:\/\/svetslik.si\/wp-content\/uploads\/2021\/09\/Salvador-Dali-Galatea-of-the-Spheres-reprodukcija-umetniske-slike-2-962x1536.jpg 962w, https:\/\/svetslik.si\/wp-content\/uploads\/2021\/09\/Salvador-Dali-Galatea-of-the-Spheres-reprodukcija-umetniske-slike-2-94x150.jpg 94w, https:\/\/svetslik.si\/wp-content\/uploads\/2021\/09\/Salvador-Dali-Galatea-of-the-Spheres-reprodukcija-umetniske-slike-2-900x1437.jpg 900w\" sizes=\"(max-width: 1000px) 100vw, 1000px\" \/>\t\t\t\t<\/div>\n\t\t\t\t\t\t\t\t\t\t\t<\/div>\n\t<\/div>\n  [\/vc_column][\/vc_row][vc_row css=&#8221;.vc_custom_1727347094302{margin-bottom: 5px !important;}&#8221;][vc_column]\t<div class=\"et-image-811 et-image     et_image_link\">\n\t\t<div class=\"et-image-inner \">\n\t\t\t\t\t\t\t<div class=\"et-image-thumb \">\n\t\t\t\t\t<img decoding=\"async\" width=\"1000\" height=\"1352\" src=\"https:\/\/svetslik.si\/wp-content\/uploads\/2021\/09\/Salvador-Dali-Galatea-of-the-Spheres-reprodukcija-umetniske-slike-3.jpg\" class=\"attachment-full\" alt=\"Salvador Dali - Galatea of the Spheres\" title=\"Salvador Dali - Galatea of the Spheres\" srcset=\"https:\/\/svetslik.si\/wp-content\/uploads\/2021\/09\/Salvador-Dali-Galatea-of-the-Spheres-reprodukcija-umetniske-slike-3.jpg 1000w, https:\/\/svetslik.si\/wp-content\/uploads\/2021\/09\/Salvador-Dali-Galatea-of-the-Spheres-reprodukcija-umetniske-slike-3-600x811.jpg 600w, https:\/\/svetslik.si\/wp-content\/uploads\/2021\/09\/Salvador-Dali-Galatea-of-the-Spheres-reprodukcija-umetniske-slike-3-222x300.jpg 222w, https:\/\/svetslik.si\/wp-content\/uploads\/2021\/09\/Salvador-Dali-Galatea-of-the-Spheres-reprodukcija-umetniske-slike-3-757x1024.jpg 757w, https:\/\/svetslik.si\/wp-content\/uploads\/2021\/09\/Salvador-Dali-Galatea-of-the-Spheres-reprodukcija-umetniske-slike-3-768x1038.jpg 768w, https:\/\/svetslik.si\/wp-content\/uploads\/2021\/09\/Salvador-Dali-Galatea-of-the-Spheres-reprodukcija-umetniske-slike-3-111x150.jpg 111w, https:\/\/svetslik.si\/wp-content\/uploads\/2021\/09\/Salvador-Dali-Galatea-of-the-Spheres-reprodukcija-umetniske-slike-3-900x1217.jpg 900w\" sizes=\"(max-width: 1000px) 100vw, 1000px\" \/>\t\t\t\t<\/div>\n\t\t\t\t\t\t\t\t\t\t\t<\/div>\n\t<\/div>\n  [\/vc_column][\/vc_row][vc_row css=&#8221;.vc_custom_1727347094302{margin-bottom: 5px !important;}&#8221;][vc_column]\t<div class=\"et-image-402 et-image     et_image_link\">\n\t\t<div class=\"et-image-inner \">\n\t\t\t\t\t\t\t<div class=\"et-image-thumb \">\n\t\t\t\t\t<img decoding=\"async\" width=\"1000\" height=\"722\" src=\"https:\/\/svetslik.si\/wp-content\/uploads\/2021\/09\/Salvador-Dali-Galatea-of-the-Spheres-reprodukcija-umetniske-slike-4.jpg\" class=\"attachment-full\" alt=\"Salvador Dali - Galatea of the Spheres\" title=\"Salvador Dali - Galatea of the Spheres\" srcset=\"https:\/\/svetslik.si\/wp-content\/uploads\/2021\/09\/Salvador-Dali-Galatea-of-the-Spheres-reprodukcija-umetniske-slike-4.jpg 1000w, https:\/\/svetslik.si\/wp-content\/uploads\/2021\/09\/Salvador-Dali-Galatea-of-the-Spheres-reprodukcija-umetniske-slike-4-600x433.jpg 600w, https:\/\/svetslik.si\/wp-content\/uploads\/2021\/09\/Salvador-Dali-Galatea-of-the-Spheres-reprodukcija-umetniske-slike-4-300x217.jpg 300w, https:\/\/svetslik.si\/wp-content\/uploads\/2021\/09\/Salvador-Dali-Galatea-of-the-Spheres-reprodukcija-umetniske-slike-4-768x554.jpg 768w, https:\/\/svetslik.si\/wp-content\/uploads\/2021\/09\/Salvador-Dali-Galatea-of-the-Spheres-reprodukcija-umetniske-slike-4-150x108.jpg 150w, https:\/\/svetslik.si\/wp-content\/uploads\/2021\/09\/Salvador-Dali-Galatea-of-the-Spheres-reprodukcija-umetniske-slike-4-900x650.jpg 900w\" sizes=\"(max-width: 1000px) 100vw, 1000px\" \/>\t\t\t\t<\/div>\n\t\t\t\t\t\t\t\t\t\t\t<\/div>\n\t<\/div>\n  [\/vc_column][\/vc_row][vc_row][vc_column][vc_column_text]\n<h1>Salvador Dali &#8211; Galatea od sfera<\/h1>\n<p>&nbsp;<\/p>\n<table style=\"width: 673px;\" border=\"0\" width=\"673\" cellspacing=\"0\" cellpadding=\"0\">\n<tbody>\n<tr>\n<td style=\"width: 180px; height: 21px;\" height=\"21\">Godina stvaranja:<\/td>\n<td style=\"width: 493px;\">1952.<\/td>\n<\/tr>\n<tr>\n<td style=\"width: 180px; height: 21px;\" height=\"21\">Izvorna veli\u010dina:<\/td>\n<td style=\"width: 493px;\">45 cm x 65 cm<\/td>\n<\/tr>\n<tr>\n<td style=\"width: 180px; height: 21px;\" height=\"21\">Stil bojanja:<\/td>\n<td>\n<div>\n<div>\n<div>\n<div>\n<div>Nadrealizam<\/div>\n<\/div>\n<\/div>\n<\/div>\n<\/div>\n<\/td>\n<\/tr>\n<tr>\n<td style=\"width: 180px; height: 21px;\" height=\"21\">Izvorna tehnika:<\/td>\n<td>Ulje na platnu<\/td>\n<\/tr>\n<tr>\n<td style=\"width: 180px; height: 21px;\" height=\"21\">Lokacija:<\/td>\n<td>Figueras, \u0160panjolska<\/td>\n<\/tr>\n<\/tbody>\n<colgroup>\n<col \/>\n<col \/> <\/colgroup>\n<\/table>\n<p>Slika Salvadora Dal\u00edja &#8220;Galacije sa sferama&#8221; remek je djelo koje prikazuje umjetnikov jedinstveni stil i tehniku. Slika prikazuje nadrealni i snolik prizor \u017eene sa sferi\u010dnom glavom i tijelom okru\u017eene uskovitlanim krajolikom satova koji se tope i drugih apstraktnih oblika.<\/p>\n<p>Jedan od najupe\u010datljivijih elemenata ove slike je Dal\u00edjeva upotreba simbolizma i metafore. Sferi\u010dna glava \u017eene poznate kao Galatea odnosi se na gr\u010dki mitolo\u0161ki lik istog imena za kojeg se ka\u017ee da je stvoren od morske pjene. U Dal\u00edjevom slikarstvu kugla predstavlja beskona\u010dnost i vje\u010dnost, dok sati topljenja simboliziraju fluidnost vremena i prolaznost \u017eivota.<\/p>\n<p>Drugi klju\u010dni aspekt Galateje sfera je Dal\u00edjeva upotreba boje i svjetla. Sliku karakterizira \u017eivahna i kontrastna paleta boja sa svijetlim plavim, \u017eutim i ru\u017ei\u010dastim bojama koje koketiraju s dubokim crnim i sivim. Upotreba svjetla je tako\u0111er iznena\u0111uju\u0107a, sa sunce obasjava scenu i baca duge sjene po krajoliku.<\/p>\n<p>Slika se smatra jednim od Dal\u00edjevih najzna\u010dajnijih djela i na\u0161iroko je priznata kao remek-djelo nadrealizma. Trenutno je izlo\u017een u Muzeju Salvadora Dalija u St. Petersburgu na Floridi, gdje nastavlja fascinirati i inspirirati posjetitelje iz cijelog svijeta.<\/p>\n<p>Vrijedno je napomenuti da se Dalijeva djela \u010desto reproduciraju, ali posjedovanje originala imat \u0107e daleko ve\u0107u vrijednost od reprodukcije. To mo\u017ee biti ulaganje \u010dija \u0107e vrijednost s vremenom rasti.<\/p>\n<p>Zaklju\u010dno, &#8220;Galatea sa sferama&#8221; Salvadora Dalija je slika koja pokazuje umjetnikovu jedinstvenu viziju i majstorstvo nadrealisti\u010dkog stila. Moraju ga vidjeti svi ljubitelji umjetnosti i \u0161tovatelji Dal\u00edjeva djela zbog upe\u010datljivih slika, simbolike i upotrebe boja i svjetla.<\/p>\n<\/div>","protected":false},"excerpt":{"rendered":"<p>[vc_row css=&#8221;.vc_custom_1727347094302{margin-bottom: 5px !important;}&#8221;][vc_column][\/vc_column][\/vc_row][vc_row css=&#8221;.vc_custom_1727347094302{margin-bottom: 5px !important;}&#8221;][vc_column][\/vc_column][\/vc_row][vc_row css=&#8221;.vc_custom_1727347094302{margin-bottom: 5px !important;}&#8221;][vc_column][\/vc_column][\/vc_row][vc_row css=&#8221;.vc_custom_1727347094302{margin-bottom: 5px !important;}&#8221;][vc_column][\/vc_column][\/vc_row][vc_row][vc_column][vc_column_text] Salvador Dali &#8211; Galatea od sfera &nbsp; Godina stvaranja: 1952. Izvorna veli\u010dina: 45 cm x 65 cm Stil bojanja: Nadrealizam Izvorna tehnika: Ulje na platnu Lokacija: Figueras, \u0160panjolska Slika Salvadora Dal\u00edja &#8220;Galacije sa sferama&#8221; remek je djelo [&hellip;]<\/p>\n","protected":false},"featured_media":20290,"template":"","meta":{"_acf_changed":false},"product_brand":[],"product_cat":[3396],"product_tag":[4094,4069,4070,4095,4071],"class_list":{"0":"post-28033","1":"product","2":"type-product","3":"status-publish","4":"has-post-thumbnail","6":"product_cat-salvador-dali","7":"product_tag-dali-hr","8":"product_tag-reprodukcija-hr","9":"product_tag-reprodukcije-hr","10":"product_tag-salvador-dali-hr","11":"product_tag-slikar-hr","12":"pa_dimenzija-110-x-160-cm","13":"pa_dimenzija-130-x-190-cm","14":"pa_dimenzija-150-x-220-cm","15":"pa_dimenzija-45-x-65-cm","16":"pa_dimenzija-60-x-90-cm","17":"pa_dimenzija-70-x-100-cm","18":"pa_dimenzija-80-x-120-cm","19":"pa_dimenzija-90-x-130-cm","20":"pa_oblika-okomito","21":"pa_okvir-bez-okvira","22":"pa_podokvir-bez-podokvira","23":"pa_podokvir-sa-podokvirom","25":"first","26":"onbackorder","27":"purchasable","28":"product-type-variable","29":"has-default-attributes"},"acf":[],"yoast_head":"<!-- This site is optimized with the Yoast SEO Premium plugin v26.0 (Yoast SEO v27.2) - https:\/\/yoast.com\/product\/yoast-seo-premium-wordpress\/ -->\n<title>Salvador Dali - Galatea of the Spheres - SVETSLIK.SI - 100% ru\u010dno naslikano<\/title>\n<meta name=\"description\" content=\"Salvador Dali - Galatea of the Spheres - 100 % ru\u010dno naslikana reprodukcija umjetni\u010dke slike na platnu. Okvirivanje slika, prodaja in izrada slika u dimenzijama po narud\u017ebi.\" \/>\n<meta name=\"robots\" content=\"index, follow, max-snippet:-1, max-image-preview:large, max-video-preview:-1\" \/>\n<link rel=\"canonical\" href=\"https:\/\/svetslik.si\/hr\/salvador-dali\/galatea-of-the-spheres\/\" \/>\n<meta property=\"og:locale\" content=\"hr_HR\" \/>\n<meta property=\"og:type\" content=\"article\" \/>\n<meta property=\"og:title\" content=\"Salvador Dali - Galatea of the Spheres\" \/>\n<meta property=\"og:description\" content=\"100% ro\u010dno naslikane slike na platnu, reprodukcije znanih slikarjev in umetni\u0161ke slike po naro\u010dilu.\" \/>\n<meta property=\"og:url\" content=\"https:\/\/svetslik.si\/hr\/salvador-dali\/galatea-of-the-spheres\/\" \/>\n<meta property=\"og:site_name\" content=\"SVETSLIK.SI\" \/>\n<meta property=\"article:publisher\" content=\"https:\/\/www.facebook.com\/svetslik.si\" \/>\n<meta property=\"article:modified_time\" content=\"2026-02-05T01:33:22+00:00\" \/>\n<meta property=\"og:image\" content=\"https:\/\/svetslik.si\/wp-content\/uploads\/2021\/08\/image_Galatea-of-the-Spheres_680.jpg\" \/>\n\t<meta property=\"og:image:width\" content=\"800\" \/>\n\t<meta property=\"og:image:height\" content=\"1047\" \/>\n\t<meta property=\"og:image:type\" content=\"image\/jpeg\" \/>\n<meta name=\"twitter:card\" content=\"summary_large_image\" \/>\n<meta name=\"twitter:site\" content=\"@svetslik\" \/>\n<meta name=\"twitter:label1\" content=\"Availability\" \/>\n\t<meta name=\"twitter:data1\" content=\"On backorder\" \/>\n<script type=\"application\/ld+json\" class=\"yoast-schema-graph\">{\"@context\":\"https:\/\/schema.org\",\"@graph\":[{\"@type\":[\"WebPage\",\"ItemPage\"],\"@id\":\"https:\/\/svetslik.si\/hr\/salvador-dali\/galatea-of-the-spheres\/\",\"url\":\"https:\/\/svetslik.si\/hr\/salvador-dali\/galatea-of-the-spheres\/\",\"name\":\"Salvador Dali - Galatea of the Spheres - SVETSLIK.SI - 100% ru\u010dno naslikano\",\"isPartOf\":{\"@id\":\"https:\/\/svetslik.si\/hr\/#website\"},\"primaryImageOfPage\":{\"@id\":\"https:\/\/svetslik.si\/hr\/salvador-dali\/galatea-of-the-spheres\/#primaryimage\"},\"image\":{\"@id\":\"https:\/\/svetslik.si\/hr\/salvador-dali\/galatea-of-the-spheres\/#primaryimage\"},\"thumbnailUrl\":\"https:\/\/svetslik.si\/wp-content\/uploads\/2021\/08\/image_Galatea-of-the-Spheres_680.jpg\",\"datePublished\":\"2021-09-02T16:10:09+00:00\",\"dateModified\":\"2026-02-05T01:33:22+00:00\",\"description\":\"Salvador Dali - Galatea of the Spheres - 100 % ru\u010dno naslikana reprodukcija umjetni\u010dke slike na platnu. Okvirivanje slika, prodaja in izrada slika u dimenzijama po narud\u017ebi.\",\"breadcrumb\":{\"@id\":\"https:\/\/svetslik.si\/hr\/salvador-dali\/galatea-of-the-spheres\/#breadcrumb\"},\"inLanguage\":\"hr\",\"potentialAction\":[{\"@type\":\"ReadAction\",\"target\":[\"https:\/\/svetslik.si\/hr\/salvador-dali\/galatea-of-the-spheres\/\"]}]},{\"@type\":\"ImageObject\",\"inLanguage\":\"hr\",\"@id\":\"https:\/\/svetslik.si\/hr\/salvador-dali\/galatea-of-the-spheres\/#primaryimage\",\"url\":\"https:\/\/svetslik.si\/wp-content\/uploads\/2021\/08\/image_Galatea-of-the-Spheres_680.jpg\",\"contentUrl\":\"https:\/\/svetslik.si\/wp-content\/uploads\/2021\/08\/image_Galatea-of-the-Spheres_680.jpg\",\"width\":800,\"height\":1047,\"caption\":\"Slikane slike na platnu - Salvador Dali - Galateja sfera - Ru\u010dno slikane slike, reprodukcije slika poznatih slikara, ulje na platnu, uljane slike, moderne slike za zid, umjetni\u010dke slike za zid, ambijentalne, apstraktne, dekorativne slike za zid\"},{\"@type\":\"BreadcrumbList\",\"@id\":\"https:\/\/svetslik.si\/hr\/salvador-dali\/galatea-of-the-spheres\/#breadcrumb\",\"itemListElement\":[{\"@type\":\"ListItem\",\"position\":1,\"name\":\"Umjetni\u010dke zidne slike na platnu\",\"item\":\"https:\/\/svetslik.si\/hr\/\"},{\"@type\":\"ListItem\",\"position\":2,\"name\":\"Prodaja slika\",\"item\":\"https:\/\/svetslik.si\/prodaja-slik\/\"},{\"@type\":\"ListItem\",\"position\":3,\"name\":\"Salvador Dali &#8211; Galatea of the Spheres\"}]},{\"@type\":\"WebSite\",\"@id\":\"https:\/\/svetslik.si\/hr\/#website\",\"url\":\"https:\/\/svetslik.si\/hr\/\",\"name\":\"SVETSLIK.SI\",\"description\":\"100% ru\u010dno naslikane reprodukcije slika poznatih slikara in umjetni\u010dke zidne slike na platnu.\",\"publisher\":{\"@id\":\"https:\/\/svetslik.si\/hr\/#organization\"},\"potentialAction\":[{\"@type\":\"SearchAction\",\"target\":{\"@type\":\"EntryPoint\",\"urlTemplate\":\"https:\/\/svetslik.si\/hr\/?s={search_term_string}\"},\"query-input\":{\"@type\":\"PropertyValueSpecification\",\"valueRequired\":true,\"valueName\":\"search_term_string\"}}],\"inLanguage\":\"hr\"},{\"@type\":\"Organization\",\"@id\":\"https:\/\/svetslik.si\/hr\/#organization\",\"name\":\"SvetSlik.si\",\"url\":\"https:\/\/svetslik.si\/hr\/\",\"logo\":{\"@type\":\"ImageObject\",\"inLanguage\":\"hr\",\"@id\":\"https:\/\/svetslik.si\/hr\/#\/schema\/logo\/image\/\",\"url\":\"https:\/\/svetslik.si\/wp-content\/uploads\/2020\/12\/logo-512.png\",\"contentUrl\":\"https:\/\/svetslik.si\/wp-content\/uploads\/2020\/12\/logo-512.png\",\"width\":512,\"height\":512,\"caption\":\"SvetSlik.si\"},\"image\":{\"@id\":\"https:\/\/svetslik.si\/hr\/#\/schema\/logo\/image\/\"},\"sameAs\":[\"https:\/\/www.facebook.com\/svetslik.si\",\"https:\/\/x.com\/svetslik\",\"https:\/\/www.instagram.com\/svetslik.si\/\",\"https:\/\/www.linkedin.com\/company\/svetslik-si\"]}]}<\/script>\n<meta property=\"og:availability\" content=\"backorder\" \/>\n<meta property=\"product:availability\" content=\"available for order\" \/>\n<meta property=\"product:retailer_item_id\" content=\"443__\" \/>\n<meta property=\"product:condition\" content=\"new\" \/>\n<!-- \/ Yoast SEO Premium plugin. -->","yoast_head_json":{"title":"Salvador Dali - Galatea of the Spheres - SVETSLIK.SI - 100% ru\u010dno naslikano","description":"Salvador Dali - Galatea of the Spheres - 100 % ru\u010dno naslikana reprodukcija umjetni\u010dke slike na platnu. Okvirivanje slika, prodaja in izrada slika u dimenzijama po narud\u017ebi.","robots":{"index":"index","follow":"follow","max-snippet":"max-snippet:-1","max-image-preview":"max-image-preview:large","max-video-preview":"max-video-preview:-1"},"canonical":"https:\/\/svetslik.si\/hr\/salvador-dali\/galatea-of-the-spheres\/","og_locale":"hr_HR","og_type":"article","og_title":"Salvador Dali - Galatea of the Spheres","og_description":"100% ro\u010dno naslikane slike na platnu, reprodukcije znanih slikarjev in umetni\u0161ke slike po naro\u010dilu.","og_url":"https:\/\/svetslik.si\/hr\/salvador-dali\/galatea-of-the-spheres\/","og_site_name":"SVETSLIK.SI","article_publisher":"https:\/\/www.facebook.com\/svetslik.si","article_modified_time":"2026-02-05T01:33:22+00:00","og_image":[{"width":800,"height":1047,"url":"https:\/\/svetslik.si\/wp-content\/uploads\/2021\/08\/image_Galatea-of-the-Spheres_680.jpg","type":"image\/jpeg"}],"twitter_card":"summary_large_image","twitter_site":"@svetslik","twitter_misc":{"Availability":"On backorder"},"schema":{"@context":"https:\/\/schema.org","@graph":[{"@type":["WebPage","ItemPage"],"@id":"https:\/\/svetslik.si\/hr\/salvador-dali\/galatea-of-the-spheres\/","url":"https:\/\/svetslik.si\/hr\/salvador-dali\/galatea-of-the-spheres\/","name":"Salvador Dali - Galatea of the Spheres - SVETSLIK.SI - 100% ru\u010dno naslikano","isPartOf":{"@id":"https:\/\/svetslik.si\/hr\/#website"},"primaryImageOfPage":{"@id":"https:\/\/svetslik.si\/hr\/salvador-dali\/galatea-of-the-spheres\/#primaryimage"},"image":{"@id":"https:\/\/svetslik.si\/hr\/salvador-dali\/galatea-of-the-spheres\/#primaryimage"},"thumbnailUrl":"https:\/\/svetslik.si\/wp-content\/uploads\/2021\/08\/image_Galatea-of-the-Spheres_680.jpg","datePublished":"2021-09-02T16:10:09+00:00","dateModified":"2026-02-05T01:33:22+00:00","description":"Salvador Dali - Galatea of the Spheres - 100 % ru\u010dno naslikana reprodukcija umjetni\u010dke slike na platnu. Okvirivanje slika, prodaja in izrada slika u dimenzijama po narud\u017ebi.","breadcrumb":{"@id":"https:\/\/svetslik.si\/hr\/salvador-dali\/galatea-of-the-spheres\/#breadcrumb"},"inLanguage":"hr","potentialAction":[{"@type":"ReadAction","target":["https:\/\/svetslik.si\/hr\/salvador-dali\/galatea-of-the-spheres\/"]}]},{"@type":"ImageObject","inLanguage":"hr","@id":"https:\/\/svetslik.si\/hr\/salvador-dali\/galatea-of-the-spheres\/#primaryimage","url":"https:\/\/svetslik.si\/wp-content\/uploads\/2021\/08\/image_Galatea-of-the-Spheres_680.jpg","contentUrl":"https:\/\/svetslik.si\/wp-content\/uploads\/2021\/08\/image_Galatea-of-the-Spheres_680.jpg","width":800,"height":1047,"caption":"Slikane slike na platnu - Salvador Dali - Galateja sfera - Ru\u010dno slikane slike, reprodukcije slika poznatih slikara, ulje na platnu, uljane slike, moderne slike za zid, umjetni\u010dke slike za zid, ambijentalne, apstraktne, dekorativne slike za zid"},{"@type":"BreadcrumbList","@id":"https:\/\/svetslik.si\/hr\/salvador-dali\/galatea-of-the-spheres\/#breadcrumb","itemListElement":[{"@type":"ListItem","position":1,"name":"Umjetni\u010dke zidne slike na platnu","item":"https:\/\/svetslik.si\/hr\/"},{"@type":"ListItem","position":2,"name":"Prodaja slika","item":"https:\/\/svetslik.si\/prodaja-slik\/"},{"@type":"ListItem","position":3,"name":"Salvador Dali &#8211; Galatea of the Spheres"}]},{"@type":"WebSite","@id":"https:\/\/svetslik.si\/hr\/#website","url":"https:\/\/svetslik.si\/hr\/","name":"SVETSLIK.SI","description":"100% ru\u010dno naslikane reprodukcije slika poznatih slikara in umjetni\u010dke zidne slike na platnu.","publisher":{"@id":"https:\/\/svetslik.si\/hr\/#organization"},"potentialAction":[{"@type":"SearchAction","target":{"@type":"EntryPoint","urlTemplate":"https:\/\/svetslik.si\/hr\/?s={search_term_string}"},"query-input":{"@type":"PropertyValueSpecification","valueRequired":true,"valueName":"search_term_string"}}],"inLanguage":"hr"},{"@type":"Organization","@id":"https:\/\/svetslik.si\/hr\/#organization","name":"SvetSlik.si","url":"https:\/\/svetslik.si\/hr\/","logo":{"@type":"ImageObject","inLanguage":"hr","@id":"https:\/\/svetslik.si\/hr\/#\/schema\/logo\/image\/","url":"https:\/\/svetslik.si\/wp-content\/uploads\/2020\/12\/logo-512.png","contentUrl":"https:\/\/svetslik.si\/wp-content\/uploads\/2020\/12\/logo-512.png","width":512,"height":512,"caption":"SvetSlik.si"},"image":{"@id":"https:\/\/svetslik.si\/hr\/#\/schema\/logo\/image\/"},"sameAs":["https:\/\/www.facebook.com\/svetslik.si","https:\/\/x.com\/svetslik","https:\/\/www.instagram.com\/svetslik.si\/","https:\/\/www.linkedin.com\/company\/svetslik-si"]}]},"og_availability":"backorder","product_availability":"available for order","product_retailer_item_id":"443__","product_condition":"new"},"jetpack_sharing_enabled":true,"_links":{"self":[{"href":"https:\/\/svetslik.si\/hr\/wp-json\/wp\/v2\/product\/28033","targetHints":{"allow":["GET"]}}],"collection":[{"href":"https:\/\/svetslik.si\/hr\/wp-json\/wp\/v2\/product"}],"about":[{"href":"https:\/\/svetslik.si\/hr\/wp-json\/wp\/v2\/types\/product"}],"wp:featuredmedia":[{"embeddable":true,"href":"https:\/\/svetslik.si\/hr\/wp-json\/wp\/v2\/media\/20290"}],"wp:attachment":[{"href":"https:\/\/svetslik.si\/hr\/wp-json\/wp\/v2\/media?parent=28033"}],"wp:term":[{"taxonomy":"product_brand","embeddable":true,"href":"https:\/\/svetslik.si\/hr\/wp-json\/wp\/v2\/product_brand?post=28033"},{"taxonomy":"product_cat","embeddable":true,"href":"https:\/\/svetslik.si\/hr\/wp-json\/wp\/v2\/product_cat?post=28033"},{"taxonomy":"product_tag","embeddable":true,"href":"https:\/\/svetslik.si\/hr\/wp-json\/wp\/v2\/product_tag?post=28033"}],"curies":[{"name":"wp","href":"https:\/\/api.w.org\/{rel}","templated":true}]}}