{"id":28078,"date":"2021-09-02T18:00:59","date_gmt":"2021-09-02T16:00:59","guid":{"rendered":"https:\/\/svetslik.si\/Bez%20kategorije\/sentimental-colloquy\/"},"modified":"2024-07-04T16:09:51","modified_gmt":"2024-07-04T14:09:51","slug":"sentimental-colloquy","status":"publish","type":"product","link":"https:\/\/svetslik.si\/hr\/salvador-dali\/sentimental-colloquy\/","title":{"rendered":"Salvador Dali &#8211; Sentimental Colloquy"},"content":{"rendered":"<h1>Salvador Dali &#8211; sentimentalni kolokvij<\/h1>\n<p>&nbsp;<\/p>\n<table style=\"width: 673px\" border=\"0\" width=\"673\" cellspacing=\"0\" cellpadding=\"0\">\n<tbody>\n<tr>\n<td style=\"width: 180px;height: 21px\" height=\"21\">Godina stvaranja:<\/td>\n<td style=\"width: 493px\">1948.<\/td>\n<\/tr>\n<tr>\n<td style=\"width: 180px;height: 21px\" height=\"21\">Izvorna veli\u010dina:<\/td>\n<td style=\"width: 493px\">47 cm x 26 cm<\/td>\n<\/tr>\n<tr>\n<td style=\"width: 180px;height: 21px\" height=\"21\">Stil bojanja:<\/td>\n<td>\n<div>\n<div>\n<div>\n<div>\n<div>Nadrealizam<\/div>\n<\/div>\n<\/div>\n<\/div>\n<\/div>\n<\/td>\n<\/tr>\n<tr>\n<td style=\"width: 180px;height: 21px\" height=\"21\">Izvorna tehnika:<\/td>\n<td>Ulje na platnu<\/td>\n<\/tr>\n<tr>\n<td style=\"width: 180px;height: 21px\" height=\"21\">Lokacija:<\/td>\n<td>Muzej Salvadora Dal\u00edja, St. Petersburgu, Florida<\/td>\n<\/tr>\n<\/tbody>\n<colgroup>\n<col \/>\n<col \/> <\/colgroup>\n<\/table>\n<p>Sentimentalni razgovor Salvadora Dalija slika je koja prikazuje umjetnikov jedinstveni stil i tehniku. Nastala 1937., slika je nadrealisti\u010dko remek-djelo koje karakteriziraju snolike slike i upotreba simbolizma.<\/p>\n<p>Slika prikazuje mu\u0161karca i \u017eenu u romanti\u010dnom zagrljaju, pri \u010demu mu\u0161karac u jednoj ruci dr\u017ei ru\u017eu, a u drugoj lubanju. U pozadini slike je neplodna okolina s nekoliko malih stabala i udaljenim planinskim lancem. Boje kori\u0161tene na slici su prigu\u0161ene, dominiraju sive i sme\u0111e.<\/p>\n<p>Slika se smatra remek-djelom nadrealizma jer istra\u017euje ljudske emocije i \u017eelje. Mu\u0161karac i \u017eena na slici simboliziraju ljubav i \u017eelju koju ljudi osje\u0107aju jedni prema drugima. Cvijet i lubanja tako\u0111er su simboli prolaznosti \u017eivota i ljubavi. Goli krajolik u pozadini metafora je usamljenosti i izolacije koji \u010desto prate te emocije.<\/p>\n<p>&#8220;Sentimentalni razgovor smatra se jednim od Dal\u00edjevih najva\u017enijih djela, a mnogi je smatraju jednom od najve\u0107ih slika 20. stolje\u0107a. Slika se trenutno nalazi u Muzeju Salvadora Dalija u St. Petersburgu, Florida, i smatra se nezaobilazno mjesto za ljubitelje umjetnosti.<\/p>\n<p>Sveukupno, &#8220;Sentimentalni razgovor&#8221; slika je koja prikazuje jedinstveni stil i tehniku \u200b\u200bSalvadora Dal\u00edja i koja nastavlja nadahnjivati \u200b\u200bi odu\u0161evljavati ljubitelje umjetnosti diljem svijeta. Slika se nalazi u mnogim muzejima diljem svijeta i smatra se remek-djelom nadrealizma. Tako\u0111er je velika inspiracija za studente i ljubitelje umjetnosti.<\/p>\n","protected":false},"excerpt":{"rendered":"<p>Salvador Dali &#8211; sentimentalni kolokvij &nbsp; Godina stvaranja: 1948. Izvorna veli\u010dina: 47 cm x 26 cm Stil bojanja: Nadrealizam Izvorna tehnika: Ulje na platnu Lokacija: Muzej Salvadora Dal\u00edja, St. Petersburgu, Florida Sentimentalni razgovor Salvadora Dalija slika je koja prikazuje umjetnikov jedinstveni stil i tehniku. Nastala 1937., slika je nadrealisti\u010dko remek-djelo [&hellip;]<\/p>\n","protected":false},"featured_media":20670,"template":"","meta":{"_acf_changed":false},"product_brand":[],"product_cat":[3396],"product_tag":[4094,4069,4070,4095,4071],"class_list":{"0":"post-28078","1":"product","2":"type-product","3":"status-publish","4":"has-post-thumbnail","6":"product_cat-salvador-dali","7":"product_tag-dali-hr","8":"product_tag-reprodukcija-hr","9":"product_tag-reprodukcije-hr","10":"product_tag-salvador-dali-hr","11":"product_tag-slikar-hr","12":"pa_dimenzija-110-x-60-cm","13":"pa_dimenzija-130-x-70-cm","14":"pa_dimenzija-150-x-80-cm","15":"pa_dimenzija-180-x-100-cm","16":"pa_dimenzija-230-x-130-cm","17":"pa_dimenzija-47-x-26-cm","18":"pa_dimenzija-70-x-40-cm","19":"pa_dimenzija-90-x-50-cm","20":"pa_oblika-horizontalno","21":"pa_okvir-bez-okvira","22":"pa_podokvir-bez-podokvira","23":"pa_podokvir-sa-podokvirom","25":"first","26":"onbackorder","27":"purchasable","28":"product-type-variable","29":"has-default-attributes"},"acf":[],"yoast_head":"<!-- This site is optimized with the Yoast SEO Premium plugin v26.0 (Yoast SEO v27.2) - https:\/\/yoast.com\/product\/yoast-seo-premium-wordpress\/ -->\n<title>Salvador Dali - Sentimental Colloquy - SVETSLIK.SI - 100% ru\u010dno naslikano<\/title>\n<meta name=\"description\" content=\"Salvador Dali - Sentimental Colloquy - 100 % ru\u010dno naslikana reprodukcija umjetni\u010dke slike na platnu. Okvirivanje slika, prodaja in izrada slika u dimenzijama po narud\u017ebi.\" \/>\n<meta name=\"robots\" content=\"index, follow, max-snippet:-1, max-image-preview:large, max-video-preview:-1\" \/>\n<link rel=\"canonical\" href=\"https:\/\/svetslik.si\/hr\/salvador-dali\/sentimental-colloquy\/\" \/>\n<meta property=\"og:locale\" content=\"hr_HR\" \/>\n<meta property=\"og:type\" content=\"article\" \/>\n<meta property=\"og:title\" content=\"Salvador Dali - Sentimental Colloquy\" \/>\n<meta property=\"og:description\" content=\"100% ro\u010dno naslikane slike na platnu, reprodukcije znanih slikarjev in umetni\u0161ke slike po naro\u010dilu.\" \/>\n<meta property=\"og:url\" content=\"https:\/\/svetslik.si\/hr\/salvador-dali\/sentimental-colloquy\/\" \/>\n<meta property=\"og:site_name\" content=\"SVETSLIK.SI\" \/>\n<meta property=\"article:publisher\" content=\"https:\/\/www.facebook.com\/svetslik.si\" \/>\n<meta property=\"article:modified_time\" content=\"2024-07-04T14:09:51+00:00\" \/>\n<meta property=\"og:image\" content=\"https:\/\/svetslik.si\/wp-content\/uploads\/2021\/08\/image_Sentimental-Colloquy_680.jpg\" \/>\n\t<meta property=\"og:image:width\" content=\"1240\" \/>\n\t<meta property=\"og:image:height\" content=\"668\" \/>\n\t<meta property=\"og:image:type\" content=\"image\/jpeg\" \/>\n<meta name=\"twitter:card\" content=\"summary_large_image\" \/>\n<meta name=\"twitter:site\" content=\"@svetslik\" \/>\n<meta name=\"twitter:label1\" content=\"Availability\" \/>\n\t<meta name=\"twitter:data1\" content=\"On backorder\" \/>\n<script type=\"application\/ld+json\" class=\"yoast-schema-graph\">{\"@context\":\"https:\/\/schema.org\",\"@graph\":[{\"@type\":[\"WebPage\",\"ItemPage\"],\"@id\":\"https:\/\/svetslik.si\/hr\/salvador-dali\/sentimental-colloquy\/\",\"url\":\"https:\/\/svetslik.si\/hr\/salvador-dali\/sentimental-colloquy\/\",\"name\":\"Salvador Dali - Sentimental Colloquy - SVETSLIK.SI - 100% ru\u010dno naslikano\",\"isPartOf\":{\"@id\":\"https:\/\/svetslik.si\/hr\/#website\"},\"primaryImageOfPage\":{\"@id\":\"https:\/\/svetslik.si\/hr\/salvador-dali\/sentimental-colloquy\/#primaryimage\"},\"image\":{\"@id\":\"https:\/\/svetslik.si\/hr\/salvador-dali\/sentimental-colloquy\/#primaryimage\"},\"thumbnailUrl\":\"https:\/\/svetslik.si\/wp-content\/uploads\/2021\/08\/image_Sentimental-Colloquy_680.jpg\",\"datePublished\":\"2021-09-02T16:00:59+00:00\",\"dateModified\":\"2024-07-04T14:09:51+00:00\",\"description\":\"Salvador Dali - Sentimental Colloquy - 100 % ru\u010dno naslikana reprodukcija umjetni\u010dke slike na platnu. Okvirivanje slika, prodaja in izrada slika u dimenzijama po narud\u017ebi.\",\"breadcrumb\":{\"@id\":\"https:\/\/svetslik.si\/hr\/salvador-dali\/sentimental-colloquy\/#breadcrumb\"},\"inLanguage\":\"hr\",\"potentialAction\":[{\"@type\":\"ReadAction\",\"target\":[\"https:\/\/svetslik.si\/hr\/salvador-dali\/sentimental-colloquy\/\"]}]},{\"@type\":\"ImageObject\",\"inLanguage\":\"hr\",\"@id\":\"https:\/\/svetslik.si\/hr\/salvador-dali\/sentimental-colloquy\/#primaryimage\",\"url\":\"https:\/\/svetslik.si\/wp-content\/uploads\/2021\/08\/image_Sentimental-Colloquy_680.jpg\",\"contentUrl\":\"https:\/\/svetslik.si\/wp-content\/uploads\/2021\/08\/image_Sentimental-Colloquy_680.jpg\",\"width\":1240,\"height\":668,\"caption\":\"Salvador Dali - Sentimentalni razgovor - Ru\u010dno naslikane reprodukcije poznatih slikara, moderne zidne slike, umjetni\u010dke slike za na zid\"},{\"@type\":\"BreadcrumbList\",\"@id\":\"https:\/\/svetslik.si\/hr\/salvador-dali\/sentimental-colloquy\/#breadcrumb\",\"itemListElement\":[{\"@type\":\"ListItem\",\"position\":1,\"name\":\"Umjetni\u010dke zidne slike na platnu\",\"item\":\"https:\/\/svetslik.si\/hr\/\"},{\"@type\":\"ListItem\",\"position\":2,\"name\":\"Prodaja slika\",\"item\":\"https:\/\/svetslik.si\/prodaja-slik\/\"},{\"@type\":\"ListItem\",\"position\":3,\"name\":\"Salvador Dali &#8211; Sentimental Colloquy\"}]},{\"@type\":\"WebSite\",\"@id\":\"https:\/\/svetslik.si\/hr\/#website\",\"url\":\"https:\/\/svetslik.si\/hr\/\",\"name\":\"SVETSLIK.SI\",\"description\":\"100% ru\u010dno naslikane reprodukcije slika poznatih slikara in umjetni\u010dke zidne slike na platnu.\",\"publisher\":{\"@id\":\"https:\/\/svetslik.si\/hr\/#organization\"},\"potentialAction\":[{\"@type\":\"SearchAction\",\"target\":{\"@type\":\"EntryPoint\",\"urlTemplate\":\"https:\/\/svetslik.si\/hr\/?s={search_term_string}\"},\"query-input\":{\"@type\":\"PropertyValueSpecification\",\"valueRequired\":true,\"valueName\":\"search_term_string\"}}],\"inLanguage\":\"hr\"},{\"@type\":\"Organization\",\"@id\":\"https:\/\/svetslik.si\/hr\/#organization\",\"name\":\"SvetSlik.si\",\"url\":\"https:\/\/svetslik.si\/hr\/\",\"logo\":{\"@type\":\"ImageObject\",\"inLanguage\":\"hr\",\"@id\":\"https:\/\/svetslik.si\/hr\/#\/schema\/logo\/image\/\",\"url\":\"https:\/\/svetslik.si\/wp-content\/uploads\/2020\/12\/logo-512.png\",\"contentUrl\":\"https:\/\/svetslik.si\/wp-content\/uploads\/2020\/12\/logo-512.png\",\"width\":512,\"height\":512,\"caption\":\"SvetSlik.si\"},\"image\":{\"@id\":\"https:\/\/svetslik.si\/hr\/#\/schema\/logo\/image\/\"},\"sameAs\":[\"https:\/\/www.facebook.com\/svetslik.si\",\"https:\/\/x.com\/svetslik\",\"https:\/\/www.instagram.com\/svetslik.si\/\",\"https:\/\/www.linkedin.com\/company\/svetslik-si\"]}]}<\/script>\n<meta property=\"og:availability\" content=\"backorder\" \/>\n<meta property=\"product:availability\" content=\"available for order\" \/>\n<meta property=\"product:retailer_item_id\" content=\"354__\" \/>\n<meta property=\"product:condition\" content=\"new\" \/>\n<!-- \/ Yoast SEO Premium plugin. -->","yoast_head_json":{"title":"Salvador Dali - Sentimental Colloquy - SVETSLIK.SI - 100% ru\u010dno naslikano","description":"Salvador Dali - Sentimental Colloquy - 100 % ru\u010dno naslikana reprodukcija umjetni\u010dke slike na platnu. Okvirivanje slika, prodaja in izrada slika u dimenzijama po narud\u017ebi.","robots":{"index":"index","follow":"follow","max-snippet":"max-snippet:-1","max-image-preview":"max-image-preview:large","max-video-preview":"max-video-preview:-1"},"canonical":"https:\/\/svetslik.si\/hr\/salvador-dali\/sentimental-colloquy\/","og_locale":"hr_HR","og_type":"article","og_title":"Salvador Dali - Sentimental Colloquy","og_description":"100% ro\u010dno naslikane slike na platnu, reprodukcije znanih slikarjev in umetni\u0161ke slike po naro\u010dilu.","og_url":"https:\/\/svetslik.si\/hr\/salvador-dali\/sentimental-colloquy\/","og_site_name":"SVETSLIK.SI","article_publisher":"https:\/\/www.facebook.com\/svetslik.si","article_modified_time":"2024-07-04T14:09:51+00:00","og_image":[{"width":1240,"height":668,"url":"https:\/\/svetslik.si\/wp-content\/uploads\/2021\/08\/image_Sentimental-Colloquy_680.jpg","type":"image\/jpeg"}],"twitter_card":"summary_large_image","twitter_site":"@svetslik","twitter_misc":{"Availability":"On backorder"},"schema":{"@context":"https:\/\/schema.org","@graph":[{"@type":["WebPage","ItemPage"],"@id":"https:\/\/svetslik.si\/hr\/salvador-dali\/sentimental-colloquy\/","url":"https:\/\/svetslik.si\/hr\/salvador-dali\/sentimental-colloquy\/","name":"Salvador Dali - Sentimental Colloquy - SVETSLIK.SI - 100% ru\u010dno naslikano","isPartOf":{"@id":"https:\/\/svetslik.si\/hr\/#website"},"primaryImageOfPage":{"@id":"https:\/\/svetslik.si\/hr\/salvador-dali\/sentimental-colloquy\/#primaryimage"},"image":{"@id":"https:\/\/svetslik.si\/hr\/salvador-dali\/sentimental-colloquy\/#primaryimage"},"thumbnailUrl":"https:\/\/svetslik.si\/wp-content\/uploads\/2021\/08\/image_Sentimental-Colloquy_680.jpg","datePublished":"2021-09-02T16:00:59+00:00","dateModified":"2024-07-04T14:09:51+00:00","description":"Salvador Dali - Sentimental Colloquy - 100 % ru\u010dno naslikana reprodukcija umjetni\u010dke slike na platnu. Okvirivanje slika, prodaja in izrada slika u dimenzijama po narud\u017ebi.","breadcrumb":{"@id":"https:\/\/svetslik.si\/hr\/salvador-dali\/sentimental-colloquy\/#breadcrumb"},"inLanguage":"hr","potentialAction":[{"@type":"ReadAction","target":["https:\/\/svetslik.si\/hr\/salvador-dali\/sentimental-colloquy\/"]}]},{"@type":"ImageObject","inLanguage":"hr","@id":"https:\/\/svetslik.si\/hr\/salvador-dali\/sentimental-colloquy\/#primaryimage","url":"https:\/\/svetslik.si\/wp-content\/uploads\/2021\/08\/image_Sentimental-Colloquy_680.jpg","contentUrl":"https:\/\/svetslik.si\/wp-content\/uploads\/2021\/08\/image_Sentimental-Colloquy_680.jpg","width":1240,"height":668,"caption":"Salvador Dali - Sentimentalni razgovor - Ru\u010dno naslikane reprodukcije poznatih slikara, moderne zidne slike, umjetni\u010dke slike za na zid"},{"@type":"BreadcrumbList","@id":"https:\/\/svetslik.si\/hr\/salvador-dali\/sentimental-colloquy\/#breadcrumb","itemListElement":[{"@type":"ListItem","position":1,"name":"Umjetni\u010dke zidne slike na platnu","item":"https:\/\/svetslik.si\/hr\/"},{"@type":"ListItem","position":2,"name":"Prodaja slika","item":"https:\/\/svetslik.si\/prodaja-slik\/"},{"@type":"ListItem","position":3,"name":"Salvador Dali &#8211; Sentimental Colloquy"}]},{"@type":"WebSite","@id":"https:\/\/svetslik.si\/hr\/#website","url":"https:\/\/svetslik.si\/hr\/","name":"SVETSLIK.SI","description":"100% ru\u010dno naslikane reprodukcije slika poznatih slikara in umjetni\u010dke zidne slike na platnu.","publisher":{"@id":"https:\/\/svetslik.si\/hr\/#organization"},"potentialAction":[{"@type":"SearchAction","target":{"@type":"EntryPoint","urlTemplate":"https:\/\/svetslik.si\/hr\/?s={search_term_string}"},"query-input":{"@type":"PropertyValueSpecification","valueRequired":true,"valueName":"search_term_string"}}],"inLanguage":"hr"},{"@type":"Organization","@id":"https:\/\/svetslik.si\/hr\/#organization","name":"SvetSlik.si","url":"https:\/\/svetslik.si\/hr\/","logo":{"@type":"ImageObject","inLanguage":"hr","@id":"https:\/\/svetslik.si\/hr\/#\/schema\/logo\/image\/","url":"https:\/\/svetslik.si\/wp-content\/uploads\/2020\/12\/logo-512.png","contentUrl":"https:\/\/svetslik.si\/wp-content\/uploads\/2020\/12\/logo-512.png","width":512,"height":512,"caption":"SvetSlik.si"},"image":{"@id":"https:\/\/svetslik.si\/hr\/#\/schema\/logo\/image\/"},"sameAs":["https:\/\/www.facebook.com\/svetslik.si","https:\/\/x.com\/svetslik","https:\/\/www.instagram.com\/svetslik.si\/","https:\/\/www.linkedin.com\/company\/svetslik-si"]}]},"og_availability":"backorder","product_availability":"available for order","product_retailer_item_id":"354__","product_condition":"new"},"jetpack_sharing_enabled":true,"_links":{"self":[{"href":"https:\/\/svetslik.si\/hr\/wp-json\/wp\/v2\/product\/28078","targetHints":{"allow":["GET"]}}],"collection":[{"href":"https:\/\/svetslik.si\/hr\/wp-json\/wp\/v2\/product"}],"about":[{"href":"https:\/\/svetslik.si\/hr\/wp-json\/wp\/v2\/types\/product"}],"wp:featuredmedia":[{"embeddable":true,"href":"https:\/\/svetslik.si\/hr\/wp-json\/wp\/v2\/media\/20670"}],"wp:attachment":[{"href":"https:\/\/svetslik.si\/hr\/wp-json\/wp\/v2\/media?parent=28078"}],"wp:term":[{"taxonomy":"product_brand","embeddable":true,"href":"https:\/\/svetslik.si\/hr\/wp-json\/wp\/v2\/product_brand?post=28078"},{"taxonomy":"product_cat","embeddable":true,"href":"https:\/\/svetslik.si\/hr\/wp-json\/wp\/v2\/product_cat?post=28078"},{"taxonomy":"product_tag","embeddable":true,"href":"https:\/\/svetslik.si\/hr\/wp-json\/wp\/v2\/product_tag?post=28078"}],"curies":[{"name":"wp","href":"https:\/\/api.w.org\/{rel}","templated":true}]}}