{"id":28096,"date":"2021-09-02T18:00:44","date_gmt":"2021-09-02T16:00:44","guid":{"rendered":"https:\/\/svetslik.si\/Bez%20kategorije\/study-for-the-dream-sequence-in-spellbound\/"},"modified":"2025-11-02T21:41:53","modified_gmt":"2025-11-02T20:41:53","slug":"study-for-the-dream-sequence-in-spellbound","status":"publish","type":"product","link":"https:\/\/svetslik.si\/hr\/salvador-dali\/study-for-the-dream-sequence-in-spellbound\/","title":{"rendered":"Salvador Dali &#8211; Study for the dream sequence in Spellbound"},"content":{"rendered":"<div class=\"wpb-content-wrapper\">[vc_row][vc_column][vc_column_text css=&#8221;&#8221;]\n<p data-pm-slice=\"1 1 []\"><div class=\"yt-lazy-video ratio-square\" data-id=\"H23bhGRfVzA\"><\/div>\n[\/vc_column][\/vc_row][vc_row css=&#8221;.vc_custom_1714247889896{margin-bottom: 10px !important;}&#8221;][vc_column]\t<div class=\"et-image-292 et-image     et_image_link\">\n\t\t<div class=\"et-image-inner \">\n\t\t\t\t\t\t\t<div class=\"et-image-thumb \">\n\t\t\t\t\t<img decoding=\"async\" width=\"1000\" height=\"1044\" src=\"https:\/\/svetslik.si\/wp-content\/uploads\/2021\/09\/Salvador-dali-study-for-the-dream-sequence-in-spellbound-2.jpg\" class=\"attachment-full\" alt=\"Salvador Dali \u2013 Study for the dream sequence in Spellbound\" title=\"Salvador-dali---study-for-the-dream-sequence-in-spellbound-2\" srcset=\"https:\/\/svetslik.si\/wp-content\/uploads\/2021\/09\/Salvador-dali-study-for-the-dream-sequence-in-spellbound-2.jpg 1000w, https:\/\/svetslik.si\/wp-content\/uploads\/2021\/09\/Salvador-dali-study-for-the-dream-sequence-in-spellbound-2-600x626.jpg 600w, https:\/\/svetslik.si\/wp-content\/uploads\/2021\/09\/Salvador-dali-study-for-the-dream-sequence-in-spellbound-2-287x300.jpg 287w, https:\/\/svetslik.si\/wp-content\/uploads\/2021\/09\/Salvador-dali-study-for-the-dream-sequence-in-spellbound-2-981x1024.jpg 981w, https:\/\/svetslik.si\/wp-content\/uploads\/2021\/09\/Salvador-dali-study-for-the-dream-sequence-in-spellbound-2-768x802.jpg 768w, https:\/\/svetslik.si\/wp-content\/uploads\/2021\/09\/Salvador-dali-study-for-the-dream-sequence-in-spellbound-2-144x150.jpg 144w, https:\/\/svetslik.si\/wp-content\/uploads\/2021\/09\/Salvador-dali-study-for-the-dream-sequence-in-spellbound-2-900x940.jpg 900w\" sizes=\"(max-width: 1000px) 100vw, 1000px\" \/>\t\t\t\t<\/div>\n\t\t\t\t\t\t\t\t\t\t\t<\/div>\n\t<\/div>\n  [\/vc_column][\/vc_row][vc_row css=&#8221;.vc_custom_1714247889896{margin-bottom: 10px !important;}&#8221;][vc_column]\t<div class=\"et-image-78 et-image     et_image_link\">\n\t\t<div class=\"et-image-inner \">\n\t\t\t\t\t\t\t<div class=\"et-image-thumb \">\n\t\t\t\t\t<img decoding=\"async\" width=\"1000\" height=\"1018\" src=\"https:\/\/svetslik.si\/wp-content\/uploads\/2021\/09\/Salvador-dali-study-for-the-dream-sequence-in-spellbound.jpg\" class=\"attachment-full\" alt=\"Salvador Dali \u2013 Study for the dream sequence in Spellbound\" title=\"Salvador-dali---study-for-the-dream-sequence-in-spellbound\" srcset=\"https:\/\/svetslik.si\/wp-content\/uploads\/2021\/09\/Salvador-dali-study-for-the-dream-sequence-in-spellbound.jpg 1000w, https:\/\/svetslik.si\/wp-content\/uploads\/2021\/09\/Salvador-dali-study-for-the-dream-sequence-in-spellbound-600x611.jpg 600w, https:\/\/svetslik.si\/wp-content\/uploads\/2021\/09\/Salvador-dali-study-for-the-dream-sequence-in-spellbound-295x300.jpg 295w, https:\/\/svetslik.si\/wp-content\/uploads\/2021\/09\/Salvador-dali-study-for-the-dream-sequence-in-spellbound-768x782.jpg 768w, https:\/\/svetslik.si\/wp-content\/uploads\/2021\/09\/Salvador-dali-study-for-the-dream-sequence-in-spellbound-147x150.jpg 147w, https:\/\/svetslik.si\/wp-content\/uploads\/2021\/09\/Salvador-dali-study-for-the-dream-sequence-in-spellbound-900x916.jpg 900w\" sizes=\"(max-width: 1000px) 100vw, 1000px\" \/>\t\t\t\t<\/div>\n\t\t\t\t\t\t\t\t\t\t\t<\/div>\n\t<\/div>\n  [\/vc_column][\/vc_row][vc_row][vc_column][vc_column_text]\n<h1>Salvador Dali &#8211; Studija za sekvencu sna u Spellbound<\/h1>\n<p>&nbsp;<\/p>\n<table style=\"width: 673px;\" border=\"0\" width=\"673\" cellspacing=\"0\" cellpadding=\"0\">\n<tbody>\n<tr>\n<td style=\"width: 180px; height: 21px;\" height=\"21\">Godina nastanka:<\/td>\n<td style=\"width: 493px;\">1944.<\/td>\n<\/tr>\n<tr>\n<td style=\"width: 180px; height: 21px;\" height=\"21\">Izvorna veli\u010dina:<\/td>\n<td style=\"width: 493px;\">84 cm x 58,7 cm<\/td>\n<\/tr>\n<tr>\n<td style=\"width: 180px; height: 21px;\" height=\"21\">Stil bojanja:<\/td>\n<td>\n<div>\n<div>\n<div>\n<div>\n<div>Nadrealizam<\/div>\n<\/div>\n<\/div>\n<\/div>\n<\/div>\n<\/td>\n<\/tr>\n<tr>\n<td style=\"width: 180px; height: 21px;\" height=\"21\">Izvorna tehnika:<\/td>\n<td>Ulje na platnu<\/td>\n<\/tr>\n<tr>\n<td style=\"width: 180px; height: 21px;\" height=\"21\">Lokacija:<\/td>\n<td>Privatna zbirka<\/td>\n<\/tr>\n<\/tbody>\n<colgroup>\n<col \/>\n<col \/> <\/colgroup>\n<\/table>\n<p>Slika &#8220;Studija za sekvencu sna u filmu Za\u010darani&#8221; Salvadora Dal\u00edja odra\u017eava jedinstveni stil nadrealisti\u010dkog umjetnika i njegovu sposobnost spajanja stvarnog i fantasti\u010dnog. Slika je nastala 1945. godine kao studija za sekvencu sna u hollywoodskom filmu Spellbound redatelja Alfreda Hitchcocka.<\/p>\n<p>Slika ima Dal\u00edjevu prepoznatljivu temu topljenja satova, koja ilustrira fluidnost vremena i iracionalnost podsvjesnog uma. Satovi su postavljeni na pozadini pustog krajolika s vijugavom cestom koja vodi do figure u daljini. Figura koja predstavlja samog umjetnika sjedi na stijeni i dr\u017ei klju\u010d, predmet koji se \u010desto povezuje s otklju\u010davanjem tajni podsvijesti.<\/p>\n<p>Slika se smatra remek-djelom Dal\u00edjeva zrelog razdoblja, kada je u potpunosti prihvatio nadrealizam i po\u010deo u svoj rad unositi elemente psihoanaliti\u010dke teorije. Kompozicija slike pa\u017eljivo je uravnote\u017eena, a upotreba boja je upe\u010datljiva. Kori\u0161tenje toplih i hladnih boja stvara osje\u0107aj dubine, a kontrasti izme\u0111u svijetlog i tamnog iskori\u0161teni su za odli\u010dan u\u010dinak.<\/p>\n<p>&#8220;Studija za sekvencu snova u Spellboundu&#8221; je slika koja nastavlja fascinirati ljubitelje umjetnosti i kriti\u010dare. To je savr\u0161en primjer Dal\u00edjeve sposobnosti da pomije\u0161a stvarno i fantasti\u010dno, stvaraju\u0107i osje\u0107aj misterije i intrige. Slika je dokaz Dal\u00edjeve umjetni\u010dke vje\u0161tine i njegove sposobnosti da stvori djela koja su i lijepa i poti\u010du na razmi\u0161ljanje. Slika se smatra jednim od Dal\u00edjevih najva\u017enijih djela i mo\u017ee se prona\u0107i u stalnoj kolekciji mnogih velikih umjetni\u010dkih muzeja diljem svijeta, uklju\u010duju\u0107i Muzej Salvadora Dal\u00edja u St. Petersburgu na Floridi i Muzej moderne umjetnosti u New Yorku.<\/p>\n<\/div>","protected":false},"excerpt":{"rendered":"<p>[vc_row][vc_column][vc_column_text css=&#8221;&#8221;] [\/vc_column][\/vc_row][vc_row css=&#8221;.vc_custom_1714247889896{margin-bottom: 10px !important;}&#8221;][vc_column][\/vc_column][\/vc_row][vc_row css=&#8221;.vc_custom_1714247889896{margin-bottom: 10px !important;}&#8221;][vc_column][\/vc_column][\/vc_row][vc_row][vc_column][vc_column_text] Salvador Dali &#8211; Studija za sekvencu sna u Spellbound &nbsp; Godina nastanka: 1944. Izvorna veli\u010dina: 84 cm x 58,7 cm Stil bojanja: Nadrealizam Izvorna tehnika: Ulje na platnu Lokacija: Privatna zbirka Slika &#8220;Studija za sekvencu sna u filmu Za\u010darani&#8221; Salvadora Dal\u00edja [&hellip;]<\/p>\n","protected":false},"featured_media":20756,"template":"","meta":{"_acf_changed":false},"product_brand":[],"product_cat":[3396],"product_tag":[4094,4069,4070,4095,4071],"class_list":{"0":"post-28096","1":"product","2":"type-product","3":"status-publish","4":"has-post-thumbnail","6":"product_cat-salvador-dali","7":"product_tag-dali-hr","8":"product_tag-reprodukcija-hr","9":"product_tag-reprodukcije-hr","10":"product_tag-salvador-dali-hr","11":"product_tag-slikar-hr","12":"pa_dimenzija-100-x-70-cm","13":"pa_dimenzija-120-x-80-cm","14":"pa_dimenzija-150-x-110-cm","15":"pa_dimenzija-180-x-130-cm","16":"pa_dimenzija-200-x-140-cm","17":"pa_dimenzija-60-x-40-cm","18":"pa_dimenzija-70-x-50-cm","19":"pa_dimenzija-84-x-59-cm","20":"pa_oblika-horizontalno","21":"pa_okvir-bez-okvira","22":"pa_podokvir-bez-podokvira","23":"pa_podokvir-sa-podokvirom","25":"first","26":"onbackorder","27":"purchasable","28":"product-type-variable","29":"has-default-attributes"},"acf":[],"yoast_head":"<!-- This site is optimized with the Yoast SEO Premium plugin v26.0 (Yoast SEO v27.2) - https:\/\/yoast.com\/product\/yoast-seo-premium-wordpress\/ -->\n<title>Salvador Dali - Study for the dream sequence in Spellbound - SVETSLIK.SI - 100% ru\u010dno naslikano<\/title>\n<meta name=\"description\" content=\"Salvador Dali - Study for the dream sequence in Spellbound - 100 % ru\u010dno naslikana reprodukcija umjetni\u010dke slike na platnu. Okvirivanje slika, prodaja in izrada slika u dimenzijama po narud\u017ebi.\" \/>\n<meta name=\"robots\" content=\"index, follow, max-snippet:-1, max-image-preview:large, max-video-preview:-1\" \/>\n<link rel=\"canonical\" href=\"https:\/\/svetslik.si\/hr\/salvador-dali\/study-for-the-dream-sequence-in-spellbound\/\" \/>\n<meta property=\"og:locale\" content=\"hr_HR\" \/>\n<meta property=\"og:type\" content=\"article\" \/>\n<meta property=\"og:title\" content=\"Salvador Dali - Study for the dream sequence in Spellbound\" \/>\n<meta property=\"og:description\" content=\"100% ro\u010dno naslikane slike na platnu, reprodukcije znanih slikarjev in umetni\u0161ke slike po naro\u010dilu.\" \/>\n<meta property=\"og:url\" content=\"https:\/\/svetslik.si\/hr\/salvador-dali\/study-for-the-dream-sequence-in-spellbound\/\" \/>\n<meta property=\"og:site_name\" content=\"SVETSLIK.SI\" \/>\n<meta property=\"article:publisher\" content=\"https:\/\/www.facebook.com\/svetslik.si\" \/>\n<meta property=\"article:modified_time\" content=\"2025-11-02T20:41:53+00:00\" \/>\n<meta property=\"og:image\" content=\"https:\/\/svetslik.si\/wp-content\/uploads\/2021\/08\/image_Study-for-the-dream-sequence-in-Spellbound_680.jpg\" \/>\n\t<meta property=\"og:image:width\" content=\"680\" \/>\n\t<meta property=\"og:image:height\" content=\"475\" \/>\n\t<meta property=\"og:image:type\" content=\"image\/jpeg\" \/>\n<meta name=\"twitter:card\" content=\"summary_large_image\" \/>\n<meta name=\"twitter:site\" content=\"@svetslik\" \/>\n<meta name=\"twitter:label1\" content=\"Availability\" \/>\n\t<meta name=\"twitter:data1\" content=\"On backorder\" \/>\n<script type=\"application\/ld+json\" class=\"yoast-schema-graph\">{\"@context\":\"https:\/\/schema.org\",\"@graph\":[{\"@type\":[\"WebPage\",\"ItemPage\"],\"@id\":\"https:\/\/svetslik.si\/hr\/salvador-dali\/study-for-the-dream-sequence-in-spellbound\/\",\"url\":\"https:\/\/svetslik.si\/hr\/salvador-dali\/study-for-the-dream-sequence-in-spellbound\/\",\"name\":\"Salvador Dali - Study for the dream sequence in Spellbound - SVETSLIK.SI - 100% ru\u010dno naslikano\",\"isPartOf\":{\"@id\":\"https:\/\/svetslik.si\/hr\/#website\"},\"primaryImageOfPage\":{\"@id\":\"https:\/\/svetslik.si\/hr\/salvador-dali\/study-for-the-dream-sequence-in-spellbound\/#primaryimage\"},\"image\":{\"@id\":\"https:\/\/svetslik.si\/hr\/salvador-dali\/study-for-the-dream-sequence-in-spellbound\/#primaryimage\"},\"thumbnailUrl\":\"https:\/\/svetslik.si\/wp-content\/uploads\/2021\/08\/image_Study-for-the-dream-sequence-in-Spellbound_680.jpg\",\"datePublished\":\"2021-09-02T16:00:44+00:00\",\"dateModified\":\"2025-11-02T20:41:53+00:00\",\"description\":\"Salvador Dali - Study for the dream sequence in Spellbound - 100 % ru\u010dno naslikana reprodukcija umjetni\u010dke slike na platnu. Okvirivanje slika, prodaja in izrada slika u dimenzijama po narud\u017ebi.\",\"breadcrumb\":{\"@id\":\"https:\/\/svetslik.si\/hr\/salvador-dali\/study-for-the-dream-sequence-in-spellbound\/#breadcrumb\"},\"inLanguage\":\"hr\",\"potentialAction\":[{\"@type\":\"ReadAction\",\"target\":[\"https:\/\/svetslik.si\/hr\/salvador-dali\/study-for-the-dream-sequence-in-spellbound\/\"]}]},{\"@type\":\"ImageObject\",\"inLanguage\":\"hr\",\"@id\":\"https:\/\/svetslik.si\/hr\/salvador-dali\/study-for-the-dream-sequence-in-spellbound\/#primaryimage\",\"url\":\"https:\/\/svetslik.si\/wp-content\/uploads\/2021\/08\/image_Study-for-the-dream-sequence-in-Spellbound_680.jpg\",\"contentUrl\":\"https:\/\/svetslik.si\/wp-content\/uploads\/2021\/08\/image_Study-for-the-dream-sequence-in-Spellbound_680.jpg\",\"width\":680,\"height\":475,\"caption\":\"Salvador Dali - Studija za san sekvencu u filmu \\\"Spellbound\\\" - Ru\u010dno naslikane reprodukcije poznatih slikara, moderne zidne slike, umjetni\u010dke slike za zid\"},{\"@type\":\"BreadcrumbList\",\"@id\":\"https:\/\/svetslik.si\/hr\/salvador-dali\/study-for-the-dream-sequence-in-spellbound\/#breadcrumb\",\"itemListElement\":[{\"@type\":\"ListItem\",\"position\":1,\"name\":\"Umjetni\u010dke zidne slike na platnu\",\"item\":\"https:\/\/svetslik.si\/hr\/\"},{\"@type\":\"ListItem\",\"position\":2,\"name\":\"Prodaja slika\",\"item\":\"https:\/\/svetslik.si\/prodaja-slik\/\"},{\"@type\":\"ListItem\",\"position\":3,\"name\":\"Salvador Dali &#8211; Study for the dream sequence in Spellbound\"}]},{\"@type\":\"WebSite\",\"@id\":\"https:\/\/svetslik.si\/hr\/#website\",\"url\":\"https:\/\/svetslik.si\/hr\/\",\"name\":\"SVETSLIK.SI\",\"description\":\"100% ru\u010dno naslikane reprodukcije slika poznatih slikara in umjetni\u010dke zidne slike na platnu.\",\"publisher\":{\"@id\":\"https:\/\/svetslik.si\/hr\/#organization\"},\"potentialAction\":[{\"@type\":\"SearchAction\",\"target\":{\"@type\":\"EntryPoint\",\"urlTemplate\":\"https:\/\/svetslik.si\/hr\/?s={search_term_string}\"},\"query-input\":{\"@type\":\"PropertyValueSpecification\",\"valueRequired\":true,\"valueName\":\"search_term_string\"}}],\"inLanguage\":\"hr\"},{\"@type\":\"Organization\",\"@id\":\"https:\/\/svetslik.si\/hr\/#organization\",\"name\":\"SvetSlik.si\",\"url\":\"https:\/\/svetslik.si\/hr\/\",\"logo\":{\"@type\":\"ImageObject\",\"inLanguage\":\"hr\",\"@id\":\"https:\/\/svetslik.si\/hr\/#\/schema\/logo\/image\/\",\"url\":\"https:\/\/svetslik.si\/wp-content\/uploads\/2020\/12\/logo-512.png\",\"contentUrl\":\"https:\/\/svetslik.si\/wp-content\/uploads\/2020\/12\/logo-512.png\",\"width\":512,\"height\":512,\"caption\":\"SvetSlik.si\"},\"image\":{\"@id\":\"https:\/\/svetslik.si\/hr\/#\/schema\/logo\/image\/\"},\"sameAs\":[\"https:\/\/www.facebook.com\/svetslik.si\",\"https:\/\/x.com\/svetslik\",\"https:\/\/www.instagram.com\/svetslik.si\/\",\"https:\/\/www.linkedin.com\/company\/svetslik-si\"]}]}<\/script>\n<meta property=\"og:availability\" content=\"backorder\" \/>\n<meta property=\"product:availability\" content=\"available for order\" \/>\n<meta property=\"product:retailer_item_id\" content=\"353__\" \/>\n<meta property=\"product:condition\" content=\"new\" \/>\n<!-- \/ Yoast SEO Premium plugin. -->","yoast_head_json":{"title":"Salvador Dali - Study for the dream sequence in Spellbound - SVETSLIK.SI - 100% ru\u010dno naslikano","description":"Salvador Dali - Study for the dream sequence in Spellbound - 100 % ru\u010dno naslikana reprodukcija umjetni\u010dke slike na platnu. Okvirivanje slika, prodaja in izrada slika u dimenzijama po narud\u017ebi.","robots":{"index":"index","follow":"follow","max-snippet":"max-snippet:-1","max-image-preview":"max-image-preview:large","max-video-preview":"max-video-preview:-1"},"canonical":"https:\/\/svetslik.si\/hr\/salvador-dali\/study-for-the-dream-sequence-in-spellbound\/","og_locale":"hr_HR","og_type":"article","og_title":"Salvador Dali - Study for the dream sequence in Spellbound","og_description":"100% ro\u010dno naslikane slike na platnu, reprodukcije znanih slikarjev in umetni\u0161ke slike po naro\u010dilu.","og_url":"https:\/\/svetslik.si\/hr\/salvador-dali\/study-for-the-dream-sequence-in-spellbound\/","og_site_name":"SVETSLIK.SI","article_publisher":"https:\/\/www.facebook.com\/svetslik.si","article_modified_time":"2025-11-02T20:41:53+00:00","og_image":[{"width":680,"height":475,"url":"https:\/\/svetslik.si\/wp-content\/uploads\/2021\/08\/image_Study-for-the-dream-sequence-in-Spellbound_680.jpg","type":"image\/jpeg"}],"twitter_card":"summary_large_image","twitter_site":"@svetslik","twitter_misc":{"Availability":"On backorder"},"schema":{"@context":"https:\/\/schema.org","@graph":[{"@type":["WebPage","ItemPage"],"@id":"https:\/\/svetslik.si\/hr\/salvador-dali\/study-for-the-dream-sequence-in-spellbound\/","url":"https:\/\/svetslik.si\/hr\/salvador-dali\/study-for-the-dream-sequence-in-spellbound\/","name":"Salvador Dali - Study for the dream sequence in Spellbound - SVETSLIK.SI - 100% ru\u010dno naslikano","isPartOf":{"@id":"https:\/\/svetslik.si\/hr\/#website"},"primaryImageOfPage":{"@id":"https:\/\/svetslik.si\/hr\/salvador-dali\/study-for-the-dream-sequence-in-spellbound\/#primaryimage"},"image":{"@id":"https:\/\/svetslik.si\/hr\/salvador-dali\/study-for-the-dream-sequence-in-spellbound\/#primaryimage"},"thumbnailUrl":"https:\/\/svetslik.si\/wp-content\/uploads\/2021\/08\/image_Study-for-the-dream-sequence-in-Spellbound_680.jpg","datePublished":"2021-09-02T16:00:44+00:00","dateModified":"2025-11-02T20:41:53+00:00","description":"Salvador Dali - Study for the dream sequence in Spellbound - 100 % ru\u010dno naslikana reprodukcija umjetni\u010dke slike na platnu. Okvirivanje slika, prodaja in izrada slika u dimenzijama po narud\u017ebi.","breadcrumb":{"@id":"https:\/\/svetslik.si\/hr\/salvador-dali\/study-for-the-dream-sequence-in-spellbound\/#breadcrumb"},"inLanguage":"hr","potentialAction":[{"@type":"ReadAction","target":["https:\/\/svetslik.si\/hr\/salvador-dali\/study-for-the-dream-sequence-in-spellbound\/"]}]},{"@type":"ImageObject","inLanguage":"hr","@id":"https:\/\/svetslik.si\/hr\/salvador-dali\/study-for-the-dream-sequence-in-spellbound\/#primaryimage","url":"https:\/\/svetslik.si\/wp-content\/uploads\/2021\/08\/image_Study-for-the-dream-sequence-in-Spellbound_680.jpg","contentUrl":"https:\/\/svetslik.si\/wp-content\/uploads\/2021\/08\/image_Study-for-the-dream-sequence-in-Spellbound_680.jpg","width":680,"height":475,"caption":"Salvador Dali - Studija za san sekvencu u filmu \"Spellbound\" - Ru\u010dno naslikane reprodukcije poznatih slikara, moderne zidne slike, umjetni\u010dke slike za zid"},{"@type":"BreadcrumbList","@id":"https:\/\/svetslik.si\/hr\/salvador-dali\/study-for-the-dream-sequence-in-spellbound\/#breadcrumb","itemListElement":[{"@type":"ListItem","position":1,"name":"Umjetni\u010dke zidne slike na platnu","item":"https:\/\/svetslik.si\/hr\/"},{"@type":"ListItem","position":2,"name":"Prodaja slika","item":"https:\/\/svetslik.si\/prodaja-slik\/"},{"@type":"ListItem","position":3,"name":"Salvador Dali &#8211; Study for the dream sequence in Spellbound"}]},{"@type":"WebSite","@id":"https:\/\/svetslik.si\/hr\/#website","url":"https:\/\/svetslik.si\/hr\/","name":"SVETSLIK.SI","description":"100% ru\u010dno naslikane reprodukcije slika poznatih slikara in umjetni\u010dke zidne slike na platnu.","publisher":{"@id":"https:\/\/svetslik.si\/hr\/#organization"},"potentialAction":[{"@type":"SearchAction","target":{"@type":"EntryPoint","urlTemplate":"https:\/\/svetslik.si\/hr\/?s={search_term_string}"},"query-input":{"@type":"PropertyValueSpecification","valueRequired":true,"valueName":"search_term_string"}}],"inLanguage":"hr"},{"@type":"Organization","@id":"https:\/\/svetslik.si\/hr\/#organization","name":"SvetSlik.si","url":"https:\/\/svetslik.si\/hr\/","logo":{"@type":"ImageObject","inLanguage":"hr","@id":"https:\/\/svetslik.si\/hr\/#\/schema\/logo\/image\/","url":"https:\/\/svetslik.si\/wp-content\/uploads\/2020\/12\/logo-512.png","contentUrl":"https:\/\/svetslik.si\/wp-content\/uploads\/2020\/12\/logo-512.png","width":512,"height":512,"caption":"SvetSlik.si"},"image":{"@id":"https:\/\/svetslik.si\/hr\/#\/schema\/logo\/image\/"},"sameAs":["https:\/\/www.facebook.com\/svetslik.si","https:\/\/x.com\/svetslik","https:\/\/www.instagram.com\/svetslik.si\/","https:\/\/www.linkedin.com\/company\/svetslik-si"]}]},"og_availability":"backorder","product_availability":"available for order","product_retailer_item_id":"353__","product_condition":"new"},"jetpack_sharing_enabled":true,"_links":{"self":[{"href":"https:\/\/svetslik.si\/hr\/wp-json\/wp\/v2\/product\/28096","targetHints":{"allow":["GET"]}}],"collection":[{"href":"https:\/\/svetslik.si\/hr\/wp-json\/wp\/v2\/product"}],"about":[{"href":"https:\/\/svetslik.si\/hr\/wp-json\/wp\/v2\/types\/product"}],"wp:featuredmedia":[{"embeddable":true,"href":"https:\/\/svetslik.si\/hr\/wp-json\/wp\/v2\/media\/20756"}],"wp:attachment":[{"href":"https:\/\/svetslik.si\/hr\/wp-json\/wp\/v2\/media?parent=28096"}],"wp:term":[{"taxonomy":"product_brand","embeddable":true,"href":"https:\/\/svetslik.si\/hr\/wp-json\/wp\/v2\/product_brand?post=28096"},{"taxonomy":"product_cat","embeddable":true,"href":"https:\/\/svetslik.si\/hr\/wp-json\/wp\/v2\/product_cat?post=28096"},{"taxonomy":"product_tag","embeddable":true,"href":"https:\/\/svetslik.si\/hr\/wp-json\/wp\/v2\/product_tag?post=28096"}],"curies":[{"name":"wp","href":"https:\/\/api.w.org\/{rel}","templated":true}]}}