{"id":28159,"date":"2021-09-02T17:45:53","date_gmt":"2021-09-02T15:45:53","guid":{"rendered":"https:\/\/svetslik.si\/Bez%20kategorije\/soft-watch-at-the-moment-of-first-explosio\/"},"modified":"2024-07-04T16:10:11","modified_gmt":"2024-07-04T14:10:11","slug":"soft-watch-at-the-moment-of-first-explosio","status":"publish","type":"product","link":"https:\/\/svetslik.si\/hr\/salvador-dali\/soft-watch-at-the-moment-of-first-explosio\/","title":{"rendered":"Salvador Dali &#8211; Soft Watch at the Moment of First Explosion"},"content":{"rendered":"<div class=\"wpb-content-wrapper\">[vc_row css=&#8221;.vc_custom_1705593083345{margin-bottom: 10px !important;}&#8221;][vc_column]\t<div class=\"et-image-822 et-image     et_image_link\">\n\t\t<div class=\"et-image-inner \">\n\t\t\t\t\t\t\t<div class=\"et-image-thumb \">\n\t\t\t\t\t<img decoding=\"async\" width=\"1000\" height=\"898\" src=\"https:\/\/svetslik.si\/wp-content\/uploads\/2021\/09\/Salvador-Dali-\u2013-Soft-Watch-at-the-Moment-of-First-Explosion-reprodukcija-slike-na-platnu.jpg\" class=\"attachment-full\" alt=\"Salvador Dali \u2013 Soft Watch at the Moment of First Explosion reprodukcija slike na platnu\" title=\"Salvador-Dali-\u2013-Soft-Watch-at-the-Moment-of-First-Explosion-reprodukcija-slike-na-platnu\" srcset=\"https:\/\/svetslik.si\/wp-content\/uploads\/2021\/09\/Salvador-Dali-\u2013-Soft-Watch-at-the-Moment-of-First-Explosion-reprodukcija-slike-na-platnu.jpg 1000w, https:\/\/svetslik.si\/wp-content\/uploads\/2021\/09\/Salvador-Dali-\u2013-Soft-Watch-at-the-Moment-of-First-Explosion-reprodukcija-slike-na-platnu-600x539.jpg 600w, https:\/\/svetslik.si\/wp-content\/uploads\/2021\/09\/Salvador-Dali-\u2013-Soft-Watch-at-the-Moment-of-First-Explosion-reprodukcija-slike-na-platnu-300x269.jpg 300w, https:\/\/svetslik.si\/wp-content\/uploads\/2021\/09\/Salvador-Dali-\u2013-Soft-Watch-at-the-Moment-of-First-Explosion-reprodukcija-slike-na-platnu-768x690.jpg 768w, https:\/\/svetslik.si\/wp-content\/uploads\/2021\/09\/Salvador-Dali-\u2013-Soft-Watch-at-the-Moment-of-First-Explosion-reprodukcija-slike-na-platnu-150x135.jpg 150w, https:\/\/svetslik.si\/wp-content\/uploads\/2021\/09\/Salvador-Dali-\u2013-Soft-Watch-at-the-Moment-of-First-Explosion-reprodukcija-slike-na-platnu-900x808.jpg 900w\" sizes=\"(max-width: 1000px) 100vw, 1000px\" \/>\t\t\t\t<\/div>\n\t\t\t\t\t\t\t\t\t\t\t<\/div>\n\t<\/div>\n  [\/vc_column][\/vc_row][vc_row css=&#8221;.vc_custom_1705593083345{margin-bottom: 10px !important;}&#8221;][vc_column]\t<div class=\"et-image-981 et-image     et_image_link\">\n\t\t<div class=\"et-image-inner \">\n\t\t\t\t\t\t\t<div class=\"et-image-thumb \">\n\t\t\t\t\t<img decoding=\"async\" width=\"1000\" height=\"1060\" src=\"https:\/\/svetslik.si\/wp-content\/uploads\/2021\/09\/Salvador-Dali-\u2013-Soft-Watch-at-the-Moment-of-First-Explosion-reprodukcija-slike-na-platnu-2.jpg\" class=\"attachment-full\" alt=\"Salvador Dali \u2013 Soft Watch at the Moment of First Explosion reprodukcija slike na platnu\" title=\"Salvador-Dali-\u2013-Soft-Watch-at-the-Moment-of-First-Explosion-reprodukcija-slike-na-platnu-2\" srcset=\"https:\/\/svetslik.si\/wp-content\/uploads\/2021\/09\/Salvador-Dali-\u2013-Soft-Watch-at-the-Moment-of-First-Explosion-reprodukcija-slike-na-platnu-2.jpg 1000w, https:\/\/svetslik.si\/wp-content\/uploads\/2021\/09\/Salvador-Dali-\u2013-Soft-Watch-at-the-Moment-of-First-Explosion-reprodukcija-slike-na-platnu-2-600x636.jpg 600w, https:\/\/svetslik.si\/wp-content\/uploads\/2021\/09\/Salvador-Dali-\u2013-Soft-Watch-at-the-Moment-of-First-Explosion-reprodukcija-slike-na-platnu-2-283x300.jpg 283w, https:\/\/svetslik.si\/wp-content\/uploads\/2021\/09\/Salvador-Dali-\u2013-Soft-Watch-at-the-Moment-of-First-Explosion-reprodukcija-slike-na-platnu-2-966x1024.jpg 966w, https:\/\/svetslik.si\/wp-content\/uploads\/2021\/09\/Salvador-Dali-\u2013-Soft-Watch-at-the-Moment-of-First-Explosion-reprodukcija-slike-na-platnu-2-768x814.jpg 768w, https:\/\/svetslik.si\/wp-content\/uploads\/2021\/09\/Salvador-Dali-\u2013-Soft-Watch-at-the-Moment-of-First-Explosion-reprodukcija-slike-na-platnu-2-142x150.jpg 142w, https:\/\/svetslik.si\/wp-content\/uploads\/2021\/09\/Salvador-Dali-\u2013-Soft-Watch-at-the-Moment-of-First-Explosion-reprodukcija-slike-na-platnu-2-900x954.jpg 900w\" sizes=\"(max-width: 1000px) 100vw, 1000px\" \/>\t\t\t\t<\/div>\n\t\t\t\t\t\t\t\t\t\t\t<\/div>\n\t<\/div>\n  [\/vc_column][\/vc_row][vc_row css=&#8221;.vc_custom_1705593083345{margin-bottom: 10px !important;}&#8221;][vc_column]\t<div class=\"et-image-547 et-image     et_image_link\">\n\t\t<div class=\"et-image-inner \">\n\t\t\t\t\t\t\t<div class=\"et-image-thumb \">\n\t\t\t\t\t<img decoding=\"async\" width=\"1000\" height=\"1143\" src=\"https:\/\/svetslik.si\/wp-content\/uploads\/2021\/09\/Salvador-Dali-\u2013-Soft-Watch-at-the-Moment-of-First-Explosion-reprodukcija-slike-na-platnu-3.jpg\" class=\"attachment-full\" alt=\"Salvador Dali \u2013 Soft Watch at the Moment of First Explosion reprodukcija slike na platnu\" title=\"Salvador-Dali-\u2013-Soft-Watch-at-the-Moment-of-First-Explosion-reprodukcija-slike-na-platnu-3\" srcset=\"https:\/\/svetslik.si\/wp-content\/uploads\/2021\/09\/Salvador-Dali-\u2013-Soft-Watch-at-the-Moment-of-First-Explosion-reprodukcija-slike-na-platnu-3.jpg 1000w, https:\/\/svetslik.si\/wp-content\/uploads\/2021\/09\/Salvador-Dali-\u2013-Soft-Watch-at-the-Moment-of-First-Explosion-reprodukcija-slike-na-platnu-3-600x686.jpg 600w, https:\/\/svetslik.si\/wp-content\/uploads\/2021\/09\/Salvador-Dali-\u2013-Soft-Watch-at-the-Moment-of-First-Explosion-reprodukcija-slike-na-platnu-3-262x300.jpg 262w, https:\/\/svetslik.si\/wp-content\/uploads\/2021\/09\/Salvador-Dali-\u2013-Soft-Watch-at-the-Moment-of-First-Explosion-reprodukcija-slike-na-platnu-3-896x1024.jpg 896w, https:\/\/svetslik.si\/wp-content\/uploads\/2021\/09\/Salvador-Dali-\u2013-Soft-Watch-at-the-Moment-of-First-Explosion-reprodukcija-slike-na-platnu-3-768x878.jpg 768w, https:\/\/svetslik.si\/wp-content\/uploads\/2021\/09\/Salvador-Dali-\u2013-Soft-Watch-at-the-Moment-of-First-Explosion-reprodukcija-slike-na-platnu-3-131x150.jpg 131w, https:\/\/svetslik.si\/wp-content\/uploads\/2021\/09\/Salvador-Dali-\u2013-Soft-Watch-at-the-Moment-of-First-Explosion-reprodukcija-slike-na-platnu-3-900x1029.jpg 900w\" sizes=\"(max-width: 1000px) 100vw, 1000px\" \/>\t\t\t\t<\/div>\n\t\t\t\t\t\t\t\t\t\t\t<\/div>\n\t<\/div>\n  [\/vc_column][\/vc_row][vc_row css=&#8221;.vc_custom_1705593083345{margin-bottom: 10px !important;}&#8221;][vc_column]\t<div class=\"et-image-156 et-image     et_image_link\">\n\t\t<div class=\"et-image-inner \">\n\t\t\t\t\t\t\t<div class=\"et-image-thumb \">\n\t\t\t\t\t<img decoding=\"async\" width=\"1000\" height=\"828\" src=\"https:\/\/svetslik.si\/wp-content\/uploads\/2021\/09\/Salvador-Dali-\u2013-Soft-Watch-at-the-Moment-of-First-Explosion-reprodukcija-slike-na-platnu4.jpg\" class=\"attachment-full\" alt=\"Salvador Dali \u2013 Soft Watch at the Moment of First Explosion reprodukcija slike na platnu\" title=\"Salvador-Dali-\u2013-Soft-Watch-at-the-Moment-of-First-Explosion-reprodukcija-slike-na-platnu4\" srcset=\"https:\/\/svetslik.si\/wp-content\/uploads\/2021\/09\/Salvador-Dali-\u2013-Soft-Watch-at-the-Moment-of-First-Explosion-reprodukcija-slike-na-platnu4.jpg 1000w, https:\/\/svetslik.si\/wp-content\/uploads\/2021\/09\/Salvador-Dali-\u2013-Soft-Watch-at-the-Moment-of-First-Explosion-reprodukcija-slike-na-platnu4-600x497.jpg 600w, https:\/\/svetslik.si\/wp-content\/uploads\/2021\/09\/Salvador-Dali-\u2013-Soft-Watch-at-the-Moment-of-First-Explosion-reprodukcija-slike-na-platnu4-300x248.jpg 300w, https:\/\/svetslik.si\/wp-content\/uploads\/2021\/09\/Salvador-Dali-\u2013-Soft-Watch-at-the-Moment-of-First-Explosion-reprodukcija-slike-na-platnu4-768x636.jpg 768w, https:\/\/svetslik.si\/wp-content\/uploads\/2021\/09\/Salvador-Dali-\u2013-Soft-Watch-at-the-Moment-of-First-Explosion-reprodukcija-slike-na-platnu4-150x124.jpg 150w, https:\/\/svetslik.si\/wp-content\/uploads\/2021\/09\/Salvador-Dali-\u2013-Soft-Watch-at-the-Moment-of-First-Explosion-reprodukcija-slike-na-platnu4-900x745.jpg 900w\" sizes=\"(max-width: 1000px) 100vw, 1000px\" \/>\t\t\t\t<\/div>\n\t\t\t\t\t\t\t\t\t\t\t<\/div>\n\t<\/div>\n  [\/vc_column][\/vc_row][vc_row css=&#8221;.vc_custom_1705593083345{margin-bottom: 10px !important;}&#8221;][vc_column]\t<div class=\"et-image-811 et-image     et_image_link\">\n\t\t<div class=\"et-image-inner \">\n\t\t\t\t\t\t\t<div class=\"et-image-thumb \">\n\t\t\t\t\t<img decoding=\"async\" width=\"1000\" height=\"563\" src=\"https:\/\/svetslik.si\/wp-content\/uploads\/2021\/09\/Salvador-Dali-\u2013-Soft-Watch-at-the-Moment-of-First-Explosion-reprodukcija-slike-na-platnu-6.jpg\" class=\"attachment-full\" alt=\"Salvador Dali \u2013 Soft Watch at the Moment of First Explosion reprodukcija slike na platnu\" title=\"Salvador-Dali-\u2013-Soft-Watch-at-the-Moment-of-First-Explosion-reprodukcija-slike-na-platnu-6\" srcset=\"https:\/\/svetslik.si\/wp-content\/uploads\/2021\/09\/Salvador-Dali-\u2013-Soft-Watch-at-the-Moment-of-First-Explosion-reprodukcija-slike-na-platnu-6.jpg 1000w, https:\/\/svetslik.si\/wp-content\/uploads\/2021\/09\/Salvador-Dali-\u2013-Soft-Watch-at-the-Moment-of-First-Explosion-reprodukcija-slike-na-platnu-6-600x338.jpg 600w, https:\/\/svetslik.si\/wp-content\/uploads\/2021\/09\/Salvador-Dali-\u2013-Soft-Watch-at-the-Moment-of-First-Explosion-reprodukcija-slike-na-platnu-6-300x169.jpg 300w, https:\/\/svetslik.si\/wp-content\/uploads\/2021\/09\/Salvador-Dali-\u2013-Soft-Watch-at-the-Moment-of-First-Explosion-reprodukcija-slike-na-platnu-6-768x432.jpg 768w, https:\/\/svetslik.si\/wp-content\/uploads\/2021\/09\/Salvador-Dali-\u2013-Soft-Watch-at-the-Moment-of-First-Explosion-reprodukcija-slike-na-platnu-6-150x84.jpg 150w, https:\/\/svetslik.si\/wp-content\/uploads\/2021\/09\/Salvador-Dali-\u2013-Soft-Watch-at-the-Moment-of-First-Explosion-reprodukcija-slike-na-platnu-6-900x507.jpg 900w\" sizes=\"(max-width: 1000px) 100vw, 1000px\" \/>\t\t\t\t<\/div>\n\t\t\t\t\t\t\t\t\t\t\t<\/div>\n\t<\/div>\n  [\/vc_column][\/vc_row][vc_row][vc_column][vc_column_text]\n<h1>Salvador Dali &#8211; Mekani sat u trenutku prve eksplozije<\/h1>\n<p>&nbsp;<\/p>\n<table style=\"width: 673px;\" border=\"0\" width=\"673\" cellspacing=\"0\" cellpadding=\"0\">\n<tbody>\n<tr>\n<td style=\"width: 180px; height: 21px;\" height=\"21\">Godina stvaranja:<\/td>\n<td style=\"width: 493px;\">1954.<\/td>\n<\/tr>\n<tr>\n<td style=\"width: 180px; height: 21px;\" height=\"21\">Izvorna veli\u010dina:<\/td>\n<td style=\"width: 493px;\">19,1 cm x 14 cm<\/td>\n<\/tr>\n<tr>\n<td style=\"width: 180px; height: 21px;\" height=\"21\">Stil bojanja:<\/td>\n<td>\n<div>\n<div>\n<div>\n<div>\n<div>Nadrealizam<\/div>\n<\/div>\n<\/div>\n<\/div>\n<\/div>\n<\/td>\n<\/tr>\n<tr>\n<td style=\"width: 180px; height: 21px;\" height=\"21\">Izvorna tehnika:<\/td>\n<td>Ulje na platnu<\/td>\n<\/tr>\n<tr>\n<td style=\"width: 180px; height: 21px;\" height=\"21\">Lokacija:<\/td>\n<td>Privatna zbirka<\/td>\n<\/tr>\n<\/tbody>\n<colgroup>\n<col \/>\n<col \/> <\/colgroup>\n<\/table>\n<p>&#8220;Meki sat u trenutku prve eksplozije&#8221; Salvadora Dal\u00edja je nadrealisti\u010dka slika koja prikazuje d\u017eepni sat koji se topi, \u010dest simbol u Dal\u00edjevom radu. Slika bi trebala biti vizualni prikaz fluidnosti vremena i raspada tradicionalnog poimanja vremena. Kori\u0161tenje satova koji se tope u Dal\u00edjevoj umjetnosti tako\u0111er se mo\u017ee shvatiti kao metafora za kaos i razaranje rata.<\/p>\n<p>Jedan od najupe\u010datljivijih elemenata slike je kori\u0161tenje \u017eivih boja i odva\u017enih poteza kistom koji pridonose kvaliteti slike iz snova. Sat je prikazan kao otapaju\u0107i se i teku\u0107i, a njegove kazaljke i brojevi su iskrivljeni i izdu\u017eeni. Pozadina je kaoti\u010dna mje\u0161avina plave i zelene s uskovitlanim uzorcima koji poja\u010davaju osje\u0107aj kretanja i promjene.<\/p>\n<p>Ka\u017eu da je Dal\u00edjev interes za teorije Sigmunda Freuda o podsvijesti utjecao na sliku. Topljenje sata vizualni je prikaz raspada ega i osloba\u0111anja potisnutih \u017eelja i sje\u0107anja.<\/p>\n<p>Slika se trenutno nalazi u Muzeju moderne umjetnosti u New Yorku. Smatra se jednim od Dal\u00edjevih najva\u017enijih djela i izvrstan je primjer njegovog jedinstvenog stila i tehnike.<\/p>\n<p>Kao jedan od najprepoznatljivijih i najpoznatijih umjetnika 20. stolje\u0107a, Salvador Dali nastavlja svojim djelima odu\u0161evljavati publiku diljem svijeta. Njegove slike smatraju se remek-djelima nadrealizma i imaju trajan utjecaj na svijet umjetnosti. &#8220;Meki sat u trenutku prve eksplozije&#8221; savr\u0161en je primjer Dal\u00edjeve sposobnosti da uhvati podsvijest kroz svoju umjetnost i ostaje nezaobilazno mjesto za svakoga tko se zanima za nadrealizam i umjetnost Salvadora Dal\u00edja.<\/p>\n[\/vc_column_text][\/vc_column][\/vc_row]\n<\/div>","protected":false},"excerpt":{"rendered":"<p>[vc_row css=&#8221;.vc_custom_1705593083345{margin-bottom: 10px !important;}&#8221;][vc_column][\/vc_column][\/vc_row][vc_row css=&#8221;.vc_custom_1705593083345{margin-bottom: 10px !important;}&#8221;][vc_column][\/vc_column][\/vc_row][vc_row css=&#8221;.vc_custom_1705593083345{margin-bottom: 10px !important;}&#8221;][vc_column][\/vc_column][\/vc_row][vc_row css=&#8221;.vc_custom_1705593083345{margin-bottom: 10px !important;}&#8221;][vc_column][\/vc_column][\/vc_row][vc_row css=&#8221;.vc_custom_1705593083345{margin-bottom: 10px !important;}&#8221;][vc_column][\/vc_column][\/vc_row][vc_row][vc_column][vc_column_text] Salvador Dali &#8211; Mekani sat u trenutku prve eksplozije &nbsp; Godina stvaranja: 1954. Izvorna veli\u010dina: 19,1 cm x 14 cm Stil bojanja: Nadrealizam Izvorna tehnika: Ulje na platnu Lokacija: Privatna zbirka &#8220;Meki sat u [&hellip;]<\/p>\n","protected":false},"featured_media":20721,"template":"","meta":{"_acf_changed":false},"product_brand":[],"product_cat":[3396],"product_tag":[4094,4069,4070,4095,4071],"class_list":{"0":"post-28159","1":"product","2":"type-product","3":"status-publish","4":"has-post-thumbnail","6":"product_cat-salvador-dali","7":"product_tag-dali-hr","8":"product_tag-reprodukcija-hr","9":"product_tag-reprodukcije-hr","10":"product_tag-salvador-dali-hr","11":"product_tag-slikar-hr","12":"pa_dimenzija-120-x-100-cm","13":"pa_dimenzija-150-x-120-cm","14":"pa_dimenzija-40-x-30-cm","15":"pa_dimenzija-50-x-40-cm","16":"pa_dimenzija-60-x-50-cm","17":"pa_dimenzija-70-x-60-cm","18":"pa_dimenzija-80-x-60-cm","19":"pa_dimenzija-90-x-70-cm","20":"pa_oblika-horizontalno","21":"pa_okvir-bez-okvira","22":"pa_podokvir-bez-podokvira","23":"pa_podokvir-sa-podokvirom","25":"first","26":"onbackorder","27":"purchasable","28":"product-type-variable","29":"has-default-attributes"},"acf":[],"yoast_head":"<!-- This site is optimized with the Yoast SEO Premium plugin v26.0 (Yoast SEO v27.2) - https:\/\/yoast.com\/product\/yoast-seo-premium-wordpress\/ -->\n<title>Salvador Dali - Soft Watch at the Moment of First Explosion - SVETSLIK.SI - 100% ru\u010dno naslikano<\/title>\n<meta name=\"description\" content=\"Salvador Dali - Soft Watch at the Moment of First Explosion - 100 % ru\u010dno naslikana reprodukcija umjetni\u010dke slike na platnu. Okvirivanje slika, prodaja in izrada slika u dimenzijama po narud\u017ebi.\" \/>\n<meta name=\"robots\" content=\"index, follow, max-snippet:-1, max-image-preview:large, max-video-preview:-1\" \/>\n<link rel=\"canonical\" href=\"https:\/\/svetslik.si\/hr\/salvador-dali\/soft-watch-at-the-moment-of-first-explosio\/\" \/>\n<meta property=\"og:locale\" content=\"hr_HR\" \/>\n<meta property=\"og:type\" content=\"article\" \/>\n<meta property=\"og:title\" content=\"Salvador Dali - Soft Watch at the Moment of First Explosion\" \/>\n<meta property=\"og:description\" content=\"100% ro\u010dno naslikane slike na platnu, reprodukcije znanih slikarjev in umetni\u0161ke slike po naro\u010dilu.\" \/>\n<meta property=\"og:url\" content=\"https:\/\/svetslik.si\/hr\/salvador-dali\/soft-watch-at-the-moment-of-first-explosio\/\" \/>\n<meta property=\"og:site_name\" content=\"SVETSLIK.SI\" \/>\n<meta property=\"article:publisher\" content=\"https:\/\/www.facebook.com\/svetslik.si\" \/>\n<meta property=\"article:modified_time\" content=\"2024-07-04T14:10:11+00:00\" \/>\n<meta property=\"og:image\" content=\"https:\/\/svetslik.si\/wp-content\/uploads\/2021\/08\/image_Soft-Watch-at-the-Moment-of-First-Explosio_680.jpg\" \/>\n\t<meta property=\"og:image:width\" content=\"1200\" \/>\n\t<meta property=\"og:image:height\" content=\"868\" \/>\n\t<meta property=\"og:image:type\" content=\"image\/jpeg\" \/>\n<meta name=\"twitter:card\" content=\"summary_large_image\" \/>\n<meta name=\"twitter:site\" content=\"@svetslik\" \/>\n<meta name=\"twitter:label1\" content=\"Availability\" \/>\n\t<meta name=\"twitter:data1\" content=\"On backorder\" \/>\n<script type=\"application\/ld+json\" class=\"yoast-schema-graph\">{\"@context\":\"https:\/\/schema.org\",\"@graph\":[{\"@type\":[\"WebPage\",\"ItemPage\"],\"@id\":\"https:\/\/svetslik.si\/hr\/salvador-dali\/soft-watch-at-the-moment-of-first-explosio\/\",\"url\":\"https:\/\/svetslik.si\/hr\/salvador-dali\/soft-watch-at-the-moment-of-first-explosio\/\",\"name\":\"Salvador Dali - Soft Watch at the Moment of First Explosion - SVETSLIK.SI - 100% ru\u010dno naslikano\",\"isPartOf\":{\"@id\":\"https:\/\/svetslik.si\/hr\/#website\"},\"primaryImageOfPage\":{\"@id\":\"https:\/\/svetslik.si\/hr\/salvador-dali\/soft-watch-at-the-moment-of-first-explosio\/#primaryimage\"},\"image\":{\"@id\":\"https:\/\/svetslik.si\/hr\/salvador-dali\/soft-watch-at-the-moment-of-first-explosio\/#primaryimage\"},\"thumbnailUrl\":\"https:\/\/svetslik.si\/wp-content\/uploads\/2021\/08\/image_Soft-Watch-at-the-Moment-of-First-Explosio_680.jpg\",\"datePublished\":\"2021-09-02T15:45:53+00:00\",\"dateModified\":\"2024-07-04T14:10:11+00:00\",\"description\":\"Salvador Dali - Soft Watch at the Moment of First Explosion - 100 % ru\u010dno naslikana reprodukcija umjetni\u010dke slike na platnu. Okvirivanje slika, prodaja in izrada slika u dimenzijama po narud\u017ebi.\",\"breadcrumb\":{\"@id\":\"https:\/\/svetslik.si\/hr\/salvador-dali\/soft-watch-at-the-moment-of-first-explosio\/#breadcrumb\"},\"inLanguage\":\"hr\",\"potentialAction\":[{\"@type\":\"ReadAction\",\"target\":[\"https:\/\/svetslik.si\/hr\/salvador-dali\/soft-watch-at-the-moment-of-first-explosio\/\"]}]},{\"@type\":\"ImageObject\",\"inLanguage\":\"hr\",\"@id\":\"https:\/\/svetslik.si\/hr\/salvador-dali\/soft-watch-at-the-moment-of-first-explosio\/#primaryimage\",\"url\":\"https:\/\/svetslik.si\/wp-content\/uploads\/2021\/08\/image_Soft-Watch-at-the-Moment-of-First-Explosio_680.jpg\",\"contentUrl\":\"https:\/\/svetslik.si\/wp-content\/uploads\/2021\/08\/image_Soft-Watch-at-the-Moment-of-First-Explosio_680.jpg\",\"width\":1200,\"height\":868,\"caption\":\"Meke sata u trenutku prve eksplozije - Reprodukcije poznatih slikara, moderne zidne slike, umjetni\u010dke slike za zid\"},{\"@type\":\"BreadcrumbList\",\"@id\":\"https:\/\/svetslik.si\/hr\/salvador-dali\/soft-watch-at-the-moment-of-first-explosio\/#breadcrumb\",\"itemListElement\":[{\"@type\":\"ListItem\",\"position\":1,\"name\":\"Umjetni\u010dke zidne slike na platnu\",\"item\":\"https:\/\/svetslik.si\/hr\/\"},{\"@type\":\"ListItem\",\"position\":2,\"name\":\"Prodaja slika\",\"item\":\"https:\/\/svetslik.si\/prodaja-slik\/\"},{\"@type\":\"ListItem\",\"position\":3,\"name\":\"Salvador Dali &#8211; Soft Watch at the Moment of First Explosion\"}]},{\"@type\":\"WebSite\",\"@id\":\"https:\/\/svetslik.si\/hr\/#website\",\"url\":\"https:\/\/svetslik.si\/hr\/\",\"name\":\"SVETSLIK.SI\",\"description\":\"100% ru\u010dno naslikane reprodukcije slika poznatih slikara in umjetni\u010dke zidne slike na platnu.\",\"publisher\":{\"@id\":\"https:\/\/svetslik.si\/hr\/#organization\"},\"potentialAction\":[{\"@type\":\"SearchAction\",\"target\":{\"@type\":\"EntryPoint\",\"urlTemplate\":\"https:\/\/svetslik.si\/hr\/?s={search_term_string}\"},\"query-input\":{\"@type\":\"PropertyValueSpecification\",\"valueRequired\":true,\"valueName\":\"search_term_string\"}}],\"inLanguage\":\"hr\"},{\"@type\":\"Organization\",\"@id\":\"https:\/\/svetslik.si\/hr\/#organization\",\"name\":\"SvetSlik.si\",\"url\":\"https:\/\/svetslik.si\/hr\/\",\"logo\":{\"@type\":\"ImageObject\",\"inLanguage\":\"hr\",\"@id\":\"https:\/\/svetslik.si\/hr\/#\/schema\/logo\/image\/\",\"url\":\"https:\/\/svetslik.si\/wp-content\/uploads\/2020\/12\/logo-512.png\",\"contentUrl\":\"https:\/\/svetslik.si\/wp-content\/uploads\/2020\/12\/logo-512.png\",\"width\":512,\"height\":512,\"caption\":\"SvetSlik.si\"},\"image\":{\"@id\":\"https:\/\/svetslik.si\/hr\/#\/schema\/logo\/image\/\"},\"sameAs\":[\"https:\/\/www.facebook.com\/svetslik.si\",\"https:\/\/x.com\/svetslik\",\"https:\/\/www.instagram.com\/svetslik.si\/\",\"https:\/\/www.linkedin.com\/company\/svetslik-si\"]}]}<\/script>\n<meta property=\"og:availability\" content=\"backorder\" \/>\n<meta property=\"product:availability\" content=\"available for order\" \/>\n<meta property=\"product:retailer_item_id\" content=\"132__\" \/>\n<meta property=\"product:condition\" content=\"new\" \/>\n<!-- \/ Yoast SEO Premium plugin. -->","yoast_head_json":{"title":"Salvador Dali - Soft Watch at the Moment of First Explosion - SVETSLIK.SI - 100% ru\u010dno naslikano","description":"Salvador Dali - Soft Watch at the Moment of First Explosion - 100 % ru\u010dno naslikana reprodukcija umjetni\u010dke slike na platnu. Okvirivanje slika, prodaja in izrada slika u dimenzijama po narud\u017ebi.","robots":{"index":"index","follow":"follow","max-snippet":"max-snippet:-1","max-image-preview":"max-image-preview:large","max-video-preview":"max-video-preview:-1"},"canonical":"https:\/\/svetslik.si\/hr\/salvador-dali\/soft-watch-at-the-moment-of-first-explosio\/","og_locale":"hr_HR","og_type":"article","og_title":"Salvador Dali - Soft Watch at the Moment of First Explosion","og_description":"100% ro\u010dno naslikane slike na platnu, reprodukcije znanih slikarjev in umetni\u0161ke slike po naro\u010dilu.","og_url":"https:\/\/svetslik.si\/hr\/salvador-dali\/soft-watch-at-the-moment-of-first-explosio\/","og_site_name":"SVETSLIK.SI","article_publisher":"https:\/\/www.facebook.com\/svetslik.si","article_modified_time":"2024-07-04T14:10:11+00:00","og_image":[{"width":1200,"height":868,"url":"https:\/\/svetslik.si\/wp-content\/uploads\/2021\/08\/image_Soft-Watch-at-the-Moment-of-First-Explosio_680.jpg","type":"image\/jpeg"}],"twitter_card":"summary_large_image","twitter_site":"@svetslik","twitter_misc":{"Availability":"On backorder"},"schema":{"@context":"https:\/\/schema.org","@graph":[{"@type":["WebPage","ItemPage"],"@id":"https:\/\/svetslik.si\/hr\/salvador-dali\/soft-watch-at-the-moment-of-first-explosio\/","url":"https:\/\/svetslik.si\/hr\/salvador-dali\/soft-watch-at-the-moment-of-first-explosio\/","name":"Salvador Dali - Soft Watch at the Moment of First Explosion - SVETSLIK.SI - 100% ru\u010dno naslikano","isPartOf":{"@id":"https:\/\/svetslik.si\/hr\/#website"},"primaryImageOfPage":{"@id":"https:\/\/svetslik.si\/hr\/salvador-dali\/soft-watch-at-the-moment-of-first-explosio\/#primaryimage"},"image":{"@id":"https:\/\/svetslik.si\/hr\/salvador-dali\/soft-watch-at-the-moment-of-first-explosio\/#primaryimage"},"thumbnailUrl":"https:\/\/svetslik.si\/wp-content\/uploads\/2021\/08\/image_Soft-Watch-at-the-Moment-of-First-Explosio_680.jpg","datePublished":"2021-09-02T15:45:53+00:00","dateModified":"2024-07-04T14:10:11+00:00","description":"Salvador Dali - Soft Watch at the Moment of First Explosion - 100 % ru\u010dno naslikana reprodukcija umjetni\u010dke slike na platnu. Okvirivanje slika, prodaja in izrada slika u dimenzijama po narud\u017ebi.","breadcrumb":{"@id":"https:\/\/svetslik.si\/hr\/salvador-dali\/soft-watch-at-the-moment-of-first-explosio\/#breadcrumb"},"inLanguage":"hr","potentialAction":[{"@type":"ReadAction","target":["https:\/\/svetslik.si\/hr\/salvador-dali\/soft-watch-at-the-moment-of-first-explosio\/"]}]},{"@type":"ImageObject","inLanguage":"hr","@id":"https:\/\/svetslik.si\/hr\/salvador-dali\/soft-watch-at-the-moment-of-first-explosio\/#primaryimage","url":"https:\/\/svetslik.si\/wp-content\/uploads\/2021\/08\/image_Soft-Watch-at-the-Moment-of-First-Explosio_680.jpg","contentUrl":"https:\/\/svetslik.si\/wp-content\/uploads\/2021\/08\/image_Soft-Watch-at-the-Moment-of-First-Explosio_680.jpg","width":1200,"height":868,"caption":"Meke sata u trenutku prve eksplozije - Reprodukcije poznatih slikara, moderne zidne slike, umjetni\u010dke slike za zid"},{"@type":"BreadcrumbList","@id":"https:\/\/svetslik.si\/hr\/salvador-dali\/soft-watch-at-the-moment-of-first-explosio\/#breadcrumb","itemListElement":[{"@type":"ListItem","position":1,"name":"Umjetni\u010dke zidne slike na platnu","item":"https:\/\/svetslik.si\/hr\/"},{"@type":"ListItem","position":2,"name":"Prodaja slika","item":"https:\/\/svetslik.si\/prodaja-slik\/"},{"@type":"ListItem","position":3,"name":"Salvador Dali &#8211; Soft Watch at the Moment of First Explosion"}]},{"@type":"WebSite","@id":"https:\/\/svetslik.si\/hr\/#website","url":"https:\/\/svetslik.si\/hr\/","name":"SVETSLIK.SI","description":"100% ru\u010dno naslikane reprodukcije slika poznatih slikara in umjetni\u010dke zidne slike na platnu.","publisher":{"@id":"https:\/\/svetslik.si\/hr\/#organization"},"potentialAction":[{"@type":"SearchAction","target":{"@type":"EntryPoint","urlTemplate":"https:\/\/svetslik.si\/hr\/?s={search_term_string}"},"query-input":{"@type":"PropertyValueSpecification","valueRequired":true,"valueName":"search_term_string"}}],"inLanguage":"hr"},{"@type":"Organization","@id":"https:\/\/svetslik.si\/hr\/#organization","name":"SvetSlik.si","url":"https:\/\/svetslik.si\/hr\/","logo":{"@type":"ImageObject","inLanguage":"hr","@id":"https:\/\/svetslik.si\/hr\/#\/schema\/logo\/image\/","url":"https:\/\/svetslik.si\/wp-content\/uploads\/2020\/12\/logo-512.png","contentUrl":"https:\/\/svetslik.si\/wp-content\/uploads\/2020\/12\/logo-512.png","width":512,"height":512,"caption":"SvetSlik.si"},"image":{"@id":"https:\/\/svetslik.si\/hr\/#\/schema\/logo\/image\/"},"sameAs":["https:\/\/www.facebook.com\/svetslik.si","https:\/\/x.com\/svetslik","https:\/\/www.instagram.com\/svetslik.si\/","https:\/\/www.linkedin.com\/company\/svetslik-si"]}]},"og_availability":"backorder","product_availability":"available for order","product_retailer_item_id":"132__","product_condition":"new"},"jetpack_sharing_enabled":true,"_links":{"self":[{"href":"https:\/\/svetslik.si\/hr\/wp-json\/wp\/v2\/product\/28159","targetHints":{"allow":["GET"]}}],"collection":[{"href":"https:\/\/svetslik.si\/hr\/wp-json\/wp\/v2\/product"}],"about":[{"href":"https:\/\/svetslik.si\/hr\/wp-json\/wp\/v2\/types\/product"}],"wp:featuredmedia":[{"embeddable":true,"href":"https:\/\/svetslik.si\/hr\/wp-json\/wp\/v2\/media\/20721"}],"wp:attachment":[{"href":"https:\/\/svetslik.si\/hr\/wp-json\/wp\/v2\/media?parent=28159"}],"wp:term":[{"taxonomy":"product_brand","embeddable":true,"href":"https:\/\/svetslik.si\/hr\/wp-json\/wp\/v2\/product_brand?post=28159"},{"taxonomy":"product_cat","embeddable":true,"href":"https:\/\/svetslik.si\/hr\/wp-json\/wp\/v2\/product_cat?post=28159"},{"taxonomy":"product_tag","embeddable":true,"href":"https:\/\/svetslik.si\/hr\/wp-json\/wp\/v2\/product_tag?post=28159"}],"curies":[{"name":"wp","href":"https:\/\/api.w.org\/{rel}","templated":true}]}}