{"id":28177,"date":"2021-09-02T17:45:53","date_gmt":"2021-09-02T15:45:53","guid":{"rendered":"https:\/\/svetslik.si\/Bez%20kategorije\/muchacha-de-espalda\/"},"modified":"2024-07-04T16:10:11","modified_gmt":"2024-07-04T14:10:11","slug":"muchacha-de-espalda","status":"publish","type":"product","link":"https:\/\/svetslik.si\/hr\/salvador-dali\/muchacha-de-espalda\/","title":{"rendered":"Salvador Dali &#8211; Muchacha De Espalda"},"content":{"rendered":"<h1>Salvador Dali &#8211; Muchacha De Espalda<\/h1>\n<p>&nbsp;<\/p>\n<table style=\"width: 673px\" border=\"0\" width=\"673\" cellspacing=\"0\" cellpadding=\"0\">\n<tbody>\n<tr>\n<td style=\"width: 180px;height: 21px\" height=\"21\">Godina stvaranja:<\/td>\n<td style=\"width: 493px\">1925.<\/td>\n<\/tr>\n<tr>\n<td style=\"width: 180px;height: 21px\" height=\"21\">Izvorna veli\u010dina:<\/td>\n<td style=\"width: 493px\">74 cm x 104 cm<\/td>\n<\/tr>\n<tr>\n<td style=\"width: 180px;height: 21px\" height=\"21\">Stil bojanja:<\/td>\n<td>\n<div>\n<div>\n<div>\n<div>\n<div>Nadrealizam<\/div>\n<\/div>\n<\/div>\n<\/div>\n<\/div>\n<\/td>\n<\/tr>\n<tr>\n<td style=\"width: 180px;height: 21px\" height=\"21\">Izvorna tehnika:<\/td>\n<td>Ulje na platnu<\/td>\n<\/tr>\n<tr>\n<td style=\"width: 180px;height: 21px\" height=\"21\">Lokacija:<\/td>\n<td>Museo Nacional Centro de Arte Reina Sof\u00eda, Madrid<\/td>\n<\/tr>\n<\/tbody>\n<colgroup>\n<col \/>\n<col \/> <\/colgroup>\n<\/table>\n<p>&#8220;Muchacha De Espaldo&#8221; (Djevojka s le\u0111ima) Salvadora Dal\u00edja zapanjuju\u0107e je umjetni\u010dko djelo koje prikazuje umjetnikov jedinstveni stil i tehnike. Slika prikazuje mladu \u017eenu \u010dija su le\u0111a u prvom planu djela, na pozadini uskovitlanih \u0161ara i oblika.<\/p>\n<p>Dal\u00edjeve jarke boje, hrabri potezi kistom i nadrealne slike vidljive su na ovoj slici, \u010dine\u0107i sliku pravim prikazom njegove umjetni\u010dke vizije. \u017denina le\u0111a prikazana su vrlo detaljno, svaki mi\u0161i\u0107 i kralje\u017eak majstorski su prikazani. S druge strane, pozadina je kaoti\u010dna mje\u0161avina boja i oblika koja stvara osje\u0107aj pokreta i energije.<\/p>\n<p>Jedan od najupe\u010datljivijih aspekata ove slike je kori\u0161tenje simbolizma. \u017denska le\u0111a mogu se tuma\u010diti kao simbol ranjivosti i krhkosti, dok pozadina predstavlja burne misli i emocije uma. Upotreba simbolizma je stalna tema u Dal\u00edjevim djelima, dodaju\u0107i dodatnu dubinu i zna\u010denje njegovim slikama.<\/p>\n<p>&#8220;Muchacha De Espalda&#8221; nastao je u Dal\u00edjevom zrelom razdoblju, kada je umjetnik u potpunosti razvio svoj jedinstveni stil i bio na vrhuncu svoje umjetni\u010dke mo\u0107i. Slika se trenuta\u010dno nalazi u Muzeju Salvadora Dalija u St. Petersburgu na Floridi, gdje je mo\u017ee pogledati javnost.<\/p>\n<p>&#8220;Muchacha De Espaldo&#8221; Salvadora Dal\u00edja zadivljuju\u0107a je slika koja prikazuje umjetnikov jedinstveni stil i tehnike. Kori\u0161tenje \u017eivih boja, odva\u017enih poteza kistom i nadrealisti\u010dkih slika zajedno sa simbolizmom dodaju dodatnu dubinu i zna\u010denje djelu. Slika je obavezna za svakoga tko se zanima za rad Salvadora Dal\u00edja i povijest umjetnosti op\u0107enito.<\/p>\n","protected":false},"excerpt":{"rendered":"<p>Salvador Dali &#8211; Muchacha De Espalda &nbsp; Godina stvaranja: 1925. Izvorna veli\u010dina: 74 cm x 104 cm Stil bojanja: Nadrealizam Izvorna tehnika: Ulje na platnu Lokacija: Museo Nacional Centro de Arte Reina Sof\u00eda, Madrid &#8220;Muchacha De Espaldo&#8221; (Djevojka s le\u0111ima) Salvadora Dal\u00edja zapanjuju\u0107e je umjetni\u010dko djelo koje prikazuje umjetnikov jedinstveni [&hellip;]<\/p>\n","protected":false},"featured_media":20505,"template":"","meta":{"_acf_changed":false},"product_brand":[],"product_cat":[3396],"product_tag":[4094,4069,4070,4095,4071],"class_list":{"0":"post-28177","1":"product","2":"type-product","3":"status-publish","4":"has-post-thumbnail","6":"product_cat-salvador-dali","7":"product_tag-dali-hr","8":"product_tag-reprodukcija-hr","9":"product_tag-reprodukcije-hr","10":"product_tag-salvador-dali-hr","11":"product_tag-slikar-hr","12":"pa_dimenzija-120-x-170-cm-hr","13":"pa_dimenzija-150-x-210-cm-hr","14":"pa_dimenzija-40-x-60-cm-hr","15":"pa_dimenzija-50-x-70-cm-hr","16":"pa_dimenzija-60-x-80-cm-hr","17":"pa_dimenzija-74-x-103-cm-hr","18":"pa_dimenzija-80-x-110-cm-hr","19":"pa_dimenzija-90-x-130-cm-hr","20":"pa_oblika-okomito","21":"pa_okvir-bez-okvira","22":"pa_podokvir-bez-podokvira","23":"pa_podokvir-sa-podokvirom","25":"first","26":"onbackorder","27":"purchasable","28":"product-type-variable","29":"has-default-attributes"},"acf":[],"yoast_head":"<!-- This site is optimized with the Yoast SEO Premium plugin v26.0 (Yoast SEO v27.2) - https:\/\/yoast.com\/product\/yoast-seo-premium-wordpress\/ -->\n<title>Salvador Dali - Muchacha De Espalda - SVETSLIK.SI - 100% ru\u010dno naslikano<\/title>\n<meta name=\"description\" content=\"Salvador Dali - Muchacha De Espalda - 100 % ru\u010dno naslikana reprodukcija umjetni\u010dke slike na platnu. Okvirivanje slika, prodaja in izrada slika u dimenzijama po narud\u017ebi.\" \/>\n<meta name=\"robots\" content=\"index, follow, max-snippet:-1, max-image-preview:large, max-video-preview:-1\" \/>\n<link rel=\"canonical\" href=\"https:\/\/svetslik.si\/hr\/salvador-dali\/muchacha-de-espalda\/\" \/>\n<meta property=\"og:locale\" content=\"hr_HR\" \/>\n<meta property=\"og:type\" content=\"article\" \/>\n<meta property=\"og:title\" content=\"Salvador Dali - Muchacha De Espalda\" \/>\n<meta property=\"og:description\" content=\"100% ro\u010dno naslikane slike na platnu, reprodukcije znanih slikarjev in umetni\u0161ke slike po naro\u010dilu.\" \/>\n<meta property=\"og:url\" content=\"https:\/\/svetslik.si\/hr\/salvador-dali\/muchacha-de-espalda\/\" \/>\n<meta property=\"og:site_name\" content=\"SVETSLIK.SI\" \/>\n<meta property=\"article:publisher\" content=\"https:\/\/www.facebook.com\/svetslik.si\" \/>\n<meta property=\"article:modified_time\" content=\"2024-07-04T14:10:11+00:00\" \/>\n<meta property=\"og:image\" content=\"https:\/\/svetslik.si\/wp-content\/uploads\/2021\/08\/image_Muchacha-De-Espalda_680.jpg\" \/>\n\t<meta property=\"og:image:width\" content=\"850\" \/>\n\t<meta property=\"og:image:height\" content=\"1242\" \/>\n\t<meta property=\"og:image:type\" content=\"image\/jpeg\" \/>\n<meta name=\"twitter:card\" content=\"summary_large_image\" \/>\n<meta name=\"twitter:site\" content=\"@svetslik\" \/>\n<meta name=\"twitter:label1\" content=\"Availability\" \/>\n\t<meta name=\"twitter:data1\" content=\"On backorder\" \/>\n<script type=\"application\/ld+json\" class=\"yoast-schema-graph\">{\"@context\":\"https:\/\/schema.org\",\"@graph\":[{\"@type\":[\"WebPage\",\"ItemPage\"],\"@id\":\"https:\/\/svetslik.si\/hr\/salvador-dali\/muchacha-de-espalda\/\",\"url\":\"https:\/\/svetslik.si\/hr\/salvador-dali\/muchacha-de-espalda\/\",\"name\":\"Salvador Dali - Muchacha De Espalda - SVETSLIK.SI - 100% ru\u010dno naslikano\",\"isPartOf\":{\"@id\":\"https:\/\/svetslik.si\/hr\/#website\"},\"primaryImageOfPage\":{\"@id\":\"https:\/\/svetslik.si\/hr\/salvador-dali\/muchacha-de-espalda\/#primaryimage\"},\"image\":{\"@id\":\"https:\/\/svetslik.si\/hr\/salvador-dali\/muchacha-de-espalda\/#primaryimage\"},\"thumbnailUrl\":\"https:\/\/svetslik.si\/wp-content\/uploads\/2021\/08\/image_Muchacha-De-Espalda_680.jpg\",\"datePublished\":\"2021-09-02T15:45:53+00:00\",\"dateModified\":\"2024-07-04T14:10:11+00:00\",\"description\":\"Salvador Dali - Muchacha De Espalda - 100 % ru\u010dno naslikana reprodukcija umjetni\u010dke slike na platnu. Okvirivanje slika, prodaja in izrada slika u dimenzijama po narud\u017ebi.\",\"breadcrumb\":{\"@id\":\"https:\/\/svetslik.si\/hr\/salvador-dali\/muchacha-de-espalda\/#breadcrumb\"},\"inLanguage\":\"hr\",\"potentialAction\":[{\"@type\":\"ReadAction\",\"target\":[\"https:\/\/svetslik.si\/hr\/salvador-dali\/muchacha-de-espalda\/\"]}]},{\"@type\":\"ImageObject\",\"inLanguage\":\"hr\",\"@id\":\"https:\/\/svetslik.si\/hr\/salvador-dali\/muchacha-de-espalda\/#primaryimage\",\"url\":\"https:\/\/svetslik.si\/wp-content\/uploads\/2021\/08\/image_Muchacha-De-Espalda_680.jpg\",\"contentUrl\":\"https:\/\/svetslik.si\/wp-content\/uploads\/2021\/08\/image_Muchacha-De-Espalda_680.jpg\",\"width\":850,\"height\":1242,\"caption\":\"Slike na platnu - Salvador Dali - Muchacha De Espalda - Ru\u010dno naslikane slike, reprodukcije poznatih slikara, ulje na platnu, moderne zidne slike, umjetni\u010dke slike za zid, ambientalne, apstraktne, dekorativne zidne slike\"},{\"@type\":\"BreadcrumbList\",\"@id\":\"https:\/\/svetslik.si\/hr\/salvador-dali\/muchacha-de-espalda\/#breadcrumb\",\"itemListElement\":[{\"@type\":\"ListItem\",\"position\":1,\"name\":\"Umjetni\u010dke zidne slike na platnu\",\"item\":\"https:\/\/svetslik.si\/hr\/\"},{\"@type\":\"ListItem\",\"position\":2,\"name\":\"Prodaja slika\",\"item\":\"https:\/\/svetslik.si\/prodaja-slik\/\"},{\"@type\":\"ListItem\",\"position\":3,\"name\":\"Salvador Dali &#8211; Muchacha De Espalda\"}]},{\"@type\":\"WebSite\",\"@id\":\"https:\/\/svetslik.si\/hr\/#website\",\"url\":\"https:\/\/svetslik.si\/hr\/\",\"name\":\"SVETSLIK.SI\",\"description\":\"100% ru\u010dno naslikane reprodukcije slika poznatih slikara in umjetni\u010dke zidne slike na platnu.\",\"publisher\":{\"@id\":\"https:\/\/svetslik.si\/hr\/#organization\"},\"potentialAction\":[{\"@type\":\"SearchAction\",\"target\":{\"@type\":\"EntryPoint\",\"urlTemplate\":\"https:\/\/svetslik.si\/hr\/?s={search_term_string}\"},\"query-input\":{\"@type\":\"PropertyValueSpecification\",\"valueRequired\":true,\"valueName\":\"search_term_string\"}}],\"inLanguage\":\"hr\"},{\"@type\":\"Organization\",\"@id\":\"https:\/\/svetslik.si\/hr\/#organization\",\"name\":\"SvetSlik.si\",\"url\":\"https:\/\/svetslik.si\/hr\/\",\"logo\":{\"@type\":\"ImageObject\",\"inLanguage\":\"hr\",\"@id\":\"https:\/\/svetslik.si\/hr\/#\/schema\/logo\/image\/\",\"url\":\"https:\/\/svetslik.si\/wp-content\/uploads\/2020\/12\/logo-512.png\",\"contentUrl\":\"https:\/\/svetslik.si\/wp-content\/uploads\/2020\/12\/logo-512.png\",\"width\":512,\"height\":512,\"caption\":\"SvetSlik.si\"},\"image\":{\"@id\":\"https:\/\/svetslik.si\/hr\/#\/schema\/logo\/image\/\"},\"sameAs\":[\"https:\/\/www.facebook.com\/svetslik.si\",\"https:\/\/x.com\/svetslik\",\"https:\/\/www.instagram.com\/svetslik.si\/\",\"https:\/\/www.linkedin.com\/company\/svetslik-si\"]}]}<\/script>\n<meta property=\"og:availability\" content=\"backorder\" \/>\n<meta property=\"product:availability\" content=\"available for order\" \/>\n<meta property=\"product:retailer_item_id\" content=\"134__\" \/>\n<meta property=\"product:condition\" content=\"new\" \/>\n<!-- \/ Yoast SEO Premium plugin. -->","yoast_head_json":{"title":"Salvador Dali - Muchacha De Espalda - SVETSLIK.SI - 100% ru\u010dno naslikano","description":"Salvador Dali - Muchacha De Espalda - 100 % ru\u010dno naslikana reprodukcija umjetni\u010dke slike na platnu. Okvirivanje slika, prodaja in izrada slika u dimenzijama po narud\u017ebi.","robots":{"index":"index","follow":"follow","max-snippet":"max-snippet:-1","max-image-preview":"max-image-preview:large","max-video-preview":"max-video-preview:-1"},"canonical":"https:\/\/svetslik.si\/hr\/salvador-dali\/muchacha-de-espalda\/","og_locale":"hr_HR","og_type":"article","og_title":"Salvador Dali - Muchacha De Espalda","og_description":"100% ro\u010dno naslikane slike na platnu, reprodukcije znanih slikarjev in umetni\u0161ke slike po naro\u010dilu.","og_url":"https:\/\/svetslik.si\/hr\/salvador-dali\/muchacha-de-espalda\/","og_site_name":"SVETSLIK.SI","article_publisher":"https:\/\/www.facebook.com\/svetslik.si","article_modified_time":"2024-07-04T14:10:11+00:00","og_image":[{"width":850,"height":1242,"url":"https:\/\/svetslik.si\/wp-content\/uploads\/2021\/08\/image_Muchacha-De-Espalda_680.jpg","type":"image\/jpeg"}],"twitter_card":"summary_large_image","twitter_site":"@svetslik","twitter_misc":{"Availability":"On backorder"},"schema":{"@context":"https:\/\/schema.org","@graph":[{"@type":["WebPage","ItemPage"],"@id":"https:\/\/svetslik.si\/hr\/salvador-dali\/muchacha-de-espalda\/","url":"https:\/\/svetslik.si\/hr\/salvador-dali\/muchacha-de-espalda\/","name":"Salvador Dali - Muchacha De Espalda - SVETSLIK.SI - 100% ru\u010dno naslikano","isPartOf":{"@id":"https:\/\/svetslik.si\/hr\/#website"},"primaryImageOfPage":{"@id":"https:\/\/svetslik.si\/hr\/salvador-dali\/muchacha-de-espalda\/#primaryimage"},"image":{"@id":"https:\/\/svetslik.si\/hr\/salvador-dali\/muchacha-de-espalda\/#primaryimage"},"thumbnailUrl":"https:\/\/svetslik.si\/wp-content\/uploads\/2021\/08\/image_Muchacha-De-Espalda_680.jpg","datePublished":"2021-09-02T15:45:53+00:00","dateModified":"2024-07-04T14:10:11+00:00","description":"Salvador Dali - Muchacha De Espalda - 100 % ru\u010dno naslikana reprodukcija umjetni\u010dke slike na platnu. Okvirivanje slika, prodaja in izrada slika u dimenzijama po narud\u017ebi.","breadcrumb":{"@id":"https:\/\/svetslik.si\/hr\/salvador-dali\/muchacha-de-espalda\/#breadcrumb"},"inLanguage":"hr","potentialAction":[{"@type":"ReadAction","target":["https:\/\/svetslik.si\/hr\/salvador-dali\/muchacha-de-espalda\/"]}]},{"@type":"ImageObject","inLanguage":"hr","@id":"https:\/\/svetslik.si\/hr\/salvador-dali\/muchacha-de-espalda\/#primaryimage","url":"https:\/\/svetslik.si\/wp-content\/uploads\/2021\/08\/image_Muchacha-De-Espalda_680.jpg","contentUrl":"https:\/\/svetslik.si\/wp-content\/uploads\/2021\/08\/image_Muchacha-De-Espalda_680.jpg","width":850,"height":1242,"caption":"Slike na platnu - Salvador Dali - Muchacha De Espalda - Ru\u010dno naslikane slike, reprodukcije poznatih slikara, ulje na platnu, moderne zidne slike, umjetni\u010dke slike za zid, ambientalne, apstraktne, dekorativne zidne slike"},{"@type":"BreadcrumbList","@id":"https:\/\/svetslik.si\/hr\/salvador-dali\/muchacha-de-espalda\/#breadcrumb","itemListElement":[{"@type":"ListItem","position":1,"name":"Umjetni\u010dke zidne slike na platnu","item":"https:\/\/svetslik.si\/hr\/"},{"@type":"ListItem","position":2,"name":"Prodaja slika","item":"https:\/\/svetslik.si\/prodaja-slik\/"},{"@type":"ListItem","position":3,"name":"Salvador Dali &#8211; Muchacha De Espalda"}]},{"@type":"WebSite","@id":"https:\/\/svetslik.si\/hr\/#website","url":"https:\/\/svetslik.si\/hr\/","name":"SVETSLIK.SI","description":"100% ru\u010dno naslikane reprodukcije slika poznatih slikara in umjetni\u010dke zidne slike na platnu.","publisher":{"@id":"https:\/\/svetslik.si\/hr\/#organization"},"potentialAction":[{"@type":"SearchAction","target":{"@type":"EntryPoint","urlTemplate":"https:\/\/svetslik.si\/hr\/?s={search_term_string}"},"query-input":{"@type":"PropertyValueSpecification","valueRequired":true,"valueName":"search_term_string"}}],"inLanguage":"hr"},{"@type":"Organization","@id":"https:\/\/svetslik.si\/hr\/#organization","name":"SvetSlik.si","url":"https:\/\/svetslik.si\/hr\/","logo":{"@type":"ImageObject","inLanguage":"hr","@id":"https:\/\/svetslik.si\/hr\/#\/schema\/logo\/image\/","url":"https:\/\/svetslik.si\/wp-content\/uploads\/2020\/12\/logo-512.png","contentUrl":"https:\/\/svetslik.si\/wp-content\/uploads\/2020\/12\/logo-512.png","width":512,"height":512,"caption":"SvetSlik.si"},"image":{"@id":"https:\/\/svetslik.si\/hr\/#\/schema\/logo\/image\/"},"sameAs":["https:\/\/www.facebook.com\/svetslik.si","https:\/\/x.com\/svetslik","https:\/\/www.instagram.com\/svetslik.si\/","https:\/\/www.linkedin.com\/company\/svetslik-si"]}]},"og_availability":"backorder","product_availability":"available for order","product_retailer_item_id":"134__","product_condition":"new"},"jetpack_sharing_enabled":true,"_links":{"self":[{"href":"https:\/\/svetslik.si\/hr\/wp-json\/wp\/v2\/product\/28177","targetHints":{"allow":["GET"]}}],"collection":[{"href":"https:\/\/svetslik.si\/hr\/wp-json\/wp\/v2\/product"}],"about":[{"href":"https:\/\/svetslik.si\/hr\/wp-json\/wp\/v2\/types\/product"}],"wp:featuredmedia":[{"embeddable":true,"href":"https:\/\/svetslik.si\/hr\/wp-json\/wp\/v2\/media\/20505"}],"wp:attachment":[{"href":"https:\/\/svetslik.si\/hr\/wp-json\/wp\/v2\/media?parent=28177"}],"wp:term":[{"taxonomy":"product_brand","embeddable":true,"href":"https:\/\/svetslik.si\/hr\/wp-json\/wp\/v2\/product_brand?post=28177"},{"taxonomy":"product_cat","embeddable":true,"href":"https:\/\/svetslik.si\/hr\/wp-json\/wp\/v2\/product_cat?post=28177"},{"taxonomy":"product_tag","embeddable":true,"href":"https:\/\/svetslik.si\/hr\/wp-json\/wp\/v2\/product_tag?post=28177"}],"curies":[{"name":"wp","href":"https:\/\/api.w.org\/{rel}","templated":true}]}}