{"id":28195,"date":"2021-09-02T17:45:45","date_gmt":"2021-09-02T15:45:45","guid":{"rendered":"https:\/\/svetslik.si\/Bez%20kategorije\/the-rose\/"},"modified":"2024-07-04T16:10:20","modified_gmt":"2024-07-04T14:10:20","slug":"the-rose","status":"publish","type":"product","link":"https:\/\/svetslik.si\/hr\/salvador-dali\/the-rose\/","title":{"rendered":"Salvador Dali &#8211; The Rose"},"content":{"rendered":"<h1>Salvador Dali &#8211; Ru\u017ea<\/h1>\n<p>&nbsp;<\/p>\n<table style=\"width: 673px\" border=\"0\" width=\"673\" cellspacing=\"0\" cellpadding=\"0\">\n<tbody>\n<tr>\n<td style=\"width: 180px;height: 21px\" height=\"21\">Godina nastanka:<\/td>\n<td style=\"width: 493px\">1958.<\/td>\n<\/tr>\n<tr>\n<td style=\"width: 180px;height: 21px\" height=\"21\">Izvorna veli\u010dina:<\/td>\n<td style=\"width: 493px\">28 cm x 36 cm<\/td>\n<\/tr>\n<tr>\n<td style=\"width: 180px;height: 21px\" height=\"21\">Stil bojanja:<\/td>\n<td>\n<div>\n<div>\n<div>\n<div>\n<div>Nadrealizam<\/div>\n<\/div>\n<\/div>\n<\/div>\n<\/div>\n<\/td>\n<\/tr>\n<tr>\n<td style=\"width: 180px;height: 21px\" height=\"21\">Izvorna tehnika:<\/td>\n<td>Ulje na platnu<\/td>\n<\/tr>\n<tr>\n<td style=\"width: 180px;height: 21px\" height=\"21\">Lokacija:<\/td>\n<td>Muzej u Be\u010du<\/td>\n<\/tr>\n<\/tbody>\n<colgroup>\n<col \/>\n<col \/> <\/colgroup>\n<\/table>\n<p>Slika &#8220;Cvijet&#8221; Salvadora Dalija zadivljuju\u0107e je remek-djelo koje prikazuje umjetnikov jedinstveni nadrealisti\u010dki stil. Slika prikazuje veliku ru\u017eu u sredi\u0161tu platna, okru\u017eenu vrtlogom boja i oblika. Sa svojim nje\u017enim laticama i \u017eivim bojama, ru\u017ea je simbol ljepote i senzualnosti te je stalni motiv u Dal\u00edjevim djelima.<\/p>\n<p>Jedan od najupe\u010datljivijih aspekata slike &#8220;Cvijet&#8221; je kori\u0161tenje \u017eivih boja i odva\u017enih poteza kistom. Dali majstorski kombinira hrabre nijanse crvene, ru\u017ei\u010daste i \u017eute kako bi stvorio osje\u0107aj pokreta i energije na slici. Vrtlog boja i oblika koji okru\u017euje ru\u017eu poja\u010dava osje\u0107aj pokreta i stvara dinami\u010dan i hipnoti\u010dki u\u010dinak.<\/p>\n<p>Slika tako\u0111er sadr\u017ei mnoge apstraktne oblike i oblike, poput o\u0161trih, nazubljenih linija koje zra\u010de iz sredi\u0161ta slike i zakrivljenih, valovitih oblika koji kao da ple\u0161u oko ru\u017ee. Ovi apstraktni elementi pridonose nadrealizmu i sanjivosti slike i za\u0161titni su znak Dal\u00edjeva stila.<\/p>\n<p>U simboli\u010dkom smislu, &#8220;Cvijet&#8221; je prikaz ljepote \u017eivota i krhkosti postojanja. Kao simbol ljepote i senzualnosti, ru\u017ea predstavlja prolaznost \u017eivota, dok vrtlog boja i oblika oko nje predstavlja kaos i zbrku svijeta.<\/p>\n<p>&#8220;Cvijet je zadivljuju\u0107e remek-djelo koje prikazuje jedinstveni nadrealisti\u010dki stil Salvadora Dalija. Moraju ga vidjeti ljubitelji umjetnosti i obo\u017eavatelji Dal\u00edjeva djela, a mo\u017ee se prona\u0107i u mnogim presti\u017enim umjetni\u010dkim muzejima diljem svijeta. Tako\u0111er je izvrstan dodatak svakoj kolekciji umjetnina, budu\u0107i da se uklapa u svaki prostor, unosi osje\u0107aj ljepote, senzualnosti i nadrealizma.<\/p>\n","protected":false},"excerpt":{"rendered":"<p>Salvador Dali &#8211; Ru\u017ea &nbsp; Godina nastanka: 1958. Izvorna veli\u010dina: 28 cm x 36 cm Stil bojanja: Nadrealizam Izvorna tehnika: Ulje na platnu Lokacija: Muzej u Be\u010du Slika &#8220;Cvijet&#8221; Salvadora Dalija zadivljuju\u0107e je remek-djelo koje prikazuje umjetnikov jedinstveni nadrealisti\u010dki stil. Slika prikazuje veliku ru\u017eu u sredi\u0161tu platna, okru\u017eenu vrtlogom boja [&hellip;]<\/p>\n","protected":false},"featured_media":20868,"template":"","meta":{"_acf_changed":false},"product_brand":[],"product_cat":[3396],"product_tag":[4094,4069,4070,4095,4071],"class_list":{"0":"post-28195","1":"product","2":"type-product","3":"status-publish","4":"has-post-thumbnail","6":"product_cat-salvador-dali","7":"product_tag-dali-hr","8":"product_tag-reprodukcija-hr","9":"product_tag-reprodukcije-hr","10":"product_tag-salvador-dali-hr","11":"product_tag-slikar-hr","12":"pa_dimenzija-120-x-150-cm","13":"pa_dimenzija-150-x-190-cm","14":"pa_dimenzija-28-x-36-cm","15":"pa_dimenzija-50-x-60-cm","16":"pa_dimenzija-60-x-80-cm","17":"pa_dimenzija-70-x-90-cm","18":"pa_dimenzija-80-x-100-cm","19":"pa_dimenzija-90-x-120-cm","20":"pa_oblika-okomito","21":"pa_okvir-bez-okvira","22":"pa_podokvir-bez-podokvira","23":"pa_podokvir-sa-podokvirom","25":"first","26":"onbackorder","27":"purchasable","28":"product-type-variable","29":"has-default-attributes"},"acf":[],"yoast_head":"<!-- This site is optimized with the Yoast SEO Premium plugin v26.0 (Yoast SEO v27.2) - https:\/\/yoast.com\/product\/yoast-seo-premium-wordpress\/ -->\n<title>Salvador Dali - The Rose - SVETSLIK.SI - 100% ru\u010dno naslikano<\/title>\n<meta name=\"description\" content=\"Salvador Dali - The Rose - 100 % ru\u010dno naslikana reprodukcija umjetni\u010dke slike na platnu. Okvirivanje slika, prodaja in izrada slika u dimenzijama po narud\u017ebi.\" \/>\n<meta name=\"robots\" content=\"index, follow, max-snippet:-1, max-image-preview:large, max-video-preview:-1\" \/>\n<link rel=\"canonical\" href=\"https:\/\/svetslik.si\/hr\/salvador-dali\/the-rose\/\" \/>\n<meta property=\"og:locale\" content=\"hr_HR\" \/>\n<meta property=\"og:type\" content=\"article\" \/>\n<meta property=\"og:title\" content=\"Salvador Dali - The Rose\" \/>\n<meta property=\"og:description\" content=\"100% ro\u010dno naslikane slike na platnu, reprodukcije znanih slikarjev in umetni\u0161ke slike po naro\u010dilu.\" \/>\n<meta property=\"og:url\" content=\"https:\/\/svetslik.si\/hr\/salvador-dali\/the-rose\/\" \/>\n<meta property=\"og:site_name\" content=\"SVETSLIK.SI\" \/>\n<meta property=\"article:publisher\" content=\"https:\/\/www.facebook.com\/svetslik.si\" \/>\n<meta property=\"article:modified_time\" content=\"2024-07-04T14:10:20+00:00\" \/>\n<meta property=\"og:image\" content=\"https:\/\/svetslik.si\/wp-content\/uploads\/2021\/08\/image_The-Rose_680.jpg\" \/>\n\t<meta property=\"og:image:width\" content=\"800\" \/>\n\t<meta property=\"og:image:height\" content=\"1020\" \/>\n\t<meta property=\"og:image:type\" content=\"image\/jpeg\" \/>\n<meta name=\"twitter:card\" content=\"summary_large_image\" \/>\n<meta name=\"twitter:site\" content=\"@svetslik\" \/>\n<meta name=\"twitter:label1\" content=\"Availability\" \/>\n\t<meta name=\"twitter:data1\" content=\"On backorder\" \/>\n<script type=\"application\/ld+json\" class=\"yoast-schema-graph\">{\"@context\":\"https:\/\/schema.org\",\"@graph\":[{\"@type\":[\"WebPage\",\"ItemPage\"],\"@id\":\"https:\/\/svetslik.si\/hr\/salvador-dali\/the-rose\/\",\"url\":\"https:\/\/svetslik.si\/hr\/salvador-dali\/the-rose\/\",\"name\":\"Salvador Dali - The Rose - SVETSLIK.SI - 100% ru\u010dno naslikano\",\"isPartOf\":{\"@id\":\"https:\/\/svetslik.si\/hr\/#website\"},\"primaryImageOfPage\":{\"@id\":\"https:\/\/svetslik.si\/hr\/salvador-dali\/the-rose\/#primaryimage\"},\"image\":{\"@id\":\"https:\/\/svetslik.si\/hr\/salvador-dali\/the-rose\/#primaryimage\"},\"thumbnailUrl\":\"https:\/\/svetslik.si\/wp-content\/uploads\/2021\/08\/image_The-Rose_680.jpg\",\"datePublished\":\"2021-09-02T15:45:45+00:00\",\"dateModified\":\"2024-07-04T14:10:20+00:00\",\"description\":\"Salvador Dali - The Rose - 100 % ru\u010dno naslikana reprodukcija umjetni\u010dke slike na platnu. Okvirivanje slika, prodaja in izrada slika u dimenzijama po narud\u017ebi.\",\"breadcrumb\":{\"@id\":\"https:\/\/svetslik.si\/hr\/salvador-dali\/the-rose\/#breadcrumb\"},\"inLanguage\":\"hr\",\"potentialAction\":[{\"@type\":\"ReadAction\",\"target\":[\"https:\/\/svetslik.si\/hr\/salvador-dali\/the-rose\/\"]}]},{\"@type\":\"ImageObject\",\"inLanguage\":\"hr\",\"@id\":\"https:\/\/svetslik.si\/hr\/salvador-dali\/the-rose\/#primaryimage\",\"url\":\"https:\/\/svetslik.si\/wp-content\/uploads\/2021\/08\/image_The-Rose_680.jpg\",\"contentUrl\":\"https:\/\/svetslik.si\/wp-content\/uploads\/2021\/08\/image_The-Rose_680.jpg\",\"width\":800,\"height\":1020,\"caption\":\"Salvador Dali - Ru\u017ea - Ru\u010dno naslikane reprodukcije poznatih slikara, moderne zidne slike, umjetni\u010dke slike za zid\"},{\"@type\":\"BreadcrumbList\",\"@id\":\"https:\/\/svetslik.si\/hr\/salvador-dali\/the-rose\/#breadcrumb\",\"itemListElement\":[{\"@type\":\"ListItem\",\"position\":1,\"name\":\"Umjetni\u010dke zidne slike na platnu\",\"item\":\"https:\/\/svetslik.si\/hr\/\"},{\"@type\":\"ListItem\",\"position\":2,\"name\":\"Prodaja slika\",\"item\":\"https:\/\/svetslik.si\/prodaja-slik\/\"},{\"@type\":\"ListItem\",\"position\":3,\"name\":\"Salvador Dali &#8211; The Rose\"}]},{\"@type\":\"WebSite\",\"@id\":\"https:\/\/svetslik.si\/hr\/#website\",\"url\":\"https:\/\/svetslik.si\/hr\/\",\"name\":\"SVETSLIK.SI\",\"description\":\"100% ru\u010dno naslikane reprodukcije slika poznatih slikara in umjetni\u010dke zidne slike na platnu.\",\"publisher\":{\"@id\":\"https:\/\/svetslik.si\/hr\/#organization\"},\"potentialAction\":[{\"@type\":\"SearchAction\",\"target\":{\"@type\":\"EntryPoint\",\"urlTemplate\":\"https:\/\/svetslik.si\/hr\/?s={search_term_string}\"},\"query-input\":{\"@type\":\"PropertyValueSpecification\",\"valueRequired\":true,\"valueName\":\"search_term_string\"}}],\"inLanguage\":\"hr\"},{\"@type\":\"Organization\",\"@id\":\"https:\/\/svetslik.si\/hr\/#organization\",\"name\":\"SvetSlik.si\",\"url\":\"https:\/\/svetslik.si\/hr\/\",\"logo\":{\"@type\":\"ImageObject\",\"inLanguage\":\"hr\",\"@id\":\"https:\/\/svetslik.si\/hr\/#\/schema\/logo\/image\/\",\"url\":\"https:\/\/svetslik.si\/wp-content\/uploads\/2020\/12\/logo-512.png\",\"contentUrl\":\"https:\/\/svetslik.si\/wp-content\/uploads\/2020\/12\/logo-512.png\",\"width\":512,\"height\":512,\"caption\":\"SvetSlik.si\"},\"image\":{\"@id\":\"https:\/\/svetslik.si\/hr\/#\/schema\/logo\/image\/\"},\"sameAs\":[\"https:\/\/www.facebook.com\/svetslik.si\",\"https:\/\/x.com\/svetslik\",\"https:\/\/www.instagram.com\/svetslik.si\/\",\"https:\/\/www.linkedin.com\/company\/svetslik-si\"]}]}<\/script>\n<meta property=\"og:availability\" content=\"backorder\" \/>\n<meta property=\"product:availability\" content=\"available for order\" \/>\n<meta property=\"product:retailer_item_id\" content=\"131__\" \/>\n<meta property=\"product:condition\" content=\"new\" \/>\n<!-- \/ Yoast SEO Premium plugin. -->","yoast_head_json":{"title":"Salvador Dali - The Rose - SVETSLIK.SI - 100% ru\u010dno naslikano","description":"Salvador Dali - The Rose - 100 % ru\u010dno naslikana reprodukcija umjetni\u010dke slike na platnu. Okvirivanje slika, prodaja in izrada slika u dimenzijama po narud\u017ebi.","robots":{"index":"index","follow":"follow","max-snippet":"max-snippet:-1","max-image-preview":"max-image-preview:large","max-video-preview":"max-video-preview:-1"},"canonical":"https:\/\/svetslik.si\/hr\/salvador-dali\/the-rose\/","og_locale":"hr_HR","og_type":"article","og_title":"Salvador Dali - The Rose","og_description":"100% ro\u010dno naslikane slike na platnu, reprodukcije znanih slikarjev in umetni\u0161ke slike po naro\u010dilu.","og_url":"https:\/\/svetslik.si\/hr\/salvador-dali\/the-rose\/","og_site_name":"SVETSLIK.SI","article_publisher":"https:\/\/www.facebook.com\/svetslik.si","article_modified_time":"2024-07-04T14:10:20+00:00","og_image":[{"width":800,"height":1020,"url":"https:\/\/svetslik.si\/wp-content\/uploads\/2021\/08\/image_The-Rose_680.jpg","type":"image\/jpeg"}],"twitter_card":"summary_large_image","twitter_site":"@svetslik","twitter_misc":{"Availability":"On backorder"},"schema":{"@context":"https:\/\/schema.org","@graph":[{"@type":["WebPage","ItemPage"],"@id":"https:\/\/svetslik.si\/hr\/salvador-dali\/the-rose\/","url":"https:\/\/svetslik.si\/hr\/salvador-dali\/the-rose\/","name":"Salvador Dali - The Rose - SVETSLIK.SI - 100% ru\u010dno naslikano","isPartOf":{"@id":"https:\/\/svetslik.si\/hr\/#website"},"primaryImageOfPage":{"@id":"https:\/\/svetslik.si\/hr\/salvador-dali\/the-rose\/#primaryimage"},"image":{"@id":"https:\/\/svetslik.si\/hr\/salvador-dali\/the-rose\/#primaryimage"},"thumbnailUrl":"https:\/\/svetslik.si\/wp-content\/uploads\/2021\/08\/image_The-Rose_680.jpg","datePublished":"2021-09-02T15:45:45+00:00","dateModified":"2024-07-04T14:10:20+00:00","description":"Salvador Dali - The Rose - 100 % ru\u010dno naslikana reprodukcija umjetni\u010dke slike na platnu. Okvirivanje slika, prodaja in izrada slika u dimenzijama po narud\u017ebi.","breadcrumb":{"@id":"https:\/\/svetslik.si\/hr\/salvador-dali\/the-rose\/#breadcrumb"},"inLanguage":"hr","potentialAction":[{"@type":"ReadAction","target":["https:\/\/svetslik.si\/hr\/salvador-dali\/the-rose\/"]}]},{"@type":"ImageObject","inLanguage":"hr","@id":"https:\/\/svetslik.si\/hr\/salvador-dali\/the-rose\/#primaryimage","url":"https:\/\/svetslik.si\/wp-content\/uploads\/2021\/08\/image_The-Rose_680.jpg","contentUrl":"https:\/\/svetslik.si\/wp-content\/uploads\/2021\/08\/image_The-Rose_680.jpg","width":800,"height":1020,"caption":"Salvador Dali - Ru\u017ea - Ru\u010dno naslikane reprodukcije poznatih slikara, moderne zidne slike, umjetni\u010dke slike za zid"},{"@type":"BreadcrumbList","@id":"https:\/\/svetslik.si\/hr\/salvador-dali\/the-rose\/#breadcrumb","itemListElement":[{"@type":"ListItem","position":1,"name":"Umjetni\u010dke zidne slike na platnu","item":"https:\/\/svetslik.si\/hr\/"},{"@type":"ListItem","position":2,"name":"Prodaja slika","item":"https:\/\/svetslik.si\/prodaja-slik\/"},{"@type":"ListItem","position":3,"name":"Salvador Dali &#8211; The Rose"}]},{"@type":"WebSite","@id":"https:\/\/svetslik.si\/hr\/#website","url":"https:\/\/svetslik.si\/hr\/","name":"SVETSLIK.SI","description":"100% ru\u010dno naslikane reprodukcije slika poznatih slikara in umjetni\u010dke zidne slike na platnu.","publisher":{"@id":"https:\/\/svetslik.si\/hr\/#organization"},"potentialAction":[{"@type":"SearchAction","target":{"@type":"EntryPoint","urlTemplate":"https:\/\/svetslik.si\/hr\/?s={search_term_string}"},"query-input":{"@type":"PropertyValueSpecification","valueRequired":true,"valueName":"search_term_string"}}],"inLanguage":"hr"},{"@type":"Organization","@id":"https:\/\/svetslik.si\/hr\/#organization","name":"SvetSlik.si","url":"https:\/\/svetslik.si\/hr\/","logo":{"@type":"ImageObject","inLanguage":"hr","@id":"https:\/\/svetslik.si\/hr\/#\/schema\/logo\/image\/","url":"https:\/\/svetslik.si\/wp-content\/uploads\/2020\/12\/logo-512.png","contentUrl":"https:\/\/svetslik.si\/wp-content\/uploads\/2020\/12\/logo-512.png","width":512,"height":512,"caption":"SvetSlik.si"},"image":{"@id":"https:\/\/svetslik.si\/hr\/#\/schema\/logo\/image\/"},"sameAs":["https:\/\/www.facebook.com\/svetslik.si","https:\/\/x.com\/svetslik","https:\/\/www.instagram.com\/svetslik.si\/","https:\/\/www.linkedin.com\/company\/svetslik-si"]}]},"og_availability":"backorder","product_availability":"available for order","product_retailer_item_id":"131__","product_condition":"new"},"jetpack_sharing_enabled":true,"_links":{"self":[{"href":"https:\/\/svetslik.si\/hr\/wp-json\/wp\/v2\/product\/28195","targetHints":{"allow":["GET"]}}],"collection":[{"href":"https:\/\/svetslik.si\/hr\/wp-json\/wp\/v2\/product"}],"about":[{"href":"https:\/\/svetslik.si\/hr\/wp-json\/wp\/v2\/types\/product"}],"wp:featuredmedia":[{"embeddable":true,"href":"https:\/\/svetslik.si\/hr\/wp-json\/wp\/v2\/media\/20868"}],"wp:attachment":[{"href":"https:\/\/svetslik.si\/hr\/wp-json\/wp\/v2\/media?parent=28195"}],"wp:term":[{"taxonomy":"product_brand","embeddable":true,"href":"https:\/\/svetslik.si\/hr\/wp-json\/wp\/v2\/product_brand?post=28195"},{"taxonomy":"product_cat","embeddable":true,"href":"https:\/\/svetslik.si\/hr\/wp-json\/wp\/v2\/product_cat?post=28195"},{"taxonomy":"product_tag","embeddable":true,"href":"https:\/\/svetslik.si\/hr\/wp-json\/wp\/v2\/product_tag?post=28195"}],"curies":[{"name":"wp","href":"https:\/\/api.w.org\/{rel}","templated":true}]}}