{"id":28552,"date":"2023-03-07T15:33:52","date_gmt":"2023-03-07T14:33:52","guid":{"rendered":"https:\/\/svetslik.si\/Bez%20kategorije\/otroske-slike-o22\/"},"modified":"2024-07-04T16:11:24","modified_gmt":"2024-07-04T14:11:24","slug":"djecje-slike-o22","status":"publish","type":"product","link":"https:\/\/svetslik.si\/hr\/djecje-slike\/djecje-slike-o22\/","title":{"rendered":"Dje\u010dje slike O22"},"content":{"rendered":"<div class=\"wpb-content-wrapper\">[vc_row css=&#8221;.vc_custom_1678198111965{margin-bottom: 10px !important;}&#8221;][vc_column]\t<div class=\"et-image-892 et-image     et_image_link\">\n\t\t<div class=\"et-image-inner \">\n\t\t\t\t\t\t\t<div class=\"et-image-thumb \">\n\t\t\t\t\t<img decoding=\"async\" width=\"800\" height=\"800\" src=\"https:\/\/svetslik.si\/wp-content\/uploads\/2023\/03\/otroske-sliek-o22a.jpg\" class=\"attachment-full\" alt=\"Slike za zid - O22\" title=\"Slike za zid - O22\" srcset=\"https:\/\/svetslik.si\/wp-content\/uploads\/2023\/03\/otroske-sliek-o22a.jpg 800w, https:\/\/svetslik.si\/wp-content\/uploads\/2023\/03\/otroske-sliek-o22a-600x600.jpg 600w, https:\/\/svetslik.si\/wp-content\/uploads\/2023\/03\/otroske-sliek-o22a-100x100.jpg 100w, https:\/\/svetslik.si\/wp-content\/uploads\/2023\/03\/otroske-sliek-o22a-300x300.jpg 300w, https:\/\/svetslik.si\/wp-content\/uploads\/2023\/03\/otroske-sliek-o22a-150x150.jpg 150w, https:\/\/svetslik.si\/wp-content\/uploads\/2023\/03\/otroske-sliek-o22a-768x768.jpg 768w, https:\/\/svetslik.si\/wp-content\/uploads\/2023\/03\/otroske-sliek-o22a-12x12.jpg 12w\" sizes=\"(max-width: 800px) 100vw, 800px\" \/>\t\t\t\t<\/div>\n\t\t\t\t\t\t\t\t\t\t\t<\/div>\n\t<\/div>\n  [\/vc_column][\/vc_row]\n<\/div>","protected":false},"excerpt":{"rendered":"<p>[vc_row css=&#8221;.vc_custom_1678198111965{margin-bottom: 10px !important;}&#8221;][vc_column][\/vc_column][\/vc_row]<\/p>\n","protected":false},"featured_media":22405,"template":"","meta":{"_acf_changed":false},"product_brand":[],"product_cat":[3367],"product_tag":[11719],"class_list":{"0":"post-28552","1":"product","2":"type-product","3":"status-publish","4":"has-post-thumbnail","6":"product_cat-djecje-slike","7":"product_tag-djecje-slike","8":"pa_dimenzija-100-cm-x-159-cm","9":"pa_dimenzija-110-cm-x-175-cm","10":"pa_dimenzija-120-cm-x-191-cm","11":"pa_dimenzija-130-cm-x-207-cm","12":"pa_dimenzija-140-cm-x-223-cm","13":"pa_dimenzija-150-cm-x-239-cm","14":"pa_dimenzija-160-cm-x-255-cm","15":"pa_dimenzija-170-cm-x-271-cm","16":"pa_dimenzija-180-cm-x-287-cm","17":"pa_dimenzija-200-cm-x-319-cm","18":"pa_dimenzija-40-cm-x-63-cm","19":"pa_dimenzija-50-cm-x-79-cm","20":"pa_dimenzija-60-cm-x-95-cm","21":"pa_dimenzija-70-cm-x-111-cm","22":"pa_dimenzija-80-cm-x-127-cm","23":"pa_dimenzija-90-cm-x-143-cm","24":"pa_oblika-okomito","25":"pa_okvir-bez-okvira","26":"pa_podokvir-bez-podokvira","27":"pa_podokvir-sa-podokvirom","29":"first","30":"onbackorder","31":"purchasable","32":"product-type-variable"},"acf":[],"yoast_head":"<!-- This site is optimized with the Yoast SEO Premium plugin v26.0 (Yoast SEO v27.2) - https:\/\/yoast.com\/product\/yoast-seo-premium-wordpress\/ -->\n<title>Dje\u010dje slike O22 - SVETSLIK.SI - 100% ru\u010dno naslikano<\/title>\n<meta name=\"description\" content=\"Dje\u010dje slike O22 - 100 % ru\u010dno naslikane umjetni\u010dke zidne slike na platnu. Prodaja reprodukcija poznatih slikara, izrada slika po naru\u0111bi i okviri za slike.\" \/>\n<meta name=\"robots\" content=\"index, follow, max-snippet:-1, max-image-preview:large, max-video-preview:-1\" \/>\n<link rel=\"canonical\" href=\"https:\/\/svetslik.si\/hr\/djecje-slike\/djecje-slike-o22\/\" \/>\n<meta property=\"og:locale\" content=\"hr_HR\" \/>\n<meta property=\"og:type\" content=\"article\" \/>\n<meta property=\"og:title\" content=\"Dje\u010dje slike O22\" \/>\n<meta property=\"og:description\" content=\"100% ro\u010dno naslikane slike na platnu, reprodukcije znanih slikarjev in umetni\u0161ke slike po naro\u010dilu.\" \/>\n<meta property=\"og:url\" content=\"https:\/\/svetslik.si\/hr\/djecje-slike\/djecje-slike-o22\/\" \/>\n<meta property=\"og:site_name\" content=\"SVETSLIK.SI\" \/>\n<meta property=\"article:publisher\" content=\"https:\/\/www.facebook.com\/svetslik.si\" \/>\n<meta property=\"article:modified_time\" content=\"2024-07-04T14:11:24+00:00\" \/>\n<meta property=\"og:image\" content=\"https:\/\/svetslik.si\/wp-content\/uploads\/2023\/03\/otroske-slike-O22.jpg\" \/>\n\t<meta property=\"og:image:width\" content=\"667\" \/>\n\t<meta property=\"og:image:height\" content=\"1000\" \/>\n\t<meta property=\"og:image:type\" content=\"image\/jpeg\" \/>\n<meta name=\"twitter:card\" content=\"summary_large_image\" \/>\n<meta name=\"twitter:site\" content=\"@svetslik\" \/>\n<meta name=\"twitter:label1\" content=\"Availability\" \/>\n\t<meta name=\"twitter:data1\" content=\"On backorder\" \/>\n<script type=\"application\/ld+json\" class=\"yoast-schema-graph\">{\"@context\":\"https:\/\/schema.org\",\"@graph\":[{\"@type\":[\"WebPage\",\"ItemPage\"],\"@id\":\"https:\/\/svetslik.si\/hr\/djecje-slike\/djecje-slike-o22\/\",\"url\":\"https:\/\/svetslik.si\/hr\/djecje-slike\/djecje-slike-o22\/\",\"name\":\"Dje\u010dje slike O22 - SVETSLIK.SI - 100% ru\u010dno naslikano\",\"isPartOf\":{\"@id\":\"https:\/\/svetslik.si\/hr\/#website\"},\"primaryImageOfPage\":{\"@id\":\"https:\/\/svetslik.si\/hr\/djecje-slike\/djecje-slike-o22\/#primaryimage\"},\"image\":{\"@id\":\"https:\/\/svetslik.si\/hr\/djecje-slike\/djecje-slike-o22\/#primaryimage\"},\"thumbnailUrl\":\"https:\/\/svetslik.si\/wp-content\/uploads\/2023\/03\/otroske-slike-O22.jpg\",\"datePublished\":\"2023-03-07T14:33:52+00:00\",\"dateModified\":\"2024-07-04T14:11:24+00:00\",\"description\":\"Dje\u010dje slike O22 - 100 % ru\u010dno naslikane umjetni\u010dke zidne slike na platnu. Prodaja reprodukcija poznatih slikara, izrada slika po naru\u0111bi i okviri za slike.\",\"breadcrumb\":{\"@id\":\"https:\/\/svetslik.si\/hr\/djecje-slike\/djecje-slike-o22\/#breadcrumb\"},\"inLanguage\":\"hr\",\"potentialAction\":[{\"@type\":\"ReadAction\",\"target\":[\"https:\/\/svetslik.si\/hr\/djecje-slike\/djecje-slike-o22\/\"]}]},{\"@type\":\"ImageObject\",\"inLanguage\":\"hr\",\"@id\":\"https:\/\/svetslik.si\/hr\/djecje-slike\/djecje-slike-o22\/#primaryimage\",\"url\":\"https:\/\/svetslik.si\/wp-content\/uploads\/2023\/03\/otroske-slike-O22.jpg\",\"contentUrl\":\"https:\/\/svetslik.si\/wp-content\/uploads\/2023\/03\/otroske-slike-O22.jpg\",\"width\":667,\"height\":1000,\"caption\":\"Slike za zid - O22\"},{\"@type\":\"BreadcrumbList\",\"@id\":\"https:\/\/svetslik.si\/hr\/djecje-slike\/djecje-slike-o22\/#breadcrumb\",\"itemListElement\":[{\"@type\":\"ListItem\",\"position\":1,\"name\":\"Umjetni\u010dke zidne slike na platnu\",\"item\":\"https:\/\/svetslik.si\/hr\/\"},{\"@type\":\"ListItem\",\"position\":2,\"name\":\"Prodaja slika\",\"item\":\"https:\/\/svetslik.si\/prodaja-slik\/\"},{\"@type\":\"ListItem\",\"position\":3,\"name\":\"Dje\u010dje slike O22\"}]},{\"@type\":\"WebSite\",\"@id\":\"https:\/\/svetslik.si\/hr\/#website\",\"url\":\"https:\/\/svetslik.si\/hr\/\",\"name\":\"SVETSLIK.SI\",\"description\":\"100% ru\u010dno naslikane reprodukcije slika poznatih slikara in umjetni\u010dke zidne slike na platnu.\",\"publisher\":{\"@id\":\"https:\/\/svetslik.si\/hr\/#organization\"},\"potentialAction\":[{\"@type\":\"SearchAction\",\"target\":{\"@type\":\"EntryPoint\",\"urlTemplate\":\"https:\/\/svetslik.si\/hr\/?s={search_term_string}\"},\"query-input\":{\"@type\":\"PropertyValueSpecification\",\"valueRequired\":true,\"valueName\":\"search_term_string\"}}],\"inLanguage\":\"hr\"},{\"@type\":\"Organization\",\"@id\":\"https:\/\/svetslik.si\/hr\/#organization\",\"name\":\"SvetSlik.si\",\"url\":\"https:\/\/svetslik.si\/hr\/\",\"logo\":{\"@type\":\"ImageObject\",\"inLanguage\":\"hr\",\"@id\":\"https:\/\/svetslik.si\/hr\/#\/schema\/logo\/image\/\",\"url\":\"https:\/\/svetslik.si\/wp-content\/uploads\/2020\/12\/logo-512.png\",\"contentUrl\":\"https:\/\/svetslik.si\/wp-content\/uploads\/2020\/12\/logo-512.png\",\"width\":512,\"height\":512,\"caption\":\"SvetSlik.si\"},\"image\":{\"@id\":\"https:\/\/svetslik.si\/hr\/#\/schema\/logo\/image\/\"},\"sameAs\":[\"https:\/\/www.facebook.com\/svetslik.si\",\"https:\/\/x.com\/svetslik\",\"https:\/\/www.instagram.com\/svetslik.si\/\",\"https:\/\/www.linkedin.com\/company\/svetslik-si\"]}]}<\/script>\n<meta property=\"og:availability\" content=\"backorder\" \/>\n<meta property=\"product:availability\" content=\"available for order\" \/>\n<meta property=\"product:retailer_item_id\" content=\"1130_b-5-1-4-1-1-1-1\" \/>\n<meta property=\"product:condition\" content=\"new\" \/>\n<!-- \/ Yoast SEO Premium plugin. -->","yoast_head_json":{"title":"Dje\u010dje slike O22 - SVETSLIK.SI - 100% ru\u010dno naslikano","description":"Dje\u010dje slike O22 - 100 % ru\u010dno naslikane umjetni\u010dke zidne slike na platnu. Prodaja reprodukcija poznatih slikara, izrada slika po naru\u0111bi i okviri za slike.","robots":{"index":"index","follow":"follow","max-snippet":"max-snippet:-1","max-image-preview":"max-image-preview:large","max-video-preview":"max-video-preview:-1"},"canonical":"https:\/\/svetslik.si\/hr\/djecje-slike\/djecje-slike-o22\/","og_locale":"hr_HR","og_type":"article","og_title":"Dje\u010dje slike O22","og_description":"100% ro\u010dno naslikane slike na platnu, reprodukcije znanih slikarjev in umetni\u0161ke slike po naro\u010dilu.","og_url":"https:\/\/svetslik.si\/hr\/djecje-slike\/djecje-slike-o22\/","og_site_name":"SVETSLIK.SI","article_publisher":"https:\/\/www.facebook.com\/svetslik.si","article_modified_time":"2024-07-04T14:11:24+00:00","og_image":[{"width":667,"height":1000,"url":"https:\/\/svetslik.si\/wp-content\/uploads\/2023\/03\/otroske-slike-O22.jpg","type":"image\/jpeg"}],"twitter_card":"summary_large_image","twitter_site":"@svetslik","twitter_misc":{"Availability":"On backorder"},"schema":{"@context":"https:\/\/schema.org","@graph":[{"@type":["WebPage","ItemPage"],"@id":"https:\/\/svetslik.si\/hr\/djecje-slike\/djecje-slike-o22\/","url":"https:\/\/svetslik.si\/hr\/djecje-slike\/djecje-slike-o22\/","name":"Dje\u010dje slike O22 - SVETSLIK.SI - 100% ru\u010dno naslikano","isPartOf":{"@id":"https:\/\/svetslik.si\/hr\/#website"},"primaryImageOfPage":{"@id":"https:\/\/svetslik.si\/hr\/djecje-slike\/djecje-slike-o22\/#primaryimage"},"image":{"@id":"https:\/\/svetslik.si\/hr\/djecje-slike\/djecje-slike-o22\/#primaryimage"},"thumbnailUrl":"https:\/\/svetslik.si\/wp-content\/uploads\/2023\/03\/otroske-slike-O22.jpg","datePublished":"2023-03-07T14:33:52+00:00","dateModified":"2024-07-04T14:11:24+00:00","description":"Dje\u010dje slike O22 - 100 % ru\u010dno naslikane umjetni\u010dke zidne slike na platnu. Prodaja reprodukcija poznatih slikara, izrada slika po naru\u0111bi i okviri za slike.","breadcrumb":{"@id":"https:\/\/svetslik.si\/hr\/djecje-slike\/djecje-slike-o22\/#breadcrumb"},"inLanguage":"hr","potentialAction":[{"@type":"ReadAction","target":["https:\/\/svetslik.si\/hr\/djecje-slike\/djecje-slike-o22\/"]}]},{"@type":"ImageObject","inLanguage":"hr","@id":"https:\/\/svetslik.si\/hr\/djecje-slike\/djecje-slike-o22\/#primaryimage","url":"https:\/\/svetslik.si\/wp-content\/uploads\/2023\/03\/otroske-slike-O22.jpg","contentUrl":"https:\/\/svetslik.si\/wp-content\/uploads\/2023\/03\/otroske-slike-O22.jpg","width":667,"height":1000,"caption":"Slike za zid - O22"},{"@type":"BreadcrumbList","@id":"https:\/\/svetslik.si\/hr\/djecje-slike\/djecje-slike-o22\/#breadcrumb","itemListElement":[{"@type":"ListItem","position":1,"name":"Umjetni\u010dke zidne slike na platnu","item":"https:\/\/svetslik.si\/hr\/"},{"@type":"ListItem","position":2,"name":"Prodaja slika","item":"https:\/\/svetslik.si\/prodaja-slik\/"},{"@type":"ListItem","position":3,"name":"Dje\u010dje slike O22"}]},{"@type":"WebSite","@id":"https:\/\/svetslik.si\/hr\/#website","url":"https:\/\/svetslik.si\/hr\/","name":"SVETSLIK.SI","description":"100% ru\u010dno naslikane reprodukcije slika poznatih slikara in umjetni\u010dke zidne slike na platnu.","publisher":{"@id":"https:\/\/svetslik.si\/hr\/#organization"},"potentialAction":[{"@type":"SearchAction","target":{"@type":"EntryPoint","urlTemplate":"https:\/\/svetslik.si\/hr\/?s={search_term_string}"},"query-input":{"@type":"PropertyValueSpecification","valueRequired":true,"valueName":"search_term_string"}}],"inLanguage":"hr"},{"@type":"Organization","@id":"https:\/\/svetslik.si\/hr\/#organization","name":"SvetSlik.si","url":"https:\/\/svetslik.si\/hr\/","logo":{"@type":"ImageObject","inLanguage":"hr","@id":"https:\/\/svetslik.si\/hr\/#\/schema\/logo\/image\/","url":"https:\/\/svetslik.si\/wp-content\/uploads\/2020\/12\/logo-512.png","contentUrl":"https:\/\/svetslik.si\/wp-content\/uploads\/2020\/12\/logo-512.png","width":512,"height":512,"caption":"SvetSlik.si"},"image":{"@id":"https:\/\/svetslik.si\/hr\/#\/schema\/logo\/image\/"},"sameAs":["https:\/\/www.facebook.com\/svetslik.si","https:\/\/x.com\/svetslik","https:\/\/www.instagram.com\/svetslik.si\/","https:\/\/www.linkedin.com\/company\/svetslik-si"]}]},"og_availability":"backorder","product_availability":"available for order","product_retailer_item_id":"1130_b-5-1-4-1-1-1-1","product_condition":"new"},"jetpack_sharing_enabled":true,"_links":{"self":[{"href":"https:\/\/svetslik.si\/hr\/wp-json\/wp\/v2\/product\/28552","targetHints":{"allow":["GET"]}}],"collection":[{"href":"https:\/\/svetslik.si\/hr\/wp-json\/wp\/v2\/product"}],"about":[{"href":"https:\/\/svetslik.si\/hr\/wp-json\/wp\/v2\/types\/product"}],"wp:featuredmedia":[{"embeddable":true,"href":"https:\/\/svetslik.si\/hr\/wp-json\/wp\/v2\/media\/22405"}],"wp:attachment":[{"href":"https:\/\/svetslik.si\/hr\/wp-json\/wp\/v2\/media?parent=28552"}],"wp:term":[{"taxonomy":"product_brand","embeddable":true,"href":"https:\/\/svetslik.si\/hr\/wp-json\/wp\/v2\/product_brand?post=28552"},{"taxonomy":"product_cat","embeddable":true,"href":"https:\/\/svetslik.si\/hr\/wp-json\/wp\/v2\/product_cat?post=28552"},{"taxonomy":"product_tag","embeddable":true,"href":"https:\/\/svetslik.si\/hr\/wp-json\/wp\/v2\/product_tag?post=28552"}],"curies":[{"name":"wp","href":"https:\/\/api.w.org\/{rel}","templated":true}]}}