{"id":29826,"date":"2021-09-02T19:07:56","date_gmt":"2021-09-02T17:07:56","guid":{"rendered":"https:\/\/svetslik.si\/Bez%20kategorije\/dekorativna-slika-soncni-zahod-na-morju\/"},"modified":"2025-09-23T20:07:40","modified_gmt":"2025-09-23T18:07:40","slug":"slike-za-zid-zalazak-sunca-na-moru","status":"publish","type":"product","link":"https:\/\/svetslik.si\/hr\/slike-na-platnu-jednodijelne\/slike-za-zid-zalazak-sunca-na-moru\/","title":{"rendered":"Slike za zid &#8211; Zalazak sunca na moru"},"content":{"rendered":"<div class=\"wpb-content-wrapper\">[vc_row css=&#8221;.vc_custom_1699703781266{margin-bottom: 10px !important;}&#8221;][vc_column]\t<div class=\"et-image-797 et-image     et_image_link\">\n\t\t<div class=\"et-image-inner \">\n\t\t\t\t\t\t\t<div class=\"et-image-thumb \">\n\t\t\t\t\t<img decoding=\"async\" width=\"1000\" height=\"822\" src=\"https:\/\/svetslik.si\/wp-content\/uploads\/2021\/09\/Dekorativne-slike-na-platnu-\u2013-Soncni-zahod-na-morju-d.jpg\" class=\"attachment-full\" alt=\"Dekorativna slika na platnu \u2013 Zalazak sunca na moru: Umjetni\u010dko djelo koje kroz boje i svjetlost do\u010darava spektakularnu scenu zalaska sunca, unose\u0107i toplinu i ljepotu u prostor.\" title=\"Dekorativne slike na platnu \u2013 zalazak sunca na moru\" srcset=\"https:\/\/svetslik.si\/wp-content\/uploads\/2021\/09\/Dekorativne-slike-na-platnu-\u2013-Soncni-zahod-na-morju-d.jpg 1000w, https:\/\/svetslik.si\/wp-content\/uploads\/2021\/09\/Dekorativne-slike-na-platnu-\u2013-Soncni-zahod-na-morju-d-600x493.jpg 600w, https:\/\/svetslik.si\/wp-content\/uploads\/2021\/09\/Dekorativne-slike-na-platnu-\u2013-Soncni-zahod-na-morju-d-300x247.jpg 300w, https:\/\/svetslik.si\/wp-content\/uploads\/2021\/09\/Dekorativne-slike-na-platnu-\u2013-Soncni-zahod-na-morju-d-768x631.jpg 768w, https:\/\/svetslik.si\/wp-content\/uploads\/2021\/09\/Dekorativne-slike-na-platnu-\u2013-Soncni-zahod-na-morju-d-150x123.jpg 150w, https:\/\/svetslik.si\/wp-content\/uploads\/2021\/09\/Dekorativne-slike-na-platnu-\u2013-Soncni-zahod-na-morju-d-900x740.jpg 900w\" sizes=\"(max-width: 1000px) 100vw, 1000px\" \/>\t\t\t\t<\/div>\n\t\t\t\t\t\t\t\t\t\t\t<\/div>\n\t<\/div>\n  [\/vc_column][\/vc_row][vc_row css=&#8221;.vc_custom_1699703781266{margin-bottom: 10px !important;}&#8221;][vc_column]\t<div class=\"et-image-280 et-image     et_image_link\">\n\t\t<div class=\"et-image-inner \">\n\t\t\t\t\t\t\t<div class=\"et-image-thumb \">\n\t\t\t\t\t<img decoding=\"async\" width=\"1000\" height=\"1085\" src=\"https:\/\/svetslik.si\/wp-content\/uploads\/2021\/09\/Dekorativne-slike-na-platnu-\u2013-Soncni-zahod-na-morju-c.jpg\" class=\"attachment-full\" alt=\"Dekorativna slika na platnu \u2013 Zalazak sunca na moru: Predivno platno koje do\u010darava boje zalaska sunca na moru, stvaraju\u0107i atmosferu mira i opu\u0161tanja.\" title=\"Dekorativne slike na platnu \u2013 zalazak sunca na moru\" srcset=\"https:\/\/svetslik.si\/wp-content\/uploads\/2021\/09\/Dekorativne-slike-na-platnu-\u2013-Soncni-zahod-na-morju-c.jpg 1000w, https:\/\/svetslik.si\/wp-content\/uploads\/2021\/09\/Dekorativne-slike-na-platnu-\u2013-Soncni-zahod-na-morju-c-600x651.jpg 600w, https:\/\/svetslik.si\/wp-content\/uploads\/2021\/09\/Dekorativne-slike-na-platnu-\u2013-Soncni-zahod-na-morju-c-276x300.jpg 276w, https:\/\/svetslik.si\/wp-content\/uploads\/2021\/09\/Dekorativne-slike-na-platnu-\u2013-Soncni-zahod-na-morju-c-944x1024.jpg 944w, https:\/\/svetslik.si\/wp-content\/uploads\/2021\/09\/Dekorativne-slike-na-platnu-\u2013-Soncni-zahod-na-morju-c-768x833.jpg 768w, https:\/\/svetslik.si\/wp-content\/uploads\/2021\/09\/Dekorativne-slike-na-platnu-\u2013-Soncni-zahod-na-morju-c-138x150.jpg 138w, https:\/\/svetslik.si\/wp-content\/uploads\/2021\/09\/Dekorativne-slike-na-platnu-\u2013-Soncni-zahod-na-morju-c-900x977.jpg 900w\" sizes=\"(max-width: 1000px) 100vw, 1000px\" \/>\t\t\t\t<\/div>\n\t\t\t\t\t\t\t\t\t\t\t<\/div>\n\t<\/div>\n  [\/vc_column][\/vc_row][vc_row css=&#8221;.vc_custom_1699703781266{margin-bottom: 10px !important;}&#8221;][vc_column]\t<div class=\"et-image-731 et-image     et_image_link\">\n\t\t<div class=\"et-image-inner \">\n\t\t\t\t\t\t\t<div class=\"et-image-thumb \">\n\t\t\t\t\t<img decoding=\"async\" width=\"1000\" height=\"719\" src=\"https:\/\/svetslik.si\/wp-content\/uploads\/2021\/09\/Dekorativne-slike-na-platnu-\u2013-Soncni-zahod-na-morju-b.jpg\" class=\"attachment-full\" alt=\"Dekorativna slika na platnu \u2013 Zalazak sunca na moru: Romanti\u010dno umjetni\u010dko djelo koje prikazuje magi\u010dan trenutak zalaska sunca, donose\u0107i osje\u0107aj harmonije i ljepote.\" title=\"Dekorativne slike na platnu \u2013 zalazak sunca na moru\" srcset=\"https:\/\/svetslik.si\/wp-content\/uploads\/2021\/09\/Dekorativne-slike-na-platnu-\u2013-Soncni-zahod-na-morju-b.jpg 1000w, https:\/\/svetslik.si\/wp-content\/uploads\/2021\/09\/Dekorativne-slike-na-platnu-\u2013-Soncni-zahod-na-morju-b-600x431.jpg 600w, https:\/\/svetslik.si\/wp-content\/uploads\/2021\/09\/Dekorativne-slike-na-platnu-\u2013-Soncni-zahod-na-morju-b-300x216.jpg 300w, https:\/\/svetslik.si\/wp-content\/uploads\/2021\/09\/Dekorativne-slike-na-platnu-\u2013-Soncni-zahod-na-morju-b-768x552.jpg 768w, https:\/\/svetslik.si\/wp-content\/uploads\/2021\/09\/Dekorativne-slike-na-platnu-\u2013-Soncni-zahod-na-morju-b-150x108.jpg 150w, https:\/\/svetslik.si\/wp-content\/uploads\/2021\/09\/Dekorativne-slike-na-platnu-\u2013-Soncni-zahod-na-morju-b-900x647.jpg 900w\" sizes=\"(max-width: 1000px) 100vw, 1000px\" \/>\t\t\t\t<\/div>\n\t\t\t\t\t\t\t\t\t\t\t<\/div>\n\t<\/div>\n  [\/vc_column][\/vc_row][vc_row css=&#8221;.vc_custom_1699703781266{margin-bottom: 10px !important;}&#8221;][vc_column]\t<div class=\"et-image-838 et-image     et_image_link\">\n\t\t<div class=\"et-image-inner \">\n\t\t\t\t\t\t\t<div class=\"et-image-thumb \">\n\t\t\t\t\t<img decoding=\"async\" width=\"1000\" height=\"563\" src=\"https:\/\/svetslik.si\/wp-content\/uploads\/2021\/09\/Dekorativne-slike-na-platnu-\u2013-Soncni-zahod-na-morju-a.jpg\" class=\"attachment-full\" alt=\"Dekorativna slika na platnu \u2013 Zalazak sunca na moru: \u017divopisno platno koje do\u010darava spektakularan zalazak sunca na oceanu, stvaraju\u0107i toplinu i mir.\" title=\"Dekorativne slike na platnu \u2013 zalazak sunca na moru\" srcset=\"https:\/\/svetslik.si\/wp-content\/uploads\/2021\/09\/Dekorativne-slike-na-platnu-\u2013-Soncni-zahod-na-morju-a.jpg 1000w, https:\/\/svetslik.si\/wp-content\/uploads\/2021\/09\/Dekorativne-slike-na-platnu-\u2013-Soncni-zahod-na-morju-a-600x338.jpg 600w, https:\/\/svetslik.si\/wp-content\/uploads\/2021\/09\/Dekorativne-slike-na-platnu-\u2013-Soncni-zahod-na-morju-a-300x169.jpg 300w, https:\/\/svetslik.si\/wp-content\/uploads\/2021\/09\/Dekorativne-slike-na-platnu-\u2013-Soncni-zahod-na-morju-a-768x432.jpg 768w, https:\/\/svetslik.si\/wp-content\/uploads\/2021\/09\/Dekorativne-slike-na-platnu-\u2013-Soncni-zahod-na-morju-a-150x84.jpg 150w, https:\/\/svetslik.si\/wp-content\/uploads\/2021\/09\/Dekorativne-slike-na-platnu-\u2013-Soncni-zahod-na-morju-a-900x507.jpg 900w\" sizes=\"(max-width: 1000px) 100vw, 1000px\" \/>\t\t\t\t<\/div>\n\t\t\t\t\t\t\t\t\t\t\t<\/div>\n\t<\/div>\n  [\/vc_column][\/vc_row]\n<\/div>","protected":false},"excerpt":{"rendered":"<p>[vc_row css=&#8221;.vc_custom_1699703781266{margin-bottom: 10px !important;}&#8221;][vc_column][\/vc_column][\/vc_row][vc_row css=&#8221;.vc_custom_1699703781266{margin-bottom: 10px !important;}&#8221;][vc_column][\/vc_column][\/vc_row][vc_row css=&#8221;.vc_custom_1699703781266{margin-bottom: 10px !important;}&#8221;][vc_column][\/vc_column][\/vc_row][vc_row css=&#8221;.vc_custom_1699703781266{margin-bottom: 10px !important;}&#8221;][vc_column][\/vc_column][\/vc_row]<\/p>\n","protected":false},"featured_media":20207,"template":"","meta":{"_acf_changed":false},"product_brand":[],"product_cat":[3384],"product_tag":[3399,3405,3413,3408,3409,3410,3412,3411,3400,3416,3414,3415],"class_list":{"0":"post-29826","1":"product","2":"type-product","3":"status-publish","4":"has-post-thumbnail","6":"product_cat-slike-na-platnu-jednodijelne","7":"product_tag-apstraktne-slike","8":"product_tag-moderne-slike-hr","9":"product_tag-online-galerija","10":"product_tag-prodaja-slika","11":"product_tag-slike-na-platnu-hr","12":"product_tag-slike-za-dnevni-boravak","13":"product_tag-slike-za-dnevni-boravak-hr","14":"product_tag-slike-za-zid","15":"product_tag-ukrasne-slike","16":"product_tag-umjetnicke-slike","17":"product_tag-zidna-dekoracija","18":"product_tag-zidne-slike","19":"pa_dimenzija-120-x-120-cm-hr","20":"pa_dimenzija-120-x-90-cm-hr","21":"pa_dimenzija-50-x-40-cm-hr","22":"pa_dimenzija-70-x-50-cm-hr","23":"pa_dimenzija-90-x-70-cm-hr","24":"pa_oblika-horizontalno","25":"pa_okvir-bez-okvira","26":"pa_podokvir-bez-podokvira","27":"pa_podokvir-sa-podokvirom","29":"first","30":"instock","31":"purchasable","32":"product-type-variable","33":"has-default-attributes"},"acf":[],"yoast_head":"<!-- This site is optimized with the Yoast SEO Premium plugin v26.0 (Yoast SEO v27.2) - https:\/\/yoast.com\/product\/yoast-seo-premium-wordpress\/ -->\n<title>Slike za zid - Zalazak sunca na moru - SVETSLIK.SI - 100% ru\u010dno naslikano<\/title>\n<meta name=\"description\" content=\"Slike za zid - Zalazak sunca na moru - 100 % ru\u010dno naslikane umjetni\u010dke zidne slike na platnu. Prodaja reprodukcija poznatih slikara, izrada slika po naru\u0111bi i okviri za slike.\" \/>\n<meta name=\"robots\" content=\"index, follow, max-snippet:-1, max-image-preview:large, max-video-preview:-1\" \/>\n<link rel=\"canonical\" href=\"https:\/\/svetslik.si\/hr\/slike-na-platnu-jednodijelne\/slike-za-zid-zalazak-sunca-na-moru\/\" \/>\n<meta property=\"og:locale\" content=\"hr_HR\" \/>\n<meta property=\"og:type\" content=\"article\" \/>\n<meta property=\"og:title\" content=\"Slike za zid - Zalazak sunca na moru\" \/>\n<meta property=\"og:description\" content=\"100% ro\u010dno naslikane slike na platnu, reprodukcije znanih slikarjev in umetni\u0161ke slike po naro\u010dilu.\" \/>\n<meta property=\"og:url\" content=\"https:\/\/svetslik.si\/hr\/slike-na-platnu-jednodijelne\/slike-za-zid-zalazak-sunca-na-moru\/\" \/>\n<meta property=\"og:site_name\" content=\"SVETSLIK.SI\" \/>\n<meta property=\"article:publisher\" content=\"https:\/\/www.facebook.com\/svetslik.si\" \/>\n<meta property=\"article:modified_time\" content=\"2025-09-23T18:07:40+00:00\" \/>\n<meta property=\"og:image\" content=\"https:\/\/svetslik.si\/wp-content\/uploads\/2021\/08\/image_Dekorativna-slika-soncni-zahod-na-morju_680.jpg\" \/>\n\t<meta property=\"og:image:width\" content=\"680\" \/>\n\t<meta property=\"og:image:height\" content=\"502\" \/>\n\t<meta property=\"og:image:type\" content=\"image\/jpeg\" \/>\n<meta name=\"twitter:card\" content=\"summary_large_image\" \/>\n<meta name=\"twitter:site\" content=\"@svetslik\" \/>\n<meta name=\"twitter:label1\" content=\"Availability\" \/>\n\t<meta name=\"twitter:data1\" content=\"Na zalihi\" \/>\n<script type=\"application\/ld+json\" class=\"yoast-schema-graph\">{\"@context\":\"https:\/\/schema.org\",\"@graph\":[{\"@type\":[\"WebPage\",\"ItemPage\"],\"@id\":\"https:\/\/svetslik.si\/hr\/slike-na-platnu-jednodijelne\/slike-za-zid-zalazak-sunca-na-moru\/\",\"url\":\"https:\/\/svetslik.si\/hr\/slike-na-platnu-jednodijelne\/slike-za-zid-zalazak-sunca-na-moru\/\",\"name\":\"Slike za zid - Zalazak sunca na moru - SVETSLIK.SI - 100% ru\u010dno naslikano\",\"isPartOf\":{\"@id\":\"https:\/\/svetslik.si\/hr\/#website\"},\"primaryImageOfPage\":{\"@id\":\"https:\/\/svetslik.si\/hr\/slike-na-platnu-jednodijelne\/slike-za-zid-zalazak-sunca-na-moru\/#primaryimage\"},\"image\":{\"@id\":\"https:\/\/svetslik.si\/hr\/slike-na-platnu-jednodijelne\/slike-za-zid-zalazak-sunca-na-moru\/#primaryimage\"},\"thumbnailUrl\":\"https:\/\/svetslik.si\/wp-content\/uploads\/2021\/08\/image_Dekorativna-slika-soncni-zahod-na-morju_680.jpg\",\"datePublished\":\"2021-09-02T17:07:56+00:00\",\"dateModified\":\"2025-09-23T18:07:40+00:00\",\"description\":\"Slike za zid - Zalazak sunca na moru - 100 % ru\u010dno naslikane umjetni\u010dke zidne slike na platnu. Prodaja reprodukcija poznatih slikara, izrada slika po naru\u0111bi i okviri za slike.\",\"breadcrumb\":{\"@id\":\"https:\/\/svetslik.si\/hr\/slike-na-platnu-jednodijelne\/slike-za-zid-zalazak-sunca-na-moru\/#breadcrumb\"},\"inLanguage\":\"hr\",\"potentialAction\":[{\"@type\":\"ReadAction\",\"target\":[\"https:\/\/svetslik.si\/hr\/slike-na-platnu-jednodijelne\/slike-za-zid-zalazak-sunca-na-moru\/\"]}]},{\"@type\":\"ImageObject\",\"inLanguage\":\"hr\",\"@id\":\"https:\/\/svetslik.si\/hr\/slike-na-platnu-jednodijelne\/slike-za-zid-zalazak-sunca-na-moru\/#primaryimage\",\"url\":\"https:\/\/svetslik.si\/wp-content\/uploads\/2021\/08\/image_Dekorativna-slika-soncni-zahod-na-morju_680.jpg\",\"contentUrl\":\"https:\/\/svetslik.si\/wp-content\/uploads\/2021\/08\/image_Dekorativna-slika-soncni-zahod-na-morju_680.jpg\",\"width\":680,\"height\":502,\"caption\":\"slike za zid na platnu, umjetni\u010dke slike - moderne slike, ambientalne slike za zid, apstraktne slike, dekorativne slike za zid, kupnja i prodaja slika - Dekorativna slika zalazak sunca na moru\"},{\"@type\":\"BreadcrumbList\",\"@id\":\"https:\/\/svetslik.si\/hr\/slike-na-platnu-jednodijelne\/slike-za-zid-zalazak-sunca-na-moru\/#breadcrumb\",\"itemListElement\":[{\"@type\":\"ListItem\",\"position\":1,\"name\":\"Umjetni\u010dke zidne slike na platnu\",\"item\":\"https:\/\/svetslik.si\/hr\/\"},{\"@type\":\"ListItem\",\"position\":2,\"name\":\"Prodaja slika\",\"item\":\"https:\/\/svetslik.si\/prodaja-slik\/\"},{\"@type\":\"ListItem\",\"position\":3,\"name\":\"Slike za zid &#8211; Zalazak sunca na moru\"}]},{\"@type\":\"WebSite\",\"@id\":\"https:\/\/svetslik.si\/hr\/#website\",\"url\":\"https:\/\/svetslik.si\/hr\/\",\"name\":\"SVETSLIK.SI\",\"description\":\"100% ru\u010dno naslikane reprodukcije slika poznatih slikara in umjetni\u010dke zidne slike na platnu.\",\"publisher\":{\"@id\":\"https:\/\/svetslik.si\/hr\/#organization\"},\"potentialAction\":[{\"@type\":\"SearchAction\",\"target\":{\"@type\":\"EntryPoint\",\"urlTemplate\":\"https:\/\/svetslik.si\/hr\/?s={search_term_string}\"},\"query-input\":{\"@type\":\"PropertyValueSpecification\",\"valueRequired\":true,\"valueName\":\"search_term_string\"}}],\"inLanguage\":\"hr\"},{\"@type\":\"Organization\",\"@id\":\"https:\/\/svetslik.si\/hr\/#organization\",\"name\":\"SvetSlik.si\",\"url\":\"https:\/\/svetslik.si\/hr\/\",\"logo\":{\"@type\":\"ImageObject\",\"inLanguage\":\"hr\",\"@id\":\"https:\/\/svetslik.si\/hr\/#\/schema\/logo\/image\/\",\"url\":\"https:\/\/svetslik.si\/wp-content\/uploads\/2020\/12\/logo-512.png\",\"contentUrl\":\"https:\/\/svetslik.si\/wp-content\/uploads\/2020\/12\/logo-512.png\",\"width\":512,\"height\":512,\"caption\":\"SvetSlik.si\"},\"image\":{\"@id\":\"https:\/\/svetslik.si\/hr\/#\/schema\/logo\/image\/\"},\"sameAs\":[\"https:\/\/www.facebook.com\/svetslik.si\",\"https:\/\/x.com\/svetslik\",\"https:\/\/www.instagram.com\/svetslik.si\/\",\"https:\/\/www.linkedin.com\/company\/svetslik-si\"]}]}<\/script>\n<meta property=\"og:availability\" content=\"instock\" \/>\n<meta property=\"product:availability\" content=\"instock\" \/>\n<meta property=\"product:retailer_item_id\" content=\"971__\" \/>\n<meta property=\"product:condition\" content=\"new\" \/>\n<!-- \/ Yoast SEO Premium plugin. -->","yoast_head_json":{"title":"Slike za zid - Zalazak sunca na moru - SVETSLIK.SI - 100% ru\u010dno naslikano","description":"Slike za zid - Zalazak sunca na moru - 100 % ru\u010dno naslikane umjetni\u010dke zidne slike na platnu. Prodaja reprodukcija poznatih slikara, izrada slika po naru\u0111bi i okviri za slike.","robots":{"index":"index","follow":"follow","max-snippet":"max-snippet:-1","max-image-preview":"max-image-preview:large","max-video-preview":"max-video-preview:-1"},"canonical":"https:\/\/svetslik.si\/hr\/slike-na-platnu-jednodijelne\/slike-za-zid-zalazak-sunca-na-moru\/","og_locale":"hr_HR","og_type":"article","og_title":"Slike za zid - Zalazak sunca na moru","og_description":"100% ro\u010dno naslikane slike na platnu, reprodukcije znanih slikarjev in umetni\u0161ke slike po naro\u010dilu.","og_url":"https:\/\/svetslik.si\/hr\/slike-na-platnu-jednodijelne\/slike-za-zid-zalazak-sunca-na-moru\/","og_site_name":"SVETSLIK.SI","article_publisher":"https:\/\/www.facebook.com\/svetslik.si","article_modified_time":"2025-09-23T18:07:40+00:00","og_image":[{"width":680,"height":502,"url":"https:\/\/svetslik.si\/wp-content\/uploads\/2021\/08\/image_Dekorativna-slika-soncni-zahod-na-morju_680.jpg","type":"image\/jpeg"}],"twitter_card":"summary_large_image","twitter_site":"@svetslik","twitter_misc":{"Availability":"Na zalihi"},"schema":{"@context":"https:\/\/schema.org","@graph":[{"@type":["WebPage","ItemPage"],"@id":"https:\/\/svetslik.si\/hr\/slike-na-platnu-jednodijelne\/slike-za-zid-zalazak-sunca-na-moru\/","url":"https:\/\/svetslik.si\/hr\/slike-na-platnu-jednodijelne\/slike-za-zid-zalazak-sunca-na-moru\/","name":"Slike za zid - Zalazak sunca na moru - SVETSLIK.SI - 100% ru\u010dno naslikano","isPartOf":{"@id":"https:\/\/svetslik.si\/hr\/#website"},"primaryImageOfPage":{"@id":"https:\/\/svetslik.si\/hr\/slike-na-platnu-jednodijelne\/slike-za-zid-zalazak-sunca-na-moru\/#primaryimage"},"image":{"@id":"https:\/\/svetslik.si\/hr\/slike-na-platnu-jednodijelne\/slike-za-zid-zalazak-sunca-na-moru\/#primaryimage"},"thumbnailUrl":"https:\/\/svetslik.si\/wp-content\/uploads\/2021\/08\/image_Dekorativna-slika-soncni-zahod-na-morju_680.jpg","datePublished":"2021-09-02T17:07:56+00:00","dateModified":"2025-09-23T18:07:40+00:00","description":"Slike za zid - Zalazak sunca na moru - 100 % ru\u010dno naslikane umjetni\u010dke zidne slike na platnu. Prodaja reprodukcija poznatih slikara, izrada slika po naru\u0111bi i okviri za slike.","breadcrumb":{"@id":"https:\/\/svetslik.si\/hr\/slike-na-platnu-jednodijelne\/slike-za-zid-zalazak-sunca-na-moru\/#breadcrumb"},"inLanguage":"hr","potentialAction":[{"@type":"ReadAction","target":["https:\/\/svetslik.si\/hr\/slike-na-platnu-jednodijelne\/slike-za-zid-zalazak-sunca-na-moru\/"]}]},{"@type":"ImageObject","inLanguage":"hr","@id":"https:\/\/svetslik.si\/hr\/slike-na-platnu-jednodijelne\/slike-za-zid-zalazak-sunca-na-moru\/#primaryimage","url":"https:\/\/svetslik.si\/wp-content\/uploads\/2021\/08\/image_Dekorativna-slika-soncni-zahod-na-morju_680.jpg","contentUrl":"https:\/\/svetslik.si\/wp-content\/uploads\/2021\/08\/image_Dekorativna-slika-soncni-zahod-na-morju_680.jpg","width":680,"height":502,"caption":"slike za zid na platnu, umjetni\u010dke slike - moderne slike, ambientalne slike za zid, apstraktne slike, dekorativne slike za zid, kupnja i prodaja slika - Dekorativna slika zalazak sunca na moru"},{"@type":"BreadcrumbList","@id":"https:\/\/svetslik.si\/hr\/slike-na-platnu-jednodijelne\/slike-za-zid-zalazak-sunca-na-moru\/#breadcrumb","itemListElement":[{"@type":"ListItem","position":1,"name":"Umjetni\u010dke zidne slike na platnu","item":"https:\/\/svetslik.si\/hr\/"},{"@type":"ListItem","position":2,"name":"Prodaja slika","item":"https:\/\/svetslik.si\/prodaja-slik\/"},{"@type":"ListItem","position":3,"name":"Slike za zid &#8211; Zalazak sunca na moru"}]},{"@type":"WebSite","@id":"https:\/\/svetslik.si\/hr\/#website","url":"https:\/\/svetslik.si\/hr\/","name":"SVETSLIK.SI","description":"100% ru\u010dno naslikane reprodukcije slika poznatih slikara in umjetni\u010dke zidne slike na platnu.","publisher":{"@id":"https:\/\/svetslik.si\/hr\/#organization"},"potentialAction":[{"@type":"SearchAction","target":{"@type":"EntryPoint","urlTemplate":"https:\/\/svetslik.si\/hr\/?s={search_term_string}"},"query-input":{"@type":"PropertyValueSpecification","valueRequired":true,"valueName":"search_term_string"}}],"inLanguage":"hr"},{"@type":"Organization","@id":"https:\/\/svetslik.si\/hr\/#organization","name":"SvetSlik.si","url":"https:\/\/svetslik.si\/hr\/","logo":{"@type":"ImageObject","inLanguage":"hr","@id":"https:\/\/svetslik.si\/hr\/#\/schema\/logo\/image\/","url":"https:\/\/svetslik.si\/wp-content\/uploads\/2020\/12\/logo-512.png","contentUrl":"https:\/\/svetslik.si\/wp-content\/uploads\/2020\/12\/logo-512.png","width":512,"height":512,"caption":"SvetSlik.si"},"image":{"@id":"https:\/\/svetslik.si\/hr\/#\/schema\/logo\/image\/"},"sameAs":["https:\/\/www.facebook.com\/svetslik.si","https:\/\/x.com\/svetslik","https:\/\/www.instagram.com\/svetslik.si\/","https:\/\/www.linkedin.com\/company\/svetslik-si"]}]},"og_availability":"instock","product_availability":"instock","product_retailer_item_id":"971__","product_condition":"new"},"jetpack_sharing_enabled":true,"_links":{"self":[{"href":"https:\/\/svetslik.si\/hr\/wp-json\/wp\/v2\/product\/29826","targetHints":{"allow":["GET"]}}],"collection":[{"href":"https:\/\/svetslik.si\/hr\/wp-json\/wp\/v2\/product"}],"about":[{"href":"https:\/\/svetslik.si\/hr\/wp-json\/wp\/v2\/types\/product"}],"wp:featuredmedia":[{"embeddable":true,"href":"https:\/\/svetslik.si\/hr\/wp-json\/wp\/v2\/media\/20207"}],"wp:attachment":[{"href":"https:\/\/svetslik.si\/hr\/wp-json\/wp\/v2\/media?parent=29826"}],"wp:term":[{"taxonomy":"product_brand","embeddable":true,"href":"https:\/\/svetslik.si\/hr\/wp-json\/wp\/v2\/product_brand?post=29826"},{"taxonomy":"product_cat","embeddable":true,"href":"https:\/\/svetslik.si\/hr\/wp-json\/wp\/v2\/product_cat?post=29826"},{"taxonomy":"product_tag","embeddable":true,"href":"https:\/\/svetslik.si\/hr\/wp-json\/wp\/v2\/product_tag?post=29826"}],"curies":[{"name":"wp","href":"https:\/\/api.w.org\/{rel}","templated":true}]}}