{"id":30201,"date":"2021-09-02T19:23:57","date_gmt":"2021-09-02T17:23:57","guid":{"rendered":"https:\/\/svetslik.si\/Bez%20kategorije\/dekorativna-slika-soncni-zahod-na-morju-2\/"},"modified":"2025-11-02T21:12:03","modified_gmt":"2025-11-02T20:12:03","slug":"zidne-slike-zalazak-sunca-na-moru-2","status":"publish","type":"product","link":"https:\/\/svetslik.si\/hr\/slike-na-platnu-jednodijelne\/zidne-slike-zalazak-sunca-na-moru-2\/","title":{"rendered":"Zidne slike &#8211; Zalazak sunca na moru 2"},"content":{"rendered":"<div class=\"wpb-content-wrapper\">[vc_row][vc_column][vc_column_text css=&#8221;&#8221;]\n<p data-pm-slice=\"1 1 []\"><div class=\"yt-lazy-video ratio-square\" data-id=\"V-BKrLW5cJM\"><\/div>\n[\/vc_column][\/vc_row][vc_row css=&#8221;.vc_custom_1694774266979{margin-bottom: 10px !important;}&#8221;][vc_column]\t<div class=\"et-image-671 et-image     et_image_link\">\n\t\t<div class=\"et-image-inner \">\n\t\t\t\t\t\t\t<div class=\"et-image-thumb \">\n\t\t\t\t\t<img decoding=\"async\" width=\"2560\" height=\"1441\" src=\"https:\/\/svetslik.si\/wp-content\/uploads\/2021\/09\/20220321_092446-1-scaled.jpg\" class=\"attachment-full\" alt=\"Zidne slike na platnu - Son\u010dni zahod na morju 2\" title=\"Zidne slike na platnu - Son\u010dni zahod na morju 2\" srcset=\"https:\/\/svetslik.si\/wp-content\/uploads\/2021\/09\/20220321_092446-1-scaled.jpg 2560w, https:\/\/svetslik.si\/wp-content\/uploads\/2021\/09\/20220321_092446-1-600x338.jpg 600w, https:\/\/svetslik.si\/wp-content\/uploads\/2021\/09\/20220321_092446-1-scaled-1200x675.jpg 1200w, https:\/\/svetslik.si\/wp-content\/uploads\/2021\/09\/20220321_092446-1-300x169.jpg 300w, https:\/\/svetslik.si\/wp-content\/uploads\/2021\/09\/20220321_092446-1-1024x577.jpg 1024w, https:\/\/svetslik.si\/wp-content\/uploads\/2021\/09\/20220321_092446-1-768x432.jpg 768w, https:\/\/svetslik.si\/wp-content\/uploads\/2021\/09\/20220321_092446-1-1536x865.jpg 1536w, https:\/\/svetslik.si\/wp-content\/uploads\/2021\/09\/20220321_092446-1-2048x1153.jpg 2048w, https:\/\/svetslik.si\/wp-content\/uploads\/2021\/09\/20220321_092446-1-18x10.jpg 18w, https:\/\/svetslik.si\/wp-content\/uploads\/2021\/09\/20220321_092446-1-150x84.jpg 150w, https:\/\/svetslik.si\/wp-content\/uploads\/2021\/09\/20220321_092446-1-1320x743.jpg 1320w, https:\/\/svetslik.si\/wp-content\/uploads\/2021\/09\/20220321_092446-1-900x507.jpg 900w\" sizes=\"(max-width: 2560px) 100vw, 2560px\" \/>\t\t\t\t<\/div>\n\t\t\t\t\t\t\t\t\t\t\t<\/div>\n\t<\/div>\n  [\/vc_column][\/vc_row][vc_row css=&#8221;.vc_custom_1694774266979{margin-bottom: 10px !important;}&#8221;][vc_column]\t<div class=\"et-image-660 et-image     et_image_link\">\n\t\t<div class=\"et-image-inner \">\n\t\t\t\t\t\t\t<div class=\"et-image-thumb \">\n\t\t\t\t\t<img decoding=\"async\" width=\"1000\" height=\"690\" src=\"https:\/\/svetslik.si\/wp-content\/uploads\/2021\/09\/Slike-na-platnu-Soncni-zahod-na-morju-2-5.jpg\" class=\"attachment-full\" alt=\"Platnene slike - zalazak sunca na moru 2 5\" title=\"Platnene slike - zalazak sunca na moru 2 5\" srcset=\"https:\/\/svetslik.si\/wp-content\/uploads\/2021\/09\/Slike-na-platnu-Soncni-zahod-na-morju-2-5.jpg 1000w, https:\/\/svetslik.si\/wp-content\/uploads\/2021\/09\/Slike-na-platnu-Soncni-zahod-na-morju-2-5-600x414.jpg 600w, https:\/\/svetslik.si\/wp-content\/uploads\/2021\/09\/Slike-na-platnu-Soncni-zahod-na-morju-2-5-300x207.jpg 300w, https:\/\/svetslik.si\/wp-content\/uploads\/2021\/09\/Slike-na-platnu-Soncni-zahod-na-morju-2-5-768x530.jpg 768w, https:\/\/svetslik.si\/wp-content\/uploads\/2021\/09\/Slike-na-platnu-Soncni-zahod-na-morju-2-5-150x104.jpg 150w, https:\/\/svetslik.si\/wp-content\/uploads\/2021\/09\/Slike-na-platnu-Soncni-zahod-na-morju-2-5-900x621.jpg 900w\" sizes=\"(max-width: 1000px) 100vw, 1000px\" \/>\t\t\t\t<\/div>\n\t\t\t\t\t\t\t\t\t\t\t<\/div>\n\t<\/div>\n  [\/vc_column][\/vc_row][vc_row css=&#8221;.vc_custom_1694774266979{margin-bottom: 10px !important;}&#8221;][vc_column]\t<div class=\"et-image-969 et-image     et_image_link\">\n\t\t<div class=\"et-image-inner \">\n\t\t\t\t\t\t\t<div class=\"et-image-thumb \">\n\t\t\t\t\t<img decoding=\"async\" width=\"1000\" height=\"980\" src=\"https:\/\/svetslik.si\/wp-content\/uploads\/2021\/09\/Slike-na-platnu-Soncni-zahod-na-morju-2-1.jpg\" class=\"attachment-full\" alt=\"Platnene slike - zalazak sunca na moru 2 1\" title=\"Platnene slike - zalazak sunca na moru 2 1\" srcset=\"https:\/\/svetslik.si\/wp-content\/uploads\/2021\/09\/Slike-na-platnu-Soncni-zahod-na-morju-2-1.jpg 1000w, https:\/\/svetslik.si\/wp-content\/uploads\/2021\/09\/Slike-na-platnu-Soncni-zahod-na-morju-2-1-600x588.jpg 600w, https:\/\/svetslik.si\/wp-content\/uploads\/2021\/09\/Slike-na-platnu-Soncni-zahod-na-morju-2-1-300x294.jpg 300w, https:\/\/svetslik.si\/wp-content\/uploads\/2021\/09\/Slike-na-platnu-Soncni-zahod-na-morju-2-1-768x753.jpg 768w, https:\/\/svetslik.si\/wp-content\/uploads\/2021\/09\/Slike-na-platnu-Soncni-zahod-na-morju-2-1-150x147.jpg 150w, https:\/\/svetslik.si\/wp-content\/uploads\/2021\/09\/Slike-na-platnu-Soncni-zahod-na-morju-2-1-900x882.jpg 900w\" sizes=\"(max-width: 1000px) 100vw, 1000px\" \/>\t\t\t\t<\/div>\n\t\t\t\t\t\t\t\t\t\t\t<\/div>\n\t<\/div>\n  [\/vc_column][\/vc_row][vc_row css=&#8221;.vc_custom_1694774266979{margin-bottom: 10px !important;}&#8221;][vc_column]\t<div class=\"et-image-975 et-image     et_image_link\">\n\t\t<div class=\"et-image-inner \">\n\t\t\t\t\t\t\t<div class=\"et-image-thumb \">\n\t\t\t\t\t<img decoding=\"async\" width=\"1000\" height=\"1010\" src=\"https:\/\/svetslik.si\/wp-content\/uploads\/2021\/09\/Slike-na-platnu-Soncni-zahod-na-morju-2.jpg\" class=\"attachment-full\" alt=\"Platnene slike - zalazak sunca na moru 2\" title=\"Platnene slike - zalazak sunca na moru 2\" srcset=\"https:\/\/svetslik.si\/wp-content\/uploads\/2021\/09\/Slike-na-platnu-Soncni-zahod-na-morju-2.jpg 1000w, https:\/\/svetslik.si\/wp-content\/uploads\/2021\/09\/Slike-na-platnu-Soncni-zahod-na-morju-2-600x606.jpg 600w, https:\/\/svetslik.si\/wp-content\/uploads\/2021\/09\/Slike-na-platnu-Soncni-zahod-na-morju-2-100x100.jpg 100w, https:\/\/svetslik.si\/wp-content\/uploads\/2021\/09\/Slike-na-platnu-Soncni-zahod-na-morju-2-297x300.jpg 297w, https:\/\/svetslik.si\/wp-content\/uploads\/2021\/09\/Slike-na-platnu-Soncni-zahod-na-morju-2-768x776.jpg 768w, https:\/\/svetslik.si\/wp-content\/uploads\/2021\/09\/Slike-na-platnu-Soncni-zahod-na-morju-2-900x909.jpg 900w\" sizes=\"(max-width: 1000px) 100vw, 1000px\" \/>\t\t\t\t<\/div>\n\t\t\t\t\t\t\t\t\t\t\t<\/div>\n\t<\/div>\n  [\/vc_column][\/vc_row][vc_row css=&#8221;.vc_custom_1694774266979{margin-bottom: 10px !important;}&#8221;][vc_column]\t<div class=\"et-image-74 et-image     et_image_link\">\n\t\t<div class=\"et-image-inner \">\n\t\t\t\t\t\t\t<div class=\"et-image-thumb \">\n\t\t\t\t\t<img decoding=\"async\" width=\"1000\" height=\"563\" src=\"https:\/\/svetslik.si\/wp-content\/uploads\/2021\/09\/Slike-na-platnu-Soncni-zahod-na-morju-2-2.jpg\" class=\"attachment-full\" alt=\"Platnene slike - zalazak sunca na moru 2 2\" title=\"Platnene slike - zalazak sunca na moru 2 2\" srcset=\"https:\/\/svetslik.si\/wp-content\/uploads\/2021\/09\/Slike-na-platnu-Soncni-zahod-na-morju-2-2.jpg 1000w, https:\/\/svetslik.si\/wp-content\/uploads\/2021\/09\/Slike-na-platnu-Soncni-zahod-na-morju-2-2-600x338.jpg 600w, https:\/\/svetslik.si\/wp-content\/uploads\/2021\/09\/Slike-na-platnu-Soncni-zahod-na-morju-2-2-300x169.jpg 300w, https:\/\/svetslik.si\/wp-content\/uploads\/2021\/09\/Slike-na-platnu-Soncni-zahod-na-morju-2-2-768x432.jpg 768w, https:\/\/svetslik.si\/wp-content\/uploads\/2021\/09\/Slike-na-platnu-Soncni-zahod-na-morju-2-2-150x84.jpg 150w, https:\/\/svetslik.si\/wp-content\/uploads\/2021\/09\/Slike-na-platnu-Soncni-zahod-na-morju-2-2-900x507.jpg 900w\" sizes=\"(max-width: 1000px) 100vw, 1000px\" \/>\t\t\t\t<\/div>\n\t\t\t\t\t\t\t\t\t\t\t<\/div>\n\t<\/div>\n  [\/vc_column][\/vc_row][vc_row css=&#8221;.vc_custom_1694774266979{margin-bottom: 10px !important;}&#8221;][vc_column]\t<div class=\"et-image-62 et-image     et_image_link\">\n\t\t<div class=\"et-image-inner \">\n\t\t\t\t\t\t\t<div class=\"et-image-thumb \">\n\t\t\t\t\t<img decoding=\"async\" width=\"1000\" height=\"563\" src=\"https:\/\/svetslik.si\/wp-content\/uploads\/2021\/09\/Slike-na-platnu-Soncni-zahod-na-morju-2-4.jpg\" class=\"attachment-full\" alt=\"Platnene slike - zalazak sunca na moru 2 4\" title=\"Platnene slike - zalazak sunca na moru 2 4\" srcset=\"https:\/\/svetslik.si\/wp-content\/uploads\/2021\/09\/Slike-na-platnu-Soncni-zahod-na-morju-2-4.jpg 1000w, https:\/\/svetslik.si\/wp-content\/uploads\/2021\/09\/Slike-na-platnu-Soncni-zahod-na-morju-2-4-600x338.jpg 600w, https:\/\/svetslik.si\/wp-content\/uploads\/2021\/09\/Slike-na-platnu-Soncni-zahod-na-morju-2-4-300x169.jpg 300w, https:\/\/svetslik.si\/wp-content\/uploads\/2021\/09\/Slike-na-platnu-Soncni-zahod-na-morju-2-4-768x432.jpg 768w, https:\/\/svetslik.si\/wp-content\/uploads\/2021\/09\/Slike-na-platnu-Soncni-zahod-na-morju-2-4-150x84.jpg 150w, https:\/\/svetslik.si\/wp-content\/uploads\/2021\/09\/Slike-na-platnu-Soncni-zahod-na-morju-2-4-900x507.jpg 900w\" sizes=\"(max-width: 1000px) 100vw, 1000px\" \/>\t\t\t\t<\/div>\n\t\t\t\t\t\t\t\t\t\t\t<\/div>\n\t<\/div>\n  [\/vc_column][\/vc_row]\n<\/div>","protected":false},"excerpt":{"rendered":"<p>[vc_row][vc_column][vc_column_text css=&#8221;&#8221;] [\/vc_column][\/vc_row][vc_row css=&#8221;.vc_custom_1694774266979{margin-bottom: 10px !important;}&#8221;][vc_column][\/vc_column][\/vc_row][vc_row css=&#8221;.vc_custom_1694774266979{margin-bottom: 10px !important;}&#8221;][vc_column][\/vc_column][\/vc_row][vc_row css=&#8221;.vc_custom_1694774266979{margin-bottom: 10px !important;}&#8221;][vc_column][\/vc_column][\/vc_row][vc_row css=&#8221;.vc_custom_1694774266979{margin-bottom: 10px !important;}&#8221;][vc_column][\/vc_column][\/vc_row][vc_row css=&#8221;.vc_custom_1694774266979{margin-bottom: 10px !important;}&#8221;][vc_column][\/vc_column][\/vc_row][vc_row css=&#8221;.vc_custom_1694774266979{margin-bottom: 10px !important;}&#8221;][vc_column][\/vc_column][\/vc_row]<\/p>\n","protected":false},"featured_media":20208,"template":"","meta":{"_acf_changed":false},"product_brand":[],"product_cat":[3384],"product_tag":[3399,3405,3413,3408,3409,3410,3412,3411,3400,3416,3414,3415],"class_list":{"0":"post-30201","1":"product","2":"type-product","3":"status-publish","4":"has-post-thumbnail","6":"product_cat-slike-na-platnu-jednodijelne","7":"product_tag-apstraktne-slike","8":"product_tag-moderne-slike-hr","9":"product_tag-online-galerija","10":"product_tag-prodaja-slika","11":"product_tag-slike-na-platnu-hr","12":"product_tag-slike-za-dnevni-boravak","13":"product_tag-slike-za-dnevni-boravak-hr","14":"product_tag-slike-za-zid","15":"product_tag-ukrasne-slike","16":"product_tag-umjetnicke-slike","17":"product_tag-zidna-dekoracija","18":"product_tag-zidne-slike","19":"pa_dimenzija-100-x-60-cm-hr","20":"pa_dimenzija-140-x-80-cm-hr","21":"pa_dimenzija-160-x-90-cm-hr","22":"pa_dimenzija-60-x-35-cm-hr","23":"pa_dimenzija-80-x-50-cm-hr","24":"pa_oblika-horizontalno","25":"pa_okvir-bez-okvira","26":"pa_podokvir-bez-podokvira","27":"pa_podokvir-sa-podokvirom","29":"first","30":"onbackorder","31":"purchasable","32":"product-type-variable","33":"has-default-attributes"},"acf":[],"yoast_head":"<!-- This site is optimized with the Yoast SEO Premium plugin v26.0 (Yoast SEO v27.2) - https:\/\/yoast.com\/product\/yoast-seo-premium-wordpress\/ -->\n<title>Zidne slike - Zalazak sunca na moru 2 - SVETSLIK.SI - 100% ru\u010dno naslikano<\/title>\n<meta name=\"description\" content=\"Zidne slike - Zalazak sunca na moru 2 - 100 % ru\u010dno naslikane umjetni\u010dke zidne slike na platnu. Prodaja reprodukcija poznatih slikara, izrada slika po naru\u0111bi i okviri za slike.\" \/>\n<meta name=\"robots\" content=\"index, follow, max-snippet:-1, max-image-preview:large, max-video-preview:-1\" \/>\n<link rel=\"canonical\" href=\"https:\/\/svetslik.si\/hr\/slike-na-platnu-jednodijelne\/zidne-slike-zalazak-sunca-na-moru-2\/\" \/>\n<meta property=\"og:locale\" content=\"hr_HR\" \/>\n<meta property=\"og:type\" content=\"article\" \/>\n<meta property=\"og:title\" content=\"Zidne slike - Zalazak sunca na moru 2\" \/>\n<meta property=\"og:description\" content=\"100% ro\u010dno naslikane slike na platnu, reprodukcije znanih slikarjev in umetni\u0161ke slike po naro\u010dilu.\" \/>\n<meta property=\"og:url\" content=\"https:\/\/svetslik.si\/hr\/slike-na-platnu-jednodijelne\/zidne-slike-zalazak-sunca-na-moru-2\/\" \/>\n<meta property=\"og:site_name\" content=\"SVETSLIK.SI\" \/>\n<meta property=\"article:publisher\" content=\"https:\/\/www.facebook.com\/svetslik.si\" \/>\n<meta property=\"article:modified_time\" content=\"2025-11-02T20:12:03+00:00\" \/>\n<meta property=\"og:image\" content=\"https:\/\/svetslik.si\/wp-content\/uploads\/2021\/08\/image_Dekorativna-slika-Soncni-zahod-na-morju-2_680.jpg\" \/>\n\t<meta property=\"og:image:width\" content=\"680\" \/>\n\t<meta property=\"og:image:height\" content=\"373\" \/>\n\t<meta property=\"og:image:type\" content=\"image\/jpeg\" \/>\n<meta name=\"twitter:card\" content=\"summary_large_image\" \/>\n<meta name=\"twitter:site\" content=\"@svetslik\" \/>\n<meta name=\"twitter:label1\" content=\"Availability\" \/>\n\t<meta name=\"twitter:data1\" content=\"On backorder\" \/>\n<script type=\"application\/ld+json\" class=\"yoast-schema-graph\">{\"@context\":\"https:\/\/schema.org\",\"@graph\":[{\"@type\":[\"WebPage\",\"ItemPage\"],\"@id\":\"https:\/\/svetslik.si\/hr\/slike-na-platnu-jednodijelne\/zidne-slike-zalazak-sunca-na-moru-2\/\",\"url\":\"https:\/\/svetslik.si\/hr\/slike-na-platnu-jednodijelne\/zidne-slike-zalazak-sunca-na-moru-2\/\",\"name\":\"Zidne slike - Zalazak sunca na moru 2 - SVETSLIK.SI - 100% ru\u010dno naslikano\",\"isPartOf\":{\"@id\":\"https:\/\/svetslik.si\/hr\/#website\"},\"primaryImageOfPage\":{\"@id\":\"https:\/\/svetslik.si\/hr\/slike-na-platnu-jednodijelne\/zidne-slike-zalazak-sunca-na-moru-2\/#primaryimage\"},\"image\":{\"@id\":\"https:\/\/svetslik.si\/hr\/slike-na-platnu-jednodijelne\/zidne-slike-zalazak-sunca-na-moru-2\/#primaryimage\"},\"thumbnailUrl\":\"https:\/\/svetslik.si\/wp-content\/uploads\/2021\/08\/image_Dekorativna-slika-Soncni-zahod-na-morju-2_680.jpg\",\"datePublished\":\"2021-09-02T17:23:57+00:00\",\"dateModified\":\"2025-11-02T20:12:03+00:00\",\"description\":\"Zidne slike - Zalazak sunca na moru 2 - 100 % ru\u010dno naslikane umjetni\u010dke zidne slike na platnu. Prodaja reprodukcija poznatih slikara, izrada slika po naru\u0111bi i okviri za slike.\",\"breadcrumb\":{\"@id\":\"https:\/\/svetslik.si\/hr\/slike-na-platnu-jednodijelne\/zidne-slike-zalazak-sunca-na-moru-2\/#breadcrumb\"},\"inLanguage\":\"hr\",\"potentialAction\":[{\"@type\":\"ReadAction\",\"target\":[\"https:\/\/svetslik.si\/hr\/slike-na-platnu-jednodijelne\/zidne-slike-zalazak-sunca-na-moru-2\/\"]}]},{\"@type\":\"ImageObject\",\"inLanguage\":\"hr\",\"@id\":\"https:\/\/svetslik.si\/hr\/slike-na-platnu-jednodijelne\/zidne-slike-zalazak-sunca-na-moru-2\/#primaryimage\",\"url\":\"https:\/\/svetslik.si\/wp-content\/uploads\/2021\/08\/image_Dekorativna-slika-Soncni-zahod-na-morju-2_680.jpg\",\"contentUrl\":\"https:\/\/svetslik.si\/wp-content\/uploads\/2021\/08\/image_Dekorativna-slika-Soncni-zahod-na-morju-2_680.jpg\",\"width\":680,\"height\":373,\"caption\":\"slike za zid na platnu, umjetni\u010dke slike - moderne slike, ambientalne slike za zid, apstraktne slike, dekorativne slike za zid, kupnja i prodaja slika - Dekorativna slika zalazak sunca na moru 2\"},{\"@type\":\"BreadcrumbList\",\"@id\":\"https:\/\/svetslik.si\/hr\/slike-na-platnu-jednodijelne\/zidne-slike-zalazak-sunca-na-moru-2\/#breadcrumb\",\"itemListElement\":[{\"@type\":\"ListItem\",\"position\":1,\"name\":\"Umjetni\u010dke zidne slike na platnu\",\"item\":\"https:\/\/svetslik.si\/hr\/\"},{\"@type\":\"ListItem\",\"position\":2,\"name\":\"Prodaja slika\",\"item\":\"https:\/\/svetslik.si\/prodaja-slik\/\"},{\"@type\":\"ListItem\",\"position\":3,\"name\":\"Zidne slike &#8211; Zalazak sunca na moru 2\"}]},{\"@type\":\"WebSite\",\"@id\":\"https:\/\/svetslik.si\/hr\/#website\",\"url\":\"https:\/\/svetslik.si\/hr\/\",\"name\":\"SVETSLIK.SI\",\"description\":\"100% ru\u010dno naslikane reprodukcije slika poznatih slikara in umjetni\u010dke zidne slike na platnu.\",\"publisher\":{\"@id\":\"https:\/\/svetslik.si\/hr\/#organization\"},\"potentialAction\":[{\"@type\":\"SearchAction\",\"target\":{\"@type\":\"EntryPoint\",\"urlTemplate\":\"https:\/\/svetslik.si\/hr\/?s={search_term_string}\"},\"query-input\":{\"@type\":\"PropertyValueSpecification\",\"valueRequired\":true,\"valueName\":\"search_term_string\"}}],\"inLanguage\":\"hr\"},{\"@type\":\"Organization\",\"@id\":\"https:\/\/svetslik.si\/hr\/#organization\",\"name\":\"SvetSlik.si\",\"url\":\"https:\/\/svetslik.si\/hr\/\",\"logo\":{\"@type\":\"ImageObject\",\"inLanguage\":\"hr\",\"@id\":\"https:\/\/svetslik.si\/hr\/#\/schema\/logo\/image\/\",\"url\":\"https:\/\/svetslik.si\/wp-content\/uploads\/2020\/12\/logo-512.png\",\"contentUrl\":\"https:\/\/svetslik.si\/wp-content\/uploads\/2020\/12\/logo-512.png\",\"width\":512,\"height\":512,\"caption\":\"SvetSlik.si\"},\"image\":{\"@id\":\"https:\/\/svetslik.si\/hr\/#\/schema\/logo\/image\/\"},\"sameAs\":[\"https:\/\/www.facebook.com\/svetslik.si\",\"https:\/\/x.com\/svetslik\",\"https:\/\/www.instagram.com\/svetslik.si\/\",\"https:\/\/www.linkedin.com\/company\/svetslik-si\"]}]}<\/script>\n<meta property=\"og:availability\" content=\"backorder\" \/>\n<meta property=\"product:availability\" content=\"available for order\" \/>\n<meta property=\"product:retailer_item_id\" content=\"1107__\" \/>\n<meta property=\"product:condition\" content=\"new\" \/>\n<!-- \/ Yoast SEO Premium plugin. -->","yoast_head_json":{"title":"Zidne slike - Zalazak sunca na moru 2 - SVETSLIK.SI - 100% ru\u010dno naslikano","description":"Zidne slike - Zalazak sunca na moru 2 - 100 % ru\u010dno naslikane umjetni\u010dke zidne slike na platnu. Prodaja reprodukcija poznatih slikara, izrada slika po naru\u0111bi i okviri za slike.","robots":{"index":"index","follow":"follow","max-snippet":"max-snippet:-1","max-image-preview":"max-image-preview:large","max-video-preview":"max-video-preview:-1"},"canonical":"https:\/\/svetslik.si\/hr\/slike-na-platnu-jednodijelne\/zidne-slike-zalazak-sunca-na-moru-2\/","og_locale":"hr_HR","og_type":"article","og_title":"Zidne slike - Zalazak sunca na moru 2","og_description":"100% ro\u010dno naslikane slike na platnu, reprodukcije znanih slikarjev in umetni\u0161ke slike po naro\u010dilu.","og_url":"https:\/\/svetslik.si\/hr\/slike-na-platnu-jednodijelne\/zidne-slike-zalazak-sunca-na-moru-2\/","og_site_name":"SVETSLIK.SI","article_publisher":"https:\/\/www.facebook.com\/svetslik.si","article_modified_time":"2025-11-02T20:12:03+00:00","og_image":[{"width":680,"height":373,"url":"https:\/\/svetslik.si\/wp-content\/uploads\/2021\/08\/image_Dekorativna-slika-Soncni-zahod-na-morju-2_680.jpg","type":"image\/jpeg"}],"twitter_card":"summary_large_image","twitter_site":"@svetslik","twitter_misc":{"Availability":"On backorder"},"schema":{"@context":"https:\/\/schema.org","@graph":[{"@type":["WebPage","ItemPage"],"@id":"https:\/\/svetslik.si\/hr\/slike-na-platnu-jednodijelne\/zidne-slike-zalazak-sunca-na-moru-2\/","url":"https:\/\/svetslik.si\/hr\/slike-na-platnu-jednodijelne\/zidne-slike-zalazak-sunca-na-moru-2\/","name":"Zidne slike - Zalazak sunca na moru 2 - SVETSLIK.SI - 100% ru\u010dno naslikano","isPartOf":{"@id":"https:\/\/svetslik.si\/hr\/#website"},"primaryImageOfPage":{"@id":"https:\/\/svetslik.si\/hr\/slike-na-platnu-jednodijelne\/zidne-slike-zalazak-sunca-na-moru-2\/#primaryimage"},"image":{"@id":"https:\/\/svetslik.si\/hr\/slike-na-platnu-jednodijelne\/zidne-slike-zalazak-sunca-na-moru-2\/#primaryimage"},"thumbnailUrl":"https:\/\/svetslik.si\/wp-content\/uploads\/2021\/08\/image_Dekorativna-slika-Soncni-zahod-na-morju-2_680.jpg","datePublished":"2021-09-02T17:23:57+00:00","dateModified":"2025-11-02T20:12:03+00:00","description":"Zidne slike - Zalazak sunca na moru 2 - 100 % ru\u010dno naslikane umjetni\u010dke zidne slike na platnu. Prodaja reprodukcija poznatih slikara, izrada slika po naru\u0111bi i okviri za slike.","breadcrumb":{"@id":"https:\/\/svetslik.si\/hr\/slike-na-platnu-jednodijelne\/zidne-slike-zalazak-sunca-na-moru-2\/#breadcrumb"},"inLanguage":"hr","potentialAction":[{"@type":"ReadAction","target":["https:\/\/svetslik.si\/hr\/slike-na-platnu-jednodijelne\/zidne-slike-zalazak-sunca-na-moru-2\/"]}]},{"@type":"ImageObject","inLanguage":"hr","@id":"https:\/\/svetslik.si\/hr\/slike-na-platnu-jednodijelne\/zidne-slike-zalazak-sunca-na-moru-2\/#primaryimage","url":"https:\/\/svetslik.si\/wp-content\/uploads\/2021\/08\/image_Dekorativna-slika-Soncni-zahod-na-morju-2_680.jpg","contentUrl":"https:\/\/svetslik.si\/wp-content\/uploads\/2021\/08\/image_Dekorativna-slika-Soncni-zahod-na-morju-2_680.jpg","width":680,"height":373,"caption":"slike za zid na platnu, umjetni\u010dke slike - moderne slike, ambientalne slike za zid, apstraktne slike, dekorativne slike za zid, kupnja i prodaja slika - Dekorativna slika zalazak sunca na moru 2"},{"@type":"BreadcrumbList","@id":"https:\/\/svetslik.si\/hr\/slike-na-platnu-jednodijelne\/zidne-slike-zalazak-sunca-na-moru-2\/#breadcrumb","itemListElement":[{"@type":"ListItem","position":1,"name":"Umjetni\u010dke zidne slike na platnu","item":"https:\/\/svetslik.si\/hr\/"},{"@type":"ListItem","position":2,"name":"Prodaja slika","item":"https:\/\/svetslik.si\/prodaja-slik\/"},{"@type":"ListItem","position":3,"name":"Zidne slike &#8211; Zalazak sunca na moru 2"}]},{"@type":"WebSite","@id":"https:\/\/svetslik.si\/hr\/#website","url":"https:\/\/svetslik.si\/hr\/","name":"SVETSLIK.SI","description":"100% ru\u010dno naslikane reprodukcije slika poznatih slikara in umjetni\u010dke zidne slike na platnu.","publisher":{"@id":"https:\/\/svetslik.si\/hr\/#organization"},"potentialAction":[{"@type":"SearchAction","target":{"@type":"EntryPoint","urlTemplate":"https:\/\/svetslik.si\/hr\/?s={search_term_string}"},"query-input":{"@type":"PropertyValueSpecification","valueRequired":true,"valueName":"search_term_string"}}],"inLanguage":"hr"},{"@type":"Organization","@id":"https:\/\/svetslik.si\/hr\/#organization","name":"SvetSlik.si","url":"https:\/\/svetslik.si\/hr\/","logo":{"@type":"ImageObject","inLanguage":"hr","@id":"https:\/\/svetslik.si\/hr\/#\/schema\/logo\/image\/","url":"https:\/\/svetslik.si\/wp-content\/uploads\/2020\/12\/logo-512.png","contentUrl":"https:\/\/svetslik.si\/wp-content\/uploads\/2020\/12\/logo-512.png","width":512,"height":512,"caption":"SvetSlik.si"},"image":{"@id":"https:\/\/svetslik.si\/hr\/#\/schema\/logo\/image\/"},"sameAs":["https:\/\/www.facebook.com\/svetslik.si","https:\/\/x.com\/svetslik","https:\/\/www.instagram.com\/svetslik.si\/","https:\/\/www.linkedin.com\/company\/svetslik-si"]}]},"og_availability":"backorder","product_availability":"available for order","product_retailer_item_id":"1107__","product_condition":"new"},"jetpack_sharing_enabled":true,"_links":{"self":[{"href":"https:\/\/svetslik.si\/hr\/wp-json\/wp\/v2\/product\/30201","targetHints":{"allow":["GET"]}}],"collection":[{"href":"https:\/\/svetslik.si\/hr\/wp-json\/wp\/v2\/product"}],"about":[{"href":"https:\/\/svetslik.si\/hr\/wp-json\/wp\/v2\/types\/product"}],"wp:featuredmedia":[{"embeddable":true,"href":"https:\/\/svetslik.si\/hr\/wp-json\/wp\/v2\/media\/20208"}],"wp:attachment":[{"href":"https:\/\/svetslik.si\/hr\/wp-json\/wp\/v2\/media?parent=30201"}],"wp:term":[{"taxonomy":"product_brand","embeddable":true,"href":"https:\/\/svetslik.si\/hr\/wp-json\/wp\/v2\/product_brand?post=30201"},{"taxonomy":"product_cat","embeddable":true,"href":"https:\/\/svetslik.si\/hr\/wp-json\/wp\/v2\/product_cat?post=30201"},{"taxonomy":"product_tag","embeddable":true,"href":"https:\/\/svetslik.si\/hr\/wp-json\/wp\/v2\/product_tag?post=30201"}],"curies":[{"name":"wp","href":"https:\/\/api.w.org\/{rel}","templated":true}]}}