{"id":31099,"date":"2022-11-10T15:34:52","date_gmt":"2022-11-10T14:34:52","guid":{"rendered":"https:\/\/svetslik.si\/Bez%20kategorije\/slike-na-platnu-w176\/"},"modified":"2024-07-04T16:21:18","modified_gmt":"2024-07-04T14:21:18","slug":"slike-na-platnu-e176","status":"publish","type":"product","link":"https:\/\/svetslik.si\/hr\/slike-na-platnu-jednodijelne\/slike-na-platnu-e176\/","title":{"rendered":"Slike na platnu &#8211; E176"},"content":{"rendered":"<div class=\"wpb-content-wrapper\">[vc_row css=&#8221;.vc_custom_1675011988282{margin-bottom: 10px !important;}&#8221;][vc_column]\t<div class=\"et-image-552 et-image     et_image_link\">\n\t\t<div class=\"et-image-inner \">\n\t\t\t\t\t\t\t<div class=\"et-image-thumb \">\n\t\t\t\t\t<img decoding=\"async\" width=\"1000\" height=\"1194\" src=\"https:\/\/svetslik.si\/wp-content\/uploads\/2022\/11\/Slike-na-platnu-\u2013-E176-2.jpg\" class=\"attachment-full\" alt=\"Slike na platnu - E176\" title=\"Slike na platnu - E176\" srcset=\"https:\/\/svetslik.si\/wp-content\/uploads\/2022\/11\/Slike-na-platnu-\u2013-E176-2.jpg 1000w, https:\/\/svetslik.si\/wp-content\/uploads\/2022\/11\/Slike-na-platnu-\u2013-E176-2-600x716.jpg 600w, https:\/\/svetslik.si\/wp-content\/uploads\/2022\/11\/Slike-na-platnu-\u2013-E176-2-251x300.jpg 251w, https:\/\/svetslik.si\/wp-content\/uploads\/2022\/11\/Slike-na-platnu-\u2013-E176-2-858x1024.jpg 858w, https:\/\/svetslik.si\/wp-content\/uploads\/2022\/11\/Slike-na-platnu-\u2013-E176-2-768x917.jpg 768w, https:\/\/svetslik.si\/wp-content\/uploads\/2022\/11\/Slike-na-platnu-\u2013-E176-2-126x150.jpg 126w, https:\/\/svetslik.si\/wp-content\/uploads\/2022\/11\/Slike-na-platnu-\u2013-E176-2-900x1075.jpg 900w\" sizes=\"(max-width: 1000px) 100vw, 1000px\" \/>\t\t\t\t<\/div>\n\t\t\t\t\t\t\t\t\t\t\t<\/div>\n\t<\/div>\n  [\/vc_column][\/vc_row][vc_row css=&#8221;.vc_custom_1675011988282{margin-bottom: 10px !important;}&#8221;][vc_column]\t<div class=\"et-image-987 et-image     et_image_link\">\n\t\t<div class=\"et-image-inner \">\n\t\t\t\t\t\t\t<div class=\"et-image-thumb \">\n\t\t\t\t\t<img decoding=\"async\" width=\"1000\" height=\"1456\" src=\"https:\/\/svetslik.si\/wp-content\/uploads\/2022\/11\/Slike-na-platnu-\u2013-E176-3.jpg\" class=\"attachment-full\" alt=\"Slike na platnu - E176\" title=\"Slike na platnu - E176\" srcset=\"https:\/\/svetslik.si\/wp-content\/uploads\/2022\/11\/Slike-na-platnu-\u2013-E176-3.jpg 1000w, https:\/\/svetslik.si\/wp-content\/uploads\/2022\/11\/Slike-na-platnu-\u2013-E176-3-600x874.jpg 600w, https:\/\/svetslik.si\/wp-content\/uploads\/2022\/11\/Slike-na-platnu-\u2013-E176-3-206x300.jpg 206w, https:\/\/svetslik.si\/wp-content\/uploads\/2022\/11\/Slike-na-platnu-\u2013-E176-3-703x1024.jpg 703w, https:\/\/svetslik.si\/wp-content\/uploads\/2022\/11\/Slike-na-platnu-\u2013-E176-3-768x1118.jpg 768w, https:\/\/svetslik.si\/wp-content\/uploads\/2022\/11\/Slike-na-platnu-\u2013-E176-3-103x150.jpg 103w, https:\/\/svetslik.si\/wp-content\/uploads\/2022\/11\/Slike-na-platnu-\u2013-E176-3-900x1310.jpg 900w\" sizes=\"(max-width: 1000px) 100vw, 1000px\" \/>\t\t\t\t<\/div>\n\t\t\t\t\t\t\t\t\t\t\t<\/div>\n\t<\/div>\n  [\/vc_column][\/vc_row][vc_row css=&#8221;.vc_custom_1675011988282{margin-bottom: 10px !important;}&#8221;][vc_column]\t<div class=\"et-image-231 et-image     et_image_link\">\n\t\t<div class=\"et-image-inner \">\n\t\t\t\t\t\t\t<div class=\"et-image-thumb \">\n\t\t\t\t\t<img decoding=\"async\" width=\"1000\" height=\"1690\" src=\"https:\/\/svetslik.si\/wp-content\/uploads\/2022\/11\/Slike-na-platnu-\u2013-E176.jpg\" class=\"attachment-full\" alt=\"Slike na platnu - E176\" title=\"Slike na platnu - E176\" srcset=\"https:\/\/svetslik.si\/wp-content\/uploads\/2022\/11\/Slike-na-platnu-\u2013-E176.jpg 1000w, https:\/\/svetslik.si\/wp-content\/uploads\/2022\/11\/Slike-na-platnu-\u2013-E176-600x1014.jpg 600w, https:\/\/svetslik.si\/wp-content\/uploads\/2022\/11\/Slike-na-platnu-\u2013-E176-178x300.jpg 178w, https:\/\/svetslik.si\/wp-content\/uploads\/2022\/11\/Slike-na-platnu-\u2013-E176-606x1024.jpg 606w, https:\/\/svetslik.si\/wp-content\/uploads\/2022\/11\/Slike-na-platnu-\u2013-E176-768x1298.jpg 768w, https:\/\/svetslik.si\/wp-content\/uploads\/2022\/11\/Slike-na-platnu-\u2013-E176-909x1536.jpg 909w, https:\/\/svetslik.si\/wp-content\/uploads\/2022\/11\/Slike-na-platnu-\u2013-E176-89x150.jpg 89w, https:\/\/svetslik.si\/wp-content\/uploads\/2022\/11\/Slike-na-platnu-\u2013-E176-900x1521.jpg 900w\" sizes=\"(max-width: 1000px) 100vw, 1000px\" \/>\t\t\t\t<\/div>\n\t\t\t\t\t\t\t\t\t\t\t<\/div>\n\t<\/div>\n  [\/vc_column][\/vc_row][vc_row css=&#8221;.vc_custom_1675011988282{margin-bottom: 10px !important;}&#8221;][vc_column]\t<div class=\"et-image-683 et-image     et_image_link\">\n\t\t<div class=\"et-image-inner \">\n\t\t\t\t\t\t\t<div class=\"et-image-thumb \">\n\t\t\t\t\t<img decoding=\"async\" width=\"1000\" height=\"742\" src=\"https:\/\/svetslik.si\/wp-content\/uploads\/2022\/11\/Slike-na-platnu-\u2013-E176-4.jpg\" class=\"attachment-full\" alt=\"Slike na platnu - E176\" title=\"Slike na platnu - E176\" srcset=\"https:\/\/svetslik.si\/wp-content\/uploads\/2022\/11\/Slike-na-platnu-\u2013-E176-4.jpg 1000w, https:\/\/svetslik.si\/wp-content\/uploads\/2022\/11\/Slike-na-platnu-\u2013-E176-4-600x445.jpg 600w, https:\/\/svetslik.si\/wp-content\/uploads\/2022\/11\/Slike-na-platnu-\u2013-E176-4-300x223.jpg 300w, https:\/\/svetslik.si\/wp-content\/uploads\/2022\/11\/Slike-na-platnu-\u2013-E176-4-768x570.jpg 768w, https:\/\/svetslik.si\/wp-content\/uploads\/2022\/11\/Slike-na-platnu-\u2013-E176-4-150x111.jpg 150w, https:\/\/svetslik.si\/wp-content\/uploads\/2022\/11\/Slike-na-platnu-\u2013-E176-4-900x668.jpg 900w\" sizes=\"(max-width: 1000px) 100vw, 1000px\" \/>\t\t\t\t<\/div>\n\t\t\t\t\t\t\t\t\t\t\t<\/div>\n\t<\/div>\n  [\/vc_column][\/vc_row][vc_row css=&#8221;.vc_custom_1675011988282{margin-bottom: 10px !important;}&#8221;][vc_column]\t<div class=\"et-image-940 et-image     et_image_link\">\n\t\t<div class=\"et-image-inner \">\n\t\t\t\t\t\t\t<div class=\"et-image-thumb \">\n\t\t\t\t\t<img decoding=\"async\" width=\"1000\" height=\"721\" src=\"https:\/\/svetslik.si\/wp-content\/uploads\/2022\/11\/Slike-na-platnu-\u2013-E176-5.jpg\" class=\"attachment-full\" alt=\"Slike na platnu - E176\" title=\"Slike na platnu - E176\" srcset=\"https:\/\/svetslik.si\/wp-content\/uploads\/2022\/11\/Slike-na-platnu-\u2013-E176-5.jpg 1000w, https:\/\/svetslik.si\/wp-content\/uploads\/2022\/11\/Slike-na-platnu-\u2013-E176-5-600x433.jpg 600w, https:\/\/svetslik.si\/wp-content\/uploads\/2022\/11\/Slike-na-platnu-\u2013-E176-5-300x216.jpg 300w, https:\/\/svetslik.si\/wp-content\/uploads\/2022\/11\/Slike-na-platnu-\u2013-E176-5-768x554.jpg 768w, https:\/\/svetslik.si\/wp-content\/uploads\/2022\/11\/Slike-na-platnu-\u2013-E176-5-150x108.jpg 150w, https:\/\/svetslik.si\/wp-content\/uploads\/2022\/11\/Slike-na-platnu-\u2013-E176-5-900x649.jpg 900w\" sizes=\"(max-width: 1000px) 100vw, 1000px\" \/>\t\t\t\t<\/div>\n\t\t\t\t\t\t\t\t\t\t\t<\/div>\n\t<\/div>\n  [\/vc_column][\/vc_row][vc_row css=&#8221;.vc_custom_1675011988282{margin-bottom: 10px !important;}&#8221;][vc_column]\t<div class=\"et-image-194 et-image     et_image_link\">\n\t\t<div class=\"et-image-inner \">\n\t\t\t\t\t\t\t<div class=\"et-image-thumb \">\n\t\t\t\t\t<img decoding=\"async\" width=\"1752\" height=\"2252\" src=\"https:\/\/svetslik.si\/wp-content\/uploads\/2022\/11\/slike-na-platnu-\u2013-W176.jpg\" class=\"attachment-full\" alt=\"Slike na platnu - E176\" title=\"Slike na platnu - E176\" srcset=\"https:\/\/svetslik.si\/wp-content\/uploads\/2022\/11\/slike-na-platnu-\u2013-W176.jpg 1752w, https:\/\/svetslik.si\/wp-content\/uploads\/2022\/11\/slike-na-platnu-\u2013-W176-600x771.jpg 600w, https:\/\/svetslik.si\/wp-content\/uploads\/2022\/11\/slike-na-platnu-\u2013-W176-1200x1542.jpg 1200w, https:\/\/svetslik.si\/wp-content\/uploads\/2022\/11\/slike-na-platnu-\u2013-W176-233x300.jpg 233w, https:\/\/svetslik.si\/wp-content\/uploads\/2022\/11\/slike-na-platnu-\u2013-W176-797x1024.jpg 797w, https:\/\/svetslik.si\/wp-content\/uploads\/2022\/11\/slike-na-platnu-\u2013-W176-768x987.jpg 768w, https:\/\/svetslik.si\/wp-content\/uploads\/2022\/11\/slike-na-platnu-\u2013-W176-1195x1536.jpg 1195w, https:\/\/svetslik.si\/wp-content\/uploads\/2022\/11\/slike-na-platnu-\u2013-W176-1593x2048.jpg 1593w, https:\/\/svetslik.si\/wp-content\/uploads\/2022\/11\/slike-na-platnu-\u2013-W176-9x12.jpg 9w, https:\/\/svetslik.si\/wp-content\/uploads\/2022\/11\/slike-na-platnu-\u2013-W176-117x150.jpg 117w, https:\/\/svetslik.si\/wp-content\/uploads\/2022\/11\/slike-na-platnu-\u2013-W176-1320x1697.jpg 1320w\" sizes=\"(max-width: 1752px) 100vw, 1752px\" \/>\t\t\t\t<\/div>\n\t\t\t\t\t\t\t\t\t\t\t<\/div>\n\t<\/div>\n  [\/vc_column][\/vc_row][vc_row css=&#8221;.vc_custom_1675011988282{margin-bottom: 10px !important;}&#8221;][vc_column]\t<div class=\"et-image-59 et-image     et_image_link\">\n\t\t<div class=\"et-image-inner \">\n\t\t\t\t\t\t\t<div class=\"et-image-thumb \">\n\t\t\t\t\t<img decoding=\"async\" width=\"1520\" height=\"2252\" src=\"https:\/\/svetslik.si\/wp-content\/uploads\/2022\/11\/slike-na-platnu-\u2013-W1761.jpg\" class=\"attachment-full\" alt=\"Slike na platnu - E176\" title=\"Slike na platnu - E176\" srcset=\"https:\/\/svetslik.si\/wp-content\/uploads\/2022\/11\/slike-na-platnu-\u2013-W1761.jpg 1520w, https:\/\/svetslik.si\/wp-content\/uploads\/2022\/11\/slike-na-platnu-\u2013-W1761-600x889.jpg 600w, https:\/\/svetslik.si\/wp-content\/uploads\/2022\/11\/slike-na-platnu-\u2013-W1761-1200x1778.jpg 1200w, https:\/\/svetslik.si\/wp-content\/uploads\/2022\/11\/slike-na-platnu-\u2013-W1761-202x300.jpg 202w, https:\/\/svetslik.si\/wp-content\/uploads\/2022\/11\/slike-na-platnu-\u2013-W1761-691x1024.jpg 691w, https:\/\/svetslik.si\/wp-content\/uploads\/2022\/11\/slike-na-platnu-\u2013-W1761-768x1138.jpg 768w, https:\/\/svetslik.si\/wp-content\/uploads\/2022\/11\/slike-na-platnu-\u2013-W1761-1037x1536.jpg 1037w, https:\/\/svetslik.si\/wp-content\/uploads\/2022\/11\/slike-na-platnu-\u2013-W1761-1382x2048.jpg 1382w, https:\/\/svetslik.si\/wp-content\/uploads\/2022\/11\/slike-na-platnu-\u2013-W1761-8x12.jpg 8w, https:\/\/svetslik.si\/wp-content\/uploads\/2022\/11\/slike-na-platnu-\u2013-W1761-101x150.jpg 101w, https:\/\/svetslik.si\/wp-content\/uploads\/2022\/11\/slike-na-platnu-\u2013-W1761-1320x1956.jpg 1320w\" sizes=\"(max-width: 1520px) 100vw, 1520px\" \/>\t\t\t\t<\/div>\n\t\t\t\t\t\t\t\t\t\t\t<\/div>\n\t<\/div>\n  [\/vc_column][\/vc_row][vc_row css=&#8221;.vc_custom_1675011988282{margin-bottom: 10px !important;}&#8221;][vc_column]\t<div class=\"et-image-405 et-image     et_image_link\">\n\t\t<div class=\"et-image-inner \">\n\t\t\t\t\t\t\t<div class=\"et-image-thumb \">\n\t\t\t\t\t<img decoding=\"async\" width=\"1448\" height=\"2252\" src=\"https:\/\/svetslik.si\/wp-content\/uploads\/2022\/11\/slike-na-platnu-\u2013-W1762.jpg\" class=\"attachment-full\" alt=\"Slike na platnu - E176\" title=\"Slike na platnu - E176\" srcset=\"https:\/\/svetslik.si\/wp-content\/uploads\/2022\/11\/slike-na-platnu-\u2013-W1762.jpg 1448w, https:\/\/svetslik.si\/wp-content\/uploads\/2022\/11\/slike-na-platnu-\u2013-W1762-600x933.jpg 600w, https:\/\/svetslik.si\/wp-content\/uploads\/2022\/11\/slike-na-platnu-\u2013-W1762-1200x1866.jpg 1200w, https:\/\/svetslik.si\/wp-content\/uploads\/2022\/11\/slike-na-platnu-\u2013-W1762-193x300.jpg 193w, https:\/\/svetslik.si\/wp-content\/uploads\/2022\/11\/slike-na-platnu-\u2013-W1762-658x1024.jpg 658w, https:\/\/svetslik.si\/wp-content\/uploads\/2022\/11\/slike-na-platnu-\u2013-W1762-768x1194.jpg 768w, https:\/\/svetslik.si\/wp-content\/uploads\/2022\/11\/slike-na-platnu-\u2013-W1762-988x1536.jpg 988w, https:\/\/svetslik.si\/wp-content\/uploads\/2022\/11\/slike-na-platnu-\u2013-W1762-1317x2048.jpg 1317w, https:\/\/svetslik.si\/wp-content\/uploads\/2022\/11\/slike-na-platnu-\u2013-W1762-8x12.jpg 8w, https:\/\/svetslik.si\/wp-content\/uploads\/2022\/11\/slike-na-platnu-\u2013-W1762-96x150.jpg 96w, https:\/\/svetslik.si\/wp-content\/uploads\/2022\/11\/slike-na-platnu-\u2013-W1762-1320x2053.jpg 1320w\" sizes=\"(max-width: 1448px) 100vw, 1448px\" \/>\t\t\t\t<\/div>\n\t\t\t\t\t\t\t\t\t\t\t<\/div>\n\t<\/div>\n  [\/vc_column][\/vc_row]\n<\/div>","protected":false},"excerpt":{"rendered":"<p>[vc_row css=&#8221;.vc_custom_1675011988282{margin-bottom: 10px !important;}&#8221;][vc_column][\/vc_column][\/vc_row][vc_row css=&#8221;.vc_custom_1675011988282{margin-bottom: 10px !important;}&#8221;][vc_column][\/vc_column][\/vc_row][vc_row css=&#8221;.vc_custom_1675011988282{margin-bottom: 10px !important;}&#8221;][vc_column][\/vc_column][\/vc_row][vc_row css=&#8221;.vc_custom_1675011988282{margin-bottom: 10px !important;}&#8221;][vc_column][\/vc_column][\/vc_row][vc_row css=&#8221;.vc_custom_1675011988282{margin-bottom: 10px !important;}&#8221;][vc_column][\/vc_column][\/vc_row][vc_row css=&#8221;.vc_custom_1675011988282{margin-bottom: 10px !important;}&#8221;][vc_column][\/vc_column][\/vc_row][vc_row css=&#8221;.vc_custom_1675011988282{margin-bottom: 10px !important;}&#8221;][vc_column][\/vc_column][\/vc_row][vc_row css=&#8221;.vc_custom_1675011988282{margin-bottom: 10px !important;}&#8221;][vc_column][\/vc_column][\/vc_row]<\/p>\n","protected":false},"featured_media":21934,"template":"","meta":{"_acf_changed":false},"product_brand":[],"product_cat":[3384],"product_tag":[3399,3405,3413,3408,3409,3410,3412,3411,3400,3416,3414,3415],"class_list":{"0":"post-31099","1":"product","2":"type-product","3":"status-publish","4":"has-post-thumbnail","6":"product_cat-slike-na-platnu-jednodijelne","7":"product_tag-apstraktne-slike","8":"product_tag-moderne-slike-hr","9":"product_tag-online-galerija","10":"product_tag-prodaja-slika","11":"product_tag-slike-na-platnu-hr","12":"product_tag-slike-za-dnevni-boravak","13":"product_tag-slike-za-dnevni-boravak-hr","14":"product_tag-slike-za-zid","15":"product_tag-ukrasne-slike","16":"product_tag-umjetnicke-slike","17":"product_tag-zidna-dekoracija","18":"product_tag-zidne-slike","19":"pa_dimenzija-100-cm-x-139-cm","20":"pa_dimenzija-110-cm-x-153-cm","21":"pa_dimenzija-120-cm-x-167-cm","22":"pa_dimenzija-130-cm-x-181-cm","23":"pa_dimenzija-140-cm-x-195-cm","24":"pa_dimenzija-150-cm-x-209-cm","25":"pa_dimenzija-160-cm-x-223-cm","26":"pa_dimenzija-170-cm-x-237-cm","27":"pa_dimenzija-180-cm-x-251-cm","28":"pa_dimenzija-200-cm-x-279-cm","29":"pa_dimenzija-40-cm-x-55-cm","30":"pa_dimenzija-50-cm-x-69-cm","31":"pa_dimenzija-60-cm-x-83-cm","32":"pa_dimenzija-70-cm-x-97-cm","33":"pa_dimenzija-80-cm-x-111-cm","34":"pa_dimenzija-90-cm-x-125-cm","35":"pa_oblika-okomito","36":"pa_okvir-bez-okvira","37":"pa_podokvir-bez-podokvira","38":"pa_podokvir-sa-podokvirom","40":"first","41":"onbackorder","42":"purchasable","43":"product-type-variable","44":"has-default-attributes"},"acf":[],"yoast_head":"<!-- This site is optimized with the Yoast SEO Premium plugin v26.0 (Yoast SEO v27.2) - https:\/\/yoast.com\/product\/yoast-seo-premium-wordpress\/ -->\n<title>Slike na platnu - E176 - SVETSLIK.SI - 100% ru\u010dno naslikano<\/title>\n<meta name=\"description\" content=\"Slike na platnu - E176 - 100 % ru\u010dno naslikane umjetni\u010dke zidne slike na platnu. Prodaja reprodukcija poznatih slikara, izrada slika po naru\u0111bi i okviri za slike.\" \/>\n<meta name=\"robots\" content=\"index, follow, max-snippet:-1, max-image-preview:large, max-video-preview:-1\" \/>\n<link rel=\"canonical\" href=\"https:\/\/svetslik.si\/hr\/slike-na-platnu-jednodijelne\/slike-na-platnu-e176\/\" \/>\n<meta property=\"og:locale\" content=\"hr_HR\" \/>\n<meta property=\"og:type\" content=\"article\" \/>\n<meta property=\"og:title\" content=\"Slike na platnu - E176\" \/>\n<meta property=\"og:description\" content=\"100% ro\u010dno naslikane slike na platnu, reprodukcije znanih slikarjev in umetni\u0161ke slike po naro\u010dilu.\" \/>\n<meta property=\"og:url\" content=\"https:\/\/svetslik.si\/hr\/slike-na-platnu-jednodijelne\/slike-na-platnu-e176\/\" \/>\n<meta property=\"og:site_name\" content=\"SVETSLIK.SI\" \/>\n<meta property=\"article:publisher\" content=\"https:\/\/www.facebook.com\/svetslik.si\" \/>\n<meta property=\"article:modified_time\" content=\"2024-07-04T14:21:18+00:00\" \/>\n<meta property=\"og:image\" content=\"https:\/\/svetslik.si\/wp-content\/uploads\/2022\/11\/Slike-na-platnu-W176.jpg\" \/>\n\t<meta property=\"og:image:width\" content=\"1080\" \/>\n\t<meta property=\"og:image:height\" content=\"1440\" \/>\n\t<meta property=\"og:image:type\" content=\"image\/jpeg\" \/>\n<meta name=\"twitter:card\" content=\"summary_large_image\" \/>\n<meta name=\"twitter:site\" content=\"@svetslik\" \/>\n<meta name=\"twitter:label1\" content=\"Availability\" \/>\n\t<meta name=\"twitter:data1\" content=\"On backorder\" \/>\n<script type=\"application\/ld+json\" class=\"yoast-schema-graph\">{\"@context\":\"https:\/\/schema.org\",\"@graph\":[{\"@type\":[\"WebPage\",\"ItemPage\"],\"@id\":\"https:\/\/svetslik.si\/hr\/slike-na-platnu-jednodijelne\/slike-na-platnu-e176\/\",\"url\":\"https:\/\/svetslik.si\/hr\/slike-na-platnu-jednodijelne\/slike-na-platnu-e176\/\",\"name\":\"Slike na platnu - E176 - SVETSLIK.SI - 100% ru\u010dno naslikano\",\"isPartOf\":{\"@id\":\"https:\/\/svetslik.si\/hr\/#website\"},\"primaryImageOfPage\":{\"@id\":\"https:\/\/svetslik.si\/hr\/slike-na-platnu-jednodijelne\/slike-na-platnu-e176\/#primaryimage\"},\"image\":{\"@id\":\"https:\/\/svetslik.si\/hr\/slike-na-platnu-jednodijelne\/slike-na-platnu-e176\/#primaryimage\"},\"thumbnailUrl\":\"https:\/\/svetslik.si\/wp-content\/uploads\/2022\/11\/Slike-na-platnu-W176.jpg\",\"datePublished\":\"2022-11-10T14:34:52+00:00\",\"dateModified\":\"2024-07-04T14:21:18+00:00\",\"description\":\"Slike na platnu - E176 - 100 % ru\u010dno naslikane umjetni\u010dke zidne slike na platnu. Prodaja reprodukcija poznatih slikara, izrada slika po naru\u0111bi i okviri za slike.\",\"breadcrumb\":{\"@id\":\"https:\/\/svetslik.si\/hr\/slike-na-platnu-jednodijelne\/slike-na-platnu-e176\/#breadcrumb\"},\"inLanguage\":\"hr\",\"potentialAction\":[{\"@type\":\"ReadAction\",\"target\":[\"https:\/\/svetslik.si\/hr\/slike-na-platnu-jednodijelne\/slike-na-platnu-e176\/\"]}]},{\"@type\":\"ImageObject\",\"inLanguage\":\"hr\",\"@id\":\"https:\/\/svetslik.si\/hr\/slike-na-platnu-jednodijelne\/slike-na-platnu-e176\/#primaryimage\",\"url\":\"https:\/\/svetslik.si\/wp-content\/uploads\/2022\/11\/Slike-na-platnu-W176.jpg\",\"contentUrl\":\"https:\/\/svetslik.si\/wp-content\/uploads\/2022\/11\/Slike-na-platnu-W176.jpg\",\"width\":1080,\"height\":1440,\"caption\":\"Slike na platnu - E176\"},{\"@type\":\"BreadcrumbList\",\"@id\":\"https:\/\/svetslik.si\/hr\/slike-na-platnu-jednodijelne\/slike-na-platnu-e176\/#breadcrumb\",\"itemListElement\":[{\"@type\":\"ListItem\",\"position\":1,\"name\":\"Umjetni\u010dke zidne slike na platnu\",\"item\":\"https:\/\/svetslik.si\/hr\/\"},{\"@type\":\"ListItem\",\"position\":2,\"name\":\"Prodaja slika\",\"item\":\"https:\/\/svetslik.si\/prodaja-slik\/\"},{\"@type\":\"ListItem\",\"position\":3,\"name\":\"Slike na platnu &#8211; E176\"}]},{\"@type\":\"WebSite\",\"@id\":\"https:\/\/svetslik.si\/hr\/#website\",\"url\":\"https:\/\/svetslik.si\/hr\/\",\"name\":\"SVETSLIK.SI\",\"description\":\"100% ru\u010dno naslikane reprodukcije slika poznatih slikara in umjetni\u010dke zidne slike na platnu.\",\"publisher\":{\"@id\":\"https:\/\/svetslik.si\/hr\/#organization\"},\"potentialAction\":[{\"@type\":\"SearchAction\",\"target\":{\"@type\":\"EntryPoint\",\"urlTemplate\":\"https:\/\/svetslik.si\/hr\/?s={search_term_string}\"},\"query-input\":{\"@type\":\"PropertyValueSpecification\",\"valueRequired\":true,\"valueName\":\"search_term_string\"}}],\"inLanguage\":\"hr\"},{\"@type\":\"Organization\",\"@id\":\"https:\/\/svetslik.si\/hr\/#organization\",\"name\":\"SvetSlik.si\",\"url\":\"https:\/\/svetslik.si\/hr\/\",\"logo\":{\"@type\":\"ImageObject\",\"inLanguage\":\"hr\",\"@id\":\"https:\/\/svetslik.si\/hr\/#\/schema\/logo\/image\/\",\"url\":\"https:\/\/svetslik.si\/wp-content\/uploads\/2020\/12\/logo-512.png\",\"contentUrl\":\"https:\/\/svetslik.si\/wp-content\/uploads\/2020\/12\/logo-512.png\",\"width\":512,\"height\":512,\"caption\":\"SvetSlik.si\"},\"image\":{\"@id\":\"https:\/\/svetslik.si\/hr\/#\/schema\/logo\/image\/\"},\"sameAs\":[\"https:\/\/www.facebook.com\/svetslik.si\",\"https:\/\/x.com\/svetslik\",\"https:\/\/www.instagram.com\/svetslik.si\/\",\"https:\/\/www.linkedin.com\/company\/svetslik-si\"]}]}<\/script>\n<meta property=\"og:availability\" content=\"backorder\" \/>\n<meta property=\"product:availability\" content=\"available for order\" \/>\n<meta property=\"product:retailer_item_id\" content=\"1130_11-4-1\" \/>\n<meta property=\"product:condition\" content=\"new\" \/>\n<!-- \/ Yoast SEO Premium plugin. -->","yoast_head_json":{"title":"Slike na platnu - E176 - SVETSLIK.SI - 100% ru\u010dno naslikano","description":"Slike na platnu - E176 - 100 % ru\u010dno naslikane umjetni\u010dke zidne slike na platnu. Prodaja reprodukcija poznatih slikara, izrada slika po naru\u0111bi i okviri za slike.","robots":{"index":"index","follow":"follow","max-snippet":"max-snippet:-1","max-image-preview":"max-image-preview:large","max-video-preview":"max-video-preview:-1"},"canonical":"https:\/\/svetslik.si\/hr\/slike-na-platnu-jednodijelne\/slike-na-platnu-e176\/","og_locale":"hr_HR","og_type":"article","og_title":"Slike na platnu - E176","og_description":"100% ro\u010dno naslikane slike na platnu, reprodukcije znanih slikarjev in umetni\u0161ke slike po naro\u010dilu.","og_url":"https:\/\/svetslik.si\/hr\/slike-na-platnu-jednodijelne\/slike-na-platnu-e176\/","og_site_name":"SVETSLIK.SI","article_publisher":"https:\/\/www.facebook.com\/svetslik.si","article_modified_time":"2024-07-04T14:21:18+00:00","og_image":[{"width":1080,"height":1440,"url":"https:\/\/svetslik.si\/wp-content\/uploads\/2022\/11\/Slike-na-platnu-W176.jpg","type":"image\/jpeg"}],"twitter_card":"summary_large_image","twitter_site":"@svetslik","twitter_misc":{"Availability":"On backorder"},"schema":{"@context":"https:\/\/schema.org","@graph":[{"@type":["WebPage","ItemPage"],"@id":"https:\/\/svetslik.si\/hr\/slike-na-platnu-jednodijelne\/slike-na-platnu-e176\/","url":"https:\/\/svetslik.si\/hr\/slike-na-platnu-jednodijelne\/slike-na-platnu-e176\/","name":"Slike na platnu - E176 - SVETSLIK.SI - 100% ru\u010dno naslikano","isPartOf":{"@id":"https:\/\/svetslik.si\/hr\/#website"},"primaryImageOfPage":{"@id":"https:\/\/svetslik.si\/hr\/slike-na-platnu-jednodijelne\/slike-na-platnu-e176\/#primaryimage"},"image":{"@id":"https:\/\/svetslik.si\/hr\/slike-na-platnu-jednodijelne\/slike-na-platnu-e176\/#primaryimage"},"thumbnailUrl":"https:\/\/svetslik.si\/wp-content\/uploads\/2022\/11\/Slike-na-platnu-W176.jpg","datePublished":"2022-11-10T14:34:52+00:00","dateModified":"2024-07-04T14:21:18+00:00","description":"Slike na platnu - E176 - 100 % ru\u010dno naslikane umjetni\u010dke zidne slike na platnu. Prodaja reprodukcija poznatih slikara, izrada slika po naru\u0111bi i okviri za slike.","breadcrumb":{"@id":"https:\/\/svetslik.si\/hr\/slike-na-platnu-jednodijelne\/slike-na-platnu-e176\/#breadcrumb"},"inLanguage":"hr","potentialAction":[{"@type":"ReadAction","target":["https:\/\/svetslik.si\/hr\/slike-na-platnu-jednodijelne\/slike-na-platnu-e176\/"]}]},{"@type":"ImageObject","inLanguage":"hr","@id":"https:\/\/svetslik.si\/hr\/slike-na-platnu-jednodijelne\/slike-na-platnu-e176\/#primaryimage","url":"https:\/\/svetslik.si\/wp-content\/uploads\/2022\/11\/Slike-na-platnu-W176.jpg","contentUrl":"https:\/\/svetslik.si\/wp-content\/uploads\/2022\/11\/Slike-na-platnu-W176.jpg","width":1080,"height":1440,"caption":"Slike na platnu - E176"},{"@type":"BreadcrumbList","@id":"https:\/\/svetslik.si\/hr\/slike-na-platnu-jednodijelne\/slike-na-platnu-e176\/#breadcrumb","itemListElement":[{"@type":"ListItem","position":1,"name":"Umjetni\u010dke zidne slike na platnu","item":"https:\/\/svetslik.si\/hr\/"},{"@type":"ListItem","position":2,"name":"Prodaja slika","item":"https:\/\/svetslik.si\/prodaja-slik\/"},{"@type":"ListItem","position":3,"name":"Slike na platnu &#8211; E176"}]},{"@type":"WebSite","@id":"https:\/\/svetslik.si\/hr\/#website","url":"https:\/\/svetslik.si\/hr\/","name":"SVETSLIK.SI","description":"100% ru\u010dno naslikane reprodukcije slika poznatih slikara in umjetni\u010dke zidne slike na platnu.","publisher":{"@id":"https:\/\/svetslik.si\/hr\/#organization"},"potentialAction":[{"@type":"SearchAction","target":{"@type":"EntryPoint","urlTemplate":"https:\/\/svetslik.si\/hr\/?s={search_term_string}"},"query-input":{"@type":"PropertyValueSpecification","valueRequired":true,"valueName":"search_term_string"}}],"inLanguage":"hr"},{"@type":"Organization","@id":"https:\/\/svetslik.si\/hr\/#organization","name":"SvetSlik.si","url":"https:\/\/svetslik.si\/hr\/","logo":{"@type":"ImageObject","inLanguage":"hr","@id":"https:\/\/svetslik.si\/hr\/#\/schema\/logo\/image\/","url":"https:\/\/svetslik.si\/wp-content\/uploads\/2020\/12\/logo-512.png","contentUrl":"https:\/\/svetslik.si\/wp-content\/uploads\/2020\/12\/logo-512.png","width":512,"height":512,"caption":"SvetSlik.si"},"image":{"@id":"https:\/\/svetslik.si\/hr\/#\/schema\/logo\/image\/"},"sameAs":["https:\/\/www.facebook.com\/svetslik.si","https:\/\/x.com\/svetslik","https:\/\/www.instagram.com\/svetslik.si\/","https:\/\/www.linkedin.com\/company\/svetslik-si"]}]},"og_availability":"backorder","product_availability":"available for order","product_retailer_item_id":"1130_11-4-1","product_condition":"new"},"jetpack_sharing_enabled":true,"_links":{"self":[{"href":"https:\/\/svetslik.si\/hr\/wp-json\/wp\/v2\/product\/31099","targetHints":{"allow":["GET"]}}],"collection":[{"href":"https:\/\/svetslik.si\/hr\/wp-json\/wp\/v2\/product"}],"about":[{"href":"https:\/\/svetslik.si\/hr\/wp-json\/wp\/v2\/types\/product"}],"wp:featuredmedia":[{"embeddable":true,"href":"https:\/\/svetslik.si\/hr\/wp-json\/wp\/v2\/media\/21934"}],"wp:attachment":[{"href":"https:\/\/svetslik.si\/hr\/wp-json\/wp\/v2\/media?parent=31099"}],"wp:term":[{"taxonomy":"product_brand","embeddable":true,"href":"https:\/\/svetslik.si\/hr\/wp-json\/wp\/v2\/product_brand?post=31099"},{"taxonomy":"product_cat","embeddable":true,"href":"https:\/\/svetslik.si\/hr\/wp-json\/wp\/v2\/product_cat?post=31099"},{"taxonomy":"product_tag","embeddable":true,"href":"https:\/\/svetslik.si\/hr\/wp-json\/wp\/v2\/product_tag?post=31099"}],"curies":[{"name":"wp","href":"https:\/\/api.w.org\/{rel}","templated":true}]}}