{"id":32548,"date":"2021-09-02T18:55:07","date_gmt":"2021-09-02T16:55:07","guid":{"rendered":"https:\/\/svetslik.si\/uncategorized\/dekorativna-slika-portal\/"},"modified":"2024-07-11T14:10:13","modified_gmt":"2024-07-11T12:10:13","slug":"slike-za-zid-portal","status":"publish","type":"product","link":"https:\/\/svetslik.si\/hr\/slike-na-platnu-dvodijelne\/slike-za-zid-portal\/","title":{"rendered":"Slike za zid &#8211; Portal"},"content":{"rendered":"<div class=\"wpb-content-wrapper\">[vc_row][vc_column][vc_column_text]Ukupne dimenzije slike: 100 cm x 50 cm (2 x 50 cm x 50 cm)<\/p>\n<p>Ukupna dimenzija slike: 120 cm x 60 cm (2 x 60 cm x 60 cm)<\/p>\n<p>Ukupne dimenzije slike: 160 cm x 80 cm (2 x 80 cm x 80 cm)<\/p>\n[\/vc_column_text][\/vc_column][\/vc_row][vc_row][vc_column]\t<div class=\"et-image-341 et-image  full   et_image_link\">\n\t\t<div class=\"et-image-inner \">\n\t\t\t\t\t\t\t<div class=\"et-image-thumb \">\n\t\t\t\t\t<img decoding=\"async\" width=\"1679\" height=\"2560\" src=\"https:\/\/svetslik.si\/wp-content\/uploads\/2021\/12\/vecdena-slika-na-platnu-7-scaled.jpg\" class=\"attachment-full\" alt=\"zidne slike\" title=\"zidne slike\" srcset=\"https:\/\/svetslik.si\/wp-content\/uploads\/2021\/12\/vecdena-slika-na-platnu-7-scaled.jpg 1679w, https:\/\/svetslik.si\/wp-content\/uploads\/2021\/12\/vecdena-slika-na-platnu-7-600x915.jpg 600w, https:\/\/svetslik.si\/wp-content\/uploads\/2021\/12\/vecdena-slika-na-platnu-7-scaled-1200x1830.jpg 1200w, https:\/\/svetslik.si\/wp-content\/uploads\/2021\/12\/vecdena-slika-na-platnu-7-197x300.jpg 197w, https:\/\/svetslik.si\/wp-content\/uploads\/2021\/12\/vecdena-slika-na-platnu-7-672x1024.jpg 672w, https:\/\/svetslik.si\/wp-content\/uploads\/2021\/12\/vecdena-slika-na-platnu-7-768x1171.jpg 768w, https:\/\/svetslik.si\/wp-content\/uploads\/2021\/12\/vecdena-slika-na-platnu-7-1007x1536.jpg 1007w, https:\/\/svetslik.si\/wp-content\/uploads\/2021\/12\/vecdena-slika-na-platnu-7-1343x2048.jpg 1343w, https:\/\/svetslik.si\/wp-content\/uploads\/2021\/12\/vecdena-slika-na-platnu-7-98x150.jpg 98w, https:\/\/svetslik.si\/wp-content\/uploads\/2021\/12\/vecdena-slika-na-platnu-7-1320x2013.jpg 1320w, https:\/\/svetslik.si\/wp-content\/uploads\/2021\/12\/vecdena-slika-na-platnu-7-900x1372.jpg 900w\" sizes=\"(max-width: 1679px) 100vw, 1679px\" \/>\t\t\t\t<\/div>\n\t\t\t\t\t\t\t\t\t\t\t<\/div>\n\t<\/div>\n  [\/vc_column][\/vc_row][vc_row ][vc_column]\t<div class=\"et-image-166 et-image  full   et_image_link\">\n\t\t<div class=\"et-image-inner \">\n\t\t\t\t\t\t\t<div class=\"et-image-thumb \">\n\t\t\t\t\t<img decoding=\"async\" width=\"2336\" height=\"2252\" src=\"https:\/\/svetslik.si\/wp-content\/uploads\/2021\/09\/stenske-slike-Portal.jpg\" class=\"attachment-full\" alt=\"Murali - Portal\" title=\"Murali - Portal\" srcset=\"https:\/\/svetslik.si\/wp-content\/uploads\/2021\/09\/stenske-slike-Portal.jpg 2336w, https:\/\/svetslik.si\/wp-content\/uploads\/2021\/09\/stenske-slike-Portal-600x578.jpg 600w, https:\/\/svetslik.si\/wp-content\/uploads\/2021\/09\/stenske-slike-Portal-1200x1157.jpg 1200w, https:\/\/svetslik.si\/wp-content\/uploads\/2021\/09\/stenske-slike-Portal-300x289.jpg 300w, https:\/\/svetslik.si\/wp-content\/uploads\/2021\/09\/stenske-slike-Portal-1024x987.jpg 1024w, https:\/\/svetslik.si\/wp-content\/uploads\/2021\/09\/stenske-slike-Portal-768x740.jpg 768w, https:\/\/svetslik.si\/wp-content\/uploads\/2021\/09\/stenske-slike-Portal-1536x1481.jpg 1536w, https:\/\/svetslik.si\/wp-content\/uploads\/2021\/09\/stenske-slike-Portal-2048x1974.jpg 2048w, https:\/\/svetslik.si\/wp-content\/uploads\/2021\/09\/stenske-slike-Portal-12x12.jpg 12w, https:\/\/svetslik.si\/wp-content\/uploads\/2021\/09\/stenske-slike-Portal-150x145.jpg 150w\" sizes=\"(max-width: 2336px) 100vw, 2336px\" \/>\t\t\t\t<\/div>\n\t\t\t\t\t\t\t\t\t\t\t<\/div>\n\t<\/div>\n  [\/vc_column][\/vc_row][vc_row][vc_column]\t<div class=\"et-image-909 et-image  full   et_image_link\">\n\t\t<div class=\"et-image-inner \">\n\t\t\t\t\t\t\t<div class=\"et-image-thumb \">\n\t\t\t\t\t<img decoding=\"async\" width=\"1632\" height=\"2252\" src=\"https:\/\/svetslik.si\/wp-content\/uploads\/2021\/09\/stenske-slike-Portal-1.jpg\" class=\"attachment-full\" alt=\"Murali - Portal\" title=\"Murali - Portal\" srcset=\"https:\/\/svetslik.si\/wp-content\/uploads\/2021\/09\/stenske-slike-Portal-1.jpg 1632w, https:\/\/svetslik.si\/wp-content\/uploads\/2021\/09\/stenske-slike-Portal-1-600x828.jpg 600w, https:\/\/svetslik.si\/wp-content\/uploads\/2021\/09\/stenske-slike-Portal-1-1200x1656.jpg 1200w, https:\/\/svetslik.si\/wp-content\/uploads\/2021\/09\/stenske-slike-Portal-1-217x300.jpg 217w, https:\/\/svetslik.si\/wp-content\/uploads\/2021\/09\/stenske-slike-Portal-1-742x1024.jpg 742w, https:\/\/svetslik.si\/wp-content\/uploads\/2021\/09\/stenske-slike-Portal-1-768x1060.jpg 768w, https:\/\/svetslik.si\/wp-content\/uploads\/2021\/09\/stenske-slike-Portal-1-1113x1536.jpg 1113w, https:\/\/svetslik.si\/wp-content\/uploads\/2021\/09\/stenske-slike-Portal-1-1484x2048.jpg 1484w, https:\/\/svetslik.si\/wp-content\/uploads\/2021\/09\/stenske-slike-Portal-1-9x12.jpg 9w, https:\/\/svetslik.si\/wp-content\/uploads\/2021\/09\/stenske-slike-Portal-1-109x150.jpg 109w\" sizes=\"(max-width: 1632px) 100vw, 1632px\" \/>\t\t\t\t<\/div>\n\t\t\t\t\t\t\t\t\t\t\t<\/div>\n\t<\/div>\n  [\/vc_column][\/vc_row][vc_row][vc_column]\t<div class=\"et-image-967 et-image  full   et_image_link\">\n\t\t<div class=\"et-image-inner \">\n\t\t\t\t\t\t\t<div class=\"et-image-thumb \">\n\t\t\t\t\t<img decoding=\"async\" width=\"2312\" height=\"2252\" src=\"https:\/\/svetslik.si\/wp-content\/uploads\/2021\/09\/stenske-slike-Portal-2.jpg\" class=\"attachment-full\" alt=\"Murali - Portal\" title=\"Murali - Portal\" srcset=\"https:\/\/svetslik.si\/wp-content\/uploads\/2021\/09\/stenske-slike-Portal-2.jpg 2312w, https:\/\/svetslik.si\/wp-content\/uploads\/2021\/09\/stenske-slike-Portal-2-600x584.jpg 600w, https:\/\/svetslik.si\/wp-content\/uploads\/2021\/09\/stenske-slike-Portal-2-1200x1169.jpg 1200w, https:\/\/svetslik.si\/wp-content\/uploads\/2021\/09\/stenske-slike-Portal-2-300x292.jpg 300w, https:\/\/svetslik.si\/wp-content\/uploads\/2021\/09\/stenske-slike-Portal-2-1024x997.jpg 1024w, https:\/\/svetslik.si\/wp-content\/uploads\/2021\/09\/stenske-slike-Portal-2-768x748.jpg 768w, https:\/\/svetslik.si\/wp-content\/uploads\/2021\/09\/stenske-slike-Portal-2-1536x1496.jpg 1536w, https:\/\/svetslik.si\/wp-content\/uploads\/2021\/09\/stenske-slike-Portal-2-2048x1995.jpg 2048w, https:\/\/svetslik.si\/wp-content\/uploads\/2021\/09\/stenske-slike-Portal-2-12x12.jpg 12w, https:\/\/svetslik.si\/wp-content\/uploads\/2021\/09\/stenske-slike-Portal-2-150x146.jpg 150w\" sizes=\"(max-width: 2312px) 100vw, 2312px\" \/>\t\t\t\t<\/div>\n\t\t\t\t\t\t\t\t\t\t\t<\/div>\n\t<\/div>\n  [\/ vc_column][\/vc_row][vc_row][vc_column]\t<div class=\"et-image-818 et-image  full   et_image_link\">\n\t\t<div class=\"et-image-inner \">\n\t\t\t\t\t\t\t<div class=\"et-image-thumb \">\n\t\t\t\t\t<img decoding=\"async\" width=\"1528\" height=\"2156\" src=\"https:\/\/svetslik.si\/wp-content\/uploads\/2021\/09\/stenske-slike-Portal-3.jpg\" class=\"attachment-full\" alt=\"Murali - Portal\" title=\"Murali - Portal\" srcset=\"https:\/\/svetslik.si\/wp-content\/uploads\/2021\/09\/stenske-slike-Portal-3.jpg 1528w, https:\/\/svetslik.si\/wp-content\/uploads\/2021\/09\/stenske-slike-Portal-3-600x847.jpg 600w, https:\/\/svetslik.si\/wp-content\/uploads\/2021\/09\/stenske-slike-Portal-3-1200x1693.jpg 1200w, https:\/\/svetslik.si\/wp-content\/uploads\/2021\/09\/stenske-slike-Portal-3-213x300.jpg 213w, https:\/\/svetslik.si\/wp-content\/uploads\/2021\/09\/stenske-slike-Portal-3-726x1024.jpg 726w, https:\/\/svetslik.si\/wp-content\/uploads\/2021\/09\/stenske-slike-Portal-3-768x1084.jpg 768w, https:\/\/svetslik.si\/wp-content\/uploads\/2021\/09\/stenske-slike-Portal-3-1089x1536.jpg 1089w, https:\/\/svetslik.si\/wp-content\/uploads\/2021\/09\/stenske-slike-Portal-3-1451x2048.jpg 1451w, https:\/\/svetslik.si\/wp-content\/uploads\/2021\/09\/stenske-slike-Portal-3-9x12.jpg 9w, https:\/\/svetslik.si\/wp-content\/uploads\/2021\/09\/stenske-slike-Portal-3-106x150.jpg 106w\" sizes=\"(max-width: 1528px) 100vw, 1528px\" \/>\t\t\t\t<\/div>\n\t\t\t\t\t\t\t\t\t\t\t<\/div>\n\t<\/div>\n  [\/vc_column][\/vc_row][vc_row][vc_column]\t<div class=\"et-image-108 et-image  full   et_image_link\">\n\t\t<div class=\"et-image-inner \">\n\t\t\t\t\t\t\t<div class=\"et-image-thumb \">\n\t\t\t\t\t<img decoding=\"async\" width=\"2560\" height=\"1441\" src=\"https:\/\/svetslik.si\/wp-content\/uploads\/2021\/09\/stenske-slike-Portal-5-scaled.jpg\" class=\"attachment-full\" alt=\"Murali - Portal\" title=\"Murali - Portal\" srcset=\"https:\/\/svetslik.si\/wp-content\/uploads\/2021\/09\/stenske-slike-Portal-5-scaled.jpg 2560w, https:\/\/svetslik.si\/wp-content\/uploads\/2021\/09\/stenske-slike-Portal-5-scaled-600x338.jpg 600w, https:\/\/svetslik.si\/wp-content\/uploads\/2021\/09\/stenske-slike-Portal-5-scaled-1200x675.jpg 1200w, https:\/\/svetslik.si\/wp-content\/uploads\/2021\/09\/stenske-slike-Portal-5-300x169.jpg 300w, https:\/\/svetslik.si\/wp-content\/uploads\/2021\/09\/stenske-slike-Portal-5-1024x577.jpg 1024w, https:\/\/svetslik.si\/wp-content\/uploads\/2021\/09\/stenske-slike-Portal-5-768x432.jpg 768w, https:\/\/svetslik.si\/wp-content\/uploads\/2021\/09\/stenske-slike-Portal-5-1536x865.jpg 1536w, https:\/\/svetslik.si\/wp-content\/uploads\/2021\/09\/stenske-slike-Portal-5-2048x1153.jpg 2048w, https:\/\/svetslik.si\/wp-content\/uploads\/2021\/09\/stenske-slike-Portal-5-18x10.jpg 18w, https:\/\/svetslik.si\/wp-content\/uploads\/2021\/09\/stenske-slike-Portal-5-150x84.jpg 150w\" sizes=\"(max-width: 2560px) 100vw, 2560px\" \/>\t\t\t\t<\/div>\n\t\t\t\t\t\t\t\t\t\t\t<\/div>\n\t<\/div>\n  [\/vc_column][\/vc_row]\n<\/div>","protected":false},"excerpt":{"rendered":"<p>[vc_row][vc_column][vc_column_text]Ukupne dimenzije slike: 100 cm x 50 cm (2 x 50 cm x 50 cm) Ukupna dimenzija slike: 120 cm x 60 cm (2 x 60 cm x 60 cm) Ukupne dimenzije slike: 160 cm x 80 cm (2 x 80 cm x 80 cm) [\/vc_column_text][\/vc_column][\/vc_row][vc_row][vc_column][\/vc_column][\/vc_row][vc_row ][vc_column][\/vc_column][\/vc_row][vc_row][vc_column][\/vc_column][\/vc_row][vc_row][vc_column][\/ vc_column][\/vc_row][vc_row][vc_column][\/vc_column][\/vc_row][vc_row][vc_column][\/vc_column][\/vc_row]<\/p>\n","protected":false},"featured_media":20191,"template":"","meta":{"_acf_changed":false},"product_brand":[],"product_cat":[3383],"product_tag":[3399,3401,3405,3409,3410,3412,3417,3415],"class_list":{"0":"post-32548","1":"product","2":"type-product","3":"status-publish","4":"has-post-thumbnail","6":"product_cat-slike-na-platnu-dvodijelne","7":"product_tag-apstraktne-slike","8":"product_tag-dvodijelne-slike","9":"product_tag-moderne-slike-hr","10":"product_tag-slike-na-platnu-hr","11":"product_tag-slike-za-dnevni-boravak","12":"product_tag-slike-za-dnevni-boravak-hr","13":"product_tag-visedijelne-slike","14":"product_tag-zidne-slike","15":"pa_dimenzija-100-x-50-cm","16":"pa_dimenzija-120-x-60-cm","17":"pa_dimenzija-140-x-70-cm","18":"pa_dimenzija-160-x-80-cm","19":"pa_dimenzija-180-x-90-cm","20":"pa_oblika-horizontalno","21":"pa_okvir-bez-okvira","22":"pa_pod-okvir-ukljuceno-u-cjenu","23":"pa_podokvir-bez-podokvira","24":"pa_podokvir-sa-podokvirom","26":"first","27":"onbackorder","28":"purchasable","29":"product-type-variable","30":"has-default-attributes"},"acf":[],"yoast_head":"<!-- This site is optimized with the Yoast SEO Premium plugin v26.0 (Yoast SEO v27.2) - https:\/\/yoast.com\/product\/yoast-seo-premium-wordpress\/ -->\n<title>Slike za zid - Portal - SVETSLIK.SI - 100% ru\u010dno naslikano<\/title>\n<meta name=\"description\" content=\"Slike za zid - Portal - 100 % ru\u010dno naslikane umjetni\u010dke zidne slike na platnu. Prodaja reprodukcija poznatih slikara, izrada slika po naru\u0111bi i okviri za slike.\" \/>\n<meta name=\"robots\" content=\"index, follow, max-snippet:-1, max-image-preview:large, max-video-preview:-1\" \/>\n<link rel=\"canonical\" href=\"https:\/\/svetslik.si\/hr\/slike-na-platnu-dvodijelne\/slike-za-zid-portal\/\" \/>\n<meta property=\"og:locale\" content=\"hr_HR\" \/>\n<meta property=\"og:type\" content=\"article\" \/>\n<meta property=\"og:title\" content=\"Slike za zid - Portal\" \/>\n<meta property=\"og:description\" content=\"100% ro\u010dno naslikane slike na platnu, reprodukcije znanih slikarjev in umetni\u0161ke slike po naro\u010dilu.\" \/>\n<meta property=\"og:url\" content=\"https:\/\/svetslik.si\/hr\/slike-na-platnu-dvodijelne\/slike-za-zid-portal\/\" \/>\n<meta property=\"og:site_name\" content=\"SVETSLIK.SI\" \/>\n<meta property=\"article:publisher\" content=\"https:\/\/www.facebook.com\/svetslik.si\" \/>\n<meta property=\"article:modified_time\" content=\"2024-07-11T12:10:13+00:00\" \/>\n<meta property=\"og:image\" content=\"https:\/\/svetslik.si\/wp-content\/uploads\/2021\/08\/image_Dekorativna-slika-Portal-moderna-slika-stenska-slika_680.png\" \/>\n\t<meta property=\"og:image:width\" content=\"680\" \/>\n\t<meta property=\"og:image:height\" content=\"320\" \/>\n\t<meta property=\"og:image:type\" content=\"image\/png\" \/>\n<meta name=\"twitter:card\" content=\"summary_large_image\" \/>\n<meta name=\"twitter:site\" content=\"@svetslik\" \/>\n<meta name=\"twitter:label1\" content=\"Availability\" \/>\n\t<meta name=\"twitter:data1\" content=\"On backorder\" \/>\n<script type=\"application\/ld+json\" class=\"yoast-schema-graph\">{\"@context\":\"https:\/\/schema.org\",\"@graph\":[{\"@type\":[\"WebPage\",\"ItemPage\"],\"@id\":\"https:\/\/svetslik.si\/hr\/slike-na-platnu-dvodijelne\/slike-za-zid-portal\/\",\"url\":\"https:\/\/svetslik.si\/hr\/slike-na-platnu-dvodijelne\/slike-za-zid-portal\/\",\"name\":\"Slike za zid - Portal - SVETSLIK.SI - 100% ru\u010dno naslikano\",\"isPartOf\":{\"@id\":\"https:\/\/svetslik.si\/hr\/#website\"},\"primaryImageOfPage\":{\"@id\":\"https:\/\/svetslik.si\/hr\/slike-na-platnu-dvodijelne\/slike-za-zid-portal\/#primaryimage\"},\"image\":{\"@id\":\"https:\/\/svetslik.si\/hr\/slike-na-platnu-dvodijelne\/slike-za-zid-portal\/#primaryimage\"},\"thumbnailUrl\":\"https:\/\/svetslik.si\/wp-content\/uploads\/2021\/08\/image_Dekorativna-slika-Portal-moderna-slika-stenska-slika_680.png\",\"datePublished\":\"2021-09-02T16:55:07+00:00\",\"dateModified\":\"2024-07-11T12:10:13+00:00\",\"description\":\"Slike za zid - Portal - 100 % ru\u010dno naslikane umjetni\u010dke zidne slike na platnu. Prodaja reprodukcija poznatih slikara, izrada slika po naru\u0111bi i okviri za slike.\",\"breadcrumb\":{\"@id\":\"https:\/\/svetslik.si\/hr\/slike-na-platnu-dvodijelne\/slike-za-zid-portal\/#breadcrumb\"},\"inLanguage\":\"hr\",\"potentialAction\":[{\"@type\":\"ReadAction\",\"target\":[\"https:\/\/svetslik.si\/hr\/slike-na-platnu-dvodijelne\/slike-za-zid-portal\/\"]}]},{\"@type\":\"ImageObject\",\"inLanguage\":\"hr\",\"@id\":\"https:\/\/svetslik.si\/hr\/slike-na-platnu-dvodijelne\/slike-za-zid-portal\/#primaryimage\",\"url\":\"https:\/\/svetslik.si\/wp-content\/uploads\/2021\/08\/image_Dekorativna-slika-Portal-moderna-slika-stenska-slika_680.png\",\"contentUrl\":\"https:\/\/svetslik.si\/wp-content\/uploads\/2021\/08\/image_Dekorativna-slika-Portal-moderna-slika-stenska-slika_680.png\",\"width\":680,\"height\":320,\"caption\":\"vi\u0161edijelna slika za zid na platnu, umjetni\u010dke slike - moderne slike, ambientalne slike za zid, apstraktne slike, dekorativne slike za zid, kupnja i prodaja slika - Vi\u0161edijelna slika Portal\"},{\"@type\":\"BreadcrumbList\",\"@id\":\"https:\/\/svetslik.si\/hr\/slike-na-platnu-dvodijelne\/slike-za-zid-portal\/#breadcrumb\",\"itemListElement\":[{\"@type\":\"ListItem\",\"position\":1,\"name\":\"Umjetni\u010dke zidne slike na platnu\",\"item\":\"https:\/\/svetslik.si\/hr\/\"},{\"@type\":\"ListItem\",\"position\":2,\"name\":\"Prodaja slika\",\"item\":\"https:\/\/svetslik.si\/prodaja-slik\/\"},{\"@type\":\"ListItem\",\"position\":3,\"name\":\"Slike za zid &#8211; Portal\"}]},{\"@type\":\"WebSite\",\"@id\":\"https:\/\/svetslik.si\/hr\/#website\",\"url\":\"https:\/\/svetslik.si\/hr\/\",\"name\":\"SVETSLIK.SI\",\"description\":\"100% ru\u010dno naslikane reprodukcije slika poznatih slikara in umjetni\u010dke zidne slike na platnu.\",\"publisher\":{\"@id\":\"https:\/\/svetslik.si\/hr\/#organization\"},\"potentialAction\":[{\"@type\":\"SearchAction\",\"target\":{\"@type\":\"EntryPoint\",\"urlTemplate\":\"https:\/\/svetslik.si\/hr\/?s={search_term_string}\"},\"query-input\":{\"@type\":\"PropertyValueSpecification\",\"valueRequired\":true,\"valueName\":\"search_term_string\"}}],\"inLanguage\":\"hr\"},{\"@type\":\"Organization\",\"@id\":\"https:\/\/svetslik.si\/hr\/#organization\",\"name\":\"SvetSlik.si\",\"url\":\"https:\/\/svetslik.si\/hr\/\",\"logo\":{\"@type\":\"ImageObject\",\"inLanguage\":\"hr\",\"@id\":\"https:\/\/svetslik.si\/hr\/#\/schema\/logo\/image\/\",\"url\":\"https:\/\/svetslik.si\/wp-content\/uploads\/2020\/12\/logo-512.png\",\"contentUrl\":\"https:\/\/svetslik.si\/wp-content\/uploads\/2020\/12\/logo-512.png\",\"width\":512,\"height\":512,\"caption\":\"SvetSlik.si\"},\"image\":{\"@id\":\"https:\/\/svetslik.si\/hr\/#\/schema\/logo\/image\/\"},\"sameAs\":[\"https:\/\/www.facebook.com\/svetslik.si\",\"https:\/\/x.com\/svetslik\",\"https:\/\/www.instagram.com\/svetslik.si\/\",\"https:\/\/www.linkedin.com\/company\/svetslik-si\"]}]}<\/script>\n<meta property=\"og:availability\" content=\"backorder\" \/>\n<meta property=\"product:availability\" content=\"available for order\" \/>\n<meta property=\"product:retailer_item_id\" content=\"827__\" \/>\n<meta property=\"product:condition\" content=\"new\" \/>\n<!-- \/ Yoast SEO Premium plugin. -->","yoast_head_json":{"title":"Slike za zid - Portal - SVETSLIK.SI - 100% ru\u010dno naslikano","description":"Slike za zid - Portal - 100 % ru\u010dno naslikane umjetni\u010dke zidne slike na platnu. Prodaja reprodukcija poznatih slikara, izrada slika po naru\u0111bi i okviri za slike.","robots":{"index":"index","follow":"follow","max-snippet":"max-snippet:-1","max-image-preview":"max-image-preview:large","max-video-preview":"max-video-preview:-1"},"canonical":"https:\/\/svetslik.si\/hr\/slike-na-platnu-dvodijelne\/slike-za-zid-portal\/","og_locale":"hr_HR","og_type":"article","og_title":"Slike za zid - Portal","og_description":"100% ro\u010dno naslikane slike na platnu, reprodukcije znanih slikarjev in umetni\u0161ke slike po naro\u010dilu.","og_url":"https:\/\/svetslik.si\/hr\/slike-na-platnu-dvodijelne\/slike-za-zid-portal\/","og_site_name":"SVETSLIK.SI","article_publisher":"https:\/\/www.facebook.com\/svetslik.si","article_modified_time":"2024-07-11T12:10:13+00:00","og_image":[{"width":680,"height":320,"url":"https:\/\/svetslik.si\/wp-content\/uploads\/2021\/08\/image_Dekorativna-slika-Portal-moderna-slika-stenska-slika_680.png","type":"image\/png"}],"twitter_card":"summary_large_image","twitter_site":"@svetslik","twitter_misc":{"Availability":"On backorder"},"schema":{"@context":"https:\/\/schema.org","@graph":[{"@type":["WebPage","ItemPage"],"@id":"https:\/\/svetslik.si\/hr\/slike-na-platnu-dvodijelne\/slike-za-zid-portal\/","url":"https:\/\/svetslik.si\/hr\/slike-na-platnu-dvodijelne\/slike-za-zid-portal\/","name":"Slike za zid - Portal - SVETSLIK.SI - 100% ru\u010dno naslikano","isPartOf":{"@id":"https:\/\/svetslik.si\/hr\/#website"},"primaryImageOfPage":{"@id":"https:\/\/svetslik.si\/hr\/slike-na-platnu-dvodijelne\/slike-za-zid-portal\/#primaryimage"},"image":{"@id":"https:\/\/svetslik.si\/hr\/slike-na-platnu-dvodijelne\/slike-za-zid-portal\/#primaryimage"},"thumbnailUrl":"https:\/\/svetslik.si\/wp-content\/uploads\/2021\/08\/image_Dekorativna-slika-Portal-moderna-slika-stenska-slika_680.png","datePublished":"2021-09-02T16:55:07+00:00","dateModified":"2024-07-11T12:10:13+00:00","description":"Slike za zid - Portal - 100 % ru\u010dno naslikane umjetni\u010dke zidne slike na platnu. Prodaja reprodukcija poznatih slikara, izrada slika po naru\u0111bi i okviri za slike.","breadcrumb":{"@id":"https:\/\/svetslik.si\/hr\/slike-na-platnu-dvodijelne\/slike-za-zid-portal\/#breadcrumb"},"inLanguage":"hr","potentialAction":[{"@type":"ReadAction","target":["https:\/\/svetslik.si\/hr\/slike-na-platnu-dvodijelne\/slike-za-zid-portal\/"]}]},{"@type":"ImageObject","inLanguage":"hr","@id":"https:\/\/svetslik.si\/hr\/slike-na-platnu-dvodijelne\/slike-za-zid-portal\/#primaryimage","url":"https:\/\/svetslik.si\/wp-content\/uploads\/2021\/08\/image_Dekorativna-slika-Portal-moderna-slika-stenska-slika_680.png","contentUrl":"https:\/\/svetslik.si\/wp-content\/uploads\/2021\/08\/image_Dekorativna-slika-Portal-moderna-slika-stenska-slika_680.png","width":680,"height":320,"caption":"vi\u0161edijelna slika za zid na platnu, umjetni\u010dke slike - moderne slike, ambientalne slike za zid, apstraktne slike, dekorativne slike za zid, kupnja i prodaja slika - Vi\u0161edijelna slika Portal"},{"@type":"BreadcrumbList","@id":"https:\/\/svetslik.si\/hr\/slike-na-platnu-dvodijelne\/slike-za-zid-portal\/#breadcrumb","itemListElement":[{"@type":"ListItem","position":1,"name":"Umjetni\u010dke zidne slike na platnu","item":"https:\/\/svetslik.si\/hr\/"},{"@type":"ListItem","position":2,"name":"Prodaja slika","item":"https:\/\/svetslik.si\/prodaja-slik\/"},{"@type":"ListItem","position":3,"name":"Slike za zid &#8211; Portal"}]},{"@type":"WebSite","@id":"https:\/\/svetslik.si\/hr\/#website","url":"https:\/\/svetslik.si\/hr\/","name":"SVETSLIK.SI","description":"100% ru\u010dno naslikane reprodukcije slika poznatih slikara in umjetni\u010dke zidne slike na platnu.","publisher":{"@id":"https:\/\/svetslik.si\/hr\/#organization"},"potentialAction":[{"@type":"SearchAction","target":{"@type":"EntryPoint","urlTemplate":"https:\/\/svetslik.si\/hr\/?s={search_term_string}"},"query-input":{"@type":"PropertyValueSpecification","valueRequired":true,"valueName":"search_term_string"}}],"inLanguage":"hr"},{"@type":"Organization","@id":"https:\/\/svetslik.si\/hr\/#organization","name":"SvetSlik.si","url":"https:\/\/svetslik.si\/hr\/","logo":{"@type":"ImageObject","inLanguage":"hr","@id":"https:\/\/svetslik.si\/hr\/#\/schema\/logo\/image\/","url":"https:\/\/svetslik.si\/wp-content\/uploads\/2020\/12\/logo-512.png","contentUrl":"https:\/\/svetslik.si\/wp-content\/uploads\/2020\/12\/logo-512.png","width":512,"height":512,"caption":"SvetSlik.si"},"image":{"@id":"https:\/\/svetslik.si\/hr\/#\/schema\/logo\/image\/"},"sameAs":["https:\/\/www.facebook.com\/svetslik.si","https:\/\/x.com\/svetslik","https:\/\/www.instagram.com\/svetslik.si\/","https:\/\/www.linkedin.com\/company\/svetslik-si"]}]},"og_availability":"backorder","product_availability":"available for order","product_retailer_item_id":"827__","product_condition":"new"},"jetpack_sharing_enabled":true,"_links":{"self":[{"href":"https:\/\/svetslik.si\/hr\/wp-json\/wp\/v2\/product\/32548","targetHints":{"allow":["GET"]}}],"collection":[{"href":"https:\/\/svetslik.si\/hr\/wp-json\/wp\/v2\/product"}],"about":[{"href":"https:\/\/svetslik.si\/hr\/wp-json\/wp\/v2\/types\/product"}],"wp:featuredmedia":[{"embeddable":true,"href":"https:\/\/svetslik.si\/hr\/wp-json\/wp\/v2\/media\/20191"}],"wp:attachment":[{"href":"https:\/\/svetslik.si\/hr\/wp-json\/wp\/v2\/media?parent=32548"}],"wp:term":[{"taxonomy":"product_brand","embeddable":true,"href":"https:\/\/svetslik.si\/hr\/wp-json\/wp\/v2\/product_brand?post=32548"},{"taxonomy":"product_cat","embeddable":true,"href":"https:\/\/svetslik.si\/hr\/wp-json\/wp\/v2\/product_cat?post=32548"},{"taxonomy":"product_tag","embeddable":true,"href":"https:\/\/svetslik.si\/hr\/wp-json\/wp\/v2\/product_tag?post=32548"}],"curies":[{"name":"wp","href":"https:\/\/api.w.org\/{rel}","templated":true}]}}