{"id":32871,"date":"2021-09-02T19:21:55","date_gmt":"2021-09-02T17:21:55","guid":{"rendered":"https:\/\/svetslik.si\/uncategorized\/ob-jezeru-moderna-umetniska-slika\/"},"modified":"2026-03-22T14:40:19","modified_gmt":"2026-03-22T13:40:19","slug":"zidne-slike-uz-jezero","status":"publish","type":"product","link":"https:\/\/svetslik.si\/hr\/slike-na-platnu-visedijelne\/zidne-slike-uz-jezero\/","title":{"rendered":"Zidne slike &#8211; Uz jezero"},"content":{"rendered":"<div class=\"wpb-content-wrapper\">[vc_red][vc_column][vc_column_tekst]\n<div>\n<p>Ukupne dimenzije slike: 180 cm x 80 cm (60&#215;45 + 30&#215;80 + 45&#215;80 + 45&#215;45 cm)<\/p>\n<div>\n<p>Ukupne dimenzije slike: 275 cm x 120 cm (90&#215;70 + 45&#215;120 + 70&#215;120 + 70&#215;70 cm)<\/p>\n<\/div>\n[\/vc_column_text][\/vc_column][\/vc_row][vc_row css=&#8221;.vc_custom_1677589350396{margin-bottom: 10px !important;}&#8221;][vc_column]\t<div class=\"et-image-98 et-image     et_image_link\">\n\t\t<div class=\"et-image-inner \">\n\t\t\t\t\t\t\t<div class=\"et-image-thumb \">\n\t\t\t\t\t<img decoding=\"async\" width=\"1441\" height=\"2560\" src=\"https:\/\/svetslik.si\/wp-content\/uploads\/2021\/09\/20230228_135856-scaled.jpg\" class=\"attachment-full\" alt=\"Zidne slike - Uz jezero\" title=\"Zidne slike - Uz jezero\" srcset=\"https:\/\/svetslik.si\/wp-content\/uploads\/2021\/09\/20230228_135856-scaled.jpg 1441w, https:\/\/svetslik.si\/wp-content\/uploads\/2021\/09\/20230228_135856-scaled-600x1066.jpg 600w, https:\/\/svetslik.si\/wp-content\/uploads\/2021\/09\/20230228_135856-scaled-1200x2132.jpg 1200w, https:\/\/svetslik.si\/wp-content\/uploads\/2021\/09\/20230228_135856-169x300.jpg 169w, https:\/\/svetslik.si\/wp-content\/uploads\/2021\/09\/20230228_135856-577x1024.jpg 577w, https:\/\/svetslik.si\/wp-content\/uploads\/2021\/09\/20230228_135856-768x1364.jpg 768w, https:\/\/svetslik.si\/wp-content\/uploads\/2021\/09\/20230228_135856-865x1536.jpg 865w, https:\/\/svetslik.si\/wp-content\/uploads\/2021\/09\/20230228_135856-1153x2048.jpg 1153w, https:\/\/svetslik.si\/wp-content\/uploads\/2021\/09\/20230228_135856-7x12.jpg 7w, https:\/\/svetslik.si\/wp-content\/uploads\/2021\/09\/20230228_135856-84x150.jpg 84w\" sizes=\"(max-width: 1441px) 100vw, 1441px\" \/>\t\t\t\t<\/div>\n\t\t\t\t\t\t\t\t\t\t\t<\/div>\n\t<\/div>\n  [\/et_image ][\/vc_stupac][\/vc_redak]\n<\/div>","protected":false},"excerpt":{"rendered":"<p>[vc_red][vc_column][vc_column_tekst] Ukupne dimenzije slike: 180 cm x 80 cm (60&#215;45 + 30&#215;80 + 45&#215;80 + 45&#215;45 cm) Ukupne dimenzije slike: 275 cm x 120 cm (90&#215;70 + 45&#215;120 + 70&#215;120 + 70&#215;70 cm) [\/vc_column_text][\/vc_column][\/vc_row][vc_row css=&#8221;.vc_custom_1677589350396{margin-bottom: 10px !important;}&#8221;][vc_column][\/et_image ][\/vc_stupac][\/vc_redak]<\/p>\n","protected":false},"featured_media":20535,"template":"","meta":{"_acf_changed":false},"product_brand":[],"product_cat":[3385],"product_tag":[3399,3405,3408,3409,3410,3412,3416,3417,3415],"class_list":{"0":"post-32871","1":"product","2":"type-product","3":"status-publish","4":"has-post-thumbnail","6":"product_cat-slike-na-platnu-visedijelne","7":"product_tag-apstraktne-slike","8":"product_tag-moderne-slike-hr","9":"product_tag-prodaja-slika","10":"product_tag-slike-na-platnu-hr","11":"product_tag-slike-za-dnevni-boravak","12":"product_tag-slike-za-dnevni-boravak-hr","13":"product_tag-umjetnicke-slike","14":"product_tag-visedijelne-slike","15":"product_tag-zidne-slike","16":"pa_dimenzija-180-x-80-cm","17":"pa_dimenzija-275-x-120-cm","18":"pa_oblika-horizontalno","19":"pa_pod-okvir-ukljuceno-u-cjenu","20":"pa_podokvir-bez-podokvira","21":"pa_podokvir-sa-podokvirom","23":"first","24":"instock","25":"purchasable","26":"product-type-variable","27":"has-default-attributes"},"acf":[],"yoast_head":"<!-- This site is optimized with the Yoast SEO Premium plugin v26.0 (Yoast SEO v27.2) - https:\/\/yoast.com\/product\/yoast-seo-premium-wordpress\/ -->\n<title>Zidne slike - Uz jezero - SVETSLIK.SI - 100% ru\u010dno naslikano<\/title>\n<meta name=\"description\" content=\"Zidne slike - Uz jezero - 100 % ru\u010dno naslikane umjetni\u010dke zidne slike na platnu. Prodaja reprodukcija poznatih slikara, izrada slika po naru\u0111bi i okviri za slike.\" \/>\n<meta name=\"robots\" content=\"index, follow, max-snippet:-1, max-image-preview:large, max-video-preview:-1\" \/>\n<link rel=\"canonical\" href=\"https:\/\/svetslik.si\/hr\/slike-na-platnu-visedijelne\/zidne-slike-uz-jezero\/\" \/>\n<meta property=\"og:locale\" content=\"hr_HR\" \/>\n<meta property=\"og:type\" content=\"article\" \/>\n<meta property=\"og:title\" content=\"Zidne slike - Uz jezero\" \/>\n<meta property=\"og:description\" content=\"100% ro\u010dno naslikane slike na platnu, reprodukcije znanih slikarjev in umetni\u0161ke slike po naro\u010dilu.\" \/>\n<meta property=\"og:url\" content=\"https:\/\/svetslik.si\/hr\/slike-na-platnu-visedijelne\/zidne-slike-uz-jezero\/\" \/>\n<meta property=\"og:site_name\" content=\"SVETSLIK.SI\" \/>\n<meta property=\"article:publisher\" content=\"https:\/\/www.facebook.com\/svetslik.si\" \/>\n<meta property=\"article:modified_time\" content=\"2026-03-22T13:40:19+00:00\" \/>\n<meta property=\"og:image\" content=\"https:\/\/svetslik.si\/wp-content\/uploads\/2021\/08\/image_Ob-jezeru-moderna-umetniska-slika_680.png\" \/>\n\t<meta property=\"og:image:width\" content=\"680\" \/>\n\t<meta property=\"og:image:height\" content=\"369\" \/>\n\t<meta property=\"og:image:type\" content=\"image\/png\" \/>\n<meta name=\"twitter:card\" content=\"summary_large_image\" \/>\n<meta name=\"twitter:site\" content=\"@svetslik\" \/>\n<meta name=\"twitter:label1\" content=\"Availability\" \/>\n\t<meta name=\"twitter:data1\" content=\"Na zalihi\" \/>\n<script type=\"application\/ld+json\" class=\"yoast-schema-graph\">{\"@context\":\"https:\/\/schema.org\",\"@graph\":[{\"@type\":[\"WebPage\",\"ItemPage\"],\"@id\":\"https:\/\/svetslik.si\/hr\/slike-na-platnu-visedijelne\/zidne-slike-uz-jezero\/\",\"url\":\"https:\/\/svetslik.si\/hr\/slike-na-platnu-visedijelne\/zidne-slike-uz-jezero\/\",\"name\":\"Zidne slike - Uz jezero - SVETSLIK.SI - 100% ru\u010dno naslikano\",\"isPartOf\":{\"@id\":\"https:\/\/svetslik.si\/hr\/#website\"},\"primaryImageOfPage\":{\"@id\":\"https:\/\/svetslik.si\/hr\/slike-na-platnu-visedijelne\/zidne-slike-uz-jezero\/#primaryimage\"},\"image\":{\"@id\":\"https:\/\/svetslik.si\/hr\/slike-na-platnu-visedijelne\/zidne-slike-uz-jezero\/#primaryimage\"},\"thumbnailUrl\":\"https:\/\/svetslik.si\/wp-content\/uploads\/2021\/08\/image_Ob-jezeru-moderna-umetniska-slika_680.png\",\"datePublished\":\"2021-09-02T17:21:55+00:00\",\"dateModified\":\"2026-03-22T13:40:19+00:00\",\"description\":\"Zidne slike - Uz jezero - 100 % ru\u010dno naslikane umjetni\u010dke zidne slike na platnu. Prodaja reprodukcija poznatih slikara, izrada slika po naru\u0111bi i okviri za slike.\",\"breadcrumb\":{\"@id\":\"https:\/\/svetslik.si\/hr\/slike-na-platnu-visedijelne\/zidne-slike-uz-jezero\/#breadcrumb\"},\"inLanguage\":\"hr\",\"potentialAction\":[{\"@type\":\"ReadAction\",\"target\":[\"https:\/\/svetslik.si\/hr\/slike-na-platnu-visedijelne\/zidne-slike-uz-jezero\/\"]}]},{\"@type\":\"ImageObject\",\"inLanguage\":\"hr\",\"@id\":\"https:\/\/svetslik.si\/hr\/slike-na-platnu-visedijelne\/zidne-slike-uz-jezero\/#primaryimage\",\"url\":\"https:\/\/svetslik.si\/wp-content\/uploads\/2021\/08\/image_Ob-jezeru-moderna-umetniska-slika_680.png\",\"contentUrl\":\"https:\/\/svetslik.si\/wp-content\/uploads\/2021\/08\/image_Ob-jezeru-moderna-umetniska-slika_680.png\",\"width\":680,\"height\":369,\"caption\":\"Slike na platnu - Uz jezero - moderne umjetni\u010dke slike - moderne, ambijentalne, apstraktne, dekorativne zidne slike\"},{\"@type\":\"BreadcrumbList\",\"@id\":\"https:\/\/svetslik.si\/hr\/slike-na-platnu-visedijelne\/zidne-slike-uz-jezero\/#breadcrumb\",\"itemListElement\":[{\"@type\":\"ListItem\",\"position\":1,\"name\":\"Umjetni\u010dke zidne slike na platnu\",\"item\":\"https:\/\/svetslik.si\/hr\/\"},{\"@type\":\"ListItem\",\"position\":2,\"name\":\"Prodaja slika\",\"item\":\"https:\/\/svetslik.si\/prodaja-slik\/\"},{\"@type\":\"ListItem\",\"position\":3,\"name\":\"Zidne slike &#8211; Uz jezero\"}]},{\"@type\":\"WebSite\",\"@id\":\"https:\/\/svetslik.si\/hr\/#website\",\"url\":\"https:\/\/svetslik.si\/hr\/\",\"name\":\"SVETSLIK.SI\",\"description\":\"100% ru\u010dno naslikane reprodukcije slika poznatih slikara in umjetni\u010dke zidne slike na platnu.\",\"publisher\":{\"@id\":\"https:\/\/svetslik.si\/hr\/#organization\"},\"potentialAction\":[{\"@type\":\"SearchAction\",\"target\":{\"@type\":\"EntryPoint\",\"urlTemplate\":\"https:\/\/svetslik.si\/hr\/?s={search_term_string}\"},\"query-input\":{\"@type\":\"PropertyValueSpecification\",\"valueRequired\":true,\"valueName\":\"search_term_string\"}}],\"inLanguage\":\"hr\"},{\"@type\":\"Organization\",\"@id\":\"https:\/\/svetslik.si\/hr\/#organization\",\"name\":\"SvetSlik.si\",\"url\":\"https:\/\/svetslik.si\/hr\/\",\"logo\":{\"@type\":\"ImageObject\",\"inLanguage\":\"hr\",\"@id\":\"https:\/\/svetslik.si\/hr\/#\/schema\/logo\/image\/\",\"url\":\"https:\/\/svetslik.si\/wp-content\/uploads\/2020\/12\/logo-512.png\",\"contentUrl\":\"https:\/\/svetslik.si\/wp-content\/uploads\/2020\/12\/logo-512.png\",\"width\":512,\"height\":512,\"caption\":\"SvetSlik.si\"},\"image\":{\"@id\":\"https:\/\/svetslik.si\/hr\/#\/schema\/logo\/image\/\"},\"sameAs\":[\"https:\/\/www.facebook.com\/svetslik.si\",\"https:\/\/x.com\/svetslik\",\"https:\/\/www.instagram.com\/svetslik.si\/\",\"https:\/\/www.linkedin.com\/company\/svetslik-si\"]}]}<\/script>\n<meta property=\"og:availability\" content=\"instock\" \/>\n<meta property=\"product:availability\" content=\"instock\" \/>\n<meta property=\"product:retailer_item_id\" content=\"1085__\" \/>\n<meta property=\"product:condition\" content=\"new\" \/>\n<!-- \/ Yoast SEO Premium plugin. -->","yoast_head_json":{"title":"Zidne slike - Uz jezero - SVETSLIK.SI - 100% ru\u010dno naslikano","description":"Zidne slike - Uz jezero - 100 % ru\u010dno naslikane umjetni\u010dke zidne slike na platnu. Prodaja reprodukcija poznatih slikara, izrada slika po naru\u0111bi i okviri za slike.","robots":{"index":"index","follow":"follow","max-snippet":"max-snippet:-1","max-image-preview":"max-image-preview:large","max-video-preview":"max-video-preview:-1"},"canonical":"https:\/\/svetslik.si\/hr\/slike-na-platnu-visedijelne\/zidne-slike-uz-jezero\/","og_locale":"hr_HR","og_type":"article","og_title":"Zidne slike - Uz jezero","og_description":"100% ro\u010dno naslikane slike na platnu, reprodukcije znanih slikarjev in umetni\u0161ke slike po naro\u010dilu.","og_url":"https:\/\/svetslik.si\/hr\/slike-na-platnu-visedijelne\/zidne-slike-uz-jezero\/","og_site_name":"SVETSLIK.SI","article_publisher":"https:\/\/www.facebook.com\/svetslik.si","article_modified_time":"2026-03-22T13:40:19+00:00","og_image":[{"width":680,"height":369,"url":"https:\/\/svetslik.si\/wp-content\/uploads\/2021\/08\/image_Ob-jezeru-moderna-umetniska-slika_680.png","type":"image\/png"}],"twitter_card":"summary_large_image","twitter_site":"@svetslik","twitter_misc":{"Availability":"Na zalihi"},"schema":{"@context":"https:\/\/schema.org","@graph":[{"@type":["WebPage","ItemPage"],"@id":"https:\/\/svetslik.si\/hr\/slike-na-platnu-visedijelne\/zidne-slike-uz-jezero\/","url":"https:\/\/svetslik.si\/hr\/slike-na-platnu-visedijelne\/zidne-slike-uz-jezero\/","name":"Zidne slike - Uz jezero - SVETSLIK.SI - 100% ru\u010dno naslikano","isPartOf":{"@id":"https:\/\/svetslik.si\/hr\/#website"},"primaryImageOfPage":{"@id":"https:\/\/svetslik.si\/hr\/slike-na-platnu-visedijelne\/zidne-slike-uz-jezero\/#primaryimage"},"image":{"@id":"https:\/\/svetslik.si\/hr\/slike-na-platnu-visedijelne\/zidne-slike-uz-jezero\/#primaryimage"},"thumbnailUrl":"https:\/\/svetslik.si\/wp-content\/uploads\/2021\/08\/image_Ob-jezeru-moderna-umetniska-slika_680.png","datePublished":"2021-09-02T17:21:55+00:00","dateModified":"2026-03-22T13:40:19+00:00","description":"Zidne slike - Uz jezero - 100 % ru\u010dno naslikane umjetni\u010dke zidne slike na platnu. Prodaja reprodukcija poznatih slikara, izrada slika po naru\u0111bi i okviri za slike.","breadcrumb":{"@id":"https:\/\/svetslik.si\/hr\/slike-na-platnu-visedijelne\/zidne-slike-uz-jezero\/#breadcrumb"},"inLanguage":"hr","potentialAction":[{"@type":"ReadAction","target":["https:\/\/svetslik.si\/hr\/slike-na-platnu-visedijelne\/zidne-slike-uz-jezero\/"]}]},{"@type":"ImageObject","inLanguage":"hr","@id":"https:\/\/svetslik.si\/hr\/slike-na-platnu-visedijelne\/zidne-slike-uz-jezero\/#primaryimage","url":"https:\/\/svetslik.si\/wp-content\/uploads\/2021\/08\/image_Ob-jezeru-moderna-umetniska-slika_680.png","contentUrl":"https:\/\/svetslik.si\/wp-content\/uploads\/2021\/08\/image_Ob-jezeru-moderna-umetniska-slika_680.png","width":680,"height":369,"caption":"Slike na platnu - Uz jezero - moderne umjetni\u010dke slike - moderne, ambijentalne, apstraktne, dekorativne zidne slike"},{"@type":"BreadcrumbList","@id":"https:\/\/svetslik.si\/hr\/slike-na-platnu-visedijelne\/zidne-slike-uz-jezero\/#breadcrumb","itemListElement":[{"@type":"ListItem","position":1,"name":"Umjetni\u010dke zidne slike na platnu","item":"https:\/\/svetslik.si\/hr\/"},{"@type":"ListItem","position":2,"name":"Prodaja slika","item":"https:\/\/svetslik.si\/prodaja-slik\/"},{"@type":"ListItem","position":3,"name":"Zidne slike &#8211; Uz jezero"}]},{"@type":"WebSite","@id":"https:\/\/svetslik.si\/hr\/#website","url":"https:\/\/svetslik.si\/hr\/","name":"SVETSLIK.SI","description":"100% ru\u010dno naslikane reprodukcije slika poznatih slikara in umjetni\u010dke zidne slike na platnu.","publisher":{"@id":"https:\/\/svetslik.si\/hr\/#organization"},"potentialAction":[{"@type":"SearchAction","target":{"@type":"EntryPoint","urlTemplate":"https:\/\/svetslik.si\/hr\/?s={search_term_string}"},"query-input":{"@type":"PropertyValueSpecification","valueRequired":true,"valueName":"search_term_string"}}],"inLanguage":"hr"},{"@type":"Organization","@id":"https:\/\/svetslik.si\/hr\/#organization","name":"SvetSlik.si","url":"https:\/\/svetslik.si\/hr\/","logo":{"@type":"ImageObject","inLanguage":"hr","@id":"https:\/\/svetslik.si\/hr\/#\/schema\/logo\/image\/","url":"https:\/\/svetslik.si\/wp-content\/uploads\/2020\/12\/logo-512.png","contentUrl":"https:\/\/svetslik.si\/wp-content\/uploads\/2020\/12\/logo-512.png","width":512,"height":512,"caption":"SvetSlik.si"},"image":{"@id":"https:\/\/svetslik.si\/hr\/#\/schema\/logo\/image\/"},"sameAs":["https:\/\/www.facebook.com\/svetslik.si","https:\/\/x.com\/svetslik","https:\/\/www.instagram.com\/svetslik.si\/","https:\/\/www.linkedin.com\/company\/svetslik-si"]}]},"og_availability":"instock","product_availability":"instock","product_retailer_item_id":"1085__","product_condition":"new"},"jetpack_sharing_enabled":true,"_links":{"self":[{"href":"https:\/\/svetslik.si\/hr\/wp-json\/wp\/v2\/product\/32871","targetHints":{"allow":["GET"]}}],"collection":[{"href":"https:\/\/svetslik.si\/hr\/wp-json\/wp\/v2\/product"}],"about":[{"href":"https:\/\/svetslik.si\/hr\/wp-json\/wp\/v2\/types\/product"}],"wp:featuredmedia":[{"embeddable":true,"href":"https:\/\/svetslik.si\/hr\/wp-json\/wp\/v2\/media\/20535"}],"wp:attachment":[{"href":"https:\/\/svetslik.si\/hr\/wp-json\/wp\/v2\/media?parent=32871"}],"wp:term":[{"taxonomy":"product_brand","embeddable":true,"href":"https:\/\/svetslik.si\/hr\/wp-json\/wp\/v2\/product_brand?post=32871"},{"taxonomy":"product_cat","embeddable":true,"href":"https:\/\/svetslik.si\/hr\/wp-json\/wp\/v2\/product_cat?post=32871"},{"taxonomy":"product_tag","embeddable":true,"href":"https:\/\/svetslik.si\/hr\/wp-json\/wp\/v2\/product_tag?post=32871"}],"curies":[{"name":"wp","href":"https:\/\/api.w.org\/{rel}","templated":true}]}}