{"id":33318,"date":"2023-02-23T09:00:40","date_gmt":"2023-02-23T08:00:40","guid":{"rendered":"https:\/\/svetslik.si\/uncategorized\/stenske-slike-d57\/"},"modified":"2023-05-25T11:42:04","modified_gmt":"2023-05-25T09:42:04","slug":"zidne-slike-d57","status":"publish","type":"product","link":"https:\/\/svetslik.si\/hr\/slike-na-platnu-dvodijelne\/zidne-slike-d57\/","title":{"rendered":"Zidne slike &#8211; D57"},"content":{"rendered":"<div class=\"wpb-content-wrapper\">[vc_row css=&#8221;.vc_custom_1676892297018{margin-bottom: 10px !important;}&#8221;][vc_column]\t<div class=\"et-image-500 et-image     et_image_link\">\n\t\t<div class=\"et-image-inner \">\n\t\t\t\t\t\t\t<div class=\"et-image-thumb \">\n\t\t\t\t\t<img decoding=\"async\" width=\"1080\" height=\"1080\" src=\"https:\/\/svetslik.si\/wp-content\/uploads\/2023\/02\/stenske-slike-D57-1.webp\" class=\"attachment-full\" alt=\"Zidne slike - D57\" title=\"Zidne slike - D57\" srcset=\"https:\/\/svetslik.si\/wp-content\/uploads\/2023\/02\/stenske-slike-D57-1.webp 1080w, https:\/\/svetslik.si\/wp-content\/uploads\/2023\/02\/stenske-slike-D57-1-600x600.webp 600w, https:\/\/svetslik.si\/wp-content\/uploads\/2023\/02\/stenske-slike-D57-1-100x100.webp 100w, https:\/\/svetslik.si\/wp-content\/uploads\/2023\/02\/stenske-slike-D57-1-300x300.webp 300w, https:\/\/svetslik.si\/wp-content\/uploads\/2023\/02\/stenske-slike-D57-1-1024x1024.webp 1024w, https:\/\/svetslik.si\/wp-content\/uploads\/2023\/02\/stenske-slike-D57-1-150x150.webp 150w, https:\/\/svetslik.si\/wp-content\/uploads\/2023\/02\/stenske-slike-D57-1-768x768.webp 768w, https:\/\/svetslik.si\/wp-content\/uploads\/2023\/02\/stenske-slike-D57-1-12x12.webp 12w, https:\/\/svetslik.si\/wp-content\/uploads\/2023\/02\/stenske-slike-D57-1-900x900.webp 900w\" sizes=\"(max-width: 1080px) 100vw, 1080px\" \/>\t\t\t\t<\/div>\n\t\t\t\t\t\t\t\t\t\t\t<\/div>\n\t<\/div>\n  [\/vc_column][\/vc_row][vc_row css=&#8221;.vc_custom_1676892297018{margin-bottom: 10px !important;}&#8221;][vc_column]\t<div class=\"et-image-108 et-image     et_image_link\">\n\t\t<div class=\"et-image-inner \">\n\t\t\t\t\t\t\t<div class=\"et-image-thumb \">\n\t\t\t\t\t<img decoding=\"async\" width=\"1080\" height=\"1353\" src=\"https:\/\/svetslik.si\/wp-content\/uploads\/2023\/02\/stenske-slike-D57-2.webp\" class=\"attachment-full\" alt=\"Zidne slike - D57\" title=\"Zidne slike - D57\" srcset=\"https:\/\/svetslik.si\/wp-content\/uploads\/2023\/02\/stenske-slike-D57-2.webp 1080w, https:\/\/svetslik.si\/wp-content\/uploads\/2023\/02\/stenske-slike-D57-2-600x752.webp 600w, https:\/\/svetslik.si\/wp-content\/uploads\/2023\/02\/stenske-slike-D57-2-239x300.webp 239w, https:\/\/svetslik.si\/wp-content\/uploads\/2023\/02\/stenske-slike-D57-2-817x1024.webp 817w, https:\/\/svetslik.si\/wp-content\/uploads\/2023\/02\/stenske-slike-D57-2-768x962.webp 768w, https:\/\/svetslik.si\/wp-content\/uploads\/2023\/02\/stenske-slike-D57-2-10x12.webp 10w, https:\/\/svetslik.si\/wp-content\/uploads\/2023\/02\/stenske-slike-D57-2-120x150.webp 120w, https:\/\/svetslik.si\/wp-content\/uploads\/2023\/02\/stenske-slike-D57-2-900x1128.webp 900w\" sizes=\"(max-width: 1080px) 100vw, 1080px\" \/>\t\t\t\t<\/div>\n\t\t\t\t\t\t\t\t\t\t\t<\/div>\n\t<\/div>\n  [\/vc_column][\/vc_row]\n<\/div>","protected":false},"excerpt":{"rendered":"<p>[vc_row css=&#8221;.vc_custom_1676892297018{margin-bottom: 10px !important;}&#8221;][vc_column][\/vc_column][\/vc_row][vc_row css=&#8221;.vc_custom_1676892297018{margin-bottom: 10px !important;}&#8221;][vc_column][\/vc_column][\/vc_row]<\/p>\n","protected":false},"featured_media":22101,"template":"","meta":{"_acf_changed":false},"product_brand":[],"product_cat":[3383],"product_tag":[3399,3401,3405,3409,3410,3412,3417,3415],"class_list":{"0":"post-33318","1":"product","2":"type-product","3":"status-publish","4":"has-post-thumbnail","6":"product_cat-slike-na-platnu-dvodijelne","7":"product_tag-apstraktne-slike","8":"product_tag-dvodijelne-slike","9":"product_tag-moderne-slike-hr","10":"product_tag-slike-na-platnu-hr","11":"product_tag-slike-za-dnevni-boravak","12":"product_tag-slike-za-dnevni-boravak-hr","13":"product_tag-visedijelne-slike","14":"product_tag-zidne-slike","15":"pa_dimenzija-100-x-160-cm-hr","16":"pa_dimenzija-120-x-190-cm-hr","17":"pa_dimenzija-140-x-220-cm-hr","18":"pa_dimenzija-160-x-250-cm-hr","19":"pa_dimenzija-180-x-290-cm-hr","20":"pa_dimenzija-200-x-320-cm-hr","21":"pa_dimenzija-50-x-80-cm-hr","22":"pa_dimenzija-60-x-100-cm-hr","23":"pa_dimenzija-70-x-110-cm-hr","24":"pa_dimenzija-80-x-130-cm-hr","25":"pa_dimenzija-90-x-140-cm-hr","26":"pa_oblika-horizontalno","27":"pa_pod-okvir-ukljuceno-u-cjenu","28":"pa_podokvir-bez-podokvira","29":"pa_podokvir-sa-podokvirom","31":"first","32":"onbackorder","33":"purchasable","34":"product-type-variable"},"acf":[],"yoast_head":"<!-- This site is optimized with the Yoast SEO Premium plugin v26.0 (Yoast SEO v27.2) - https:\/\/yoast.com\/product\/yoast-seo-premium-wordpress\/ -->\n<title>Zidne slike - D57 - SVETSLIK.SI - 100% ru\u010dno naslikano<\/title>\n<meta name=\"description\" content=\"Zidne slike - D57 - 100 % ru\u010dno naslikane umjetni\u010dke zidne slike na platnu. Prodaja reprodukcija poznatih slikara, izrada slika po naru\u0111bi i okviri za slike.\" \/>\n<meta name=\"robots\" content=\"index, follow, max-snippet:-1, max-image-preview:large, max-video-preview:-1\" \/>\n<link rel=\"canonical\" href=\"https:\/\/svetslik.si\/hr\/slike-na-platnu-dvodijelne\/zidne-slike-d57\/\" \/>\n<meta property=\"og:locale\" content=\"hr_HR\" \/>\n<meta property=\"og:type\" content=\"article\" \/>\n<meta property=\"og:title\" content=\"Zidne slike - D57\" \/>\n<meta property=\"og:description\" content=\"100% ro\u010dno naslikane slike na platnu, reprodukcije znanih slikarjev in umetni\u0161ke slike po naro\u010dilu.\" \/>\n<meta property=\"og:url\" content=\"https:\/\/svetslik.si\/hr\/slike-na-platnu-dvodijelne\/zidne-slike-d57\/\" \/>\n<meta property=\"og:site_name\" content=\"SVETSLIK.SI\" \/>\n<meta property=\"article:publisher\" content=\"https:\/\/www.facebook.com\/svetslik.si\" \/>\n<meta property=\"article:modified_time\" content=\"2023-05-25T09:42:04+00:00\" \/>\n<meta property=\"og:image\" content=\"https:\/\/svetslik.si\/wp-content\/uploads\/2023\/02\/stenske-slike-D57.png\" \/>\n\t<meta property=\"og:image:width\" content=\"900\" \/>\n\t<meta property=\"og:image:height\" content=\"556\" \/>\n\t<meta property=\"og:image:type\" content=\"image\/png\" \/>\n<meta name=\"twitter:card\" content=\"summary_large_image\" \/>\n<meta name=\"twitter:site\" content=\"@svetslik\" \/>\n<meta name=\"twitter:label1\" content=\"Availability\" \/>\n\t<meta name=\"twitter:data1\" content=\"On backorder\" \/>\n<script type=\"application\/ld+json\" class=\"yoast-schema-graph\">{\"@context\":\"https:\/\/schema.org\",\"@graph\":[{\"@type\":[\"WebPage\",\"ItemPage\"],\"@id\":\"https:\/\/svetslik.si\/hr\/slike-na-platnu-dvodijelne\/zidne-slike-d57\/\",\"url\":\"https:\/\/svetslik.si\/hr\/slike-na-platnu-dvodijelne\/zidne-slike-d57\/\",\"name\":\"Zidne slike - D57 - SVETSLIK.SI - 100% ru\u010dno naslikano\",\"isPartOf\":{\"@id\":\"https:\/\/svetslik.si\/hr\/#website\"},\"primaryImageOfPage\":{\"@id\":\"https:\/\/svetslik.si\/hr\/slike-na-platnu-dvodijelne\/zidne-slike-d57\/#primaryimage\"},\"image\":{\"@id\":\"https:\/\/svetslik.si\/hr\/slike-na-platnu-dvodijelne\/zidne-slike-d57\/#primaryimage\"},\"thumbnailUrl\":\"https:\/\/svetslik.si\/wp-content\/uploads\/2023\/02\/stenske-slike-D57.png\",\"datePublished\":\"2023-02-23T08:00:40+00:00\",\"dateModified\":\"2023-05-25T09:42:04+00:00\",\"description\":\"Zidne slike - D57 - 100 % ru\u010dno naslikane umjetni\u010dke zidne slike na platnu. Prodaja reprodukcija poznatih slikara, izrada slika po naru\u0111bi i okviri za slike.\",\"breadcrumb\":{\"@id\":\"https:\/\/svetslik.si\/hr\/slike-na-platnu-dvodijelne\/zidne-slike-d57\/#breadcrumb\"},\"inLanguage\":\"hr\",\"potentialAction\":[{\"@type\":\"ReadAction\",\"target\":[\"https:\/\/svetslik.si\/hr\/slike-na-platnu-dvodijelne\/zidne-slike-d57\/\"]}]},{\"@type\":\"ImageObject\",\"inLanguage\":\"hr\",\"@id\":\"https:\/\/svetslik.si\/hr\/slike-na-platnu-dvodijelne\/zidne-slike-d57\/#primaryimage\",\"url\":\"https:\/\/svetslik.si\/wp-content\/uploads\/2023\/02\/stenske-slike-D57.png\",\"contentUrl\":\"https:\/\/svetslik.si\/wp-content\/uploads\/2023\/02\/stenske-slike-D57.png\",\"width\":900,\"height\":556,\"caption\":\"Zidne slike - D57\"},{\"@type\":\"BreadcrumbList\",\"@id\":\"https:\/\/svetslik.si\/hr\/slike-na-platnu-dvodijelne\/zidne-slike-d57\/#breadcrumb\",\"itemListElement\":[{\"@type\":\"ListItem\",\"position\":1,\"name\":\"Umjetni\u010dke zidne slike na platnu\",\"item\":\"https:\/\/svetslik.si\/hr\/\"},{\"@type\":\"ListItem\",\"position\":2,\"name\":\"Prodaja slika\",\"item\":\"https:\/\/svetslik.si\/prodaja-slik\/\"},{\"@type\":\"ListItem\",\"position\":3,\"name\":\"Zidne slike &#8211; D57\"}]},{\"@type\":\"WebSite\",\"@id\":\"https:\/\/svetslik.si\/hr\/#website\",\"url\":\"https:\/\/svetslik.si\/hr\/\",\"name\":\"SVETSLIK.SI\",\"description\":\"100% ru\u010dno naslikane reprodukcije slika poznatih slikara in umjetni\u010dke zidne slike na platnu.\",\"publisher\":{\"@id\":\"https:\/\/svetslik.si\/hr\/#organization\"},\"potentialAction\":[{\"@type\":\"SearchAction\",\"target\":{\"@type\":\"EntryPoint\",\"urlTemplate\":\"https:\/\/svetslik.si\/hr\/?s={search_term_string}\"},\"query-input\":{\"@type\":\"PropertyValueSpecification\",\"valueRequired\":true,\"valueName\":\"search_term_string\"}}],\"inLanguage\":\"hr\"},{\"@type\":\"Organization\",\"@id\":\"https:\/\/svetslik.si\/hr\/#organization\",\"name\":\"SvetSlik.si\",\"url\":\"https:\/\/svetslik.si\/hr\/\",\"logo\":{\"@type\":\"ImageObject\",\"inLanguage\":\"hr\",\"@id\":\"https:\/\/svetslik.si\/hr\/#\/schema\/logo\/image\/\",\"url\":\"https:\/\/svetslik.si\/wp-content\/uploads\/2020\/12\/logo-512.png\",\"contentUrl\":\"https:\/\/svetslik.si\/wp-content\/uploads\/2020\/12\/logo-512.png\",\"width\":512,\"height\":512,\"caption\":\"SvetSlik.si\"},\"image\":{\"@id\":\"https:\/\/svetslik.si\/hr\/#\/schema\/logo\/image\/\"},\"sameAs\":[\"https:\/\/www.facebook.com\/svetslik.si\",\"https:\/\/x.com\/svetslik\",\"https:\/\/www.instagram.com\/svetslik.si\/\",\"https:\/\/www.linkedin.com\/company\/svetslik-si\"]}]}<\/script>\n<meta property=\"og:availability\" content=\"backorder\" \/>\n<meta property=\"product:availability\" content=\"available for order\" \/>\n<meta property=\"product:retailer_item_id\" content=\"979d-2-1\" \/>\n<meta property=\"product:condition\" content=\"new\" \/>\n<!-- \/ Yoast SEO Premium plugin. -->","yoast_head_json":{"title":"Zidne slike - D57 - SVETSLIK.SI - 100% ru\u010dno naslikano","description":"Zidne slike - D57 - 100 % ru\u010dno naslikane umjetni\u010dke zidne slike na platnu. Prodaja reprodukcija poznatih slikara, izrada slika po naru\u0111bi i okviri za slike.","robots":{"index":"index","follow":"follow","max-snippet":"max-snippet:-1","max-image-preview":"max-image-preview:large","max-video-preview":"max-video-preview:-1"},"canonical":"https:\/\/svetslik.si\/hr\/slike-na-platnu-dvodijelne\/zidne-slike-d57\/","og_locale":"hr_HR","og_type":"article","og_title":"Zidne slike - D57","og_description":"100% ro\u010dno naslikane slike na platnu, reprodukcije znanih slikarjev in umetni\u0161ke slike po naro\u010dilu.","og_url":"https:\/\/svetslik.si\/hr\/slike-na-platnu-dvodijelne\/zidne-slike-d57\/","og_site_name":"SVETSLIK.SI","article_publisher":"https:\/\/www.facebook.com\/svetslik.si","article_modified_time":"2023-05-25T09:42:04+00:00","og_image":[{"width":900,"height":556,"url":"https:\/\/svetslik.si\/wp-content\/uploads\/2023\/02\/stenske-slike-D57.png","type":"image\/png"}],"twitter_card":"summary_large_image","twitter_site":"@svetslik","twitter_misc":{"Availability":"On backorder"},"schema":{"@context":"https:\/\/schema.org","@graph":[{"@type":["WebPage","ItemPage"],"@id":"https:\/\/svetslik.si\/hr\/slike-na-platnu-dvodijelne\/zidne-slike-d57\/","url":"https:\/\/svetslik.si\/hr\/slike-na-platnu-dvodijelne\/zidne-slike-d57\/","name":"Zidne slike - D57 - SVETSLIK.SI - 100% ru\u010dno naslikano","isPartOf":{"@id":"https:\/\/svetslik.si\/hr\/#website"},"primaryImageOfPage":{"@id":"https:\/\/svetslik.si\/hr\/slike-na-platnu-dvodijelne\/zidne-slike-d57\/#primaryimage"},"image":{"@id":"https:\/\/svetslik.si\/hr\/slike-na-platnu-dvodijelne\/zidne-slike-d57\/#primaryimage"},"thumbnailUrl":"https:\/\/svetslik.si\/wp-content\/uploads\/2023\/02\/stenske-slike-D57.png","datePublished":"2023-02-23T08:00:40+00:00","dateModified":"2023-05-25T09:42:04+00:00","description":"Zidne slike - D57 - 100 % ru\u010dno naslikane umjetni\u010dke zidne slike na platnu. Prodaja reprodukcija poznatih slikara, izrada slika po naru\u0111bi i okviri za slike.","breadcrumb":{"@id":"https:\/\/svetslik.si\/hr\/slike-na-platnu-dvodijelne\/zidne-slike-d57\/#breadcrumb"},"inLanguage":"hr","potentialAction":[{"@type":"ReadAction","target":["https:\/\/svetslik.si\/hr\/slike-na-platnu-dvodijelne\/zidne-slike-d57\/"]}]},{"@type":"ImageObject","inLanguage":"hr","@id":"https:\/\/svetslik.si\/hr\/slike-na-platnu-dvodijelne\/zidne-slike-d57\/#primaryimage","url":"https:\/\/svetslik.si\/wp-content\/uploads\/2023\/02\/stenske-slike-D57.png","contentUrl":"https:\/\/svetslik.si\/wp-content\/uploads\/2023\/02\/stenske-slike-D57.png","width":900,"height":556,"caption":"Zidne slike - D57"},{"@type":"BreadcrumbList","@id":"https:\/\/svetslik.si\/hr\/slike-na-platnu-dvodijelne\/zidne-slike-d57\/#breadcrumb","itemListElement":[{"@type":"ListItem","position":1,"name":"Umjetni\u010dke zidne slike na platnu","item":"https:\/\/svetslik.si\/hr\/"},{"@type":"ListItem","position":2,"name":"Prodaja slika","item":"https:\/\/svetslik.si\/prodaja-slik\/"},{"@type":"ListItem","position":3,"name":"Zidne slike &#8211; D57"}]},{"@type":"WebSite","@id":"https:\/\/svetslik.si\/hr\/#website","url":"https:\/\/svetslik.si\/hr\/","name":"SVETSLIK.SI","description":"100% ru\u010dno naslikane reprodukcije slika poznatih slikara in umjetni\u010dke zidne slike na platnu.","publisher":{"@id":"https:\/\/svetslik.si\/hr\/#organization"},"potentialAction":[{"@type":"SearchAction","target":{"@type":"EntryPoint","urlTemplate":"https:\/\/svetslik.si\/hr\/?s={search_term_string}"},"query-input":{"@type":"PropertyValueSpecification","valueRequired":true,"valueName":"search_term_string"}}],"inLanguage":"hr"},{"@type":"Organization","@id":"https:\/\/svetslik.si\/hr\/#organization","name":"SvetSlik.si","url":"https:\/\/svetslik.si\/hr\/","logo":{"@type":"ImageObject","inLanguage":"hr","@id":"https:\/\/svetslik.si\/hr\/#\/schema\/logo\/image\/","url":"https:\/\/svetslik.si\/wp-content\/uploads\/2020\/12\/logo-512.png","contentUrl":"https:\/\/svetslik.si\/wp-content\/uploads\/2020\/12\/logo-512.png","width":512,"height":512,"caption":"SvetSlik.si"},"image":{"@id":"https:\/\/svetslik.si\/hr\/#\/schema\/logo\/image\/"},"sameAs":["https:\/\/www.facebook.com\/svetslik.si","https:\/\/x.com\/svetslik","https:\/\/www.instagram.com\/svetslik.si\/","https:\/\/www.linkedin.com\/company\/svetslik-si"]}]},"og_availability":"backorder","product_availability":"available for order","product_retailer_item_id":"979d-2-1","product_condition":"new"},"jetpack_sharing_enabled":true,"_links":{"self":[{"href":"https:\/\/svetslik.si\/hr\/wp-json\/wp\/v2\/product\/33318","targetHints":{"allow":["GET"]}}],"collection":[{"href":"https:\/\/svetslik.si\/hr\/wp-json\/wp\/v2\/product"}],"about":[{"href":"https:\/\/svetslik.si\/hr\/wp-json\/wp\/v2\/types\/product"}],"wp:featuredmedia":[{"embeddable":true,"href":"https:\/\/svetslik.si\/hr\/wp-json\/wp\/v2\/media\/22101"}],"wp:attachment":[{"href":"https:\/\/svetslik.si\/hr\/wp-json\/wp\/v2\/media?parent=33318"}],"wp:term":[{"taxonomy":"product_brand","embeddable":true,"href":"https:\/\/svetslik.si\/hr\/wp-json\/wp\/v2\/product_brand?post=33318"},{"taxonomy":"product_cat","embeddable":true,"href":"https:\/\/svetslik.si\/hr\/wp-json\/wp\/v2\/product_cat?post=33318"},{"taxonomy":"product_tag","embeddable":true,"href":"https:\/\/svetslik.si\/hr\/wp-json\/wp\/v2\/product_tag?post=33318"}],"curies":[{"name":"wp","href":"https:\/\/api.w.org\/{rel}","templated":true}]}}