{"id":33339,"date":"2023-02-28T15:39:22","date_gmt":"2023-02-28T14:39:22","guid":{"rendered":"https:\/\/svetslik.si\/uncategorized\/stenske-slike-japonske-cesnje-viii\/"},"modified":"2026-03-22T14:48:46","modified_gmt":"2026-03-22T13:48:46","slug":"zidne-slike-japanske-tresnje-viii","status":"publish","type":"product","link":"https:\/\/svetslik.si\/hr\/slike-na-platnu-visedijelne\/zidne-slike-japanske-tresnje-viii\/","title":{"rendered":"Zidne slike &#8211; Japanske tre\u0161nje VIII"},"content":{"rendered":"<div class=\"wpb-content-wrapper\">[vc_row css=&#8221;.vc_custom_1677595232779{margin-bottom: 10px !important;}&#8221;][vc_column]\t<div class=\"et-image-756 et-image     et_image_link\">\n\t\t<div class=\"et-image-inner \">\n\t\t\t\t\t\t\t<div class=\"et-image-thumb \">\n\t\t\t\t\t<img decoding=\"async\" width=\"1000\" height=\"563\" src=\"https:\/\/svetslik.si\/wp-content\/uploads\/2023\/02\/20230228_153505.jpg\" class=\"attachment-full\" alt=\"Zidne slike - Japanske tre\u0161nje VIII\" title=\"Zidne slike - Japanske tre\u0161nje VIII\" srcset=\"https:\/\/svetslik.si\/wp-content\/uploads\/2023\/02\/20230228_153505.jpg 1000w, https:\/\/svetslik.si\/wp-content\/uploads\/2023\/02\/20230228_153505-600x338.jpg 600w, https:\/\/svetslik.si\/wp-content\/uploads\/2023\/02\/20230228_153505-300x169.jpg 300w, https:\/\/svetslik.si\/wp-content\/uploads\/2023\/02\/20230228_153505-768x432.jpg 768w, https:\/\/svetslik.si\/wp-content\/uploads\/2023\/02\/20230228_153505-18x10.jpg 18w, https:\/\/svetslik.si\/wp-content\/uploads\/2023\/02\/20230228_153505-150x84.jpg 150w, https:\/\/svetslik.si\/wp-content\/uploads\/2023\/02\/20230228_153505-900x507.jpg 900w\" sizes=\"(max-width: 1000px) 100vw, 1000px\" \/>\t\t\t\t<\/div>\n\t\t\t\t\t\t\t\t\t\t\t<\/div>\n\t<\/div>\n  [\/vc_column][\/vc_row][vc_row css=&#8221;.vc_custom_1677595232779{margin-bottom: 10px !important;}&#8221;][vc_column]\t<div class=\"et-image-331 et-image     et_image_link\">\n\t\t<div class=\"et-image-inner \">\n\t\t\t\t\t\t\t<div class=\"et-image-thumb \">\n\t\t\t\t\t<img decoding=\"async\" width=\"1000\" height=\"563\" src=\"https:\/\/svetslik.si\/wp-content\/uploads\/2023\/02\/20230228_153512.jpg\" class=\"attachment-full\" alt=\"Zidne slike - Japanske tre\u0161nje VIII\" title=\"Zidne slike - Japanske tre\u0161nje VIII\" srcset=\"https:\/\/svetslik.si\/wp-content\/uploads\/2023\/02\/20230228_153512.jpg 1000w, https:\/\/svetslik.si\/wp-content\/uploads\/2023\/02\/20230228_153512-600x338.jpg 600w, https:\/\/svetslik.si\/wp-content\/uploads\/2023\/02\/20230228_153512-300x169.jpg 300w, https:\/\/svetslik.si\/wp-content\/uploads\/2023\/02\/20230228_153512-768x432.jpg 768w, https:\/\/svetslik.si\/wp-content\/uploads\/2023\/02\/20230228_153512-18x10.jpg 18w, https:\/\/svetslik.si\/wp-content\/uploads\/2023\/02\/20230228_153512-150x84.jpg 150w, https:\/\/svetslik.si\/wp-content\/uploads\/2023\/02\/20230228_153512-900x507.jpg 900w\" sizes=\"(max-width: 1000px) 100vw, 1000px\" \/>\t\t\t\t<\/div>\n\t\t\t\t\t\t\t\t\t\t\t<\/div>\n\t<\/div>\n  [\/vc_column][\/vc_row][vc_row][vc_column][vc_column_text]\n<div id=\"about\" style=\"display: block;\">\n<div id=\"about\" style=\"display: block;\">\n<p>Celotna dimenzija slike: 120 cm x 50 cm (3 x 40 cm x 50 cm)<\/p>\n<p>Celotna dimenzija slike: 150 cm x\u00a065 cm (3 x\u00a050 cm x\u00a065 cm)<\/p>\n<p>Celotna dimenzija slike:\u00a0180 cm x\u00a080 cm (3 x 60 cm x\u00a080 cm)<\/p>\n<\/div>","protected":false},"excerpt":{"rendered":"<p>[vc_row css=&#8221;.vc_custom_1677595232779{margin-bottom: 10px !important;}&#8221;][vc_column][\/vc_column][\/vc_row][vc_row css=&#8221;.vc_custom_1677595232779{margin-bottom: 10px !important;}&#8221;][vc_column][\/vc_column][\/vc_row][vc_row][vc_column][vc_column_text] Celotna dimenzija slike: 120 cm x 50 cm (3 x 40 cm x 50 cm) Celotna dimenzija slike: 150 cm x\u00a065 cm (3 x\u00a050 cm x\u00a065 cm) Celotna dimenzija slike:\u00a0180 cm x\u00a080 cm (3 x 60 cm x\u00a080 cm)<\/p>\n","protected":false},"featured_media":22141,"template":"","meta":{"_acf_changed":false},"product_brand":[],"product_cat":[3385],"product_tag":[3399,3405,3408,3409,3412,3410,3417,3415],"class_list":{"0":"post-33339","1":"product","2":"type-product","3":"status-publish","4":"has-post-thumbnail","6":"product_cat-slike-na-platnu-visedijelne","7":"product_tag-apstraktne-slike","8":"product_tag-moderne-slike-hr","9":"product_tag-prodaja-slika","10":"product_tag-slike-na-platnu-hr","11":"product_tag-slike-za-dnevni-boravak-hr","12":"product_tag-slike-za-dnevni-boravak","13":"product_tag-visedijelne-slike","14":"product_tag-zidne-slike","15":"pa_dimenzija-120-x-50-cm-hr","16":"pa_dimenzija-150-x-65-cm-hr","17":"pa_dimenzija-180-x-80-cm-hr","18":"pa_oblika-horizontalno","19":"pa_okvir-bez-okvira","20":"pa_pod-okvir-ukljuceno-u-cjenu","21":"pa_podokvir-bez-podokvira","22":"pa_podokvir-sa-podokvirom","24":"first","25":"instock","26":"purchasable","27":"product-type-variable","28":"has-default-attributes"},"acf":[],"yoast_head":"<!-- This site is optimized with the Yoast SEO Premium plugin v26.0 (Yoast SEO v27.2) - https:\/\/yoast.com\/product\/yoast-seo-premium-wordpress\/ -->\n<title>Zidne slike - Japanske tre\u0161nje VIII - SVETSLIK.SI - 100% ru\u010dno naslikano<\/title>\n<meta name=\"description\" content=\"Zidne slike - Japanske tre\u0161nje VIII - 100 % ru\u010dno naslikane umjetni\u010dke zidne slike na platnu. Prodaja reprodukcija poznatih slikara, izrada slika po naru\u0111bi i okviri za slike.\" \/>\n<meta name=\"robots\" content=\"index, follow, max-snippet:-1, max-image-preview:large, max-video-preview:-1\" \/>\n<link rel=\"canonical\" href=\"https:\/\/svetslik.si\/hr\/slike-na-platnu-visedijelne\/zidne-slike-japanske-tresnje-viii\/\" \/>\n<meta property=\"og:locale\" content=\"hr_HR\" \/>\n<meta property=\"og:type\" content=\"article\" \/>\n<meta property=\"og:title\" content=\"Zidne slike - Japanske tre\u0161nje VIII\" \/>\n<meta property=\"og:description\" content=\"100% ro\u010dno naslikane slike na platnu, reprodukcije znanih slikarjev in umetni\u0161ke slike po naro\u010dilu.\" \/>\n<meta property=\"og:url\" content=\"https:\/\/svetslik.si\/hr\/slike-na-platnu-visedijelne\/zidne-slike-japanske-tresnje-viii\/\" \/>\n<meta property=\"og:site_name\" content=\"SVETSLIK.SI\" \/>\n<meta property=\"article:publisher\" content=\"https:\/\/www.facebook.com\/svetslik.si\" \/>\n<meta property=\"article:modified_time\" content=\"2026-03-22T13:48:46+00:00\" \/>\n<meta property=\"og:image\" content=\"https:\/\/svetslik.si\/wp-content\/uploads\/2023\/02\/stenske-slike-japonske-cesnje-8.png\" \/>\n\t<meta property=\"og:image:width\" content=\"1000\" \/>\n\t<meta property=\"og:image:height\" content=\"394\" \/>\n\t<meta property=\"og:image:type\" content=\"image\/png\" \/>\n<meta name=\"twitter:card\" content=\"summary_large_image\" \/>\n<meta name=\"twitter:site\" content=\"@svetslik\" \/>\n<meta name=\"twitter:label1\" content=\"Availability\" \/>\n\t<meta name=\"twitter:data1\" content=\"Na zalihi\" \/>\n<script type=\"application\/ld+json\" class=\"yoast-schema-graph\">{\"@context\":\"https:\/\/schema.org\",\"@graph\":[{\"@type\":[\"WebPage\",\"ItemPage\"],\"@id\":\"https:\/\/svetslik.si\/hr\/slike-na-platnu-visedijelne\/zidne-slike-japanske-tresnje-viii\/\",\"url\":\"https:\/\/svetslik.si\/hr\/slike-na-platnu-visedijelne\/zidne-slike-japanske-tresnje-viii\/\",\"name\":\"Zidne slike - Japanske tre\u0161nje VIII - SVETSLIK.SI - 100% ru\u010dno naslikano\",\"isPartOf\":{\"@id\":\"https:\/\/svetslik.si\/hr\/#website\"},\"primaryImageOfPage\":{\"@id\":\"https:\/\/svetslik.si\/hr\/slike-na-platnu-visedijelne\/zidne-slike-japanske-tresnje-viii\/#primaryimage\"},\"image\":{\"@id\":\"https:\/\/svetslik.si\/hr\/slike-na-platnu-visedijelne\/zidne-slike-japanske-tresnje-viii\/#primaryimage\"},\"thumbnailUrl\":\"https:\/\/svetslik.si\/wp-content\/uploads\/2023\/02\/stenske-slike-japonske-cesnje-8.png\",\"datePublished\":\"2023-02-28T14:39:22+00:00\",\"dateModified\":\"2026-03-22T13:48:46+00:00\",\"description\":\"Zidne slike - Japanske tre\u0161nje VIII - 100 % ru\u010dno naslikane umjetni\u010dke zidne slike na platnu. Prodaja reprodukcija poznatih slikara, izrada slika po naru\u0111bi i okviri za slike.\",\"breadcrumb\":{\"@id\":\"https:\/\/svetslik.si\/hr\/slike-na-platnu-visedijelne\/zidne-slike-japanske-tresnje-viii\/#breadcrumb\"},\"inLanguage\":\"hr\",\"potentialAction\":[{\"@type\":\"ReadAction\",\"target\":[\"https:\/\/svetslik.si\/hr\/slike-na-platnu-visedijelne\/zidne-slike-japanske-tresnje-viii\/\"]}]},{\"@type\":\"ImageObject\",\"inLanguage\":\"hr\",\"@id\":\"https:\/\/svetslik.si\/hr\/slike-na-platnu-visedijelne\/zidne-slike-japanske-tresnje-viii\/#primaryimage\",\"url\":\"https:\/\/svetslik.si\/wp-content\/uploads\/2023\/02\/stenske-slike-japonske-cesnje-8.png\",\"contentUrl\":\"https:\/\/svetslik.si\/wp-content\/uploads\/2023\/02\/stenske-slike-japonske-cesnje-8.png\",\"width\":1000,\"height\":394,\"caption\":\"Zidne slike - Japanske tre\u0161nje VIII\"},{\"@type\":\"BreadcrumbList\",\"@id\":\"https:\/\/svetslik.si\/hr\/slike-na-platnu-visedijelne\/zidne-slike-japanske-tresnje-viii\/#breadcrumb\",\"itemListElement\":[{\"@type\":\"ListItem\",\"position\":1,\"name\":\"Umjetni\u010dke zidne slike na platnu\",\"item\":\"https:\/\/svetslik.si\/hr\/\"},{\"@type\":\"ListItem\",\"position\":2,\"name\":\"Prodaja slika\",\"item\":\"https:\/\/svetslik.si\/prodaja-slik\/\"},{\"@type\":\"ListItem\",\"position\":3,\"name\":\"Zidne slike &#8211; Japanske tre\u0161nje VIII\"}]},{\"@type\":\"WebSite\",\"@id\":\"https:\/\/svetslik.si\/hr\/#website\",\"url\":\"https:\/\/svetslik.si\/hr\/\",\"name\":\"SVETSLIK.SI\",\"description\":\"100% ru\u010dno naslikane reprodukcije slika poznatih slikara in umjetni\u010dke zidne slike na platnu.\",\"publisher\":{\"@id\":\"https:\/\/svetslik.si\/hr\/#organization\"},\"potentialAction\":[{\"@type\":\"SearchAction\",\"target\":{\"@type\":\"EntryPoint\",\"urlTemplate\":\"https:\/\/svetslik.si\/hr\/?s={search_term_string}\"},\"query-input\":{\"@type\":\"PropertyValueSpecification\",\"valueRequired\":true,\"valueName\":\"search_term_string\"}}],\"inLanguage\":\"hr\"},{\"@type\":\"Organization\",\"@id\":\"https:\/\/svetslik.si\/hr\/#organization\",\"name\":\"SvetSlik.si\",\"url\":\"https:\/\/svetslik.si\/hr\/\",\"logo\":{\"@type\":\"ImageObject\",\"inLanguage\":\"hr\",\"@id\":\"https:\/\/svetslik.si\/hr\/#\/schema\/logo\/image\/\",\"url\":\"https:\/\/svetslik.si\/wp-content\/uploads\/2020\/12\/logo-512.png\",\"contentUrl\":\"https:\/\/svetslik.si\/wp-content\/uploads\/2020\/12\/logo-512.png\",\"width\":512,\"height\":512,\"caption\":\"SvetSlik.si\"},\"image\":{\"@id\":\"https:\/\/svetslik.si\/hr\/#\/schema\/logo\/image\/\"},\"sameAs\":[\"https:\/\/www.facebook.com\/svetslik.si\",\"https:\/\/x.com\/svetslik\",\"https:\/\/www.instagram.com\/svetslik.si\/\",\"https:\/\/www.linkedin.com\/company\/svetslik-si\"]}]}<\/script>\n<meta property=\"og:availability\" content=\"instock\" \/>\n<meta property=\"product:availability\" content=\"instock\" \/>\n<meta property=\"product:retailer_item_id\" content=\"902__-1\" \/>\n<meta property=\"product:condition\" content=\"new\" \/>\n<!-- \/ Yoast SEO Premium plugin. -->","yoast_head_json":{"title":"Zidne slike - Japanske tre\u0161nje VIII - SVETSLIK.SI - 100% ru\u010dno naslikano","description":"Zidne slike - Japanske tre\u0161nje VIII - 100 % ru\u010dno naslikane umjetni\u010dke zidne slike na platnu. Prodaja reprodukcija poznatih slikara, izrada slika po naru\u0111bi i okviri za slike.","robots":{"index":"index","follow":"follow","max-snippet":"max-snippet:-1","max-image-preview":"max-image-preview:large","max-video-preview":"max-video-preview:-1"},"canonical":"https:\/\/svetslik.si\/hr\/slike-na-platnu-visedijelne\/zidne-slike-japanske-tresnje-viii\/","og_locale":"hr_HR","og_type":"article","og_title":"Zidne slike - Japanske tre\u0161nje VIII","og_description":"100% ro\u010dno naslikane slike na platnu, reprodukcije znanih slikarjev in umetni\u0161ke slike po naro\u010dilu.","og_url":"https:\/\/svetslik.si\/hr\/slike-na-platnu-visedijelne\/zidne-slike-japanske-tresnje-viii\/","og_site_name":"SVETSLIK.SI","article_publisher":"https:\/\/www.facebook.com\/svetslik.si","article_modified_time":"2026-03-22T13:48:46+00:00","og_image":[{"width":1000,"height":394,"url":"https:\/\/svetslik.si\/wp-content\/uploads\/2023\/02\/stenske-slike-japonske-cesnje-8.png","type":"image\/png"}],"twitter_card":"summary_large_image","twitter_site":"@svetslik","twitter_misc":{"Availability":"Na zalihi"},"schema":{"@context":"https:\/\/schema.org","@graph":[{"@type":["WebPage","ItemPage"],"@id":"https:\/\/svetslik.si\/hr\/slike-na-platnu-visedijelne\/zidne-slike-japanske-tresnje-viii\/","url":"https:\/\/svetslik.si\/hr\/slike-na-platnu-visedijelne\/zidne-slike-japanske-tresnje-viii\/","name":"Zidne slike - Japanske tre\u0161nje VIII - SVETSLIK.SI - 100% ru\u010dno naslikano","isPartOf":{"@id":"https:\/\/svetslik.si\/hr\/#website"},"primaryImageOfPage":{"@id":"https:\/\/svetslik.si\/hr\/slike-na-platnu-visedijelne\/zidne-slike-japanske-tresnje-viii\/#primaryimage"},"image":{"@id":"https:\/\/svetslik.si\/hr\/slike-na-platnu-visedijelne\/zidne-slike-japanske-tresnje-viii\/#primaryimage"},"thumbnailUrl":"https:\/\/svetslik.si\/wp-content\/uploads\/2023\/02\/stenske-slike-japonske-cesnje-8.png","datePublished":"2023-02-28T14:39:22+00:00","dateModified":"2026-03-22T13:48:46+00:00","description":"Zidne slike - Japanske tre\u0161nje VIII - 100 % ru\u010dno naslikane umjetni\u010dke zidne slike na platnu. Prodaja reprodukcija poznatih slikara, izrada slika po naru\u0111bi i okviri za slike.","breadcrumb":{"@id":"https:\/\/svetslik.si\/hr\/slike-na-platnu-visedijelne\/zidne-slike-japanske-tresnje-viii\/#breadcrumb"},"inLanguage":"hr","potentialAction":[{"@type":"ReadAction","target":["https:\/\/svetslik.si\/hr\/slike-na-platnu-visedijelne\/zidne-slike-japanske-tresnje-viii\/"]}]},{"@type":"ImageObject","inLanguage":"hr","@id":"https:\/\/svetslik.si\/hr\/slike-na-platnu-visedijelne\/zidne-slike-japanske-tresnje-viii\/#primaryimage","url":"https:\/\/svetslik.si\/wp-content\/uploads\/2023\/02\/stenske-slike-japonske-cesnje-8.png","contentUrl":"https:\/\/svetslik.si\/wp-content\/uploads\/2023\/02\/stenske-slike-japonske-cesnje-8.png","width":1000,"height":394,"caption":"Zidne slike - Japanske tre\u0161nje VIII"},{"@type":"BreadcrumbList","@id":"https:\/\/svetslik.si\/hr\/slike-na-platnu-visedijelne\/zidne-slike-japanske-tresnje-viii\/#breadcrumb","itemListElement":[{"@type":"ListItem","position":1,"name":"Umjetni\u010dke zidne slike na platnu","item":"https:\/\/svetslik.si\/hr\/"},{"@type":"ListItem","position":2,"name":"Prodaja slika","item":"https:\/\/svetslik.si\/prodaja-slik\/"},{"@type":"ListItem","position":3,"name":"Zidne slike &#8211; Japanske tre\u0161nje VIII"}]},{"@type":"WebSite","@id":"https:\/\/svetslik.si\/hr\/#website","url":"https:\/\/svetslik.si\/hr\/","name":"SVETSLIK.SI","description":"100% ru\u010dno naslikane reprodukcije slika poznatih slikara in umjetni\u010dke zidne slike na platnu.","publisher":{"@id":"https:\/\/svetslik.si\/hr\/#organization"},"potentialAction":[{"@type":"SearchAction","target":{"@type":"EntryPoint","urlTemplate":"https:\/\/svetslik.si\/hr\/?s={search_term_string}"},"query-input":{"@type":"PropertyValueSpecification","valueRequired":true,"valueName":"search_term_string"}}],"inLanguage":"hr"},{"@type":"Organization","@id":"https:\/\/svetslik.si\/hr\/#organization","name":"SvetSlik.si","url":"https:\/\/svetslik.si\/hr\/","logo":{"@type":"ImageObject","inLanguage":"hr","@id":"https:\/\/svetslik.si\/hr\/#\/schema\/logo\/image\/","url":"https:\/\/svetslik.si\/wp-content\/uploads\/2020\/12\/logo-512.png","contentUrl":"https:\/\/svetslik.si\/wp-content\/uploads\/2020\/12\/logo-512.png","width":512,"height":512,"caption":"SvetSlik.si"},"image":{"@id":"https:\/\/svetslik.si\/hr\/#\/schema\/logo\/image\/"},"sameAs":["https:\/\/www.facebook.com\/svetslik.si","https:\/\/x.com\/svetslik","https:\/\/www.instagram.com\/svetslik.si\/","https:\/\/www.linkedin.com\/company\/svetslik-si"]}]},"og_availability":"instock","product_availability":"instock","product_retailer_item_id":"902__-1","product_condition":"new"},"jetpack_sharing_enabled":true,"_links":{"self":[{"href":"https:\/\/svetslik.si\/hr\/wp-json\/wp\/v2\/product\/33339","targetHints":{"allow":["GET"]}}],"collection":[{"href":"https:\/\/svetslik.si\/hr\/wp-json\/wp\/v2\/product"}],"about":[{"href":"https:\/\/svetslik.si\/hr\/wp-json\/wp\/v2\/types\/product"}],"wp:featuredmedia":[{"embeddable":true,"href":"https:\/\/svetslik.si\/hr\/wp-json\/wp\/v2\/media\/22141"}],"wp:attachment":[{"href":"https:\/\/svetslik.si\/hr\/wp-json\/wp\/v2\/media?parent=33339"}],"wp:term":[{"taxonomy":"product_brand","embeddable":true,"href":"https:\/\/svetslik.si\/hr\/wp-json\/wp\/v2\/product_brand?post=33339"},{"taxonomy":"product_cat","embeddable":true,"href":"https:\/\/svetslik.si\/hr\/wp-json\/wp\/v2\/product_cat?post=33339"},{"taxonomy":"product_tag","embeddable":true,"href":"https:\/\/svetslik.si\/hr\/wp-json\/wp\/v2\/product_tag?post=33339"}],"curies":[{"name":"wp","href":"https:\/\/api.w.org\/{rel}","templated":true}]}}